{"id":10901,"date":"2024-02-29T17:17:12","date_gmt":"2024-02-29T16:17:12","guid":{"rendered":"https:\/\/www.klasmeier.com\/?post_type=product&#038;p=10901"},"modified":"2025-12-04T12:49:15","modified_gmt":"2025-12-04T11:49:15","slug":"typ-r-typ-s-temperaturdifferens-termoelement-0-c-1200-c","status":"publish","type":"product","link":"https:\/\/www.klasmeier.com\/sv\/produkt\/typ-r-typ-s-temperaturdifferens-termoelement-0-c-1200-c\/","title":{"rendered":"Typ R \/ Typ S Temperaturdifferens-termoelement (0 \u00b0C \u2026 1200 \u00b0C)"},"content":{"rendered":"\n<div class=\"wp-block-group has-global-padding is-layout-constrained wp-container-core-group-is-layout-530ec779 wp-block-group-is-layout-constrained\">\n<figure class=\"wp-block-image aligncenter size-full\"><img loading=\"lazy\" decoding=\"async\" width=\"310\" height=\"89\" src=\"https:\/\/www.klasmeier.com\/wp-content\/uploads\/exacal.png\" alt=\"\" class=\"wp-image-10784\" srcset=\"https:\/\/www.klasmeier.com\/wp-content\/uploads\/exacal.png 310w, https:\/\/www.klasmeier.com\/wp-content\/uploads\/exacal-300x86.png 300w\" sizes=\"auto, (max-width: 310px) 100vw, 310px\" \/><\/figure>\n\n\n\n<div class=\"wp-block-columns is-layout-flex wp-container-core-columns-is-layout-28f84493 wp-block-columns-is-layout-flex\">\n<div class=\"wp-block-column is-layout-flow wp-block-column-is-layout-flow\" style=\"flex-basis:66.66%\">\n<p>Temperaturdifferens-termoelement i \u00e4delmetall (Typ R eller Typ S) f\u00f6r best\u00e4mning av vertikala temperaturgradienter.<\/p>\n\n\n\n<div class=\"wp-block-group is-vertical is-layout-flex wp-container-core-group-is-layout-893838bc wp-block-group-is-layout-flex\" style=\"padding-top:var(--wp--preset--spacing--10);padding-bottom:var(--wp--preset--spacing--10)\">\n<p><mark style=\"background-color:rgba(0, 0, 0, 0)\" class=\"has-inline-color has-accent-3-color\"><i class=\"fas fa-circle-check\"><\/i><\/mark> <strong>Temperaturdifferensm\u00e4tning upp till 1200 \u00b0C<\/strong>&nbsp;<\/p>\n\n\n\n<p><mark style=\"background-color:rgba(0, 0, 0, 0)\" class=\"has-inline-color has-accent-3-color\"><i class=\"fas fa-circle-check\"><\/i><\/mark> Best\u00e4mning av<strong> <strong>vertikala temperaturgradienter<\/strong><\/strong><\/p>\n\n\n\n<p><mark style=\"background-color:rgba(0, 0, 0, 0)\" class=\"has-inline-color has-accent-3-color\"><i class=\"fas fa-circle-check\"><\/i><\/mark> samma <strong>h\u00f6gkvalitativa termomaterial<\/strong> som anv\u00e4nds i standardtermoelement<\/p>\n<\/div>\n\n\n\n<p>Termoelementet f\u00f6r temperaturdifferensm\u00e4tning \u00e4r ett praktiskt hj\u00e4lpmedel i det dagliga laboratoriearbetet. Termometern underl\u00e4ttar vid:<\/p>\n<\/div>\n\n\n\n<div class=\"wp-block-column is-layout-flow wp-block-column-is-layout-flow\" style=\"flex-basis:33.33%\">\n<figure class=\"wp-block-image size-medium\"><img loading=\"lazy\" decoding=\"async\" width=\"300\" height=\"300\" src=\"https:\/\/www.klasmeier.com\/wp-content\/uploads\/klasmeier_EU_Precision_Thermometry_transparent-300x300.webp\" alt=\"\" class=\"wp-image-13165\" srcset=\"https:\/\/www.klasmeier.com\/wp-content\/uploads\/klasmeier_EU_Precision_Thermometry_transparent-300x300.webp 300w, https:\/\/www.klasmeier.com\/wp-content\/uploads\/klasmeier_EU_Precision_Thermometry_transparent-150x150.webp 150w, https:\/\/www.klasmeier.com\/wp-content\/uploads\/klasmeier_EU_Precision_Thermometry_transparent-768x768.webp 768w, https:\/\/www.klasmeier.com\/wp-content\/uploads\/klasmeier_EU_Precision_Thermometry_transparent-600x600.webp 600w, https:\/\/www.klasmeier.com\/wp-content\/uploads\/klasmeier_EU_Precision_Thermometry_transparent-100x100.webp 100w, https:\/\/www.klasmeier.com\/wp-content\/uploads\/klasmeier_EU_Precision_Thermometry_transparent.webp 1024w\" sizes=\"auto, (max-width: 300px) 100vw, 300px\" \/><\/figure>\n<\/div>\n<\/div>\n\n\n\n<div class=\"wp-block-group is-vertical is-layout-flex wp-container-core-group-is-layout-893838bc wp-block-group-is-layout-flex\" style=\"padding-top:var(--wp--preset--spacing--10);padding-bottom:var(--wp--preset--spacing--10)\">\n<p><mark style=\"background-color:rgba(0, 0, 0, 0)\" class=\"has-inline-color has-accent-3-color\"><i class=\"fas fa-circle-check\"><\/i><\/mark> <strong>Best\u00e4mning av vertikala temperaturgradienter<\/strong><br>Vertikala temperaturgradienter m\u00e5ste inkluderas i m\u00e4tos\u00e4kerhetsbudgeten vid kalibrering (t.ex. enligt DKD-R 5-4 \u201dKalibrering av blockkalibratorer\u201d, DKD-R 5-3 \u201dKalibrering av termoelement\u201d eller DKD-R 5-1 \u201dKalibrering av motst\u00e5ndstermometrar\u201d).<\/p>\n\n\n\n<p><mark style=\"background-color:rgba(0, 0, 0, 0)\" class=\"has-inline-color has-accent-3-color\"><i class=\"fas fa-circle-check\"><\/i><\/mark> <strong>Optimering av kalibreringsugnar<\/strong><br>Vid optimering av v\u00e4rmezoner i kalibreringsugnar, s\u00e5som <a href=\"https:\/\/www.klasmeier.com\/produkt\/3-zonen-hochtemperatur-kalibrierofen\/\">3-zons h\u00f6gtemperaturkalibreringsugn<\/a> eller <a href=\"https:\/\/www.klasmeier.com\/produkt\/kalibrierofen-511\/\">Kalibreringsugn Medusa 511<\/a>, kr\u00e4vs exakta temperaturdifferensm\u00e4tningar.<\/p>\n<\/div>\n\n\n\n<p>Det best\u00e5r av tv\u00e5 sammankopplade Typ R- eller Typ S-termoelement, tillverkade av samma h\u00f6gkvalitativa termomaterial som v\u00e5ra standardtermoelement. Denna koppling m\u00f6jligg\u00f6r en temperaturdifferensm\u00e4tning.<\/p>\n\n\n\n<figure class=\"wp-block-image size-full\"><img loading=\"lazy\" decoding=\"async\" width=\"900\" height=\"200\" src=\"https:\/\/www.klasmeier.com\/wp-content\/uploads\/eXacal_Differenz-Thermoelement.png\" alt=\"\" class=\"wp-image-4899\" srcset=\"https:\/\/www.klasmeier.com\/wp-content\/uploads\/eXacal_Differenz-Thermoelement.png 900w, https:\/\/www.klasmeier.com\/wp-content\/uploads\/eXacal_Differenz-Thermoelement-300x67.png 300w, https:\/\/www.klasmeier.com\/wp-content\/uploads\/eXacal_Differenz-Thermoelement-768x171.png 768w, https:\/\/www.klasmeier.com\/wp-content\/uploads\/eXacal_Differenz-Thermoelement-600x133.png 600w\" sizes=\"auto, (max-width: 900px) 100vw, 900px\" \/><figcaption class=\"wp-element-caption\">Schematisk illustration: tv\u00e5 sammankopplade termoelement<\/figcaption><\/figure>\n\n\n\n<p>Termometern har en 500 mm l\u00e5ng m\u00e4tpunkt, vilket m\u00f6jligg\u00f6r best\u00e4mning av absolut avvikelse vid silverfixpunkten. F\u00f6r att kunna anv\u00e4nda termoelementet f\u00f6r temperaturdifferensm\u00e4tning vid varierande neds\u00e4nkningsdjup genomf\u00f6rs \u00e4ven en inhomogenitetsskanning.<br><a href=\"http:\/\/www.temperaturblog.de\/2016\/08\/10\/inhomogenitaeten-scan-von-thermoelementen\/\" target=\"_blank\" rel=\"noreferrer noopener\">L\u00e4s mer &#8211; Temperaturblogg: Inhomogenitetsskanning av termoelement \u2192<\/a><\/p>\n<\/div>\n","protected":false},"excerpt":{"rendered":"<p>Tillverkare: Klasmeier \/ eXacal Modell: Typ R\/Typ S Differenstermoelement<\/p>\n","protected":false},"featured_media":11226,"template":"","meta":[],"product_brand":[],"product_cat":[],"product_tag":[],"class_list":{"0":"post-10901","1":"product","2":"type-product","3":"status-publish","4":"has-post-thumbnail","7":"first","8":"instock","9":"shipping-taxable","10":"purchasable","11":"product-type-simple"},"_links":{"self":[{"href":"https:\/\/www.klasmeier.com\/sv\/wp-json\/wp\/v2\/product\/10901","targetHints":{"allow":["GET"]}}],"collection":[{"href":"https:\/\/www.klasmeier.com\/sv\/wp-json\/wp\/v2\/product"}],"about":[{"href":"https:\/\/www.klasmeier.com\/sv\/wp-json\/wp\/v2\/types\/product"}],"wp:featuredmedia":[{"embeddable":true,"href":"https:\/\/www.klasmeier.com\/sv\/wp-json\/wp\/v2\/media\/11226"}],"wp:attachment":[{"href":"https:\/\/www.klasmeier.com\/sv\/wp-json\/wp\/v2\/media?parent=10901"}],"wp:term":[{"taxonomy":"product_brand","embeddable":true,"href":"https:\/\/www.klasmeier.com\/sv\/wp-json\/wp\/v2\/product_brand?post=10901"},{"taxonomy":"product_cat","embeddable":true,"href":"https:\/\/www.klasmeier.com\/sv\/wp-json\/wp\/v2\/product_cat?post=10901"},{"taxonomy":"product_tag","embeddable":true,"href":"https:\/\/www.klasmeier.com\/sv\/wp-json\/wp\/v2\/product_tag?post=10901"}],"curies":[{"name":"wp","href":"https:\/\/api.w.org\/{rel}","templated":true}]}}