{"id":10886,"date":"2024-02-29T17:17:13","date_gmt":"2024-02-29T16:17:13","guid":{"rendered":"https:\/\/www.klasmeier.com\/?post_type=product&#038;p=10886"},"modified":"2025-12-04T12:45:14","modified_gmt":"2025-12-04T11:45:14","slug":"typ-r-industriellt-referens-termoelement-0-c-till-1200-c","status":"publish","type":"product","link":"https:\/\/www.klasmeier.com\/sv\/produkt\/typ-r-industriellt-referens-termoelement-0-c-till-1200-c\/","title":{"rendered":"Typ R Industriellt Referens-Termoelement 0 \u00b0C till 1200 \u00b0C"},"content":{"rendered":"\n<div class=\"wp-block-group has-global-padding is-layout-constrained wp-container-core-group-is-layout-530ec779 wp-block-group-is-layout-constrained\">\n<figure class=\"wp-block-image aligncenter size-full\"><img loading=\"lazy\" decoding=\"async\" width=\"310\" height=\"89\" src=\"https:\/\/www.klasmeier.com\/wp-content\/uploads\/exacal.png\" alt=\"\" class=\"wp-image-10784\" srcset=\"https:\/\/www.klasmeier.com\/wp-content\/uploads\/exacal.png 310w, https:\/\/www.klasmeier.com\/wp-content\/uploads\/exacal-300x86.png 300w\" sizes=\"auto, (max-width: 310px) 100vw, 310px\" \/><\/figure>\n\n\n\n<h3 class=\"wp-block-heading alignwide\">Typ R Termoelement<\/h3>\n\n\n\n<div class=\"wp-block-columns is-layout-flex wp-container-core-columns-is-layout-28f84493 wp-block-columns-is-layout-flex\">\n<div class=\"wp-block-column is-layout-flow wp-block-column-is-layout-flow\" style=\"flex-basis:66.66%\">\n<p>Precisions-termoelement av \u00e4delmetall (Typ R termoelement). Optimerad f\u00f6r applikationer med sm\u00e5 neds\u00e4nkningsdjup, t.ex. i temperaturblockkalibratorer.<\/p>\n\n\n\n<div class=\"wp-block-group is-vertical is-layout-flex wp-container-core-group-is-layout-893838bc wp-block-group-is-layout-flex\" style=\"padding-top:var(--wp--preset--spacing--10);padding-bottom:var(--wp--preset--spacing--10)\">\n<p><mark style=\"background-color:rgba(0, 0, 0, 0)\" class=\"has-inline-color has-accent-3-color\"><i class=\"fas fa-circle-check\"><\/i><\/mark> industriellt Typ R termoelement&nbsp;<\/p>\n\n\n\n<p><mark style=\"background-color:rgba(0, 0, 0, 0)\" class=\"has-inline-color has-accent-3-color\"><i class=\"fas fa-circle-check\"><\/i><\/mark> <strong>optimerad f\u00f6r applikationer med sm\u00e5 neds\u00e4nkningsdjup<\/strong><\/p>\n\n\n\n<p><mark style=\"background-color:rgba(0, 0, 0, 0)\" class=\"has-inline-color has-accent-3-color\"><i class=\"fas fa-circle-check\"><\/i><\/mark> l\u00e5g inhomogenitet genom termiskt behandlade termotr\u00e5dar<\/p>\n\n\n\n<p><mark style=\"background-color:rgba(0, 0, 0, 0)\" class=\"has-inline-color has-accent-3-color\"><i class=\"fas fa-circle-check\"><\/i><\/mark> tunn m\u00e4tpunkt f\u00f6r <strong>snabba svarstider<\/strong><\/p>\n\n\n\n<p><mark style=\"background-color:rgba(0, 0, 0, 0)\" class=\"has-inline-color has-accent-3-color\"><i class=\"fas fa-circle-check\"><\/i><\/mark> <strong>idealisk f\u00f6r industriellt bruk, t.ex. i blockkalibratorer&nbsp;<\/strong><\/p>\n<\/div>\n<\/div>\n\n\n\n<div class=\"wp-block-column is-layout-flow wp-block-column-is-layout-flow\" style=\"flex-basis:33.33%\">\n<figure class=\"wp-block-image size-medium\"><img loading=\"lazy\" decoding=\"async\" width=\"300\" height=\"300\" src=\"https:\/\/www.klasmeier.com\/wp-content\/uploads\/klasmeier_EU_Precision_Thermometry_transparent-300x300.webp\" alt=\"\" class=\"wp-image-13165\" srcset=\"https:\/\/www.klasmeier.com\/wp-content\/uploads\/klasmeier_EU_Precision_Thermometry_transparent-300x300.webp 300w, https:\/\/www.klasmeier.com\/wp-content\/uploads\/klasmeier_EU_Precision_Thermometry_transparent-150x150.webp 150w, https:\/\/www.klasmeier.com\/wp-content\/uploads\/klasmeier_EU_Precision_Thermometry_transparent-768x768.webp 768w, https:\/\/www.klasmeier.com\/wp-content\/uploads\/klasmeier_EU_Precision_Thermometry_transparent-600x600.webp 600w, https:\/\/www.klasmeier.com\/wp-content\/uploads\/klasmeier_EU_Precision_Thermometry_transparent-100x100.webp 100w, https:\/\/www.klasmeier.com\/wp-content\/uploads\/klasmeier_EU_Precision_Thermometry_transparent.webp 1024w\" sizes=\"auto, (max-width: 300px) 100vw, 300px\" \/><\/figure>\n<\/div>\n<\/div>\n\n\n\n<p>Typ R termoelementet har utvecklats specifikt som en temperaturstandard f\u00f6r industriella kalibreringar och temperaturm\u00e4tningar. Det \u00e4r tillverkat av samma h\u00f6gkvalitativa termomaterial som <a href=\"https:\/\/2020.exacal.de\/exacal-thermometer\/praezisionsthermometer\/typ-r-typ-s-thermoelement\/\" target=\"_blank\" rel=\"noopener\">Typ R\/Typ S precisions-termoelement<\/a>. Konstruktionen av Typ R termoelementet \u00e4r dock anpassad till industriella krav.&nbsp;Exempelvis tillverkas m\u00e4tpunkten av ett mindre skyddsr\u00f6r. P\u00e5 grund av dessa kompakta m\u00e5tt kan Typ R termoelementet anv\u00e4ndas som <strong>temperaturstandard vid kalibrering med blockkalibratorer<\/strong>. En annan anpassning till industriella f\u00f6rh\u00e5llanden \u00e4r att det finns m\u00f6jlighet att v\u00e4lja bort en extern referenspunkt och ist\u00e4llet anv\u00e4nda Typ R termoelement minikontakter.&nbsp;<\/p>\n<\/div>\n\n\n\n<p>Termoelementen levereras som standard med en minikontakt av termoelementmaterial i klass 1 \u2013&nbsp;<strong>referenspunkten \u00e4r d\u00e4rmed placerad direkt vid kontakten<\/strong>, d\u00e4r \u00f6verg\u00e5ngen fr\u00e5n termoelementmaterial till koppar sker. En separat referenspunkt kr\u00e4vs inte.<\/p>\n","protected":false},"excerpt":{"rendered":"<p>Tillverkare: Klasmeier \/ eXacal Modell: KK-167<\/p>\n","protected":false},"featured_media":11781,"template":"","meta":[],"product_brand":[],"product_cat":[],"product_tag":[],"class_list":{"0":"post-10886","1":"product","2":"type-product","3":"status-publish","4":"has-post-thumbnail","7":"first","8":"instock","9":"shipping-taxable","10":"purchasable","11":"product-type-simple"},"_links":{"self":[{"href":"https:\/\/www.klasmeier.com\/sv\/wp-json\/wp\/v2\/product\/10886","targetHints":{"allow":["GET"]}}],"collection":[{"href":"https:\/\/www.klasmeier.com\/sv\/wp-json\/wp\/v2\/product"}],"about":[{"href":"https:\/\/www.klasmeier.com\/sv\/wp-json\/wp\/v2\/types\/product"}],"wp:featuredmedia":[{"embeddable":true,"href":"https:\/\/www.klasmeier.com\/sv\/wp-json\/wp\/v2\/media\/11781"}],"wp:attachment":[{"href":"https:\/\/www.klasmeier.com\/sv\/wp-json\/wp\/v2\/media?parent=10886"}],"wp:term":[{"taxonomy":"product_brand","embeddable":true,"href":"https:\/\/www.klasmeier.com\/sv\/wp-json\/wp\/v2\/product_brand?post=10886"},{"taxonomy":"product_cat","embeddable":true,"href":"https:\/\/www.klasmeier.com\/sv\/wp-json\/wp\/v2\/product_cat?post=10886"},{"taxonomy":"product_tag","embeddable":true,"href":"https:\/\/www.klasmeier.com\/sv\/wp-json\/wp\/v2\/product_tag?post=10886"}],"curies":[{"name":"wp","href":"https:\/\/api.w.org\/{rel}","templated":true}]}}