{"id":10842,"date":"2024-02-29T17:17:13","date_gmt":"2024-02-29T16:17:13","guid":{"rendered":"https:\/\/www.klasmeier.com\/?post_type=product&#038;p=10842"},"modified":"2025-12-04T12:22:29","modified_gmt":"2025-12-04T11:22:29","slug":"pt100-modell-h-hoghogtemperatur-precisionstermometer-100-c-till-660-c","status":"publish","type":"product","link":"https:\/\/www.klasmeier.com\/sv\/produkt\/pt100-modell-h-hoghogtemperatur-precisionstermometer-100-c-till-660-c\/","title":{"rendered":"Pt100 Modell H H\u00f6gh\u00f6gtemperatur-Precisionstermometer (-100 \u00b0C till 660 \u00b0C)"},"content":{"rendered":"\n<div class=\"wp-block-group has-global-padding is-layout-constrained wp-container-core-group-is-layout-530ec779 wp-block-group-is-layout-constrained\">\n<figure class=\"wp-block-image aligncenter size-full\"><img loading=\"lazy\" decoding=\"async\" width=\"310\" height=\"89\" src=\"https:\/\/www.klasmeier.com\/wp-content\/uploads\/exacal.png\" alt=\"\" class=\"wp-image-10784\" srcset=\"https:\/\/www.klasmeier.com\/wp-content\/uploads\/exacal.png 310w, https:\/\/www.klasmeier.com\/wp-content\/uploads\/exacal-300x86.png 300w\" sizes=\"auto, (max-width: 310px) 100vw, 310px\" \/><\/figure>\n\n\n\n<div class=\"wp-block-columns is-layout-flex wp-container-core-columns-is-layout-28f84493 wp-block-columns-is-layout-flex\">\n<div class=\"wp-block-column is-layout-flow wp-block-column-is-layout-flow\" style=\"flex-basis:66.66%\">\n<p>Precisionsmotst\u00e5ndstermometer Modell eXacal Pt100H. Med metallh\u00f6lje och handtillverkad 100 Ohm keramisk m\u00e4tresistor. H\u00f6gtemperatur-precisionstermometrar anv\u00e4nds f\u00f6r exakta temperaturm\u00e4tningar eller som kalibreringsnormal.<\/p>\n\n\n\n<div class=\"wp-block-group is-vertical is-layout-flex wp-container-core-group-is-layout-893838bc wp-block-group-is-layout-flex\" style=\"padding-top:var(--wp--preset--spacing--10);padding-bottom:var(--wp--preset--spacing--10)\">\n<p><mark style=\"background-color:rgba(0, 0, 0, 0)\" class=\"has-inline-color has-accent-3-color\"><i class=\"fas fa-circle-check\"><\/i><\/mark> Temperaturintervall:&nbsp;<strong>-100 \u00b0C till 660 \u00b0C<\/strong><\/p>\n\n\n\n<p><mark style=\"background-color:rgba(0, 0, 0, 0)\" class=\"has-inline-color has-accent-3-color\"><i class=\"fas fa-circle-check\"><\/i><\/mark> Sm\u00e5 m\u00e4tos\u00e4kerheter:&nbsp;<strong>6 mK och 25 mK<\/strong><\/p>\n\n\n\n<p><mark style=\"background-color:rgba(0, 0, 0, 0)\" class=\"has-inline-color has-accent-3-color\"><i class=\"fas fa-circle-check\"><\/i><\/mark> Robust alternativ till ITS-90 standard platinamotst\u00e5ndstermometrar (SPRTs)<\/p>\n\n\n\n<p><mark style=\"background-color:rgba(0, 0, 0, 0)\" class=\"has-inline-color has-accent-3-color\"><i class=\"fas fa-circle-check\"><\/i><\/mark> H\u00f6g stabilitet och god kalibreringsf\u00f6rm\u00e5ga<\/p>\n\n\n\n<p><mark style=\"background-color:rgba(0, 0, 0, 0)\" class=\"has-inline-color has-accent-3-color\"><i class=\"fas fa-circle-check\"><\/i><\/mark> <strong>Sm\u00e5 m\u00e4tos\u00e4kerheter med DAkkS kalibreringscertifikat<\/strong><\/p>\n<\/div>\n<\/div>\n\n\n\n<div class=\"wp-block-column is-layout-flow wp-block-column-is-layout-flow\" style=\"flex-basis:33.33%\">\n<figure class=\"wp-block-image size-medium\"><img loading=\"lazy\" decoding=\"async\" width=\"300\" height=\"300\" src=\"https:\/\/www.klasmeier.com\/wp-content\/uploads\/klasmeier_EU_Precision_Thermometry_transparent-300x300.webp\" alt=\"\" class=\"wp-image-13165\" srcset=\"https:\/\/www.klasmeier.com\/wp-content\/uploads\/klasmeier_EU_Precision_Thermometry_transparent-300x300.webp 300w, https:\/\/www.klasmeier.com\/wp-content\/uploads\/klasmeier_EU_Precision_Thermometry_transparent-150x150.webp 150w, https:\/\/www.klasmeier.com\/wp-content\/uploads\/klasmeier_EU_Precision_Thermometry_transparent-768x768.webp 768w, https:\/\/www.klasmeier.com\/wp-content\/uploads\/klasmeier_EU_Precision_Thermometry_transparent-600x600.webp 600w, https:\/\/www.klasmeier.com\/wp-content\/uploads\/klasmeier_EU_Precision_Thermometry_transparent-100x100.webp 100w, https:\/\/www.klasmeier.com\/wp-content\/uploads\/klasmeier_EU_Precision_Thermometry_transparent.webp 1024w\" sizes=\"auto, (max-width: 300px) 100vw, 300px\" \/><\/figure>\n<\/div>\n<\/div>\n\n\n\n<div class=\"wp-block-group has-global-padding is-layout-constrained wp-container-core-group-is-layout-b1d50903 wp-block-group-is-layout-constrained\" style=\"padding-top:var(--wp--preset--spacing--20);padding-bottom:var(--wp--preset--spacing--20)\">\n<h3 class=\"wp-block-heading\">DAkkS kalibrering vid temperaturfixpunkter<\/h3>\n\n\n\n<p>H\u00f6gtemperatur-precisionstermometrar&nbsp;kan kalibreras i v\u00e5rt eget <a href=\"https:\/\/www.klasmeier.com\/sv\/foretag\/foretagsportratt\/kalibrierdienst-klasmeier\/\">DAkkS ackrediterade kalibreringslaboratorium<\/a>. Genom DAkkS-ackrediteringen s\u00e4kerst\u00e4lls att alla kalibreringar \u00e4r sp\u00e5rbara till nationella och internationella standarder.<\/p>\n\n\n\n<p>H\u00f6gtemperatur-precisionstermometrarna \u00e4r konstruerade f\u00f6r optimal kalibrering vid temperaturfixpunkter upp till aluminiumfixpunkten. M\u00e4tos\u00e4kerheten ber\u00e4knas fr\u00e5n flera komponenter, d\u00e4r de st\u00f6rsta bidragen kommer fr\u00e5n termometerns reproducerbarhet, ITS-90-avviksfunktionen, egenuppv\u00e4rmning och hysteres hos temperatursensorn. Med parametrarna fr\u00e5n kalibreringscertifikatet kan h\u00f6gtemperatur-precisionstermometern anv\u00e4ndas med sin avvikelsefunktion inom temperaturomr\u00e5det -38 \u00b0C till 660 \u00b0C.<\/p>\n\n\n\n<div class=\"wp-block-group is-vertical is-layout-flex wp-container-core-group-is-layout-893838bc wp-block-group-is-layout-flex\" style=\"padding-top:var(--wp--preset--spacing--10);padding-bottom:var(--wp--preset--spacing--10)\">\n<p><mark style=\"background-color:rgba(0, 0, 0, 0)\" class=\"has-inline-color has-accent-3-color\"><i class=\"fas fa-circle-check\"><\/i><\/mark> <span style=\"font-size: 14pt;\"><strong>Sm\u00e5 m\u00e4tos\u00e4kerheter med DAkkS kalibreringscertifikat<\/strong><\/span><\/p>\n\n\n\n<p><mark style=\"background-color:rgba(0, 0, 0, 0)\" class=\"has-inline-color has-accent-3-color\"><i class=\"fas fa-circle-check\"><\/i><\/mark> <strong>Temperaturfixpunkter fr\u00e5n kvicksilver-trippelpunkt&nbsp;-38,8344 \u00b0C till aluminium-stelningspunkt 660,323 \u00b0C<\/strong><\/p>\n<\/div>\n\n\n\n<div class=\"wp-block-buttons is-content-justification-center is-layout-flex wp-container-core-buttons-is-layout-e511ce0b wp-block-buttons-is-layout-flex\" style=\"margin-top:var(--wp--preset--spacing--30);margin-bottom:var(--wp--preset--spacing--30)\">\n<div class=\"wp-block-button hvr-shrink\"><a class=\"wp-block-button__link wp-element-button\" href=\"https:\/\/www.klasmeier.com\/sv\/noggrann-temperaturkalibrering-fran-klasmeiers-kalibreringstjanst\/kalibrering-av-resistanstermometrar\/\">Kalibrering av motst\u00e5ndstermometrar<\/a><\/div>\n<\/div>\n<\/div>\n\n\n\n<div class=\"wp-block-group has-global-padding is-layout-constrained wp-container-core-group-is-layout-b1d50903 wp-block-group-is-layout-constrained\" style=\"padding-top:var(--wp--preset--spacing--20);padding-bottom:var(--wp--preset--spacing--20)\">\n<h3 class=\"wp-block-heading\">DAkkS m\u00e4tos\u00e4kerhet<\/h3>\n\n\n\n<figure class=\"wp-block-image alignwide size-full has-custom-border\"><img loading=\"lazy\" decoding=\"async\" width=\"1024\" height=\"585\" src=\"https:\/\/www.klasmeier.com\/wp-content\/uploads\/Pt100-Modell-H-eXacal-Klasmeier-1024x585-1.png\" alt=\"\" class=\"wp-image-4679\" style=\"border-radius:50px\" srcset=\"https:\/\/www.klasmeier.com\/wp-content\/uploads\/Pt100-Modell-H-eXacal-Klasmeier-1024x585-1.png 1024w, https:\/\/www.klasmeier.com\/wp-content\/uploads\/Pt100-Modell-H-eXacal-Klasmeier-1024x585-1-300x171.png 300w, https:\/\/www.klasmeier.com\/wp-content\/uploads\/Pt100-Modell-H-eXacal-Klasmeier-1024x585-1-768x439.png 768w, https:\/\/www.klasmeier.com\/wp-content\/uploads\/Pt100-Modell-H-eXacal-Klasmeier-1024x585-1-600x343.png 600w\" sizes=\"auto, (max-width: 1024px) 100vw, 1024px\" \/><\/figure>\n\n\n\n<div style=\"height:33px\" aria-hidden=\"true\" class=\"wp-block-spacer\"><\/div>\n\n\n\n<figure class=\"wp-block-table alignwide pttb\" style=\"font-style:normal;font-weight:400\"><table class=\"has-fixed-layout\"><thead><tr><th class=\"has-text-align-center\" data-align=\"center\"><strong>Omr\u00e5de<\/strong><\/th><th><strong>Temperaturfixpunkt<\/strong><\/th><th class=\"has-text-align-center\" data-align=\"center\"><strong>M\u00e4tos\u00e4kerhet<\/strong><\/th><\/tr><\/thead><tbody><tr><td class=\"has-text-align-center\" data-align=\"center\">-38,8344 \u00b0C \u2013 0,01 \u00b0C<\/td><td>Kvicksilver till vatten&nbsp;<\/td><td class=\"has-text-align-center\" data-align=\"center\">6 mK<\/td><\/tr><tr><td class=\"has-text-align-center\" data-align=\"center\">0,01 \u00b0C \u2013 29,7646 \u00b0C<\/td><td>Vatten till gallium<\/td><td class=\"has-text-align-center\" data-align=\"center\">6 mK<\/td><\/tr><tr><td class=\"has-text-align-center\" data-align=\"center\">0,01 \u00b0C \u2013 156,5985 \u00b0C<\/td><td>Vatten till indium<\/td><td class=\"has-text-align-center\" data-align=\"center\">10 mK<\/td><\/tr><tr><td class=\"has-text-align-center\" data-align=\"center\">0,01 \u00b0C \u2013 231,928 \u00b0C<\/td><td>Vatten till tenn<\/td><td class=\"has-text-align-center\" data-align=\"center\">11 mK<\/td><\/tr><tr><td class=\"has-text-align-center\" data-align=\"center\">0,01 \u00b0C \u2013 419,527 \u00b0C<\/td><td>Vatten till zink<\/td><td class=\"has-text-align-center\" data-align=\"center\">21 mK<\/td><\/tr><tr><td class=\"has-text-align-center\" data-align=\"center\">0,01 \u00b0C \u2013 660,323 \u00b0C<\/td><td>Vatten till aluminium<\/td><td class=\"has-text-align-center\" data-align=\"center\">25 mK<\/td><\/tr><\/tbody><\/table><figcaption class=\"wp-element-caption\">De angivna m\u00e4tos\u00e4kerheterna motsvarar k=2, inkluderar en ITS-90 avviksfunktion, egenuppv\u00e4rmning och hysteres, och \u00e4r angivna f\u00f6r respektive omr\u00e5de.<\/figcaption><\/figure>\n<\/div>\n<\/div>\n","protected":false},"excerpt":{"rendered":"<p>Tillverkare: Klasmeier \/ eXacal Modell: Pt100H<\/p>\n","protected":false},"featured_media":11177,"template":"","meta":[],"product_brand":[],"product_cat":[],"product_tag":[],"class_list":{"0":"post-10842","1":"product","2":"type-product","3":"status-publish","4":"has-post-thumbnail","7":"first","8":"instock","9":"shipping-taxable","10":"purchasable","11":"product-type-variable"},"_links":{"self":[{"href":"https:\/\/www.klasmeier.com\/sv\/wp-json\/wp\/v2\/product\/10842","targetHints":{"allow":["GET"]}}],"collection":[{"href":"https:\/\/www.klasmeier.com\/sv\/wp-json\/wp\/v2\/product"}],"about":[{"href":"https:\/\/www.klasmeier.com\/sv\/wp-json\/wp\/v2\/types\/product"}],"wp:featuredmedia":[{"embeddable":true,"href":"https:\/\/www.klasmeier.com\/sv\/wp-json\/wp\/v2\/media\/11177"}],"wp:attachment":[{"href":"https:\/\/www.klasmeier.com\/sv\/wp-json\/wp\/v2\/media?parent=10842"}],"wp:term":[{"taxonomy":"product_brand","embeddable":true,"href":"https:\/\/www.klasmeier.com\/sv\/wp-json\/wp\/v2\/product_brand?post=10842"},{"taxonomy":"product_cat","embeddable":true,"href":"https:\/\/www.klasmeier.com\/sv\/wp-json\/wp\/v2\/product_cat?post=10842"},{"taxonomy":"product_tag","embeddable":true,"href":"https:\/\/www.klasmeier.com\/sv\/wp-json\/wp\/v2\/product_tag?post=10842"}],"curies":[{"name":"wp","href":"https:\/\/api.w.org\/{rel}","templated":true}]}}