{"id":10819,"date":"2024-02-29T17:17:56","date_gmt":"2024-02-29T16:17:56","guid":{"rendered":"https:\/\/www.klasmeier.com\/?post_type=product&#038;p=10819"},"modified":"2025-12-04T12:51:22","modified_gmt":"2025-12-04T11:51:22","slug":"pt100-typ-d-temperatur-differens-termometer-100-c-250-c","status":"publish","type":"product","link":"https:\/\/www.klasmeier.com\/sv\/produkt\/pt100-typ-d-temperatur-differens-termometer-100-c-250-c\/","title":{"rendered":"Pt100 Typ D Temperatur-Differens Termometer (-100 \u00b0C \u2026 250 \u00b0C)"},"content":{"rendered":"\n<div class=\"wp-block-group has-global-padding is-layout-constrained wp-container-core-group-is-layout-530ec779 wp-block-group-is-layout-constrained\">\n<figure class=\"wp-block-image aligncenter size-full\"><img loading=\"lazy\" decoding=\"async\" width=\"310\" height=\"89\" src=\"https:\/\/www.klasmeier.com\/wp-content\/uploads\/exacal.png\" alt=\"\" class=\"wp-image-10784\" srcset=\"https:\/\/www.klasmeier.com\/wp-content\/uploads\/exacal.png 310w, https:\/\/www.klasmeier.com\/wp-content\/uploads\/exacal-300x86.png 300w\" sizes=\"auto, (max-width: 310px) 100vw, 310px\" \/><\/figure>\n\n\n\n<div class=\"wp-block-columns is-layout-flex wp-container-core-columns-is-layout-28f84493 wp-block-columns-is-layout-flex\">\n<div class=\"wp-block-column is-layout-flow wp-block-column-is-layout-flow\" style=\"flex-basis:66.66%\">\n<p>Temperaturdifferenstermometer f\u00f6r best\u00e4mning av vertikala temperaturgradienter och exakt temperaturm\u00e4tning.<\/p>\n\n\n\n<div class=\"wp-block-group is-vertical is-layout-flex wp-container-core-group-is-layout-893838bc wp-block-group-is-layout-flex\" style=\"padding-top:var(--wp--preset--spacing--10);padding-bottom:var(--wp--preset--spacing--10)\">\n<p><mark style=\"background-color:rgba(0, 0, 0, 0)\" class=\"has-inline-color has-accent-3-color\"><i class=\"fas fa-circle-check\"><\/i><\/mark> Temperaturomr\u00e5de:&nbsp;<strong>-100 \u00b0C till 250 \u00b0C<\/strong><\/p>\n\n\n\n<p><mark style=\"background-color:rgba(0, 0, 0, 0)\" class=\"has-inline-color has-accent-3-color\"><i class=\"fas fa-circle-check\"><\/i><\/mark> Liten m\u00e4tos\u00e4kerhet:&nbsp;<strong>6 mK och 11 mK<\/strong><\/p>\n\n\n\n<p><mark style=\"background-color:rgba(0, 0, 0, 0)\" class=\"has-inline-color has-accent-3-color\"><i class=\"fas fa-circle-check\"><\/i><\/mark> Best\u00e4mning av <strong>vertikala temperaturgradienter<\/strong><\/p>\n\n\n\n<p><mark style=\"background-color:rgba(0, 0, 0, 0)\" class=\"has-inline-color has-accent-3-color\"><i class=\"fas fa-circle-check\"><\/i><\/mark> <strong>Temperaturnormal och temperaturdifferenstermometer<\/strong><\/p>\n<\/div>\n\n\n\n<p>Termometern f\u00f6r temperaturdifferensm\u00e4tning \u00e4r ett praktiskt hj\u00e4lpmedel i det dagliga laboratoriearbetet. Termometern underl\u00e4ttar arbetet vid:<\/p>\n<\/div>\n\n\n\n<div class=\"wp-block-column is-layout-flow wp-block-column-is-layout-flow\" style=\"flex-basis:33.33%\">\n<figure class=\"wp-block-image size-medium\"><img loading=\"lazy\" decoding=\"async\" width=\"300\" height=\"300\" src=\"https:\/\/www.klasmeier.com\/wp-content\/uploads\/klasmeier_EU_Precision_Thermometry_transparent-300x300.webp\" alt=\"\" class=\"wp-image-13165\" srcset=\"https:\/\/www.klasmeier.com\/wp-content\/uploads\/klasmeier_EU_Precision_Thermometry_transparent-300x300.webp 300w, https:\/\/www.klasmeier.com\/wp-content\/uploads\/klasmeier_EU_Precision_Thermometry_transparent-150x150.webp 150w, https:\/\/www.klasmeier.com\/wp-content\/uploads\/klasmeier_EU_Precision_Thermometry_transparent-768x768.webp 768w, https:\/\/www.klasmeier.com\/wp-content\/uploads\/klasmeier_EU_Precision_Thermometry_transparent-600x600.webp 600w, https:\/\/www.klasmeier.com\/wp-content\/uploads\/klasmeier_EU_Precision_Thermometry_transparent-100x100.webp 100w, https:\/\/www.klasmeier.com\/wp-content\/uploads\/klasmeier_EU_Precision_Thermometry_transparent.webp 1024w\" sizes=\"auto, (max-width: 300px) 100vw, 300px\" \/><\/figure>\n<\/div>\n<\/div>\n\n\n\n<div class=\"wp-block-group is-vertical is-layout-flex wp-container-core-group-is-layout-893838bc wp-block-group-is-layout-flex\" style=\"padding-top:var(--wp--preset--spacing--10);padding-bottom:var(--wp--preset--spacing--10)\">\n<p><mark style=\"background-color:rgba(0, 0, 0, 0)\" class=\"has-inline-color has-accent-3-color\"><i class=\"fas fa-circle-check\"><\/i><\/mark> <strong>Best\u00e4mning av vertikala temperaturgradienter<\/strong><br>Vertikala temperaturgradienter m\u00e5ste beaktas som en del av m\u00e4tos\u00e4kerheten vid en kalibrering (t.ex. enligt DKD-R 5-4 \u201eKalibrering av blockkalibratorer\u201c,&nbsp;DKD-R 5-3 \u201eKalibrering av termoelement\u201c&nbsp; eller DKD-R 5-1 \u201eKalibrering av motst\u00e5ndstermometrar\u201c).<\/p>\n\n\n\n<p><mark style=\"background-color:rgba(0, 0, 0, 0)\" class=\"has-inline-color has-accent-3-color\"><i class=\"fas fa-circle-check\"><\/i><\/mark><strong> Optimering av kalibreringsugnar<br><\/strong>Vid&nbsp;optimering av uppv\u00e4rmningszoner i kalibreringsugnar, s\u00e5som <a href=\"https:\/\/www.klasmeier.com\/produkt\/3-zonen-hochtemperatur-kalibrierofen\/\">3-zons h\u00f6gtemperaturkalibreringsugn<\/a> eller <a href=\"https:\/\/www.klasmeier.com\/produkt\/kalibrierofen-511\/\">Kalibreringsugn Medusa<\/a>, m\u00e5ste exakta temperaturdifferenser best\u00e4mmas.<\/p>\n\n\n\n<p><mark style=\"background-color:rgba(0, 0, 0, 0)\" class=\"has-inline-color has-accent-3-color\"><i class=\"fas fa-circle-check\"><\/i><\/mark> <strong>Exakt temperaturnormal<\/strong><br>Huvudm\u00e4tpunkten i differenstermometern har samma konstruktion som <a href=\"https:\/\/www.klasmeier.com\/sv\/produkt\/pt100-modell-m-mediumtemperatur-precisionstermometer-100-c-till-250-c\/\">eXacal PT 100 M<\/a> och kan kalibreras med samma m\u00e4tos\u00e4kerhet. D\u00e4rmed kan differenstermometern inte bara anv\u00e4ndas f\u00f6r att m\u00e4ta temperaturdifferenser utan \u00e4ven som temperaturnormal.<\/p>\n<\/div>\n\n\n\n<p>Differenstermometern best\u00e5r av tv\u00e5 Pt100-temperatursensorer som \u00e4r placerade vid botten av termometern och p\u00e5 ett avst\u00e5nd av 4 cm.<\/p>\n\n\n\n<figure class=\"wp-block-image alignwide size-full has-custom-border\"><img loading=\"lazy\" decoding=\"async\" width=\"900\" height=\"200\" src=\"https:\/\/www.klasmeier.com\/wp-content\/uploads\/eXacal_Differenz-Thermometer.png\" alt=\"\" class=\"wp-image-5273\" style=\"border-radius:50px\" srcset=\"https:\/\/www.klasmeier.com\/wp-content\/uploads\/eXacal_Differenz-Thermometer.png 900w, https:\/\/www.klasmeier.com\/wp-content\/uploads\/eXacal_Differenz-Thermometer-300x67.png 300w, https:\/\/www.klasmeier.com\/wp-content\/uploads\/eXacal_Differenz-Thermometer-768x171.png 768w, https:\/\/www.klasmeier.com\/wp-content\/uploads\/eXacal_Differenz-Thermometer-600x133.png 600w\" sizes=\"auto, (max-width: 900px) 100vw, 900px\" \/><figcaption class=\"wp-element-caption\">Schematisk representation av differenstermometern<\/figcaption><\/figure>\n\n\n\n<div class=\"wp-block-group has-global-padding is-layout-constrained wp-container-core-group-is-layout-b1d50903 wp-block-group-is-layout-constrained\" style=\"padding-top:var(--wp--preset--spacing--20);padding-bottom:var(--wp--preset--spacing--20)\">\n<h3 class=\"wp-block-heading\">M\u00e4tos\u00e4kerhet<\/h3>\n\n\n\n<p>eXacal-termometrar kan kalibreras i v\u00e5rt eget DAkkS-ackrediterade kalibreringslaboratorium. Genom DAkkS-ackrediteringen s\u00e4kerst\u00e4lls att alla kalibreringar \u00e4r sp\u00e5rbara till nationella och internationella normaler.<\/p>\n\n\n\n<p>Kalibreringen av eXacal-motst\u00e5ndstermometrar utf\u00f6rs vid ITS-90 fixpunkter. Det finns \u00e4ven m\u00f6jlighet att utf\u00f6ra kalibreringar enligt j\u00e4mf\u00f6relsemetoden i kalibreringsbad och kalibreringsugnar. M\u00e4tos\u00e4kerheten ber\u00e4knas utifr\u00e5n flera komponenter, d\u00e4r de st\u00f6rsta bidragen kommer fr\u00e5n reproducerbarhet, ITS-90-karakt\u00e4ristik, egenuppv\u00e4rmning och hysteres.<\/p>\n\n\n\n<p><strong>Vid differenstermometern kalibreras huvudm\u00e4tningspunkten vid temperaturfixpunkter. Den andra m\u00e4tningspunkten m\u00e4ts genom en differensm\u00e4tning vid maximal neds\u00e4nkningsdjup i en <a href=\"https:\/\/www.klasmeier.com\/produkt\/waermerohr-kalibrierofen\/\">Heat Pipe (v\u00e4rmer\u00f6rsugn)<\/a> med en extremt j\u00e4mn vertikal temperaturprofil.<\/strong><\/p>\n\n\n\n<div class=\"wp-block-group is-vertical is-layout-flex wp-container-core-group-is-layout-893838bc wp-block-group-is-layout-flex\" style=\"padding-top:var(--wp--preset--spacing--10);padding-bottom:var(--wp--preset--spacing--10)\">\n<p><mark style=\"background-color:rgba(0, 0, 0, 0)\" class=\"has-inline-color has-accent-3-color\"><i class=\"fas fa-circle-check\"><\/i><\/mark> <strong><strong><strong>Sm\u00e5 m\u00e4tos\u00e4kerheter med DAkkS-kalibreringscertifikat<\/strong><\/strong><\/strong><\/p>\n\n\n\n<p><mark style=\"background-color:rgba(0, 0, 0, 0)\" class=\"has-inline-color has-accent-3-color\"><i class=\"fas fa-circle-check\"><\/i><\/mark> <strong><strong>Temperaturfixpunkter fr\u00e5n kvicksilver-trippelpunkten&nbsp;-38,8344 \u00b0C till tenns stelningspunkt 231,928 \u00b0C<\/strong><\/strong><\/p>\n\n\n\n<p><mark style=\"background-color:rgba(0, 0, 0, 0)\" class=\"has-inline-color has-accent-3-color\"><i class=\"fas fa-circle-check\"><\/i><\/mark> <strong>Differensm\u00e4tning i en Heat Pipe \/ v\u00e4rmer\u00f6rsugn<\/strong><\/p>\n<\/div>\n<\/div>\n\n\n\n<div class=\"wp-block-buttons alignwide is-content-justification-center is-layout-flex wp-container-core-buttons-is-layout-a89b3969 wp-block-buttons-is-layout-flex\">\n<div class=\"wp-block-button hvr-shrink\"><a class=\"wp-block-button__link wp-element-button\" href=\"https:\/\/www.klasmeier.com\/sv\/noggrann-temperaturkalibrering-fran-klasmeiers-kalibreringstjanst\/kalibrering-av-resistanstermometrar\/\">Kalibrering av motst\u00e5ndstermometrar<\/a><\/div>\n<\/div>\n\n\n\n<div style=\"height:33px\" aria-hidden=\"true\" class=\"wp-block-spacer\"><\/div>\n\n\n\n<figure class=\"wp-block-table alignwide pttb\" style=\"font-style:normal;font-weight:400\"><table class=\"has-fixed-layout\"><thead><tr><th class=\"has-text-align-center\" data-align=\"center\"><strong>Omr\u00e5de<\/strong><\/th><th><strong>Metod<\/strong><\/th><th class=\"has-text-align-center\" data-align=\"center\"><strong>M\u00e4tos\u00e4kerhet<\/strong><\/th><\/tr><\/thead><tbody><tr><td class=\"has-text-align-center\" data-align=\"center\">-38,8344 \u00b0C \u2013 0,01 \u00b0C<\/td><td>Kvicksilver till vatten<\/td><td class=\"has-text-align-center\" data-align=\"center\">6 mK<\/td><\/tr><tr><td class=\"has-text-align-center\" data-align=\"center\">0,01 \u00b0C \u2013&nbsp;29,7646 \u00b0C<\/td><td>Vatten till gallium<\/td><td class=\"has-text-align-center\" data-align=\"center\">6 mK<\/td><\/tr><tr><td class=\"has-text-align-center\" data-align=\"center\">0,01 \u00b0C \u2013 156,5985 \u00b0C<\/td><td>Vatten till indium<\/td><td class=\"has-text-align-center\" data-align=\"center\">10 mK<\/td><\/tr><tr><td class=\"has-text-align-center\" data-align=\"center\">0,01 \u00b0C \u2013 231,928 \u00b0C<\/td><td>Vatten till tenn<\/td><td class=\"has-text-align-center\" data-align=\"center\">11 mK<\/td><\/tr><\/tbody><\/table><figcaption class=\"wp-element-caption\">De angivna m\u00e4tos\u00e4kerheterna motsvarar&nbsp;k=2, inkluderar en&nbsp;ITS-90 karakteristik och g\u00e4ller f\u00f6r respektive omr\u00e5de.<\/figcaption><\/figure>\n<\/div>\n","protected":false},"excerpt":{"rendered":"<p>Tillverkare: Klasmeier \/ eXacal Modell: Pt100D<\/p>\n","protected":false},"featured_media":11904,"template":"","meta":[],"product_brand":[],"product_cat":[],"product_tag":[],"class_list":{"0":"post-10819","1":"product","2":"type-product","3":"status-publish","4":"has-post-thumbnail","7":"first","8":"instock","9":"shipping-taxable","10":"purchasable","11":"product-type-variable"},"_links":{"self":[{"href":"https:\/\/www.klasmeier.com\/sv\/wp-json\/wp\/v2\/product\/10819","targetHints":{"allow":["GET"]}}],"collection":[{"href":"https:\/\/www.klasmeier.com\/sv\/wp-json\/wp\/v2\/product"}],"about":[{"href":"https:\/\/www.klasmeier.com\/sv\/wp-json\/wp\/v2\/types\/product"}],"wp:featuredmedia":[{"embeddable":true,"href":"https:\/\/www.klasmeier.com\/sv\/wp-json\/wp\/v2\/media\/11904"}],"wp:attachment":[{"href":"https:\/\/www.klasmeier.com\/sv\/wp-json\/wp\/v2\/media?parent=10819"}],"wp:term":[{"taxonomy":"product_brand","embeddable":true,"href":"https:\/\/www.klasmeier.com\/sv\/wp-json\/wp\/v2\/product_brand?post=10819"},{"taxonomy":"product_cat","embeddable":true,"href":"https:\/\/www.klasmeier.com\/sv\/wp-json\/wp\/v2\/product_cat?post=10819"},{"taxonomy":"product_tag","embeddable":true,"href":"https:\/\/www.klasmeier.com\/sv\/wp-json\/wp\/v2\/product_tag?post=10819"}],"curies":[{"name":"wp","href":"https:\/\/api.w.org\/{rel}","templated":true}]}}