{"id":10789,"date":"2024-02-29T17:20:51","date_gmt":"2024-02-29T16:20:51","guid":{"rendered":"https:\/\/www.klasmeier.com\/?post_type=product&#038;p=10789"},"modified":"2025-12-04T12:08:28","modified_gmt":"2025-12-04T11:08:28","slug":"sekundart-sprt-referenstermometer-100-c-till-430-c","status":"publish","type":"product","link":"https:\/\/www.klasmeier.com\/sv\/produkt\/sekundart-sprt-referenstermometer-100-c-till-430-c\/","title":{"rendered":"Sekund\u00e4rt SPRT-referenstermometer -100 \u00b0C till 430 \u00b0C"},"content":{"rendered":"\n<figure class=\"wp-block-image aligncenter size-full\"><img loading=\"lazy\" decoding=\"async\" width=\"310\" height=\"89\" src=\"https:\/\/www.klasmeier.com\/wp-content\/uploads\/exacal.png\" alt=\"\" class=\"wp-image-10784\" srcset=\"https:\/\/www.klasmeier.com\/wp-content\/uploads\/exacal.png 310w, https:\/\/www.klasmeier.com\/wp-content\/uploads\/exacal-300x86.png 300w\" sizes=\"auto, (max-width: 310px) 100vw, 310px\" \/><\/figure>\n\n\n\n<h3 class=\"wp-block-heading\"><strong>S\u00e4rskilda egenskaper Sekund\u00e4r SPRT modell 217:<\/strong><\/h3>\n\n\n\n<div class=\"wp-block-columns is-layout-flex wp-container-core-columns-is-layout-28f84493 wp-block-columns-is-layout-flex\">\n<div class=\"wp-block-column is-layout-flow wp-block-column-is-layout-flow\" style=\"flex-basis:66.66%\">\n<p><mark style=\"background-color:rgba(0, 0, 0, 0)\" class=\"has-inline-color has-accent-3-color\"><i class=\"fas fa-circle-check\"><\/i><\/mark><strong>Temperaturomr\u00e5de:<\/strong> Med ett anv\u00e4ndningsomr\u00e5de fr\u00e5n -100 \u00b0C till 430 \u00b0C t\u00e4cker v\u00e5r sekund\u00e4ra SPRT-referenstermometer modell 217 ett medelstort temperaturomr\u00e5de f\u00f6r vanliga till\u00e4mpningar. Detta g\u00f6r den till en m\u00e5ngsidig l\u00f6sning f\u00f6r olika m\u00e4tbehov.<\/p>\n\n\n\n<p><mark style=\"background-color:rgba(0, 0, 0, 0)\" class=\"has-inline-color has-accent-3-color\"><i class=\"fas fa-circle-check\"><\/i><\/mark> <strong>L\u00e5ga m\u00e4tos\u00e4kerheter:<\/strong> Termometerns precision understryks av dess l\u00e5ga m\u00e4tos\u00e4kerheter p\u00e5 endast 2,5 mK till 8,5 mK vid en DAkkS-ackrediterad kalibrering enligt DIN EN ISO\/IEC 17025. Denna goda noggrannhet garanterar tillf\u00f6rlitliga resultat inom alla anv\u00e4ndningsomr\u00e5den.<\/p>\n\n\n\n<p><mark style=\"background-color:rgba(0, 0, 0, 0)\" class=\"has-inline-color has-accent-3-color\"><i class=\"fas fa-circle-check\"><\/i><\/mark> <strong>Robusthet:<\/strong> Som ett robust alternativ till mycket k\u00e4nsliga SPRT:er med kvartsh\u00f6lje utm\u00e4rker sig v\u00e5rt sekund\u00e4ra SPRT-referenstermometer genom sitt metallh\u00f6lje och sina stabila m\u00e4tmotst\u00e5nd. Det \u00e4r d\u00e4rmed optimalt f\u00f6r l\u00e5ngvarig anv\u00e4ndning.<\/p>\n<\/div>\n\n\n\n<div class=\"wp-block-column is-layout-flow wp-block-column-is-layout-flow\" style=\"flex-basis:33.33%\">\n<figure class=\"wp-block-image size-medium\"><img loading=\"lazy\" decoding=\"async\" width=\"300\" height=\"300\" src=\"https:\/\/www.klasmeier.com\/wp-content\/uploads\/klasmeier_EU_Precision_Thermometry_transparent-300x300.webp\" alt=\"\" class=\"wp-image-13165\" srcset=\"https:\/\/www.klasmeier.com\/wp-content\/uploads\/klasmeier_EU_Precision_Thermometry_transparent-300x300.webp 300w, https:\/\/www.klasmeier.com\/wp-content\/uploads\/klasmeier_EU_Precision_Thermometry_transparent-150x150.webp 150w, https:\/\/www.klasmeier.com\/wp-content\/uploads\/klasmeier_EU_Precision_Thermometry_transparent-768x768.webp 768w, https:\/\/www.klasmeier.com\/wp-content\/uploads\/klasmeier_EU_Precision_Thermometry_transparent-600x600.webp 600w, https:\/\/www.klasmeier.com\/wp-content\/uploads\/klasmeier_EU_Precision_Thermometry_transparent-100x100.webp 100w, https:\/\/www.klasmeier.com\/wp-content\/uploads\/klasmeier_EU_Precision_Thermometry_transparent.webp 1024w\" sizes=\"auto, (max-width: 300px) 100vw, 300px\" \/><\/figure>\n<\/div>\n<\/div>\n\n\n\n<p><mark style=\"background-color:rgba(0, 0, 0, 0)\" class=\"has-inline-color has-accent-3-color\"><i class=\"fas fa-circle-check\"><\/i><\/mark> <strong>Ny SPRT-sensor:<\/strong> Den nyutvecklade SPRT-temperatursensorn fr\u00e5n Klasmeier har f\u00f6rb\u00e4ttrats inom f\u00f6ljande omr\u00e5den:<\/p>\n\n\n\n<div class=\"wp-block-columns is-layout-flex wp-container-core-columns-is-layout-28f84493 wp-block-columns-is-layout-flex\">\n<div class=\"wp-block-column is-layout-flow wp-block-column-is-layout-flow\" style=\"flex-basis:100%\">\n<ul class=\"wp-block-list is-style-checkmark-list\">\n<li>snabb respons<\/li>\n\n\n\n<li>liten hysteres<\/li>\n\n\n\n<li>l\u00e5g egenuppv\u00e4rmning<\/li>\n\n\n\n<li>utm\u00e4rkt reproducerbarhet och stabilitet<\/li>\n<\/ul>\n<\/div>\n<\/div>\n\n\n\n<div class=\"wp-block-group alignwide is-vertical is-layout-flex wp-container-core-group-is-layout-ab79abe2 wp-block-group-is-layout-flex\" style=\"padding-top:var(--wp--preset--spacing--30);padding-bottom:var(--wp--preset--spacing--30)\">\n<h2 class=\"wp-block-heading\">Temperaturgivare fr\u00e5n v\u00e5r egen tillverkning<\/h2>\n\n\n\n<p>Varje temperatursensor i eXacal 230 Standard Platin Resistance Thermometer (SPRT) tillverkas med st\u00f6rsta omsorg och precision i v\u00e5r egen fabrik i Fulda. Utvecklingen och tillverkningen av egna m\u00e4tmotst\u00e5nd garanterar h\u00f6gsta kvalitet och tillf\u00f6rlitlighet.<\/p>\n\n\n\n<p><strong>Varf\u00f6r Klasmeier-fabriken?<\/strong><\/p>\n\n\n\n<ul class=\"wp-block-list\">\n<li><strong>Hantverksm\u00e4ssig precision:<\/strong> V\u00e5ra SPRT-termometrar tillverkas av erfarna experter som noggrant \u00f6vervakar varje detalj.<\/li>\n\n\n\n<li><strong>Individuella l\u00f6sningar:<\/strong> Vi kan tillgodose specifika krav och tillverka skr\u00e4ddarsydda sensorer f\u00f6r din applikation.<\/li>\n\n\n\n<li><strong>Kvalitetskontroll<\/strong>: Varje sensor genomg\u00e5r strikta testprocedurer f\u00f6r att s\u00e4kerst\u00e4lla att den uppfyller de h\u00f6ga kraven i den internationella temperaturskalan ITS-90.<\/li>\n<\/ul>\n\n\n\n<p>Genom tillverkningen i v\u00e5r egen fabrik har vi full kontroll \u00f6ver hela produktionsprocessen \u2013 fr\u00e5n valet av material till den slutliga ackrediterade kalibreringen. Resultatet: En produkt som uppfyller de h\u00f6gsta kraven inom m\u00e4tteknik.<\/p>\n\n\n\n<h3 class=\"wp-block-heading\"><strong>DAkkS-certifierad kalibrering av sekund\u00e4ra SPRT:er<\/strong><\/h3>\n\n\n\n<p>I v\u00e5rt eget <strong><a href=\"https:\/\/www.klasmeier.com\/sv\/foretag\/foretagsportratt\/kalibrierdienst-klasmeier\/\">DAkkS-ackrediterade kalibreringslaboratorium<\/a><\/strong> erbjuder vi h\u00f6gprecisa kalibreringstj\u00e4nster f\u00f6r SPRT. V\u00e5r ackreditering garanterar att varje kalibrering utf\u00f6rs enligt de internationellt erk\u00e4nda standarderna <strong>DIN EN ISO\/IEC 17025<\/strong>. Detta s\u00e4kerst\u00e4ller fullst\u00e4ndig sp\u00e5rbarhet enligt nationella och internationella standarder.<\/p>\n\n\n\n<p><\/p>\n\n\n\n<p><\/p>\n\n\n\n<figure class=\"wp-block-image size-large has-custom-border\"><img data-dominant-color=\"f7f7f8\" data-has-transparency=\"false\" loading=\"lazy\" decoding=\"async\" width=\"1024\" height=\"586\" src=\"https:\/\/www.klasmeier.com\/wp-content\/uploads\/SPRT-217-eXacal-Klasmeier-1024x586.webp\" alt=\"\" class=\"wp-image-11115 not-transparent\" style=\"--dominant-color: #f7f7f8; border-radius:50px\" srcset=\"https:\/\/www.klasmeier.com\/wp-content\/uploads\/SPRT-217-eXacal-Klasmeier-1024x586.webp 1024w, https:\/\/www.klasmeier.com\/wp-content\/uploads\/SPRT-217-eXacal-Klasmeier-300x172.webp 300w, https:\/\/www.klasmeier.com\/wp-content\/uploads\/SPRT-217-eXacal-Klasmeier-768x439.webp 768w, https:\/\/www.klasmeier.com\/wp-content\/uploads\/SPRT-217-eXacal-Klasmeier-1536x879.webp 1536w, https:\/\/www.klasmeier.com\/wp-content\/uploads\/SPRT-217-eXacal-Klasmeier-2048x1172.webp 2048w, https:\/\/www.klasmeier.com\/wp-content\/uploads\/SPRT-217-eXacal-Klasmeier-600x343.webp 600w\" sizes=\"auto, (max-width: 1024px) 100vw, 1024px\" \/><\/figure>\n\n\n\n<div style=\"height:45px\" aria-hidden=\"true\" class=\"wp-block-spacer wp-container-content-95fa6ccb\"><\/div>\n\n\n\n<figure class=\"wp-block-table pttb\"><table class=\"has-fixed-layout\"><tbody><tr><td class=\"has-text-align-center\" data-align=\"center\"><strong>Omr\u00e5de<\/strong><\/td><td><strong>Temperaturfix-punkter<\/strong><\/td><td><strong>M\u00e4tos\u00e4kerhet<\/strong><\/td><\/tr><tr><td class=\"has-text-align-center\" data-align=\"center\">-38,8344 \u00b0C &#8211; 0,01 \u00b0C<\/td><td>Kvicksilver till vatten<\/td><td>3,5 mK<\/td><\/tr><tr><td class=\"has-text-align-center\" data-align=\"center\">0,01 \u00b0C &#8211; 29,7646 \u00b0C<\/td><td>Vatten till gallium<\/td><td>3,5 mK<\/td><\/tr><tr><td class=\"has-text-align-center\" data-align=\"center\">0,01 \u00b0C &#8211; 156,5985 \u00b0C<\/td><td>Vatten till indium<\/td><td>6 mK<\/td><\/tr><tr><td class=\"has-text-align-center\" data-align=\"center\">0,01 \u00b0C &#8211; 231,928 \u00b0C<\/td><td>Vatten till tenn<\/td><td>8,5 mK<\/td><\/tr><tr><td class=\"has-text-align-center\" data-align=\"center\">0,01 \u00b0C &#8211; 419,527 \u00b0C<\/td><td>Vatten till zink<\/td><td>12 mK<\/td><\/tr><\/tbody><\/table><figcaption class=\"wp-element-caption\">De angivna m\u00e4tos\u00e4kerheterna motsvarar k=2, inkluderar en ITS-90-avvikelsefunktion, egenuppv\u00e4rmning och hysteres och anges f\u00f6r respektive omr\u00e5de.<\/figcaption><\/figure>\n<\/div>\n\n\n\n<div class=\"wp-block-group is-vertical is-content-justification-center is-layout-flex wp-container-core-group-is-layout-7add347e wp-block-group-is-layout-flex\" style=\"padding-top:var(--wp--preset--spacing--30);padding-bottom:var(--wp--preset--spacing--30)\">\n<h3 class=\"wp-block-heading\">Vad g\u00f6r v\u00e5r kalibrering s\u00e5 speciell?<\/h3>\n\n\n\n<p><mark style=\"background-color:rgba(0, 0, 0, 0)\" class=\"has-inline-color has-accent-3-color\"><i class=\"fas fa-circle-check\"><\/i><\/mark> Sp\u00e5rbarhet: Tack vare v\u00e5r DAkkS-ackreditering \u00e4r varje kalibrering direkt kopplad till nationella och internationella standarder. Det ger dig s\u00e4kerheten att dina m\u00e4tresultat \u00e4r erk\u00e4nda \u00f6ver hela v\u00e4rlden.<\/p>\n\n\n\n<p><mark style=\"background-color:rgba(0, 0, 0, 0)\" class=\"has-inline-color has-accent-3-color\"><i class=\"fas fa-circle-check\"><\/i><\/mark> M\u00e4tos\u00e4kerhet: Noggrannheten i v\u00e5r kalibrering baseras p\u00e5 en noggrann utv\u00e4rdering av alla os\u00e4kerhetskomponenter, inklusive termometerns reproducerbarhet, ITS-90-avvikelsefunktionen, sensorns egenuppv\u00e4rmning och hysteres.<\/p>\n\n\n\n<p><mark style=\"background-color:rgba(0, 0, 0, 0)\" class=\"has-inline-color has-accent-3-color\"><i class=\"fas fa-circle-check\"><\/i><\/mark> Anv\u00e4ndningsomr\u00e5de: Med den detaljerade informationen fr\u00e5n kalibreringscertifikatet kan du anv\u00e4nda din sekund\u00e4ra SPRT i temperaturomr\u00e5det fr\u00e5n -38,8344 \u00b0C till 419,527 \u00b0C med fullst\u00e4ndig tillf\u00f6rsikt.<\/p>\n\n\n\n<p>L\u00e4s mer om v\u00e5rt kalibreringslaboratorium:<\/p>\n\n\n\n<p><a href=\"https:\/\/www.klasmeier.com\/sv\/noggrann-temperaturkalibrering-fran-klasmeiers-kalibreringstjanst\/kalibrering-av-standardplatinaresistanstermometrar-sprts\/\">Kalibrering av standardiserade platina-motst\u00e5ndstermometrar<\/a><\/p>\n<\/div>\n","protected":false},"excerpt":{"rendered":"<p>Modell: eXacal 217<br \/>\nTillverkare: Klasmeier<\/p>\n","protected":false},"featured_media":10790,"template":"","meta":[],"product_brand":[],"product_cat":[],"product_tag":[],"class_list":{"0":"post-10789","1":"product","2":"type-product","3":"status-publish","4":"has-post-thumbnail","7":"first","8":"instock","9":"shipping-taxable","10":"product-type-simple"},"_links":{"self":[{"href":"https:\/\/www.klasmeier.com\/sv\/wp-json\/wp\/v2\/product\/10789","targetHints":{"allow":["GET"]}}],"collection":[{"href":"https:\/\/www.klasmeier.com\/sv\/wp-json\/wp\/v2\/product"}],"about":[{"href":"https:\/\/www.klasmeier.com\/sv\/wp-json\/wp\/v2\/types\/product"}],"wp:featuredmedia":[{"embeddable":true,"href":"https:\/\/www.klasmeier.com\/sv\/wp-json\/wp\/v2\/media\/10790"}],"wp:attachment":[{"href":"https:\/\/www.klasmeier.com\/sv\/wp-json\/wp\/v2\/media?parent=10789"}],"wp:term":[{"taxonomy":"product_brand","embeddable":true,"href":"https:\/\/www.klasmeier.com\/sv\/wp-json\/wp\/v2\/product_brand?post=10789"},{"taxonomy":"product_cat","embeddable":true,"href":"https:\/\/www.klasmeier.com\/sv\/wp-json\/wp\/v2\/product_cat?post=10789"},{"taxonomy":"product_tag","embeddable":true,"href":"https:\/\/www.klasmeier.com\/sv\/wp-json\/wp\/v2\/product_tag?post=10789"}],"curies":[{"name":"wp","href":"https:\/\/api.w.org\/{rel}","templated":true}]}}