{"id":10786,"date":"2024-11-21T09:32:37","date_gmt":"2024-11-21T08:32:37","guid":{"rendered":"https:\/\/www.klasmeier.com\/?post_type=product&#038;p=10786"},"modified":"2025-12-04T12:14:37","modified_gmt":"2025-12-04T11:14:37","slug":"primar-standard-platinamotstandstermometer-sprt-200-c-till-670-c","status":"publish","type":"product","link":"https:\/\/www.klasmeier.com\/sv\/produkt\/primar-standard-platinamotstandstermometer-sprt-200-c-till-670-c\/","title":{"rendered":"Prim\u00e4r standard platinamotst\u00e5ndstermometer (SPRT) -200 \u00b0C till 670 \u00b0C"},"content":{"rendered":"\n<figure class=\"wp-block-image aligncenter size-full\"><img loading=\"lazy\" decoding=\"async\" width=\"310\" height=\"89\" src=\"https:\/\/www.klasmeier.com\/wp-content\/uploads\/exacal.png\" alt=\"\" class=\"wp-image-10784\" srcset=\"https:\/\/www.klasmeier.com\/wp-content\/uploads\/exacal.png 310w, https:\/\/www.klasmeier.com\/wp-content\/uploads\/exacal-300x86.png 300w\" sizes=\"auto, (max-width: 310px) 100vw, 310px\" \/><\/figure>\n\n\n\n<div class=\"wp-block-columns is-layout-flex wp-container-core-columns-is-layout-28f84493 wp-block-columns-is-layout-flex\">\n<div class=\"wp-block-column is-layout-flow wp-block-column-is-layout-flow\" style=\"flex-basis:66.66%\">\n<p>Den&nbsp;<strong>eXacal Modell 230<\/strong>&nbsp;\u00e4r en h\u00f6gprecisions standard platinamotst\u00e5ndstermometer (SPRT) som \u00e4r speciellt utvecklad f\u00f6r anv\u00e4ndning i metrologiska laboratorier. Den erbjuder exceptionell stabilitet, l\u00e5g m\u00e4tos\u00e4kerhet och \u00e4r perfekt anpassad till kraven i den internationella temperaturskalan (ITS-90). Med ett m\u00e4tomr\u00e5de p\u00e5&nbsp;<strong>-200 \u00b0C till +670 \u00b0C<\/strong>&nbsp;\u00e4r den det idealiska valet f\u00f6r kalibreringar inom forskning och industri.<\/p>\n\n\n\n<p><strong>Egenskaper<\/strong><\/p>\n\n\n\n<p>\u2022 <strong>Precision:<\/strong>&nbsp;Enast\u00e5ende m\u00e4tnoggrannhet med minimal os\u00e4kerhet.<\/p>\n\n\n\n<p>\u2022 <strong>Temperaturomr\u00e5de:<\/strong>&nbsp;Denna standard platinamotst\u00e5ndstermometer (SPRT) \u00e4r l\u00e4mplig f\u00f6r temperaturer fr\u00e5n&nbsp;<strong>-200 \u00b0C till +670 \u00b0C<\/strong>.<\/p>\n\n\n\n<p>\u2022 <strong>Kvalitet:<\/strong>&nbsp;Tillverkad av h\u00f6grent platina f\u00f6r maximal stabilitet och tillf\u00f6rlitlighet.<\/p>\n\n\n\n<p>\u2022 <strong>Sp\u00e5rbarhet:<\/strong>&nbsp;Den eXacal 230 standard platinamotst\u00e5ndstermometer uppfyller fullt ut kraven enligt ITS-90.<\/p>\n<\/div>\n\n\n\n<div class=\"wp-block-column is-layout-flow wp-block-column-is-layout-flow\" style=\"flex-basis:33.33%\">\n<figure class=\"wp-block-image size-medium\"><img loading=\"lazy\" decoding=\"async\" width=\"300\" height=\"300\" src=\"https:\/\/www.klasmeier.com\/wp-content\/uploads\/klasmeier_EU_Precision_Thermometry_transparent-300x300.webp\" alt=\"\" class=\"wp-image-13165\" srcset=\"https:\/\/www.klasmeier.com\/wp-content\/uploads\/klasmeier_EU_Precision_Thermometry_transparent-300x300.webp 300w, https:\/\/www.klasmeier.com\/wp-content\/uploads\/klasmeier_EU_Precision_Thermometry_transparent-150x150.webp 150w, https:\/\/www.klasmeier.com\/wp-content\/uploads\/klasmeier_EU_Precision_Thermometry_transparent-768x768.webp 768w, https:\/\/www.klasmeier.com\/wp-content\/uploads\/klasmeier_EU_Precision_Thermometry_transparent-600x600.webp 600w, https:\/\/www.klasmeier.com\/wp-content\/uploads\/klasmeier_EU_Precision_Thermometry_transparent-100x100.webp 100w, https:\/\/www.klasmeier.com\/wp-content\/uploads\/klasmeier_EU_Precision_Thermometry_transparent.webp 1024w\" sizes=\"auto, (max-width: 300px) 100vw, 300px\" \/><\/figure>\n<\/div>\n<\/div>\n\n\n\n<p><strong>Anv\u00e4ndningsomr\u00e5den<\/strong><\/p>\n\n\n\n<p>\u2022 Kalibrering av industriella sensorer och referenstermometrar<\/p>\n\n\n\n<p>\u2022 Exakta temperaturm\u00e4tningar i metrologiska laboratorier<\/p>\n\n\n\n<p>\u2022 Sp\u00e5rbarhet av temperaturm\u00e4tningar enligt internationella standarder<\/p>\n\n\n\n<h2 class=\"wp-block-heading\">Ackrediterad kalibrering enligt DIN EN ISO\/IEC 17025<\/h2>\n\n\n\n<p>I v\u00e5rt&nbsp;<strong>ackrediterade kalibreringslaboratorium enligt DIN EN ISO\/IEC 17025 (DAkkS)<\/strong>&nbsp;kalibrerar vi standard platinamotst\u00e5ndstermometrar (SPRT) med h\u00f6gsta precision. F\u00f6r varje kalibrerad termometer erh\u00e5ller du ett kalibreringscertifikat som dokumenterar sp\u00e5rbarheten och den angivna m\u00e4tos\u00e4kerheten.<\/p>\n\n\n\n<h3 class=\"wp-block-heading\">M\u00e4tos\u00e4kerhet f\u00f6r standard platinamotst\u00e5ndstermometer (SPRT)<\/h3>\n\n\n\n<figure class=\"wp-block-image size-large\"><img data-dominant-color=\"f7f7f8\" data-has-transparency=\"false\" style=\"--dominant-color: #f7f7f8;\" loading=\"lazy\" decoding=\"async\" width=\"1024\" height=\"585\" src=\"https:\/\/www.klasmeier.com\/wp-content\/uploads\/SPRT-230-eXacal-Klasmeier-1024x585.webp\" alt=\"eXacal 230 - Standard Platin Widerstandsthermometer\" class=\"wp-image-7766 not-transparent\" srcset=\"https:\/\/www.klasmeier.com\/wp-content\/uploads\/SPRT-230-eXacal-Klasmeier-1024x585.webp 1024w, https:\/\/www.klasmeier.com\/wp-content\/uploads\/SPRT-230-eXacal-Klasmeier-300x171.webp 300w, https:\/\/www.klasmeier.com\/wp-content\/uploads\/SPRT-230-eXacal-Klasmeier-768x439.webp 768w, https:\/\/www.klasmeier.com\/wp-content\/uploads\/SPRT-230-eXacal-Klasmeier-1536x878.webp 1536w, https:\/\/www.klasmeier.com\/wp-content\/uploads\/SPRT-230-eXacal-Klasmeier-2048x1170.webp 2048w, https:\/\/www.klasmeier.com\/wp-content\/uploads\/SPRT-230-eXacal-Klasmeier-600x343.webp 600w\" sizes=\"auto, (max-width: 1024px) 100vw, 1024px\" \/><\/figure>\n\n\n\n<figure class=\"wp-block-table\"><table class=\"has-fixed-layout\"><tbody><tr><td><strong>Omr\u00e5de<\/strong><\/td><td><strong>Temperaturfixpunkter<\/strong><\/td><td><strong>M\u00e4tos\u00e4kerhet<\/strong><\/td><\/tr><tr><td>-189,3442 \u00b0C \u2013 0,01 \u00b0C<\/td><td>Argon till vatten<\/td><td>5,5 mK<\/td><\/tr><tr><td>-38,8344 \u00b0C \u2013 0,01 \u00b0C<\/td><td>Kvicksilver till vatten<\/td><td>2,5 mK<\/td><\/tr><tr><td>0,01 \u00b0C \u2013 29,7646 \u00b0C<\/td><td>Vatten till gallium<\/td><td>4,5 mK<\/td><\/tr><tr><td>0,01 \u00b0C \u2013 420,527 \u00b0C<\/td><td>Vatten till zink<\/td><td>4,5 mK<\/td><\/tr><tr><td>0,01 \u00b0C &#8211; 660,323 \u00b0C<\/td><td>Vatten till aluminium<\/td><td>7,0 mK<\/td><\/tr><\/tbody><\/table><\/figure>\n\n\n\n<p>De angivna m\u00e4tos\u00e4kerheterna motsvarar k=2, inkluderar en ITS-90-avvikelsefunktion, egenuppv\u00e4rmning och hysteres och g\u00e4ller f\u00f6r respektive omr\u00e5de.<\/p>\n\n\n\n<p>L\u00e4s mer om v\u00e5rt kalibreringslaboratorium:<\/p>\n\n\n\n<p><a href=\"https:\/\/www.klasmeier.com\/sv\/noggrann-temperaturkalibrering-fran-klasmeiers-kalibreringstjanst\/kalibrering-av-standardplatinaresistanstermometrar-sprts\/\">Kalibrering av standard-platinamotst\u00e5ndstermometrar<\/a><\/p>\n\n\n\n<h2 class=\"wp-block-heading\">Temperatursensorer fr\u00e5n v\u00e5r egen manufaktur<\/h2>\n\n\n\n<p>Varje temperatursensor i eXacal 230 standard platinamotst\u00e5ndstermometer (SPRT) tillverkas med st\u00f6rsta noggrannhet och precision i v\u00e5r egen manufaktur i Fulda. Utvecklingen och tillverkningen av v\u00e5ra egna m\u00e4tmotst\u00e5nd garanterar h\u00f6gsta kvalitet och tillf\u00f6rlitlighet.<\/p>\n\n\n\n<p><strong>Varf\u00f6r v\u00e4lja Klasmeiers manufaktur?<\/strong><br><strong>\u2022 Hantverksm\u00e4ssig precision:<\/strong> V\u00e5ra SPRT-termometrar tillverkas av erfarna experter som noggrant \u00f6vervakar varje detalj.<br><strong>\u2022 Individuella l\u00f6sningar:<\/strong> Vi kan anpassa oss efter specifika krav och tillverka skr\u00e4ddarsydda sensorer f\u00f6r din applikation.<br><strong>\u2022 Kvalitetskontroll:<\/strong> Varje sensor genomg\u00e5r rigor\u00f6sa tester f\u00f6r att s\u00e4kerst\u00e4lla att den uppfyller de h\u00f6ga kraven enligt den internationella temperaturskalan ITS-90.<\/p>\n\n\n\n<p>Genom tillverkning i v\u00e5r egen manufaktur har vi full kontroll \u00f6ver hela produktionsprocessen \u2013 fr\u00e5n materialval till den slutliga ackrediterade kalibreringen. Resultatet: En produkt som uppfyller de h\u00f6gsta kraven inom m\u00e4tteknik.<\/p>\n","protected":false},"excerpt":{"rendered":"<p>Modell: eXacal 230<br \/>\nTillverkare: Klasmeier<\/p>\n","protected":false},"featured_media":10788,"template":"","meta":[],"product_brand":[],"product_cat":[],"product_tag":[],"class_list":{"0":"post-10786","1":"product","2":"type-product","3":"status-publish","4":"has-post-thumbnail","7":"first","8":"instock","9":"shipping-taxable","10":"product-type-simple"},"_links":{"self":[{"href":"https:\/\/www.klasmeier.com\/sv\/wp-json\/wp\/v2\/product\/10786","targetHints":{"allow":["GET"]}}],"collection":[{"href":"https:\/\/www.klasmeier.com\/sv\/wp-json\/wp\/v2\/product"}],"about":[{"href":"https:\/\/www.klasmeier.com\/sv\/wp-json\/wp\/v2\/types\/product"}],"wp:featuredmedia":[{"embeddable":true,"href":"https:\/\/www.klasmeier.com\/sv\/wp-json\/wp\/v2\/media\/10788"}],"wp:attachment":[{"href":"https:\/\/www.klasmeier.com\/sv\/wp-json\/wp\/v2\/media?parent=10786"}],"wp:term":[{"taxonomy":"product_brand","embeddable":true,"href":"https:\/\/www.klasmeier.com\/sv\/wp-json\/wp\/v2\/product_brand?post=10786"},{"taxonomy":"product_cat","embeddable":true,"href":"https:\/\/www.klasmeier.com\/sv\/wp-json\/wp\/v2\/product_cat?post=10786"},{"taxonomy":"product_tag","embeddable":true,"href":"https:\/\/www.klasmeier.com\/sv\/wp-json\/wp\/v2\/product_tag?post=10786"}],"curies":[{"name":"wp","href":"https:\/\/api.w.org\/{rel}","templated":true}]}}