{"id":15217,"date":"2024-03-25T15:28:01","date_gmt":"2024-03-25T14:28:01","guid":{"rendered":"https:\/\/www.klasmeier.com\/produkter\/precisionstermometrar\/"},"modified":"2026-05-12T15:37:55","modified_gmt":"2026-05-12T13:37:55","slug":"precisionstermometrar","status":"publish","type":"page","link":"https:\/\/www.klasmeier.com\/sv\/produkter\/precisionstermometrar\/","title":{"rendered":"Precisionstermometrar"},"content":{"rendered":"\n<div class=\"wp-block-group alignfull has-global-padding is-layout-constrained wp-container-core-group-is-layout-d5d53815 wp-block-group-is-layout-constrained\" style=\"margin-top:0;margin-bottom:0;padding-top:var(--wp--preset--spacing--30);padding-right:var(--wp--preset--spacing--30);padding-bottom:var(--wp--preset--spacing--30);padding-left:var(--wp--preset--spacing--30)\">\n<figure class=\"wp-block-image aligncenter size-full is-resized has-custom-border hvr-grow\"><img loading=\"lazy\" decoding=\"async\" width=\"1280\" height=\"491\" src=\"https:\/\/www.klasmeier.com\/wp-content\/uploads\/2024\/03\/eXacal-Koffer-mit-Thermoelement.png\" alt=\"\" class=\"wp-image-1931\" style=\"border-radius:50px;width:1280px\" srcset=\"https:\/\/www.klasmeier.com\/wp-content\/uploads\/2024\/03\/eXacal-Koffer-mit-Thermoelement.png 1280w, https:\/\/www.klasmeier.com\/wp-content\/uploads\/2024\/03\/eXacal-Koffer-mit-Thermoelement-300x115.png 300w, https:\/\/www.klasmeier.com\/wp-content\/uploads\/2024\/03\/eXacal-Koffer-mit-Thermoelement-1024x393.png 1024w, https:\/\/www.klasmeier.com\/wp-content\/uploads\/2024\/03\/eXacal-Koffer-mit-Thermoelement-768x295.png 768w, https:\/\/www.klasmeier.com\/wp-content\/uploads\/2024\/03\/eXacal-Koffer-mit-Thermoelement-600x230.png 600w\" sizes=\"auto, (max-width: 1280px) 100vw, 1280px\" \/><\/figure>\n<\/div>\n\n<div class=\"wp-block-group alignfull has-global-padding is-layout-constrained wp-container-core-group-is-layout-c8acb7ff wp-block-group-is-layout-constrained\" style=\"margin-top:0;margin-bottom:0;padding-top:var(--wp--preset--spacing--30);padding-right:var(--wp--preset--spacing--30);padding-bottom:var(--wp--preset--spacing--30);padding-left:var(--wp--preset--spacing--30)\">\n<h2 class=\"wp-block-heading alignwide has-text-align-center\"><strong>Precisionstermometrar<\/strong><\/h2>\n\n\n\n<h3 class=\"wp-block-heading has-text-align-center\">Motst\u00e5ndstermometrar och termoelement<\/h3>\n\n\n\n<p>V\u00e5ra h\u00f6gkvalitativa termometrar finns tillg\u00e4ngliga inom tv\u00e5 produktomr\u00e5den: precisionstermometrar som motst\u00e5ndstermometrar samt termoelement. Hos Klasmeier s\u00e4ljer vi precisionstermometrar fr\u00e5n tv\u00e5 v\u00e4lk\u00e4nda varum\u00e4rken: <a href=\"https:\/\/www.klasmeier.com\/sv\/exacal\/\">eXacal<\/a> och <a href=\"https:\/\/www.klasmeier.com\/sv\/isotech-termometrar\/\">ISOTECH<\/a>. V\u00e5ra termometrar k\u00e4nnetecknas av h\u00f6gsta precision och kvalitet och kalibreras i v\u00e5rt eget <a href=\"https:\/\/www.klasmeier.com\/sv\/noggrann-temperaturkalibrering-fran-klasmeiers-kalibreringstjanst\/\">kalibreringslaboratorium enligt DAkkS (DIN EN ISO\/IEC 17025)<\/a>.  <\/p>\n<\/div>\n\n<div class=\"wp-block-group alignfull has-global-padding is-layout-constrained wp-container-core-group-is-layout-80fb368b wp-block-group-is-layout-constrained\" style=\"padding-top:var(--wp--preset--spacing--30);padding-right:var(--wp--preset--spacing--30);padding-bottom:var(--wp--preset--spacing--30);padding-left:var(--wp--preset--spacing--30)\">\n<h2 class=\"wp-block-heading has-text-align-center\"><strong>V\u00e5ra tv\u00e5 varum\u00e4rken i detalj<\/strong><\/h2>\n\n\n\n<div class=\"wp-block-columns alignwide is-layout-flex wp-container-core-columns-is-layout-5d045043 wp-block-columns-is-layout-flex\" style=\"padding-top:var(--wp--preset--spacing--30);padding-bottom:var(--wp--preset--spacing--30)\">\n<div class=\"wp-block-column is-vertically-aligned-stretch is-layout-flow wp-block-column-is-layout-flow\" style=\"padding-top:0;padding-right:0;padding-bottom:0;padding-left:0\">\n<div class=\"wp-block-group hvr-grow has-accent-background-color has-background is-vertical is-content-justification-stretch is-layout-flex wp-container-core-group-is-layout-41ec66f3 wp-block-group-is-layout-flex\" style=\"border-radius:50px;padding-top:var(--wp--preset--spacing--30);padding-right:var(--wp--preset--spacing--30);padding-bottom:var(--wp--preset--spacing--30);padding-left:var(--wp--preset--spacing--30)\">\n<figure class=\"wp-block-image size-full is-resized has-custom-border\"><a href=\"https:\/\/www.klasmeier.com\/sv\/isotech-termometrar\/\"><img loading=\"lazy\" decoding=\"async\" width=\"489\" height=\"67\" src=\"https:\/\/www.klasmeier.com\/wp-content\/uploads\/2024\/03\/ISOTECH-Logo-1.png\" alt=\"\" class=\"wp-image-1940\" style=\"border-radius:50px;width:547px;height:auto\" srcset=\"https:\/\/www.klasmeier.com\/wp-content\/uploads\/2024\/03\/ISOTECH-Logo-1.png 489w, https:\/\/www.klasmeier.com\/wp-content\/uploads\/2024\/03\/ISOTECH-Logo-1-300x41.png 300w\" sizes=\"auto, (max-width: 489px) 100vw, 489px\" \/><\/a><\/figure>\n\n\n\n<h3 class=\"wp-block-heading has-text-align-center\">ISOTECH precisionstermometrar<\/h3>\n\n\n\n<p><a href=\"https:\/\/www.klasmeier.com\/sv\/isotech-termometrar\/\">ISOTECH<\/a> \u00e4r en v\u00e4lk\u00e4nd m\u00e4rkestillverkare av produkter f\u00f6r temperaturkalibrering. Med \u00f6ver 40 \u00e5rs erfarenhet av termometertillverkning erbjuder ISOTECH allt som beh\u00f6vs, fr\u00e5n industriella temperaturm\u00e4tningar till avancerade temperaturkalibreringar vid fixpunkter.  <\/p>\n\n\n\n<p>ISOTECH-produkter s\u00e4ljs \u00f6ver hela v\u00e4rlden via ett omfattande distributionsn\u00e4tverk och anv\u00e4nds i en m\u00e4ngd olika applikationer.<\/p>\n\n\n\n<p class=\"has-text-align-left\"><strong>I v\u00e5rt sortiment ing\u00e5r:<\/strong><\/p>\n\n\n\n<p class=\"has-text-align-left\"><mark style=\"background-color:rgba(0, 0, 0, 0);color:#dd3333\" class=\"has-inline-color\"><i class=\"fas fa-circle-check\"><\/i><\/mark> <strong>SPRTs ITS-90 standardplatinamotst\u00e5ndstermometrar<\/strong><br\/><mark style=\"background-color:rgba(0, 0, 0, 0);color:#dd3333\" class=\"has-inline-color\"><i class=\"fas fa-circle-check\"><\/i><\/mark> <strong>\u00c4delmetallstermoelement av typerna R\/S, Pt\/Au och Pt\/PD<\/strong><br\/><mark style=\"background-color:rgba(0, 0, 0, 0);color:#dd3333\" class=\"has-inline-color\"><i class=\"fas fa-circle-check\"><\/i><\/mark> <strong>Semi-standarder f\u00f6r industriellt bruk<\/strong><\/p>\n\n\n\n<div class=\"wp-block-buttons is-content-justification-center is-layout-flex wp-container-core-buttons-is-layout-a89b3969 wp-block-buttons-is-layout-flex\">\n<div class=\"wp-block-button hvr-shrink is-style-outline is-style-outline--1\"><a class=\"wp-block-button__link wp-element-button\" href=\"https:\/\/www.klasmeier.com\/sv\/isotech-termometrar\/\">Till ISOTECH-termometrarna<\/a><\/div>\n<\/div>\n<\/div>\n<\/div>\n\n\n\n<div class=\"wp-block-column is-layout-flow wp-block-column-is-layout-flow\" style=\"padding-top:0;padding-right:0;padding-bottom:0;padding-left:0\">\n<div class=\"wp-block-group hvr-grow has-accent-background-color has-background is-vertical is-content-justification-stretch is-layout-flex wp-container-core-group-is-layout-21c4ce27 wp-block-group-is-layout-flex\" style=\"border-radius:50px;padding-top:var(--wp--preset--spacing--30);padding-right:var(--wp--preset--spacing--30);padding-bottom:var(--wp--preset--spacing--30);padding-left:var(--wp--preset--spacing--30)\">\n<figure class=\"wp-block-image size-full is-resized\"><a href=\"https:\/\/www.klasmeier.com\/sv\/exacal\/\"><img loading=\"lazy\" decoding=\"async\" width=\"489\" height=\"89\" src=\"https:\/\/www.klasmeier.com\/wp-content\/uploads\/2024\/03\/exacal-Logo.png\" alt=\"\" class=\"wp-image-1947\" style=\"width:544px;height:auto\" srcset=\"https:\/\/www.klasmeier.com\/wp-content\/uploads\/2024\/03\/exacal-Logo.png 489w, https:\/\/www.klasmeier.com\/wp-content\/uploads\/2024\/03\/exacal-Logo-300x55.png 300w\" sizes=\"auto, (max-width: 489px) 100vw, 489px\" \/><\/a><\/figure>\n\n\n\n<h3 class=\"wp-block-heading has-text-align-center\">eXacal precisionstermometer<\/h3>\n\n\n\n<p><a href=\"https:\/\/www.klasmeier.com\/sv\/exacal\/\">eXacal<\/a> precisionstermometrar \u00e4r speciellt framtagna f\u00f6r exakta temperaturm\u00e4tningar och som kalibreringsnormaler. De tillverkas f\u00f6r hand i v\u00e5r egen <a href=\"https:\/\/www.klasmeier.com\/sv\/termometermanufaktur\/\">termometermanufaktur<\/a> och kalibreras d\u00e4refter i v\u00e5rt <a href=\"https:\/\/www.klasmeier.com\/sv\/noggrann-temperaturkalibrering-fran-klasmeiers-kalibreringstjanst\/\">DAkkS-kalibreringslaboratorium enligt DIN IEC 17025<\/a>.  <\/p>\n\n\n\n<p><mark style=\"background-color:rgba(0, 0, 0, 0);color:#dd3333\" class=\"has-inline-color\"><i class=\"fas fa-circle-check\"><\/i><\/mark> <strong>Standardplatinamotst\u00e5ndstermometrar (SPRT):<\/strong> h\u00f6gprecisa referenssensorer f\u00f6r sp\u00e5rbarhet av temperaturm\u00e4tningar till den internationella temperaturskalan ITS-90, som anv\u00e4nds i kalibreringslaboratorier och inom metrologi. <br\/><mark style=\"background-color:rgba(0, 0, 0, 0);color:#dd3333\" class=\"has-inline-color\"><i class=\"fas fa-circle-check\"><\/i><\/mark> <strong>Precisionstermometrar:<\/strong> Idealiska som temperaturnormal vid kalibreringar eller f\u00f6r noggranna temperaturm\u00e4tningar. <br\/><mark style=\"background-color:rgba(0, 0, 0, 0);color:#dd3333\" class=\"has-inline-color\"><i class=\"fas fa-circle-check\"><\/i><\/mark> <strong>Industriella referenstermometrar (Pt100 och \u00e4delmetallstermoelement):<\/strong> Perfekt l\u00e4mpade f\u00f6r industriellt bruk, t.ex. i en torrblockskalibrator.<br\/><mark style=\"background-color:rgba(0, 0, 0, 0);color:#dd3333\" class=\"has-inline-color\"><i class=\"fas fa-circle-check\"><\/i><\/mark> <strong>Specialkonstruktioner:<\/strong> Vi tillverkar \u00e4ven precisionstermometrar enligt individuella krav.<\/p>\n\n\n\n<div class=\"wp-block-buttons is-content-justification-center is-layout-flex wp-container-core-buttons-is-layout-a89b3969 wp-block-buttons-is-layout-flex\">\n<div class=\"wp-block-button hvr-shrink is-style-outline is-style-outline--2\"><a class=\"wp-block-button__link wp-element-button\" href=\"https:\/\/www.klasmeier.com\/sv\/exacal\/\">Till eXacal-termometrarna<\/a><\/div>\n<\/div>\n<\/div>\n<\/div>\n<\/div>\n\n\n\n<div class=\"wp-block-group alignwide has-global-padding is-layout-constrained wp-block-group-is-layout-constrained\">\n<div class=\"wp-block-group alignwide hvr-grow has-accent-background-color has-background has-global-padding is-layout-constrained wp-container-core-group-is-layout-70cf6c39 wp-block-group-is-layout-constrained\" style=\"border-radius:50px;margin-top:var(--wp--preset--spacing--30);margin-bottom:var(--wp--preset--spacing--30);padding-top:var(--wp--preset--spacing--30);padding-right:var(--wp--preset--spacing--30);padding-bottom:var(--wp--preset--spacing--30);padding-left:var(--wp--preset--spacing--30)\">\n<h3 class=\"wp-block-heading has-text-align-center\">Kvalitet m\u00f6ter service:<br\/>Termometrar med ett komplett trygghetspaket<\/h3>\n\n\n\n<p>V\u00e5rt erbjudande omfattar inte bara f\u00f6rs\u00e4ljning av termometrar, utan \u00e4ven en omfattande service. <br\/>Om en av v\u00e5ra <strong>termometrar<\/strong> skulle g\u00e5 s\u00f6nder kan du <strong>l\u00e5ta reparera den i v\u00e5r egen <a href=\"https:\/\/www.klasmeier.com\/sv\/termometermanufaktur\/reparation-av-termometrar\/\">termometermanufaktur<\/a><\/strong>. Vi erbjuder dig d\u00e4rmed ett f\u00f6rdelaktigt helhetspaket och inte bara produktf\u00f6rs\u00e4ljning. <\/p>\n\n\n\n<p>V\u00e5r m\u00e5ng\u00e5riga expertis baseras p\u00e5 <strong>mer \u00e4n 20 \u00e5rs praktisk erfarenhet av kalibrering av precisionstermometrar<\/strong> vid fixpunkter i v\u00e5rt <a href=\"https:\/\/www.klasmeier.com\/sv\/noggrann-temperaturkalibrering-fran-klasmeiers-kalibreringstjanst\/\"><strong>kalibreringslaboratorium<\/strong><\/a>. V\u00e5ra kunder drar nytta av denna omfattande erfarenhet och kan lita p\u00e5 att deras termometrar alltid h\u00e5ller h\u00f6gsta standard. <\/p>\n<\/div>\n<\/div>\n<\/div>\n\n<div class=\"wp-block-group alignfull has-global-padding is-layout-constrained wp-container-core-group-is-layout-ff778368 wp-block-group-is-layout-constrained\" style=\"padding-right:var(--wp--preset--spacing--30);padding-left:var(--wp--preset--spacing--30)\">\n<h2 class=\"wp-block-heading has-text-align-center\"><strong>F\u00f6rdelar med v\u00e5ra termometrar<\/strong><\/h2>\n\n\n\n<div class=\"wp-block-columns alignwide are-vertically-aligned-top is-layout-flex wp-container-core-columns-is-layout-38638728 wp-block-columns-is-layout-flex\" style=\"margin-top:var(--wp--preset--spacing--40);margin-bottom:var(--wp--preset--spacing--40);padding-top:0;padding-right:0;padding-bottom:0;padding-left:0\">\n<div class=\"wp-block-column is-vertically-aligned-top hvr-grow is-layout-flow wp-block-column-is-layout-flow\" style=\"padding-top:0;padding-bottom:0\">\n<div class=\"wp-block-group has-accent-background-color has-background is-vertical is-content-justification-center is-layout-flex wp-container-core-group-is-layout-4fac4482 wp-block-group-is-layout-flex\" style=\"border-radius:50px;padding-top:var(--wp--preset--spacing--30);padding-right:var(--wp--preset--spacing--30);padding-bottom:var(--wp--preset--spacing--30);padding-left:var(--wp--preset--spacing--30)\">\n<p><mark style=\"background-color:rgba(0, 0, 0, 0);color:#dd3333\" class=\"has-inline-color\"><i class=\"fas fa-temperature-half fa-6x\"><\/i><\/mark><\/p>\n\n\n\n<p class=\"has-text-align-left\"><mark style=\"background-color:rgba(0, 0, 0, 0);color:#dd3333\" class=\"has-inline-color\"><i class=\"fas fa-circle-check\"><\/i><\/mark> <strong>H\u00f6gsta precision och kvalitet:<\/strong> V\u00e5ra termometrar k\u00e4nnetecknas av sin precision och kvalitet. Det uppn\u00e5r vi genom noggrant hantverk och m\u00e5ng\u00e5rig erfarenhet i v\u00e5r <a href=\"https:\/\/www.klasmeier.com\/sv\/termometermanufaktur\/\">manufaktur<\/a> \u2013 s\u00e5 att du kan lita p\u00e5 exakta m\u00e4tresultat. <br\/><mark style=\"background-color:rgba(0, 0, 0, 0);color:#dd3333\" class=\"has-inline-color\"><i class=\"fas fa-circle-check\"><\/i><\/mark> <strong>Komplett serviceutbud:<\/strong> Vi erbjuder mer \u00e4n bara f\u00f6rs\u00e4ljning av termometrar. V\u00e5r service omfattar \u00e4ven <strong>kalibreringar enligt DAkkS<\/strong> (DIN EN ISO\/IEC 17025) <strong>samt reparationer<\/strong> i v\u00e5r termometermanufaktur. Du har d\u00e4rmed en p\u00e5litlig partner f\u00f6r alla dina termometerbehov.  <br\/><mark style=\"background-color:rgba(0, 0, 0, 0);color:#dd3333\" class=\"has-inline-color\"><i class=\"fas fa-circle-check\"><\/i><\/mark> <strong>Sp\u00e5rbarhet:<\/strong> Med kalibreringar fr\u00e5n v\u00e5rt <a href=\"https:\/\/www.klasmeier.com\/sv\/noggrann-temperaturkalibrering-fran-klasmeiers-kalibreringstjanst\/\">DAkkS-laboratorium<\/a> \u00e4r v\u00e5ra termometrar <strong>sp\u00e5rbara enligt DIN IEC 17025<\/strong> till internationella standarder. <br\/><mark style=\"background-color:rgba(0, 0, 0, 0);color:#dd3333\" class=\"has-inline-color\"><i class=\"fas fa-circle-check\"><\/i><\/mark> <strong>Flexibel anpassning:<\/strong> Vi erbjuder skr\u00e4ddarsydda l\u00f6sningar f\u00f6r dina krav. Oavsett om det g\u00e4ller <strong>specialkonstruktioner eller specifika termometerkrav<\/strong> \u2013 s\u00e5 kan vi f\u00f6rverkliga dem. <\/p>\n<\/div>\n<\/div>\n\n\n\n<div class=\"wp-block-column is-vertically-aligned-top hvr-grow is-layout-flow wp-block-column-is-layout-flow\">\n<div class=\"wp-block-group has-accent-background-color has-background is-vertical is-content-justification-center is-layout-flex wp-container-core-group-is-layout-4fac4482 wp-block-group-is-layout-flex\" style=\"border-radius:50px;padding-top:var(--wp--preset--spacing--30);padding-right:var(--wp--preset--spacing--30);padding-bottom:var(--wp--preset--spacing--30);padding-left:var(--wp--preset--spacing--30)\">\n<p><mark style=\"background-color:rgba(0, 0, 0, 0);color:#dd3333\" class=\"has-inline-color\"><i class=\"fas fa-handshake fa-6x\"><\/i><\/mark><\/p>\n\n\n\n<p class=\"has-text-align-left\"><mark style=\"background-color:rgba(0, 0, 0, 0);color:#dd3333\" class=\"has-inline-color\"><i class=\"fas fa-circle-check\"><\/i><\/mark> <strong>Brett produktsortiment:<\/strong> Tack vare v\u00e5ra tv\u00e5 varum\u00e4rken, eXacal och ISOTECH, kan du <strong>v\u00e4lja ur ett brett produktsortiment<\/strong>. Oavsett om du beh\u00f6ver h\u00f6gprecisa temperaturm\u00e4tningar inom industri, forskning eller andra applikationer har vi r\u00e4tt l\u00f6sning f\u00f6r dig. <br\/><mark style=\"background-color:rgba(0, 0, 0, 0);color:#dd3333\" class=\"has-inline-color\"><i class=\"fas fa-circle-check\"><\/i><\/mark> <strong>Kundr\u00e5dgivning:<\/strong> V\u00e5ra <strong>experter st\u00e5r till f\u00f6rfogande med sin fackkunskap<\/strong> f\u00f6r att hj\u00e4lpa dig att v\u00e4lja r\u00e4tt termometer och svara p\u00e5 alla fr\u00e5gor om temperaturkalibrering. Vi str\u00e4var alltid efter att ge dig b\u00e4sta m\u00f6jliga r\u00e5dgivning. <br\/><mark style=\"background-color:rgba(0, 0, 0, 0);color:#dd3333\" class=\"has-inline-color\"><i class=\"fas fa-circle-check\"><\/i><\/mark> <strong>P\u00e5litlig partner:<\/strong> Med en l\u00e5ng historia inom temperaturm\u00e4tteknik och kalibrering \u00e4r vi en <strong>p\u00e5litlig partner f\u00f6r f\u00f6retag, forskningsinstitutioner och laboratorier<\/strong> v\u00e4rlden \u00f6ver. <br\/>Du kan r\u00e4kna med v\u00e5r p\u00e5litlighet och v\u00e5rt engagemang f\u00f6r h\u00f6gsta kvalitet.<\/p>\n<\/div>\n<\/div>\n<\/div>\n<\/div>\n\n<div class=\"wp-block-group alignfull has-global-padding is-layout-constrained wp-container-core-group-is-layout-0c8379ad wp-block-group-is-layout-constrained\" style=\"margin-top:var(--wp--preset--spacing--30);margin-bottom:var(--wp--preset--spacing--30);padding-top:var(--wp--preset--spacing--20);padding-right:var(--wp--preset--spacing--30);padding-bottom:var(--wp--preset--spacing--20);padding-left:var(--wp--preset--spacing--30)\">\n<div class=\"wp-block-columns alignwide hvr-grow has-accent-background-color has-background is-layout-flex wp-container-core-columns-is-layout-6e1574cc wp-block-columns-is-layout-flex\" style=\"border-radius:50px;margin-top:var(--wp--preset--spacing--40);margin-bottom:var(--wp--preset--spacing--40);padding-top:var(--wp--preset--spacing--30);padding-right:var(--wp--preset--spacing--30);padding-bottom:var(--wp--preset--spacing--30);padding-left:var(--wp--preset--spacing--30)\">\n<div class=\"wp-block-column is-vertically-aligned-center is-layout-flow wp-container-core-column-is-layout-f5bb311e wp-block-column-is-layout-flow\">\n<h2 class=\"wp-block-heading has-text-align-center\">Nicht das richtige Produkt f\u00fcr Sie?<\/h2>\n\n\n\n<div class=\"wp-block-buttons is-content-justification-center is-layout-flex wp-container-core-buttons-is-layout-a89b3969 wp-block-buttons-is-layout-flex\">\n<div class=\"wp-block-button hvr-shrink is-style-outline is-style-outline--3\"><a class=\"wp-block-button__link wp-element-button\" href=\"\/shop\/\">-> Hier geht&#8217;s zur\u00fcck zur \u00dcbersicht<\/a><\/div>\n<\/div>\n<\/div>\n<\/div>\n<\/div>\n","protected":false},"excerpt":{"rendered":"<p>Precisionstermometrar Motst\u00e5ndstermometrar och termoelement V\u00e5ra h\u00f6gkvalitativa termometrar finns tillg\u00e4ngliga inom tv\u00e5 produktomr\u00e5den: precisionstermometrar som motst\u00e5ndstermometrar samt termoelement. Hos Klasmeier s\u00e4ljer vi precisionstermometrar fr\u00e5n tv\u00e5 v\u00e4lk\u00e4nda varum\u00e4rken: eXacal och ISOTECH. V\u00e5ra termometrar k\u00e4nnetecknas av h\u00f6gsta precision och kvalitet och kalibreras i v\u00e5rt eget kalibreringslaboratorium enligt DAkkS (DIN EN ISO\/IEC 17025). V\u00e5ra tv\u00e5 varum\u00e4rken i detalj ISOTECH [&hellip;]<\/p>\n","protected":false},"author":4,"featured_media":0,"parent":10509,"menu_order":0,"comment_status":"closed","ping_status":"closed","template":"","meta":{"footnotes":""},"class_list":["post-15217","page","type-page","status-publish","hentry"],"_links":{"self":[{"href":"https:\/\/www.klasmeier.com\/sv\/wp-json\/wp\/v2\/pages\/15217","targetHints":{"allow":["GET"]}}],"collection":[{"href":"https:\/\/www.klasmeier.com\/sv\/wp-json\/wp\/v2\/pages"}],"about":[{"href":"https:\/\/www.klasmeier.com\/sv\/wp-json\/wp\/v2\/types\/page"}],"author":[{"embeddable":true,"href":"https:\/\/www.klasmeier.com\/sv\/wp-json\/wp\/v2\/users\/4"}],"replies":[{"embeddable":true,"href":"https:\/\/www.klasmeier.com\/sv\/wp-json\/wp\/v2\/comments?post=15217"}],"version-history":[{"count":1,"href":"https:\/\/www.klasmeier.com\/sv\/wp-json\/wp\/v2\/pages\/15217\/revisions"}],"predecessor-version":[{"id":15219,"href":"https:\/\/www.klasmeier.com\/sv\/wp-json\/wp\/v2\/pages\/15217\/revisions\/15219"}],"up":[{"embeddable":true,"href":"https:\/\/www.klasmeier.com\/sv\/wp-json\/wp\/v2\/pages\/10509"}],"wp:attachment":[{"href":"https:\/\/www.klasmeier.com\/sv\/wp-json\/wp\/v2\/media?parent=15217"}],"curies":[{"name":"wp","href":"https:\/\/api.w.org\/{rel}","templated":true}]}}