{"id":14891,"date":"2024-04-02T15:05:01","date_gmt":"2024-04-02T13:05:01","guid":{"rendered":"https:\/\/www.klasmeier.com\/produkter\/effektiva-laagtemperaturkalibratorer\/"},"modified":"2026-05-12T15:33:58","modified_gmt":"2026-05-12T13:33:58","slug":"effektiva-laagtemperaturkalibratorer","status":"publish","type":"page","link":"https:\/\/www.klasmeier.com\/sv\/produkter\/effektiva-laagtemperaturkalibratorer\/","title":{"rendered":"Effektiva l\u00e5gtemperaturkalibratorer"},"content":{"rendered":"\n<div class=\"wp-block-group alignfull has-global-padding is-layout-constrained wp-container-core-group-is-layout-b510c29b wp-block-group-is-layout-constrained\" style=\"padding-top:0;padding-bottom:0\">\n<h1 class=\"wp-block-heading alignwide has-text-align-center\" style=\"font-size:clamp(27.894px, 1.743rem + ((1vw - 3.2px) * 2.094), 48px);\"><strong>L\u00e5gtemperaturkalibratorer fr\u00e5n ISOTECH<\/strong><\/h1>\n\n\n\n<h2 class=\"wp-block-heading has-text-align-center\" style=\"font-size:clamp(15.747px, 0.984rem + ((1vw - 3.2px) * 0.86), 24px);\">Vill du <strong>kalibrera termometrar precist vid extremt l\u00e5ga temperaturer?<\/strong> <br\/>Standardiserade metoder och kalibreringsbad erbjuder inte det temperaturomr\u00e5de som beh\u00f6vs? <br\/><br\/>D\u00e5 har du kommit r\u00e4tt! <br\/><strong>V\u00e5ra l\u00e5gtemperaturkalibratorer m\u00f6jligg\u00f6r precisa kalibreringar \u00e4ven vid mycket l\u00e5ga temperaturer.<\/strong><\/h2>\n<\/div>\n\n<div class=\"wp-block-group alignfull has-global-padding is-layout-constrained wp-block-group-is-layout-constrained\" style=\"padding-top:0;padding-bottom:0\">\n<div class=\"wp-block-group alignwide has-global-padding is-content-justification-center is-layout-constrained wp-block-group-is-layout-constrained\" style=\"margin-top:var(--wp--preset--spacing--10);margin-bottom:var(--wp--preset--spacing--10)\">\n<div class=\"wp-block-group alignwide hvr-grow has-accent-background-color has-background has-global-padding is-layout-constrained wp-container-core-group-is-layout-9ea8ae60 wp-block-group-is-layout-constrained\" style=\"border-radius:50px;margin-top:var(--wp--preset--spacing--30);margin-bottom:var(--wp--preset--spacing--30);padding-top:var(--wp--preset--spacing--30);padding-right:var(--wp--preset--spacing--30);padding-bottom:var(--wp--preset--spacing--40);padding-left:var(--wp--preset--spacing--30)\">\n<div class=\"wp-block-group alignwide has-global-padding is-layout-constrained wp-container-core-group-is-layout-19e250f3 wp-block-group-is-layout-constrained\">\n<h3 class=\"wp-block-heading alignwide has-text-align-center\"><a href=\"https:\/\/www.klasmeier.com\/produkt\/cryostat-tiefkuehlkalibriereinrichtung\/\">Kryostat f\u00f6r kv\u00e4ve f\u00f6r termometerkalibrering<\/a><\/h3>\n<\/div>\n\n\n\n<div class=\"wp-block-columns is-layout-flex wp-container-core-columns-is-layout-0806ab5c wp-block-columns-is-layout-flex\" style=\"margin-top:var(--wp--preset--spacing--30);margin-bottom:var(--wp--preset--spacing--30)\">\n<div class=\"wp-block-column is-vertically-aligned-center is-layout-flow wp-block-column-is-layout-flow\" style=\"padding-right:0%;padding-left:0px;flex-basis:66%\">\n<p>Med kv\u00e4vekryostaten kan du kalibrera termometrar och termoelement vid s\u00e4rskilt l\u00e5ga temperaturer.<\/p>\n\n\n\n<p><mark style=\"background-color:rgba(0, 0, 0, 0);color:#dd3333\" class=\"has-inline-color\"><i class=\"fas fa-circle-check\"><\/i><\/mark> <strong>Temperaturomr\u00e5de -80 \u00b0C till -180 \u00b0C med fritt valbara kalibreringspunkter<\/strong><br\/><mark style=\"background-color:rgba(0, 0, 0, 0);color:#dd3333\" class=\"has-inline-color\"><i class=\"fas fa-circle-check\"><\/i><\/mark> <strong>ingen kontaminering av kalibreringsmedia<\/strong><br\/><mark style=\"background-color:rgba(0, 0, 0, 0);color:#dd3333\" class=\"has-inline-color\"><i class=\"fas fa-circle-check\"><\/i><\/mark> <strong>h\u00f6g noggrannhet tack vare kundspecifika kalibreringsinsatser <\/strong><br\/>(m\u00e5ste best\u00e4llas separat)<br\/><mark style=\"background-color:rgba(0, 0, 0, 0);color:#dd3333\" class=\"has-inline-color\"><i class=\"fas fa-circle-check\"><\/i><\/mark> <strong>Prisv\u00e4rd l\u00f6sning <\/strong>j\u00e4mf\u00f6rt med elektriska enheter med j\u00e4mf\u00f6rbart temperaturomr\u00e5de<\/p>\n<\/div>\n\n\n\n<div class=\"wp-block-column is-vertically-aligned-center is-layout-flow wp-block-column-is-layout-flow\" style=\"flex-basis:33%\">\n<figure class=\"wp-block-image aligncenter size-full is-resized has-custom-border\"><a href=\"https:\/\/www.klasmeier.com\/produkt\/cryostat-tiefkuehlkalibriereinrichtung\/\"><img loading=\"lazy\" decoding=\"async\" width=\"370\" height=\"370\" src=\"https:\/\/www.klasmeier.com\/wp-content\/uploads\/2024\/04\/Cryostat-zur-Thermometer-Kalibrierung.png\" alt=\"\" class=\"wp-image-2236\" style=\"border-radius:50px;width:322px;height:auto\" srcset=\"https:\/\/www.klasmeier.com\/wp-content\/uploads\/2024\/04\/Cryostat-zur-Thermometer-Kalibrierung.png 370w, https:\/\/www.klasmeier.com\/wp-content\/uploads\/2024\/04\/Cryostat-zur-Thermometer-Kalibrierung-300x300.png 300w, https:\/\/www.klasmeier.com\/wp-content\/uploads\/2024\/04\/Cryostat-zur-Thermometer-Kalibrierung-150x150.png 150w, https:\/\/www.klasmeier.com\/wp-content\/uploads\/2024\/04\/Cryostat-zur-Thermometer-Kalibrierung-100x100.png 100w\" sizes=\"auto, (max-width: 370px) 100vw, 370px\" \/><\/a><\/figure>\n<\/div>\n<\/div>\n\n\n\n<div class=\"wp-block-buttons is-content-justification-center is-layout-flex wp-container-core-buttons-is-layout-a89b3969 wp-block-buttons-is-layout-flex\">\n<div class=\"wp-block-button has-custom-font-size is-style-outline has-medium-font-size is-style-outline--1\"><a class=\"wp-block-button__link wp-element-button\" href=\"https:\/\/www.klasmeier.com\/produkt\/cryostat-tiefkuehlkalibriereinrichtung\/\" style=\"border-radius:50px;padding-top:var(--wp--preset--spacing--10);padding-right:var(--wp--preset--spacing--20);padding-bottom:var(--wp--preset--spacing--10);padding-left:var(--wp--preset--spacing--20)\">Till kv\u00e4vekryostaten<\/a><\/div>\n<\/div>\n<\/div>\n\n\n\n<div class=\"wp-block-group alignwide hvr-grow has-accent-background-color has-background has-global-padding is-layout-constrained wp-container-core-group-is-layout-9ea8ae60 wp-block-group-is-layout-constrained\" style=\"border-radius:50px;margin-top:var(--wp--preset--spacing--30);margin-bottom:var(--wp--preset--spacing--30);padding-top:var(--wp--preset--spacing--30);padding-right:var(--wp--preset--spacing--30);padding-bottom:var(--wp--preset--spacing--40);padding-left:var(--wp--preset--spacing--30)\">\n<div class=\"wp-block-group alignwide has-global-padding is-layout-constrained wp-container-core-group-is-layout-19e250f3 wp-block-group-is-layout-constrained\">\n<h3 class=\"wp-block-heading alignwide has-text-align-center\"><a href=\"https:\/\/www.klasmeier.com\/produkt\/stickstoff-siedepunktkalibrator\/\">Kv\u00e4vekokpunktskalibrator modell ITL M 18205<\/a><\/h3>\n<\/div>\n\n\n\n<div class=\"wp-block-columns is-layout-flex wp-container-core-columns-is-layout-0806ab5c wp-block-columns-is-layout-flex\" style=\"margin-top:var(--wp--preset--spacing--30);margin-bottom:var(--wp--preset--spacing--30)\">\n<div class=\"wp-block-column is-vertically-aligned-center is-layout-flow wp-block-column-is-layout-flow\" style=\"padding-right:0%;padding-left:0px;flex-basis:66%\">\n<p><mark style=\"background-color:rgba(0, 0, 0, 0);color:#dd3333\" class=\"has-inline-color\"><i class=\"fas fa-circle-check\"><\/i><\/mark> <strong>H\u00f6g m\u00e4tnoggrannhet till l\u00e5g kostnad<\/strong>: Genom j\u00e4mf\u00f6relsekalibrering kan m\u00e4tos\u00e4kerheter reduceras till \u00b10,002 K. Detta g\u00f6r att du kan utf\u00f6ra en precis kalibrering till en br\u00e5kdel av kostnaden f\u00f6r en fixpunktskalibrering. <br\/><mark style=\"background-color:rgba(0, 0, 0, 0);color:#dd3333\" class=\"has-inline-color\"><i class=\"fas fa-circle-check\"><\/i><\/mark> <strong>Ingen extern str\u00f6mk\u00e4lla kr\u00e4vs<\/strong> \u2013 Detta m\u00f6jligg\u00f6r en <strong>flexibel och anv\u00e4ndarv\u00e4nlig applikation<\/strong> av l\u00e5gtemperaturkalibratorn<\/p>\n<\/div>\n\n\n\n<div class=\"wp-block-column is-vertically-aligned-center is-layout-flow wp-block-column-is-layout-flow\" style=\"flex-basis:33%\">\n<figure class=\"wp-block-image aligncenter size-full is-resized has-custom-border\"><a href=\"https:\/\/www.klasmeier.com\/produkt\/stickstoff-siedepunktkalibrator\/\"><img loading=\"lazy\" decoding=\"async\" width=\"370\" height=\"370\" src=\"https:\/\/www.klasmeier.com\/wp-content\/uploads\/2024\/04\/Stickstoff-Siedepunktkalibrator.png\" alt=\"\" class=\"wp-image-2238\" style=\"border-radius:50px;width:322px;height:auto\" srcset=\"https:\/\/www.klasmeier.com\/wp-content\/uploads\/2024\/04\/Stickstoff-Siedepunktkalibrator.png 370w, https:\/\/www.klasmeier.com\/wp-content\/uploads\/2024\/04\/Stickstoff-Siedepunktkalibrator-300x300.png 300w, https:\/\/www.klasmeier.com\/wp-content\/uploads\/2024\/04\/Stickstoff-Siedepunktkalibrator-150x150.png 150w, https:\/\/www.klasmeier.com\/wp-content\/uploads\/2024\/04\/Stickstoff-Siedepunktkalibrator-100x100.png 100w\" sizes=\"auto, (max-width: 370px) 100vw, 370px\" \/><\/a><\/figure>\n<\/div>\n<\/div>\n\n\n\n<div class=\"wp-block-buttons is-content-justification-center is-layout-flex wp-container-core-buttons-is-layout-a89b3969 wp-block-buttons-is-layout-flex\">\n<div class=\"wp-block-button has-custom-font-size is-style-outline has-medium-font-size is-style-outline--2\"><a class=\"wp-block-button__link wp-element-button\" href=\"https:\/\/www.klasmeier.com\/produkt\/stickstoff-siedepunktkalibrator\/\" style=\"border-radius:50px;padding-top:var(--wp--preset--spacing--10);padding-right:var(--wp--preset--spacing--20);padding-bottom:var(--wp--preset--spacing--10);padding-left:var(--wp--preset--spacing--20)\">Till kv\u00e4vekokpunktskalibratorn<\/a><\/div>\n<\/div>\n<\/div>\n\n\n\n<div class=\"wp-block-group alignwide hvr-grow has-accent-background-color has-background has-global-padding is-layout-constrained wp-container-core-group-is-layout-9ea8ae60 wp-block-group-is-layout-constrained\" style=\"border-radius:50px;margin-top:var(--wp--preset--spacing--30);margin-bottom:var(--wp--preset--spacing--30);padding-top:var(--wp--preset--spacing--30);padding-right:var(--wp--preset--spacing--30);padding-bottom:var(--wp--preset--spacing--40);padding-left:var(--wp--preset--spacing--30)\">\n<div class=\"wp-block-group alignwide has-global-padding is-layout-constrained wp-container-core-group-is-layout-19e250f3 wp-block-group-is-layout-constrained\">\n<h3 class=\"wp-block-heading\"><a href=\"https:\/\/www.klasmeier.com\/produkt\/stickstoffsiedepunkt-kalibrator\/\">Kv\u00e4vekokpunktskalibrator modell 461<\/a><\/h3>\n<\/div>\n\n\n\n<div class=\"wp-block-columns is-layout-flex wp-container-core-columns-is-layout-0806ab5c wp-block-columns-is-layout-flex\" style=\"margin-top:var(--wp--preset--spacing--30);margin-bottom:var(--wp--preset--spacing--30)\">\n<div class=\"wp-block-column is-vertically-aligned-center is-layout-flow wp-block-column-is-layout-flow\" style=\"padding-right:0%;padding-left:0px;flex-basis:66%\">\n<p>Denna modell \u00e4r ett <strong>mer prisv\u00e4rt alternativ<\/strong> till ITL M 18205. <br\/>Kv\u00e4vekokpunktskalibratorn \u00e4r en enkel, \u00f6ppen enhet. Den best\u00e5r av ett Dewar-k\u00e4rl i rostfritt st\u00e5l som fylls med flytande kv\u00e4ve, ett isoleringsskikt d\u00e4r ett metalliskt utj\u00e4mningsblock \u00e4r placerat, och en termometerh\u00e5llare. <\/p>\n\n\n\n<p><mark style=\"background-color:rgba(0, 0, 0, 0);color:#dd3333\" class=\"has-inline-color\"><i class=\"fas fa-circle-check\"><\/i><\/mark> <strong>mycket enkel och s\u00e4ker anv\u00e4ndning<\/strong><br\/><mark style=\"background-color:rgba(0, 0, 0, 0);color:#dd3333\" class=\"has-inline-color\"><i class=\"fas fa-circle-check\"><\/i><\/mark> <strong>Temperaturomr\u00e5de -196 \u00b0C<\/strong><br\/><mark style=\"background-color:rgba(0, 0, 0, 0);color:#dd3333\" class=\"has-inline-color\"><i class=\"fas fa-circle-check\"><\/i><\/mark> <strong>Temperaturstabilitet \u00b10,002 \u00b0C<\/strong><br\/><mark style=\"background-color:rgba(0, 0, 0, 0);color:#dd3333\" class=\"has-inline-color\"><i class=\"fas fa-circle-check\"><\/i><\/mark> <strong><span style=\"font-size: 14pt;\">kostnadseffektiv<\/span><\/strong><\/p>\n<\/div>\n\n\n\n<div class=\"wp-block-column is-vertically-aligned-center is-layout-flow wp-block-column-is-layout-flow\" style=\"flex-basis:33%\">\n<figure class=\"wp-block-image aligncenter size-full is-resized has-custom-border\"><a href=\"https:\/\/www.klasmeier.com\/produkt\/stickstoffsiedepunkt-kalibrator\/\"><img loading=\"lazy\" decoding=\"async\" width=\"370\" height=\"370\" src=\"https:\/\/www.klasmeier.com\/wp-content\/uploads\/Stickstoff-Siedepunktkalibrator-461.png\" alt=\"\" class=\"wp-image-3590\" style=\"border-radius:50px;width:322px;height:auto\" srcset=\"https:\/\/www.klasmeier.com\/wp-content\/uploads\/Stickstoff-Siedepunktkalibrator-461.png 370w, https:\/\/www.klasmeier.com\/wp-content\/uploads\/Stickstoff-Siedepunktkalibrator-461-300x300.png 300w, https:\/\/www.klasmeier.com\/wp-content\/uploads\/Stickstoff-Siedepunktkalibrator-461-150x150.png 150w, https:\/\/www.klasmeier.com\/wp-content\/uploads\/Stickstoff-Siedepunktkalibrator-461-100x100.png 100w\" sizes=\"auto, (max-width: 370px) 100vw, 370px\" \/><\/a><\/figure>\n<\/div>\n<\/div>\n\n\n\n<div class=\"wp-block-buttons is-content-justification-center is-layout-flex wp-container-core-buttons-is-layout-a89b3969 wp-block-buttons-is-layout-flex\">\n<div class=\"wp-block-button has-custom-font-size is-style-outline has-medium-font-size is-style-outline--3\"><a class=\"wp-block-button__link wp-element-button\" href=\"https:\/\/www.klasmeier.com\/produkt\/stickstoffsiedepunkt-kalibrator\/\" style=\"border-radius:50px;padding-top:var(--wp--preset--spacing--10);padding-right:var(--wp--preset--spacing--20);padding-bottom:var(--wp--preset--spacing--10);padding-left:var(--wp--preset--spacing--20)\">Till kv\u00e4vekokpunktskalibrator 461<\/a><\/div>\n<\/div>\n<\/div>\n<\/div>\n<\/div>\n\n<div class=\"wp-block-group alignfull has-global-padding is-layout-constrained wp-block-group-is-layout-constrained\" style=\"margin-top:var(--wp--preset--spacing--30);margin-bottom:var(--wp--preset--spacing--30);padding-top:var(--wp--preset--spacing--20);padding-bottom:var(--wp--preset--spacing--20)\">\n<div class=\"wp-block-columns alignwide hvr-grow has-accent-background-color has-background is-layout-flex wp-container-core-columns-is-layout-6e1574cc wp-block-columns-is-layout-flex\" style=\"border-radius:50px;margin-top:var(--wp--preset--spacing--40);margin-bottom:var(--wp--preset--spacing--40);padding-top:var(--wp--preset--spacing--30);padding-right:var(--wp--preset--spacing--30);padding-bottom:var(--wp--preset--spacing--30);padding-left:var(--wp--preset--spacing--30)\">\n<div class=\"wp-block-column is-vertically-aligned-center is-layout-flow wp-container-core-column-is-layout-f5bb311e wp-block-column-is-layout-flow\">\n<h2 class=\"wp-block-heading has-text-align-center\">Nicht das richtige Produkt f\u00fcr Sie?<\/h2>\n\n\n\n<div class=\"wp-block-buttons is-content-justification-center is-layout-flex wp-container-core-buttons-is-layout-a89b3969 wp-block-buttons-is-layout-flex\">\n<div class=\"wp-block-button hvr-shrink is-style-outline is-style-outline--4\"><a class=\"wp-block-button__link wp-element-button\" href=\"\/shop\/\">-> Hier geht&#8217;s zur\u00fcck zur \u00dcbersicht<\/a><\/div>\n<\/div>\n<\/div>\n<\/div>\n<\/div>\n","protected":false},"excerpt":{"rendered":"<p>L\u00e5gtemperaturkalibratorer fr\u00e5n ISOTECH Vill du kalibrera termometrar precist vid extremt l\u00e5ga temperaturer? Standardiserade metoder och kalibreringsbad erbjuder inte det temperaturomr\u00e5de som beh\u00f6vs? D\u00e5 har du kommit r\u00e4tt! V\u00e5ra l\u00e5gtemperaturkalibratorer m\u00f6jligg\u00f6r precisa kalibreringar \u00e4ven vid mycket l\u00e5ga temperaturer. Kryostat f\u00f6r kv\u00e4ve f\u00f6r termometerkalibrering Med kv\u00e4vekryostaten kan du kalibrera termometrar och termoelement vid s\u00e4rskilt l\u00e5ga temperaturer. Temperaturomr\u00e5de [&hellip;]<\/p>\n","protected":false},"author":4,"featured_media":0,"parent":10509,"menu_order":0,"comment_status":"closed","ping_status":"closed","template":"","meta":{"footnotes":""},"class_list":["post-14891","page","type-page","status-publish","hentry"],"_links":{"self":[{"href":"https:\/\/www.klasmeier.com\/sv\/wp-json\/wp\/v2\/pages\/14891","targetHints":{"allow":["GET"]}}],"collection":[{"href":"https:\/\/www.klasmeier.com\/sv\/wp-json\/wp\/v2\/pages"}],"about":[{"href":"https:\/\/www.klasmeier.com\/sv\/wp-json\/wp\/v2\/types\/page"}],"author":[{"embeddable":true,"href":"https:\/\/www.klasmeier.com\/sv\/wp-json\/wp\/v2\/users\/4"}],"replies":[{"embeddable":true,"href":"https:\/\/www.klasmeier.com\/sv\/wp-json\/wp\/v2\/comments?post=14891"}],"version-history":[{"count":3,"href":"https:\/\/www.klasmeier.com\/sv\/wp-json\/wp\/v2\/pages\/14891\/revisions"}],"predecessor-version":[{"id":14962,"href":"https:\/\/www.klasmeier.com\/sv\/wp-json\/wp\/v2\/pages\/14891\/revisions\/14962"}],"up":[{"embeddable":true,"href":"https:\/\/www.klasmeier.com\/sv\/wp-json\/wp\/v2\/pages\/10509"}],"wp:attachment":[{"href":"https:\/\/www.klasmeier.com\/sv\/wp-json\/wp\/v2\/media?parent=14891"}],"curies":[{"name":"wp","href":"https:\/\/api.w.org\/{rel}","templated":true}]}}