{"id":14583,"date":"2024-05-21T16:41:12","date_gmt":"2024-05-21T14:41:12","guid":{"rendered":"https:\/\/www.klasmeier.com\/integritetspolicy\/"},"modified":"2026-05-12T15:25:18","modified_gmt":"2026-05-12T13:25:18","slug":"integritetspolicy","status":"publish","type":"page","link":"https:\/\/www.klasmeier.com\/sv\/integritetspolicy\/","title":{"rendered":"Integritetspolicy"},"content":{"rendered":"\n<div class=\"wp-block-group alignwide is-vertical is-layout-flex wp-container-core-group-is-layout-ab79abe2 wp-block-group-is-layout-flex\" style=\"padding-top:var(--wp--preset--spacing--30);padding-bottom:var(--wp--preset--spacing--30)\">\n<h2 class=\"wp-block-heading\"><strong>Integritetspolicy<\/strong><\/h2>\n\n\n\n<p>Personuppgifter (h\u00e4danefter oftast kallade \u201ddata\u201d) behandlas av oss endast i den utstr\u00e4ckning det \u00e4r n\u00f6dv\u00e4ndigt och i syfte att tillhandah\u00e5lla en funktionell och anv\u00e4ndarv\u00e4nlig webbplats, inklusive dess inneh\u00e5ll och de tj\u00e4nster som erbjuds d\u00e4r.<\/p>\n\n\n\n<p>Enligt artikel 4 punkt 1 i f\u00f6rordning (EU) 2016\/679, det vill s\u00e4ga dataskyddsf\u00f6rordningen (h\u00e4danefter endast kallad \u201dGDPR\u201d), avses med \u201dbehandling\u201d varje \u00e5tg\u00e4rd eller serie av \u00e5tg\u00e4rder som utf\u00f6rs med eller utan hj\u00e4lp av automatiserade f\u00f6rfaranden med personuppgifter, s\u00e5som insamling, registrering, organisering, strukturering, lagring, anpassning eller \u00e4ndring, \u00e5tervinning, inh\u00e4mtning, anv\u00e4ndning, utl\u00e4mnande genom \u00f6verf\u00f6ring, spridning eller annat tillhandah\u00e5llande, justering eller sammanf\u00f6rande, begr\u00e4nsning, radering eller f\u00f6rst\u00f6ring.<\/p>\n\n\n\n<p>Med den f\u00f6ljande integritetspolicyn informerar vi dig s\u00e4rskilt om typ, omfattning, syfte, varaktighet och r\u00e4ttslig grund f\u00f6r behandlingen av personuppgifter, i den m\u00e5n vi antingen ensamma eller tillsammans med andra beslutar om syftena och medlen f\u00f6r behandlingen. Dessutom informerar vi dig nedan om de tredjepartskomponenter som vi anv\u00e4nder f\u00f6r optimerings\u00e4ndam\u00e5l och f\u00f6r att \u00f6ka anv\u00e4ndningskvaliteten, i den m\u00e5n tredje parter behandlar data p\u00e5 eget ansvar genom dessa. <\/p>\n\n\n\n<p>V\u00e5r integritetspolicy \u00e4r strukturerad enligt f\u00f6ljande:<\/p>\n\n\n\n<p>I. Information om oss som ansvariga<br\/>II. Anv\u00e4ndares och registrerades r\u00e4ttigheter<br\/>III. Information om databehandling<\/p>\n<\/div>\n\n<div class=\"wp-block-group alignwide is-vertical is-layout-flex wp-container-core-group-is-layout-421549ea wp-block-group-is-layout-flex\" style=\"padding-top:var(--wp--preset--spacing--20);padding-bottom:var(--wp--preset--spacing--20)\">\n<h3 class=\"wp-block-heading\">I. Information om oss som ansvariga<\/h3>\n\n\n\n<p>Ansvarig leverant\u00f6r av denna webbplats i dataskyddsr\u00e4ttslig mening \u00e4r:<\/p>\n\n\n\n<p><strong>Klasmeier<\/strong><br\/>Kalibrier- und Messtechnik GmbH<\/p>\n\n\n\n<p>Flemingstra\u00dfe 12-14<br\/>D-36041 Fulda<\/p>\n\n\n\n<p>Verkst\u00e4llande direkt\u00f6r med beh\u00f6righet att f\u00f6retr\u00e4da: Dipl.-Ing. (FH) Thomas Klasmeier<\/p>\n\n\n\n<p>Registreringsdomstol: Amtsgericht Fulda<br\/>Registreringsnummer: 5 HRB 727<br\/>Momsregistreringsnummer enligt \u00a7 27 a Umsatzsteuergesetz: DE 112403195<\/p>\n\n\n\n<p>Du n\u00e5r dataskyddsombudet hos leverant\u00f6ren via v\u00e5rt kontaktformul\u00e4r: https:\/\/www.klasmeier.com\/unternehmen\/nehmen-sie-kontakt-mit-uns-auf\/<\/p>\n<\/div>\n\n<div class=\"wp-block-group alignwide is-vertical is-layout-flex wp-container-core-group-is-layout-421549ea wp-block-group-is-layout-flex\" style=\"padding-top:var(--wp--preset--spacing--20);padding-bottom:var(--wp--preset--spacing--20)\">\n<h3 class=\"wp-block-heading\">II. Anv\u00e4ndares och registrerades r\u00e4ttigheter<\/h3>\n\n\n\n<p>Med h\u00e4nsyn till den databehandling som beskrivs mer detaljerat nedan har anv\u00e4ndare och registrerade r\u00e4tt att<\/p>\n\n\n\n<ul class=\"wp-block-list\">\n<li>f\u00e5 bekr\u00e4ftelse p\u00e5 om uppgifter som r\u00f6r dem behandlas, att f\u00e5 information om de behandlade uppgifterna, ytterligare information om databehandlingen samt kopior av uppgifterna (se \u00e4ven artikel 15 GDPR);<\/li>\n\n\n\n<li>till r\u00e4ttelse eller komplettering av felaktiga eller ofullst\u00e4ndiga uppgifter (se \u00e4ven artikel 16 GDPR);<\/li>\n\n\n\n<li>till omedelbar radering av uppgifter som r\u00f6r dem (se \u00e4ven artikel 17 GDPR), eller, alternativt, i den m\u00e5n ytterligare behandling \u00e4r n\u00f6dv\u00e4ndig enligt artikel 17.3 GDPR, till begr\u00e4nsning av behandlingen i enlighet med artikel 18 GDPR; <\/li>\n\n\n\n<li>att f\u00e5 de uppgifter som r\u00f6r dem och som de har tillhandah\u00e5llit, och att f\u00e5 dessa uppgifter \u00f6verf\u00f6rda till andra leverant\u00f6rer\/ansvariga (se \u00e4ven artikel 20 GDPR);<\/li>\n\n\n\n<li>att l\u00e4mna in klagom\u00e5l till tillsynsmyndigheten, om de anser att uppgifter som r\u00f6r dem behandlas av leverant\u00f6ren i strid med dataskyddsbest\u00e4mmelser (se \u00e4ven artikel 77 GDPR).<\/li>\n<\/ul>\n\n\n\n<p>Dessutom \u00e4r leverant\u00f6ren skyldig att informera alla mottagare till vilka uppgifter har l\u00e4mnats ut av leverant\u00f6ren om varje r\u00e4ttelse eller radering av uppgifter eller begr\u00e4nsning av behandlingen som sker p\u00e5 grund av artiklarna 16, 17.1, 18 GDPR. Denna skyldighet g\u00e4ller dock inte om s\u00e5dan kommunikation \u00e4r om\u00f6jlig eller inneb\u00e4r en oproportionerlig anstr\u00e4ngning. Utan hinder av detta har anv\u00e4ndaren r\u00e4tt att f\u00e5 information om dessa mottagare.   <\/p>\n\n\n\n<p><strong>Anv\u00e4ndare och registrerade har ocks\u00e5 r\u00e4tt att inv\u00e4nda mot framtida behandling av uppgifter som r\u00f6r dem, enligt artikel 21 GDPR, om uppgifterna behandlas av leverant\u00f6ren i enlighet med artikel 6.1 f) GDPR. S\u00e4rskilt \u00e4r en inv\u00e4ndning mot databehandling i syfte att bedriva direktmarknadsf\u00f6ring till\u00e5ten.   <\/strong><\/p>\n<\/div>\n\n<div class=\"wp-block-group alignwide is-vertical is-layout-flex wp-container-core-group-is-layout-421549ea wp-block-group-is-layout-flex\" style=\"padding-top:var(--wp--preset--spacing--20);padding-bottom:var(--wp--preset--spacing--20)\">\n<h3 class=\"wp-block-heading\">III. Information om databehandling<\/h3>\n\n\n\n<p>Dina uppgifter som behandlas vid anv\u00e4ndning av v\u00e5r webbplats raderas eller blockeras s\u00e5 snart syftet med lagringen upph\u00f6r, inga lagstadgade lagringsskyldigheter hindrar raderingen av uppgifterna och inga andra uppgifter om enskilda behandlingsf\u00f6rfaranden anges nedan.<\/p>\n\n\n\n<div class=\"wp-block-group is-vertical is-layout-flex wp-container-core-group-is-layout-fb00d1fc wp-block-group-is-layout-flex\" style=\"padding-top:var(--wp--preset--spacing--10);padding-bottom:var(--wp--preset--spacing--10)\">\n<h4 class=\"wp-block-heading\"><strong>Serverdata<\/strong><\/h4>\n\n\n\n<p>Av tekniska sk\u00e4l, s\u00e4rskilt f\u00f6r att s\u00e4kerst\u00e4lla en s\u00e4ker och stabil webbplats, \u00f6verf\u00f6rs data fr\u00e5n din webbl\u00e4sare till oss eller till v\u00e5r webbhotellleverant\u00f6r. Med dessa s\u00e5 kallade serverloggfiler samlas bland annat typ och version av din webbl\u00e4sare, operativsystemet, webbplatsen fr\u00e5n vilken du kom till v\u00e5r webbplats (referrer-URL), de webbplatser p\u00e5 v\u00e5r webbplats som du bes\u00f6ker, datum och tid f\u00f6r respektive \u00e5tkomst samt IP-adressen f\u00f6r den internetanslutning fr\u00e5n vilken v\u00e5r webbplats anv\u00e4nds, in. <\/p>\n\n\n\n<p>Dessa insamlade uppgifter lagras tillf\u00e4lligt, men inte tillsammans med andra uppgifter fr\u00e5n dig.<\/p>\n\n\n\n<p>Denna lagring sker p\u00e5 den r\u00e4ttsliga grunden i artikel 6.1 f) GDPR. V\u00e5rt ber\u00e4ttigade intresse ligger i att f\u00f6rb\u00e4ttra, stabilisera, funktionalisera och s\u00e4kra v\u00e5r webbplats.   <\/p>\n\n\n\n<p>Uppgifterna raderas senast efter sju dagar, om inte ytterligare lagring \u00e4r n\u00f6dv\u00e4ndig f\u00f6r bevis\u00e4ndam\u00e5l. I annat fall \u00e4r uppgifterna helt eller delvis undantagna fr\u00e5n radering tills en incident slutgiltigt har klarlagts. <\/p>\n<\/div>\n\n\n\n<div class=\"wp-block-group is-vertical is-layout-flex wp-container-core-group-is-layout-fb00d1fc wp-block-group-is-layout-flex\" style=\"padding-top:var(--wp--preset--spacing--10);padding-bottom:var(--wp--preset--spacing--10)\">\n<h4 class=\"wp-block-heading\"><strong>Cookies<\/strong><\/h4>\n\n\n\n<p><strong>a) Sessionscookies<\/strong><\/p>\n\n\n\n<p>Vi anv\u00e4nder s\u00e5 kallade cookies p\u00e5 v\u00e5r webbplats. Cookies \u00e4r sm\u00e5 textfiler eller andra lagringstekniker som placeras och lagras p\u00e5 din enhet av den webbl\u00e4sare du anv\u00e4nder. Genom dessa cookies behandlas viss information om dig, s\u00e5som din webbl\u00e4sar- eller platsdata eller din IP-adress, i individuell omfattning.  <\/p>\n\n\n\n<p>Genom denna behandling blir v\u00e5r webbplats mer anv\u00e4ndarv\u00e4nlig, effektiv och s\u00e4ker, eftersom behandlingen till exempel m\u00f6jligg\u00f6r visning av v\u00e5r webbplats p\u00e5 olika spr\u00e5k eller erbjudande av en varukorgsfunktion. <\/p>\n\n\n\n<p>R\u00e4ttslig grund f\u00f6r denna behandling \u00e4r artikel 6.1 b) GDPR, om dessa cookies behandlar data f\u00f6r att initiera eller genomf\u00f6ra ett avtal.<\/p>\n\n\n\n<p>Om behandlingen inte syftar till att initiera eller genomf\u00f6ra ett avtal, ligger v\u00e5rt ber\u00e4ttigade intresse i att f\u00f6rb\u00e4ttra funktionaliteten p\u00e5 v\u00e5r webbplats. R\u00e4ttslig grund \u00e4r d\u00e5 artikel 6.1 f) GDPR.   <\/p>\n\n\n\n<p>Dessa sessionscookies raderas n\u00e4r du st\u00e4nger din webbl\u00e4sare.<\/p>\n\n\n\n<p><strong>b) Tredjepartscookies<\/strong><\/p>\n\n\n\n<p>I f\u00f6rekommande fall anv\u00e4nds \u00e4ven cookies fr\u00e5n partnerf\u00f6retag p\u00e5 v\u00e5r webbplats, med vilka vi samarbetar i syfte att marknadsf\u00f6ra, analysera eller f\u00f6r funktionaliteten p\u00e5 v\u00e5r webbplats.<\/p>\n\n\n\n<p>Detaljer om detta, s\u00e4rskilt om syftena och de r\u00e4ttsliga grunderna f\u00f6r behandlingen av s\u00e5dana tredjepartscookies, finns i f\u00f6ljande information.<\/p>\n\n\n\n<p><strong>c) M\u00f6jlighet till borttagning<\/strong><\/p>\n\n\n\n<p>Du kan f\u00f6rhindra eller begr\u00e4nsa installationen av cookies genom en inst\u00e4llning i din webbl\u00e4sare. Du kan ocks\u00e5 radera redan lagrade cookies n\u00e4r som helst. De n\u00f6dv\u00e4ndiga stegen och \u00e5tg\u00e4rderna f\u00f6r detta beror dock p\u00e5 den specifika webbl\u00e4sare du anv\u00e4nder. Vid fr\u00e5gor, anv\u00e4nd d\u00e4rf\u00f6r hj\u00e4lpfunktionen eller dokumentationen f\u00f6r din webbl\u00e4sare eller kontakta dess tillverkare eller support. N\u00e4r det g\u00e4ller s\u00e5 kallade Flash-cookies kan behandlingen dock inte f\u00f6rhindras via webbl\u00e4sarens inst\u00e4llningar. Ist\u00e4llet m\u00e5ste du \u00e4ndra inst\u00e4llningarna f\u00f6r din Flash Player. \u00c4ven h\u00e4r beror de n\u00f6dv\u00e4ndiga stegen och \u00e5tg\u00e4rderna p\u00e5 den specifika Flash Player du anv\u00e4nder. Vid fr\u00e5gor, anv\u00e4nd d\u00e4rf\u00f6r \u00e4ven hj\u00e4lpfunktionen eller dokumentationen f\u00f6r din Flash Player eller kontakta tillverkaren eller anv\u00e4ndarsupporten.       <\/p>\n\n\n\n<p>Om du f\u00f6rhindrar eller begr\u00e4nsar installationen av cookies kan det dock leda till att inte alla funktioner p\u00e5 v\u00e5r webbplats \u00e4r fullt anv\u00e4ndbara.<\/p>\n<\/div>\n\n\n\n<div class=\"wp-block-group is-vertical is-layout-flex wp-container-core-group-is-layout-fb00d1fc wp-block-group-is-layout-flex\" style=\"padding-top:var(--wp--preset--spacing--10);padding-bottom:var(--wp--preset--spacing--10)\">\n<h4 class=\"wp-block-heading\"><strong>Avtalshantering<\/strong><\/h4>\n\n\n\n<p>De uppgifter du l\u00e4mnar f\u00f6r att anv\u00e4nda v\u00e5rt utbud av varor och\/eller tj\u00e4nster behandlas av oss i syfte att hantera avtalet och \u00e4r i detta avseende n\u00f6dv\u00e4ndiga. Avtalsslut och avtalshantering \u00e4r inte m\u00f6jliga utan att du tillhandah\u00e5ller dina uppgifter. <\/p>\n\n\n\n<p>R\u00e4ttslig grund f\u00f6r behandlingen \u00e4r artikel 6.1 b) GDPR.  <\/p>\n\n\n\n<p>Vi raderar uppgifterna vid fullst\u00e4ndig avtalshantering, men m\u00e5ste d\u00e5 beakta de skatte- och handelsr\u00e4ttsliga lagringstiderna.<\/p>\n\n\n\n<p>Inom ramen f\u00f6r avtalshanteringen vidarebefordrar vi dina uppgifter till det transportf\u00f6retag som ansvarar f\u00f6r varuleveransen eller till finansiella tj\u00e4nsteleverant\u00f6rer, i den m\u00e5n vidarebefordran \u00e4r n\u00f6dv\u00e4ndig f\u00f6r varuleverans eller betalnings\u00e4ndam\u00e5l.<\/p>\n\n\n\n<p>R\u00e4ttslig grund f\u00f6r vidarebefordran av uppgifterna \u00e4r d\u00e5 artikel 6.1 b) GDPR.  <\/p>\n<\/div>\n\n\n\n<div class=\"wp-block-group is-vertical is-layout-flex wp-container-core-group-is-layout-fb00d1fc wp-block-group-is-layout-flex\" style=\"padding-top:var(--wp--preset--spacing--10);padding-bottom:var(--wp--preset--spacing--10)\">\n<h4 class=\"wp-block-heading\"><strong>Kundkonto \/ Registreringsfunktion<\/strong><\/h4>\n\n\n\n<p>Om du skapar ett kundkonto hos oss via v\u00e5r webbplats, kommer vi att samla in och lagra de uppgifter du anger vid registreringen (t.ex. ditt namn, din adress eller din e-postadress) uteslutande f\u00f6r f\u00f6rhandsavtalstj\u00e4nster, f\u00f6r avtalsuppfyllelse eller f\u00f6r kundv\u00e5rd (t.ex. f\u00f6r att ge dig en \u00f6versikt \u00f6ver dina tidigare best\u00e4llningar hos oss eller f\u00f6r att kunna erbjuda dig en \u201d\u00f6nskelista\u201d-funktion). Samtidigt lagrar vi d\u00e5 IP-adressen och datumet f\u00f6r din registrering samt tidpunkten. Dessa uppgifter vidarebefordras naturligtvis inte till tredje part.  <\/p>\n\n\n\n<p>Inom ramen f\u00f6r den fortsatta registreringsprocessen inh\u00e4mtas ditt samtycke till denna behandling och h\u00e4nvisning g\u00f6rs till denna integritetspolicy. De uppgifter vi samlar in anv\u00e4nds uteslutande f\u00f6r att tillhandah\u00e5lla kundkontot. <\/p>\n\n\n\n<p>I den m\u00e5n du samtycker till denna behandling \u00e4r artikel 6.1 a) GDPR r\u00e4ttslig grund f\u00f6r behandlingen.  <\/p>\n\n\n\n<p>Om \u00f6ppnandet av kundkontot dessutom tj\u00e4nar f\u00f6rhandsavtals\u00e5tg\u00e4rder eller avtalsuppfyllelse, \u00e4r r\u00e4ttslig grund f\u00f6r denna behandling \u00e4ven artikel 6.1 b) GDPR.  <\/p>\n\n\n\n<p>Du kan n\u00e4r som helst \u00e5terkalla ditt samtycke till \u00f6ppnandet och underh\u00e5llet av kundkontot med verkan f\u00f6r framtiden, i enlighet med artikel 7.3 GDPR. F\u00f6r detta beh\u00f6ver du bara informera oss om ditt \u00e5terkallande.  <\/p>\n\n\n\n<p>De insamlade uppgifterna raderas s\u00e5 snart behandlingen inte l\u00e4ngre \u00e4r n\u00f6dv\u00e4ndig. H\u00e4r m\u00e5ste vi dock beakta skatte- och handelsr\u00e4ttsliga lagringstider. <\/p>\n<\/div>\n\n\n\n<div class=\"wp-block-group is-vertical is-layout-flex wp-container-core-group-is-layout-fb00d1fc wp-block-group-is-layout-flex\" style=\"padding-top:var(--wp--preset--spacing--10);padding-bottom:var(--wp--preset--spacing--10)\">\n<h4 class=\"wp-block-heading\"><strong>Nyhetsbrev<\/strong><\/h4>\n\n\n\n<p>Om du anm\u00e4ler dig till v\u00e5rt kostnadsfria nyhetsbrev \u00f6verf\u00f6rs de uppgifter som efterfr\u00e5gas f\u00f6r detta, det vill s\u00e4ga din e-postadress samt \u2013 valfritt \u2013 ditt namn och din adress, till oss. Samtidigt lagrar vi IP-adressen f\u00f6r den internetanslutning fr\u00e5n vilken du f\u00e5r \u00e5tkomst till v\u00e5r webbplats samt datum och tid f\u00f6r din anm\u00e4lan. Inom ramen f\u00f6r den fortsatta registreringsprocessen kommer vi att inh\u00e4mta ditt samtycke till utskick av nyhetsbrevet, beskriva inneh\u00e5llet konkret och h\u00e4nvisa till denna integritetspolicy. De insamlade uppgifterna anv\u00e4nder vi uteslutande f\u00f6r nyhetsbrevsutskick \u2013 de vidarebefordras d\u00e4rf\u00f6r s\u00e4rskilt inte till tredje part.   <\/p>\n\n\n\n<p>R\u00e4ttslig grund f\u00f6r detta \u00e4r artikel 6.1 a) GDPR.  <\/p>\n\n\n\n<p>Du kan n\u00e4r som helst \u00e5terkalla ditt samtycke till nyhetsbrevsutskick med verkan f\u00f6r framtiden, i enlighet med artikel 7.3 GDPR. F\u00f6r detta beh\u00f6ver du bara informera oss om ditt \u00e5terkallande eller klicka p\u00e5 avregistreringsl\u00e4nken som finns i varje nyhetsbrev.  <\/p>\n<\/div>\n\n\n\n<div class=\"wp-block-group is-vertical is-layout-flex wp-container-core-group-is-layout-fb00d1fc wp-block-group-is-layout-flex\" style=\"padding-top:var(--wp--preset--spacing--10);padding-bottom:var(--wp--preset--spacing--10)\">\n<h4 class=\"wp-block-heading\"><strong>Kontaktf\u00f6rfr\u00e5gningar \/ Kontaktm\u00f6jlighet<\/strong><\/h4>\n\n\n\n<p>Om du kontaktar oss via kontaktformul\u00e4r eller e-post anv\u00e4nds de uppgifter du l\u00e4mnar f\u00f6r att behandla din f\u00f6rfr\u00e5gan. Uppgifterna \u00e4r n\u00f6dv\u00e4ndiga f\u00f6r att behandla och besvara din f\u00f6rfr\u00e5gan \u2013 utan dem kan vi inte eller endast i begr\u00e4nsad omfattning besvara din f\u00f6rfr\u00e5gan. <\/p>\n\n\n\n<p>R\u00e4ttslig grund f\u00f6r denna behandling \u00e4r artikel 6.1 b) GDPR.  <\/p>\n\n\n\n<p>Dina uppgifter raderas om din f\u00f6rfr\u00e5gan har besvarats slutgiltigt och inga lagstadgade lagringsskyldigheter hindrar raderingen, som till exempel vid en eventuell efterf\u00f6ljande avtalshantering. <\/p>\n<\/div>\n\n\n\n<div class=\"wp-block-group is-vertical is-layout-flex wp-container-core-group-is-layout-fb00d1fc wp-block-group-is-layout-flex\" style=\"padding-top:var(--wp--preset--spacing--10);padding-bottom:var(--wp--preset--spacing--10)\">\n<h4 class=\"wp-block-heading\"><strong>YouTube<\/strong><\/h4>\n\n\n\n<p>Vi har en online-n\u00e4rvaro p\u00e5 YouTube f\u00f6r att presentera v\u00e5rt f\u00f6retag och v\u00e5ra tj\u00e4nster samt kommunicera med kunder\/intressenter. YouTube \u00e4r en tj\u00e4nst fr\u00e5n Google Ireland Limited, Gordon House, Barrow Street, Dublin 4, Irland, ett dotterbolag till Google LLC, 1600 Amphitheatre Parkway, Mountain View, CA 94043 USA. <\/p>\n\n\n\n<p>Vi vill i detta sammanhang p\u00e5peka att det finns en m\u00f6jlighet att anv\u00e4ndardata behandlas utanf\u00f6r Europeiska unionen, s\u00e4rskilt i USA. Detta kan medf\u00f6ra \u00f6kade risker f\u00f6r anv\u00e4ndarna, till exempel att senare \u00e5tkomst till anv\u00e4ndardata kan f\u00f6rsv\u00e5ras. Vi har inte heller tillg\u00e5ng till dessa anv\u00e4ndardata. \u00c5tkomsten ligger uteslutande hos YouTube. Google LLC \u00e4r certifierat under Privacy Shield och har d\u00e4rmed \u00e5tagit sig att f\u00f6lja de europeiska dataskyddsstandarderna:    <\/p>\n\n\n\n<p><a href=\"https:\/\/www.privacyshield.gov\/participant?id=a2zt000000001L5AAI&amp;status=Active\" target=\"_blank\" rel=\"noopener\">https:\/\/www.privacyshield.gov\/participant?id=a2zt000000001L5AAI&amp;status=Active<\/a><\/p>\n\n\n\n<p>YouTubes integritetspolicy hittar du p\u00e5:<\/p>\n\n\n\n<p><a href=\"https:\/\/policies.google.com\/privacy\" target=\"_blank\" rel=\"noopener\">https:\/\/policies.google.com\/privacy<\/a><\/p>\n<\/div>\n\n\n\n<div class=\"wp-block-group is-vertical is-layout-flex wp-container-core-group-is-layout-fb00d1fc wp-block-group-is-layout-flex\" style=\"padding-top:var(--wp--preset--spacing--10);padding-bottom:var(--wp--preset--spacing--10)\">\n<h4 class=\"wp-block-heading\"><strong>Google Maps<\/strong><\/h4>\n\n\n\n<p>P\u00e5 v\u00e5r webbplats anv\u00e4nder vi Google Maps f\u00f6r att visa v\u00e5r plats och f\u00f6r att skapa en v\u00e4gbeskrivning. Detta \u00e4r en tj\u00e4nst fr\u00e5n Google LLC, 1600 Amphitheatre Parkway, Mountain View, CA 94043 USA, nedan endast kallad \u201dGoogle\u201d. <\/p>\n\n\n\n<p>Genom certifieringen enligt EU-US Privacy Shield<\/p>\n\n\n\n<p><a href=\"https:\/\/www.privacyshield.gov\/participant?id=a2zt000000001L5AAI&amp;status=Active\" target=\"_blank\" rel=\"noopener\">https:\/\/www.privacyshield.gov\/participant?id=a2zt000000001L5AAI&amp;status=Active<\/a><\/p>\n\n\n\n<p>garanterar Google att EU:s dataskyddskrav f\u00f6ljs \u00e4ven vid behandling av data i USA.<\/p>\n\n\n\n<p>F\u00f6r att m\u00f6jligg\u00f6ra visning av vissa typsnitt p\u00e5 v\u00e5r webbplats uppr\u00e4ttas en anslutning till Googles server i USA n\u00e4r v\u00e5r webbplats bes\u00f6ks.<\/p>\n\n\n\n<p>Om du \u00f6ppnar Google Maps-komponenten som \u00e4r integrerad p\u00e5 v\u00e5r webbplats, lagrar Google en cookie p\u00e5 din enhet via din webbl\u00e4sare. F\u00f6r att visa v\u00e5r plats och skapa en v\u00e4gbeskrivning behandlas dina anv\u00e4ndarinst\u00e4llningar och -data. Vi kan inte utesluta att Google anv\u00e4nder servrar i USA.  <\/p>\n\n\n\n<p>R\u00e4ttslig grund \u00e4r artikel 6.1 f) GDPR. V\u00e5rt ber\u00e4ttigade intresse ligger i att optimera funktionaliteten p\u00e5 v\u00e5r webbplats.   <\/p>\n\n\n\n<p>Genom den s\u00e5 uppr\u00e4ttade anslutningen till Google kan Google fastst\u00e4lla fr\u00e5n vilken webbplats din f\u00f6rfr\u00e5gan har skickats och till vilken IP-adress v\u00e4gbeskrivningen ska \u00f6verf\u00f6ras.<\/p>\n\n\n\n<p>Om du inte samtycker till denna behandling har du m\u00f6jlighet att f\u00f6rhindra installationen av cookies genom att g\u00f6ra l\u00e4mpliga inst\u00e4llningar i din webbl\u00e4sare. Detaljer om detta finns ovan under punkten \u201dCookies\u201d. <\/p>\n\n\n\n<p>Dessutom sker anv\u00e4ndningen av Google Maps samt den information som erh\u00e5lls via Google Maps enligt <a href=\"http:\/\/www.google.de\/accounts\/TOS\" target=\"_blank\" rel=\"noreferrer noopener\">Googles anv\u00e4ndarvillkor<\/a> <a href=\"https:\/\/policies.google.com\/terms?gl=DE&amp;hl=de\" target=\"_blank\" rel=\"noreferrer noopener\">https:\/\/policies.google.com\/terms?gl=DE&amp;hl=de<\/a> och <a href=\"http:\/\/www.google.com\/intl\/de_de\/help\/terms_maps.html\" target=\"_blank\" rel=\"noreferrer noopener\">villkoren f\u00f6r Google Maps<\/a> <a href=\"https:\/\/www.google.com\/intl\/de_de\/help\/terms_maps.html\" target=\"_blank\" rel=\"noopener\">https:\/\/www.google.com\/intl\/de_de\/help\/terms_maps.html<\/a>.<\/p>\n\n\n\n<p>Dessutom erbjuder Google p\u00e5:<\/p>\n\n\n\n<p><a href=\"https:\/\/adssettings.google.com\/authenticated\" target=\"_blank\" rel=\"noopener\">https:\/\/adssettings.google.com\/authenticated<\/a><\/p>\n\n\n\n<p><a href=\"https:\/\/policies.google.com\/privacy\" target=\"_blank\" rel=\"noopener\">https:\/\/policies.google.com\/privacy<\/a><\/p>\n\n\n\n<p>ytterligare information.<\/p>\n<\/div>\n\n\n\n<p><a href=\"https:\/\/www.ratgeberrecht.eu\/leistungen\/muster-datenschutzerklaerung.html\" target=\"_blank\" rel=\"noreferrer noopener\">Exempel p\u00e5 integritetspolicy<\/a> fr\u00e5n <a href=\"https:\/\/www.ratgeberrecht.eu\/\" target=\"_blank\" rel=\"noreferrer noopener\">advokatbyr\u00e5n Wei\u00df &amp; Partner<\/a><\/p>\n<\/div>\n","protected":false},"excerpt":{"rendered":"<p>Integritetspolicy Personuppgifter (h\u00e4danefter oftast kallade \u201ddata\u201d) behandlas av oss endast i den utstr\u00e4ckning det \u00e4r n\u00f6dv\u00e4ndigt och i syfte att tillhandah\u00e5lla en funktionell och anv\u00e4ndarv\u00e4nlig webbplats, inklusive dess inneh\u00e5ll och de tj\u00e4nster som erbjuds d\u00e4r. Enligt artikel 4 punkt 1 i f\u00f6rordning (EU) 2016\/679, det vill s\u00e4ga dataskyddsf\u00f6rordningen (h\u00e4danefter endast kallad \u201dGDPR\u201d), avses med \u201dbehandling\u201d [&hellip;]<\/p>\n","protected":false},"author":4,"featured_media":0,"parent":0,"menu_order":0,"comment_status":"closed","ping_status":"closed","template":"","meta":{"footnotes":""},"class_list":["post-14583","page","type-page","status-publish","hentry"],"_links":{"self":[{"href":"https:\/\/www.klasmeier.com\/sv\/wp-json\/wp\/v2\/pages\/14583","targetHints":{"allow":["GET"]}}],"collection":[{"href":"https:\/\/www.klasmeier.com\/sv\/wp-json\/wp\/v2\/pages"}],"about":[{"href":"https:\/\/www.klasmeier.com\/sv\/wp-json\/wp\/v2\/types\/page"}],"author":[{"embeddable":true,"href":"https:\/\/www.klasmeier.com\/sv\/wp-json\/wp\/v2\/users\/4"}],"replies":[{"embeddable":true,"href":"https:\/\/www.klasmeier.com\/sv\/wp-json\/wp\/v2\/comments?post=14583"}],"version-history":[{"count":1,"href":"https:\/\/www.klasmeier.com\/sv\/wp-json\/wp\/v2\/pages\/14583\/revisions"}],"predecessor-version":[{"id":14585,"href":"https:\/\/www.klasmeier.com\/sv\/wp-json\/wp\/v2\/pages\/14583\/revisions\/14585"}],"wp:attachment":[{"href":"https:\/\/www.klasmeier.com\/sv\/wp-json\/wp\/v2\/media?parent=14583"}],"curies":[{"name":"wp","href":"https:\/\/api.w.org\/{rel}","templated":true}]}}