{"id":14513,"date":"2024-05-31T13:36:22","date_gmt":"2024-05-31T11:36:22","guid":{"rendered":"https:\/\/www.klasmeier.com\/isotech-termometrar\/"},"modified":"2026-05-12T15:24:31","modified_gmt":"2026-05-12T13:24:31","slug":"isotech-termometrar","status":"publish","type":"page","link":"https:\/\/www.klasmeier.com\/sv\/isotech-termometrar\/","title":{"rendered":"ISOTECH-termometrar"},"content":{"rendered":"\n<div class=\"wp-block-group alignfull has-global-padding is-layout-constrained wp-container-core-group-is-layout-33ac4ec4 wp-block-group-is-layout-constrained\" style=\"padding-top:var(--wp--preset--spacing--30);padding-bottom:var(--wp--preset--spacing--30)\">\n<figure class=\"wp-block-image aligncenter size-full is-resized has-custom-border hvr-grow\"><img loading=\"lazy\" decoding=\"async\" width=\"1024\" height=\"430\" src=\"https:\/\/www.klasmeier.com\/wp-content\/uploads\/Isotech-Model-670-SPRT-e1696836711911-1024x430-1.jpg\" alt=\"\" class=\"wp-image-4517\" style=\"border-radius:50px;width:691px;height:auto\" srcset=\"https:\/\/www.klasmeier.com\/wp-content\/uploads\/Isotech-Model-670-SPRT-e1696836711911-1024x430-1.jpg 1024w, https:\/\/www.klasmeier.com\/wp-content\/uploads\/Isotech-Model-670-SPRT-e1696836711911-1024x430-1-300x126.jpg 300w, https:\/\/www.klasmeier.com\/wp-content\/uploads\/Isotech-Model-670-SPRT-e1696836711911-1024x430-1-768x323.jpg 768w, https:\/\/www.klasmeier.com\/wp-content\/uploads\/Isotech-Model-670-SPRT-e1696836711911-1024x430-1-600x252.jpg 600w\" sizes=\"auto, (max-width: 1024px) 100vw, 1024px\" \/><\/figure>\n\n\n\n<figure class=\"wp-block-image aligncenter size-full is-resized hvr-grow\"><img loading=\"lazy\" decoding=\"async\" width=\"489\" height=\"67\" src=\"https:\/\/www.klasmeier.com\/wp-content\/uploads\/ISOTECH-Logo-1.png\" alt=\"\" class=\"wp-image-4520\" style=\"width:591px;height:auto\" srcset=\"https:\/\/www.klasmeier.com\/wp-content\/uploads\/ISOTECH-Logo-1.png 489w, https:\/\/www.klasmeier.com\/wp-content\/uploads\/ISOTECH-Logo-1-300x41.png 300w\" sizes=\"auto, (max-width: 489px) 100vw, 489px\" \/><\/figure>\n<\/div>\n\n<div class=\"wp-block-group alignwide has-global-padding is-layout-constrained wp-block-group-is-layout-constrained\" style=\"padding-top:var(--wp--preset--spacing--20);padding-bottom:var(--wp--preset--spacing--20)\">\n<h2 class=\"wp-block-heading alignwide has-text-align-center\">Precisionstermometrar fr\u00e5n ISOTECH<\/h2>\n\n\n\n<div class=\"wp-block-group alignwide has-global-padding is-layout-constrained wp-container-core-group-is-layout-b1d50903 wp-block-group-is-layout-constrained\" style=\"padding-top:var(--wp--preset--spacing--20);padding-bottom:var(--wp--preset--spacing--20)\">\n<p>ISOTECH \u00e4r en v\u00e4lk\u00e4nd m\u00e4rkestillverkare av produkter f\u00f6r temperaturkalibrering. <strong>Med \u00f6ver 40 \u00e5rs erfarenhet av termometertillverkning erbjuder ISOTECH allt som beh\u00f6vs, fr\u00e5n industriella temperaturm\u00e4tningar till avancerade temperaturkalibreringar vid temperaturfixpunkter.<\/strong> ISOTECH-produkter s\u00e4ljs \u00f6ver hela v\u00e4rlden via ett omfattande distribut\u00f6rsn\u00e4tverk och anv\u00e4nds i en m\u00e4ngd olika applikationer.<\/p>\n\n\n\n<p><strong>I v\u00e5rt sortiment ing\u00e5r:<\/strong><\/p>\n\n\n\n<p><mark style=\"background-color:rgba(0, 0, 0, 0)\" class=\"has-inline-color has-accent-3-color\"><i class=\"fas fa-circle-check\"><\/i><\/mark> <strong>SPRT:er ITS-90 standard-platinamotst\u00e5ndstermometrar<\/strong><br\/><mark style=\"background-color:rgba(0, 0, 0, 0)\" class=\"has-inline-color has-accent-3-color\"><i class=\"fas fa-circle-check\"><\/i><\/mark> <strong>\u00c4delmetallstermoelement av typerna R\/S, Pt\/Au och Pt\/PD<\/strong><br\/><mark style=\"background-color:rgba(0, 0, 0, 0)\" class=\"has-inline-color has-accent-3-color\"><i class=\"fas fa-circle-check\"><\/i><\/mark> <strong>Semi-standarder f\u00f6r industriellt bruk<\/strong><\/p>\n<\/div>\n\n\n\n<div class=\"wp-block-columns alignwide is-layout-flex wp-container-core-columns-is-layout-846212ff wp-block-columns-is-layout-flex\" style=\"padding-top:var(--wp--preset--spacing--10);padding-bottom:var(--wp--preset--spacing--10)\">\n<div class=\"wp-block-column is-layout-flow wp-block-column-is-layout-flow\">\n<div class=\"wp-block-group hvr-grow is-vertical is-content-justification-center is-layout-flex wp-container-core-group-is-layout-30778a02 wp-block-group-is-layout-flex\">\n<figure class=\"wp-block-image size-full has-custom-border\"><a href=\"https:\/\/www.klasmeier.com\/sv\/isotech-precisionstermometer\/\"><img loading=\"lazy\" decoding=\"async\" width=\"300\" height=\"300\" src=\"https:\/\/www.klasmeier.com\/wp-content\/uploads\/Referenzthermometer-300x300-1.png\" alt=\"\" class=\"wp-image-4526\" style=\"border-radius:50px\" srcset=\"https:\/\/www.klasmeier.com\/wp-content\/uploads\/Referenzthermometer-300x300-1.png 300w, https:\/\/www.klasmeier.com\/wp-content\/uploads\/Referenzthermometer-300x300-1-150x150.png 150w, https:\/\/www.klasmeier.com\/wp-content\/uploads\/Referenzthermometer-300x300-1-100x100.png 100w\" sizes=\"auto, (max-width: 300px) 100vw, 300px\" \/><\/a><\/figure>\n\n\n\n<p class=\"has-text-align-center\">ISOTECH precisionstermometrar (Pt100)<\/p>\n\n\n\n<div class=\"wp-block-buttons is-content-justification-center is-layout-flex wp-container-core-buttons-is-layout-a89b3969 wp-block-buttons-is-layout-flex\">\n<div class=\"wp-block-button hvr-shrink\"><a class=\"wp-block-button__link wp-element-button\" href=\"https:\/\/www.klasmeier.com\/sv\/isotech-precisionstermometer\/\">L\u00e4s mer<\/a><\/div>\n<\/div>\n<\/div>\n<\/div>\n\n\n\n<div class=\"wp-block-column is-layout-flow wp-block-column-is-layout-flow\">\n<div class=\"wp-block-group hvr-grow is-vertical is-content-justification-center is-layout-flex wp-container-core-group-is-layout-30778a02 wp-block-group-is-layout-flex\">\n<figure class=\"wp-block-image size-full has-custom-border\"><a href=\"https:\/\/www.klasmeier.com\/produkt-kategorie\/praezisions-thermometer\/isotech-praezisions-thermometer-thermoelemente\/\"><img loading=\"lazy\" decoding=\"async\" width=\"300\" height=\"300\" src=\"https:\/\/www.klasmeier.com\/wp-content\/uploads\/thermocouple-probes-300x300-1.jpg\" alt=\"\" class=\"wp-image-4528\" style=\"border-radius:50px\" srcset=\"https:\/\/www.klasmeier.com\/wp-content\/uploads\/thermocouple-probes-300x300-1.jpg 300w, https:\/\/www.klasmeier.com\/wp-content\/uploads\/thermocouple-probes-300x300-1-150x150.jpg 150w, https:\/\/www.klasmeier.com\/wp-content\/uploads\/thermocouple-probes-300x300-1-100x100.jpg 100w\" sizes=\"auto, (max-width: 300px) 100vw, 300px\" \/><\/a><\/figure>\n\n\n\n<p class=\"has-text-align-center\">ISOTECH precisionstermometrar (termoelement)<\/p>\n\n\n\n<div class=\"wp-block-buttons is-content-justification-center is-layout-flex wp-container-core-buttons-is-layout-a89b3969 wp-block-buttons-is-layout-flex\">\n<div class=\"wp-block-button hvr-shrink\"><a class=\"wp-block-button__link wp-element-button\" href=\"https:\/\/www.klasmeier.com\/produkt-kategorie\/praezisions-thermometer\/isotech-praezisions-thermometer-thermoelemente\/\">L\u00e4s mer<\/a><\/div>\n<\/div>\n<\/div>\n<\/div>\n\n\n\n<div class=\"wp-block-column is-layout-flow wp-block-column-is-layout-flow\">\n<div class=\"wp-block-group hvr-grow is-vertical is-content-justification-center is-layout-flex wp-container-core-group-is-layout-30778a02 wp-block-group-is-layout-flex\">\n<figure class=\"wp-block-image size-full has-custom-border\"><a href=\"https:\/\/www.klasmeier.com\/produkt-kategorie\/praezisions-thermometer\/standard-platin-widerstandsthermometer-sprt\/\"><img loading=\"lazy\" decoding=\"async\" width=\"300\" height=\"300\" src=\"https:\/\/www.klasmeier.com\/wp-content\/uploads\/SPRT-300x300-1.jpg\" alt=\"\" class=\"wp-image-4530\" style=\"border-radius:50px\" srcset=\"https:\/\/www.klasmeier.com\/wp-content\/uploads\/SPRT-300x300-1.jpg 300w, https:\/\/www.klasmeier.com\/wp-content\/uploads\/SPRT-300x300-1-150x150.jpg 150w, https:\/\/www.klasmeier.com\/wp-content\/uploads\/SPRT-300x300-1-100x100.jpg 100w\" sizes=\"auto, (max-width: 300px) 100vw, 300px\" \/><\/a><\/figure>\n\n\n\n<p class=\"has-text-align-center\">Standard-platinamotst\u00e5ndstermometrar (SPRT)<\/p>\n\n\n\n<div class=\"wp-block-buttons is-content-justification-center is-layout-flex wp-container-core-buttons-is-layout-a89b3969 wp-block-buttons-is-layout-flex\">\n<div class=\"wp-block-button hvr-shrink\"><a class=\"wp-block-button__link wp-element-button\" href=\"https:\/\/www.klasmeier.com\/produkt-kategorie\/praezisions-thermometer\/standard-platin-widerstandsthermometer-sprt\/\">L\u00e4s mer<\/a><\/div>\n<\/div>\n<\/div>\n<\/div>\n<\/div>\n<\/div>\n","protected":false},"excerpt":{"rendered":"<p>Precisionstermometrar fr\u00e5n ISOTECH ISOTECH \u00e4r en v\u00e4lk\u00e4nd m\u00e4rkestillverkare av produkter f\u00f6r temperaturkalibrering. Med \u00f6ver 40 \u00e5rs erfarenhet av termometertillverkning erbjuder ISOTECH allt som beh\u00f6vs, fr\u00e5n industriella temperaturm\u00e4tningar till avancerade temperaturkalibreringar vid temperaturfixpunkter. ISOTECH-produkter s\u00e4ljs \u00f6ver hela v\u00e4rlden via ett omfattande distribut\u00f6rsn\u00e4tverk och anv\u00e4nds i en m\u00e4ngd olika applikationer. I v\u00e5rt sortiment ing\u00e5r: SPRT:er ITS-90 standard-platinamotst\u00e5ndstermometrar [&hellip;]<\/p>\n","protected":false},"author":4,"featured_media":0,"parent":0,"menu_order":0,"comment_status":"closed","ping_status":"closed","template":"","meta":{"footnotes":""},"class_list":["post-14513","page","type-page","status-publish","hentry"],"_links":{"self":[{"href":"https:\/\/www.klasmeier.com\/sv\/wp-json\/wp\/v2\/pages\/14513","targetHints":{"allow":["GET"]}}],"collection":[{"href":"https:\/\/www.klasmeier.com\/sv\/wp-json\/wp\/v2\/pages"}],"about":[{"href":"https:\/\/www.klasmeier.com\/sv\/wp-json\/wp\/v2\/types\/page"}],"author":[{"embeddable":true,"href":"https:\/\/www.klasmeier.com\/sv\/wp-json\/wp\/v2\/users\/4"}],"replies":[{"embeddable":true,"href":"https:\/\/www.klasmeier.com\/sv\/wp-json\/wp\/v2\/comments?post=14513"}],"version-history":[{"count":1,"href":"https:\/\/www.klasmeier.com\/sv\/wp-json\/wp\/v2\/pages\/14513\/revisions"}],"predecessor-version":[{"id":14522,"href":"https:\/\/www.klasmeier.com\/sv\/wp-json\/wp\/v2\/pages\/14513\/revisions\/14522"}],"wp:attachment":[{"href":"https:\/\/www.klasmeier.com\/sv\/wp-json\/wp\/v2\/media?parent=14513"}],"curies":[{"name":"wp","href":"https:\/\/api.w.org\/{rel}","templated":true}]}}