{"id":10780,"date":"2024-04-20T16:02:06","date_gmt":"2024-04-20T14:02:06","guid":{"rendered":"https:\/\/www.klasmeier.com\/?page_id=10780"},"modified":"2025-04-02T11:51:32","modified_gmt":"2025-04-02T09:51:32","slug":"matmotstand-fran-klasmeier","status":"publish","type":"page","link":"https:\/\/www.klasmeier.com\/sv\/matmotstand-fran-klasmeier\/","title":{"rendered":"M\u00e4tmotst\u00e5nd fr\u00e5n Klasmeier"},"content":{"rendered":"\n<div class=\"wp-block-cover alignfull has-base-2-color has-text-color has-link-color wp-elements-7635104a46afad1a47d4e94b7224dd94\"><span aria-hidden=\"true\" class=\"wp-block-cover__background has-contrast-background-color has-background-dim\"><\/span><img loading=\"lazy\" decoding=\"async\" width=\"1600\" height=\"762\" class=\"wp-block-cover__image-background wp-image-2712\" alt=\"\" src=\"https:\/\/www.klasmeier.com\/wp-content\/uploads\/Messwiderstaende-von-Klasmeier.png\" data-object-fit=\"cover\" srcset=\"https:\/\/www.klasmeier.com\/wp-content\/uploads\/Messwiderstaende-von-Klasmeier.png 1600w, https:\/\/www.klasmeier.com\/wp-content\/uploads\/Messwiderstaende-von-Klasmeier-300x143.png 300w, https:\/\/www.klasmeier.com\/wp-content\/uploads\/Messwiderstaende-von-Klasmeier-1024x488.png 1024w, https:\/\/www.klasmeier.com\/wp-content\/uploads\/Messwiderstaende-von-Klasmeier-768x366.png 768w, https:\/\/www.klasmeier.com\/wp-content\/uploads\/Messwiderstaende-von-Klasmeier-1536x732.png 1536w, https:\/\/www.klasmeier.com\/wp-content\/uploads\/Messwiderstaende-von-Klasmeier-600x286.png 600w\" sizes=\"auto, (max-width: 1600px) 100vw, 1600px\" \/><div class=\"wp-block-cover__inner-container is-layout-flow wp-block-cover-is-layout-flow\">\n<h2 class=\"wp-block-heading has-text-align-center hm2\"><strong>M\u00e4tmotst\u00e5nd<\/strong><\/h2>\n<\/div><\/div>\n\n\n\n<div class=\"wp-block-group alignfull has-global-padding is-layout-constrained wp-container-core-group-is-layout-7a94f013 wp-block-group-is-layout-constrained\" style=\"padding-top:var(--wp--preset--spacing--30);padding-right:var(--wp--preset--spacing--30);padding-bottom:var(--wp--preset--spacing--30);padding-left:var(--wp--preset--spacing--30)\">\n<figure class=\"wp-block-image aligncenter size-full hvr-grow\"><img loading=\"lazy\" decoding=\"async\" width=\"310\" height=\"89\" src=\"https:\/\/www.klasmeier.com\/wp-content\/uploads\/exacal.png\" alt=\"\" class=\"wp-image-2716\" srcset=\"https:\/\/www.klasmeier.com\/wp-content\/uploads\/exacal.png 310w, https:\/\/www.klasmeier.com\/wp-content\/uploads\/exacal-300x86.png 300w\" sizes=\"auto, (max-width: 310px) 100vw, 310px\" \/><\/figure>\n\n\n\n<h3 class=\"wp-block-heading alignwide has-text-align-center\" style=\"line-height:1.7\"><strong>M\u00e4tmotst\u00e5nd fr\u00e5n Klasmeier<br><\/strong>Precision in i minsta detalj<\/h3>\n\n\n\n<p>Inom termometri \u00e4r m\u00e4tmotst\u00e5ndets precision en avg\u00f6rande faktor f\u00f6r ett termometers noggrannhet och tillf\u00f6rlitlighet. Som specialister p\u00e5 precisionstemperaturm\u00e4tning \u00e4r v\u00e5r termometermanufaktur en av f\u00e5 globala tillverkare som sj\u00e4lva utvecklar och producerar temperaturm\u00e4tmotst\u00e5nd \u2013 ett k\u00e4nnetecken som definierar oss och understryker v\u00e5r str\u00e4van efter h\u00f6gsta kvalitet och skr\u00e4ddarsydda l\u00f6sningar.<\/p>\n\n\n\n<p><strong>eXacal-m\u00e4tmotst\u00e5nden<\/strong>&nbsp;representerar v\u00e5r expertis och v\u00e5rt fokus p\u00e5 h\u00f6gprecisionsm\u00e4tningar, anpassade till&nbsp;<strong>Internationella temperaturskalan fr\u00e5n 1990 (ITS-90)<\/strong>&nbsp;och oberoende av den konventionella&nbsp;<strong>DIN EN 60751-standarden<\/strong>. Med ett temperaturintervall p\u00e5&nbsp;<strong>-200 \u00b0C till 670 \u00b0C<\/strong>&nbsp;t\u00e4cker vi de relevanta kalibreringsomr\u00e5dena f\u00f6r ITS-90, fr\u00e5n temperaturfixpunkterna&nbsp;<strong>argon till aluminium<\/strong>.<\/p>\n\n\n\n<div class=\"wp-block-columns alignwide are-vertically-aligned-top is-layout-flex wp-container-core-columns-is-layout-10a0583f wp-block-columns-is-layout-flex\" style=\"margin-top:var(--wp--preset--spacing--40);margin-bottom:var(--wp--preset--spacing--40);padding-top:0;padding-right:0;padding-bottom:var(--wp--preset--spacing--20);padding-left:0\">\n<div class=\"wp-block-column is-vertically-aligned-top hvr-grow is-layout-flow wp-block-column-is-layout-flow\" style=\"padding-top:0;padding-bottom:0\">\n<div class=\"wp-block-group has-accent-background-color has-background is-vertical is-content-justification-center is-layout-flex wp-container-core-group-is-layout-348d87aa wp-block-group-is-layout-flex\" style=\"border-radius:50px;padding-top:var(--wp--preset--spacing--30);padding-right:var(--wp--preset--spacing--30);padding-bottom:var(--wp--preset--spacing--30);padding-left:var(--wp--preset--spacing--30)\">\n<p><mark style=\"background-color:rgba(0, 0, 0, 0);color:#dd3333\" class=\"has-inline-color\"><i class=\"fas fa-check fa-6x\"><\/i><\/mark><\/p>\n\n\n\n<h2 class=\"wp-block-heading has-text-align-center\" style=\"font-size:clamp(0.984rem, 0.984rem + ((1vw - 0.2rem) * 0.86), 1.5rem);\"><strong>V\u00e5ra eXacal-m\u00e4tmotst\u00e5nd st\u00e5r f\u00f6r:<\/strong><\/h2>\n\n\n\n<p class=\"has-text-align-left\"><strong><mark style=\"background-color:rgba(0, 0, 0, 0);color:#dd3333\" class=\"has-inline-color\"><i class=\"fas fa-circle-check\"><\/i><\/mark> <strong>H\u00f6gsta stabilitet<\/strong><br><mark style=\"background-color:rgba(0, 0, 0, 0);color:#dd3333\" class=\"has-inline-color\"><i class=\"fas fa-circle-check\"><\/i><\/mark> <strong>Utm\u00e4rkt reproducerbarhet<\/strong><br><mark style=\"background-color:rgba(0, 0, 0, 0);color:#dd3333\" class=\"has-inline-color\"><i class=\"fas fa-circle-check\"><\/i><\/mark> <strong>L\u00e5g egenuppv\u00e4rmning<\/strong><br><mark style=\"background-color:rgba(0, 0, 0, 0);color:#dd3333\" class=\"has-inline-color\"><i class=\"fas fa-circle-check\"><\/i><\/mark> <strong>Minimal hysteres<\/strong><br><mark style=\"background-color:rgba(0, 0, 0, 0);color:#dd3333\" class=\"has-inline-color\"><i class=\"fas fa-circle-check\"><\/i><\/mark> <strong>\u00d6verensst\u00e4mmelse med kraven enligt ITS-90<\/strong><\/strong><\/p>\n<\/div>\n<\/div>\n\n\n\n<div class=\"wp-block-column is-vertically-aligned-top hvr-grow is-layout-flow wp-block-column-is-layout-flow\" style=\"padding-top:0;padding-bottom:0\">\n<div class=\"wp-block-group has-accent-background-color has-background is-vertical is-content-justification-center is-layout-flex wp-container-core-group-is-layout-348d87aa wp-block-group-is-layout-flex\" style=\"border-radius:50px;padding-top:var(--wp--preset--spacing--30);padding-right:var(--wp--preset--spacing--30);padding-bottom:var(--wp--preset--spacing--30);padding-left:var(--wp--preset--spacing--30)\">\n<p><mark style=\"background-color:rgba(0, 0, 0, 0);color:#dd3333\" class=\"has-inline-color\"><mark style=\"background-color:rgba(0, 0, 0, 0);color:#dd3333\" class=\"has-inline-color\"><mark style=\"background-color:rgba(0, 0, 0, 0);color:#dd3333\" class=\"has-inline-color\"><i class=\"fas fa-temperature-half fa-6x\"><\/i><\/mark><\/mark><\/mark><\/p>\n\n\n\n<h2 class=\"wp-block-heading has-text-align-center\" style=\"font-size:clamp(0.984rem, 0.984rem + ((1vw - 0.2rem) * 0.86), 1.5rem);\"><strong>M\u00e4tmotst\u00e5nd och termometermanufaktur \u2013 en symbios f\u00f6r precision<\/strong><\/h2>\n\n\n\n<div class=\"wp-block-group is-vertical is-layout-flex wp-container-core-group-is-layout-67710c2e wp-block-group-is-layout-flex\" style=\"margin-top:0;margin-bottom:0;padding-top:0;padding-bottom:0\">\n<p>Sambandet mellan tillverkningen av&nbsp;<strong>m\u00e4tmotst\u00e5nd och termometrar<\/strong>&nbsp;g\u00f6r det m\u00f6jligt f\u00f6r oss att erbjuda ett brett spektrum av precisionstermometrar:<br><\/p>\n\n\n\n<p class=\"has-text-align-left\"><strong><mark style=\"background-color:rgba(0, 0, 0, 0);color:#dd3333\" class=\"has-inline-color\"><i class=\"fas fa-circle-check\"><\/i><\/mark> <strong>Standard Platinamotst\u00e5ndstermometer (SPRT)<\/strong><br><mark style=\"background-color:rgba(0, 0, 0, 0);color:#dd3333\" class=\"has-inline-color\"><i class=\"fas fa-circle-check\"><\/i><\/mark> <strong>Sekund\u00e4r PRT<\/strong><br><mark style=\"background-color:rgba(0, 0, 0, 0);color:#dd3333\" class=\"has-inline-color\"><i class=\"fas fa-circle-check\"><\/i><\/mark> <strong>Industriella referens-PRT och RTD<\/strong><\/strong><\/p>\n<\/div>\n<\/div>\n<\/div>\n<\/div>\n\n\n\n<div class=\"wp-block-group alignwide hvr-grow has-accent-background-color has-background is-vertical is-content-justification-center is-layout-flex wp-container-core-group-is-layout-386451ff wp-block-group-is-layout-flex\" style=\"border-radius:50px;padding-top:var(--wp--preset--spacing--30);padding-right:var(--wp--preset--spacing--30);padding-bottom:var(--wp--preset--spacing--30);padding-left:var(--wp--preset--spacing--30)\">\n<p><\/p>\n\n\n\n<h3 class=\"wp-block-heading alignwide has-text-align-left\">Tillverkningen av temperaturm\u00e4tmotst\u00e5nd \u2013 ett hantverk i sig<\/h3>\n\n\n\n<div class=\"wp-block-columns alignwide is-layout-flex wp-container-core-columns-is-layout-63d3099b wp-block-columns-is-layout-flex\" style=\"padding-top:var(--wp--preset--spacing--20);padding-bottom:0\">\n<div class=\"wp-block-column is-layout-flow wp-block-column-is-layout-flow\">\n<p>En&nbsp;<strong>h\u00f6gkomplex och finst\u00e4md process<\/strong>, d\u00e4r&nbsp;<strong>h\u00f6gren platinaledning<\/strong>&nbsp;under mikroskop f\u00f6r hand tr\u00e4s p\u00e5 en b\u00e4rarkropp av&nbsp;<strong>keramik eller kvarts<\/strong>. Innan tr\u00e5darna tr\u00e4s p\u00e5 plats lindas de med hj\u00e4lp av en&nbsp;<strong>specialutvecklad lindningsmaskin<\/strong>&nbsp;till en extremt fin spole.<\/p>\n\n\n\n<p>Dessa&nbsp;<strong>ytterst k\u00e4nsliga m\u00e4tmotst\u00e5nd<\/strong>, som m\u00e5ste skyddas fr\u00e5n yttre p\u00e5verkan, f\u00f6r\u00e4dlas i v\u00e5r&nbsp;<strong>termometermanufaktur<\/strong>och bearbetas vidare till&nbsp;<strong>precisionstermometrar av h\u00f6gsta kvalitet<\/strong>.<\/p>\n\n\n\n<p><strong>V\u00e5ra m\u00e4tmotst\u00e5nd uppfyller kraven enligt ITS-90.<\/strong>&nbsp;Dessa krav \u00e4r n\u00f6dv\u00e4ndiga f\u00f6r att en termometer ska kunna klassificeras som en&nbsp;<strong>&#8221;Standard Platinamotst\u00e5ndstermometer (SPRT)&#8221;<\/strong>&nbsp;enligt ITS-90.<\/p>\n<\/div>\n\n\n\n<div class=\"wp-block-column is-vertically-aligned-center is-layout-flow wp-block-column-is-layout-flow\">\n<figure class=\"wp-block-image size-full has-custom-border\"><img loading=\"lazy\" decoding=\"async\" width=\"600\" height=\"421\" src=\"https:\/\/www.klasmeier.com\/wp-content\/uploads\/eXacal-Messwiderstaende-von-Klasmeier.png\" alt=\"\" class=\"wp-image-2725\" style=\"border-radius:50px\" srcset=\"https:\/\/www.klasmeier.com\/wp-content\/uploads\/eXacal-Messwiderstaende-von-Klasmeier.png 600w, https:\/\/www.klasmeier.com\/wp-content\/uploads\/eXacal-Messwiderstaende-von-Klasmeier-300x211.png 300w\" sizes=\"auto, (max-width: 600px) 100vw, 600px\" \/><\/figure>\n<\/div>\n<\/div>\n\n\n\n<p><strong>Temperaturkoefficienten (TK) eller Alpha-v\u00e4rdet<\/strong>&nbsp;fastst\u00e4lls inte enligt&nbsp;<strong>DIN EN 60751<\/strong>, utan presenteras som ett s\u00e5 kallat&nbsp;<strong>W-v\u00e4rde<\/strong>.&nbsp;<strong>eXacal-m\u00e4tmotst\u00e5nden uppfyller kravet W-Gallium \u2265 1,11807.<\/strong><\/p>\n\n\n\n<p><\/p>\n<\/div>\n\n\n\n<div class=\"wp-block-group has-global-padding is-layout-constrained wp-block-group-is-layout-constrained\" style=\"padding-top:var(--wp--preset--spacing--30);padding-bottom:0\">\n<h3 class=\"wp-block-heading alignwide has-text-align-center\">F\u00f6rdelarna med eXacal-m\u00e4tmotst\u00e5nd<\/h3>\n\n\n\n<div class=\"wp-block-group alignwide hvr-grow has-accent-background-color has-background is-vertical is-content-justification-stretch is-layout-flex wp-container-core-group-is-layout-b0767e3e wp-block-group-is-layout-flex\" style=\"border-radius:50px;margin-top:var(--wp--preset--spacing--30);margin-bottom:var(--wp--preset--spacing--30);padding-top:var(--wp--preset--spacing--30);padding-right:var(--wp--preset--spacing--30);padding-bottom:var(--wp--preset--spacing--30);padding-left:var(--wp--preset--spacing--30)\">\n<p><\/p>\n\n\n\n<p class=\"has-text-align-center\"><mark style=\"background-color:rgba(0, 0, 0, 0);color:#dd3333\" class=\"has-inline-color\"><i class=\"fas fa-gears fa-6x\"><\/i><\/mark><\/p>\n\n\n\n<h4 class=\"wp-block-heading has-text-align-center\"><strong>Kvalitet och kontroll \u2013 allt fr\u00e5n en k\u00e4lla<\/strong><\/h4>\n\n\n\n<p class=\"has-text-align-left\"><mark style=\"background-color:rgba(0, 0, 0, 0);color:#dd3333\" class=\"has-inline-color\"><i class=\"fas fa-circle-check\"><\/i><\/mark> V\u00e5ra kunder drar nytta av kombinationen mellan&nbsp;<strong>termometermanufaktur och egen m\u00e4tmotst\u00e5ndsproduktion<\/strong>. Eftersom vi kontrollerar varje aspekt \u2013 fr\u00e5n&nbsp;<strong>design och produktion till den slutliga DAkkS-kalibreringen (enligt DIN EN ISO\/IEC 17025)<\/strong>&nbsp;\u2013 kan vi erbjuda&nbsp;<strong>skr\u00e4ddarsydda l\u00f6sningar<\/strong>&nbsp;och snabbt svara p\u00e5 kundf\u00f6rfr\u00e5gningar.<br><br><mark style=\"background-color:rgba(0, 0, 0, 0);color:#dd3333\" class=\"has-inline-color\"><i class=\"fas fa-circle-check\"><\/i><\/mark> Som&nbsp;<strong>familjef\u00f6retag<\/strong>&nbsp;\u00e4r vi inte beroende av externa akt\u00f6rer. Detta g\u00f6r det m\u00f6jligt f\u00f6r oss att agera&nbsp;<strong>oberoende<\/strong>&nbsp;och helt fokusera p\u00e5 v\u00e5ra kunders behov och krav.<\/p>\n\n\n\n<p><\/p>\n<\/div>\n<\/div>\n<\/div>\n\n\n\n<div class=\"wp-block-group alignfull has-global-padding is-layout-constrained wp-container-core-group-is-layout-0c8379ad wp-block-group-is-layout-constrained\" style=\"margin-top:var(--wp--preset--spacing--30);margin-bottom:var(--wp--preset--spacing--30);padding-top:var(--wp--preset--spacing--20);padding-right:var(--wp--preset--spacing--30);padding-bottom:var(--wp--preset--spacing--20);padding-left:var(--wp--preset--spacing--30)\">\n<h3 class=\"wp-block-heading alignwide has-text-align-center\"><strong>Tillsammans hittar vi den b\u00e4sta l\u00f6sningen f\u00f6r dig<\/strong><\/h3>\n\n\n\n<div class=\"wp-block-columns alignwide hvr-grow has-accent-background-color has-background is-layout-flex wp-container-core-columns-is-layout-b6a795d6 wp-block-columns-is-layout-flex\" style=\"border-radius:50px;margin-top:var(--wp--preset--spacing--40);margin-bottom:var(--wp--preset--spacing--40);padding-top:var(--wp--preset--spacing--20);padding-right:var(--wp--preset--spacing--20);padding-bottom:var(--wp--preset--spacing--20);padding-left:var(--wp--preset--spacing--20)\">\n<div class=\"wp-block-column is-layout-flow wp-block-column-is-layout-flow\" style=\"flex-basis:40%\">\n<figure class=\"wp-block-image aligncenter size-full has-custom-border\"><img loading=\"lazy\" decoding=\"async\" width=\"500\" height=\"333\" src=\"https:\/\/www.klasmeier.com\/wp-content\/uploads\/ES.png\" alt=\"\" class=\"wp-image-2653\" style=\"border-radius:50px\" srcset=\"https:\/\/www.klasmeier.com\/wp-content\/uploads\/ES.png 500w, https:\/\/www.klasmeier.com\/wp-content\/uploads\/ES-300x200.png 300w\" sizes=\"auto, (max-width: 500px) 100vw, 500px\" \/><\/figure>\n<\/div>\n\n\n\n<div class=\"wp-block-column is-vertically-aligned-center is-layout-flow wp-block-column-is-layout-flow\" style=\"flex-basis:60%\">\n<h3 class=\"wp-block-heading has-text-align-center\">Prata direkt med v\u00e5r expert!<\/h3>\n\n\n\n<p class=\"has-text-align-center\"><br><strong>Din kontaktperson f\u00f6r m\u00e4tmotst\u00e5nd:<\/strong><\/p>\n\n\n\n<p class=\"has-text-align-center\"><strong>Elke Seewald<\/strong><br><em>Chef f\u00f6r eXacal-manufakturen p\u00e5 Klasmeier<\/em><\/p>\n\n\n\n<p class=\"has-text-align-center\"><mark style=\"background-color:rgba(0, 0, 0, 0);color:#dd3333\" class=\"has-inline-color\"><i class=\"fas fa-envelope\"><\/i><\/mark> <a href=\"https:\/\/www.klasmeier.com\/sv\/foretag\/kontakta-oss\/\">Ta kontakt nu<\/a><\/p>\n<\/div>\n<\/div>\n<\/div>\n","protected":false},"excerpt":{"rendered":"<p>M\u00e4tmotst\u00e5nd fr\u00e5n KlasmeierPrecision in i minsta detalj Inom termometri \u00e4r m\u00e4tmotst\u00e5ndets precision en avg\u00f6rande faktor f\u00f6r ett termometers noggrannhet och tillf\u00f6rlitlighet. Som specialister p\u00e5 precisionstemperaturm\u00e4tning \u00e4r v\u00e5r termometermanufaktur en av f\u00e5 globala tillverkare som sj\u00e4lva utvecklar och producerar temperaturm\u00e4tmotst\u00e5nd \u2013 ett k\u00e4nnetecken som definierar oss och understryker v\u00e5r str\u00e4van efter h\u00f6gsta kvalitet och skr\u00e4ddarsydda l\u00f6sningar. [&hellip;]<\/p>\n","protected":false},"author":4,"featured_media":0,"parent":0,"menu_order":0,"comment_status":"closed","ping_status":"closed","template":"","meta":{"footnotes":""},"class_list":["post-10780","page","type-page","status-publish","hentry"],"_links":{"self":[{"href":"https:\/\/www.klasmeier.com\/sv\/wp-json\/wp\/v2\/pages\/10780","targetHints":{"allow":["GET"]}}],"collection":[{"href":"https:\/\/www.klasmeier.com\/sv\/wp-json\/wp\/v2\/pages"}],"about":[{"href":"https:\/\/www.klasmeier.com\/sv\/wp-json\/wp\/v2\/types\/page"}],"author":[{"embeddable":true,"href":"https:\/\/www.klasmeier.com\/sv\/wp-json\/wp\/v2\/users\/4"}],"replies":[{"embeddable":true,"href":"https:\/\/www.klasmeier.com\/sv\/wp-json\/wp\/v2\/comments?post=10780"}],"version-history":[{"count":2,"href":"https:\/\/www.klasmeier.com\/sv\/wp-json\/wp\/v2\/pages\/10780\/revisions"}],"predecessor-version":[{"id":11672,"href":"https:\/\/www.klasmeier.com\/sv\/wp-json\/wp\/v2\/pages\/10780\/revisions\/11672"}],"wp:attachment":[{"href":"https:\/\/www.klasmeier.com\/sv\/wp-json\/wp\/v2\/media?parent=10780"}],"curies":[{"name":"wp","href":"https:\/\/api.w.org\/{rel}","templated":true}]}}