{"id":10768,"date":"2024-04-18T21:29:53","date_gmt":"2024-04-18T19:29:53","guid":{"rendered":"https:\/\/www.klasmeier.com\/?page_id=10768"},"modified":"2025-04-02T11:51:37","modified_gmt":"2025-04-02T09:51:37","slug":"reparation-av-termometrar","status":"publish","type":"page","link":"https:\/\/www.klasmeier.com\/sv\/termometermanufaktur\/reparation-av-termometrar\/","title":{"rendered":"Reparation av termometrar"},"content":{"rendered":"\n<div class=\"wp-block-cover alignfull has-base-2-color has-text-color has-link-color wp-elements-d10e07690c7333a80859cabaa1def8de\"><span aria-hidden=\"true\" class=\"wp-block-cover__background has-contrast-background-color has-background-dim\"><\/span><img loading=\"lazy\" decoding=\"async\" width=\"1820\" height=\"797\" class=\"wp-block-cover__image-background wp-image-2620\" alt=\"\" src=\"https:\/\/www.klasmeier.com\/wp-content\/uploads\/Thermometer-Reparatur-Klasmeier.jpg\" data-object-fit=\"cover\" srcset=\"https:\/\/www.klasmeier.com\/wp-content\/uploads\/Thermometer-Reparatur-Klasmeier.jpg 1820w, https:\/\/www.klasmeier.com\/wp-content\/uploads\/Thermometer-Reparatur-Klasmeier-300x131.jpg 300w, https:\/\/www.klasmeier.com\/wp-content\/uploads\/Thermometer-Reparatur-Klasmeier-1024x448.jpg 1024w, https:\/\/www.klasmeier.com\/wp-content\/uploads\/Thermometer-Reparatur-Klasmeier-768x336.jpg 768w, https:\/\/www.klasmeier.com\/wp-content\/uploads\/Thermometer-Reparatur-Klasmeier-1536x673.jpg 1536w, https:\/\/www.klasmeier.com\/wp-content\/uploads\/Thermometer-Reparatur-Klasmeier-600x263.jpg 600w\" sizes=\"auto, (max-width: 1820px) 100vw, 1820px\" \/><div class=\"wp-block-cover__inner-container is-layout-flow wp-block-cover-is-layout-flow\">\n<h2 class=\"wp-block-heading has-text-align-center hm\"><strong><strong>Reparation av termometrar<\/strong><\/strong><\/h2>\n<\/div><\/div>\n\n\n\n<div class=\"wp-block-group alignfull has-global-padding is-layout-constrained wp-container-core-group-is-layout-a87bbb62 wp-block-group-is-layout-constrained\" style=\"padding-top:var(--wp--preset--spacing--30);padding-right:var(--wp--preset--spacing--30);padding-bottom:var(--wp--preset--spacing--30);padding-left:var(--wp--preset--spacing--30)\">\n<h1 class=\"wp-block-heading alignwide has-text-align-center has-large-font-size\">Vi reparerar precisionstermometrar<br>F\u00f6r \u00f6kad h\u00e5llbarhet: R\u00e4dda termometrar med v\u00e4rdefull historik<\/h1>\n\n\n\n<div class=\"wp-block-columns is-layout-flex wp-container-core-columns-is-layout-28f84493 wp-block-columns-is-layout-flex\">\n<div class=\"wp-block-column is-layout-flow wp-block-column-is-layout-flow\" style=\"flex-basis:66%\">\n<p><strong>Nyhet hos Klasmeier: Efter fem \u00e5rs utvecklingsarbete erbjuder vi nu reparation av precisionstermometrar \u2013 en s\u00e4rskilt h\u00e5llbar l\u00f6sning f\u00f6r branschen.<\/strong><\/p>\n\n\n\n<p><mark style=\"background-color:rgba(0, 0, 0, 0);color:#dd3333\" class=\"has-inline-color\"><i class=\"fas fa-circle-check\"><\/i><\/mark> Reparationen utf\u00f6rs i v\u00e5r egen termometermanufaktur<br><mark style=\"background-color:rgba(0, 0, 0, 0);color:#dd3333\" class=\"has-inline-color\"><i class=\"fas fa-circle-check\"><\/i><\/mark> Termometrar fr\u00e5n olika tillverkare kan \u00e5terst\u00e4llas<br><mark style=\"background-color:rgba(0, 0, 0, 0);color:#dd3333\" class=\"has-inline-color\"><i class=\"fas fa-circle-check\"><\/i><\/mark> Stabilitetskontroll och kalibrering i v\u00e5rt DAkkS-temperaturkalibreringslaboratorium<br><mark style=\"background-color:rgba(0, 0, 0, 0);color:#dd3333\" class=\"has-inline-color\"><i class=\"fas fa-circle-check\"><\/i><\/mark> Historiken f\u00f6r termometern bevaras<br><mark style=\"background-color:rgba(0, 0, 0, 0);color:#dd3333\" class=\"has-inline-color\"><i class=\"fas fa-circle-check\"><\/i><\/mark> H\u00f6gkvalitativa precisionstermometrar kan forts\u00e4tta anv\u00e4ndas<\/p>\n<\/div>\n\n\n\n<div class=\"wp-block-column is-vertically-aligned-center is-layout-flow wp-block-column-is-layout-flow\" style=\"flex-basis:50%\">\n<figure class=\"wp-block-image aligncenter size-full is-resized has-custom-border hvr-grow\"><img loading=\"lazy\" decoding=\"async\" width=\"500\" height=\"333\" src=\"https:\/\/www.klasmeier.com\/wp-content\/uploads\/Thermometer-Reparatur-Elke-Seewald.jpg\" alt=\"\" class=\"wp-image-2624\" style=\"border-radius:50px;width:407px;height:auto\" srcset=\"https:\/\/www.klasmeier.com\/wp-content\/uploads\/Thermometer-Reparatur-Elke-Seewald.jpg 500w, https:\/\/www.klasmeier.com\/wp-content\/uploads\/Thermometer-Reparatur-Elke-Seewald-300x200.jpg 300w\" sizes=\"auto, (max-width: 500px) 100vw, 500px\" \/><\/figure>\n<\/div>\n<\/div>\n<\/div>\n\n\n\n<div class=\"wp-block-group alignfull has-accent-background-color has-background has-global-padding is-layout-constrained wp-container-core-group-is-layout-80fb368b wp-block-group-is-layout-constrained\" style=\"padding-top:var(--wp--preset--spacing--30);padding-right:var(--wp--preset--spacing--30);padding-bottom:var(--wp--preset--spacing--30);padding-left:var(--wp--preset--spacing--30)\">\n<p><\/p>\n\n\n\n<h2 class=\"wp-block-heading has-text-align-center\"><strong>Vi reparerar f\u00f6ljande f\u00f6r dig:<\/strong><\/h2>\n\n\n\n<div class=\"wp-block-columns alignwide is-layout-flex wp-container-core-columns-is-layout-514d0522 wp-block-columns-is-layout-flex\" style=\"padding-top:var(--wp--preset--spacing--20);padding-bottom:var(--wp--preset--spacing--20)\">\n<div class=\"wp-block-column is-layout-flow wp-block-column-is-layout-flow\">\n<div class=\"wp-block-group hvr-grow is-vertical is-content-justification-stretch is-layout-flex wp-container-core-group-is-layout-4c964324 wp-block-group-is-layout-flex\" style=\"padding-top:var(--wp--preset--spacing--10);padding-right:var(--wp--preset--spacing--10);padding-bottom:var(--wp--preset--spacing--10);padding-left:var(--wp--preset--spacing--10)\">\n<figure class=\"wp-block-image size-full\"><img loading=\"lazy\" decoding=\"async\" width=\"455\" height=\"455\" src=\"https:\/\/www.klasmeier.com\/wp-content\/uploads\/SPRT-Reparatur-2.png\" alt=\"\" class=\"wp-image-2628\" srcset=\"https:\/\/www.klasmeier.com\/wp-content\/uploads\/SPRT-Reparatur-2.png 455w, https:\/\/www.klasmeier.com\/wp-content\/uploads\/SPRT-Reparatur-2-300x300.png 300w, https:\/\/www.klasmeier.com\/wp-content\/uploads\/SPRT-Reparatur-2-150x150.png 150w, https:\/\/www.klasmeier.com\/wp-content\/uploads\/SPRT-Reparatur-2-100x100.png 100w\" sizes=\"auto, (max-width: 455px) 100vw, 455px\" \/><\/figure>\n\n\n\n<h2 class=\"wp-block-heading has-text-align-center has-large-font-size\">SPRT<br>(Standard Platinamotst\u00e5ndstermometer)<\/h2>\n\n\n\n<p><\/p>\n\n\n\n<p><mark style=\"background-color:rgba(0, 0, 0, 0);color:#dd3333\" class=\"has-inline-color\"><i class=\"fas fa-circle-check\"><\/i><\/mark> <strong>Inklusive skyddsgasfyllning<\/strong><br><mark style=\"background-color:rgba(0, 0, 0, 0);color:#dd3333\" class=\"has-inline-color\"><i class=\"fas fa-circle-check\"><\/i><\/mark> <strong>Med gast\u00e4tt handtag<\/strong><\/p>\n<\/div>\n<\/div>\n\n\n\n<div class=\"wp-block-column is-layout-flow wp-block-column-is-layout-flow\">\n<div class=\"wp-block-group hvr-grow is-vertical is-content-justification-stretch is-layout-flex wp-container-core-group-is-layout-4c964324 wp-block-group-is-layout-flex\" style=\"padding-top:var(--wp--preset--spacing--10);padding-right:var(--wp--preset--spacing--10);padding-bottom:var(--wp--preset--spacing--10);padding-left:var(--wp--preset--spacing--10)\">\n<figure class=\"wp-block-image size-full\"><img loading=\"lazy\" decoding=\"async\" width=\"455\" height=\"455\" src=\"https:\/\/www.klasmeier.com\/wp-content\/uploads\/Praezisionsthermometer-Reparatur-1.png\" alt=\"\" class=\"wp-image-2634\" srcset=\"https:\/\/www.klasmeier.com\/wp-content\/uploads\/Praezisionsthermometer-Reparatur-1.png 455w, https:\/\/www.klasmeier.com\/wp-content\/uploads\/Praezisionsthermometer-Reparatur-1-300x300.png 300w, https:\/\/www.klasmeier.com\/wp-content\/uploads\/Praezisionsthermometer-Reparatur-1-150x150.png 150w, https:\/\/www.klasmeier.com\/wp-content\/uploads\/Praezisionsthermometer-Reparatur-1-100x100.png 100w\" sizes=\"auto, (max-width: 455px) 100vw, 455px\" \/><\/figure>\n\n\n\n<h2 class=\"wp-block-heading has-text-align-center has-large-font-size\">Precisionstermometrar (Pt100, Pt25, etc.)<\/h2>\n\n\n\n<div class=\"wp-block-group has-global-padding is-layout-constrained wp-block-group-is-layout-constrained\">\n<p><mark style=\"background-color:rgba(0, 0, 0, 0);color:#dd3333\" class=\"has-inline-color\"><i class=\"fas fa-circle-check\"><\/i><\/mark> <strong>Beroende p\u00e5 defekt kan vi byta ut:<\/strong><\/p>\n\n\n\n<div class=\"wp-block-group has-global-padding is-layout-constrained wp-container-core-group-is-layout-a119c273 wp-block-group-is-layout-constrained\" style=\"margin-top:0;margin-bottom:0;padding-top:var(--wp--preset--spacing--10);padding-right:var(--wp--preset--spacing--20);padding-bottom:var(--wp--preset--spacing--10);padding-left:var(--wp--preset--spacing--20)\">\n<p><mark style=\"background-color:rgba(0, 0, 0, 0);color:#dd3333\" class=\"has-inline-color\"><i class=\"fas fa-circle-check\"><\/i><\/mark> <strong>M\u00e4tmotst\u00e5nd&nbsp;<\/strong><br><mark style=\"background-color:rgba(0, 0, 0, 0);color:#dd3333\" class=\"has-inline-color\"><i class=\"fas fa-circle-check\"><\/i><\/mark> <strong>Skyddsr\u00f6r<\/strong><br><mark style=\"background-color:rgba(0, 0, 0, 0);color:#dd3333\" class=\"has-inline-color\"><i class=\"fas fa-circle-check\"><\/i><\/mark> <strong>Anslutningsteknik<\/strong><\/p>\n<\/div>\n<\/div>\n<\/div>\n<\/div>\n\n\n\n<div class=\"wp-block-column is-layout-flow wp-block-column-is-layout-flow\">\n<div class=\"wp-block-group hvr-grow is-vertical is-content-justification-stretch is-layout-flex wp-container-core-group-is-layout-4c964324 wp-block-group-is-layout-flex\" style=\"padding-top:var(--wp--preset--spacing--10);padding-right:var(--wp--preset--spacing--10);padding-bottom:var(--wp--preset--spacing--10);padding-left:var(--wp--preset--spacing--10)\">\n<figure class=\"wp-block-image size-full\"><img loading=\"lazy\" decoding=\"async\" width=\"455\" height=\"455\" src=\"https:\/\/www.klasmeier.com\/wp-content\/uploads\/Thermoelement-Reparatur-1.png\" alt=\"\" class=\"wp-image-2636\" srcset=\"https:\/\/www.klasmeier.com\/wp-content\/uploads\/Thermoelement-Reparatur-1.png 455w, https:\/\/www.klasmeier.com\/wp-content\/uploads\/Thermoelement-Reparatur-1-300x300.png 300w, https:\/\/www.klasmeier.com\/wp-content\/uploads\/Thermoelement-Reparatur-1-150x150.png 150w, https:\/\/www.klasmeier.com\/wp-content\/uploads\/Thermoelement-Reparatur-1-100x100.png 100w\" sizes=\"auto, (max-width: 455px) 100vw, 455px\" \/><\/figure>\n\n\n\n<h2 class=\"wp-block-heading has-text-align-center has-large-font-size\">Termoelement<br>(Typ R, S, B, Pt\/Pd, Au\/Pt)<\/h2>\n\n\n\n<div class=\"wp-block-group has-global-padding is-layout-constrained wp-container-core-group-is-layout-19e250f3 wp-block-group-is-layout-constrained\">\n<p><mark style=\"background-color:rgba(0, 0, 0, 0);color:#dd3333\" class=\"has-inline-color\"><i class=\"fas fa-circle-check\"><\/i><\/mark> <strong>Ny montering av:<\/strong><\/p>\n\n\n\n<div class=\"wp-block-group has-global-padding is-layout-constrained wp-container-core-group-is-layout-6ebb2501 wp-block-group-is-layout-constrained\" style=\"padding-top:var(--wp--preset--spacing--10);padding-right:var(--wp--preset--spacing--20);padding-bottom:var(--wp--preset--spacing--10);padding-left:var(--wp--preset--spacing--20)\">\n<p><mark style=\"background-color:rgba(0, 0, 0, 0);color:#dd3333\" class=\"has-inline-color\"><i class=\"fas fa-circle-check\"><\/i><\/mark> <strong>Skyddsr\u00f6r<\/strong><br><mark style=\"background-color:rgba(0, 0, 0, 0);color:#dd3333\" class=\"has-inline-color\"><i class=\"fas fa-circle-check\"><\/i><\/mark> <strong>Anslutningsteknik<\/strong><br><mark style=\"background-color:rgba(0, 0, 0, 0);color:#dd3333\" class=\"has-inline-color\"><i class=\"fas fa-circle-check\"><\/i><\/mark> <strong>M\u00e4tpunkt<\/strong><\/p>\n<\/div>\n<\/div>\n<\/div>\n<\/div>\n<\/div>\n<\/div>\n\n\n\n<div class=\"wp-block-group alignfull has-global-padding is-layout-constrained wp-container-core-group-is-layout-80fb368b wp-block-group-is-layout-constrained\" style=\"padding-top:var(--wp--preset--spacing--30);padding-right:var(--wp--preset--spacing--30);padding-bottom:var(--wp--preset--spacing--30);padding-left:var(--wp--preset--spacing--30)\">\n<p><\/p>\n\n\n\n<h3 class=\"wp-block-heading alignwide has-text-align-center\"><strong>Skicka din termometer till oss f\u00f6r reparation<\/strong><\/h3>\n\n\n\n<div class=\"wp-block-columns alignwide is-layout-flex wp-container-core-columns-is-layout-8d88fe0f wp-block-columns-is-layout-flex\" style=\"padding-top:var(--wp--preset--spacing--20);padding-bottom:var(--wp--preset--spacing--20)\">\n<div class=\"wp-block-column is-vertically-aligned-center is-layout-flow wp-block-column-is-layout-flow\" style=\"padding-right:var(--wp--preset--spacing--30);flex-basis:66%\">\n<p><mark style=\"background-color:rgba(0, 0, 0, 0);color:#dd3333\" class=\"has-inline-color\"><i class=\"fas fa-circle-check\"><\/i><\/mark> Efter mottagande och inspektion av din termometer skickar vi ett e-postmeddelande med ytterligare information och en&nbsp;<strong>kostnadsuppskattning<\/strong>&nbsp;f\u00f6r godk\u00e4nnande.<\/p>\n\n\n\n<p><mark style=\"background-color:rgba(0, 0, 0, 0);color:#dd3333\" class=\"has-inline-color\"><i class=\"fas fa-circle-check\"><\/i><\/mark> Efter godk\u00e4nnande av reparationskostnaderna skickar vi&nbsp;<strong>en orderbekr\u00e4ftelse med leveransdatum<\/strong>.<\/p>\n\n\n\n<p>Observera:<\/p>\n\n\n\n<p>Vi kan inte garantera de ursprungliga egenskaperna hos SPRT efter reparation. Funktionaliteten hos m\u00e4tmotst\u00e5ndet och eventuell kontaminering orsakad av defekten ligger utanf\u00f6r v\u00e5r kontroll.<\/p>\n\n\n\n<p>Om termometern efter reparation&nbsp;<strong>inte l\u00e4ngre uppfyller ITS-90 eller stabilitetskraven i kalibreringslaboratoriet<\/strong>, m\u00e5ste vi debitera en&nbsp;<strong>fast reparationsavgift<\/strong>&nbsp;f\u00f6r att t\u00e4cka sj\u00e4lvkostnaden.<\/p>\n<\/div>\n\n\n\n<div class=\"wp-block-column is-vertically-aligned-center is-layout-flow wp-block-column-is-layout-flow\" style=\"flex-basis:50%\">\n<figure class=\"wp-block-image aligncenter size-full is-resized has-custom-border hvr-grow\"><img loading=\"lazy\" decoding=\"async\" width=\"500\" height=\"333\" src=\"https:\/\/www.klasmeier.com\/wp-content\/uploads\/Thermometer-Reparatur-unterschiedlicher-Hersteller.jpg\" alt=\"\" class=\"wp-image-2648\" style=\"border-radius:50px;width:423px;height:auto\" srcset=\"https:\/\/www.klasmeier.com\/wp-content\/uploads\/Thermometer-Reparatur-unterschiedlicher-Hersteller.jpg 500w, https:\/\/www.klasmeier.com\/wp-content\/uploads\/Thermometer-Reparatur-unterschiedlicher-Hersteller-300x200.jpg 300w\" sizes=\"auto, (max-width: 500px) 100vw, 500px\" \/><\/figure>\n<\/div>\n<\/div>\n<\/div>\n\n\n\n<div class=\"wp-block-group alignfull has-global-padding is-layout-constrained wp-container-core-group-is-layout-0c8379ad wp-block-group-is-layout-constrained\" style=\"margin-top:var(--wp--preset--spacing--30);margin-bottom:var(--wp--preset--spacing--30);padding-top:var(--wp--preset--spacing--20);padding-right:var(--wp--preset--spacing--30);padding-bottom:var(--wp--preset--spacing--20);padding-left:var(--wp--preset--spacing--30)\">\n<h3 class=\"wp-block-heading alignwide has-text-align-center\"><strong>Tillsammans hittar vi den b\u00e4sta l\u00f6sningen f\u00f6r dig<\/strong><\/h3>\n\n\n\n<div class=\"wp-block-columns alignwide hvr-grow has-accent-background-color has-background is-layout-flex wp-container-core-columns-is-layout-b6a795d6 wp-block-columns-is-layout-flex\" style=\"border-radius:50px;margin-top:var(--wp--preset--spacing--40);margin-bottom:var(--wp--preset--spacing--40);padding-top:var(--wp--preset--spacing--20);padding-right:var(--wp--preset--spacing--20);padding-bottom:var(--wp--preset--spacing--20);padding-left:var(--wp--preset--spacing--20)\">\n<div class=\"wp-block-column is-layout-flow wp-block-column-is-layout-flow\" style=\"flex-basis:40%\">\n<figure class=\"wp-block-image aligncenter size-full has-custom-border\"><img loading=\"lazy\" decoding=\"async\" width=\"500\" height=\"333\" src=\"https:\/\/www.klasmeier.com\/wp-content\/uploads\/ES.png\" alt=\"\" class=\"wp-image-2653\" style=\"border-radius:50px\" srcset=\"https:\/\/www.klasmeier.com\/wp-content\/uploads\/ES.png 500w, https:\/\/www.klasmeier.com\/wp-content\/uploads\/ES-300x200.png 300w\" sizes=\"auto, (max-width: 500px) 100vw, 500px\" \/><\/figure>\n<\/div>\n\n\n\n<div class=\"wp-block-column is-vertically-aligned-center is-layout-flow wp-block-column-is-layout-flow\" style=\"flex-basis:60%\">\n<h3 class=\"wp-block-heading has-text-align-center\">Prata direkt med v\u00e5r expert!<\/h3>\n\n\n\n<p class=\"has-text-align-center\"><br><strong>Din kontaktperson f\u00f6r precisionstermometrar:<\/strong><\/p>\n\n\n\n<p class=\"has-text-align-center\"><strong>Elke Seewald<\/strong><br><em>Chef f\u00f6r eXacal-manufakturen p\u00e5 Klasmeier<\/em><\/p>\n\n\n\n<p class=\"has-text-align-center\"><mark style=\"background-color:rgba(0, 0, 0, 0);color:#dd3333\" class=\"has-inline-color\"><i class=\"fas fa-envelope\"><\/i><\/mark> <a href=\"https:\/\/www.klasmeier.com\/sv\/foretag\/kontakta-oss\/\">Ta kontakt nu<\/a><\/p>\n<\/div>\n<\/div>\n<\/div>\n","protected":false},"excerpt":{"rendered":"<p>Vi reparerar precisionstermometrarF\u00f6r \u00f6kad h\u00e5llbarhet: R\u00e4dda termometrar med v\u00e4rdefull historik Nyhet hos Klasmeier: Efter fem \u00e5rs utvecklingsarbete erbjuder vi nu reparation av precisionstermometrar \u2013 en s\u00e4rskilt h\u00e5llbar l\u00f6sning f\u00f6r branschen. Reparationen utf\u00f6rs i v\u00e5r egen termometermanufaktur Termometrar fr\u00e5n olika tillverkare kan \u00e5terst\u00e4llas Stabilitetskontroll och kalibrering i v\u00e5rt DAkkS-temperaturkalibreringslaboratorium Historiken f\u00f6r termometern bevaras H\u00f6gkvalitativa precisionstermometrar kan [&hellip;]<\/p>\n","protected":false},"author":4,"featured_media":0,"parent":10733,"menu_order":0,"comment_status":"closed","ping_status":"closed","template":"","meta":{"footnotes":""},"class_list":["post-10768","page","type-page","status-publish","hentry"],"_links":{"self":[{"href":"https:\/\/www.klasmeier.com\/sv\/wp-json\/wp\/v2\/pages\/10768","targetHints":{"allow":["GET"]}}],"collection":[{"href":"https:\/\/www.klasmeier.com\/sv\/wp-json\/wp\/v2\/pages"}],"about":[{"href":"https:\/\/www.klasmeier.com\/sv\/wp-json\/wp\/v2\/types\/page"}],"author":[{"embeddable":true,"href":"https:\/\/www.klasmeier.com\/sv\/wp-json\/wp\/v2\/users\/4"}],"replies":[{"embeddable":true,"href":"https:\/\/www.klasmeier.com\/sv\/wp-json\/wp\/v2\/comments?post=10768"}],"version-history":[{"count":2,"href":"https:\/\/www.klasmeier.com\/sv\/wp-json\/wp\/v2\/pages\/10768\/revisions"}],"predecessor-version":[{"id":11673,"href":"https:\/\/www.klasmeier.com\/sv\/wp-json\/wp\/v2\/pages\/10768\/revisions\/11673"}],"up":[{"embeddable":true,"href":"https:\/\/www.klasmeier.com\/sv\/wp-json\/wp\/v2\/pages\/10733"}],"wp:attachment":[{"href":"https:\/\/www.klasmeier.com\/sv\/wp-json\/wp\/v2\/media?parent=10768"}],"curies":[{"name":"wp","href":"https:\/\/api.w.org\/{rel}","templated":true}]}}