{"id":10753,"date":"2024-04-20T16:23:42","date_gmt":"2024-04-20T14:23:42","guid":{"rendered":"https:\/\/www.klasmeier.com\/?page_id=10753"},"modified":"2025-04-02T11:51:15","modified_gmt":"2025-04-02T09:51:15","slug":"exacal-teknologi","status":"publish","type":"page","link":"https:\/\/www.klasmeier.com\/sv\/termometermanufaktur\/exacal-teknologi\/","title":{"rendered":"eXacal-teknologi"},"content":{"rendered":"\n<div class=\"wp-block-cover alignfull has-base-2-color has-text-color has-link-color wp-elements-c1abdb0724235a031419df61f3ca4276\"><span aria-hidden=\"true\" class=\"wp-block-cover__background has-contrast-background-color has-background-dim\"><\/span><img loading=\"lazy\" decoding=\"async\" width=\"1280\" height=\"491\" class=\"wp-block-cover__image-background wp-image-1931\" alt=\"\" src=\"https:\/\/www.klasmeier.com\/wp-content\/uploads\/2024\/03\/eXacal-Koffer-mit-Thermoelement.png\" data-object-fit=\"cover\" srcset=\"https:\/\/www.klasmeier.com\/wp-content\/uploads\/2024\/03\/eXacal-Koffer-mit-Thermoelement.png 1280w, https:\/\/www.klasmeier.com\/wp-content\/uploads\/2024\/03\/eXacal-Koffer-mit-Thermoelement-300x115.png 300w, https:\/\/www.klasmeier.com\/wp-content\/uploads\/2024\/03\/eXacal-Koffer-mit-Thermoelement-1024x393.png 1024w, https:\/\/www.klasmeier.com\/wp-content\/uploads\/2024\/03\/eXacal-Koffer-mit-Thermoelement-768x295.png 768w, https:\/\/www.klasmeier.com\/wp-content\/uploads\/2024\/03\/eXacal-Koffer-mit-Thermoelement-600x230.png 600w\" sizes=\"auto, (max-width: 1280px) 100vw, 1280px\" \/><div class=\"wp-block-cover__inner-container is-layout-flow wp-block-cover-is-layout-flow\">\n<h2 class=\"wp-block-heading has-text-align-center\" style=\"font-size:clamp(3.652rem, 3.652rem + ((1vw - 0.2rem) * 6.58), 7.6rem);\"><strong>eXacal-teknologi<\/strong><\/h2>\n<\/div><\/div>\n\n\n\n<div class=\"wp-block-group alignfull has-global-padding is-layout-constrained wp-container-core-group-is-layout-7a94f013 wp-block-group-is-layout-constrained\" style=\"padding-top:var(--wp--preset--spacing--30);padding-right:var(--wp--preset--spacing--30);padding-bottom:var(--wp--preset--spacing--30);padding-left:var(--wp--preset--spacing--30)\">\n<p>eXacal-precisionstermometrarna har utvecklats helt fr\u00e5n grunden. Varje komponent har designats med st\u00f6rsta noggrannhet och anpassats perfekt till de \u00f6vriga delarna. En central h\u00f6jdpunkt \u00e4r det innovativa handtaget, som fungerar som den huvudsakliga teknologib\u00e4raren. Tack vare sin modul\u00e4ra konstruktion m\u00f6jligg\u00f6r det en flexibel kombination av eXacal-termometrarna p\u00e5 m\u00e5nga olika s\u00e4tt.<\/p>\n\n\n\n<div class=\"wp-block-columns hvr-grow has-accent-background-color has-background is-layout-flex wp-container-core-columns-is-layout-cc9b1f73 wp-block-columns-is-layout-flex\" style=\"border-radius:50px;margin-top:var(--wp--preset--spacing--30);margin-bottom:var(--wp--preset--spacing--30);padding-top:var(--wp--preset--spacing--30);padding-right:var(--wp--preset--spacing--30);padding-bottom:var(--wp--preset--spacing--30);padding-left:var(--wp--preset--spacing--30)\">\n<div class=\"wp-block-column is-layout-flow wp-block-column-is-layout-flow\" style=\"flex-basis:30%\">\n<figure class=\"wp-block-image aligncenter size-full is-resized has-custom-border\"><img loading=\"lazy\" decoding=\"async\" width=\"900\" height=\"900\" src=\"https:\/\/www.klasmeier.com\/wp-content\/uploads\/eXacal_Handgriff.jpg\" alt=\"\" class=\"wp-image-2745\" style=\"border-radius:50px;width:388px;height:auto\" srcset=\"https:\/\/www.klasmeier.com\/wp-content\/uploads\/eXacal_Handgriff.jpg 900w, https:\/\/www.klasmeier.com\/wp-content\/uploads\/eXacal_Handgriff-300x300.jpg 300w, https:\/\/www.klasmeier.com\/wp-content\/uploads\/eXacal_Handgriff-150x150.jpg 150w, https:\/\/www.klasmeier.com\/wp-content\/uploads\/eXacal_Handgriff-768x768.jpg 768w, https:\/\/www.klasmeier.com\/wp-content\/uploads\/eXacal_Handgriff-600x600.jpg 600w, https:\/\/www.klasmeier.com\/wp-content\/uploads\/eXacal_Handgriff-100x100.jpg 100w\" sizes=\"auto, (max-width: 900px) 100vw, 900px\" \/><\/figure>\n<\/div>\n\n\n\n<div class=\"wp-block-column is-layout-flow wp-block-column-is-layout-flow\" style=\"padding-left:var(--wp--preset--spacing--10);flex-basis:70%\">\n<h3 class=\"wp-block-heading has-text-align-center\" id=\"der-handgriff-als-technologietrager\">Handtaget som teknologib\u00e4rare<\/h3>\n\n\n\n<p>V\u00e5ra&nbsp;<strong>eXacal-termometrar<\/strong>&nbsp;kan konfigureras n\u00e4stan obegr\u00e4nsat i modulsystem. Detta m\u00f6jligg\u00f6rs genom v\u00e5rt aluminiumhandtag, som utrustas med en individuellt&nbsp;<strong>3D-printad insats<\/strong>&nbsp;f\u00f6r varje termometer. Viktiga komponenter som&nbsp;<strong>dragavlastningar, skyddsgasfyllningar eller olika skyddsr\u00f6r<\/strong>&nbsp;kan d\u00e4rmed fritt kombineras.<\/p>\n<\/div>\n<\/div>\n\n\n\n<div class=\"wp-block-columns hvr-grow has-accent-background-color has-background is-layout-flex wp-container-core-columns-is-layout-cc9b1f73 wp-block-columns-is-layout-flex\" style=\"border-radius:50px;margin-top:var(--wp--preset--spacing--30);margin-bottom:var(--wp--preset--spacing--30);padding-top:var(--wp--preset--spacing--30);padding-right:var(--wp--preset--spacing--30);padding-bottom:var(--wp--preset--spacing--30);padding-left:var(--wp--preset--spacing--30)\">\n<div class=\"wp-block-column is-vertically-aligned-top is-layout-flow wp-block-column-is-layout-flow\" style=\"padding-left:var(--wp--preset--spacing--10);flex-basis:70%\">\n<h3 class=\"wp-block-heading has-text-align-center\" id=\"temperatursensoren\">Temperatursensorer<\/h3>\n\n\n\n<p class=\"has-text-align-center\"><strong>M\u00e4tmotst\u00e5nd fr\u00e5n egen tillverkning<\/strong><\/p>\n\n\n\n<p>I v\u00e5r manufaktur tillverkar vi&nbsp;<strong>h\u00f6gprecisa temperaturm\u00e4tmotst\u00e5nd<\/strong>. V\u00e5ra erfarna tekniker lindar platinaledningar p\u00e5 keramiska eller kvartskomponenter. Efter lindningsprocessen vidaref\u00f6r\u00e4dlas dessa m\u00e4tmotst\u00e5nd till&nbsp;<strong>precisionstermometrar<\/strong>.<\/p>\n\n\n\n<div class=\"wp-block-buttons is-content-justification-center is-layout-flex wp-container-core-buttons-is-layout-a89b3969 wp-block-buttons-is-layout-flex\">\n<div class=\"wp-block-button is-style-outline hvr-shrink is-style-outline--1\"><a class=\"wp-block-button__link wp-element-button\" href=\"\/sv\/messwiderstaende-von-klasmeier\/\"><strong>Till m\u00e4tmotst\u00e5nden<\/strong><\/a><\/div>\n<\/div>\n<\/div>\n\n\n\n<div class=\"wp-block-column is-layout-flow wp-block-column-is-layout-flow\" style=\"flex-basis:30%\">\n<figure class=\"wp-block-image aligncenter size-full is-resized has-custom-border\"><img loading=\"lazy\" decoding=\"async\" width=\"900\" height=\"900\" src=\"https:\/\/www.klasmeier.com\/wp-content\/uploads\/eXacal_Messwiderstand.jpg\" alt=\"\" class=\"wp-image-2749\" style=\"border-radius:50px;width:388px;height:auto\" srcset=\"https:\/\/www.klasmeier.com\/wp-content\/uploads\/eXacal_Messwiderstand.jpg 900w, https:\/\/www.klasmeier.com\/wp-content\/uploads\/eXacal_Messwiderstand-300x300.jpg 300w, https:\/\/www.klasmeier.com\/wp-content\/uploads\/eXacal_Messwiderstand-150x150.jpg 150w, https:\/\/www.klasmeier.com\/wp-content\/uploads\/eXacal_Messwiderstand-768x768.jpg 768w, https:\/\/www.klasmeier.com\/wp-content\/uploads\/eXacal_Messwiderstand-600x600.jpg 600w, https:\/\/www.klasmeier.com\/wp-content\/uploads\/eXacal_Messwiderstand-100x100.jpg 100w\" sizes=\"auto, (max-width: 900px) 100vw, 900px\" \/><\/figure>\n<\/div>\n<\/div>\n\n\n\n<div class=\"wp-block-columns hvr-grow has-accent-background-color has-background is-layout-flex wp-container-core-columns-is-layout-cc9b1f73 wp-block-columns-is-layout-flex\" style=\"border-radius:50px;margin-top:var(--wp--preset--spacing--30);margin-bottom:var(--wp--preset--spacing--30);padding-top:var(--wp--preset--spacing--30);padding-right:var(--wp--preset--spacing--30);padding-bottom:var(--wp--preset--spacing--30);padding-left:var(--wp--preset--spacing--30)\">\n<div class=\"wp-block-column is-layout-flow wp-block-column-is-layout-flow\" style=\"flex-basis:30%\">\n<figure class=\"wp-block-image aligncenter size-full is-resized has-custom-border\"><img loading=\"lazy\" decoding=\"async\" width=\"900\" height=\"900\" src=\"https:\/\/www.klasmeier.com\/wp-content\/uploads\/eXacal_Thermometerdraht.jpg\" alt=\"\" class=\"wp-image-2752\" style=\"border-radius:50px;width:388px;height:auto\" srcset=\"https:\/\/www.klasmeier.com\/wp-content\/uploads\/eXacal_Thermometerdraht.jpg 900w, https:\/\/www.klasmeier.com\/wp-content\/uploads\/eXacal_Thermometerdraht-300x300.jpg 300w, https:\/\/www.klasmeier.com\/wp-content\/uploads\/eXacal_Thermometerdraht-150x150.jpg 150w, https:\/\/www.klasmeier.com\/wp-content\/uploads\/eXacal_Thermometerdraht-768x768.jpg 768w, https:\/\/www.klasmeier.com\/wp-content\/uploads\/eXacal_Thermometerdraht-600x600.jpg 600w, https:\/\/www.klasmeier.com\/wp-content\/uploads\/eXacal_Thermometerdraht-100x100.jpg 100w\" sizes=\"auto, (max-width: 900px) 100vw, 900px\" \/><\/figure>\n<\/div>\n\n\n\n<div class=\"wp-block-column is-layout-flow wp-block-column-is-layout-flow\" style=\"padding-left:var(--wp--preset--spacing--10);flex-basis:70%\">\n<h3 class=\"wp-block-heading has-text-align-center\" id=\"thermometerdraht\">Termometertr\u00e5d<\/h3>\n\n\n\n<p>Som&nbsp;<strong>termometertr\u00e5d<\/strong>&nbsp;i v\u00e5ra m\u00e4tmotst\u00e5nd och kapill\u00e4rer anv\u00e4nder vi&nbsp;<strong>\u00e4delmetaller<\/strong>&nbsp;och inga konventionella manteltr\u00e5dar. Beroende p\u00e5 temperaturintervall anv\u00e4nds&nbsp;<strong>rent silver eller platina<\/strong>. Detta minskar termoelektriska effekter och eliminerar parasit\u00e4ra sp\u00e4nningar i termometern.<\/p>\n<\/div>\n<\/div>\n\n\n\n<div class=\"wp-block-columns hvr-grow has-accent-background-color has-background is-layout-flex wp-container-core-columns-is-layout-cc9b1f73 wp-block-columns-is-layout-flex\" style=\"border-radius:50px;margin-top:var(--wp--preset--spacing--30);margin-bottom:var(--wp--preset--spacing--30);padding-top:var(--wp--preset--spacing--30);padding-right:var(--wp--preset--spacing--30);padding-bottom:var(--wp--preset--spacing--30);padding-left:var(--wp--preset--spacing--30)\">\n<div class=\"wp-block-column is-vertically-aligned-top is-layout-flow wp-block-column-is-layout-flow\" style=\"padding-left:var(--wp--preset--spacing--10);flex-basis:70%\">\n<h3 class=\"wp-block-heading has-text-align-center\" id=\"schutzrohre\">Skyddsr\u00f6r<\/h3>\n\n\n\n<p>Skyddsr\u00f6r v\u00e4ljs utifr\u00e5n den termiska belastningen och atmosf\u00e4rens egenskaper. F\u00f6r att optimalt skydda temperatursensorn mot&nbsp;<strong>mekaniska och kemiska p\u00e5verkningar<\/strong>, anv\u00e4nds skyddsr\u00f6r av&nbsp;<strong>ren keramik, \u00e4delmetaller, h\u00f6gtemperaturlegeringar eller safir<\/strong>, beroende p\u00e5 applikationen.<\/p>\n<\/div>\n\n\n\n<div class=\"wp-block-column is-layout-flow wp-block-column-is-layout-flow\" style=\"flex-basis:30%\">\n<figure class=\"wp-block-image aligncenter size-full is-resized has-custom-border\"><img loading=\"lazy\" decoding=\"async\" width=\"900\" height=\"900\" src=\"https:\/\/www.klasmeier.com\/wp-content\/uploads\/eXacal_Schutzrohre-1.jpg\" alt=\"\" class=\"wp-image-2759\" style=\"border-radius:50px;width:388px;height:auto\" srcset=\"https:\/\/www.klasmeier.com\/wp-content\/uploads\/eXacal_Schutzrohre-1.jpg 900w, https:\/\/www.klasmeier.com\/wp-content\/uploads\/eXacal_Schutzrohre-1-300x300.jpg 300w, https:\/\/www.klasmeier.com\/wp-content\/uploads\/eXacal_Schutzrohre-1-150x150.jpg 150w, https:\/\/www.klasmeier.com\/wp-content\/uploads\/eXacal_Schutzrohre-1-768x768.jpg 768w, https:\/\/www.klasmeier.com\/wp-content\/uploads\/eXacal_Schutzrohre-1-600x600.jpg 600w, https:\/\/www.klasmeier.com\/wp-content\/uploads\/eXacal_Schutzrohre-1-100x100.jpg 100w\" sizes=\"auto, (max-width: 900px) 100vw, 900px\" \/><\/figure>\n<\/div>\n<\/div>\n\n\n\n<div class=\"wp-block-columns hvr-grow has-accent-background-color has-background is-layout-flex wp-container-core-columns-is-layout-cc9b1f73 wp-block-columns-is-layout-flex\" style=\"border-radius:50px;margin-top:var(--wp--preset--spacing--30);margin-bottom:var(--wp--preset--spacing--30);padding-top:var(--wp--preset--spacing--30);padding-right:var(--wp--preset--spacing--30);padding-bottom:var(--wp--preset--spacing--30);padding-left:var(--wp--preset--spacing--30)\">\n<div class=\"wp-block-column is-layout-flow wp-block-column-is-layout-flow\" style=\"flex-basis:30%\">\n<figure class=\"wp-block-image aligncenter size-full is-resized has-custom-border\"><img loading=\"lazy\" decoding=\"async\" width=\"900\" height=\"900\" src=\"https:\/\/www.klasmeier.com\/wp-content\/uploads\/eXacal_Anschlussleitung-1.jpg\" alt=\"\" class=\"wp-image-2761\" style=\"border-radius:50px;width:388px;height:auto\" srcset=\"https:\/\/www.klasmeier.com\/wp-content\/uploads\/eXacal_Anschlussleitung-1.jpg 900w, https:\/\/www.klasmeier.com\/wp-content\/uploads\/eXacal_Anschlussleitung-1-300x300.jpg 300w, https:\/\/www.klasmeier.com\/wp-content\/uploads\/eXacal_Anschlussleitung-1-150x150.jpg 150w, https:\/\/www.klasmeier.com\/wp-content\/uploads\/eXacal_Anschlussleitung-1-768x768.jpg 768w, https:\/\/www.klasmeier.com\/wp-content\/uploads\/eXacal_Anschlussleitung-1-600x600.jpg 600w, https:\/\/www.klasmeier.com\/wp-content\/uploads\/eXacal_Anschlussleitung-1-100x100.jpg 100w\" sizes=\"auto, (max-width: 900px) 100vw, 900px\" \/><\/figure>\n<\/div>\n\n\n\n<div class=\"wp-block-column is-layout-flow wp-block-column-is-layout-flow\" style=\"padding-left:var(--wp--preset--spacing--10);flex-basis:70%\">\n<h3 class=\"wp-block-heading has-text-align-center\" id=\"anschlussleitungen\">Anslutningskablar<\/h3>\n\n\n\n<p>Anslutningskablar f\u00f6r termoelement och motst\u00e5ndstermometrar monteras&nbsp;<strong>f\u00f6r hand<\/strong>. Vi anv\u00e4nder&nbsp;<strong>kopparledningar av en sp\u00e4nningsfri kopparlegering<\/strong>, som \u00e4r speciellt framtagen f\u00f6r v\u00e5ra termometrar. Som isolationsh\u00f6lje anv\u00e4nds en&nbsp;<strong>f\u00f6rst\u00e4rkt textilmantel av v\u00e4rmebehandlat glasfiber<\/strong>, vilket \u00e4r&nbsp;<strong>h\u00f6gtemperaturbest\u00e4ndigt<\/strong>. Detta skyddar de enskilda ledningarna fr\u00e5n&nbsp;<strong>mekanisk p\u00e5verkan, h\u00f6ga temperaturer och organiska l\u00f6sningsmedel<\/strong>.<\/p>\n<\/div>\n<\/div>\n<\/div>\n\n\n\n<div class=\"wp-block-group alignfull has-global-padding is-layout-constrained wp-container-core-group-is-layout-7a94f013 wp-block-group-is-layout-constrained\" style=\"padding-top:var(--wp--preset--spacing--30);padding-right:var(--wp--preset--spacing--30);padding-bottom:var(--wp--preset--spacing--30);padding-left:var(--wp--preset--spacing--30)\">\n<h3 class=\"wp-block-heading alignwide has-text-align-center\" id=\"hochwertiger-e-xacal-tragekoffer\"><strong>H\u00f6gkvalitativ eXacal-transportv\u00e4ska<\/strong><\/h3>\n\n\n\n<p>Alla&nbsp;<strong>eXacal-termometrar<\/strong>&nbsp;levereras i ett etui, men kan alternativt best\u00e4llas med en&nbsp;<strong>h\u00f6gkvalitativ tr\u00e4transportv\u00e4ska<\/strong>. Den robusta tr\u00e4l\u00e5dan med en anpassad skuminl\u00e4ggning s\u00e4kerst\u00e4ller&nbsp;<strong>optimalt skydd<\/strong>&nbsp;f\u00f6r de k\u00e4nsliga termometrarna under transport och f\u00f6rvaring.<\/p>\n\n\n\n<figure class=\"wp-block-image alignwide size-full has-custom-border\"><img loading=\"lazy\" decoding=\"async\" width=\"1280\" height=\"491\" src=\"https:\/\/www.klasmeier.com\/wp-content\/uploads\/eXacal-Koffer-mit-Thermoelement.png\" alt=\"\" class=\"wp-image-2765\" style=\"border-radius:50px\" srcset=\"https:\/\/www.klasmeier.com\/wp-content\/uploads\/eXacal-Koffer-mit-Thermoelement.png 1280w, https:\/\/www.klasmeier.com\/wp-content\/uploads\/eXacal-Koffer-mit-Thermoelement-300x115.png 300w, https:\/\/www.klasmeier.com\/wp-content\/uploads\/eXacal-Koffer-mit-Thermoelement-1024x393.png 1024w, https:\/\/www.klasmeier.com\/wp-content\/uploads\/eXacal-Koffer-mit-Thermoelement-768x295.png 768w, https:\/\/www.klasmeier.com\/wp-content\/uploads\/eXacal-Koffer-mit-Thermoelement-600x230.png 600w\" sizes=\"auto, (max-width: 1280px) 100vw, 1280px\" \/><\/figure>\n\n\n\n<div class=\"wp-block-columns is-not-stacked-on-mobile is-layout-flex wp-container-core-columns-is-layout-514d0522 wp-block-columns-is-layout-flex\" style=\"padding-top:var(--wp--preset--spacing--20);padding-bottom:var(--wp--preset--spacing--20)\">\n<div class=\"wp-block-column is-layout-flow wp-block-column-is-layout-flow\">\n<figure class=\"wp-block-image size-full has-custom-border hvr-float\"><img loading=\"lazy\" decoding=\"async\" width=\"425\" height=\"283\" src=\"https:\/\/www.klasmeier.com\/wp-content\/uploads\/eXacal-Koffer-mit-Pt100.png\" alt=\"\" class=\"wp-image-2767\" style=\"border-radius:50px\" srcset=\"https:\/\/www.klasmeier.com\/wp-content\/uploads\/eXacal-Koffer-mit-Pt100.png 425w, https:\/\/www.klasmeier.com\/wp-content\/uploads\/eXacal-Koffer-mit-Pt100-300x200.png 300w\" sizes=\"auto, (max-width: 425px) 100vw, 425px\" \/><\/figure>\n<\/div>\n\n\n\n<div class=\"wp-block-column is-layout-flow wp-block-column-is-layout-flow\">\n<figure class=\"wp-block-image size-full has-custom-border hvr-float\"><img loading=\"lazy\" decoding=\"async\" width=\"425\" height=\"283\" src=\"https:\/\/www.klasmeier.com\/wp-content\/uploads\/eXacal-Koffer-Klasmeier.png\" alt=\"\" class=\"wp-image-2769\" style=\"border-radius:50px\" srcset=\"https:\/\/www.klasmeier.com\/wp-content\/uploads\/eXacal-Koffer-Klasmeier.png 425w, https:\/\/www.klasmeier.com\/wp-content\/uploads\/eXacal-Koffer-Klasmeier-300x200.png 300w\" sizes=\"auto, (max-width: 425px) 100vw, 425px\" \/><\/figure>\n<\/div>\n\n\n\n<div class=\"wp-block-column is-layout-flow wp-block-column-is-layout-flow\">\n<figure class=\"wp-block-image size-full has-custom-border hvr-float\"><img loading=\"lazy\" decoding=\"async\" width=\"425\" height=\"283\" src=\"https:\/\/www.klasmeier.com\/wp-content\/uploads\/eXacal-Holzkoffer-Detailansicht.png\" alt=\"\" class=\"wp-image-2771\" style=\"border-radius:50px\" srcset=\"https:\/\/www.klasmeier.com\/wp-content\/uploads\/eXacal-Holzkoffer-Detailansicht.png 425w, https:\/\/www.klasmeier.com\/wp-content\/uploads\/eXacal-Holzkoffer-Detailansicht-300x200.png 300w\" sizes=\"auto, (max-width: 425px) 100vw, 425px\" \/><\/figure>\n<\/div>\n<\/div>\n<\/div>\n\n\n\n<div class=\"wp-block-group alignfull has-global-padding is-layout-constrained wp-block-group-is-layout-constrained\" style=\"margin-top:var(--wp--preset--spacing--30);margin-bottom:var(--wp--preset--spacing--30);padding-top:var(--wp--preset--spacing--20);padding-bottom:var(--wp--preset--spacing--20)\">\n<h3 class=\"wp-block-heading alignwide has-text-align-center\" id=\"gemeinsam-die-richtige-losung-fur-sie-finden\"><strong>Tillsammans hittar vi den b\u00e4sta l\u00f6sningen f\u00f6r dig<\/strong><\/h3>\n\n\n\n<div class=\"wp-block-columns alignwide hvr-grow has-accent-background-color has-background is-layout-flex wp-container-core-columns-is-layout-b6a795d6 wp-block-columns-is-layout-flex\" style=\"border-radius:50px;margin-top:var(--wp--preset--spacing--40);margin-bottom:var(--wp--preset--spacing--40);padding-top:var(--wp--preset--spacing--20);padding-right:var(--wp--preset--spacing--20);padding-bottom:var(--wp--preset--spacing--20);padding-left:var(--wp--preset--spacing--20)\">\n<div class=\"wp-block-column is-layout-flow wp-block-column-is-layout-flow\">\n<figure class=\"wp-block-image size-full has-custom-border\"><img loading=\"lazy\" decoding=\"async\" width=\"500\" height=\"333\" src=\"https:\/\/www.klasmeier.com\/wp-content\/uploads\/2024\/03\/TK.png\" alt=\"\" class=\"wp-image-1440\" style=\"border-radius:50px\" srcset=\"https:\/\/www.klasmeier.com\/wp-content\/uploads\/2024\/03\/TK.png 500w, https:\/\/www.klasmeier.com\/wp-content\/uploads\/2024\/03\/TK-300x200.png 300w\" sizes=\"auto, (max-width: 500px) 100vw, 500px\" \/><\/figure>\n<\/div>\n\n\n\n<div class=\"wp-block-column is-vertically-aligned-center is-layout-flow wp-block-column-is-layout-flow\">\n<h3 class=\"wp-block-heading has-text-align-center\" id=\"sprechen-sie-direkt-mit-unserem-experten\">Prata direkt med v\u00e5r expert!<\/h3>\n\n\n\n<p class=\"has-text-align-center\"><br><strong>Din kontaktperson hos Klasmeier:<\/strong><\/p>\n\n\n\n<p class=\"has-text-align-center\"><strong>Thomas Klasmeier<\/strong><\/p>\n\n\n\n<p class=\"has-text-align-center\"><mark style=\"background-color:rgba(0, 0, 0, 0);color:#dd3333\" class=\"has-inline-color\"><i class=\"fas fa-envelope\"><\/i><\/mark> <a href=\"https:\/\/www.klasmeier.com\/sv\/foretag\/kontakta-oss\/\">Ta kontakt nu<\/a><\/p>\n<\/div>\n<\/div>\n<\/div>\n","protected":false},"excerpt":{"rendered":"<p>eXacal-precisionstermometrarna har utvecklats helt fr\u00e5n grunden. Varje komponent har designats med st\u00f6rsta noggrannhet och anpassats perfekt till de \u00f6vriga delarna. En central h\u00f6jdpunkt \u00e4r det innovativa handtaget, som fungerar som den huvudsakliga teknologib\u00e4raren. Tack vare sin modul\u00e4ra konstruktion m\u00f6jligg\u00f6r det en flexibel kombination av eXacal-termometrarna p\u00e5 m\u00e5nga olika s\u00e4tt. Handtaget som teknologib\u00e4rare V\u00e5ra&nbsp;eXacal-termometrar&nbsp;kan konfigureras n\u00e4stan [&hellip;]<\/p>\n","protected":false},"author":4,"featured_media":0,"parent":10733,"menu_order":0,"comment_status":"closed","ping_status":"closed","template":"","meta":{"footnotes":""},"class_list":["post-10753","page","type-page","status-publish","hentry"],"_links":{"self":[{"href":"https:\/\/www.klasmeier.com\/sv\/wp-json\/wp\/v2\/pages\/10753","targetHints":{"allow":["GET"]}}],"collection":[{"href":"https:\/\/www.klasmeier.com\/sv\/wp-json\/wp\/v2\/pages"}],"about":[{"href":"https:\/\/www.klasmeier.com\/sv\/wp-json\/wp\/v2\/types\/page"}],"author":[{"embeddable":true,"href":"https:\/\/www.klasmeier.com\/sv\/wp-json\/wp\/v2\/users\/4"}],"replies":[{"embeddable":true,"href":"https:\/\/www.klasmeier.com\/sv\/wp-json\/wp\/v2\/comments?post=10753"}],"version-history":[{"count":2,"href":"https:\/\/www.klasmeier.com\/sv\/wp-json\/wp\/v2\/pages\/10753\/revisions"}],"predecessor-version":[{"id":11671,"href":"https:\/\/www.klasmeier.com\/sv\/wp-json\/wp\/v2\/pages\/10753\/revisions\/11671"}],"up":[{"embeddable":true,"href":"https:\/\/www.klasmeier.com\/sv\/wp-json\/wp\/v2\/pages\/10733"}],"wp:attachment":[{"href":"https:\/\/www.klasmeier.com\/sv\/wp-json\/wp\/v2\/media?parent=10753"}],"curies":[{"name":"wp","href":"https:\/\/api.w.org\/{rel}","templated":true}]}}