{"id":10683,"date":"2024-03-21T09:52:00","date_gmt":"2024-03-21T08:52:00","guid":{"rendered":"https:\/\/www.klasmeier.com\/?page_id=10683"},"modified":"2025-04-02T11:54:34","modified_gmt":"2025-04-02T09:54:34","slug":"klasmeierconnect","status":"publish","type":"page","link":"https:\/\/www.klasmeier.com\/sv\/foretag\/klasmeierconnect\/","title":{"rendered":"KlasmeierConnect"},"content":{"rendered":"\n<div class=\"wp-block-group alignfull has-global-padding is-layout-constrained wp-container-core-group-is-layout-667d36a5 wp-block-group-is-layout-constrained\" style=\"margin-top:0;margin-bottom:0;padding-top:var(--wp--preset--spacing--20);padding-right:var(--wp--preset--spacing--30);padding-bottom:var(--wp--preset--spacing--20);padding-left:var(--wp--preset--spacing--30)\">\n<div class=\"wp-block-group has-global-padding is-layout-constrained wp-block-group-is-layout-constrained\" style=\"margin-top:var(--wp--preset--spacing--30);margin-bottom:var(--wp--preset--spacing--30)\">\n<figure class=\"wp-block-image aligncenter size-full hvr-grow\"><img loading=\"lazy\" decoding=\"async\" width=\"750\" height=\"86\" src=\"https:\/\/www.klasmeier.com\/wp-content\/uploads\/2024\/03\/KK-connect-logo-final.png\" alt=\"\" class=\"wp-image-1716\" srcset=\"https:\/\/www.klasmeier.com\/wp-content\/uploads\/2024\/03\/KK-connect-logo-final.png 750w, https:\/\/www.klasmeier.com\/wp-content\/uploads\/2024\/03\/KK-connect-logo-final-300x34.png 300w, https:\/\/www.klasmeier.com\/wp-content\/uploads\/2024\/03\/KK-connect-logo-final-600x69.png 600w\" sizes=\"auto, (max-width: 750px) 100vw, 750px\" \/><\/figure>\n<\/div>\n\n\n\n<h2 class=\"wp-block-heading alignwide has-text-align-center\">Optimalt uppkopplad med KlasmeierConnect<\/h2>\n\n\n\n<h3 class=\"wp-block-heading alignwide has-text-align-center\">Online-community: Plattform f\u00f6r kursdeltagare och f\u00f6rel\u00e4sare med m\u00e5nga funktioner<\/h3>\n\n\n\n<p>Den som deltar i en kurs hos Klasmeier f\u00e5r en extra tj\u00e4nst helt utan kostnad:&nbsp;<strong>KlasmeierConnect<\/strong>. I denna online-community kan kursdeltagare och f\u00f6rel\u00e4sare redan under utbildningen kommunicera med varandra. Inloggningen till communityn, som erbjuder gruppchatt, direktmeddelanden och m\u00e5nga andra funktioner, f\u00f6rblir dessutom tillg\u00e4nglig utan avgift \u00e4ven efter avslutad utbildning.<\/p>\n\n\n\n<div class=\"wp-block-buttons is-content-justification-center is-layout-flex wp-container-core-buttons-is-layout-a89b3969 wp-block-buttons-is-layout-flex\">\n<div class=\"wp-block-button hvr-shrink\"><a class=\"wp-block-button__link wp-element-button\" href=\"https:\/\/connect.klasmeier.com\/\" style=\"padding-top:var(--wp--preset--spacing--10);padding-right:var(--wp--preset--spacing--20);padding-bottom:var(--wp--preset--spacing--10);padding-left:var(--wp--preset--spacing--20)\" target=\"_blank\" rel=\"noopener\">Till inloggningen<\/a><\/div>\n<\/div>\n<\/div>\n\n\n\n<div class=\"wp-block-group alignfull has-global-padding is-layout-constrained wp-container-core-group-is-layout-570efc33 wp-block-group-is-layout-constrained\" style=\"padding-top:var(--wp--preset--spacing--30);padding-right:var(--wp--preset--spacing--30);padding-bottom:var(--wp--preset--spacing--30);padding-left:var(--wp--preset--spacing--30)\">\n<div class=\"wp-block-columns alignwide is-layout-flex wp-container-core-columns-is-layout-658170e2 wp-block-columns-is-layout-flex\">\n<div class=\"wp-block-column is-layout-flow wp-block-column-is-layout-flow\" style=\"flex-basis:100%\">\n<div class=\"wp-block-group hvr-grow has-accent-background-color has-background is-vertical is-content-justification-center is-layout-flex wp-container-core-group-is-layout-bc1c67bb wp-block-group-is-layout-flex\" style=\"border-radius:50px;padding-top:var(--wp--preset--spacing--20);padding-right:var(--wp--preset--spacing--20);padding-bottom:var(--wp--preset--spacing--20);padding-left:var(--wp--preset--spacing--20)\">\n<p class=\"has-text-align-center\"><strong>Medlemsomr\u00e5de<\/strong><\/p>\n\n\n\n<figure class=\"wp-block-image size-full is-resized has-custom-border is-style-default\"><img loading=\"lazy\" decoding=\"async\" width=\"300\" height=\"206\" src=\"https:\/\/www.klasmeier.com\/wp-content\/uploads\/2024\/03\/Klasmeier.Connect-Profil-Uebersicht-300x206-1.png\" alt=\"\" class=\"wp-image-1718\" style=\"border-radius:12px;width:344px\"\/><\/figure>\n<\/div>\n<\/div>\n\n\n\n<div class=\"wp-block-column is-layout-flow wp-block-column-is-layout-flow\" style=\"flex-basis:100%\">\n<div class=\"wp-block-group hvr-grow has-accent-background-color has-background is-vertical is-content-justification-center is-layout-flex wp-container-core-group-is-layout-bc1c67bb wp-block-group-is-layout-flex\" style=\"border-radius:50px;padding-top:var(--wp--preset--spacing--20);padding-right:var(--wp--preset--spacing--20);padding-bottom:var(--wp--preset--spacing--20);padding-left:var(--wp--preset--spacing--20)\">\n<p class=\"has-text-align-center\"><strong>Grupper<\/strong><\/p>\n\n\n\n<figure class=\"wp-block-image size-full is-resized has-custom-border\"><img loading=\"lazy\" decoding=\"async\" width=\"300\" height=\"204\" src=\"https:\/\/www.klasmeier.com\/wp-content\/uploads\/2024\/03\/Klasmeier.Connect-Gruppen-300x204-1.png\" alt=\"\" class=\"wp-image-1720\" style=\"border-radius:12px;width:344px;height:auto\"\/><\/figure>\n<\/div>\n<\/div>\n\n\n\n<div class=\"wp-block-column is-layout-flow wp-block-column-is-layout-flow\" style=\"flex-basis:100%\">\n<div class=\"wp-block-group hvr-grow has-accent-background-color has-background is-vertical is-content-justification-center is-layout-flex wp-container-core-group-is-layout-bc1c67bb wp-block-group-is-layout-flex\" style=\"border-radius:50px;padding-top:var(--wp--preset--spacing--20);padding-right:var(--wp--preset--spacing--20);padding-bottom:var(--wp--preset--spacing--20);padding-left:var(--wp--preset--spacing--20)\">\n<p class=\"has-text-align-center\"><strong>Mediabibliotek<\/strong><\/p>\n\n\n\n<figure class=\"wp-block-image size-full is-resized has-custom-border\"><img loading=\"lazy\" decoding=\"async\" width=\"300\" height=\"203\" src=\"https:\/\/www.klasmeier.com\/wp-content\/uploads\/2024\/03\/Klasmeier.Connect-Mediathek-300x203-1.png\" alt=\"\" class=\"wp-image-1722\" style=\"border-radius:12px;width:344px;height:auto\"\/><\/figure>\n<\/div>\n<\/div>\n<\/div>\n<\/div>\n\n\n\n<div class=\"wp-block-group alignfull has-global-padding is-layout-constrained wp-container-core-group-is-layout-bffc7401 wp-block-group-is-layout-constrained\" style=\"padding-top:var(--wp--preset--spacing--30);padding-right:var(--wp--preset--spacing--30);padding-bottom:var(--wp--preset--spacing--30);padding-left:var(--wp--preset--spacing--30)\">\n<div class=\"wp-block-group alignwide has-global-padding is-layout-constrained wp-container-core-group-is-layout-530ec779 wp-block-group-is-layout-constrained\">\n<h3 class=\"wp-block-heading alignwide\"><mark style=\"background-color:rgba(0, 0, 0, 0);color:#dd3333\" class=\"has-inline-color\"><i class=\"fas fa-circle-check\"><\/i><\/mark> Fackm\u00e4ssig r\u00e5dgivning fr\u00e5n experter inom n\u00e4ringsliv och forskning<\/h3>\n\n\n\n<p>H\u00e4r st\u00e4lls och besvaras fr\u00e5gor, dokument delas, aktuella data och forskningsr\u00f6n diskuteras: Unga specialister och erfarna experter, medarbetare fr\u00e5n kalibreringslaboratorier och deras ledare, samt yrkesverksamma fr\u00e5n industrin anv\u00e4nder n\u00e4tverket f\u00f6r ett l\u00e5ngsiktigt erfarenhetsutbyte.<\/p>\n\n\n\n<p><strong>En s\u00e4rskild f\u00f6rdel:<\/strong>&nbsp;\u00c4ven kursledarna f\u00f6rblir aktiva i communityn som kontaktpersoner och st\u00e5r fortsatt till f\u00f6rfogande med sin expertis.<\/p>\n\n\n\n<p>Den kompletta dokumentationen fr\u00e5n online-seminariet samt deltagarbeviset finns ocks\u00e5 digitalt tillg\u00e4ngliga. P\u00e5 beg\u00e4ran kan dokumenten alternativt skickas i pappersform per post.<\/p>\n<\/div>\n\n\n\n<div class=\"wp-block-group alignwide has-global-padding is-layout-constrained wp-container-core-group-is-layout-530ec779 wp-block-group-is-layout-constrained\">\n<h3 class=\"wp-block-heading alignwide\"><mark style=\"background-color:rgba(0, 0, 0, 0);color:#dd3333\" class=\"has-inline-color\"><i class=\"fas fa-circle-check\"><\/i><\/mark> Mer \u00e4n bara ett webbseminarium: Virtuellt m\u00f6te med interaktivt utbyte<\/h3>\n\n\n\n<p>I det virtuella konferensrummet finns n\u00e4r som helst m\u00f6jlighet att st\u00e4lla fr\u00e5gor till f\u00f6rel\u00e4sarna, vilket m\u00f6jligg\u00f6r en intensiv interaktion f\u00f6r optimalt l\u00e4rande. Onlinekurserna best\u00e5r av flera 60-minuters teoretiska moduler, f\u00f6ljt av praktiska moment d\u00e4r livevideo s\u00e4nds direkt fr\u00e5n kalibreringslaboratoriet. Det f\u00f6rmedlade inneh\u00e5llet kan d\u00e4rmed direkt till\u00e4mpas i praktiken.<\/p>\n\n\n\n<p>Alla online-moduler spelas dessutom in och g\u00f6rs tillg\u00e4ngliga f\u00f6r deltagarna som videor i&nbsp;<strong>KlasmeierConnect Community<\/strong>efter kursens slut.<\/p>\n<\/div>\n<\/div>\n\n\n\n<div class=\"wp-block-group alignfull has-global-padding is-layout-constrained wp-container-core-group-is-layout-80fb368b wp-block-group-is-layout-constrained\" style=\"padding-top:var(--wp--preset--spacing--30);padding-right:var(--wp--preset--spacing--30);padding-bottom:var(--wp--preset--spacing--30);padding-left:var(--wp--preset--spacing--30)\">\n<div class=\"wp-block-columns alignwide hvr-grow has-accent-background-color has-background is-layout-flex wp-container-core-columns-is-layout-0d2466c3 wp-block-columns-is-layout-flex\" style=\"border-radius:50px;padding-top:var(--wp--preset--spacing--20);padding-right:var(--wp--preset--spacing--20);padding-bottom:var(--wp--preset--spacing--20);padding-left:var(--wp--preset--spacing--20)\">\n<div class=\"wp-block-column is-layout-flow wp-block-column-is-layout-flow\" style=\"flex-basis:40%\">\n<figure class=\"wp-block-image aligncenter size-full has-custom-border\"><img loading=\"lazy\" decoding=\"async\" width=\"500\" height=\"333\" src=\"https:\/\/www.klasmeier.com\/wp-content\/uploads\/2024\/03\/NW.png\" alt=\"\" class=\"wp-image-1619\" style=\"border-radius:30px\" srcset=\"https:\/\/www.klasmeier.com\/wp-content\/uploads\/2024\/03\/NW.png 500w, https:\/\/www.klasmeier.com\/wp-content\/uploads\/2024\/03\/NW-300x200.png 300w\" sizes=\"auto, (max-width: 500px) 100vw, 500px\" \/><\/figure>\n<\/div>\n\n\n\n<div class=\"wp-block-column is-vertically-aligned-center is-layout-flow wp-block-column-is-layout-flow\">\n<h3 class=\"wp-block-heading has-text-align-center\">Fr\u00e5gor om KlasmeierConnect?<\/h3>\n\n\n\n<p class=\"has-text-align-center\"><strong>Din kontaktperson hos Klasmeier:<\/strong><\/p>\n\n\n\n<p class=\"has-text-align-center\">Nelli Wall &#8211; <a href=\"https:\/\/www.klasmeier.com\/sv\/foretag\/kontakta-oss\/\">Ta kontakt nu<\/a><\/p>\n<\/div>\n<\/div>\n<\/div>\n","protected":false},"excerpt":{"rendered":"<p>Optimalt uppkopplad med KlasmeierConnect Online-community: Plattform f\u00f6r kursdeltagare och f\u00f6rel\u00e4sare med m\u00e5nga funktioner Den som deltar i en kurs hos Klasmeier f\u00e5r en extra tj\u00e4nst helt utan kostnad:&nbsp;KlasmeierConnect. I denna online-community kan kursdeltagare och f\u00f6rel\u00e4sare redan under utbildningen kommunicera med varandra. Inloggningen till communityn, som erbjuder gruppchatt, direktmeddelanden och m\u00e5nga andra funktioner, f\u00f6rblir dessutom tillg\u00e4nglig [&hellip;]<\/p>\n","protected":false},"author":4,"featured_media":0,"parent":10656,"menu_order":0,"comment_status":"closed","ping_status":"closed","template":"","meta":{"footnotes":""},"class_list":["post-10683","page","type-page","status-publish","hentry"],"_links":{"self":[{"href":"https:\/\/www.klasmeier.com\/sv\/wp-json\/wp\/v2\/pages\/10683","targetHints":{"allow":["GET"]}}],"collection":[{"href":"https:\/\/www.klasmeier.com\/sv\/wp-json\/wp\/v2\/pages"}],"about":[{"href":"https:\/\/www.klasmeier.com\/sv\/wp-json\/wp\/v2\/types\/page"}],"author":[{"embeddable":true,"href":"https:\/\/www.klasmeier.com\/sv\/wp-json\/wp\/v2\/users\/4"}],"replies":[{"embeddable":true,"href":"https:\/\/www.klasmeier.com\/sv\/wp-json\/wp\/v2\/comments?post=10683"}],"version-history":[{"count":3,"href":"https:\/\/www.klasmeier.com\/sv\/wp-json\/wp\/v2\/pages\/10683\/revisions"}],"predecessor-version":[{"id":11686,"href":"https:\/\/www.klasmeier.com\/sv\/wp-json\/wp\/v2\/pages\/10683\/revisions\/11686"}],"up":[{"embeddable":true,"href":"https:\/\/www.klasmeier.com\/sv\/wp-json\/wp\/v2\/pages\/10656"}],"wp:attachment":[{"href":"https:\/\/www.klasmeier.com\/sv\/wp-json\/wp\/v2\/media?parent=10683"}],"curies":[{"name":"wp","href":"https:\/\/api.w.org\/{rel}","templated":true}]}}