{"id":10664,"date":"2024-03-12T16:55:17","date_gmt":"2024-03-12T15:55:17","guid":{"rendered":"https:\/\/www.klasmeier.com\/?page_id=10664"},"modified":"2025-03-07T11:10:41","modified_gmt":"2025-03-07T10:10:41","slug":"om-oss","status":"publish","type":"page","link":"https:\/\/www.klasmeier.com\/sv\/foretag\/om-oss\/","title":{"rendered":"Om oss"},"content":{"rendered":"\n<div class=\"wp-block-group alignwide has-global-padding is-layout-constrained wp-container-core-group-is-layout-2ce15999 wp-block-group-is-layout-constrained\" style=\"padding-top:var(--wp--preset--spacing--30);padding-bottom:var(--wp--preset--spacing--30)\">\n<figure class=\"wp-block-image alignwide size-full has-custom-border\"><img loading=\"lazy\" decoding=\"async\" width=\"1500\" height=\"1000\" src=\"https:\/\/www.klasmeier.com\/wp-content\/uploads\/2024\/03\/Ueber-Uns-Klasmeier-Team-1-1.jpg\" alt=\"\" class=\"wp-image-1435\" style=\"border-radius:50px\" srcset=\"https:\/\/www.klasmeier.com\/wp-content\/uploads\/2024\/03\/Ueber-Uns-Klasmeier-Team-1-1.jpg 1500w, https:\/\/www.klasmeier.com\/wp-content\/uploads\/2024\/03\/Ueber-Uns-Klasmeier-Team-1-1-300x200.jpg 300w, https:\/\/www.klasmeier.com\/wp-content\/uploads\/2024\/03\/Ueber-Uns-Klasmeier-Team-1-1-1024x683.jpg 1024w, https:\/\/www.klasmeier.com\/wp-content\/uploads\/2024\/03\/Ueber-Uns-Klasmeier-Team-1-1-768x512.jpg 768w, https:\/\/www.klasmeier.com\/wp-content\/uploads\/2024\/03\/Ueber-Uns-Klasmeier-Team-1-1-600x400.jpg 600w\" sizes=\"auto, (max-width: 1500px) 100vw, 1500px\" \/><\/figure>\n\n\n\n<h2 class=\"wp-block-heading alignwide has-text-align-center has-x-large-font-size\"><strong>M\u00e4t s\u00e4kert och noggrant \u2013 med oss vid er sida<\/strong><\/h2>\n<\/div>\n\n\n\n<div class=\"wp-block-group alignfull has-accent-background-color has-background has-global-padding is-layout-constrained wp-container-core-group-is-layout-c66841cd wp-block-group-is-layout-constrained\" style=\"padding-top:var(--wp--preset--spacing--30);padding-right:var(--wp--preset--spacing--30);padding-bottom:var(--wp--preset--spacing--30);padding-left:var(--wp--preset--spacing--30)\">\n<div class=\"wp-block-group alignwide has-global-padding is-layout-constrained wp-block-group-is-layout-constrained\">\n<div class=\"wp-block-group alignwide is-nowrap is-layout-flex wp-container-core-group-is-layout-fc054d2d wp-block-group-is-layout-flex\">\n<blockquote class=\"wp-block-quote is-style-plain wp-container-content-9cfa9a5a is-layout-flow wp-block-quote-is-layout-flow is-style-plain--1\" style=\"font-size:clamp(14px, 0.875rem + ((1vw - 3.2px) * 0.521), 19px);\">\n<div class=\"wp-block-columns is-layout-flex wp-container-core-columns-is-layout-28f84493 wp-block-columns-is-layout-flex\">\n<div class=\"wp-block-column is-layout-flow wp-block-column-is-layout-flow\" style=\"flex-basis:66.66%\">\n<p id=\"block-f8609b11-d672-4073-bfc2-8a74bfaee9d1\"><br>&#8221;I m\u00e4tteknikens och ingenj\u00f6rskonstens v\u00e4rld har jag funnit mitt kall. I \u00f6ver tv\u00e5 decennier har jag med stor passion \u00e4gnat mig \u00e5t noggranna temperaturm\u00e4tningar och kalibrering av termometrar. <br>V\u00e5rt f\u00f6retag har specialiserat sig p\u00e5 olika aspekter av temperaturm\u00e4tning och kalibrering. Fr\u00e5n att uppr\u00e4tta toppmoderna kalibreringslaboratorier till att driva en DAkkS-ackrediterad kalibreringstj\u00e4nst och tillverka precisions\u00adtermometrar i v\u00e5r egen manufaktur \u2013 vi \u00e4r helhj\u00e4rtat engagerade.<\/p>\n<\/div>\n\n\n\n<div class=\"wp-block-column is-layout-flow wp-block-column-is-layout-flow\" style=\"flex-basis:33.33%\">\n<figure class=\"wp-block-image size-full has-custom-border\"><img loading=\"lazy\" decoding=\"async\" width=\"500\" height=\"333\" src=\"https:\/\/www.klasmeier.com\/wp-content\/uploads\/2024\/03\/TK.png\" alt=\"\" class=\"wp-image-1440\" style=\"border-radius:30px\" srcset=\"https:\/\/www.klasmeier.com\/wp-content\/uploads\/2024\/03\/TK.png 500w, https:\/\/www.klasmeier.com\/wp-content\/uploads\/2024\/03\/TK-300x200.png 300w\" sizes=\"auto, (max-width: 500px) 100vw, 500px\" \/><\/figure>\n<\/div>\n<\/div>\n\n\n\n<p><br>Med gl\u00e4dje delar jag med mig av min expertis i seminarier f\u00f6r medarbetare i kalibreringslaboratorier, laboratoriechefer, projektingenj\u00f6rer och utvecklare. Jag l\u00e4gger stor vikt vid att inte bara presentera torra fakta, utan ocks\u00e5 att med hj\u00e4lp av praktiska exempel fr\u00e5n v\u00e5r laboratorsvardag f\u00f6rmedla min entusiasm f\u00f6r detta \u00e4mnesomr\u00e5de. Jag \u00e4r \u00f6vertygad om att l\u00e4rande blir b\u00e5de mer effektivt och betydligt roligare n\u00e4r vi st\u00f6ttar varandra.&#8221;<\/p>\n<cite><strong>Thomas Klasmeier<br><\/strong>Verkst\u00e4llande direkt\u00f6r f\u00f6r Klasmeier Kalibrier- und Messtechnik GmbH<\/cite><\/blockquote>\n<\/div>\n<\/div>\n<\/div>\n\n\n\n<div class=\"wp-block-group alignfull has-global-padding is-layout-constrained wp-block-group-is-layout-constrained\" style=\"padding-top:var(--wp--preset--spacing--30);padding-bottom:var(--wp--preset--spacing--30)\">\n<h2 class=\"wp-block-heading alignwide has-text-align-center\"><strong>Vi hj\u00e4lper er med era m\u00e4tuppgifter \u2013 och s\u00e5 h\u00e4r g\u00f6r vi:<\/strong><\/h2>\n\n\n\n<div class=\"wp-block-columns alignwide are-vertically-aligned-top is-layout-flex wp-container-core-columns-is-layout-53e754d2 wp-block-columns-is-layout-flex\" style=\"margin-top:var(--wp--preset--spacing--40);margin-bottom:var(--wp--preset--spacing--40);padding-top:var(--wp--preset--spacing--30);padding-right:var(--wp--preset--spacing--30);padding-bottom:var(--wp--preset--spacing--30);padding-left:var(--wp--preset--spacing--30)\">\n<div class=\"wp-block-column is-vertically-aligned-top hvr-grow is-layout-flow wp-block-column-is-layout-flow\" style=\"padding-top:0;padding-bottom:0\">\n<div class=\"wp-block-group has-accent-background-color has-background is-vertical is-content-justification-center is-layout-flex wp-container-core-group-is-layout-4fac4482 wp-block-group-is-layout-flex\" style=\"border-radius:50px;padding-top:var(--wp--preset--spacing--30);padding-right:var(--wp--preset--spacing--30);padding-bottom:var(--wp--preset--spacing--30);padding-left:var(--wp--preset--spacing--30)\">\n<p><mark style=\"background-color:rgba(0, 0, 0, 0);color:#dd3333\" class=\"has-inline-color\"><i class=\"fas fa-temperature-half fa-solid temperature-half fa-6x\"><\/i><\/mark><\/p>\n\n\n\n<p class=\"has-text-align-center has-large-font-size\"><strong>Kalibreringsutrustning<\/strong><\/p>\n\n\n\n<p><mark style=\"background-color:rgba(0, 0, 0, 0);color:#dd3333\" class=\"has-inline-color\"><i class=\"fas fa-circle-check\"><\/i><\/mark> <strong>Omfattande produktkunskap<\/strong><br>Vi marknadsf\u00f6r kalibreringsprodukter fr\u00e5n en enda tillverkare. Det g\u00f6r att vi kan erbjuda er v\u00e4lgrundad r\u00e5dgivning och support eftersom vi exakt vet vad utrustningen kan \u2013 och inte kan. P\u00e5 s\u00e5 s\u00e4tt kan ni b\u00e4ttre bed\u00f6ma produkterna och v\u00e4lja de som b\u00e4st uppfyller era krav.<\/p>\n\n\n\n<p><mark style=\"background-color:rgba(0, 0, 0, 0);color:#dd3333\" class=\"has-inline-color\"><i class=\"fas fa-circle-check\"><\/i><\/mark> <strong>Praktisk erfarenhet i anv\u00e4ndning<\/strong><br>Vi anv\u00e4nder ISOTECHs produkter i v\u00e5rt eget laboratorium. D\u00e4rigenom har vi praktisk erfarenhet av hur utrustningen b\u00e4st anv\u00e4nds och kan ge er v\u00e4rdefulla insikter och tips f\u00f6r optimal anv\u00e4ndning.<\/p>\n\n\n\n<p><mark style=\"background-color:rgba(0, 0, 0, 0);color:#dd3333\" class=\"has-inline-color\"><i class=\"fas fa-circle-check\"><\/i><\/mark> <strong>Effektiva reparationsm\u00f6jligheter<\/strong><br>Vi har den expertis och de f\u00e4rdigheter som kr\u00e4vs f\u00f6r att utf\u00f6ra m\u00e5nga reparationer sj\u00e4lva. Det inneb\u00e4r att ni f\u00e5r snabb och kostnadseffektiv service utan att beh\u00f6va f\u00f6rlita er p\u00e5 externa leverant\u00f6rer.<\/p>\n\n\n\n<div class=\"wp-block-buttons is-content-justification-center is-layout-flex wp-container-core-buttons-is-layout-a89b3969 wp-block-buttons-is-layout-flex\">\n<div class=\"wp-block-button has-custom-font-size is-style-outline hvr-shrink has-medium-font-size is-style-outline--2\"><a class=\"wp-block-button__link wp-element-button\" href=\"\/sv\/shop\/\" style=\"padding-top:var(--wp--preset--spacing--10);padding-right:var(--wp--preset--spacing--20);padding-bottom:var(--wp--preset--spacing--10);padding-left:var(--wp--preset--spacing--20)\">Till produkterna<\/a><\/div>\n<\/div>\n<\/div>\n<\/div>\n\n\n\n<div class=\"wp-block-column is-vertically-aligned-top hvr-grow is-layout-flow wp-block-column-is-layout-flow\">\n<div class=\"wp-block-group has-accent-background-color has-background is-vertical is-content-justification-center is-layout-flex wp-container-core-group-is-layout-4fac4482 wp-block-group-is-layout-flex\" style=\"border-radius:50px;padding-top:var(--wp--preset--spacing--30);padding-right:var(--wp--preset--spacing--30);padding-bottom:var(--wp--preset--spacing--30);padding-left:var(--wp--preset--spacing--30)\">\n<p><mark style=\"background-color:rgba(0, 0, 0, 0);color:#dd3333\" class=\"has-inline-color\"><i class=\"fas fa-fa-area-chart fa-solid fa-area-chart fa-6x\"><\/i><\/mark><\/p>\n\n\n\n<p class=\"has-text-align-center has-large-font-size\"><strong>Kalibreringslaboratorium<\/strong><\/p>\n\n\n\n<p><mark style=\"background-color:rgba(0, 0, 0, 0);color:#dd3333\" class=\"has-inline-color\"><i class=\"fas fa-circle-check\"><\/i><\/mark> <strong>Frist\u00e5ende och oberoende kalibreringslaboratorium<\/strong><br>Som ett oberoende laboratorium kan vi helt och h\u00e5llet anpassa v\u00e5ra tj\u00e4nster efter kundernas behov. Vi \u00e4r inte bundna av specifika riktlinjer eller begr\u00e4nsningar och kan d\u00e4rmed erbjuda er skr\u00e4ddarsydda l\u00f6sningar.<\/p>\n\n\n\n<p><mark style=\"background-color:rgba(0, 0, 0, 0);color:#dd3333\" class=\"has-inline-color\"><i class=\"fas fa-circle-check\"><\/i><\/mark> <strong>Familje\u00e4gt f\u00f6retag<\/strong><br>Som ett familje\u00e4gt f\u00f6retag kan vi bygga l\u00e5ngsiktiga relationer med v\u00e5ra kunder, f\u00f6rst\u00e5 deras specifika behov och fatta beslut oberoende av externa investerare eller f\u00f6rbund.<\/p>\n\n\n\n<p><mark style=\"background-color:rgba(0, 0, 0, 0);color:#dd3333\" class=\"has-inline-color\"><i class=\"fas fa-circle-check\"><\/i><\/mark> <strong>DAkkS-ackreditering<\/strong><br>V\u00e5r frivilliga ackreditering \u00e4r ett bevis p\u00e5 v\u00e5ra h\u00f6ga kvalitetsstandarder och v\u00e5rt fokus p\u00e5 exakta m\u00e4tresultat. Ni kan vara s\u00e4kra p\u00e5 att v\u00e5ra tj\u00e4nster utf\u00f6rs enligt erk\u00e4nda och strikta riktlinjer.<\/p>\n\n\n\n<div class=\"wp-block-buttons is-content-justification-center is-layout-flex wp-container-core-buttons-is-layout-a89b3969 wp-block-buttons-is-layout-flex\">\n<div class=\"wp-block-button has-custom-font-size is-style-outline hvr-shrink has-medium-font-size is-style-outline--3\"><a class=\"wp-block-button__link wp-element-button\" href=\"\/sv\/kalibrierdienst-klasmeier\/\" style=\"padding-top:var(--wp--preset--spacing--10);padding-right:var(--wp--preset--spacing--20);padding-bottom:var(--wp--preset--spacing--10);padding-left:var(--wp--preset--spacing--20)\">Till kalibreringstj\u00e4nsten<\/a><\/div>\n<\/div>\n<\/div>\n<\/div>\n<\/div>\n\n\n\n<div class=\"wp-block-columns alignwide are-vertically-aligned-top is-layout-flex wp-container-core-columns-is-layout-53e754d2 wp-block-columns-is-layout-flex\" style=\"margin-top:var(--wp--preset--spacing--40);margin-bottom:var(--wp--preset--spacing--40);padding-top:var(--wp--preset--spacing--30);padding-right:var(--wp--preset--spacing--30);padding-bottom:var(--wp--preset--spacing--30);padding-left:var(--wp--preset--spacing--30)\">\n<div class=\"wp-block-column is-vertically-aligned-top hvr-grow is-layout-flow wp-block-column-is-layout-flow\" style=\"padding-top:0;padding-bottom:0\">\n<div class=\"wp-block-group has-accent-background-color has-background is-vertical is-content-justification-center is-layout-flex wp-container-core-group-is-layout-4fac4482 wp-block-group-is-layout-flex\" style=\"border-radius:50px;padding-top:var(--wp--preset--spacing--30);padding-right:var(--wp--preset--spacing--30);padding-bottom:var(--wp--preset--spacing--30);padding-left:var(--wp--preset--spacing--30)\">\n<p><mark style=\"background-color:rgba(0, 0, 0, 0);color:#dd3333\" class=\"has-inline-color\"><i class=\"fas fa-fa-thermometer-three-quarters fa-solid fa-thermometer-three-quarters fa-6x\"><\/i><\/mark><\/p>\n\n\n\n<p class=\"has-text-align-center has-large-font-size\"><strong>Precisionstermometrar<\/strong><\/p>\n\n\n\n<p><mark style=\"background-color:rgba(0, 0, 0, 0);color:#dd3333\" class=\"has-inline-color\"><i class=\"fas fa-circle-check\"><\/i><\/mark> <strong>Handtillverkade precisionstermometrar<\/strong><br>V\u00e5ra precisionstermometrar tillverkas f\u00f6r hand i v\u00e5r egen manufaktur i Fulda, Tyskland. P\u00e5 s\u00e5 s\u00e4tt kan vi garantera h\u00f6gsta kvalitet och noggrannhet, samt anpassa termometrarna efter era specifika behov. \u00d6nskar ni s\u00e4rskilda \u00e4ndringar av handtag, kontakter, l\u00e4ngd p\u00e5 givare eller anslutningskabel? Vi ordnar det.<\/p>\n\n\n\n<p><mark style=\"background-color:rgba(0, 0, 0, 0);color:#dd3333\" class=\"has-inline-color\"><i class=\"fas fa-circle-check\"><\/i><\/mark> <strong>Brett temperaturomr\u00e5de<\/strong><br>V\u00e5ra termometrar \u00e4r utformade f\u00f6r att ge noggranna m\u00e4tningar. Beroende p\u00e5 modell kan de m\u00e4ta temperaturer i intervallet -200 \u00b0C till 1200 \u00b0C. Detta ger er stor flexibilitet och m\u00e5nga anv\u00e4ndningsomr\u00e5den.<\/p>\n\n\n\n<p><mark style=\"background-color:rgba(0, 0, 0, 0);color:#dd3333\" class=\"has-inline-color\"><i class=\"fas fa-circle-check\"><\/i><\/mark> <strong>Optimerad design f\u00f6r exakta m\u00e4tningar<\/strong><br>Vi utvecklar egna verktyg och produktionsmetoder f\u00f6r att s\u00e4kerst\u00e4lla att termometrarna \u00e4r s\u00e5 noggranna och tillf\u00f6rlitliga som m\u00f6jligt. Eftersom vi inte \u00e4r beroende av externa leverant\u00f6rer f\u00f6r konstruktion, produktion eller kalibrering kan vi uppr\u00e4tth\u00e5lla en mycket h\u00f6g kvalitetsniv\u00e5.<\/p>\n\n\n\n<div class=\"wp-block-buttons is-content-justification-center is-layout-flex wp-container-core-buttons-is-layout-a89b3969 wp-block-buttons-is-layout-flex\">\n<div class=\"wp-block-button has-custom-font-size is-style-outline hvr-shrink has-medium-font-size is-style-outline--4\"><a class=\"wp-block-button__link wp-element-button\" href=\"\/sv\/thermometer-manufaktur\/thermometer\/\" style=\"padding-top:var(--wp--preset--spacing--10);padding-right:var(--wp--preset--spacing--20);padding-bottom:var(--wp--preset--spacing--10);padding-left:var(--wp--preset--spacing--20)\">Till termometrarna<\/a><\/div>\n<\/div>\n<\/div>\n<\/div>\n\n\n\n<div class=\"wp-block-column is-vertically-aligned-top hvr-grow is-layout-flow wp-block-column-is-layout-flow\">\n<div class=\"wp-block-group has-accent-background-color has-background is-vertical is-content-justification-center is-layout-flex wp-container-core-group-is-layout-4fac4482 wp-block-group-is-layout-flex\" style=\"border-radius:50px;padding-top:var(--wp--preset--spacing--30);padding-right:var(--wp--preset--spacing--30);padding-bottom:var(--wp--preset--spacing--30);padding-left:var(--wp--preset--spacing--30)\">\n<p><mark style=\"background-color:rgba(0, 0, 0, 0);color:#dd3333\" class=\"has-inline-color\"><i class=\"fas fa-fa-graduation-cap fa-solid fa-graduation-cap fa-6x\"><\/i><\/mark><\/p>\n\n\n\n<p class=\"has-text-align-center has-large-font-size\"><strong>Temperaturseminarier<\/strong><\/p>\n\n\n\n<p><mark style=\"background-color:rgba(0, 0, 0, 0);color:#dd3333\" class=\"has-inline-color\"><i class=\"fas fa-circle-check\"><\/i><\/mark> <strong>Omfattande erfarenhet och expertis<\/strong><br>Med \u00f6ver 1600 utbildade deltagare har vi en bred erfarenhet av att h\u00e5lla utbildningar. V\u00e5r gedigna kunskap och expertis g\u00f6r att vi kan f\u00f6rmedla seminarieinneh\u00e5llet p\u00e5 ett tydligt och effektivt s\u00e4tt.<\/p>\n\n\n\n<p><mark style=\"background-color:rgba(0, 0, 0, 0);color:#dd3333\" class=\"has-inline-color\"><i class=\"fas fa-circle-check\"><\/i><\/mark> <strong>Aktuell expertkunskap<\/strong><br>V\u00e5r egen personal utbildas och vidareutbildas regelbundet f\u00f6r att m\u00f6ta kraven fr\u00e5n Deutsche Akkreditierungsstelle och f\u00f6r att alltid vara uppdaterad med den senaste kunskapen. Det garanterar att v\u00e5ra utbildningar h\u00e5ller h\u00f6g standard och att v\u00e5r personal kan erbjuda er f\u00f6rstklassiga kursinneh\u00e5ll.<\/p>\n\n\n\n<p><mark style=\"background-color:rgba(0, 0, 0, 0);color:#dd3333\" class=\"has-inline-color\"><i class=\"fas fa-circle-check\"><\/i><\/mark> <strong>Online-community f\u00f6r n\u00e4tverkande och kunskapsutbyte<\/strong><br>Genom v\u00e5r online-community Klasmeier.Connect skapar vi en plattform d\u00e4r v\u00e5ra kunder kan knyta kontakter, dela kunskap med varandra och st\u00e4lla fr\u00e5gor direkt till v\u00e5ra f\u00f6rel\u00e4sare. Detta fr\u00e4mjar informationsutbyte, st\u00f6djer l\u00e4randet och st\u00e4rker n\u00e4tverket bland v\u00e5ra kunder.<\/p>\n\n\n\n<div class=\"wp-block-buttons is-content-justification-center is-layout-flex wp-container-core-buttons-is-layout-a89b3969 wp-block-buttons-is-layout-flex\">\n<div class=\"wp-block-button has-custom-font-size is-style-outline hvr-shrink has-medium-font-size is-style-outline--5\"><a class=\"wp-block-button__link wp-element-button\" href=\"\/sv\/seminare\/\" style=\"padding-top:var(--wp--preset--spacing--10);padding-right:var(--wp--preset--spacing--20);padding-bottom:var(--wp--preset--spacing--10);padding-left:var(--wp--preset--spacing--20)\">Till seminarierna<\/a><\/div>\n<\/div>\n<\/div>\n<\/div>\n<\/div>\n\n\n\n<h3 class=\"wp-block-heading alignwide has-text-align-center\"><strong>Vad som skiljer oss fr\u00e5n andra:<\/strong><\/h3>\n\n\n\n<div class=\"wp-block-columns alignwide are-vertically-aligned-top is-layout-flex wp-container-core-columns-is-layout-c84009e0 wp-block-columns-is-layout-flex\" style=\"margin-top:0;margin-bottom:0;padding-top:var(--wp--preset--spacing--20);padding-right:var(--wp--preset--spacing--30);padding-bottom:var(--wp--preset--spacing--20);padding-left:var(--wp--preset--spacing--30)\">\n<div class=\"wp-block-column is-vertically-aligned-top hvr-grow is-layout-flow wp-block-column-is-layout-flow\">\n<div class=\"wp-block-group has-accent-background-color has-background is-vertical is-content-justification-center is-layout-flex wp-container-core-group-is-layout-4fac4482 wp-block-group-is-layout-flex\" style=\"border-radius:50px;padding-top:var(--wp--preset--spacing--30);padding-right:var(--wp--preset--spacing--30);padding-bottom:var(--wp--preset--spacing--30);padding-left:var(--wp--preset--spacing--30)\">\n<p><mark style=\"background-color:rgba(0, 0, 0, 0);color:#dd3333\" class=\"has-inline-color\"><i class=\"fas fa-fa-cubes fa-solid fa-cubes fa-6x\"><\/i><\/mark><\/p>\n\n\n\n<p class=\"has-text-align-center has-large-font-size\"><strong>Helhetsl\u00f6sning utan bekymmer<\/strong><\/p>\n\n\n\n<p><mark style=\"background-color:rgba(0, 0, 0, 0);color:#dd3333\" class=\"has-inline-color\"><i class=\"fas fa-circle-check\"><\/i><\/mark> Hos oss f\u00e5r ni allt fr\u00e5n en och samma partner.<br>Allt fr\u00e5n kvalificerad r\u00e5dgivning vid k\u00f6pet av er utrustning och v\u00e5r kalibreringstj\u00e4nst, till underh\u00e5ll och n\u00f6dv\u00e4ndiga reparationer.<\/p>\n\n\n\n<p><mark style=\"background-color:rgba(0, 0, 0, 0);color:#dd3333\" class=\"has-inline-color\"><i class=\"fas fa-circle-check\"><\/i><\/mark> Vi tar hand om allt s\u00e5 att ni kan fokusera p\u00e5 er k\u00e4rnverksamhet.<\/p>\n<\/div>\n<\/div>\n\n\n\n<div class=\"wp-block-column is-vertically-aligned-top hvr-grow is-layout-flow wp-block-column-is-layout-flow\">\n<div class=\"wp-block-group has-accent-background-color has-background is-vertical is-content-justification-stretch is-layout-flex wp-container-core-group-is-layout-2a2118f6 wp-block-group-is-layout-flex\" style=\"border-radius:50px;padding-top:var(--wp--preset--spacing--30);padding-right:var(--wp--preset--spacing--30);padding-bottom:var(--wp--preset--spacing--30);padding-left:var(--wp--preset--spacing--30)\">\n<p class=\"has-text-align-center\"><mark style=\"background-color:rgba(0, 0, 0, 0);color:#dd3333\" class=\"has-inline-color\"><i class=\"fas fa-fa-phone fa-solid fa-phone fa-6x\"><\/i><\/mark><\/p>\n\n\n\n<p class=\"has-text-align-center has-large-font-size\"><strong>Fasta kontaktpersoner<\/strong><\/p>\n\n\n\n<p><mark style=\"background-color:rgba(0, 0, 0, 0);color:#dd3333\" class=\"has-inline-color\"><i class=\"fas fa-circle-check\"><\/i><\/mark> Hos oss har ni alltid fasta kontaktpersoner som personligen hj\u00e4lper er.<\/p>\n\n\n\n<p><mark style=\"background-color:rgba(0, 0, 0, 0);color:#dd3333\" class=\"has-inline-color\"><i class=\"fas fa-circle-check\"><\/i><\/mark> Ni beh\u00f6ver inte g\u00e5 via en telefonv\u00e4xel eller en omfattande hotline, utan f\u00e5r direkt och individuell r\u00e5dgivning och st\u00f6d.<\/p>\n\n\n\n<p><mark style=\"background-color:rgba(0, 0, 0, 0);color:#dd3333\" class=\"has-inline-color\"><i class=\"fas fa-circle-check\"><\/i><\/mark> Och om det beh\u00f6vs kommer vi till er och ser p\u00e5 plats hur vi b\u00e4st kan hj\u00e4lpa er.<\/p>\n<\/div>\n<\/div>\n<\/div>\n\n\n\n<div class=\"wp-block-columns alignwide are-vertically-aligned-top is-layout-flex wp-container-core-columns-is-layout-4c119151 wp-block-columns-is-layout-flex\" style=\"padding-top:var(--wp--preset--spacing--10);padding-right:var(--wp--preset--spacing--30);padding-bottom:var(--wp--preset--spacing--10);padding-left:var(--wp--preset--spacing--30)\">\n<div class=\"wp-block-column is-vertically-aligned-top hvr-grow is-layout-flow wp-block-column-is-layout-flow\" style=\"padding-top:0;padding-bottom:0\">\n<div class=\"wp-block-group has-accent-background-color has-background is-vertical is-content-justification-center is-layout-flex wp-container-core-group-is-layout-4fac4482 wp-block-group-is-layout-flex\" style=\"border-radius:50px;padding-top:var(--wp--preset--spacing--30);padding-right:var(--wp--preset--spacing--30);padding-bottom:var(--wp--preset--spacing--30);padding-left:var(--wp--preset--spacing--30)\">\n<p><mark style=\"background-color:rgba(0, 0, 0, 0);color:#dd3333\" class=\"has-inline-color\"><i class=\"fas fa-fa-phone fa-solid fa-phone fa-6x\"><\/i><\/mark><\/p>\n\n\n\n<p class=\"has-text-align-center has-large-font-size\"><strong>Snabb tillg\u00e4nglighet<\/strong><\/p>\n\n\n\n<p><mark style=\"background-color:rgba(0, 0, 0, 0);color:#dd3333\" class=\"has-inline-color\"><i class=\"fas fa-circle-check\"><\/i><\/mark> Beh\u00f6ver ni r\u00e4tt utrustning f\u00f6r er m\u00e4tuppgift, har fr\u00e5gor kring kalibrering av era termometrar eller problem med enheten? Vi finns tillg\u00e4ngliga f\u00f6r er.<\/p>\n\n\n\n<p><mark style=\"background-color:rgba(0, 0, 0, 0);color:#dd3333\" class=\"has-inline-color\"><i class=\"fas fa-circle-check\"><\/i><\/mark> Ofta kan vi redan via telefon eller mejl hj\u00e4lpa er att l\u00f6sa problemet snabbt och enkelt, s\u00e5 att ni kan forts\u00e4tta ert arbete smidigt.<\/p>\n<\/div>\n<\/div>\n\n\n\n<div class=\"wp-block-column is-vertically-aligned-top hvr-grow is-layout-flow wp-block-column-is-layout-flow\">\n<div class=\"wp-block-group has-accent-background-color has-background is-vertical is-content-justification-center is-layout-flex wp-container-core-group-is-layout-4fac4482 wp-block-group-is-layout-flex\" style=\"border-radius:50px;padding-top:var(--wp--preset--spacing--30);padding-right:var(--wp--preset--spacing--30);padding-bottom:var(--wp--preset--spacing--30);padding-left:var(--wp--preset--spacing--30)\">\n<p><mark style=\"background-color:rgba(0, 0, 0, 0);color:#dd3333\" class=\"has-inline-color\"><i class=\"fas fa-fa-unlock fa-solid fa-unlock fa-6x\"><\/i><\/mark><\/p>\n\n\n\n<p class=\"has-text-align-center has-large-font-size\"><strong>Inblick bakom kulisserna<\/strong><\/p>\n\n\n\n<p><mark style=\"background-color:rgba(0, 0, 0, 0);color:#dd3333\" class=\"has-inline-color\"><i class=\"fas fa-circle-check\"><\/i><\/mark> Vi ger er exklusiva insikter i v\u00e5rt kalibreringslaboratorium, till exempel genom livevideor i v\u00e5ra online-seminarier. Ni kan st\u00e4lla fr\u00e5gor och dra nytta av v\u00e5r expertis.<\/p>\n\n\n\n<p><mark style=\"background-color:rgba(0, 0, 0, 0);color:#dd3333\" class=\"has-inline-color\"><i class=\"fas fa-circle-check\"><\/i><\/mark> Om ni f\u00f6redrar att bes\u00f6ka oss personligen erbjuder vi \u00e4ven rundturer i laboratoriet. Ni kommer att f\u00e5 med er v\u00e4rdefulla tips och tricks f\u00f6r att g\u00f6ra era egna processer \u00e4nnu b\u00e4ttre.<\/p>\n<\/div>\n<\/div>\n<\/div>\n<\/div>\n\n","protected":false},"excerpt":{"rendered":"<p>M\u00e4t s\u00e4kert och noggrant \u2013 med oss vid er sida &#8221;I m\u00e4tteknikens och ingenj\u00f6rskonstens v\u00e4rld har jag funnit mitt kall. I \u00f6ver tv\u00e5 decennier har jag med stor passion \u00e4gnat mig \u00e5t noggranna temperaturm\u00e4tningar och kalibrering av termometrar. V\u00e5rt f\u00f6retag har specialiserat sig p\u00e5 olika aspekter av temperaturm\u00e4tning och kalibrering. Fr\u00e5n att uppr\u00e4tta toppmoderna kalibreringslaboratorier [&hellip;]<\/p>\n","protected":false},"author":4,"featured_media":0,"parent":10656,"menu_order":0,"comment_status":"closed","ping_status":"closed","template":"","meta":{"footnotes":""},"class_list":["post-10664","page","type-page","status-publish","hentry"],"_links":{"self":[{"href":"https:\/\/www.klasmeier.com\/sv\/wp-json\/wp\/v2\/pages\/10664","targetHints":{"allow":["GET"]}}],"collection":[{"href":"https:\/\/www.klasmeier.com\/sv\/wp-json\/wp\/v2\/pages"}],"about":[{"href":"https:\/\/www.klasmeier.com\/sv\/wp-json\/wp\/v2\/types\/page"}],"author":[{"embeddable":true,"href":"https:\/\/www.klasmeier.com\/sv\/wp-json\/wp\/v2\/users\/4"}],"replies":[{"embeddable":true,"href":"https:\/\/www.klasmeier.com\/sv\/wp-json\/wp\/v2\/comments?post=10664"}],"version-history":[{"count":1,"href":"https:\/\/www.klasmeier.com\/sv\/wp-json\/wp\/v2\/pages\/10664\/revisions"}],"predecessor-version":[{"id":10666,"href":"https:\/\/www.klasmeier.com\/sv\/wp-json\/wp\/v2\/pages\/10664\/revisions\/10666"}],"up":[{"embeddable":true,"href":"https:\/\/www.klasmeier.com\/sv\/wp-json\/wp\/v2\/pages\/10656"}],"wp:attachment":[{"href":"https:\/\/www.klasmeier.com\/sv\/wp-json\/wp\/v2\/media?parent=10664"}],"curies":[{"name":"wp","href":"https:\/\/api.w.org\/{rel}","templated":true}]}}