{"id":10490,"date":"2024-04-21T17:33:34","date_gmt":"2024-04-21T15:33:34","guid":{"rendered":"https:\/\/www.klasmeier.com\/?page_id=10490"},"modified":"2025-03-07T11:12:58","modified_gmt":"2025-03-07T10:12:58","slug":"service-support","status":"publish","type":"page","link":"https:\/\/www.klasmeier.com\/sv\/service-support\/","title":{"rendered":"Service &amp; Support"},"content":{"rendered":"\n<div class=\"wp-block-group alignfull has-global-padding is-layout-constrained wp-block-group-is-layout-constrained\" style=\"padding-top:var(--wp--preset--spacing--30);padding-bottom:var(--wp--preset--spacing--30)\">\n<figure class=\"wp-block-image alignwide size-full has-custom-border\"><img loading=\"lazy\" decoding=\"async\" width=\"1280\" height=\"853\" src=\"https:\/\/www.klasmeier.com\/wp-content\/uploads\/Service-Support-Klasmeier.jpg\" alt=\"\" class=\"wp-image-2852\" style=\"border-radius:50px\" srcset=\"https:\/\/www.klasmeier.com\/wp-content\/uploads\/Service-Support-Klasmeier.jpg 1280w, https:\/\/www.klasmeier.com\/wp-content\/uploads\/Service-Support-Klasmeier-300x200.jpg 300w, https:\/\/www.klasmeier.com\/wp-content\/uploads\/Service-Support-Klasmeier-1024x682.jpg 1024w, https:\/\/www.klasmeier.com\/wp-content\/uploads\/Service-Support-Klasmeier-768x512.jpg 768w, https:\/\/www.klasmeier.com\/wp-content\/uploads\/Service-Support-Klasmeier-600x400.jpg 600w\" sizes=\"auto, (max-width: 1280px) 100vw, 1280px\" \/><\/figure>\n<\/div>\n\n\n\n<div class=\"wp-block-group alignfull has-global-padding is-layout-constrained wp-container-core-group-is-layout-0d683d8b wp-block-group-is-layout-constrained\" style=\"padding-top:var(--wp--preset--spacing--30);padding-bottom:var(--wp--preset--spacing--30)\">\n<h2 class=\"wp-block-heading alignwide has-text-align-center\">Service &amp; Support<\/h2>\n\n\n\n<h3 class=\"wp-block-heading alignwide\">Support \u00e4ven efter k\u00f6pet<\/h3>\n\n\n\n<p>Om enheten skulle g\u00e5 s\u00f6nder \u00e4r det viktigt att f\u00e5 snabb hj\u00e4lp. Som en l\u00e5ngvarig partner f\u00f6r f\u00f6rs\u00e4ljning och service av ISOTECH-enheter och som tillverkare av eXacal-produkter kan vi reagera snabbt och hj\u00e4lpa dig.<\/p>\n\n\n\n<p><mark style=\"background-color:rgba(0, 0, 0, 0);color:#dd3333\" class=\"has-inline-color\"><i class=\"fas fa-circle-check\"><\/i><\/mark> F\u00f6r att minimera genomloppstider utf\u00f6rs alla reparationer internt. Dina enheter beh\u00f6ver d\u00e4rf\u00f6r inte skickas till tillverkaren.<br><mark style=\"background-color:rgba(0, 0, 0, 0);color:#dd3333\" class=\"has-inline-color\"><i class=\"fas fa-circle-check\"><\/i><\/mark> Vid reparation av dina enheter anv\u00e4nds endast originaldelar. Detta garanterar h\u00f6gsta kvalitet och tillf\u00f6rlitlighet.<br><mark style=\"background-color:rgba(0, 0, 0, 0);color:#dd3333\" class=\"has-inline-color\"><i class=\"fas fa-circle-check\"><\/i><\/mark> Om en justering eller omkalibrering beh\u00f6vs efter en reparation kan detta utf\u00f6ras i v\u00e5rt eget DAkkS-kalibreringslaboratorium&nbsp;<strong>D\u2010K\u201015224\u201001\u201000<\/strong>&nbsp;enligt&nbsp;<strong>DIN EN ISO\/IEC 17025:2005<\/strong>.<br><mark style=\"background-color:rgba(0, 0, 0, 0);color:#dd3333\" class=\"has-inline-color\"><i class=\"fas fa-circle-check\"><\/i><\/mark> F\u00f6r en v\u00e4l fungerande service \u00e4r det viktigt att reparationer utf\u00f6rs snabbt och kostnadseffektivt. Alla processer m\u00e5ste ocks\u00e5 samordnas och deadlines h\u00e5llas. Genom v\u00e5r servicestyrning h\u00e5lls v\u00e5ra kunder informerade om hela orderf\u00f6rloppet \u2013 fr\u00e5n varumottagning och best\u00e4llning till leverans.<br><mark style=\"background-color:rgba(0, 0, 0, 0);color:#dd3333\" class=\"has-inline-color\"><i class=\"fas fa-circle-check\"><\/i><\/mark> Firmware-uppdateringar f\u00f6r <a href=\"\/sv\/produkte\/millik-praezisionsthermometer\/\">milliK<\/a> \/ <a href=\"\/sv\/produkte\/milliskanner-bis-zu-33-messstellen\/\">millisKanner<\/a> \/ <a href=\"https:\/\/www.klasmeier.com\/product-category\/messgeraete-messbruecken\/\">m<\/a><a href=\"\/sv\/product-category\/messgeraete-messbruecken\/\">i<\/a><a href=\"https:\/\/www.klasmeier.com\/product-category\/messgeraete-messbruecken\/\">croK<\/a> \/ <a href=\"\/sv\/produkte\/microskanner\/\">microsKanner<\/a> installeras automatiskt vid reparationer eller omkalibreringar av v\u00e5r service. Detta garanterar att dina enheter alltid \u00e4r uppdaterade med den senaste mjukvaran.<br><mark style=\"background-color:rgba(0, 0, 0, 0);color:#dd3333\" class=\"has-inline-color\"><i class=\"fas fa-circle-check\"><\/i><\/mark> \u00c4ven vid efterf\u00f6ljande ut\u00f6kning av dina kalibreringsuppgifter kan vi hj\u00e4lpa dig med v\u00e5ra kundspecifika kalibreringsinsatser. Dessa planeras och tillverkas med individuella borrningar anpassade efter dina behov.<\/p>\n<\/div>\n","protected":false},"excerpt":{"rendered":"<p>Service &amp; Support Support \u00e4ven efter k\u00f6pet Om enheten skulle g\u00e5 s\u00f6nder \u00e4r det viktigt att f\u00e5 snabb hj\u00e4lp. Som en l\u00e5ngvarig partner f\u00f6r f\u00f6rs\u00e4ljning och service av ISOTECH-enheter och som tillverkare av eXacal-produkter kan vi reagera snabbt och hj\u00e4lpa dig. F\u00f6r att minimera genomloppstider utf\u00f6rs alla reparationer internt. Dina enheter beh\u00f6ver d\u00e4rf\u00f6r inte skickas [&hellip;]<\/p>\n","protected":false},"author":4,"featured_media":0,"parent":0,"menu_order":0,"comment_status":"closed","ping_status":"closed","template":"","meta":{"footnotes":""},"class_list":["post-10490","page","type-page","status-publish","hentry"],"_links":{"self":[{"href":"https:\/\/www.klasmeier.com\/sv\/wp-json\/wp\/v2\/pages\/10490","targetHints":{"allow":["GET"]}}],"collection":[{"href":"https:\/\/www.klasmeier.com\/sv\/wp-json\/wp\/v2\/pages"}],"about":[{"href":"https:\/\/www.klasmeier.com\/sv\/wp-json\/wp\/v2\/types\/page"}],"author":[{"embeddable":true,"href":"https:\/\/www.klasmeier.com\/sv\/wp-json\/wp\/v2\/users\/4"}],"replies":[{"embeddable":true,"href":"https:\/\/www.klasmeier.com\/sv\/wp-json\/wp\/v2\/comments?post=10490"}],"version-history":[{"count":1,"href":"https:\/\/www.klasmeier.com\/sv\/wp-json\/wp\/v2\/pages\/10490\/revisions"}],"predecessor-version":[{"id":10491,"href":"https:\/\/www.klasmeier.com\/sv\/wp-json\/wp\/v2\/pages\/10490\/revisions\/10491"}],"wp:attachment":[{"href":"https:\/\/www.klasmeier.com\/sv\/wp-json\/wp\/v2\/media?parent=10490"}],"curies":[{"name":"wp","href":"https:\/\/api.w.org\/{rel}","templated":true}]}}