{"id":10443,"date":"2024-02-20T15:55:35","date_gmt":"2024-02-20T14:55:35","guid":{"rendered":"https:\/\/www.klasmeier.com\/?post_type=product&#038;p=10443"},"modified":"2025-12-04T11:27:50","modified_gmt":"2025-12-04T10:27:50","slug":"pt100-model-m-sredniotemperaturowy-termometr-precyzyjny-100-c-do-250-c","status":"publish","type":"product","link":"https:\/\/www.klasmeier.com\/pl\/produkt\/pt100-model-m-sredniotemperaturowy-termometr-precyzyjny-100-c-do-250-c\/","title":{"rendered":"Pt100 Model M \u015aredniotemperaturowy Termometr Precyzyjny (-100 \u00b0C do 250 \u00b0C)"},"content":{"rendered":"\n<div class=\"wp-block-group has-global-padding is-layout-constrained wp-container-core-group-is-layout-530ec779 wp-block-group-is-layout-constrained\">\n<figure class=\"wp-block-image aligncenter size-full\"><img loading=\"lazy\" decoding=\"async\" width=\"310\" height=\"89\" src=\"https:\/\/www.klasmeier.com\/wp-content\/uploads\/exacal.png\" alt=\"\" class=\"wp-image-10302\" srcset=\"https:\/\/www.klasmeier.com\/wp-content\/uploads\/exacal.png 310w, https:\/\/www.klasmeier.com\/wp-content\/uploads\/exacal-300x86.png 300w\" sizes=\"auto, (max-width: 310px) 100vw, 310px\" \/><\/figure>\n\n\n\n<div class=\"wp-block-columns is-layout-flex wp-container-core-columns-is-layout-28f84493 wp-block-columns-is-layout-flex\">\n<div class=\"wp-block-column is-layout-flow wp-block-column-is-layout-flow\" style=\"flex-basis:66.66%\">\n<p>Precyzyjny termometr rezystancyjny z<strong>&nbsp;cienk\u0105 metalow\u0105 os\u0142on\u0105 i wyj\u0105tkowo ma\u0142ym ceramicznym rezystorem pomiarowym.&nbsp;<\/strong>Ten termometr eXacal zosta\u0142 zaprojektowany do <strong>okre\u015blania profili temperaturowych w uk\u0142adzie radialnym i pionowym<\/strong>.<\/p>\n\n\n\n<div class=\"wp-block-group is-vertical is-layout-flex wp-container-core-group-is-layout-893838bc wp-block-group-is-layout-flex\" style=\"padding-top:var(--wp--preset--spacing--10);padding-bottom:var(--wp--preset--spacing--10)\">\n<p><mark style=\"background-color:rgba(0, 0, 0, 0)\" class=\"has-inline-color has-accent-3-color\"><i class=\"fas fa-circle-check\"><\/i><\/mark> Zakres temperatur:<strong><strong>&nbsp;-100 \u00b0C do 250 \u00b0C<\/strong><\/strong><\/p>\n\n\n\n<p><mark style=\"background-color:rgba(0, 0, 0, 0)\" class=\"has-inline-color has-accent-3-color\"><i class=\"fas fa-circle-check\"><\/i><\/mark> Ma\u0142e niepewno\u015bci pomiarowe:<br>mi\u0119dzy <strong>5 mK a 10 mK<\/strong><\/p>\n\n\n\n<p><mark style=\"background-color:rgba(0, 0, 0, 0)\" class=\"has-inline-color has-accent-3-color\"><i class=\"fas fa-circle-check\"><\/i><\/mark> <strong>szybki czas pomiaru dzi\u0119ki cienkiej metalowej os\u0142onie&nbsp;<\/strong><\/p>\n\n\n\n<p><mark style=\"background-color:rgba(0, 0, 0, 0)\" class=\"has-inline-color has-accent-3-color\"><i class=\"fas fa-circle-check\"><\/i><\/mark> <strong>doskona\u0142e przewodnictwo cieplne dzi\u0119ki ma\u0142emu czujnikowi temperatury<\/strong><\/p>\n\n\n\n<p><mark style=\"background-color:rgba(0, 0, 0, 0)\" class=\"has-inline-color has-accent-3-color\"><i class=\"fas fa-circle-check\"><\/i><\/mark> idealny do okre\u015blania<strong> pionowych gradient\u00f3w temperatury<\/strong><\/p>\n<\/div>\n<\/div>\n\n\n\n<div class=\"wp-block-column is-layout-flow wp-block-column-is-layout-flow\" style=\"flex-basis:33.33%\">\n<figure class=\"wp-block-image size-medium\"><img loading=\"lazy\" decoding=\"async\" width=\"300\" height=\"300\" src=\"https:\/\/www.klasmeier.com\/wp-content\/uploads\/klasmeier_EU_Precision_Thermometry_transparent-300x300.webp\" alt=\"\" class=\"wp-image-13163\" srcset=\"https:\/\/www.klasmeier.com\/wp-content\/uploads\/klasmeier_EU_Precision_Thermometry_transparent-300x300.webp 300w, https:\/\/www.klasmeier.com\/wp-content\/uploads\/klasmeier_EU_Precision_Thermometry_transparent-150x150.webp 150w, https:\/\/www.klasmeier.com\/wp-content\/uploads\/klasmeier_EU_Precision_Thermometry_transparent-768x768.webp 768w, https:\/\/www.klasmeier.com\/wp-content\/uploads\/klasmeier_EU_Precision_Thermometry_transparent-600x600.webp 600w, https:\/\/www.klasmeier.com\/wp-content\/uploads\/klasmeier_EU_Precision_Thermometry_transparent-100x100.webp 100w, https:\/\/www.klasmeier.com\/wp-content\/uploads\/klasmeier_EU_Precision_Thermometry_transparent.webp 1024w\" sizes=\"auto, (max-width: 300px) 100vw, 300px\" \/><\/figure>\n<\/div>\n<\/div>\n\n\n\n<p>Ten termometr eXacal zosta\u0142 zaprojektowany do okre\u015blania profili temperaturowych w uk\u0142adzie pionowym i radialnym w urz\u0105dzeniach kalibracyjnych jako cz\u0119\u015b\u0107 niepewno\u015bci pomiarowej. Jest to wymagane w r\u00f3\u017cnych normach, takich jak <strong>DKD-R 5-4 \u201eKalibracja blokowych kalibrator\u00f3w temperatury\u201d, DKD-R 5-3 \u201eKalibracja termoelement\u00f3w\u201d oraz DKD-R 5-1 \u201eKalibracja termometr\u00f3w rezystancyjnych\u201d<\/strong>. Ponadto termometr ten nadaje si\u0119 do <strong>pomiaru i regulacji stref grzewczych w piecach kalibracyjnych<\/strong>. Oczywi\u015bcie mo\u017ce by\u0107 r\u00f3wnie\u017c u\u017cywany do <strong>dok\u0142adnego pomiaru temperatury<\/strong>.<\/p>\n\n\n\n<div class=\"wp-block-group has-global-padding is-layout-constrained wp-container-core-group-is-layout-b1d50903 wp-block-group-is-layout-constrained\" style=\"padding-top:var(--wp--preset--spacing--20);padding-bottom:var(--wp--preset--spacing--20)\">\n<h3 class=\"wp-block-heading\">Kalibracja<\/h3>\n\n\n\n<p>Termometry eXacal s\u0105 kalibrowane w naszym w\u0142asnym <a href=\"https:\/\/www.klasmeier.com\/pl\/firma\/portret-firmy\/kalibrierdienst-klasmeier\/\">akredytowanym laboratorium kalibracyjnym DAkkS<\/a>. Dzi\u0119ki akredytacji DAkkS wszystkie kalibracje s\u0105 \u015bledzone w odniesieniu do norm krajowych i mi\u0119dzynarodowych.<\/p>\n\n\n\n<p>Precyzyjne termometry Pt100M zosta\u0142y zaprojektowane tak, aby mog\u0142y by\u0107 kalibrowane na punktach sta\u0142ych temperatury. Niepewno\u015b\u0107 pomiarowa sk\u0142ada si\u0119 z wielu komponent\u00f3w, przy czym najwi\u0119kszy wp\u0142yw maj\u0105 powtarzalno\u015b\u0107 termometru, funkcja odchylenia ITS-90, samoogrzewanie i histereza czujnika temperatury. Dzi\u0119ki parametrom zawartym w \u015bwiadectwie kalibracji precyzyjny termometr Pt100M mo\u017ce by\u0107 stosowany w zakresie temperatur od -38\u00b0C do 230\u00b0C.<\/p>\n\n\n\n<div class=\"wp-block-buttons is-content-justification-center is-layout-flex wp-container-core-buttons-is-layout-e511ce0b wp-block-buttons-is-layout-flex\" style=\"margin-top:var(--wp--preset--spacing--30);margin-bottom:var(--wp--preset--spacing--30)\">\n<div class=\"wp-block-button hvr-shrink\"><a class=\"wp-block-button__link wp-element-button\" href=\"https:\/\/www.klasmeier.com\/pl\/serwisie-kalibracyjnym-klasmeier\/kalibracja-termometrow-rezystancyjnych\/\">Kalibracja termometr\u00f3w rezystancyjnych<\/a><\/div>\n<\/div>\n<\/div>\n\n\n\n<div class=\"wp-block-group has-global-padding is-layout-constrained wp-container-core-group-is-layout-b1d50903 wp-block-group-is-layout-constrained\" style=\"padding-top:var(--wp--preset--spacing--20);padding-bottom:var(--wp--preset--spacing--20)\">\n<h3 class=\"wp-block-heading\">Niepewno\u015b\u0107 pomiarowa<\/h3>\n\n\n\n<div class=\"wp-block-group is-vertical is-layout-flex wp-container-core-group-is-layout-893838bc wp-block-group-is-layout-flex\" style=\"padding-top:var(--wp--preset--spacing--10);padding-bottom:var(--wp--preset--spacing--10)\">\n<p><mark style=\"background-color:rgba(0, 0, 0, 0)\" class=\"has-inline-color has-accent-3-color\"><i class=\"fas fa-circle-check\"><\/i><\/mark> <strong><strong><strong>niskie niepewno\u015bci pomiarowe z certyfikatem kalibracyjnym DAkkS<\/strong><\/strong><\/strong><\/p>\n\n\n\n<p><mark style=\"background-color:rgba(0, 0, 0, 0)\" class=\"has-inline-color has-accent-3-color\"><i class=\"fas fa-circle-check\"><\/i><\/mark> <strong><strong>Punkty sta\u0142e temperatury od punktu potr\u00f3jnego rt\u0119ci -38,8344 \u00b0C do punktu krzepni\u0119cia cyny 231,928 \u00b0C<\/strong><\/strong><\/p>\n<\/div>\n\n\n\n<figure class=\"wp-block-image alignwide size-full has-custom-border\"><img loading=\"lazy\" decoding=\"async\" width=\"1024\" height=\"585\" src=\"https:\/\/www.klasmeier.com\/wp-content\/uploads\/Pt100-Modell-M-eXacal-Klasmeier-1024x585-1.png\" alt=\"\" class=\"wp-image-4673\" style=\"border-radius:50px\" srcset=\"https:\/\/www.klasmeier.com\/wp-content\/uploads\/Pt100-Modell-M-eXacal-Klasmeier-1024x585-1.png 1024w, https:\/\/www.klasmeier.com\/wp-content\/uploads\/Pt100-Modell-M-eXacal-Klasmeier-1024x585-1-300x171.png 300w, https:\/\/www.klasmeier.com\/wp-content\/uploads\/Pt100-Modell-M-eXacal-Klasmeier-1024x585-1-768x439.png 768w, https:\/\/www.klasmeier.com\/wp-content\/uploads\/Pt100-Modell-M-eXacal-Klasmeier-1024x585-1-600x343.png 600w\" sizes=\"auto, (max-width: 1024px) 100vw, 1024px\" \/><\/figure>\n\n\n\n<div style=\"height:33px\" aria-hidden=\"true\" class=\"wp-block-spacer\"><\/div>\n\n\n\n<figure class=\"wp-block-table alignwide pttb\" style=\"font-style:normal;font-weight:400\"><table class=\"has-fixed-layout\"><thead><tr><th class=\"has-text-align-center\" data-align=\"center\"><strong>Zakres<\/strong><\/th><th><strong>Metoda<\/strong><\/th><th class=\"has-text-align-center\" data-align=\"center\"><strong>Niepewno\u015b\u0107 pomiarowa<\/strong><\/th><\/tr><\/thead><tbody><tr><td class=\"has-text-align-center\" data-align=\"center\">-38,8344 \u00b0C \u2013&nbsp;0,01 \u00b0C<\/td><td>Rt\u0119\u0107 do wody<\/td><td class=\"has-text-align-center\" data-align=\"center\">5 mK<\/td><\/tr><tr><td class=\"has-text-align-center\" data-align=\"center\">0,01 \u00b0C \u2013 29,7646 \u00b0C<\/td><td>Woda do galu<\/td><td class=\"has-text-align-center\" data-align=\"center\">6 mK<\/td><\/tr><tr><td class=\"has-text-align-center\" data-align=\"center\">0,01 \u00b0C \u2013 156,5985 \u00b0C<\/td><td>Woda do indu<\/td><td class=\"has-text-align-center\" data-align=\"center\">9 mK<\/td><\/tr><tr><td class=\"has-text-align-center\" data-align=\"center\">0,01 \u00b0C \u2013 231,928 \u00b0C<\/td><td>Woda do cyny<\/td><td class=\"has-text-align-center\" data-align=\"center\">10 mK<\/td><\/tr><\/tbody><\/table><figcaption class=\"wp-element-caption\">Podane niepewno\u015bci pomiarowe odpowiadaj\u0105 k=2, obejmuj\u0105 funkcj\u0119 odchylenia ITS-90, samoogrzewanie i histerez\u0119 i s\u0105 okre\u015blone dla danego zakresu.<\/figcaption><\/figure>\n<\/div>\n<\/div>\n","protected":false},"excerpt":{"rendered":"<p>Producent: Klasmeier \/ eXacal Model: Pt100M<\/p>\n","protected":false},"featured_media":11110,"template":"","meta":[],"product_brand":[],"product_cat":[],"product_tag":[],"class_list":{"0":"post-10443","1":"product","2":"type-product","3":"status-publish","4":"has-post-thumbnail","7":"first","8":"instock","9":"shipping-taxable","10":"purchasable","11":"product-type-variable"},"_links":{"self":[{"href":"https:\/\/www.klasmeier.com\/pl\/wp-json\/wp\/v2\/product\/10443","targetHints":{"allow":["GET"]}}],"collection":[{"href":"https:\/\/www.klasmeier.com\/pl\/wp-json\/wp\/v2\/product"}],"about":[{"href":"https:\/\/www.klasmeier.com\/pl\/wp-json\/wp\/v2\/types\/product"}],"wp:featuredmedia":[{"embeddable":true,"href":"https:\/\/www.klasmeier.com\/pl\/wp-json\/wp\/v2\/media\/11110"}],"wp:attachment":[{"href":"https:\/\/www.klasmeier.com\/pl\/wp-json\/wp\/v2\/media?parent=10443"}],"wp:term":[{"taxonomy":"product_brand","embeddable":true,"href":"https:\/\/www.klasmeier.com\/pl\/wp-json\/wp\/v2\/product_brand?post=10443"},{"taxonomy":"product_cat","embeddable":true,"href":"https:\/\/www.klasmeier.com\/pl\/wp-json\/wp\/v2\/product_cat?post=10443"},{"taxonomy":"product_tag","embeddable":true,"href":"https:\/\/www.klasmeier.com\/pl\/wp-json\/wp\/v2\/product_tag?post=10443"}],"curies":[{"name":"wp","href":"https:\/\/api.w.org\/{rel}","templated":true}]}}