{"id":10409,"date":"2024-02-29T17:17:12","date_gmt":"2024-02-29T16:17:12","guid":{"rendered":"https:\/\/www.klasmeier.com\/?post_type=product&#038;p=10409"},"modified":"2025-12-04T11:44:12","modified_gmt":"2025-12-04T10:44:12","slug":"pt100-i-przemyslowy-termometr-referencyjny-100-c-250-c","status":"publish","type":"product","link":"https:\/\/www.klasmeier.com\/pl\/produkt\/pt100-i-przemyslowy-termometr-referencyjny-100-c-250-c\/","title":{"rendered":"Pt100 I Przemys\u0142owy termometr referencyjny (-100 \u00b0C \u2026 250 \u00b0C)"},"content":{"rendered":"\n<div class=\"wp-block-group has-global-padding is-layout-constrained wp-container-core-group-is-layout-530ec779 wp-block-group-is-layout-constrained\">\n<div class=\"wp-block-group is-vertical is-layout-flex wp-container-core-group-is-layout-fe9cc265 wp-block-group-is-layout-flex\">\n<figure class=\"wp-block-image size-full\"><img loading=\"lazy\" decoding=\"async\" width=\"310\" height=\"89\" src=\"https:\/\/www.klasmeier.com\/wp-content\/uploads\/exacal.png\" alt=\"\" class=\"wp-image-10302\" srcset=\"https:\/\/www.klasmeier.com\/wp-content\/uploads\/exacal.png 310w, https:\/\/www.klasmeier.com\/wp-content\/uploads\/exacal-300x86.png 300w\" sizes=\"auto, (max-width: 310px) 100vw, 310px\" \/><\/figure>\n\n\n\n<div class=\"wp-block-columns is-layout-flex wp-container-core-columns-is-layout-28f84493 wp-block-columns-is-layout-flex\">\n<div class=\"wp-block-column is-layout-flow wp-block-column-is-layout-flow\" style=\"flex-basis:66.66%\">\n<p>Precyzyjny termometr referencyjny do dok\u0142adnych pomiar\u00f3w temperatury lub jako <strong>przemys\u0142owy wzorzec temperatury, np. do kalibrator\u00f3w blokowych<\/strong>.<\/p>\n\n\n\n<p><mark style=\"background-color:rgba(0, 0, 0, 0)\" class=\"has-inline-color has-accent-3-color\"><i class=\"fas fa-circle-check\"><\/i><\/mark> <strong>smuk\u0142a konstrukcja<br><\/strong>Czujnik temperatury o <strong>\u015brednicy 4 mm<\/strong> i ma\u0142ym uchwycie umo\u017cliwia zastosowanie w <strong>ograniczonej przestrzeni, np. w kalibratorach blokowych<\/strong><\/p>\n\n\n\n<p><mark style=\"background-color:rgba(0, 0, 0, 0)\" class=\"has-inline-color has-accent-3-color\"><i class=\"fas fa-circle-check\"><\/i><\/mark> <strong>Czujniki temperatury Pt100<br><\/strong>Wykorzystanie wysoce stabilnych i starzonych czujnik\u00f3w temperatury<\/p>\n<\/div>\n\n\n\n<div class=\"wp-block-column is-layout-flow wp-block-column-is-layout-flow\" style=\"flex-basis:33.33%\">\n<figure class=\"wp-block-image size-medium\"><img loading=\"lazy\" decoding=\"async\" width=\"300\" height=\"300\" src=\"https:\/\/www.klasmeier.com\/wp-content\/uploads\/klasmeier_EU_Precision_Thermometry_transparent-300x300.webp\" alt=\"\" class=\"wp-image-13163\" srcset=\"https:\/\/www.klasmeier.com\/wp-content\/uploads\/klasmeier_EU_Precision_Thermometry_transparent-300x300.webp 300w, https:\/\/www.klasmeier.com\/wp-content\/uploads\/klasmeier_EU_Precision_Thermometry_transparent-150x150.webp 150w, https:\/\/www.klasmeier.com\/wp-content\/uploads\/klasmeier_EU_Precision_Thermometry_transparent-768x768.webp 768w, https:\/\/www.klasmeier.com\/wp-content\/uploads\/klasmeier_EU_Precision_Thermometry_transparent-600x600.webp 600w, https:\/\/www.klasmeier.com\/wp-content\/uploads\/klasmeier_EU_Precision_Thermometry_transparent-100x100.webp 100w, https:\/\/www.klasmeier.com\/wp-content\/uploads\/klasmeier_EU_Precision_Thermometry_transparent.webp 1024w\" sizes=\"auto, (max-width: 300px) 100vw, 300px\" \/><\/figure>\n<\/div>\n<\/div>\n\n\n\n<p><span style=\"font-size: 14pt;\"><\/span><\/p>\n<\/div>\n\n\n\n<div class=\"wp-block-group is-vertical is-content-justification-stretch is-layout-flex wp-container-core-group-is-layout-88863016 wp-block-group-is-layout-flex\" style=\"padding-top:var(--wp--preset--spacing--30);padding-bottom:var(--wp--preset--spacing--30)\">\n<h3 class=\"wp-block-heading\"><strong>Kalibracja<\/strong><\/h3>\n\n\n\n<p><span style=\"font-size: 14pt;\">Termometry eXacal s\u0105 kalibrowane w naszym w\u0142asnym <a href=\"https:\/\/www.klasmeier.com\/pl\/firma\/portret-firmy\/kalibrierdienst-klasmeier\/\">laboratorium kalibracyjnym DAkkS<\/a>. Akredytacja DAkkS zapewnia, \u017ce wszystkie kalibracje s\u0105 sp\u00f3jne z krajowymi i mi\u0119dzynarodowymi standardami. Niepewno\u015b\u0107 pomiarowa obliczana jest na podstawie wielu czynnik\u00f3w. Najwi\u0119kszy wp\u0142yw maj\u0105 <strong>powtarzalno\u015b\u0107, samoogrzewanie oraz histereza.<\/strong><\/span><\/p>\n\n\n\n<div class=\"wp-block-buttons is-content-justification-center is-layout-flex wp-container-core-buttons-is-layout-d565fcec wp-block-buttons-is-layout-flex\" style=\"margin-top:var(--wp--preset--spacing--20);margin-bottom:var(--wp--preset--spacing--20)\">\n<div class=\"wp-block-button hvr-shrink\"><a class=\"wp-block-button__link wp-element-button\" href=\"https:\/\/www.klasmeier.com\/pl\/serwisie-kalibracyjnym-klasmeier\/kalibracja-termometrow-rezystancyjnych\/\">Kalibracja termometr\u00f3w rezystancyjnych<\/a><\/div>\n<\/div>\n<\/div>\n\n\n\n<div class=\"wp-block-group is-vertical is-content-justification-stretch is-layout-flex wp-container-core-group-is-layout-04fbc4f9 wp-block-group-is-layout-flex\" style=\"padding-top:var(--wp--preset--spacing--30);padding-bottom:var(--wp--preset--spacing--30)\">\n<h3 class=\"wp-block-heading\"><strong>Niepewno\u015b\u0107 pomiarowa DAkkS<\/strong><\/h3>\n\n\n\n<figure class=\"wp-block-image aligncenter size-large has-custom-border\"><img data-dominant-color=\"f8f9f9\" data-has-transparency=\"false\" loading=\"lazy\" decoding=\"async\" width=\"1024\" height=\"582\" src=\"https:\/\/www.klasmeier.com\/wp-content\/uploads\/Pt100-Modell-I-eXacal-Klasmeier-1024x582.png\" alt=\"\" class=\"wp-image-6595 not-transparent\" style=\"--dominant-color: #f8f9f9; border-radius:50px\" srcset=\"https:\/\/www.klasmeier.com\/wp-content\/uploads\/Pt100-Modell-I-eXacal-Klasmeier-1024x582.png 1024w, https:\/\/www.klasmeier.com\/wp-content\/uploads\/Pt100-Modell-I-eXacal-Klasmeier-300x171.png 300w, https:\/\/www.klasmeier.com\/wp-content\/uploads\/Pt100-Modell-I-eXacal-Klasmeier-768x437.png 768w, https:\/\/www.klasmeier.com\/wp-content\/uploads\/Pt100-Modell-I-eXacal-Klasmeier-1536x874.png 1536w, https:\/\/www.klasmeier.com\/wp-content\/uploads\/Pt100-Modell-I-eXacal-Klasmeier-2048x1165.png 2048w, https:\/\/www.klasmeier.com\/wp-content\/uploads\/Pt100-Modell-I-eXacal-Klasmeier-600x341.png 600w\" sizes=\"auto, (max-width: 1024px) 100vw, 1024px\" \/><\/figure>\n<\/div>\n<\/div>\n","protected":false},"excerpt":{"rendered":"<p>Producent: Klasmeier \/ eXacal Model: Pt100I<\/p>\n","protected":false},"featured_media":10354,"template":"","meta":[],"product_brand":[],"product_cat":[],"product_tag":[],"class_list":{"0":"post-10409","1":"product","2":"type-product","3":"status-publish","4":"has-post-thumbnail","7":"first","8":"instock","9":"shipping-taxable","10":"purchasable","11":"product-type-variable"},"_links":{"self":[{"href":"https:\/\/www.klasmeier.com\/pl\/wp-json\/wp\/v2\/product\/10409","targetHints":{"allow":["GET"]}}],"collection":[{"href":"https:\/\/www.klasmeier.com\/pl\/wp-json\/wp\/v2\/product"}],"about":[{"href":"https:\/\/www.klasmeier.com\/pl\/wp-json\/wp\/v2\/types\/product"}],"wp:featuredmedia":[{"embeddable":true,"href":"https:\/\/www.klasmeier.com\/pl\/wp-json\/wp\/v2\/media\/10354"}],"wp:attachment":[{"href":"https:\/\/www.klasmeier.com\/pl\/wp-json\/wp\/v2\/media?parent=10409"}],"wp:term":[{"taxonomy":"product_brand","embeddable":true,"href":"https:\/\/www.klasmeier.com\/pl\/wp-json\/wp\/v2\/product_brand?post=10409"},{"taxonomy":"product_cat","embeddable":true,"href":"https:\/\/www.klasmeier.com\/pl\/wp-json\/wp\/v2\/product_cat?post=10409"},{"taxonomy":"product_tag","embeddable":true,"href":"https:\/\/www.klasmeier.com\/pl\/wp-json\/wp\/v2\/product_tag?post=10409"}],"curies":[{"name":"wp","href":"https:\/\/api.w.org\/{rel}","templated":true}]}}