{"id":10403,"date":"2024-02-29T17:17:13","date_gmt":"2024-02-29T16:17:13","guid":{"rendered":"https:\/\/www.klasmeier.com\/?post_type=product&#038;p=10403"},"modified":"2025-12-04T11:55:05","modified_gmt":"2025-12-04T10:55:05","slug":"typ-r-przemyslowy-termoelement-referencyjny-0-c-do-1200-c","status":"publish","type":"product","link":"https:\/\/www.klasmeier.com\/pl\/produkt\/typ-r-przemyslowy-termoelement-referencyjny-0-c-do-1200-c\/","title":{"rendered":"Typ R Przemys\u0142owy termoelement referencyjny 0 \u00b0C do 1200 \u00b0C"},"content":{"rendered":"\n<div class=\"wp-block-group has-global-padding is-layout-constrained wp-container-core-group-is-layout-530ec779 wp-block-group-is-layout-constrained\">\n<figure class=\"wp-block-image aligncenter size-full\"><img loading=\"lazy\" decoding=\"async\" width=\"310\" height=\"89\" src=\"https:\/\/www.klasmeier.com\/wp-content\/uploads\/exacal.png\" alt=\"\" class=\"wp-image-10302\" srcset=\"https:\/\/www.klasmeier.com\/wp-content\/uploads\/exacal.png 310w, https:\/\/www.klasmeier.com\/wp-content\/uploads\/exacal-300x86.png 300w\" sizes=\"auto, (max-width: 310px) 100vw, 310px\" \/><\/figure>\n\n\n\n<h3 class=\"wp-block-heading alignwide\">Termoelement Typ R<\/h3>\n\n\n\n<div class=\"wp-block-columns is-layout-flex wp-container-core-columns-is-layout-28f84493 wp-block-columns-is-layout-flex\">\n<div class=\"wp-block-column is-layout-flow wp-block-column-is-layout-flow\" style=\"flex-basis:66.66%\">\n<p>Precyzyjne termoelementy z metali szlachetnych (termoelement Typ R). Optymalizowane do zastosowa\u0144 z ma\u0142ymi g\u0142\u0119boko\u015bciami zanurzenia, np. w blokowych kalibratorach temperatury.<\/p>\n\n\n\n<div class=\"wp-block-group is-vertical is-layout-flex wp-container-core-group-is-layout-893838bc wp-block-group-is-layout-flex\" style=\"padding-top:var(--wp--preset--spacing--10);padding-bottom:var(--wp--preset--spacing--10)\">\n<p><mark style=\"background-color:rgba(0, 0, 0, 0)\" class=\"has-inline-color has-accent-3-color\"><i class=\"fas fa-circle-check\"><\/i><\/mark> przemys\u0142owe termoelementy Typ R&nbsp;<\/p>\n\n\n\n<p><mark style=\"background-color:rgba(0, 0, 0, 0)\" class=\"has-inline-color has-accent-3-color\"><i class=\"fas fa-circle-check\"><\/i><\/mark> <strong>optymalizowane do zastosowania przy ma\u0142ych g\u0142\u0119boko\u015bciach zanurzenia<\/strong><\/p>\n\n\n\n<p><mark style=\"background-color:rgba(0, 0, 0, 0)\" class=\"has-inline-color has-accent-3-color\"><i class=\"fas fa-circle-check\"><\/i><\/mark> niska niejednorodno\u015b\u0107 dzi\u0119ki obr\u00f3bce cieplnej drut\u00f3w termicznych<\/p>\n\n\n\n<p><mark style=\"background-color:rgba(0, 0, 0, 0)\" class=\"has-inline-color has-accent-3-color\"><i class=\"fas fa-circle-check\"><\/i><\/mark> cienki punkt pomiarowy dla <strong>szybkiego czasu reakcji<\/strong><\/p>\n\n\n\n<p><mark style=\"background-color:rgba(0, 0, 0, 0)\" class=\"has-inline-color has-accent-3-color\"><i class=\"fas fa-circle-check\"><\/i><\/mark> <strong>idealne do zastosowa\u0144 przemys\u0142owych, np. w blokowych kalibratorach temperatury&nbsp;<\/strong><\/p>\n<\/div>\n<\/div>\n\n\n\n<div class=\"wp-block-column is-layout-flow wp-block-column-is-layout-flow\" style=\"flex-basis:33.33%\">\n<figure class=\"wp-block-image size-medium\"><img loading=\"lazy\" decoding=\"async\" width=\"300\" height=\"300\" src=\"https:\/\/www.klasmeier.com\/wp-content\/uploads\/klasmeier_EU_Precision_Thermometry_transparent-300x300.webp\" alt=\"\" class=\"wp-image-13163\" srcset=\"https:\/\/www.klasmeier.com\/wp-content\/uploads\/klasmeier_EU_Precision_Thermometry_transparent-300x300.webp 300w, https:\/\/www.klasmeier.com\/wp-content\/uploads\/klasmeier_EU_Precision_Thermometry_transparent-150x150.webp 150w, https:\/\/www.klasmeier.com\/wp-content\/uploads\/klasmeier_EU_Precision_Thermometry_transparent-768x768.webp 768w, https:\/\/www.klasmeier.com\/wp-content\/uploads\/klasmeier_EU_Precision_Thermometry_transparent-600x600.webp 600w, https:\/\/www.klasmeier.com\/wp-content\/uploads\/klasmeier_EU_Precision_Thermometry_transparent-100x100.webp 100w, https:\/\/www.klasmeier.com\/wp-content\/uploads\/klasmeier_EU_Precision_Thermometry_transparent.webp 1024w\" sizes=\"auto, (max-width: 300px) 100vw, 300px\" \/><\/figure>\n<\/div>\n<\/div>\n\n\n\n<p>Termoelement Typ R zosta\u0142o zaprojektowane specjalnie jako wzorzec temperatury do kalibracji przemys\u0142owej i pomiar\u00f3w temperatury. Wykonane jest z tego samego wysokiej jako\u015bci materia\u0142u termometrycznego co <a href=\"https:\/\/2020.exacal.de\/exacal-thermometer\/praezisionsthermometer\/typ-r-typ-s-thermoelement\/\" target=\"_blank\" rel=\"noopener\">Termoelement precyzyjne Typ R \/ Typ S<\/a>. Jednak konstrukcja termoelementu Typ R zosta\u0142a dostosowana do wymaga\u0144 przemys\u0142owych. Na przyk\u0142ad punkt pomiarowy jest wykonany z mniejszej os\u0142ony ochronnej. Dzi\u0119ki niewielkim rozmiarom termoelement Typ R mo\u017ce by\u0107 stosowany jako <strong>wzorzec temperatury podczas kalibracji blokowymi kalibratorami temperatury<\/strong>. Dodatkowo, w celu dostosowania do warunk\u00f3w przemys\u0142owych, opcjonalnie mo\u017cna zrezygnowa\u0107 z zewn\u0119trznego punktu odniesienia i zamiast tego zastosowa\u0107 miniwtyczki termoelementu Typ R.&nbsp;<\/p>\n<\/div>\n\n\n\n<p>Termopary s\u0105 standardowo dostarczane z miniaturow\u0105 wtyczk\u0105 wykonan\u0105 z materia\u0142u termoparowego klasy 1 \u2013&nbsp;<strong>z\u0142\u0105cze odniesienia znajduje si\u0119 bezpo\u015brednio przy wtyczce<\/strong>, w miejscu przej\u015bcia z materia\u0142u termoparowego na mied\u017a. Oddzielne z\u0142\u0105cze odniesienia nie jest wymagane.<\/p>\n","protected":false},"excerpt":{"rendered":"<p>Producent: Klasmeier \/ eXacal Model: KK-167<\/p>\n","protected":false},"featured_media":11779,"template":"","meta":[],"product_brand":[],"product_cat":[],"product_tag":[],"class_list":{"0":"post-10403","1":"product","2":"type-product","3":"status-publish","4":"has-post-thumbnail","7":"first","8":"instock","9":"shipping-taxable","10":"purchasable","11":"product-type-variable"},"_links":{"self":[{"href":"https:\/\/www.klasmeier.com\/pl\/wp-json\/wp\/v2\/product\/10403","targetHints":{"allow":["GET"]}}],"collection":[{"href":"https:\/\/www.klasmeier.com\/pl\/wp-json\/wp\/v2\/product"}],"about":[{"href":"https:\/\/www.klasmeier.com\/pl\/wp-json\/wp\/v2\/types\/product"}],"wp:featuredmedia":[{"embeddable":true,"href":"https:\/\/www.klasmeier.com\/pl\/wp-json\/wp\/v2\/media\/11779"}],"wp:attachment":[{"href":"https:\/\/www.klasmeier.com\/pl\/wp-json\/wp\/v2\/media?parent=10403"}],"wp:term":[{"taxonomy":"product_brand","embeddable":true,"href":"https:\/\/www.klasmeier.com\/pl\/wp-json\/wp\/v2\/product_brand?post=10403"},{"taxonomy":"product_cat","embeddable":true,"href":"https:\/\/www.klasmeier.com\/pl\/wp-json\/wp\/v2\/product_cat?post=10403"},{"taxonomy":"product_tag","embeddable":true,"href":"https:\/\/www.klasmeier.com\/pl\/wp-json\/wp\/v2\/product_tag?post=10403"}],"curies":[{"name":"wp","href":"https:\/\/api.w.org\/{rel}","templated":true}]}}