{"id":10346,"date":"2024-02-29T17:17:56","date_gmt":"2024-02-29T16:17:56","guid":{"rendered":"https:\/\/www.klasmeier.com\/?post_type=product&#038;p=10346"},"modified":"2025-12-04T12:01:54","modified_gmt":"2025-12-04T11:01:54","slug":"pt100-typ-d-termometr-roznicowy-temperatury-100-c-250-c","status":"publish","type":"product","link":"https:\/\/www.klasmeier.com\/pl\/produkt\/pt100-typ-d-termometr-roznicowy-temperatury-100-c-250-c\/","title":{"rendered":"Pt100 Typ D Termometr r\u00f3\u017cnicowy temperatury (-100 \u00b0C \u2026 250 \u00b0C)"},"content":{"rendered":"\n<div class=\"wp-block-group has-global-padding is-layout-constrained wp-container-core-group-is-layout-530ec779 wp-block-group-is-layout-constrained\">\n<figure class=\"wp-block-image aligncenter size-full\"><img loading=\"lazy\" decoding=\"async\" width=\"310\" height=\"89\" src=\"https:\/\/www.klasmeier.com\/wp-content\/uploads\/exacal.png\" alt=\"\" class=\"wp-image-10302\" srcset=\"https:\/\/www.klasmeier.com\/wp-content\/uploads\/exacal.png 310w, https:\/\/www.klasmeier.com\/wp-content\/uploads\/exacal-300x86.png 300w\" sizes=\"auto, (max-width: 310px) 100vw, 310px\" \/><\/figure>\n\n\n\n<div class=\"wp-block-columns is-layout-flex wp-container-core-columns-is-layout-28f84493 wp-block-columns-is-layout-flex\">\n<div class=\"wp-block-column is-layout-flow wp-block-column-is-layout-flow\" style=\"flex-basis:66.66%\">\n<p>Termometr r\u00f3\u017cnicowy do okre\u015blania pionowych gradient\u00f3w temperatury i precyzyjnego pomiaru temperatury.<\/p>\n\n\n\n<div class=\"wp-block-group is-vertical is-layout-flex wp-container-core-group-is-layout-893838bc wp-block-group-is-layout-flex\" style=\"padding-top:var(--wp--preset--spacing--10);padding-bottom:var(--wp--preset--spacing--10)\">\n<p><mark style=\"background-color:rgba(0, 0, 0, 0)\" class=\"has-inline-color has-accent-3-color\"><i class=\"fas fa-circle-check\"><\/i><\/mark> Zakres temperatur:&nbsp;<strong>-100 \u00b0C do 250 \u00b0C<\/strong><\/p>\n\n\n\n<p><mark style=\"background-color:rgba(0, 0, 0, 0)\" class=\"has-inline-color has-accent-3-color\"><i class=\"fas fa-circle-check\"><\/i><\/mark> Niewielkie niepewno\u015bci pomiarowe:&nbsp;<strong>6 mK i 11 mK<\/strong><\/p>\n\n\n\n<p><mark style=\"background-color:rgba(0, 0, 0, 0)\" class=\"has-inline-color has-accent-3-color\"><i class=\"fas fa-circle-check\"><\/i><\/mark> Okre\u015blanie <strong>pionowych gradient\u00f3w temperatury<\/strong><\/p>\n\n\n\n<p><mark style=\"background-color:rgba(0, 0, 0, 0)\" class=\"has-inline-color has-accent-3-color\"><i class=\"fas fa-circle-check\"><\/i><\/mark> <strong>Termometr wzorcowy i termometr r\u00f3\u017cnicowy<\/strong><\/p>\n<\/div>\n<\/div>\n\n\n\n<div class=\"wp-block-column is-layout-flow wp-block-column-is-layout-flow\" style=\"flex-basis:33.33%\">\n<figure class=\"wp-block-image size-medium\"><img loading=\"lazy\" decoding=\"async\" width=\"300\" height=\"300\" src=\"https:\/\/www.klasmeier.com\/wp-content\/uploads\/klasmeier_EU_Precision_Thermometry_transparent-300x300.webp\" alt=\"\" class=\"wp-image-13163\" srcset=\"https:\/\/www.klasmeier.com\/wp-content\/uploads\/klasmeier_EU_Precision_Thermometry_transparent-300x300.webp 300w, https:\/\/www.klasmeier.com\/wp-content\/uploads\/klasmeier_EU_Precision_Thermometry_transparent-150x150.webp 150w, https:\/\/www.klasmeier.com\/wp-content\/uploads\/klasmeier_EU_Precision_Thermometry_transparent-768x768.webp 768w, https:\/\/www.klasmeier.com\/wp-content\/uploads\/klasmeier_EU_Precision_Thermometry_transparent-600x600.webp 600w, https:\/\/www.klasmeier.com\/wp-content\/uploads\/klasmeier_EU_Precision_Thermometry_transparent-100x100.webp 100w, https:\/\/www.klasmeier.com\/wp-content\/uploads\/klasmeier_EU_Precision_Thermometry_transparent.webp 1024w\" sizes=\"auto, (max-width: 300px) 100vw, 300px\" \/><\/figure>\n<\/div>\n<\/div>\n\n\n\n<p>Termometr r\u00f3\u017cnicowy to praktyczne narz\u0119dzie wspomagaj\u0105ce codzienn\u0105 prac\u0119 laboratoryjn\u0105. U\u0142atwia prac\u0119 podczas:<\/p>\n\n\n\n<div class=\"wp-block-group is-vertical is-layout-flex wp-container-core-group-is-layout-893838bc wp-block-group-is-layout-flex\" style=\"padding-top:var(--wp--preset--spacing--10);padding-bottom:var(--wp--preset--spacing--10)\">\n<p><mark style=\"background-color:rgba(0, 0, 0, 0)\" class=\"has-inline-color has-accent-3-color\"><i class=\"fas fa-circle-check\"><\/i><\/mark> <strong>Okre\u015blania pionowych gradient\u00f3w temperatury<\/strong><br>Pionowe gradienty temperatury s\u0105 istotnym sk\u0142adnikiem niepewno\u015bci pomiarowej podczas kalibracji (np. zgodnie z DKD-R 5-4 \u201eKalibracja kalibrator\u00f3w blokowych\u201d,&nbsp;DKD-R 5-3 \u201eKalibracja termoelement\u00f3w\u201d&nbsp; lub DKD-R 5-1 \u201eKalibracja termometr\u00f3w rezystancyjnych\u201d).<\/p>\n\n\n\n<p><mark style=\"background-color:rgba(0, 0, 0, 0)\" class=\"has-inline-color has-accent-3-color\"><i class=\"fas fa-circle-check\"><\/i><\/mark><strong> Optymalizacji piec\u00f3w kalibracyjnych<br><\/strong>Podczas&nbsp;optymalizacji stref grzewczych w piecach kalibracyjnych, takich jak <a href=\"https:\/\/www.klasmeier.com\/produkt\/3-zonen-hochtemperatur-kalibrierofen\/\">piec kalibracyjny wysokotemperaturowy 3-strefowy<\/a> lub <a href=\"https:\/\/www.klasmeier.com\/produkt\/kalibrierofen-511\/\">piec kalibracyjny Medusa<\/a>, konieczne jest dok\u0142adne okre\u015blenie r\u00f3\u017cnic temperatur.<\/p>\n\n\n\n<p><mark style=\"background-color:rgba(0, 0, 0, 0)\" class=\"has-inline-color has-accent-3-color\"><i class=\"fas fa-circle-check\"><\/i><\/mark> <strong>Precyzyjny termometr wzorcowy<\/strong><br>G\u0142\u00f3wne miejsce pomiarowe termometru r\u00f3\u017cnicowego odpowiada konstrukcji <a href=\"https:\/\/www.klasmeier.com\/pl\/produkt\/pt100-model-m-sredniotemperaturowy-termometr-precyzyjny-100-c-do-250-c\/\">eXacal PT 100 M<\/a> i mo\u017ce by\u0107 kalibrowane z tak\u0105 sam\u0105 niepewno\u015bci\u0105 pomiarow\u0105. Dzi\u0119ki temu termometr r\u00f3\u017cnicowy mo\u017ce by\u0107 u\u017cywany nie tylko do pomiaru r\u00f3\u017cnic temperatur, ale tak\u017ce jako termometr wzorcowy.<\/p>\n<\/div>\n\n\n\n<p>Termometr r\u00f3\u017cnicowy sk\u0142ada si\u0119 z dw\u00f3ch czujnik\u00f3w temperatury Pt100, umieszczonych na dnie termometru oraz w odleg\u0142o\u015bci 4 cm.<\/p>\n\n\n\n<figure class=\"wp-block-image alignwide size-full has-custom-border\"><img loading=\"lazy\" decoding=\"async\" width=\"900\" height=\"200\" src=\"https:\/\/www.klasmeier.com\/wp-content\/uploads\/eXacal_Differenz-Thermometer.png\" alt=\"\" class=\"wp-image-5273\" style=\"border-radius:50px\" srcset=\"https:\/\/www.klasmeier.com\/wp-content\/uploads\/eXacal_Differenz-Thermometer.png 900w, https:\/\/www.klasmeier.com\/wp-content\/uploads\/eXacal_Differenz-Thermometer-300x67.png 300w, https:\/\/www.klasmeier.com\/wp-content\/uploads\/eXacal_Differenz-Thermometer-768x171.png 768w, https:\/\/www.klasmeier.com\/wp-content\/uploads\/eXacal_Differenz-Thermometer-600x133.png 600w\" sizes=\"auto, (max-width: 900px) 100vw, 900px\" \/><figcaption class=\"wp-element-caption\">Schematyczne przedstawienie termometru r\u00f3\u017cnicowego<\/figcaption><\/figure>\n\n\n\n<div class=\"wp-block-group has-global-padding is-layout-constrained wp-container-core-group-is-layout-b1d50903 wp-block-group-is-layout-constrained\" style=\"padding-top:var(--wp--preset--spacing--20);padding-bottom:var(--wp--preset--spacing--20)\">\n<h3 class=\"wp-block-heading\">Niepewno\u015b\u0107 pomiaru<\/h3>\n\n\n\n<p>Termometry eXacal mog\u0105 by\u0107 kalibrowane w naszym w\u0142asnym laboratorium kalibracyjnym akredytowanym przez DAkkS. Akredytacja DAkkS zapewnia, \u017ce wszystkie kalibracje s\u0105 zgodne z krajowymi i mi\u0119dzynarodowymi standardami.<\/p>\n\n\n\n<p>Kalibracja rezystancyjnych termometr\u00f3w eXacal odbywa si\u0119 w punktach sta\u0142ych ITS-90. Istnieje r\u00f3wnie\u017c mo\u017cliwo\u015b\u0107 przeprowadzania kalibracji metod\u0105 por\u00f3wnawcz\u0105 w \u0142a\u017aniach kalibracyjnych i piecach kalibracyjnych. Niepewno\u015b\u0107 pomiarowa sk\u0142ada si\u0119 z wielu komponent\u00f3w. Najwi\u0119ksze wk\u0142ady stanowi\u0105 powtarzalno\u015b\u0107, charakterystyka ITS-90, samonagrzewanie i histereza.<\/p>\n\n\n\n<p><strong>W termometrze r\u00f3\u017cnicowym g\u0142\u00f3wny punkt pomiarowy jest kalibrowany w temperaturach punkt\u00f3w sta\u0142ych. Drugi punkt pomiarowy jest okre\u015blany poprzez pomiar r\u00f3\u017cnicy temperatur przy maksymalnej g\u0142\u0119boko\u015bci zanurzenia w <a href=\"https:\/\/www.klasmeier.com\/pl\/produkt\/waermerohr-kalibrierofen\/\">Heat Pipe (piec z rur\u0105 ciepln\u0105)<\/a> o wyj\u0105tkowo dobrym pionowym profilu temperaturowym.&nbsp;<\/strong><\/p>\n\n\n\n<div class=\"wp-block-group is-vertical is-layout-flex wp-container-core-group-is-layout-893838bc wp-block-group-is-layout-flex\" style=\"padding-top:var(--wp--preset--spacing--10);padding-bottom:var(--wp--preset--spacing--10)\">\n<p><mark style=\"background-color:rgba(0, 0, 0, 0)\" class=\"has-inline-color has-accent-3-color\"><i class=\"fas fa-circle-check\"><\/i><\/mark> <strong><strong><strong>Niska niepewno\u015b\u0107 pomiaru z certyfikatem kalibracji DAkkS<\/strong><\/strong><\/strong><\/p>\n\n\n\n<p><mark style=\"background-color:rgba(0, 0, 0, 0)\" class=\"has-inline-color has-accent-3-color\"><i class=\"fas fa-circle-check\"><\/i><\/mark> <strong><strong>Punkty sta\u0142e temperatury od potr\u00f3jnego punktu rt\u0119ci&nbsp;-38,8344 \u00b0C do punktu krzepni\u0119cia cyny 231,928 \u00b0C<\/strong><\/strong><\/p>\n\n\n\n<p><mark style=\"background-color:rgba(0, 0, 0, 0)\" class=\"has-inline-color has-accent-3-color\"><i class=\"fas fa-circle-check\"><\/i><\/mark> <strong>Pomiar r\u00f3\u017cnicowy w Heat Pipe \/ piecu z rur\u0105 ciepln\u0105<\/strong><\/p>\n<\/div>\n\n\n\n<div class=\"wp-block-buttons alignwide is-content-justification-center is-layout-flex wp-container-core-buttons-is-layout-a89b3969 wp-block-buttons-is-layout-flex\">\n<div class=\"wp-block-button hvr-shrink\"><a class=\"wp-block-button__link wp-element-button\" href=\"https:\/\/www.klasmeier.com\/pl\/serwisie-kalibracyjnym-klasmeier\/kalibracja-termometrow-rezystancyjnych\/\">Kalibracja termometr\u00f3w rezystancyjnych<\/a><\/div>\n<\/div>\n\n\n\n<div style=\"height:33px\" aria-hidden=\"true\" class=\"wp-block-spacer\"><\/div>\n\n\n\n<figure class=\"wp-block-table alignwide pttb\" style=\"font-style:normal;font-weight:400\"><table class=\"has-fixed-layout\"><thead><tr><th class=\"has-text-align-center\" data-align=\"center\"><strong>Zakres<\/strong><\/th><th><strong>Metoda<\/strong><\/th><th class=\"has-text-align-center\" data-align=\"center\"><strong>Niepewno\u015b\u0107 pomiaru<\/strong><\/th><\/tr><\/thead><tbody><tr><td class=\"has-text-align-center\" data-align=\"center\">-38,8344 \u00b0C \u2013 0,01 \u00b0C<\/td><td>Rt\u0119\u0107 do wody<\/td><td class=\"has-text-align-center\" data-align=\"center\">6 mK<\/td><\/tr><tr><td class=\"has-text-align-center\" data-align=\"center\">0,01 \u00b0C \u2013&nbsp;29,7646 \u00b0C<\/td><td>Woda do galu<\/td><td class=\"has-text-align-center\" data-align=\"center\">6 mK<\/td><\/tr><tr><td class=\"has-text-align-center\" data-align=\"center\">0,01 \u00b0C \u2013 156,5985 \u00b0C<\/td><td>Woda do indu<\/td><td class=\"has-text-align-center\" data-align=\"center\">10 mK<\/td><\/tr><tr><td class=\"has-text-align-center\" data-align=\"center\">0,01 \u00b0C \u2013 231,928 \u00b0C<\/td><td>Woda do cyny<\/td><td class=\"has-text-align-center\" data-align=\"center\">11 mK<\/td><\/tr><\/tbody><\/table><figcaption class=\"wp-element-caption\">Podane warto\u015bci niepewno\u015bci pomiaru odpowiadaj\u0105 k=2, uwzgl\u0119dniaj\u0105 charakterystyk\u0119 ITS-90 i odnosz\u0105 si\u0119 do danego zakresu.<\/figcaption><\/figure>\n<\/div>\n<\/div>\n","protected":false},"excerpt":{"rendered":"<p>Producent: Klasmeier \/ eXacal Model: Pt100D<\/p>\n","protected":false},"featured_media":11902,"template":"","meta":[],"product_brand":[],"product_cat":[],"product_tag":[],"class_list":{"0":"post-10346","1":"product","2":"type-product","3":"status-publish","4":"has-post-thumbnail","7":"first","8":"instock","9":"shipping-taxable","10":"purchasable","11":"product-type-variable"},"_links":{"self":[{"href":"https:\/\/www.klasmeier.com\/pl\/wp-json\/wp\/v2\/product\/10346","targetHints":{"allow":["GET"]}}],"collection":[{"href":"https:\/\/www.klasmeier.com\/pl\/wp-json\/wp\/v2\/product"}],"about":[{"href":"https:\/\/www.klasmeier.com\/pl\/wp-json\/wp\/v2\/types\/product"}],"wp:featuredmedia":[{"embeddable":true,"href":"https:\/\/www.klasmeier.com\/pl\/wp-json\/wp\/v2\/media\/11902"}],"wp:attachment":[{"href":"https:\/\/www.klasmeier.com\/pl\/wp-json\/wp\/v2\/media?parent=10346"}],"wp:term":[{"taxonomy":"product_brand","embeddable":true,"href":"https:\/\/www.klasmeier.com\/pl\/wp-json\/wp\/v2\/product_brand?post=10346"},{"taxonomy":"product_cat","embeddable":true,"href":"https:\/\/www.klasmeier.com\/pl\/wp-json\/wp\/v2\/product_cat?post=10346"},{"taxonomy":"product_tag","embeddable":true,"href":"https:\/\/www.klasmeier.com\/pl\/wp-json\/wp\/v2\/product_tag?post=10346"}],"curies":[{"name":"wp","href":"https:\/\/api.w.org\/{rel}","templated":true}]}}