{"id":10335,"date":"2024-02-29T17:18:34","date_gmt":"2024-02-29T16:18:34","guid":{"rendered":"https:\/\/www.klasmeier.com\/?post_type=product&#038;p=10335"},"modified":"2025-12-04T11:37:34","modified_gmt":"2025-12-04T10:37:34","slug":"typ-s-precyzyjny-termoelement-0-c-do-1200-c","status":"publish","type":"product","link":"https:\/\/www.klasmeier.com\/pl\/produkt\/typ-s-precyzyjny-termoelement-0-c-do-1200-c\/","title":{"rendered":"Typ S Precyzyjny Termoelement (0 \u00b0C do 1200 \u00b0C)"},"content":{"rendered":"\n<div class=\"wp-block-group has-global-padding is-layout-constrained wp-container-core-group-is-layout-530ec779 wp-block-group-is-layout-constrained\">\n<figure class=\"wp-block-image aligncenter size-full\"><img loading=\"lazy\" decoding=\"async\" width=\"310\" height=\"89\" src=\"https:\/\/www.klasmeier.com\/wp-content\/uploads\/exacal.png\" alt=\"\" class=\"wp-image-10302\" srcset=\"https:\/\/www.klasmeier.com\/wp-content\/uploads\/exacal.png 310w, https:\/\/www.klasmeier.com\/wp-content\/uploads\/exacal-300x86.png 300w\" sizes=\"auto, (max-width: 310px) 100vw, 310px\" \/><\/figure>\n\n\n\n<h3 class=\"wp-block-heading alignwide\">Precyzyjny Termoelement Typ S<\/h3>\n\n\n\n<div class=\"wp-block-columns is-layout-flex wp-container-core-columns-is-layout-28f84493 wp-block-columns-is-layout-flex\">\n<div class=\"wp-block-column is-layout-flow wp-block-column-is-layout-flow\" style=\"flex-basis:66.66%\">\n<p>Precyzyjne termoelementy Typ S s\u0105 wykorzystywane jako wzorce transferowe, do wysokoprecyzyjnych pomiar\u00f3w temperatury lub jako wzorce kalibracyjne. Termoelement Typ S to termoelement z metali szlachetnych, kt\u00f3ry jest wyposa\u017cony w punkt odniesienia wykonany ze stali nierdzewnej. Charakteryzuje si\u0119 najwy\u017csz\u0105 dost\u0119pn\u0105 czysto\u015bci\u0105 przewod\u00f3w termicznych.<\/p>\n\n\n\n<p><strong>Najwa\u017cniejsze cechy<\/strong><\/p>\n\n\n\n<div class=\"wp-block-group is-vertical is-layout-flex wp-container-core-group-is-layout-669f9327 wp-block-group-is-layout-flex\" style=\"padding-top:0;padding-bottom:0\">\n<p><mark style=\"background-color:rgba(0, 0, 0, 0)\" class=\"has-inline-color has-accent-3-color\"><i class=\"fas fa-circle-check\"><\/i><\/mark> Zakres temperatur:<strong>&nbsp;0 \u00b0C do 1200 \u00b0C<\/strong><\/p>\n\n\n\n<p><mark style=\"background-color:rgba(0, 0, 0, 0)\" class=\"has-inline-color has-accent-3-color\"><i class=\"fas fa-circle-check\"><\/i><\/mark> <strong>Precyzyjny Termoelement Typ S<\/strong><\/p>\n\n\n\n<p><mark style=\"background-color:rgba(0, 0, 0, 0)\" class=\"has-inline-color has-accent-3-color\"><i class=\"fas fa-circle-check\"><\/i><\/mark> <strong>Najwy\u017csza dost\u0119pna czysto\u015b\u0107 przewod\u00f3w termicznych<br><\/strong>Przewody termiczne s\u0105 poddawane kontrolowanej obr\u00f3bce cieplnej.<\/p>\n\n\n\n<p><mark style=\"background-color:rgba(0, 0, 0, 0)\" class=\"has-inline-color has-accent-3-color\"><i class=\"fas fa-circle-check\"><\/i><\/mark> <strong>Niskie niepewno\u015bci pomiarowe z certyfikatem kalibracyjnym DAkkS<\/strong><br>Termometr mo\u017ce by\u0107 kalibrowany w punktach sta\u0142ych temperatury z minimalnymi niepewno\u015bciami pomiarowymi.<\/p>\n<\/div>\n<\/div>\n\n\n\n<div class=\"wp-block-column is-layout-flow wp-block-column-is-layout-flow\" style=\"flex-basis:33.33%\">\n<figure class=\"wp-block-image size-medium\"><img loading=\"lazy\" decoding=\"async\" width=\"300\" height=\"300\" src=\"https:\/\/www.klasmeier.com\/wp-content\/uploads\/klasmeier_EU_Precision_Thermometry_transparent-300x300.webp\" alt=\"\" class=\"wp-image-13163\" srcset=\"https:\/\/www.klasmeier.com\/wp-content\/uploads\/klasmeier_EU_Precision_Thermometry_transparent-300x300.webp 300w, https:\/\/www.klasmeier.com\/wp-content\/uploads\/klasmeier_EU_Precision_Thermometry_transparent-150x150.webp 150w, https:\/\/www.klasmeier.com\/wp-content\/uploads\/klasmeier_EU_Precision_Thermometry_transparent-768x768.webp 768w, https:\/\/www.klasmeier.com\/wp-content\/uploads\/klasmeier_EU_Precision_Thermometry_transparent-600x600.webp 600w, https:\/\/www.klasmeier.com\/wp-content\/uploads\/klasmeier_EU_Precision_Thermometry_transparent-100x100.webp 100w, https:\/\/www.klasmeier.com\/wp-content\/uploads\/klasmeier_EU_Precision_Thermometry_transparent.webp 1024w\" sizes=\"auto, (max-width: 300px) 100vw, 300px\" \/><\/figure>\n<\/div>\n<\/div>\n\n\n\n<div class=\"wp-block-group has-global-padding is-layout-constrained wp-container-core-group-is-layout-b1d50903 wp-block-group-is-layout-constrained\" style=\"padding-top:var(--wp--preset--spacing--20);padding-bottom:var(--wp--preset--spacing--20)\">\n<h3 class=\"wp-block-heading\">Niepewno\u015b\u0107 pomiarowa DAkkS<\/h3>\n\n\n\n<figure class=\"wp-block-image alignwide size-full has-custom-border\"><img loading=\"lazy\" decoding=\"async\" width=\"1005\" height=\"567\" src=\"https:\/\/www.klasmeier.com\/wp-content\/uploads\/Typ-R-Typ-S-Typ-B-deutsch.png\" alt=\"\" class=\"wp-image-4691\" style=\"border-radius:50px\" srcset=\"https:\/\/www.klasmeier.com\/wp-content\/uploads\/Typ-R-Typ-S-Typ-B-deutsch.png 1005w, https:\/\/www.klasmeier.com\/wp-content\/uploads\/Typ-R-Typ-S-Typ-B-deutsch-300x169.png 300w, https:\/\/www.klasmeier.com\/wp-content\/uploads\/Typ-R-Typ-S-Typ-B-deutsch-768x433.png 768w, https:\/\/www.klasmeier.com\/wp-content\/uploads\/Typ-R-Typ-S-Typ-B-deutsch-600x339.png 600w\" sizes=\"auto, (max-width: 1005px) 100vw, 1005px\" \/><\/figure>\n<\/div>\n\n\n\n<div class=\"wp-block-group is-vertical is-layout-flex wp-container-core-group-is-layout-fe9cc265 wp-block-group-is-layout-flex\">\n<h3 class=\"wp-block-heading\"><strong>Pasuj\u0105ce etui transportowe<\/strong><\/h3>\n\n\n\n<p><span style=\"font-size: 14pt;\">Ka\u017cdy termometr eXacal jest dostarczany w dopasowanym etui. Opcjonalnie mo\u017cna zam\u00f3wi\u0107 wysokiej jako\u015bci drewnian\u0105 walizk\u0119 transportow\u0105.<\/span><\/p>\n\n\n\n<div class=\"wp-block-columns are-vertically-aligned-top is-layout-flex wp-container-core-columns-is-layout-28f84493 wp-block-columns-is-layout-flex\">\n<div class=\"wp-block-column is-vertically-aligned-top is-layout-flow wp-block-column-is-layout-flow\">\n<div data-block-name=\"woocommerce\/single-product\" data-product-id=\"930\" data-wp-context=\"{&quot;productId&quot;:930,&quot;variationId&quot;:null}\" data-wp-interactive=\"woocommerce\/single-product\" class=\"wp-block-woocommerce-single-product woocommerce hvr-grow\"><div data-block-name=\"woocommerce\/product-image\" data-is-descendent-of-single-product-block=\"true\" data-show-sale-badge=\"false\" data-style=\"{&quot;border&quot;:{&quot;radius&quot;:&quot;50px&quot;}}\" style=\"border-radius:50px;\" class=\"wc-block-components-product-image wc-block-grid__product-image wc-block-components-product-image--aspect-ratio-auto wp-block-woocommerce-product-image\"><a href=\"https:\/\/www.klasmeier.com\/produkt\/holz-tragekoffer-fuer-exacal-thermometer-gross\/\" style=\"\" data-wp-on--click=\"woocommerce\/product-collection::actions.viewProduct\"><img decoding=\"async\" width=\"600\" height=\"600\" src=\"https:\/\/www.klasmeier.com\/wp-content\/uploads\/2024\/02\/eXacal-Praezisionsthermometer-im-Koffer-1-1.jpg\" class=\"attachment-woocommerce_single size-woocommerce_single\" alt=\"Holz-Tragekoffer f\u00fcr eXacal Thermometer - Gro\u00df\" data-testid=\"product-image\" data-image-id=\"880\" style=\"object-fit:cover;\" loading=\"lazy\" srcset=\"https:\/\/www.klasmeier.com\/wp-content\/uploads\/2024\/02\/eXacal-Praezisionsthermometer-im-Koffer-1-1.jpg 600w, https:\/\/www.klasmeier.com\/wp-content\/uploads\/2024\/02\/eXacal-Praezisionsthermometer-im-Koffer-1-1-300x300.jpg 300w, https:\/\/www.klasmeier.com\/wp-content\/uploads\/2024\/02\/eXacal-Praezisionsthermometer-im-Koffer-1-1-150x150.jpg 150w, https:\/\/www.klasmeier.com\/wp-content\/uploads\/2024\/02\/eXacal-Praezisionsthermometer-im-Koffer-1-1-100x100.jpg 100w\" sizes=\"auto, (max-width: 600px) 100vw, 600px\" \/><div class=\"wc-block-components-product-image__inner-container\"><\/div><\/a><\/div>\n\n\n<div class=\"wp-block-columns is-layout-flex wp-container-core-columns-is-layout-28f84493 wp-block-columns-is-layout-flex\">\n<div class=\"wp-block-column is-vertically-aligned-top is-layout-flow wp-block-column-is-layout-flow\"><h2 style=\"font-size:clamp(0.929rem, 0.929rem + ((1vw - 0.2rem) * 0.785), 1.4rem);font-style:normal;font-weight:600;\" class=\"wp-block-post-title\"><a href=\"https:\/\/www.klasmeier.com\/produkt\/holz-tragekoffer-fuer-exacal-thermometer-gross\/\" target=\"_self\" >Holz-Tragekoffer f\u00fcr eXacal Thermometer &#8211; Gro\u00df<\/a><\/h2>\n\n<div data-block-name=\"woocommerce\/product-price\" data-is-descendent-of-single-product-block=\"true\" class=\"wp-block-woocommerce-product-price\" ><div class=\"wc-block-components-product-price wc-block-grid__product-price\" >\n\t\t\t\t\t<span class=\"woocommerce-Price-amount amount\"><bdi>215,00&nbsp;<span class=\"woocommerce-Price-currencySymbol\">&euro;<\/span><\/bdi><\/span>\n\t\t\t\t<\/div><\/div>\n\n<div class=\"wp-block-post-excerpt\"><p class=\"wp-block-post-excerpt__excerpt\">Hersteller: eXacal \/ Klasmeier Modell: Holz-Tragekoffer gro\u00df <\/p><\/div><\/div>\n<\/div>\n<\/div>\n<\/div>\n\n\n\n<div class=\"wp-block-column is-vertically-aligned-top is-layout-flow wp-block-column-is-layout-flow\">\n<div style=\"height:100px\" aria-hidden=\"true\" class=\"wp-block-spacer\"><\/div>\n<\/div>\n\n\n\n<div class=\"wp-block-column is-vertically-aligned-top is-layout-flow wp-block-column-is-layout-flow\">\n<div style=\"height:100px\" aria-hidden=\"true\" class=\"wp-block-spacer\"><\/div>\n<\/div>\n<\/div>\n<\/div>\n<\/div>\n","protected":false},"excerpt":{"rendered":"<p>Producent: Klasmeier \/ eXacal Model: KK-170<\/p>\n","protected":false},"featured_media":11293,"template":"","meta":[],"product_brand":[],"product_cat":[],"product_tag":[],"class_list":{"0":"post-10335","1":"product","2":"type-product","3":"status-publish","4":"has-post-thumbnail","7":"first","8":"instock","9":"shipping-taxable","10":"purchasable","11":"product-type-variable"},"_links":{"self":[{"href":"https:\/\/www.klasmeier.com\/pl\/wp-json\/wp\/v2\/product\/10335","targetHints":{"allow":["GET"]}}],"collection":[{"href":"https:\/\/www.klasmeier.com\/pl\/wp-json\/wp\/v2\/product"}],"about":[{"href":"https:\/\/www.klasmeier.com\/pl\/wp-json\/wp\/v2\/types\/product"}],"wp:featuredmedia":[{"embeddable":true,"href":"https:\/\/www.klasmeier.com\/pl\/wp-json\/wp\/v2\/media\/11293"}],"wp:attachment":[{"href":"https:\/\/www.klasmeier.com\/pl\/wp-json\/wp\/v2\/media?parent=10335"}],"wp:term":[{"taxonomy":"product_brand","embeddable":true,"href":"https:\/\/www.klasmeier.com\/pl\/wp-json\/wp\/v2\/product_brand?post=10335"},{"taxonomy":"product_cat","embeddable":true,"href":"https:\/\/www.klasmeier.com\/pl\/wp-json\/wp\/v2\/product_cat?post=10335"},{"taxonomy":"product_tag","embeddable":true,"href":"https:\/\/www.klasmeier.com\/pl\/wp-json\/wp\/v2\/product_tag?post=10335"}],"curies":[{"name":"wp","href":"https:\/\/api.w.org\/{rel}","templated":true}]}}