{"id":10322,"date":"2024-02-29T17:20:50","date_gmt":"2024-02-29T16:20:50","guid":{"rendered":"https:\/\/www.klasmeier.com\/?post_type=product&#038;p=10322"},"modified":"2025-12-04T11:18:05","modified_gmt":"2025-12-04T10:18:05","slug":"wtorny-sprt-termometr-referencyjny-100-c-do-670-c","status":"publish","type":"product","link":"https:\/\/www.klasmeier.com\/pl\/produkt\/wtorny-sprt-termometr-referencyjny-100-c-do-670-c\/","title":{"rendered":"Wt\u00f3rny SPRT Termometr Referencyjny -100 \u00b0C do 670 \u00b0C"},"content":{"rendered":"\n<figure class=\"wp-block-image aligncenter size-full\"><img loading=\"lazy\" decoding=\"async\" width=\"310\" height=\"89\" src=\"https:\/\/www.klasmeier.com\/wp-content\/uploads\/exacal.png\" alt=\"\" class=\"wp-image-10302\" srcset=\"https:\/\/www.klasmeier.com\/wp-content\/uploads\/exacal.png 310w, https:\/\/www.klasmeier.com\/wp-content\/uploads\/exacal-300x86.png 300w\" sizes=\"auto, (max-width: 310px) 100vw, 310px\" \/><\/figure>\n\n\n\n<h3 class=\"wp-block-heading\"><strong>Cechy szczeg\u00f3lne wt\u00f3rnego SPRT model 215:<\/strong><\/h3>\n\n\n\n<div class=\"wp-block-columns is-layout-flex wp-container-core-columns-is-layout-28f84493 wp-block-columns-is-layout-flex\">\n<div class=\"wp-block-column is-layout-flow wp-block-column-is-layout-flow\" style=\"flex-basis:66.66%\">\n<p><mark style=\"background-color:rgba(0, 0, 0, 0)\" class=\"has-inline-color has-accent-3-color\"><i class=\"fas fa-circle-check\"><\/i> <\/mark><span><strong>Zakres temperatur:<\/strong> Dzi\u0119ki zakresowi pracy od -100 \u00b0C do 670 \u00b0C nasze wt\u00f3rne termometry referencyjne SPRT model 215 obejmuj\u0105 \u015bredni zakres temperatur typowy dla powszechnych zastosowa\u0144. Czyni to z nich wszechstronne rozwi\u0105zanie do zr\u00f3\u017cnicowanych wymaga\u0144 pomiarowych.<\/span><\/p>\n\n\n\n<p><mark style=\"background-color:rgba(0, 0, 0, 0)\" class=\"has-inline-color has-accent-3-color\"><i class=\"fas fa-circle-check\"><\/i><\/mark> <span><strong>Ma\u0142e niepewno\u015bci pomiaru:<\/strong> Precyzja termometru jest potwierdzona niewielkimi niepewno\u015bciami pomiaru rz\u0119du zaledwie 2,5 mK do 13,5 mK przy wzorcowaniu akredytowanym przez DAkkS zgodnie z DIN EN ISO\/IEC 17025. Taka wysoka dok\u0142adno\u015b\u0107 zapewnia wiarygodne wyniki we wszystkich obszarach zastosowa\u0144.<\/span><\/p>\n<\/div>\n\n\n\n<div class=\"wp-block-column is-layout-flow wp-block-column-is-layout-flow\" style=\"flex-basis:33.33%\">\n<figure class=\"wp-block-image size-medium\"><img loading=\"lazy\" decoding=\"async\" width=\"300\" height=\"300\" src=\"https:\/\/www.klasmeier.com\/wp-content\/uploads\/klasmeier_EU_Precision_Thermometry_transparent-300x300.webp\" alt=\"\" class=\"wp-image-13163\" srcset=\"https:\/\/www.klasmeier.com\/wp-content\/uploads\/klasmeier_EU_Precision_Thermometry_transparent-300x300.webp 300w, https:\/\/www.klasmeier.com\/wp-content\/uploads\/klasmeier_EU_Precision_Thermometry_transparent-150x150.webp 150w, https:\/\/www.klasmeier.com\/wp-content\/uploads\/klasmeier_EU_Precision_Thermometry_transparent-768x768.webp 768w, https:\/\/www.klasmeier.com\/wp-content\/uploads\/klasmeier_EU_Precision_Thermometry_transparent-600x600.webp 600w, https:\/\/www.klasmeier.com\/wp-content\/uploads\/klasmeier_EU_Precision_Thermometry_transparent-100x100.webp 100w, https:\/\/www.klasmeier.com\/wp-content\/uploads\/klasmeier_EU_Precision_Thermometry_transparent.webp 1024w\" sizes=\"auto, (max-width: 300px) 100vw, 300px\" \/><\/figure>\n<\/div>\n<\/div>\n\n\n\n<p><mark style=\"background-color:rgba(0, 0, 0, 0)\" class=\"has-inline-color has-accent-3-color\"><i class=\"fas fa-circle-check\"><\/i><\/mark> <span><strong>Solidno\u015b\u0107:<\/strong> Jako solidna alternatywa dla bardzo wra\u017cliwych SPRT z os\u0142on\u0105 kwarcow\u0105, nasz wt\u00f3rny termometr referencyjny SPRT wyr\u00f3\u017cnia si\u0119 metalow\u0105 os\u0142on\u0105 oraz stabilnymi rezystorami pomiarowymi. Dzi\u0119ki temu jest optymalny do d\u0142ugotrwa\u0142ego u\u017cytkowania.<\/span><\/p>\n\n\n\n<p><mark style=\"background-color:rgba(0, 0, 0, 0)\" class=\"has-inline-color has-accent-3-color\"><i class=\"fas fa-circle-check\"><\/i><\/mark> <strong>Nowy czujnik SPRT: <\/strong>Opracowany przez Klasmeier nowy czujnik temperatury SPRT zosta\u0142 udoskonalony w nast\u0119puj\u0105cych obszarach:<\/p>\n\n\n\n<div class=\"wp-block-columns is-layout-flex wp-container-core-columns-is-layout-28f84493 wp-block-columns-is-layout-flex\">\n<div class=\"wp-block-column is-layout-flow wp-block-column-is-layout-flow\" style=\"flex-basis:100%\">\n<ul class=\"wp-block-list is-style-checkmark-list\">\n<li>kr\u00f3tki czas reakcji<\/li>\n\n\n\n<li>ma\u0142a histereza<\/li>\n\n\n\n<li>niewielkie samonagrzewanie<\/li>\n\n\n\n<li>doskona\u0142a odtwarzalno\u015b\u0107 i stabilno\u015b\u0107<\/li>\n<\/ul>\n<\/div>\n<\/div>\n\n\n\n<div class=\"wp-block-group alignwide is-vertical is-layout-flex wp-container-core-group-is-layout-ab79abe2 wp-block-group-is-layout-flex\" style=\"padding-top:var(--wp--preset--spacing--30);padding-bottom:var(--wp--preset--spacing--30)\">\n<h2 class=\"wp-block-heading\">Czujniki temperatury z naszej w\u0142asnej manufaktury<\/h2>\n\n\n\n<p>Ka\u017cdy czujnik temperatury w standardowym platynowym termometrze rezystancyjnym (SPRT) eXacal 230 jest wytwarzany z najwy\u017csz\u0105 staranno\u015bci\u0105 i precyzj\u0105 w naszej w\u0142asnej manufakturze w Fulda. Opracowanie i produkcja w\u0142asnych rezystor\u00f3w pomiarowych gwarantuj\u0105 najwy\u017csz\u0105 jako\u015b\u0107 i niezawodno\u015b\u0107.<\/p>\n\n\n\n<p><strong>Dlaczego manufaktura Klasmeier?<\/strong><\/p>\n\n\n\n<p><strong>\u2022 Rzemie\u015blnicza precyzja:<\/strong> Nasze SPRT s\u0105 wytwarzane przez do\u015bwiadczonych ekspert\u00f3w, kt\u00f3rzy skrupulatnie kontroluj\u0105 ka\u017cdy detal.<br><strong>\u2022 Rozwi\u0105zania indywidualne:<\/strong> Potrafimy odpowiedzie\u0107 na specyficzne wymagania i wytworzy\u0107 czujniki dopasowane do Pa\u0144stwa aplikacji.<br><strong>\u2022 Kontrola jako\u015bci:<\/strong> Ka\u017cdy czujnik przechodzi rygorystyczne procedury testowe, aby zapewni\u0107 zgodno\u015b\u0107 z wysokimi wymaganiami mi\u0119dzynarodowej skali temperatur ITS-90.<\/p>\n\n\n\n<p>Dzi\u0119ki produkcji we w\u0142asnej manufakturze mamy pe\u0142n\u0105 kontrol\u0119 nad ca\u0142ym procesem wytw\u00f3rczym \u2013 od doboru materia\u0142\u00f3w po ko\u0144cowe, akredytowane wzorcowanie. Rezultat: produkt spe\u0142niaj\u0105cy najwy\u017csze wymagania w dziedzinie techniki pomiarowej.<\/p>\n\n\n\n<h3 class=\"wp-block-heading\"><strong>DAkkS-certyfikowane wzorcowanie wt\u00f3rnych SPRT<\/strong><\/h3>\n\n\n\n<p>W naszym w\u0142asnym, <strong><a href=\"https:\/\/www.klasmeier.com\/pl\/firma\/portret-firmy\/kalibrierdienst-klasmeier\/\">akredytowanym przez DAkkS laboratorium<\/a><\/strong> wzorcuj\u0105cym oferujemy wysokoprecyzyjne us\u0142ugi wzorcowania SPRT. Nasza akredytacja gwarantuje, \u017ce ka\u017cde wzorcowanie jest wykonywane zgodnie z mi\u0119dzynarodowo uznanymi normami <strong>DIN EN ISO\/IEC 17025<\/strong>. Zapewnia to nieprzerwan\u0105 sp\u00f3jno\u015b\u0107 pomiarow\u0105 z krajowymi i mi\u0119dzynarodowymi wzorcami.<\/p>\n\n\n\n<p><\/p>\n\n\n\n<figure class=\"wp-block-image size-large has-custom-border\"><img data-dominant-color=\"f7f7f8\" data-has-transparency=\"false\" loading=\"lazy\" decoding=\"async\" width=\"1024\" height=\"586\" src=\"https:\/\/www.klasmeier.com\/wp-content\/uploads\/SPRT-215-eXacal-Klasmeier-1024x586.webp\" alt=\"\" class=\"wp-image-11124 not-transparent\" style=\"--dominant-color: #f7f7f8; border-radius:50px\" srcset=\"https:\/\/www.klasmeier.com\/wp-content\/uploads\/SPRT-215-eXacal-Klasmeier-1024x586.webp 1024w, https:\/\/www.klasmeier.com\/wp-content\/uploads\/SPRT-215-eXacal-Klasmeier-300x172.webp 300w, https:\/\/www.klasmeier.com\/wp-content\/uploads\/SPRT-215-eXacal-Klasmeier-768x439.webp 768w, https:\/\/www.klasmeier.com\/wp-content\/uploads\/SPRT-215-eXacal-Klasmeier-1536x879.webp 1536w, https:\/\/www.klasmeier.com\/wp-content\/uploads\/SPRT-215-eXacal-Klasmeier-2048x1172.webp 2048w, https:\/\/www.klasmeier.com\/wp-content\/uploads\/SPRT-215-eXacal-Klasmeier-600x343.webp 600w\" sizes=\"auto, (max-width: 1024px) 100vw, 1024px\" \/><\/figure>\n\n\n\n<div style=\"height:45px\" aria-hidden=\"true\" class=\"wp-block-spacer wp-container-content-95fa6ccb\"><\/div>\n\n\n\n<figure class=\"wp-block-table pttb\"><table class=\"has-fixed-layout\"><tbody><tr><td class=\"has-text-align-center\" data-align=\"center\"><strong>Zakres<\/strong><\/td><td><strong>Sta\u0142e punkty temperaturowe<\/strong><\/td><td><strong>Niepewno\u015b\u0107 pomiaru<\/strong><\/td><\/tr><tr><td class=\"has-text-align-center\" data-align=\"center\">-38,8344 \u00b0C &#8211; 0,01 \u00b0C<\/td><td>Rt\u0119\u0107 do wody<\/td><td>2,5 mK<\/td><\/tr><tr><td class=\"has-text-align-center\" data-align=\"center\">0,01 \u00b0C &#8211; 29,7646 \u00b0C<\/td><td>Woda do galu<\/td><td>3,5 mK<\/td><\/tr><tr><td class=\"has-text-align-center\" data-align=\"center\">0,01 \u00b0C &#8211; 231,928 \u00b0C<\/td><td>Woda do cyny<\/td><td>8,5 mK<\/td><\/tr><tr><td class=\"has-text-align-center\" data-align=\"center\">0,01 \u00b0C &#8211; 419,527 \u00b0C<\/td><td>Woda do cynku<\/td><td>13,5 mK<\/td><\/tr><tr><td class=\"has-text-align-center\" data-align=\"center\">0,01 \u00b0C &#8211; 660,323 \u00b0C<\/td><td>Woda do aluminium<\/td><td>13,5 mK<\/td><\/tr><\/tbody><\/table><figcaption class=\"wp-element-caption\">Podane niepewno\u015bci pomiaru odpowiadaj\u0105 k=2, obejmuj\u0105 funkcj\u0119 odchylenia ITS-90, samonagrzewanie oraz histerez\u0119 i s\u0105 podane dla odpowiedniego zakresu.<\/figcaption><\/figure>\n<\/div>\n\n\n\n<div class=\"wp-block-group is-vertical is-content-justification-center is-layout-flex wp-container-core-group-is-layout-7add347e wp-block-group-is-layout-flex\" style=\"padding-top:var(--wp--preset--spacing--30);padding-bottom:var(--wp--preset--spacing--30)\">\n<h3 class=\"wp-block-heading\">Co wyr\u00f3\u017cnia nasze wzorcowanie?<\/h3>\n\n\n\n<p><mark style=\"background-color:rgba(0, 0, 0, 0)\" class=\"has-inline-color has-accent-3-color\"><i class=\"fas fa-circle-check\"><\/i><\/mark> <span><strong>Sp\u00f3jno\u015b\u0107 pomiarowa:<\/strong> Dzi\u0119ki akredytacji DAkkS ka\u017cde wzorcowanie jest bezpo\u015brednio powi\u0105zane z krajowymi i mi\u0119dzynarodowymi wzorcami. Daje to Pa\u0144stwu pewno\u015b\u0107, \u017ce wyniki pomiar\u00f3w s\u0105 uznawane na ca\u0142ym \u015bwiecie.<\/span><\/p>\n\n\n\n<p><mark style=\"background-color:rgba(0, 0, 0, 0)\" class=\"has-inline-color has-accent-3-color\"><i class=\"fas fa-circle-check\"><\/i><\/mark> <span><strong>Niepewno\u015b\u0107 pomiaru:<\/strong> Dok\u0142adno\u015b\u0107 naszego wzorcowania opiera si\u0119 na starannej ocenie wszystkich sk\u0142adowych niepewno\u015bci, w tym odtwarzalno\u015bci termometru, funkcji odchylenia ITS-90, samonagrzewania oraz histerezy czujnika.<\/span><\/p>\n\n\n\n<p><mark style=\"background-color:rgba(0, 0, 0, 0)\" class=\"has-inline-color has-accent-3-color\"><i class=\"fas fa-circle-check\"><\/i><\/mark> <span><strong>Zakres zastosowa\u0144:<\/strong> Na podstawie szczeg\u00f3\u0142owych informacji ze \u015bwiadectwa wzorcowania mog\u0105 Pa\u0144stwo z pe\u0142nym zaufaniem u\u017cywa\u0107 swojego wt\u00f3rnego SPRT w zakresie temperatur od \u221238,8344 \u00b0C do 660,323 \u00b0C.<\/span><\/p>\n\n\n\n<p>Dowiedz si\u0119 wi\u0119cej o naszym laboratorium wzorcuj\u0105cym:<\/p>\n\n\n\n<p class=\"has-text-align-center\"><a href=\"https:\/\/www.klasmeier.com\/pl\/serwisie-kalibracyjnym-klasmeier\/kalibracja-standardowych-platynowych-termometrow-rezystancyjnych-sprt\/\">Wzorcowanie standardowych platynowych termometr\u00f3w rezystancyjnych (SPRT)<\/a><\/p>\n<\/div>\n\n\n\n<p><\/p>\n","protected":false},"excerpt":{"rendered":"<p>Model: eXacal 215<br \/>\nProducent: Klasmeier<\/p>\n","protected":false},"featured_media":10308,"template":"","meta":[],"product_brand":[],"product_cat":[],"product_tag":[],"class_list":{"0":"post-10322","1":"product","2":"type-product","3":"status-publish","4":"has-post-thumbnail","7":"first","8":"instock","9":"shipping-taxable","10":"product-type-simple"},"_links":{"self":[{"href":"https:\/\/www.klasmeier.com\/pl\/wp-json\/wp\/v2\/product\/10322","targetHints":{"allow":["GET"]}}],"collection":[{"href":"https:\/\/www.klasmeier.com\/pl\/wp-json\/wp\/v2\/product"}],"about":[{"href":"https:\/\/www.klasmeier.com\/pl\/wp-json\/wp\/v2\/types\/product"}],"wp:featuredmedia":[{"embeddable":true,"href":"https:\/\/www.klasmeier.com\/pl\/wp-json\/wp\/v2\/media\/10308"}],"wp:attachment":[{"href":"https:\/\/www.klasmeier.com\/pl\/wp-json\/wp\/v2\/media?parent=10322"}],"wp:term":[{"taxonomy":"product_brand","embeddable":true,"href":"https:\/\/www.klasmeier.com\/pl\/wp-json\/wp\/v2\/product_brand?post=10322"},{"taxonomy":"product_cat","embeddable":true,"href":"https:\/\/www.klasmeier.com\/pl\/wp-json\/wp\/v2\/product_cat?post=10322"},{"taxonomy":"product_tag","embeddable":true,"href":"https:\/\/www.klasmeier.com\/pl\/wp-json\/wp\/v2\/product_tag?post=10322"}],"curies":[{"name":"wp","href":"https:\/\/api.w.org\/{rel}","templated":true}]}}