{"id":10312,"date":"2024-02-29T17:20:51","date_gmt":"2024-02-29T16:20:51","guid":{"rendered":"https:\/\/www.klasmeier.com\/?post_type=product&#038;p=10312"},"modified":"2025-12-04T11:13:15","modified_gmt":"2025-12-04T10:13:15","slug":"wtorny-sprt-termometr-referencyjny-200-c-do-250-c","status":"publish","type":"product","link":"https:\/\/www.klasmeier.com\/pl\/produkt\/wtorny-sprt-termometr-referencyjny-200-c-do-250-c\/","title":{"rendered":"Wt\u00f3rny SPRT Termometr Referencyjny-200 \u00b0C do 250 \u00b0C"},"content":{"rendered":"\n<div class=\"wp-block-group has-global-padding is-layout-constrained wp-container-core-group-is-layout-530ec779 wp-block-group-is-layout-constrained\">\n<div class=\"wp-block-columns alignwide are-vertically-aligned-top is-layout-flex wp-container-core-columns-is-layout-28f84493 wp-block-columns-is-layout-flex\">\n<div class=\"wp-block-column is-layout-flow wp-block-column-is-layout-flow\" style=\"flex-basis:30%\">\n<figure class=\"wp-block-image alignleft is-resized has-custom-border\"><img loading=\"lazy\" decoding=\"async\" width=\"1024\" height=\"1024\" src=\"https:\/\/www.klasmeier.com\/wp-content\/uploads\/eXacal_SPRT_Klasmeier_216-1024x1024.jpg\" alt=\"Niedrig-Temperatur Thermometer: Das Robuste Sekund\u00e4res SPRT Referenzthermometer f\u00fcr genaue Temperaturmessungen\" class=\"wp-image-5410\" style=\"border-radius:50px;width:304px;height:auto\" srcset=\"https:\/\/www.klasmeier.com\/wp-content\/uploads\/eXacal_SPRT_Klasmeier_216-1024x1024.jpg 1024w, https:\/\/www.klasmeier.com\/wp-content\/uploads\/eXacal_SPRT_Klasmeier_216-300x300.jpg 300w, https:\/\/www.klasmeier.com\/wp-content\/uploads\/eXacal_SPRT_Klasmeier_216-150x150.jpg 150w, https:\/\/www.klasmeier.com\/wp-content\/uploads\/eXacal_SPRT_Klasmeier_216-768x768.jpg 768w, https:\/\/www.klasmeier.com\/wp-content\/uploads\/eXacal_SPRT_Klasmeier_216-600x600.jpg 600w, https:\/\/www.klasmeier.com\/wp-content\/uploads\/eXacal_SPRT_Klasmeier_216-100x100.jpg 100w, https:\/\/www.klasmeier.com\/wp-content\/uploads\/eXacal_SPRT_Klasmeier_216.jpg 1200w\" sizes=\"auto, (max-width: 1024px) 100vw, 1024px\" \/><\/figure>\n<\/div>\n\n\n\n<div class=\"wp-block-column is-layout-flow wp-block-column-is-layout-flow\" style=\"flex-basis:75%\">\n<p><strong>Termometr niskotemperaturowy: Wytrzyma\u0142y wt\u00f3rny termometr referencyjny SPRT do precyzyjnych pomiar\u00f3w temperatury<\/strong><\/p>\n\n\n\n<p><span style=\"font-size: 14pt;\">Nasz niskotemperaturowy SPRT (standardowy platynowy termometr rezystancyjny) s\u0142u\u017cy jako solidny wzorzec kalibracyjny do najbardziej wymagaj\u0105cych zastosowa\u0144 w precyzyjnych pomiarach temperatury. Zaprojektowany z my\u015bl\u0105 o potrzebach bada\u0144, przemys\u0142u i kontroli jako\u015bci, termometr ten oferuje doskona\u0142\u0105 dok\u0142adno\u015b\u0107 i niezawodno\u015b\u0107. Dzi\u0119ki swojej wytrzyma\u0142o\u015bci stanowi atrakcyjn\u0105 alternatyw\u0119 dla cz\u0119sto bardzo delikatnych termometr\u00f3w z os\u0142on\u0105 kwarcow\u0105.<\/span><\/p>\n<\/div>\n<\/div>\n\n\n\n<div class=\"wp-block-group alignwide is-vertical is-content-justification-stretch is-layout-flex wp-container-core-group-is-layout-88863016 wp-block-group-is-layout-flex\" style=\"padding-top:var(--wp--preset--spacing--30);padding-bottom:var(--wp--preset--spacing--30)\">\n<figure class=\"wp-block-image size-full\"><img loading=\"lazy\" decoding=\"async\" width=\"310\" height=\"89\" src=\"https:\/\/www.klasmeier.com\/wp-content\/uploads\/exacal.png\" alt=\"\" class=\"wp-image-10302\" srcset=\"https:\/\/www.klasmeier.com\/wp-content\/uploads\/exacal.png 310w, https:\/\/www.klasmeier.com\/wp-content\/uploads\/exacal-300x86.png 300w\" sizes=\"auto, (max-width: 310px) 100vw, 310px\" \/><\/figure>\n\n\n\n<h3 class=\"wp-block-heading\"><strong>Najwa\u017cniejsze cechy wt\u00f3rnego SPRT model 216:<\/strong><\/h3>\n\n\n\n<div class=\"wp-block-columns is-layout-flex wp-container-core-columns-is-layout-28f84493 wp-block-columns-is-layout-flex\">\n<div class=\"wp-block-column is-layout-flow wp-block-column-is-layout-flow\" style=\"flex-basis:66.66%\">\n<p><mark style=\"background-color:rgba(0, 0, 0, 0)\" class=\"has-inline-color has-accent-3-color\"><i class=\"fas fa-circle-check\"><\/i><\/mark> <span><strong>Nape\u0142nienie gazem ochronnym:<\/strong> R\u0119koje\u015b\u0107 SPRT jest hermetyczna, co pozwala na nape\u0142nienie termometru gazem ochronnym. Ta konstrukcja chroni termometr przed wp\u0142ywami \u015brodowiska i zwi\u0119ksza jego wydajno\u015b\u0107, szczeg\u00f3lnie w ekstremalnie niskich temperaturach. <span>Wype\u0142nienie gazem ochronnym umo\u017cliwia u\u017cycie termometru w temperaturach do -200 \u00b0C, co pozwala na kalibracj\u0119 do punktu potr\u00f3jnego argonu wynosz\u0105cego oko\u0142o -189 \u00b0C.<\/span><\/span><\/p>\n\n\n\n<p><mark style=\"background-color:rgba(0, 0, 0, 0)\" class=\"has-inline-color has-accent-3-color\"><i class=\"fas fa-circle-check\"><\/i> <\/mark><span><strong>Zakres temperatur:<\/strong> Z zakresem pracy od -200 \u00b0C do 250 \u00b0C, nasze wt\u00f3rne SPRT referencyjne model 216 obejmuje niskie temperatury, co czyni go wszechstronnym rozwi\u0105zaniem dla r\u00f3\u017cnych wymaga\u0144 pomiarowych.<\/span><\/p>\n<\/div>\n\n\n\n<div class=\"wp-block-column is-layout-flow wp-block-column-is-layout-flow\" style=\"flex-basis:33.33%\">\n<figure class=\"wp-block-image size-medium\"><img loading=\"lazy\" decoding=\"async\" width=\"300\" height=\"300\" src=\"https:\/\/www.klasmeier.com\/wp-content\/uploads\/klasmeier_EU_Precision_Thermometry_transparent-300x300.webp\" alt=\"\" class=\"wp-image-13163\" srcset=\"https:\/\/www.klasmeier.com\/wp-content\/uploads\/klasmeier_EU_Precision_Thermometry_transparent-300x300.webp 300w, https:\/\/www.klasmeier.com\/wp-content\/uploads\/klasmeier_EU_Precision_Thermometry_transparent-150x150.webp 150w, https:\/\/www.klasmeier.com\/wp-content\/uploads\/klasmeier_EU_Precision_Thermometry_transparent-768x768.webp 768w, https:\/\/www.klasmeier.com\/wp-content\/uploads\/klasmeier_EU_Precision_Thermometry_transparent-600x600.webp 600w, https:\/\/www.klasmeier.com\/wp-content\/uploads\/klasmeier_EU_Precision_Thermometry_transparent-100x100.webp 100w, https:\/\/www.klasmeier.com\/wp-content\/uploads\/klasmeier_EU_Precision_Thermometry_transparent.webp 1024w\" sizes=\"auto, (max-width: 300px) 100vw, 300px\" \/><\/figure>\n<\/div>\n<\/div>\n\n\n\n<p><mark style=\"background-color:rgba(0, 0, 0, 0)\" class=\"has-inline-color has-accent-3-color\"><i class=\"fas fa-circle-check\"><\/i><\/mark> <span><strong>Niska niepewno\u015b\u0107 pomiarowa:<\/strong> Precyzja termometru podkre\u015blona jest jego nisk\u0105 niepewno\u015bci\u0105 pomiarow\u0105 wynosz\u0105c\u0105 zaledwie od 4,5 mK do 7 mK przy akredytowanej kalibracji DAkkS zgodnie z norm\u0105 DIN EN ISO\/IEC 17025. Ta wysoka dok\u0142adno\u015b\u0107 zapewnia wiarygodne wyniki we wszystkich zastosowaniach.<\/span><\/p>\n\n\n\n<p><mark style=\"background-color:rgba(0, 0, 0, 0)\" class=\"has-inline-color has-accent-3-color\"><i class=\"fas fa-circle-check\"><\/i><\/mark> <span><strong>Wytrzyma\u0142o\u015b\u0107:<\/strong> Jako solidna alternatywa dla bardzo delikatnych SPRT z os\u0142on\u0105 kwarcow\u0105, nasze wt\u00f3rne SPRT referencyjne wyr\u00f3\u017cnia si\u0119 metalow\u0105 os\u0142on\u0105 i stabilnymi rezystorami pomiarowymi, co czyni je idealnym rozwi\u0105zaniem do d\u0142ugoterminowego u\u017cytkowania.<\/span><\/p>\n\n\n\n<p><mark style=\"background-color:rgba(0, 0, 0, 0)\" class=\"has-inline-color has-accent-3-color\"><i class=\"fas fa-circle-check\"><\/i><\/mark> <span><strong>Nowy czujnik SPRT:<\/strong> Nowo opracowany przez Klasmeier <\/span>czujnik temperatury SPRT zosta\u0142 ulepszony w nast\u0119puj\u0105cych obszarach:<\/p>\n\n\n\n<div class=\"wp-block-columns is-layout-flex wp-container-core-columns-is-layout-28f84493 wp-block-columns-is-layout-flex\">\n<div class=\"wp-block-column is-layout-flow wp-block-column-is-layout-flow\" style=\"flex-basis:100%\">\n<ul class=\"wp-block-list is-style-checkmark-list\">\n<li> szybka reakcja na zmiany temperatury <\/li>\n\n\n\n<li>niska histereza <\/li>\n\n\n\n<li>niskie samoogrzewanie<\/li>\n\n\n\n<li>doskona\u0142a powtarzalno\u015b\u0107 i stabilno\u015b\u0107<\/li>\n<\/ul>\n<\/div>\n<\/div>\n<\/div>\n\n\n\n<div class=\"wp-block-group alignwide is-vertical is-layout-flex wp-container-core-group-is-layout-ab79abe2 wp-block-group-is-layout-flex\" style=\"padding-top:var(--wp--preset--spacing--30);padding-bottom:var(--wp--preset--spacing--30)\">\n<h3 class=\"wp-block-heading\"><strong>Kalibracja niskotemperaturowych SPRT z certyfikatem DAkkS<\/strong><\/h3>\n\n\n\n<p><span>W naszym wewn\u0119trznym <strong><a href=\"https:\/\/www.klasmeier.com\/pl\/firma\/portret-firmy\/kalibrierdienst-klasmeier\/\" data-type=\"link\" data-id=\"https:\/\/www.klasmeier.com\/kalibrierdienst-klasmeier\/\">laboratorium kalibracyjnym akredytowanym przez DAkkS<\/a><\/strong> oferujemy najwy\u017cszej precyzji us\u0142ugi kalibracji dla niskotemperaturowych SPRT. Nasza akredytacja gwarantuje, \u017ce ka\u017cda kalibracja jest wykonywana zgodnie z mi\u0119dzynarodowo uznanymi normami <strong>DIN EN ISO\/IEC 17025<\/strong>. To zapewnia pe\u0142n\u0105 sp\u00f3jno\u015b\u0107 z normami krajowymi i mi\u0119dzynarodowymi.<\/span><\/p>\n\n\n\n<p><span>Nasze wt\u00f3rne termometry referencyjne SPRT do niskich temperatur zosta\u0142y specjalnie zaprojektowane do kalibracji w temperaturach a\u017c do punktu potr\u00f3jnego argonu. Umo\u017cliwia to zastosowania w ekstremalnie niskich temperaturach, kt\u00f3re wymagaj\u0105 niezawodnych pomiar\u00f3w temperatury.<\/span><\/p>\n\n\n\n<figure class=\"wp-block-image size-large has-custom-border\"><img loading=\"lazy\" decoding=\"async\" width=\"1024\" height=\"567\" src=\"https:\/\/www.klasmeier.com\/wp-content\/uploads\/SPRT-216-eXacal-Klasmeier-1024x567.png\" alt=\"Niepewno\u015b\u0107 pomiarowa: Wt\u00f3rny SPRT referencyjny model 216\" class=\"wp-image-6205\" style=\"border-radius:50px\" srcset=\"https:\/\/www.klasmeier.com\/wp-content\/uploads\/SPRT-216-eXacal-Klasmeier-1024x567.png 1024w, https:\/\/www.klasmeier.com\/wp-content\/uploads\/SPRT-216-eXacal-Klasmeier-300x166.png 300w, https:\/\/www.klasmeier.com\/wp-content\/uploads\/SPRT-216-eXacal-Klasmeier-768x425.png 768w, https:\/\/www.klasmeier.com\/wp-content\/uploads\/SPRT-216-eXacal-Klasmeier-1536x850.png 1536w, https:\/\/www.klasmeier.com\/wp-content\/uploads\/SPRT-216-eXacal-Klasmeier-2048x1134.png 2048w, https:\/\/www.klasmeier.com\/wp-content\/uploads\/SPRT-216-eXacal-Klasmeier-600x332.png 600w\" sizes=\"auto, (max-width: 1024px) 100vw, 1024px\" \/><\/figure>\n\n\n\n<div style=\"height:45px\" aria-hidden=\"true\" class=\"wp-block-spacer wp-container-content-95fa6ccb\"><\/div>\n\n\n\n<figure class=\"wp-block-table pttb\"><table class=\"has-fixed-layout\"><tbody><tr><td class=\"has-text-align-center\" data-align=\"center\"><strong>Zakres<\/strong><\/td><td><strong>Sta\u0142e punkty temperatury<\/strong><\/td><td><strong>Niepewno\u015b\u0107 pomiarowa<\/strong><\/td><\/tr><tr><td class=\"has-text-align-center\" data-align=\"center\">-189,3442 \u00b0C &#8211; 0,01 \u00b0C<\/td><td>Argon do wody<\/td><td>6 mK<\/td><\/tr><tr><td class=\"has-text-align-center\" data-align=\"center\">-38,8344 \u00b0C &#8211; 0,01 \u00b0C<\/td><td>Rt\u0119\u0107 do wody<\/td><td>6 mK<\/td><\/tr><tr><td class=\"has-text-align-center\" data-align=\"center\">0,01 \u00b0C &#8211; 29,7646 \u00b0C<\/td><td>Woda do galu<\/td><td>6mK<\/td><\/tr><tr><td class=\"has-text-align-center\" data-align=\"center\">0,01 \u00b0C &#8211; 156,5985 \u00b0C<\/td><td>Woda do indu<\/td><td>6 mK<\/td><\/tr><tr><td class=\"has-text-align-center\" data-align=\"center\">0,01 \u00b0C &#8211; 231,928 \u00b0C<\/td><td>Woda do cyny<\/td><td>7 mK<\/td><\/tr><\/tbody><\/table><figcaption class=\"wp-element-caption\">Podane niepewno\u015bci pomiarowe odpowiadaj\u0105 k=2, obejmuj\u0105 funkcj\u0119 odchylenia ITS-90, samoogrzewanie oraz histerez\u0119 i s\u0105 okre\u015blone dla danego zakresu.<\/figcaption><\/figure>\n<\/div>\n\n\n\n<div class=\"wp-block-group is-vertical is-content-justification-center is-layout-flex wp-container-core-group-is-layout-7add347e wp-block-group-is-layout-flex\" style=\"padding-top:var(--wp--preset--spacing--30);padding-bottom:var(--wp--preset--spacing--30)\">\n<h3 class=\"wp-block-heading\">Co wyr\u00f3\u017cnia nasz\u0105 kalibracj\u0119?<\/h3>\n\n\n\n<p><mark style=\"background-color:rgba(0, 0, 0, 0)\" class=\"has-inline-color has-accent-3-color\"><i class=\"fas fa-circle-check\"><\/i><\/mark> <span><strong>Sp\u00f3jno\u015b\u0107:<\/strong> Dzi\u0119ki naszej akredytacji DAkkS ka\u017cda kalibracja jest bezpo\u015brednio powi\u0105zana z krajowymi i mi\u0119dzynarodowymi wzorcami. Daje to pewno\u015b\u0107, \u017ce wyniki pomiar\u00f3w s\u0105 uznawane na ca\u0142ym \u015bwiecie.<\/span><\/p>\n\n\n\n<p><mark style=\"background-color:rgba(0, 0, 0, 0)\" class=\"has-inline-color has-accent-3-color\"><i class=\"fas fa-circle-check\"><\/i><\/mark> <span><strong>Niepewno\u015b\u0107 pomiarowa:<\/strong> Dok\u0142adno\u015b\u0107 naszej kalibracji opiera si\u0119 na starannej ocenie wszystkich sk\u0142adowych niepewno\u015bci, w tym powtarzalno\u015bci termometru, funkcji odchylenia ITS-90, samoogrzewania i histerezy czujnika.<\/span><\/p>\n\n\n\n<p><mark style=\"background-color:rgba(0, 0, 0, 0)\" class=\"has-inline-color has-accent-3-color\"><i class=\"fas fa-circle-check\"><\/i><\/mark> <span><strong>Zakres zastosowania:<\/strong> Dzi\u0119ki szczeg\u00f3\u0142owym informacjom zawartym w \u015bwiadectwie kalibracji mo\u017cesz korzysta\u0107 z niskotemperaturowego SPRT w <strong>zakresie temperatur od -189 \u00b0C do 232 \u00b0C<\/strong> z pe\u0142nym zaufaniem.<\/span><\/p>\n<\/div>\n<\/div>\n\n\n\n<p><\/p>\n","protected":false},"excerpt":{"rendered":"<p>Model: eXacal 216<br \/>\nProducent: Klasmeier<\/p>\n","protected":false},"featured_media":10313,"template":"","meta":[],"product_brand":[],"product_cat":[],"product_tag":[],"class_list":{"0":"post-10312","1":"product","2":"type-product","3":"status-publish","4":"has-post-thumbnail","7":"first","8":"instock","9":"shipping-taxable","10":"product-type-simple"},"_links":{"self":[{"href":"https:\/\/www.klasmeier.com\/pl\/wp-json\/wp\/v2\/product\/10312","targetHints":{"allow":["GET"]}}],"collection":[{"href":"https:\/\/www.klasmeier.com\/pl\/wp-json\/wp\/v2\/product"}],"about":[{"href":"https:\/\/www.klasmeier.com\/pl\/wp-json\/wp\/v2\/types\/product"}],"wp:featuredmedia":[{"embeddable":true,"href":"https:\/\/www.klasmeier.com\/pl\/wp-json\/wp\/v2\/media\/10313"}],"wp:attachment":[{"href":"https:\/\/www.klasmeier.com\/pl\/wp-json\/wp\/v2\/media?parent=10312"}],"wp:term":[{"taxonomy":"product_brand","embeddable":true,"href":"https:\/\/www.klasmeier.com\/pl\/wp-json\/wp\/v2\/product_brand?post=10312"},{"taxonomy":"product_cat","embeddable":true,"href":"https:\/\/www.klasmeier.com\/pl\/wp-json\/wp\/v2\/product_cat?post=10312"},{"taxonomy":"product_tag","embeddable":true,"href":"https:\/\/www.klasmeier.com\/pl\/wp-json\/wp\/v2\/product_tag?post=10312"}],"curies":[{"name":"wp","href":"https:\/\/api.w.org\/{rel}","templated":true}]}}