{"id":10307,"date":"2024-02-29T17:20:51","date_gmt":"2024-02-29T16:20:51","guid":{"rendered":"https:\/\/www.klasmeier.com\/?post_type=product&#038;p=10307"},"modified":"2025-12-04T11:15:22","modified_gmt":"2025-12-04T10:15:22","slug":"wtorny-termometr-referencyjny-sprt-100-c-do-430-c","status":"publish","type":"product","link":"https:\/\/www.klasmeier.com\/pl\/produkt\/wtorny-termometr-referencyjny-sprt-100-c-do-430-c\/","title":{"rendered":"Wt\u00f3rny termometr referencyjny SPRT-100 \u00b0C do 430 \u00b0C"},"content":{"rendered":"\n<figure class=\"wp-block-image aligncenter size-full\"><img loading=\"lazy\" decoding=\"async\" width=\"310\" height=\"89\" src=\"https:\/\/www.klasmeier.com\/wp-content\/uploads\/exacal.png\" alt=\"\" class=\"wp-image-10302\" srcset=\"https:\/\/www.klasmeier.com\/wp-content\/uploads\/exacal.png 310w, https:\/\/www.klasmeier.com\/wp-content\/uploads\/exacal-300x86.png 300w\" sizes=\"auto, (max-width: 310px) 100vw, 310px\" \/><\/figure>\n\n\n\n<h3 class=\"wp-block-heading\"><strong>Szczeg\u00f3\u0142y dotycz\u0105ce modelu SPRT 217:<\/strong><\/h3>\n\n\n\n<div class=\"wp-block-columns is-layout-flex wp-container-core-columns-is-layout-28f84493 wp-block-columns-is-layout-flex\">\n<div class=\"wp-block-column is-layout-flow wp-block-column-is-layout-flow\" style=\"flex-basis:66.66%\">\n<p><mark style=\"background-color:rgba(0, 0, 0, 0)\" class=\"has-inline-color has-accent-3-color\"><i class=\"fas fa-circle-check\"><\/i> <\/mark><strong>Zakres temperatur:<\/strong> Dzi\u0119ki zakresowi zastosowania od -100 \u00b0C do 430 \u00b0C nasz dodatkowy termometr referencyjny SPRT model 217 pokrywa \u015bredni zakres temperatur dla typowych zastosowa\u0144. Dzi\u0119ki temu jest to wszechstronne rozwi\u0105zanie dla r\u00f3\u017cnych wymaga\u0144 pomiarowych.<\/p>\n\n\n\n<p><mark style=\"background-color:rgba(0, 0, 0, 0)\" class=\"has-inline-color has-accent-3-color\"><i class=\"fas fa-circle-check\"><\/i><\/mark> <strong>Niewielka niepewno\u015b\u0107 pomiaru:<\/strong> Precyzja termometru jest podkre\u015blona przez niewielk\u0105 niepewno\u015b\u0107 pomiaru wynosz\u0105c\u0105 zaledwie od 2,5 mK do 8,5 mK przy kalibracji akredytowanej przez DAkkS zgodnie z norm\u0105 DIN EN ISO\/IEC 17025. Ta wysoka dok\u0142adno\u015b\u0107 gwarantuje wiarygodne wyniki we wszystkich obszarach zastosowa\u0144.<\/p>\n<\/div>\n\n\n\n<div class=\"wp-block-column is-layout-flow wp-block-column-is-layout-flow\" style=\"flex-basis:33.33%\">\n<figure class=\"wp-block-image size-medium\"><img loading=\"lazy\" decoding=\"async\" width=\"300\" height=\"300\" src=\"https:\/\/www.klasmeier.com\/wp-content\/uploads\/klasmeier_EU_Precision_Thermometry_transparent-300x300.webp\" alt=\"\" class=\"wp-image-13163\" srcset=\"https:\/\/www.klasmeier.com\/wp-content\/uploads\/klasmeier_EU_Precision_Thermometry_transparent-300x300.webp 300w, https:\/\/www.klasmeier.com\/wp-content\/uploads\/klasmeier_EU_Precision_Thermometry_transparent-150x150.webp 150w, https:\/\/www.klasmeier.com\/wp-content\/uploads\/klasmeier_EU_Precision_Thermometry_transparent-768x768.webp 768w, https:\/\/www.klasmeier.com\/wp-content\/uploads\/klasmeier_EU_Precision_Thermometry_transparent-600x600.webp 600w, https:\/\/www.klasmeier.com\/wp-content\/uploads\/klasmeier_EU_Precision_Thermometry_transparent-100x100.webp 100w, https:\/\/www.klasmeier.com\/wp-content\/uploads\/klasmeier_EU_Precision_Thermometry_transparent.webp 1024w\" sizes=\"auto, (max-width: 300px) 100vw, 300px\" \/><\/figure>\n<\/div>\n<\/div>\n\n\n\n<p><mark style=\"background-color:rgba(0, 0, 0, 0)\" class=\"has-inline-color has-accent-3-color\"><i class=\"fas fa-circle-check\"><\/i><\/mark> <strong>Wytrzyma\u0142o\u015b\u0107:<\/strong> Jako wytrzyma\u0142a alternatywa dla bardzo czu\u0142ych termometr\u00f3w SPRT z pow\u0142ok\u0105 kwarcow\u0105, nasz termometr referencyjny SPRT charakteryzuje si\u0119 metalow\u0105 pow\u0142ok\u0105 i stabilnymi rezystancjami pomiarowymi. Dzi\u0119ki temu idealnie nadaje si\u0119 do d\u0142ugotrwa\u0142ego u\u017cytkowania.<\/p>\n\n\n\n<p><mark style=\"background-color:rgba(0, 0, 0, 0)\" class=\"has-inline-color has-accent-3-color\"><i class=\"fas fa-circle-check\"><\/i><\/mark> <strong>Nowy czujnik SPRT:<\/strong> Nowo opracowany przez firm\u0119 Klasmeier czujnik temperatury SPRT zosta\u0142 ulepszony w nast\u0119puj\u0105cych obszarach:<\/p>\n\n\n\n<div class=\"wp-block-columns is-layout-flex wp-container-core-columns-is-layout-28f84493 wp-block-columns-is-layout-flex\">\n<div class=\"wp-block-column is-layout-flow wp-block-column-is-layout-flow\" style=\"flex-basis:100%\">\n<ul class=\"wp-block-list is-style-checkmark-list\">\n<li>szybka reakcja<\/li>\n\n\n\n<li>niewielka histereza<\/li>\n\n\n\n<li>niskie samonagrzewanie<\/li>\n\n\n\n<li>doskona\u0142a powtarzalno\u015b\u0107 i stabilno\u015b\u0107<\/li>\n<\/ul>\n<\/div>\n<\/div>\n\n\n\n<div class=\"wp-block-group alignwide is-vertical is-layout-flex wp-container-core-group-is-layout-ab79abe2 wp-block-group-is-layout-flex\" style=\"padding-top:var(--wp--preset--spacing--30);padding-bottom:var(--wp--preset--spacing--30)\">\n<h2 class=\"wp-block-heading\">Czujniki temperatury z naszej w\u0142asnej produkcji<\/h2>\n\n\n\n<p>Ka\u017cdy czujnik temperatury standardowego termometru oporowego platynowego (SPRT) eXacal 230 jest produkowany z najwy\u017csz\u0105 staranno\u015bci\u0105 i precyzj\u0105 w naszej w\u0142asnej fabryce w Fuldzie. Opracowywanie i produkcja w\u0142asnych rezystor\u00f3w pomiarowych gwarantuje najwy\u017csz\u0105 jako\u015b\u0107 i niezawodno\u015b\u0107.<\/p>\n\n\n\n<p><strong>Dlaczego warto wybra\u0107 manufaktur\u0119 Klasmeier?<\/strong><\/p>\n\n\n\n<ul class=\"wp-block-list\">\n<li><strong>Precyzja rzemie\u015blnicza:<\/strong> nasze czujniki SPRT s\u0105 produkowane przez do\u015bwiadczonych ekspert\u00f3w, kt\u00f3rzy dok\u0142adnie monitoruj\u0105 ka\u017cdy szczeg\u00f3\u0142.<\/li>\n\n\n\n<li><strong>Indywidualne rozwi\u0105zania:<\/strong> mo\u017cemy dostosowa\u0107 si\u0119 do konkretnych wymaga\u0144 i wyprodukowa\u0107 czujniki dostosowane do konkretnego zastosowania.<\/li>\n\n\n\n<li><strong>Kontrola jako\u015bci:<\/strong> ka\u017cdy czujnik przechodzi rygorystyczne procedury testowe, aby zapewni\u0107 zgodno\u015b\u0107 z wysokimi wymaganiami mi\u0119dzynarodowej skali temperatur ITS-90.<\/li>\n<\/ul>\n\n\n\n<p>Dzi\u0119ki produkcji we w\u0142asnej manufakturze mamy pe\u0142n\u0105 kontrol\u0119 nad ca\u0142ym procesem produkcyjnym \u2013 od wyboru materia\u0142\u00f3w po ko\u0144cow\u0105 akredytowan\u0105 kalibracj\u0119. Rezultat: produkt spe\u0142niaj\u0105cy najwy\u017csze wymagania w zakresie techniki pomiarowej.<\/p>\n\n\n\n<h3 class=\"wp-block-heading\"><strong>Kalibracja wt\u00f3rnych SPRT z certyfikatem DAkkS<\/strong><\/h3>\n\n\n\n<p>W naszym w\u0142asnym <strong><a href=\"https:\/\/www.klasmeier.com\/pl\/firma\/portret-firmy\/kalibrierdienst-klasmeier\/\">laboratorium kalibracyjnym posiadaj\u0105cym akredytacj\u0119 DAkkS<\/a><\/strong> oferujemy wysoce precyzyjne us\u0142ugi kalibracji SPRT. Nasza akredytacja gwarantuje, \u017ce ka\u017cda kalibracja jest przeprowadzana zgodnie z mi\u0119dzynarodowymi normami <strong>DIN EN ISO\/IEC 17025<\/strong>. Zapewnia to pe\u0142n\u0105 zgodno\u015b\u0107 z normami krajowymi i mi\u0119dzynarodowymi.<\/p>\n\n\n\n<p><\/p>\n\n\n\n<figure class=\"wp-block-image size-large has-custom-border\"><img data-dominant-color=\"f7f7f8\" data-has-transparency=\"false\" loading=\"lazy\" decoding=\"async\" width=\"1024\" height=\"586\" src=\"https:\/\/www.klasmeier.com\/wp-content\/uploads\/SPRT-217-eXacal-Klasmeier-1024x586.webp\" alt=\"\" class=\"wp-image-11115 not-transparent\" style=\"--dominant-color: #f7f7f8; border-radius:50px\" srcset=\"https:\/\/www.klasmeier.com\/wp-content\/uploads\/SPRT-217-eXacal-Klasmeier-1024x586.webp 1024w, https:\/\/www.klasmeier.com\/wp-content\/uploads\/SPRT-217-eXacal-Klasmeier-300x172.webp 300w, https:\/\/www.klasmeier.com\/wp-content\/uploads\/SPRT-217-eXacal-Klasmeier-768x439.webp 768w, https:\/\/www.klasmeier.com\/wp-content\/uploads\/SPRT-217-eXacal-Klasmeier-1536x879.webp 1536w, https:\/\/www.klasmeier.com\/wp-content\/uploads\/SPRT-217-eXacal-Klasmeier-2048x1172.webp 2048w, https:\/\/www.klasmeier.com\/wp-content\/uploads\/SPRT-217-eXacal-Klasmeier-600x343.webp 600w\" sizes=\"auto, (max-width: 1024px) 100vw, 1024px\" \/><\/figure>\n\n\n\n<div style=\"height:45px\" aria-hidden=\"true\" class=\"wp-block-spacer wp-container-content-95fa6ccb\"><\/div>\n\n\n\n<figure class=\"wp-block-table pttb\"><table class=\"has-fixed-layout\"><tbody><tr><td class=\"has-text-align-center\" data-align=\"center\"><strong>Obszar<\/strong><\/td><td><strong>Sta\u0142e punkty temperatury<\/strong><\/td><td><strong>Niepewno\u015b\u0107 pomiaru<\/strong><\/td><\/tr><tr><td class=\"has-text-align-center\" data-align=\"center\">-38,8344 \u00b0C &#8211; 0,01 \u00b0C<\/td><td>Od rt\u0119ci do wody<\/td><td>3,5 mK<\/td><\/tr><tr><td class=\"has-text-align-center\" data-align=\"center\">0,01 \u00b0C &#8211; 29,7646 \u00b0C<\/td><td>Woda do galu<\/td><td>3,5 mK<\/td><\/tr><tr><td class=\"has-text-align-center\" data-align=\"center\">0,01 \u00b0C &#8211; 156,5985 \u00b0C<\/td><td>Woda do indu<\/td><td>6 mK<\/td><\/tr><tr><td class=\"has-text-align-center\" data-align=\"center\">0,01 \u00b0C &#8211; 231,928 \u00b0C<\/td><td>Woda do cyny<\/td><td>8,5 mK<\/td><\/tr><tr><td class=\"has-text-align-center\" data-align=\"center\">0,01 \u00b0C &#8211; 419,527 \u00b0C<\/td><td>Woda do cynku<\/td><td>12 mK<\/td><\/tr><\/tbody><\/table><figcaption class=\"wp-element-caption\">Podane niepewno\u015bci pomiarowe odpowiadaj\u0105 k=2, obejmuj\u0105 funkcj\u0119 odchylenia ITS-90, samonagrzewanie i histerez\u0119 i s\u0105 podane dla danego zakresu.<\/figcaption><\/figure>\n<\/div>\n\n\n\n<div class=\"wp-block-group is-vertical is-content-justification-center is-layout-flex wp-container-core-group-is-layout-7add347e wp-block-group-is-layout-flex\" style=\"padding-top:var(--wp--preset--spacing--30);padding-bottom:var(--wp--preset--spacing--30)\">\n<h3 class=\"wp-block-heading\">Co sprawia, \u017ce nasza kalibracja jest wyj\u0105tkowa?<\/h3>\n\n\n\n<p><mark style=\"background-color:rgba(0, 0, 0, 0)\" class=\"has-inline-color has-accent-3-color\"><i class=\"fas fa-circle-check\"><\/i><\/mark> <strong>Powtarzalno\u015b\u0107:<\/strong> Dzi\u0119ki naszej akredytacji DAkkS ka\u017cda kalibracja jest bezpo\u015brednio powi\u0105zana z krajowymi i mi\u0119dzynarodowymi wzorcami. Daje to pewno\u015b\u0107, \u017ce wyniki pomiar\u00f3w s\u0105 uznawane na ca\u0142ym \u015bwiecie.<\/p>\n\n\n\n<p><mark style=\"background-color:rgba(0, 0, 0, 0)\" class=\"has-inline-color has-accent-3-color\"><i class=\"fas fa-circle-check\"><\/i><\/mark> <strong>Niepewno\u015b\u0107 pomiaru:<\/strong> Dok\u0142adno\u015b\u0107 naszej kalibracji opiera si\u0119 na dok\u0142adnej ocenie wszystkich element\u00f3w niepewno\u015bci, w tym powtarzalno\u015bci termometru, funkcji odchylenia ITS-90, samonagrzewania si\u0119 i histerezy czujnika.<\/p>\n\n\n\n<p><mark style=\"background-color:rgba(0, 0, 0, 0)\" class=\"has-inline-color has-accent-3-color\"><i class=\"fas fa-circle-check\"><\/i><\/mark> <strong>Zakres zastosowania:<\/strong> Dzi\u0119ki szczeg\u00f3\u0142owym informacjom zawartym w certyfikacie kalibracji mo\u017cna z pe\u0142nym zaufaniem stosowa\u0107 sw\u00f3j wt\u00f3rny SPRT w zakresie temperatur od -38,8344 \u00b0C do 419,527 \u00b0C.<\/p>\n\n\n\n<p>Dowiedz si\u0119 wi\u0119cej o naszym laboratorium kalibracyjnym:<\/p>\n\n\n\n<p><a href=\"https:\/\/www.klasmeier.com\/pl\/serwisie-kalibracyjnym-klasmeier\/kalibracja-standardowych-platynowych-termometrow-rezystancyjnych-sprt\/\">Kalibracja standardowych platynowych termometr\u00f3w oporowych<\/a><\/p>\n<\/div>\n","protected":false},"excerpt":{"rendered":"<p>Model: eXacal 217 Producent: Klasmeier<\/p>\n","protected":false},"featured_media":10308,"template":"","meta":[],"product_brand":[],"product_cat":[],"product_tag":[],"class_list":{"0":"post-10307","1":"product","2":"type-product","3":"status-publish","4":"has-post-thumbnail","7":"first","8":"instock","9":"shipping-taxable","10":"product-type-simple"},"_links":{"self":[{"href":"https:\/\/www.klasmeier.com\/pl\/wp-json\/wp\/v2\/product\/10307","targetHints":{"allow":["GET"]}}],"collection":[{"href":"https:\/\/www.klasmeier.com\/pl\/wp-json\/wp\/v2\/product"}],"about":[{"href":"https:\/\/www.klasmeier.com\/pl\/wp-json\/wp\/v2\/types\/product"}],"wp:featuredmedia":[{"embeddable":true,"href":"https:\/\/www.klasmeier.com\/pl\/wp-json\/wp\/v2\/media\/10308"}],"wp:attachment":[{"href":"https:\/\/www.klasmeier.com\/pl\/wp-json\/wp\/v2\/media?parent=10307"}],"wp:term":[{"taxonomy":"product_brand","embeddable":true,"href":"https:\/\/www.klasmeier.com\/pl\/wp-json\/wp\/v2\/product_brand?post=10307"},{"taxonomy":"product_cat","embeddable":true,"href":"https:\/\/www.klasmeier.com\/pl\/wp-json\/wp\/v2\/product_cat?post=10307"},{"taxonomy":"product_tag","embeddable":true,"href":"https:\/\/www.klasmeier.com\/pl\/wp-json\/wp\/v2\/product_tag?post=10307"}],"curies":[{"name":"wp","href":"https:\/\/api.w.org\/{rel}","templated":true}]}}