{"id":10304,"date":"2024-11-21T09:32:37","date_gmt":"2024-11-21T08:32:37","guid":{"rendered":"https:\/\/www.klasmeier.com\/?post_type=product&#038;p=10304"},"modified":"2025-12-04T11:24:08","modified_gmt":"2025-12-04T10:24:08","slug":"podstawowy-standardowy-platynowy-rezystor-termometryczny-sprt-200-c-do-670-c","status":"publish","type":"product","link":"https:\/\/www.klasmeier.com\/pl\/produkt\/podstawowy-standardowy-platynowy-rezystor-termometryczny-sprt-200-c-do-670-c\/","title":{"rendered":"Podstawowy standardowy platynowy rezystor termometryczny (SPRT) -200 \u00b0C do 670 \u00b0C"},"content":{"rendered":"\n<figure class=\"wp-block-image aligncenter size-full\"><img loading=\"lazy\" decoding=\"async\" width=\"310\" height=\"89\" src=\"https:\/\/www.klasmeier.com\/wp-content\/uploads\/exacal.png\" alt=\"\" class=\"wp-image-10302\" srcset=\"https:\/\/www.klasmeier.com\/wp-content\/uploads\/exacal.png 310w, https:\/\/www.klasmeier.com\/wp-content\/uploads\/exacal-300x86.png 300w\" sizes=\"auto, (max-width: 310px) 100vw, 310px\" \/><\/figure>\n\n\n\n<div class=\"wp-block-columns is-layout-flex wp-container-core-columns-is-layout-28f84493 wp-block-columns-is-layout-flex\">\n<div class=\"wp-block-column is-layout-flow wp-block-column-is-layout-flow\" style=\"flex-basis:66.66%\">\n<p><strong>Model eXacal 230<\/strong> to wysokoprecyzyjny standardowy platynowy rezystor termometryczny (SPRT), zaprojektowany specjalnie do zastosowa\u0144 w laboratoriach metrologicznych. Oferuje wyj\u0105tkow\u0105 stabilno\u015b\u0107, nisk\u0105 niepewno\u015b\u0107 pomiaru i jest idealnie dostosowany do wymaga\u0144 mi\u0119dzynarodowej skali temperatur (ITS-90). Dzi\u0119ki zakresowi pomiarowemu od <strong>-200 \u00b0C do +670 \u00b0C<\/strong> stanowi idealny wyb\u00f3r do kalibracji w badaniach i przemy\u015ble.<\/p>\n\n\n\n<p><strong>W\u0142a\u015bciwo\u015bci<\/strong><\/p>\n\n\n\n<p>\u2022 <strong>Precyzja:<\/strong> Wyj\u0105tkowa dok\u0142adno\u015b\u0107 pomiaru przy minimalnej niepewno\u015bci.<\/p>\n\n\n\n<p>\u2022 <strong>Zakres temperatur:<\/strong> Standardowy platynowy rezystor termometryczny (SPRT) odpowiedni do temperatur <strong>-200 \u00b0C do +670 \u00b0C<\/strong>.<\/p>\n\n\n\n<p>\u2022 <strong>Jako\u015b\u0107:<\/strong> Wykonany z wysokiej czysto\u015bci platyny dla maksymalnej stabilno\u015bci i niezawodno\u015bci.<\/p>\n\n\n\n<p>\u2022 <strong>\u015aladowalno\u015b\u0107:<\/strong> Model eXacal 230 w pe\u0142ni spe\u0142nia wymagania ITS-90.<\/p>\n<\/div>\n\n\n\n<div class=\"wp-block-column is-layout-flow wp-block-column-is-layout-flow\" style=\"flex-basis:33.33%\">\n<figure class=\"wp-block-image size-medium\"><img loading=\"lazy\" decoding=\"async\" width=\"300\" height=\"300\" src=\"https:\/\/www.klasmeier.com\/wp-content\/uploads\/klasmeier_EU_Precision_Thermometry_transparent-300x300.webp\" alt=\"\" class=\"wp-image-13163\" srcset=\"https:\/\/www.klasmeier.com\/wp-content\/uploads\/klasmeier_EU_Precision_Thermometry_transparent-300x300.webp 300w, https:\/\/www.klasmeier.com\/wp-content\/uploads\/klasmeier_EU_Precision_Thermometry_transparent-150x150.webp 150w, https:\/\/www.klasmeier.com\/wp-content\/uploads\/klasmeier_EU_Precision_Thermometry_transparent-768x768.webp 768w, https:\/\/www.klasmeier.com\/wp-content\/uploads\/klasmeier_EU_Precision_Thermometry_transparent-600x600.webp 600w, https:\/\/www.klasmeier.com\/wp-content\/uploads\/klasmeier_EU_Precision_Thermometry_transparent-100x100.webp 100w, https:\/\/www.klasmeier.com\/wp-content\/uploads\/klasmeier_EU_Precision_Thermometry_transparent.webp 1024w\" sizes=\"auto, (max-width: 300px) 100vw, 300px\" \/><\/figure>\n<\/div>\n<\/div>\n\n\n\n<p><strong>Zastosowania<\/strong><\/p>\n\n\n\n<p>\u2022 Kalibracja czujnik\u00f3w przemys\u0142owych i termometr\u00f3w referencyjnych<\/p>\n\n\n\n<p>\u2022 Precyzyjne pomiary temperatury w laboratoriach metrologicznych<\/p>\n\n\n\n<p>\u2022 \u015aladowalno\u015b\u0107 pomiar\u00f3w temperatury wzgl\u0119dem mi\u0119dzynarodowych standard\u00f3w<\/p>\n\n\n\n<h2 class=\"wp-block-heading\">Akredytowana kalibracja zgodnie z DIN EN ISO\/IEC 17025<\/h2>\n\n\n\n<p>W naszym <strong>akredytowanym laboratorium kalibracyjnym zgodnie z DIN EN ISO\/IEC 17025 (DAkkS)<\/strong> kalibrujemy standardowe platynowe rezystory termometryczne (SPRT) z najwy\u017csz\u0105 precyzj\u0105. Do ka\u017cdego skalibrowanego termometru do\u0142\u0105czany jest \u015bwiadectwo kalibracji, dokumentuj\u0105ce \u015bladowalno\u015b\u0107 oraz podan\u0105 niepewno\u015b\u0107 pomiaru.<\/p>\n\n\n\n<h3 class=\"wp-block-heading\">Niepewno\u015b\u0107 pomiaru standardowego platynowego rezystora termometrycznego (SPRT)<\/h3>\n\n\n\n<figure class=\"wp-block-image size-large\"><img data-dominant-color=\"f7f7f8\" data-has-transparency=\"false\" style=\"--dominant-color: #f7f7f8;\" loading=\"lazy\" decoding=\"async\" width=\"1024\" height=\"585\" src=\"https:\/\/www.klasmeier.com\/wp-content\/uploads\/SPRT-230-eXacal-Klasmeier-1024x585.webp\" alt=\"eXacal 230 - Standardowy platynowy rezystor termometryczny\" class=\"wp-image-7766 not-transparent\" srcset=\"https:\/\/www.klasmeier.com\/wp-content\/uploads\/SPRT-230-eXacal-Klasmeier-1024x585.webp 1024w, https:\/\/www.klasmeier.com\/wp-content\/uploads\/SPRT-230-eXacal-Klasmeier-300x171.webp 300w, https:\/\/www.klasmeier.com\/wp-content\/uploads\/SPRT-230-eXacal-Klasmeier-768x439.webp 768w, https:\/\/www.klasmeier.com\/wp-content\/uploads\/SPRT-230-eXacal-Klasmeier-1536x878.webp 1536w, https:\/\/www.klasmeier.com\/wp-content\/uploads\/SPRT-230-eXacal-Klasmeier-2048x1170.webp 2048w, https:\/\/www.klasmeier.com\/wp-content\/uploads\/SPRT-230-eXacal-Klasmeier-600x343.webp 600w\" sizes=\"auto, (max-width: 1024px) 100vw, 1024px\" \/><\/figure>\n\n\n\n<figure class=\"wp-block-table\"><table class=\"has-fixed-layout\"><tbody><tr><td><strong>Zakres<\/strong><\/td><td><strong>Sta\u0142e punkty temperatury<\/strong><\/td><td><strong>Niepewno\u015b\u0107 pomiaru<\/strong><\/td><\/tr><tr><td>-189,3442 \u00b0C \u2013 0,01 \u00b0C<\/td><td>Argon do wody<\/td><td>5,5 mK<\/td><\/tr><tr><td>-38,8344 \u00b0C \u2013 0,01 \u00b0C<\/td><td>Rt\u0119\u0107 do wody<\/td><td>2,5 mK<\/td><\/tr><tr><td>0,01 \u00b0C \u2013 29,7646 \u00b0C<\/td><td>Woda do galu<\/td><td>4,5 mK<\/td><\/tr><tr><td>0,01 \u00b0C \u2013 420,527 \u00b0C<\/td><td>Woda do cynku<\/td><td>4,5 mK<\/td><\/tr><tr><td>0,01 \u00b0C &#8211; 660,323 \u00b0C<\/td><td>Woda do aluminium<\/td><td>7,0 mK<\/td><\/tr><\/tbody><\/table><\/figure>\n\n\n\n<p>Podane niepewno\u015bci pomiarowe odpowiadaj\u0105 k=2, uwzgl\u0119dniaj\u0105 funkcj\u0119 odchylenia ITS-90, samoogrzewanie i histerez\u0119 oraz s\u0105 podane dla odpowiedniego zakresu.<\/p>\n\n\n\n<p>Dowiedz si\u0119 wi\u0119cej o naszym laboratorium kalibracyjnym:<\/p>\n\n\n\n<p><a href=\"https:\/\/www.klasmeier.com\/pl\/serwisie-kalibracyjnym-klasmeier\/kalibracja-standardowych-platynowych-termometrow-rezystancyjnych-sprt\/\">Kalibracja standardowych platynowych rezystor\u00f3w termometrycznych<\/a><\/p>\n\n\n\n<h2 class=\"wp-block-heading\">Czujniki temperatury z naszej w\u0142asnej manufaktury<\/h2>\n\n\n\n<p>Ka\u017cdy czujnik temperatury w modelu eXacal 230 Standardowy Platynowy Rezystor Termometryczny (SPRT) jest produkowany z najwy\u017csz\u0105 staranno\u015bci\u0105 i precyzj\u0105 w naszej w\u0142asnej manufakturze w Fuldzie. Opracowanie i produkcja w\u0142asnych rezystor\u00f3w pomiarowych gwarantuje najwy\u017csz\u0105 jako\u015b\u0107 i niezawodno\u015b\u0107.<\/p>\n\n\n\n<p><strong>Dlaczego manufaktura Klasmeier?<\/strong><br><strong>\u2022 Rzemie\u015blnicza precyzja:<\/strong> Nasze SPRT s\u0105 wykonywane przez do\u015bwiadczonych ekspert\u00f3w, kt\u00f3rzy skrupulatnie monitoruj\u0105 ka\u017cdy detal.<br><strong>\u2022 Indywidualne rozwi\u0105zania:<\/strong> Mo\u017cemy dostosowa\u0107 si\u0119 do specyficznych wymaga\u0144 i tworzy\u0107 czujniki na zam\u00f3wienie.<br><strong>\u2022 Kontrola jako\u015bci:<\/strong> Ka\u017cdy czujnik przechodzi rygorystyczne testy, aby spe\u0142ni\u0107 wysokie wymagania mi\u0119dzynarodowej skali temperatur ITS-90.<\/p>\n\n\n\n<p>Dzi\u0119ki produkcji we w\u0142asnej manufakturze mamy pe\u0142n\u0105 kontrol\u0119 nad ca\u0142ym procesem produkcji \u2013 od wyboru materia\u0142\u00f3w po ko\u0144cow\u0105 akredytowan\u0105 kalibracj\u0119. Efekt: Produkt spe\u0142niaj\u0105cy najwy\u017csze wymagania w metrologii.<\/p>\n","protected":false},"excerpt":{"rendered":"<p>Model: eXacal 230<br \/>\nProducent: Klasmeier<\/p>\n","protected":false},"featured_media":10306,"template":"","meta":[],"product_brand":[],"product_cat":[],"product_tag":[],"class_list":{"0":"post-10304","1":"product","2":"type-product","3":"status-publish","4":"has-post-thumbnail","7":"first","8":"instock","9":"shipping-taxable","10":"product-type-simple"},"_links":{"self":[{"href":"https:\/\/www.klasmeier.com\/pl\/wp-json\/wp\/v2\/product\/10304","targetHints":{"allow":["GET"]}}],"collection":[{"href":"https:\/\/www.klasmeier.com\/pl\/wp-json\/wp\/v2\/product"}],"about":[{"href":"https:\/\/www.klasmeier.com\/pl\/wp-json\/wp\/v2\/types\/product"}],"wp:featuredmedia":[{"embeddable":true,"href":"https:\/\/www.klasmeier.com\/pl\/wp-json\/wp\/v2\/media\/10306"}],"wp:attachment":[{"href":"https:\/\/www.klasmeier.com\/pl\/wp-json\/wp\/v2\/media?parent=10304"}],"wp:term":[{"taxonomy":"product_brand","embeddable":true,"href":"https:\/\/www.klasmeier.com\/pl\/wp-json\/wp\/v2\/product_brand?post=10304"},{"taxonomy":"product_cat","embeddable":true,"href":"https:\/\/www.klasmeier.com\/pl\/wp-json\/wp\/v2\/product_cat?post=10304"},{"taxonomy":"product_tag","embeddable":true,"href":"https:\/\/www.klasmeier.com\/pl\/wp-json\/wp\/v2\/product_tag?post=10304"}],"curies":[{"name":"wp","href":"https:\/\/api.w.org\/{rel}","templated":true}]}}