{"id":15252,"date":"2024-03-25T15:28:01","date_gmt":"2024-03-25T14:28:01","guid":{"rendered":"https:\/\/www.klasmeier.com\/produkty\/termometry-precyzyjne\/"},"modified":"2026-05-12T15:38:32","modified_gmt":"2026-05-12T13:38:32","slug":"termometry-precyzyjne","status":"publish","type":"page","link":"https:\/\/www.klasmeier.com\/pl\/produkty\/termometry-precyzyjne\/","title":{"rendered":"Termometry precyzyjne"},"content":{"rendered":"\n<div class=\"wp-block-group alignfull has-global-padding is-layout-constrained wp-container-core-group-is-layout-d5d53815 wp-block-group-is-layout-constrained\" style=\"margin-top:0;margin-bottom:0;padding-top:var(--wp--preset--spacing--30);padding-right:var(--wp--preset--spacing--30);padding-bottom:var(--wp--preset--spacing--30);padding-left:var(--wp--preset--spacing--30)\">\n<figure class=\"wp-block-image aligncenter size-full is-resized has-custom-border hvr-grow\"><img loading=\"lazy\" decoding=\"async\" width=\"1280\" height=\"491\" src=\"https:\/\/www.klasmeier.com\/wp-content\/uploads\/2024\/03\/eXacal-Koffer-mit-Thermoelement.png\" alt=\"\" class=\"wp-image-1931\" style=\"border-radius:50px;width:1280px\" srcset=\"https:\/\/www.klasmeier.com\/wp-content\/uploads\/2024\/03\/eXacal-Koffer-mit-Thermoelement.png 1280w, https:\/\/www.klasmeier.com\/wp-content\/uploads\/2024\/03\/eXacal-Koffer-mit-Thermoelement-300x115.png 300w, https:\/\/www.klasmeier.com\/wp-content\/uploads\/2024\/03\/eXacal-Koffer-mit-Thermoelement-1024x393.png 1024w, https:\/\/www.klasmeier.com\/wp-content\/uploads\/2024\/03\/eXacal-Koffer-mit-Thermoelement-768x295.png 768w, https:\/\/www.klasmeier.com\/wp-content\/uploads\/2024\/03\/eXacal-Koffer-mit-Thermoelement-600x230.png 600w\" sizes=\"auto, (max-width: 1280px) 100vw, 1280px\" \/><\/figure>\n<\/div>\n\n<div class=\"wp-block-group alignfull has-global-padding is-layout-constrained wp-container-core-group-is-layout-c8acb7ff wp-block-group-is-layout-constrained\" style=\"margin-top:0;margin-bottom:0;padding-top:var(--wp--preset--spacing--30);padding-right:var(--wp--preset--spacing--30);padding-bottom:var(--wp--preset--spacing--30);padding-left:var(--wp--preset--spacing--30)\">\n<h2 class=\"wp-block-heading alignwide has-text-align-center\"><strong>Termometry precyzyjne<\/strong><\/h2>\n\n\n\n<h3 class=\"wp-block-heading has-text-align-center\">Termometry rezystancyjne i termopary<\/h3>\n\n\n\n<p>Nasze wysokiej jako\u015bci termometry s\u0105 dost\u0119pne w dw\u00f3ch obszarach produktowych: termometry precyzyjne jako termometry rezystancyjne oraz termopary. W Klasmeier dystrybuujemy termometry precyzyjne dw\u00f3ch renomowanych marek: <a href=\"https:\/\/www.klasmeier.com\/pl\/exacal\/\">eXacal<\/a> i <a href=\"https:\/\/www.klasmeier.com\/pl\/termometry-isotech\/\">ISOTECH<\/a>. Nasze termometry charakteryzuj\u0105 si\u0119 najwy\u017csz\u0105 precyzj\u0105 i jako\u015bci\u0105 oraz s\u0105 wzorcowane w naszym w\u0142asnym <a href=\"https:\/\/www.klasmeier.com\/pl\/serwisie-kalibracyjnym-klasmeier\/\">laboratorium wzorcuj\u0105cym zgodnie z DAkkS (DIN EN ISO\/IEC 17025)<\/a>.  <\/p>\n<\/div>\n\n<div class=\"wp-block-group alignfull has-global-padding is-layout-constrained wp-container-core-group-is-layout-80fb368b wp-block-group-is-layout-constrained\" style=\"padding-top:var(--wp--preset--spacing--30);padding-right:var(--wp--preset--spacing--30);padding-bottom:var(--wp--preset--spacing--30);padding-left:var(--wp--preset--spacing--30)\">\n<h2 class=\"wp-block-heading has-text-align-center\"><strong>Szczeg\u00f3\u0142owe informacje o naszych obu markach<\/strong><\/h2>\n\n\n\n<div class=\"wp-block-columns alignwide is-layout-flex wp-container-core-columns-is-layout-5d045043 wp-block-columns-is-layout-flex\" style=\"padding-top:var(--wp--preset--spacing--30);padding-bottom:var(--wp--preset--spacing--30)\">\n<div class=\"wp-block-column is-vertically-aligned-stretch is-layout-flow wp-block-column-is-layout-flow\" style=\"padding-top:0;padding-right:0;padding-bottom:0;padding-left:0\">\n<div class=\"wp-block-group hvr-grow has-accent-background-color has-background is-vertical is-content-justification-stretch is-layout-flex wp-container-core-group-is-layout-41ec66f3 wp-block-group-is-layout-flex\" style=\"border-radius:50px;padding-top:var(--wp--preset--spacing--30);padding-right:var(--wp--preset--spacing--30);padding-bottom:var(--wp--preset--spacing--30);padding-left:var(--wp--preset--spacing--30)\">\n<figure class=\"wp-block-image size-full is-resized has-custom-border\"><a href=\"https:\/\/www.klasmeier.com\/pl\/termometry-isotech\/\"><img loading=\"lazy\" decoding=\"async\" width=\"489\" height=\"67\" src=\"https:\/\/www.klasmeier.com\/wp-content\/uploads\/2024\/03\/ISOTECH-Logo-1.png\" alt=\"\" class=\"wp-image-1940\" style=\"border-radius:50px;width:547px;height:auto\" srcset=\"https:\/\/www.klasmeier.com\/wp-content\/uploads\/2024\/03\/ISOTECH-Logo-1.png 489w, https:\/\/www.klasmeier.com\/wp-content\/uploads\/2024\/03\/ISOTECH-Logo-1-300x41.png 300w\" sizes=\"auto, (max-width: 489px) 100vw, 489px\" \/><\/a><\/figure>\n\n\n\n<h3 class=\"wp-block-heading has-text-align-center\">Termometry precyzyjne ISOTECH<\/h3>\n\n\n\n<p><a href=\"https:\/\/www.klasmeier.com\/pl\/termometry-isotech\/\">ISOTECH<\/a> to renomowany producent markowych produkt\u00f3w do wzorcowania temperatury. Dzi\u0119ki ponad 40-letniemu do\u015bwiadczeniu w produkcji termometr\u00f3w, ISOTECH oferuje wszystko, co jest potrzebne \u2013 od przemys\u0142owych pomiar\u00f3w temperatury po wysokiej klasy wzorcowanie temperatury w punktach sta\u0142ych.  <\/p>\n\n\n\n<p>Produkty ISOTECH s\u0105 dystrybuowane na ca\u0142ym \u015bwiecie poprzez rozbudowan\u0105 sie\u0107 sprzeda\u017cy i znajduj\u0105 zastosowanie w najr\u00f3\u017cniejszych obszarach.<\/p>\n\n\n\n<p class=\"has-text-align-left\"><strong>Nasza oferta obejmuje:<\/strong><\/p>\n\n\n\n<p class=\"has-text-align-left\"><mark style=\"background-color:rgba(0, 0, 0, 0);color:#dd3333\" class=\"has-inline-color\"><i class=\"fas fa-circle-check\"><\/i><\/mark> <strong>Platynowe termometry rezystancyjne wzorcowe SPRT ITS-90<\/strong><br\/><mark style=\"background-color:rgba(0, 0, 0, 0);color:#dd3333\" class=\"has-inline-color\"><i class=\"fas fa-circle-check\"><\/i><\/mark> <strong>Termopary z metali szlachetnych typu R\/S, Pt\/Au i Pt\/PD<\/strong><br\/><mark style=\"background-color:rgba(0, 0, 0, 0);color:#dd3333\" class=\"has-inline-color\"><i class=\"fas fa-circle-check\"><\/i><\/mark> <strong>Termometry wzorcowe klasy Semi-Standard do zastosowa\u0144 przemys\u0142owych<\/strong><\/p>\n\n\n\n<div class=\"wp-block-buttons is-content-justification-center is-layout-flex wp-container-core-buttons-is-layout-a89b3969 wp-block-buttons-is-layout-flex\">\n<div class=\"wp-block-button hvr-shrink is-style-outline is-style-outline--1\"><a class=\"wp-block-button__link wp-element-button\" href=\"https:\/\/www.klasmeier.com\/pl\/termometry-isotech\/\">Do termometr\u00f3w ISOTECH<\/a><\/div>\n<\/div>\n<\/div>\n<\/div>\n\n\n\n<div class=\"wp-block-column is-layout-flow wp-block-column-is-layout-flow\" style=\"padding-top:0;padding-right:0;padding-bottom:0;padding-left:0\">\n<div class=\"wp-block-group hvr-grow has-accent-background-color has-background is-vertical is-content-justification-stretch is-layout-flex wp-container-core-group-is-layout-21c4ce27 wp-block-group-is-layout-flex\" style=\"border-radius:50px;padding-top:var(--wp--preset--spacing--30);padding-right:var(--wp--preset--spacing--30);padding-bottom:var(--wp--preset--spacing--30);padding-left:var(--wp--preset--spacing--30)\">\n<figure class=\"wp-block-image size-full is-resized\"><a href=\"https:\/\/www.klasmeier.com\/pl\/exacal\/\"><img loading=\"lazy\" decoding=\"async\" width=\"489\" height=\"89\" src=\"https:\/\/www.klasmeier.com\/wp-content\/uploads\/2024\/03\/exacal-Logo.png\" alt=\"\" class=\"wp-image-1947\" style=\"width:544px;height:auto\" srcset=\"https:\/\/www.klasmeier.com\/wp-content\/uploads\/2024\/03\/exacal-Logo.png 489w, https:\/\/www.klasmeier.com\/wp-content\/uploads\/2024\/03\/exacal-Logo-300x55.png 300w\" sizes=\"auto, (max-width: 489px) 100vw, 489px\" \/><\/a><\/figure>\n\n\n\n<h3 class=\"wp-block-heading has-text-align-center\">Termometry precyzyjne eXacal<\/h3>\n\n\n\n<p>Termometry precyzyjne <a href=\"https:\/\/www.klasmeier.com\/pl\/exacal\/\">eXacal<\/a> zosta\u0142y zaprojektowane specjalnie do precyzyjnych pomiar\u00f3w temperatury oraz jako wzorce kalibracyjne. S\u0105 one wytwarzane r\u0119cznie w naszej w\u0142asnej <a href=\"https:\/\/www.klasmeier.com\/pl\/manufaktura-termometrow\/\">manufakturze termometr\u00f3w<\/a>, a nast\u0119pnie wzorcowane w naszym <a href=\"https:\/\/www.klasmeier.com\/pl\/serwisie-kalibracyjnym-klasmeier\/\">laboratorium wzorcuj\u0105cym DAkkS zgodnie z DIN IEC 17025<\/a>.  <\/p>\n\n\n\n<p><mark style=\"background-color:rgba(0, 0, 0, 0);color:#dd3333\" class=\"has-inline-color\"><i class=\"fas fa-circle-check\"><\/i><\/mark> <strong>Platynowe termometry rezystancyjne wzorcowe (SPRT):<\/strong> wysokoprecyzyjne czujniki referencyjne s\u0142u\u017c\u0105ce do zapewnienia sp\u00f3jno\u015bci pomiarowej pomiar\u00f3w temperatury z Mi\u0119dzynarodow\u0105 Skal\u0105 Temperatury ITS-90, stosowane w laboratoriach wzorcuj\u0105cych i metrologii. <br\/><mark style=\"background-color:rgba(0, 0, 0, 0);color:#dd3333\" class=\"has-inline-color\"><i class=\"fas fa-circle-check\"><\/i><\/mark> <strong>Termometry precyzyjne:<\/strong> idealne jako wzorce temperatury podczas wzorcowania lub do dok\u0142adnych pomiar\u00f3w temperatury. <br\/><mark style=\"background-color:rgba(0, 0, 0, 0);color:#dd3333\" class=\"has-inline-color\"><i class=\"fas fa-circle-check\"><\/i><\/mark> <strong>Przemys\u0142owe termometry referencyjne (Pt100 i termopary z metali szlachetnych):<\/strong> idealnie nadaj\u0105 si\u0119 do zastosowa\u0144 przemys\u0142owych, np. w suchych kalibratorach blokowych.<br\/><mark style=\"background-color:rgba(0, 0, 0, 0);color:#dd3333\" class=\"has-inline-color\"><i class=\"fas fa-circle-check\"><\/i><\/mark> <strong>Konstrukcje specjalne:<\/strong> produkujemy termometry precyzyjne r\u00f3wnie\u017c wed\u0142ug indywidualnych wymaga\u0144.<\/p>\n\n\n\n<div class=\"wp-block-buttons is-content-justification-center is-layout-flex wp-container-core-buttons-is-layout-a89b3969 wp-block-buttons-is-layout-flex\">\n<div class=\"wp-block-button hvr-shrink is-style-outline is-style-outline--2\"><a class=\"wp-block-button__link wp-element-button\" href=\"https:\/\/www.klasmeier.com\/pl\/exacal\/\">Do termometr\u00f3w eXacal<\/a><\/div>\n<\/div>\n<\/div>\n<\/div>\n<\/div>\n\n\n\n<div class=\"wp-block-group alignwide has-global-padding is-layout-constrained wp-block-group-is-layout-constrained\">\n<div class=\"wp-block-group alignwide hvr-grow has-accent-background-color has-background has-global-padding is-layout-constrained wp-container-core-group-is-layout-70cf6c39 wp-block-group-is-layout-constrained\" style=\"border-radius:50px;margin-top:var(--wp--preset--spacing--30);margin-bottom:var(--wp--preset--spacing--30);padding-top:var(--wp--preset--spacing--30);padding-right:var(--wp--preset--spacing--30);padding-bottom:var(--wp--preset--spacing--30);padding-left:var(--wp--preset--spacing--30)\">\n<h3 class=\"wp-block-heading has-text-align-center\">Jako\u015b\u0107 spotyka si\u0119 z serwisem:<br\/>Termometry z pakietem \u201ekompleksowej opieki\u201d<\/h3>\n\n\n\n<p>Nasza oferta obejmuje nie tylko sprzeda\u017c termometr\u00f3w, ale tak\u017ce kompleksowy serwis. <br\/>Je\u015bli kt\u00f3ry\u015b z naszych <strong>termometr\u00f3w<\/strong> ulegnie awarii, mog\u0105 go Pa\u0144stwo <strong>odda\u0107 do naprawy w naszej w\u0142asnej <a href=\"https:\/\/www.klasmeier.com\/pl\/manufaktura-termometrow\/naprawa-termometrow\/\">manufakturze termometr\u00f3w<\/a><\/strong>. Oferujemy zatem korzystny pakiet ca\u0142o\u015bciowy, a nie tylko dystrybucj\u0119 produkt\u00f3w. <\/p>\n\n\n\n<p>Nasza wieloletnia wiedza specjalistyczna opiera si\u0119 na <strong>ponad 20-letnim do\u015bwiadczeniu praktycznym w wzorcowaniu termometr\u00f3w precyzyjnych<\/strong> w punktach sta\u0142ych temperatury w naszym <a href=\"https:\/\/www.klasmeier.com\/pl\/serwisie-kalibracyjnym-klasmeier\/\"><strong>laboratorium wzorcuj\u0105cym<\/strong><\/a>. Nasi klienci korzystaj\u0105 z tego bogatego do\u015bwiadczenia i mog\u0105 mie\u0107 pewno\u015b\u0107, \u017ce ich termometry zawsze spe\u0142niaj\u0105 najwy\u017csze standardy. <\/p>\n<\/div>\n<\/div>\n<\/div>\n\n<div class=\"wp-block-group alignfull has-global-padding is-layout-constrained wp-container-core-group-is-layout-ff778368 wp-block-group-is-layout-constrained\" style=\"padding-right:var(--wp--preset--spacing--30);padding-left:var(--wp--preset--spacing--30)\">\n<h2 class=\"wp-block-heading has-text-align-center\"><strong>Zalety naszych termometr\u00f3w<\/strong><\/h2>\n\n\n\n<div class=\"wp-block-columns alignwide are-vertically-aligned-top is-layout-flex wp-container-core-columns-is-layout-38638728 wp-block-columns-is-layout-flex\" style=\"margin-top:var(--wp--preset--spacing--40);margin-bottom:var(--wp--preset--spacing--40);padding-top:0;padding-right:0;padding-bottom:0;padding-left:0\">\n<div class=\"wp-block-column is-vertically-aligned-top hvr-grow is-layout-flow wp-block-column-is-layout-flow\" style=\"padding-top:0;padding-bottom:0\">\n<div class=\"wp-block-group has-accent-background-color has-background is-vertical is-content-justification-center is-layout-flex wp-container-core-group-is-layout-4fac4482 wp-block-group-is-layout-flex\" style=\"border-radius:50px;padding-top:var(--wp--preset--spacing--30);padding-right:var(--wp--preset--spacing--30);padding-bottom:var(--wp--preset--spacing--30);padding-left:var(--wp--preset--spacing--30)\">\n<p><mark style=\"background-color:rgba(0, 0, 0, 0);color:#dd3333\" class=\"has-inline-color\"><i class=\"fas fa-temperature-half fa-6x\"><\/i><\/mark><\/p>\n\n\n\n<p class=\"has-text-align-left\"><mark style=\"background-color:rgba(0, 0, 0, 0);color:#dd3333\" class=\"has-inline-color\"><i class=\"fas fa-circle-check\"><\/i><\/mark> <strong>Najwy\u017csza precyzja i jako\u015b\u0107:<\/strong> Nasze termometry wyr\u00f3\u017cniaj\u0105 si\u0119 precyzj\u0105 i jako\u015bci\u0105. Osi\u0105gamy to dzi\u0119ki starannej pracy r\u0119cznej i wieloletniemu do\u015bwiadczeniu w naszej <a href=\"https:\/\/www.klasmeier.com\/pl\/manufaktura-termometrow\/\">manufakturze<\/a> \u2013 aby mogli Pa\u0144stwo polega\u0107 na dok\u0142adnych wynikach pomiar\u00f3w. <br\/><mark style=\"background-color:rgba(0, 0, 0, 0);color:#dd3333\" class=\"has-inline-color\"><i class=\"fas fa-circle-check\"><\/i><\/mark> <strong>Pe\u0142na gama us\u0142ug:<\/strong> Oferujemy nie tylko sprzeda\u017c termometr\u00f3w. Nasz serwis obejmuje r\u00f3wnie\u017c <strong>wzorcowanie zgodnie z DAkkS<\/strong> (DIN EN ISO\/IEC 17025) <strong>oraz naprawy<\/strong> w naszej manufakturze termometr\u00f3w. Dzi\u0119ki temu maj\u0105 Pa\u0144stwo niezawodny punkt kontaktowy dla wszystkich potrzeb zwi\u0105zanych z termometrami.  <br\/><mark style=\"background-color:rgba(0, 0, 0, 0);color:#dd3333\" class=\"has-inline-color\"><i class=\"fas fa-circle-check\"><\/i><\/mark> <strong>Sp\u00f3jno\u015b\u0107 pomiarowa:<\/strong> Dzi\u0119ki wzorcowaniu w naszym <a href=\"https:\/\/www.klasmeier.com\/pl\/serwisie-kalibracyjnym-klasmeier\/\">laboratorium DAkkS<\/a> nasze termometry zachowuj\u0105 <strong>sp\u00f3jno\u015b\u0107 pomiarow\u0105 zgodnie z DIN IEC 17025<\/strong> z wzorcami mi\u0119dzynarodowymi. <br\/><mark style=\"background-color:rgba(0, 0, 0, 0);color:#dd3333\" class=\"has-inline-color\"><i class=\"fas fa-circle-check\"><\/i><\/mark> <strong>Elastyczne dopasowanie:<\/strong> Oferujemy rozwi\u0105zania szyte na miar\u0119 Pa\u0144stwa potrzeb. Niezale\u017cnie od tego, czy chodzi o <strong>konstrukcje specjalne, czy specyficzne wymagania dotycz\u0105ce termometr\u00f3w<\/strong> \u2013 jeste\u015bmy w stanie je zrealizowa\u0107. <\/p>\n<\/div>\n<\/div>\n\n\n\n<div class=\"wp-block-column is-vertically-aligned-top hvr-grow is-layout-flow wp-block-column-is-layout-flow\">\n<div class=\"wp-block-group has-accent-background-color has-background is-vertical is-content-justification-center is-layout-flex wp-container-core-group-is-layout-4fac4482 wp-block-group-is-layout-flex\" style=\"border-radius:50px;padding-top:var(--wp--preset--spacing--30);padding-right:var(--wp--preset--spacing--30);padding-bottom:var(--wp--preset--spacing--30);padding-left:var(--wp--preset--spacing--30)\">\n<p><mark style=\"background-color:rgba(0, 0, 0, 0);color:#dd3333\" class=\"has-inline-color\"><i class=\"fas fa-handshake fa-6x\"><\/i><\/mark><\/p>\n\n\n\n<p class=\"has-text-align-left\"><mark style=\"background-color:rgba(0, 0, 0, 0);color:#dd3333\" class=\"has-inline-color\"><i class=\"fas fa-circle-check\"><\/i><\/mark> <strong>Szeroka gama produkt\u00f3w:<\/strong> Dzi\u0119ki naszym dw\u00f3m markom, eXacal i ISOTECH, mog\u0105 Pa\u0144stwo <strong>wybiera\u0107 z szerokiej palety produkt\u00f3w<\/strong>. Niezale\u017cnie od tego, czy potrzebuj\u0105 Pa\u0144stwo wysokoprecyzyjnych pomiar\u00f3w temperatury w przemy\u015ble, badaniach czy innych zastosowaniach, mamy dla Pa\u0144stwa odpowiednie rozwi\u0105zanie. <br\/><mark style=\"background-color:rgba(0, 0, 0, 0);color:#dd3333\" class=\"has-inline-color\"><i class=\"fas fa-circle-check\"><\/i><\/mark> <strong>Doradztwo dla klient\u00f3w:<\/strong> Nasi <strong>eksperci s\u0142u\u017c\u0105 swoj\u0105 wiedz\u0105 specjalistyczn\u0105<\/strong>, aby wesprze\u0107 Pa\u0144stwa w wyborze odpowiedniego termometru oraz we wszelkich kwestiach dotycz\u0105cych wzorcowania temperatury. Zawsze d\u0105\u017cymy do zapewnienia Pa\u0144stwu najlepszego mo\u017cliwego doradztwa. <br\/><mark style=\"background-color:rgba(0, 0, 0, 0);color:#dd3333\" class=\"has-inline-color\"><i class=\"fas fa-circle-check\"><\/i><\/mark> <strong>Zaufany partner:<\/strong> Dzi\u0119ki d\u0142ugiej historii w dziedzinie techniki pomiaru temperatury i wzorcowania jeste\u015bmy <strong>zaufanym partnerem dla firm, instytucji badawczych i laboratori\u00f3w<\/strong> na ca\u0142ym \u015bwiecie. <br\/>Mog\u0105 Pa\u0144stwo liczy\u0107 na nasz\u0105 niezawodno\u015b\u0107 i zaanga\u017cowanie w najwy\u017csz\u0105 jako\u015b\u0107.<\/p>\n<\/div>\n<\/div>\n<\/div>\n<\/div>\n\n<div class=\"wp-block-group alignfull has-global-padding is-layout-constrained wp-container-core-group-is-layout-0c8379ad wp-block-group-is-layout-constrained\" style=\"margin-top:var(--wp--preset--spacing--30);margin-bottom:var(--wp--preset--spacing--30);padding-top:var(--wp--preset--spacing--20);padding-right:var(--wp--preset--spacing--30);padding-bottom:var(--wp--preset--spacing--20);padding-left:var(--wp--preset--spacing--30)\">\n<div class=\"wp-block-columns alignwide hvr-grow has-accent-background-color has-background is-layout-flex wp-container-core-columns-is-layout-6e1574cc wp-block-columns-is-layout-flex\" style=\"border-radius:50px;margin-top:var(--wp--preset--spacing--40);margin-bottom:var(--wp--preset--spacing--40);padding-top:var(--wp--preset--spacing--30);padding-right:var(--wp--preset--spacing--30);padding-bottom:var(--wp--preset--spacing--30);padding-left:var(--wp--preset--spacing--30)\">\n<div class=\"wp-block-column is-vertically-aligned-center is-layout-flow wp-container-core-column-is-layout-f5bb311e wp-block-column-is-layout-flow\">\n<h2 class=\"wp-block-heading has-text-align-center\">Nicht das richtige Produkt f\u00fcr Sie?<\/h2>\n\n\n\n<div class=\"wp-block-buttons is-content-justification-center is-layout-flex wp-container-core-buttons-is-layout-a89b3969 wp-block-buttons-is-layout-flex\">\n<div class=\"wp-block-button hvr-shrink is-style-outline is-style-outline--3\"><a class=\"wp-block-button__link wp-element-button\" href=\"\/shop\/\">-> Hier geht&#8217;s zur\u00fcck zur \u00dcbersicht<\/a><\/div>\n<\/div>\n<\/div>\n<\/div>\n<\/div>\n","protected":false},"excerpt":{"rendered":"<p>Termometry precyzyjne Termometry rezystancyjne i termopary Nasze wysokiej jako\u015bci termometry s\u0105 dost\u0119pne w dw\u00f3ch obszarach produktowych: termometry precyzyjne jako termometry rezystancyjne oraz termopary. W Klasmeier dystrybuujemy termometry precyzyjne dw\u00f3ch renomowanych marek: eXacal i ISOTECH. Nasze termometry charakteryzuj\u0105 si\u0119 najwy\u017csz\u0105 precyzj\u0105 i jako\u015bci\u0105 oraz s\u0105 wzorcowane w naszym w\u0142asnym laboratorium wzorcuj\u0105cym zgodnie z DAkkS (DIN EN [&hellip;]<\/p>\n","protected":false},"author":4,"featured_media":0,"parent":10034,"menu_order":0,"comment_status":"closed","ping_status":"closed","template":"","meta":{"footnotes":""},"class_list":["post-15252","page","type-page","status-publish","hentry"],"_links":{"self":[{"href":"https:\/\/www.klasmeier.com\/pl\/wp-json\/wp\/v2\/pages\/15252","targetHints":{"allow":["GET"]}}],"collection":[{"href":"https:\/\/www.klasmeier.com\/pl\/wp-json\/wp\/v2\/pages"}],"about":[{"href":"https:\/\/www.klasmeier.com\/pl\/wp-json\/wp\/v2\/types\/page"}],"author":[{"embeddable":true,"href":"https:\/\/www.klasmeier.com\/pl\/wp-json\/wp\/v2\/users\/4"}],"replies":[{"embeddable":true,"href":"https:\/\/www.klasmeier.com\/pl\/wp-json\/wp\/v2\/comments?post=15252"}],"version-history":[{"count":1,"href":"https:\/\/www.klasmeier.com\/pl\/wp-json\/wp\/v2\/pages\/15252\/revisions"}],"predecessor-version":[{"id":15253,"href":"https:\/\/www.klasmeier.com\/pl\/wp-json\/wp\/v2\/pages\/15252\/revisions\/15253"}],"up":[{"embeddable":true,"href":"https:\/\/www.klasmeier.com\/pl\/wp-json\/wp\/v2\/pages\/10034"}],"wp:attachment":[{"href":"https:\/\/www.klasmeier.com\/pl\/wp-json\/wp\/v2\/media?parent=15252"}],"curies":[{"name":"wp","href":"https:\/\/api.w.org\/{rel}","templated":true}]}}