{"id":10299,"date":"2024-04-20T16:02:06","date_gmt":"2024-04-20T14:02:06","guid":{"rendered":"https:\/\/www.klasmeier.com\/?page_id=10299"},"modified":"2025-04-02T11:44:04","modified_gmt":"2025-04-02T09:44:04","slug":"rezystory-pomiarowe-od-klasmeier","status":"publish","type":"page","link":"https:\/\/www.klasmeier.com\/pl\/rezystory-pomiarowe-od-klasmeier\/","title":{"rendered":"Rezystory pomiarowe od Klasmeier"},"content":{"rendered":"\n<div class=\"wp-block-cover alignfull has-base-2-color has-text-color has-link-color wp-elements-08c71ec7e52618be644261dc8c18fd84\"><span aria-hidden=\"true\" class=\"wp-block-cover__background has-contrast-background-color has-background-dim\"><\/span><img loading=\"lazy\" decoding=\"async\" width=\"1600\" height=\"762\" class=\"wp-block-cover__image-background wp-image-2712\" alt=\"\" src=\"https:\/\/www.klasmeier.com\/wp-content\/uploads\/Messwiderstaende-von-Klasmeier.png\" data-object-fit=\"cover\" srcset=\"https:\/\/www.klasmeier.com\/wp-content\/uploads\/Messwiderstaende-von-Klasmeier.png 1600w, https:\/\/www.klasmeier.com\/wp-content\/uploads\/Messwiderstaende-von-Klasmeier-300x143.png 300w, https:\/\/www.klasmeier.com\/wp-content\/uploads\/Messwiderstaende-von-Klasmeier-1024x488.png 1024w, https:\/\/www.klasmeier.com\/wp-content\/uploads\/Messwiderstaende-von-Klasmeier-768x366.png 768w, https:\/\/www.klasmeier.com\/wp-content\/uploads\/Messwiderstaende-von-Klasmeier-1536x732.png 1536w, https:\/\/www.klasmeier.com\/wp-content\/uploads\/Messwiderstaende-von-Klasmeier-600x286.png 600w\" sizes=\"auto, (max-width: 1600px) 100vw, 1600px\" \/><div class=\"wp-block-cover__inner-container is-layout-flow wp-block-cover-is-layout-flow\">\n<h2 class=\"wp-block-heading has-text-align-center hm2\"><strong>Rezystory pomiarowe<\/strong><\/h2>\n<\/div><\/div>\n\n\n\n<div class=\"wp-block-group alignfull has-global-padding is-layout-constrained wp-container-core-group-is-layout-7a94f013 wp-block-group-is-layout-constrained\" style=\"padding-top:var(--wp--preset--spacing--30);padding-right:var(--wp--preset--spacing--30);padding-bottom:var(--wp--preset--spacing--30);padding-left:var(--wp--preset--spacing--30)\">\n<figure class=\"wp-block-image aligncenter size-full hvr-grow\"><img loading=\"lazy\" decoding=\"async\" width=\"310\" height=\"89\" src=\"https:\/\/www.klasmeier.com\/wp-content\/uploads\/exacal.png\" alt=\"\" class=\"wp-image-2716\" srcset=\"https:\/\/www.klasmeier.com\/wp-content\/uploads\/exacal.png 310w, https:\/\/www.klasmeier.com\/wp-content\/uploads\/exacal-300x86.png 300w\" sizes=\"auto, (max-width: 310px) 100vw, 310px\" \/><\/figure>\n\n\n\n<h3 class=\"wp-block-heading alignwide has-text-align-center\" style=\"line-height:1.7\"><strong>Rezystory pomiarowe od Klasmeier<br><\/strong>Precyzja w najdrobniejszych szczeg\u00f3\u0142ach<\/h3>\n\n\n\n<p>W \u015bwiecie termometrii&nbsp;<strong>precyzja rezystora pomiarowego<\/strong>&nbsp;jest&nbsp;<strong>kluczowym czynnikiem dok\u0142adno\u015bci i niezawodno\u015bci<\/strong>termometru. Jako specjali\u015bci w zakresie precyzyjnego pomiaru temperatury, nasza manufaktura termometr\u00f3w nale\u017cy do nielicznych globalnych producent\u00f3w, kt\u00f3rzy&nbsp;<strong>samodzielnie opracowuj\u0105 i produkuj\u0105 rezystory pomiarowe<\/strong>&nbsp;\u2013 znak rozpoznawczy, kt\u00f3ry nas wyr\u00f3\u017cnia i podkre\u015bla nasze d\u0105\u017cenie do najwy\u017cszej jako\u015bci oraz indywidualnego dopasowania.<\/p>\n\n\n\n<p>Rezystory pomiarowe eXacal reprezentuj\u0105 nasze do\u015bwiadczenie i koncentracj\u0119 na wysokiej precyzji pomiaru temperatury,&nbsp;<strong>zgodne<\/strong><br><strong>z Mi\u0119dzynarodow\u0105 Skal\u0105 Temperatur z 1990 roku (ITS-90)<\/strong>&nbsp;i niezale\u017cne od konwencjonalnej normy DIN EN 60751. Z zakresem<br><strong>temperatur od -200 \u00b0C do 670 \u00b0C<\/strong>&nbsp;obejmujemy istotne zakresy kalibracji ITS-90, od punkt\u00f3w sta\u0142ych<br>argonu po aluminium.<\/p>\n\n\n\n<div class=\"wp-block-columns alignwide are-vertically-aligned-top is-layout-flex wp-container-core-columns-is-layout-10a0583f wp-block-columns-is-layout-flex\" style=\"margin-top:var(--wp--preset--spacing--40);margin-bottom:var(--wp--preset--spacing--40);padding-top:0;padding-right:0;padding-bottom:var(--wp--preset--spacing--20);padding-left:0\">\n<div class=\"wp-block-column is-vertically-aligned-top hvr-grow is-layout-flow wp-block-column-is-layout-flow\" style=\"padding-top:0;padding-bottom:0\">\n<div class=\"wp-block-group has-accent-background-color has-background is-vertical is-content-justification-center is-layout-flex wp-container-core-group-is-layout-348d87aa wp-block-group-is-layout-flex\" style=\"border-radius:50px;padding-top:var(--wp--preset--spacing--30);padding-right:var(--wp--preset--spacing--30);padding-bottom:var(--wp--preset--spacing--30);padding-left:var(--wp--preset--spacing--30)\">\n<p><mark style=\"background-color:rgba(0, 0, 0, 0);color:#dd3333\" class=\"has-inline-color\"><i class=\"fas fa-check fa-6x\"><\/i><\/mark><\/p>\n\n\n\n<h2 class=\"wp-block-heading has-text-align-center\" style=\"font-size:clamp(0.984rem, 0.984rem + ((1vw - 0.2rem) * 0.86), 1.5rem);\"><strong>Nasze rezystory pomiarowe eXacal charakteryzuj\u0105 si\u0119:<\/strong><\/h2>\n\n\n\n<p class=\"has-text-align-left\"><strong><mark style=\"background-color:rgba(0, 0, 0, 0);color:#dd3333\" class=\"has-inline-color\"><i class=\"fas fa-circle-check\"><\/i><\/mark> <strong>Najwy\u017csz\u0105 stabilno\u015bci\u0105<\/strong><br><mark style=\"background-color:rgba(0, 0, 0, 0);color:#dd3333\" class=\"has-inline-color\"><i class=\"fas fa-circle-check\"><\/i><\/mark> <strong>Doskona\u0142\u0105 powtarzalno\u015bci\u0105 pomiar\u00f3w<\/strong><br><mark style=\"background-color:rgba(0, 0, 0, 0);color:#dd3333\" class=\"has-inline-color\"><i class=\"fas fa-circle-check\"><\/i><\/mark> <strong>Minimalnym efektem samonagrzewania<\/strong><br><mark style=\"background-color:rgba(0, 0, 0, 0);color:#dd3333\" class=\"has-inline-color\"><i class=\"fas fa-circle-check\"><\/i><\/mark> <strong>Nisk\u0105 histerez\u0105<\/strong><br><mark style=\"background-color:rgba(0, 0, 0, 0);color:#dd3333\" class=\"has-inline-color\"><i class=\"fas fa-circle-check\"><\/i><\/mark> <strong>Zgodno\u015bci\u0105 z wymaganiami ITS-90<\/strong><\/strong><\/p>\n<\/div>\n<\/div>\n\n\n\n<div class=\"wp-block-column is-vertically-aligned-top hvr-grow is-layout-flow wp-block-column-is-layout-flow\" style=\"padding-top:0;padding-bottom:0\">\n<div class=\"wp-block-group has-accent-background-color has-background is-vertical is-content-justification-center is-layout-flex wp-container-core-group-is-layout-348d87aa wp-block-group-is-layout-flex\" style=\"border-radius:50px;padding-top:var(--wp--preset--spacing--30);padding-right:var(--wp--preset--spacing--30);padding-bottom:var(--wp--preset--spacing--30);padding-left:var(--wp--preset--spacing--30)\">\n<p><mark style=\"background-color:rgba(0, 0, 0, 0);color:#dd3333\" class=\"has-inline-color\"><mark style=\"background-color:rgba(0, 0, 0, 0);color:#dd3333\" class=\"has-inline-color\"><mark style=\"background-color:rgba(0, 0, 0, 0);color:#dd3333\" class=\"has-inline-color\"><i class=\"fas fa-temperature-half fa-6x\"><\/i><\/mark><\/mark><\/mark><\/p>\n\n\n\n<h2 class=\"wp-block-heading has-text-align-center\" style=\"font-size:clamp(0.984rem, 0.984rem + ((1vw - 0.2rem) * 0.86), 1.5rem);\"><strong>Rezystory pomiarowe i manufaktura termometr\u00f3w: Symbioza dla precyzji<\/strong><\/h2>\n\n\n\n<div class=\"wp-block-group is-vertical is-layout-flex wp-container-core-group-is-layout-67710c2e wp-block-group-is-layout-flex\" style=\"margin-top:0;margin-bottom:0;padding-top:0;padding-bottom:0\">\n<p>Po\u0142\u0105czenie produkcji rezystor\u00f3w pomiarowych i termometr\u00f3w pozwala nam oferowa\u0107 szeroki zakres precyzyjnych termometr\u00f3w:<br><\/p>\n\n\n\n<p class=\"has-text-align-left\"><strong><mark style=\"background-color:rgba(0, 0, 0, 0);color:#dd3333\" class=\"has-inline-color\"><i class=\"fas fa-circle-check\"><\/i><\/mark> Standardowe platynowe rezystory termometryczne (SPRT)<br><mark style=\"background-color:rgba(0, 0, 0, 0);color:#dd3333\" class=\"has-inline-color\"><i class=\"fas fa-circle-check\"><\/i><\/mark> Sekundarne rezystory PRT<br><mark style=\"background-color:rgba(0, 0, 0, 0);color:#dd3333\" class=\"has-inline-color\"><i class=\"fas fa-circle-check\"><\/i><\/mark> Przemys\u0142owe referencyjne PRT i RTD<\/strong><\/p>\n<\/div>\n<\/div>\n<\/div>\n<\/div>\n\n\n\n<div class=\"wp-block-group alignwide hvr-grow has-accent-background-color has-background is-vertical is-content-justification-center is-layout-flex wp-container-core-group-is-layout-386451ff wp-block-group-is-layout-flex\" style=\"border-radius:50px;padding-top:var(--wp--preset--spacing--30);padding-right:var(--wp--preset--spacing--30);padding-bottom:var(--wp--preset--spacing--30);padding-left:var(--wp--preset--spacing--30)\">\n<p><\/p>\n\n\n\n<h3 class=\"wp-block-heading alignwide has-text-align-left\">Produkcja temperatury rezystor\u00f3w pomiarowych to sztuka sama w sobie&#8230;<\/h3>\n\n\n\n<div class=\"wp-block-columns alignwide is-layout-flex wp-container-core-columns-is-layout-63d3099b wp-block-columns-is-layout-flex\" style=\"padding-top:var(--wp--preset--spacing--20);padding-bottom:0\">\n<div class=\"wp-block-column is-layout-flow wp-block-column-is-layout-flow\">\n<p>&#8230;wyj\u0105tkowo z\u0142o\u017cony, precyzyjny proces, w kt\u00f3rym ultracienki, wysokiej czysto\u015bci drut platynowy jest r\u0119cznie nawlekany pod mikroskopem na korpus no\u015bny, na przyk\u0142ad z ceramiki lub kwarcu. Przed nawleczeniem drut platynowy musi zosta\u0107 nawini\u0119ty na cewk\u0119 za pomoc\u0105 specjalnie zaprojektowanej maszyny nawijaj\u0105cej.<\/p>\n\n\n\n<p>Te wyj\u0105tkowo czu\u0142e rezystory pomiarowe, kt\u00f3re musz\u0105 by\u0107 chronione przed wp\u0142ywem \u015brodowiska, s\u0105 nast\u0119pnie montowane w naszej manufakturze termometr\u00f3w i przekszta\u0142cane w precyzyjne termometry najwy\u017cszej jako\u015bci.<\/p>\n\n\n\n<p>Nasze rezystory pomiarowe szczeg\u00f3lnie wyr\u00f3\u017cniaj\u0105 si\u0119 spe\u0142nianiem kryteri\u00f3w zgodnych z ITS-90. S\u0105 to wymagania, kt\u00f3re musi spe\u0142nia\u0107 termometr, aby mo\u017cna go by\u0142o okre\u015bli\u0107 jako&nbsp;<strong>\u201eStandardowy Platynowy Rezystor Termometryczny (SPRT)\u201d<\/strong>&nbsp;zgodnie z ITS-90.<\/p>\n<\/div>\n\n\n\n<div class=\"wp-block-column is-vertically-aligned-center is-layout-flow wp-block-column-is-layout-flow\">\n<figure class=\"wp-block-image size-full has-custom-border\"><img loading=\"lazy\" decoding=\"async\" width=\"600\" height=\"421\" src=\"https:\/\/www.klasmeier.com\/wp-content\/uploads\/eXacal-Messwiderstaende-von-Klasmeier.png\" alt=\"\" class=\"wp-image-2725\" style=\"border-radius:50px\" srcset=\"https:\/\/www.klasmeier.com\/wp-content\/uploads\/eXacal-Messwiderstaende-von-Klasmeier.png 600w, https:\/\/www.klasmeier.com\/wp-content\/uploads\/eXacal-Messwiderstaende-von-Klasmeier-300x211.png 300w\" sizes=\"auto, (max-width: 600px) 100vw, 600px\" \/><\/figure>\n<\/div>\n<\/div>\n\n\n\n<p>Wsp\u00f3\u0142czynnik temperaturowy (TK), czyli warto\u015b\u0107 alfa, nie jest rozpatrywany wed\u0142ug normy DIN EN 60751, lecz jako tzw. warto\u015b\u0107 W, przy czym rezystory pomiarowe eXacal spe\u0142niaj\u0105 wymaganie <strong>W-Gallium \u2265 1,11807<\/strong>.<\/p>\n\n\n\n<p><\/p>\n<\/div>\n\n\n\n<div class=\"wp-block-group has-global-padding is-layout-constrained wp-block-group-is-layout-constrained\" style=\"padding-top:var(--wp--preset--spacing--30);padding-bottom:0\">\n<h3 class=\"wp-block-heading alignwide has-text-align-center\">Korzy\u015bci z u\u017cycia rezystor\u00f3w eXacal<\/h3>\n\n\n\n<div class=\"wp-block-group alignwide hvr-grow has-accent-background-color has-background is-vertical is-content-justification-stretch is-layout-flex wp-container-core-group-is-layout-b0767e3e wp-block-group-is-layout-flex\" style=\"border-radius:50px;margin-top:var(--wp--preset--spacing--30);margin-bottom:var(--wp--preset--spacing--30);padding-top:var(--wp--preset--spacing--30);padding-right:var(--wp--preset--spacing--30);padding-bottom:var(--wp--preset--spacing--30);padding-left:var(--wp--preset--spacing--30)\">\n<p><\/p>\n\n\n\n<p class=\"has-text-align-center\"><mark style=\"background-color:rgba(0, 0, 0, 0);color:#dd3333\" class=\"has-inline-color\"><i class=\"fas fa-gears fa-6x\"><\/i><\/mark><\/p>\n\n\n\n<h4 class=\"wp-block-heading has-text-align-center\"><strong>Jako\u015b\u0107 i kontrola w jednym miejscu<\/strong><\/h4>\n\n\n\n<p class=\"has-text-align-left\"><mark style=\"background-color:rgba(0, 0, 0, 0);color:#dd3333\" class=\"has-inline-color\"><i class=\"fas fa-circle-check\"><\/i><\/mark> Nasi klienci korzystaj\u0105 z po\u0142\u0105czenia manufaktury termometr\u00f3w oraz produkcji w\u0142asnych rezystor\u00f3w pomiarowych. Dzi\u0119ki pe\u0142nej kontroli nad ka\u017cdym aspektem \u2013 od projektowania, przez produkcj\u0119, po ko\u0144cow\u0105 kalibracj\u0119 DAkkS (zgodnie z DIN EN ISO\/IEC 17025) \u2013 mo\u017cemy oferowa\u0107 rozwi\u0105zania dostosowane do indywidualnych potrzeb oraz szybko reagowa\u0107 na zapytania klient\u00f3w.<br><mark style=\"background-color:rgba(0, 0, 0, 0);color:#dd3333\" class=\"has-inline-color\"><i class=\"fas fa-circle-check\"><\/i><\/mark> Jako firma rodzinna jeste\u015bmy niezale\u017cni od wp\u0142yw\u00f3w zewn\u0119trznych. Umo\u017cliwia nam to elastyczne dzia\u0142anie i pe\u0142ne skupienie si\u0119 na wymaganiach oraz potrzebach naszych klient\u00f3w.<\/p>\n\n\n\n<p><\/p>\n<\/div>\n<\/div>\n<\/div>\n\n\n\n<div class=\"wp-block-group alignfull has-global-padding is-layout-constrained wp-container-core-group-is-layout-0c8379ad wp-block-group-is-layout-constrained\" style=\"margin-top:var(--wp--preset--spacing--30);margin-bottom:var(--wp--preset--spacing--30);padding-top:var(--wp--preset--spacing--20);padding-right:var(--wp--preset--spacing--30);padding-bottom:var(--wp--preset--spacing--20);padding-left:var(--wp--preset--spacing--30)\">\n<h3 class=\"wp-block-heading alignwide has-text-align-center\"><strong>Razem znajdziemy dla Ciebie najlepsze rozwi\u0105zanie<\/strong><\/h3>\n\n\n\n<div class=\"wp-block-columns alignwide hvr-grow has-accent-background-color has-background is-layout-flex wp-container-core-columns-is-layout-b6a795d6 wp-block-columns-is-layout-flex\" style=\"border-radius:50px;margin-top:var(--wp--preset--spacing--40);margin-bottom:var(--wp--preset--spacing--40);padding-top:var(--wp--preset--spacing--20);padding-right:var(--wp--preset--spacing--20);padding-bottom:var(--wp--preset--spacing--20);padding-left:var(--wp--preset--spacing--20)\">\n<div class=\"wp-block-column is-layout-flow wp-block-column-is-layout-flow\" style=\"flex-basis:40%\">\n<figure class=\"wp-block-image aligncenter size-full has-custom-border\"><img loading=\"lazy\" decoding=\"async\" width=\"500\" height=\"333\" src=\"https:\/\/www.klasmeier.com\/wp-content\/uploads\/ES.png\" alt=\"\" class=\"wp-image-2653\" style=\"border-radius:50px\" srcset=\"https:\/\/www.klasmeier.com\/wp-content\/uploads\/ES.png 500w, https:\/\/www.klasmeier.com\/wp-content\/uploads\/ES-300x200.png 300w\" sizes=\"auto, (max-width: 500px) 100vw, 500px\" \/><\/figure>\n<\/div>\n\n\n\n<div class=\"wp-block-column is-vertically-aligned-center is-layout-flow wp-block-column-is-layout-flow\" style=\"flex-basis:60%\">\n<h3 class=\"wp-block-heading has-text-align-center\">Skontaktuj si\u0119 bezpo\u015brednio z nasz\u0105 ekspertk\u0105!<\/h3>\n\n\n\n<p class=\"has-text-align-center\"><br><strong>Twoja osoba kontaktowa w sprawie rezystor\u00f3w pomiarowych:<\/strong><\/p>\n\n\n\n<p class=\"has-text-align-center\"><strong>Elke Seewald<\/strong><br><em>Kierowniczka manufaktury eXacal w Klasmeier<\/em><\/p>\n\n\n\n<p class=\"has-text-align-center\"><mark style=\"background-color:rgba(0, 0, 0, 0);color:#dd3333\" class=\"has-inline-color\"><i class=\"fas fa-envelope\"><\/i><\/mark> <a href=\"https:\/\/www.klasmeier.com\/pl\/firma\/skontaktuj-sie-z-nami\/\">Skontaktuj si\u0119 teraz<\/a><\/p>\n<\/div>\n<\/div>\n<\/div>\n","protected":false},"excerpt":{"rendered":"<p>Rezystory pomiarowe od KlasmeierPrecyzja w najdrobniejszych szczeg\u00f3\u0142ach W \u015bwiecie termometrii&nbsp;precyzja rezystora pomiarowego&nbsp;jest&nbsp;kluczowym czynnikiem dok\u0142adno\u015bci i niezawodno\u015bcitermometru. Jako specjali\u015bci w zakresie precyzyjnego pomiaru temperatury, nasza manufaktura termometr\u00f3w nale\u017cy do nielicznych globalnych producent\u00f3w, kt\u00f3rzy&nbsp;samodzielnie opracowuj\u0105 i produkuj\u0105 rezystory pomiarowe&nbsp;\u2013 znak rozpoznawczy, kt\u00f3ry nas wyr\u00f3\u017cnia i podkre\u015bla nasze d\u0105\u017cenie do najwy\u017cszej jako\u015bci oraz indywidualnego dopasowania. Rezystory pomiarowe eXacal [&hellip;]<\/p>\n","protected":false},"author":4,"featured_media":0,"parent":0,"menu_order":0,"comment_status":"closed","ping_status":"closed","template":"","meta":{"footnotes":""},"class_list":["post-10299","page","type-page","status-publish","hentry"],"_links":{"self":[{"href":"https:\/\/www.klasmeier.com\/pl\/wp-json\/wp\/v2\/pages\/10299","targetHints":{"allow":["GET"]}}],"collection":[{"href":"https:\/\/www.klasmeier.com\/pl\/wp-json\/wp\/v2\/pages"}],"about":[{"href":"https:\/\/www.klasmeier.com\/pl\/wp-json\/wp\/v2\/types\/page"}],"author":[{"embeddable":true,"href":"https:\/\/www.klasmeier.com\/pl\/wp-json\/wp\/v2\/users\/4"}],"replies":[{"embeddable":true,"href":"https:\/\/www.klasmeier.com\/pl\/wp-json\/wp\/v2\/comments?post=10299"}],"version-history":[{"count":2,"href":"https:\/\/www.klasmeier.com\/pl\/wp-json\/wp\/v2\/pages\/10299\/revisions"}],"predecessor-version":[{"id":11655,"href":"https:\/\/www.klasmeier.com\/pl\/wp-json\/wp\/v2\/pages\/10299\/revisions\/11655"}],"wp:attachment":[{"href":"https:\/\/www.klasmeier.com\/pl\/wp-json\/wp\/v2\/media?parent=10299"}],"curies":[{"name":"wp","href":"https:\/\/api.w.org\/{rel}","templated":true}]}}