{"id":10287,"date":"2024-04-18T21:29:53","date_gmt":"2024-04-18T19:29:53","guid":{"rendered":"https:\/\/www.klasmeier.com\/?page_id=10287"},"modified":"2025-04-02T11:44:10","modified_gmt":"2025-04-02T09:44:10","slug":"naprawa-termometrow","status":"publish","type":"page","link":"https:\/\/www.klasmeier.com\/pl\/manufaktura-termometrow\/naprawa-termometrow\/","title":{"rendered":"Naprawa termometr\u00f3w"},"content":{"rendered":"\n<div class=\"wp-block-cover alignfull has-base-2-color has-text-color has-link-color wp-elements-dc0c279ad12c060f64dcfa200b09b69e\"><span aria-hidden=\"true\" class=\"wp-block-cover__background has-contrast-background-color has-background-dim\"><\/span><img loading=\"lazy\" decoding=\"async\" width=\"1820\" height=\"797\" class=\"wp-block-cover__image-background wp-image-2620\" alt=\"\" src=\"https:\/\/www.klasmeier.com\/wp-content\/uploads\/Thermometer-Reparatur-Klasmeier.jpg\" data-object-fit=\"cover\" srcset=\"https:\/\/www.klasmeier.com\/wp-content\/uploads\/Thermometer-Reparatur-Klasmeier.jpg 1820w, https:\/\/www.klasmeier.com\/wp-content\/uploads\/Thermometer-Reparatur-Klasmeier-300x131.jpg 300w, https:\/\/www.klasmeier.com\/wp-content\/uploads\/Thermometer-Reparatur-Klasmeier-1024x448.jpg 1024w, https:\/\/www.klasmeier.com\/wp-content\/uploads\/Thermometer-Reparatur-Klasmeier-768x336.jpg 768w, https:\/\/www.klasmeier.com\/wp-content\/uploads\/Thermometer-Reparatur-Klasmeier-1536x673.jpg 1536w, https:\/\/www.klasmeier.com\/wp-content\/uploads\/Thermometer-Reparatur-Klasmeier-600x263.jpg 600w\" sizes=\"auto, (max-width: 1820px) 100vw, 1820px\" \/><div class=\"wp-block-cover__inner-container is-layout-flow wp-block-cover-is-layout-flow\">\n<h2 class=\"wp-block-heading has-text-align-center hm\"><strong>Naprawa termometr\u00f3w<\/strong><\/h2>\n<\/div><\/div>\n\n\n\n<div class=\"wp-block-group alignfull has-global-padding is-layout-constrained wp-container-core-group-is-layout-a87bbb62 wp-block-group-is-layout-constrained\" style=\"padding-top:var(--wp--preset--spacing--30);padding-right:var(--wp--preset--spacing--30);padding-bottom:var(--wp--preset--spacing--30);padding-left:var(--wp--preset--spacing--30)\">\n<h1 class=\"wp-block-heading alignwide has-text-align-center has-large-font-size\"><span style=\"font-family: arial, helvetica, sans-serif;\">Naprawiamy termometry precyzyjne<\/span><br>Dla wi\u0119kszej zr\u00f3wnowa\u017cono\u015bci: ratowanie termometr\u00f3w z cenn\u0105 histori\u0105<\/h1>\n\n\n\n<div class=\"wp-block-columns is-layout-flex wp-container-core-columns-is-layout-28f84493 wp-block-columns-is-layout-flex\">\n<div class=\"wp-block-column is-layout-flow wp-block-column-is-layout-flow\" style=\"flex-basis:66%\">\n<p><strong>Nowo\u015b\u0107 w Klasmeier: Po pi\u0119ciu latach prac rozwojowych oferujemy od teraz napraw\u0119 termometr\u00f3w precyzyjnych \u2013 a tym samym wyj\u0105tkowo zr\u00f3wnowa\u017cone rozwi\u0105zanie dla bran\u017cy.<\/strong><\/p>\n\n\n\n<p><mark style=\"background-color:rgba(0, 0, 0, 0);color:#dd3333\" class=\"has-inline-color\"><i class=\"fas fa-circle-check\"><\/i><\/mark> <strong>Naprawa<\/strong> odbywa si\u0119 <strong>w naszej w\u0142asnej manufakturze termometr\u00f3w<\/strong><br><mark style=\"background-color:rgba(0, 0, 0, 0);color:#dd3333\" class=\"has-inline-color\"><i class=\"fas fa-circle-check\"><\/i><\/mark> <strong>Termometry r\u00f3\u017cnych producent\u00f3w<\/strong> mog\u0105 zosta\u0107 ponownie uruchomione<br><mark style=\"background-color:rgba(0, 0, 0, 0);color:#dd3333\" class=\"has-inline-color\"><i class=\"fas fa-circle-check\"><\/i><\/mark> <strong>Sprawdzenie stabilno\u015bci i kalibracja<\/strong> w akredytowanym laboratorium kalibracyjnym DAkkS (temperatura)<br><mark style=\"background-color:rgba(0, 0, 0, 0);color:#dd3333\" class=\"has-inline-color\"><i class=\"fas fa-circle-check\"><\/i><\/mark> <strong>Zachowana<\/strong> pozostaje <strong>historia<\/strong> termometr\u00f3w<br><mark style=\"background-color:rgba(0, 0, 0, 0);color:#dd3333\" class=\"has-inline-color\"><i class=\"fas fa-circle-check\"><\/i><\/mark> Wysokiej jako\u015bci termometry precyzyjne mog\u0105 by\u0107 dalej u\u017cytkowane<\/p>\n<\/div>\n\n\n\n<div class=\"wp-block-column is-vertically-aligned-center is-layout-flow wp-block-column-is-layout-flow\" style=\"flex-basis:50%\">\n<figure class=\"wp-block-image aligncenter size-full is-resized has-custom-border hvr-grow\"><img loading=\"lazy\" decoding=\"async\" width=\"500\" height=\"333\" src=\"https:\/\/www.klasmeier.com\/wp-content\/uploads\/Thermometer-Reparatur-Elke-Seewald.jpg\" alt=\"\" class=\"wp-image-2624\" style=\"border-radius:50px;width:407px;height:auto\" srcset=\"https:\/\/www.klasmeier.com\/wp-content\/uploads\/Thermometer-Reparatur-Elke-Seewald.jpg 500w, https:\/\/www.klasmeier.com\/wp-content\/uploads\/Thermometer-Reparatur-Elke-Seewald-300x200.jpg 300w\" sizes=\"auto, (max-width: 500px) 100vw, 500px\" \/><\/figure>\n<\/div>\n<\/div>\n<\/div>\n\n\n\n<div class=\"wp-block-group alignfull has-accent-background-color has-background has-global-padding is-layout-constrained wp-container-core-group-is-layout-80fb368b wp-block-group-is-layout-constrained\" style=\"padding-top:var(--wp--preset--spacing--30);padding-right:var(--wp--preset--spacing--30);padding-bottom:var(--wp--preset--spacing--30);padding-left:var(--wp--preset--spacing--30)\">\n<p><\/p>\n\n\n\n<h2 class=\"wp-block-heading has-text-align-center\"><strong>Naprawiamy dla Pa\u0144stwa:<\/strong><\/h2>\n\n\n\n<div class=\"wp-block-columns alignwide is-layout-flex wp-container-core-columns-is-layout-514d0522 wp-block-columns-is-layout-flex\" style=\"padding-top:var(--wp--preset--spacing--20);padding-bottom:var(--wp--preset--spacing--20)\">\n<div class=\"wp-block-column is-layout-flow wp-block-column-is-layout-flow\">\n<div class=\"wp-block-group hvr-grow is-vertical is-content-justification-stretch is-layout-flex wp-container-core-group-is-layout-4c964324 wp-block-group-is-layout-flex\" style=\"padding-top:var(--wp--preset--spacing--10);padding-right:var(--wp--preset--spacing--10);padding-bottom:var(--wp--preset--spacing--10);padding-left:var(--wp--preset--spacing--10)\">\n<figure class=\"wp-block-image size-full\"><img loading=\"lazy\" decoding=\"async\" width=\"455\" height=\"455\" src=\"https:\/\/www.klasmeier.com\/wp-content\/uploads\/SPRT-Reparatur-2.png\" alt=\"\" class=\"wp-image-2628\" srcset=\"https:\/\/www.klasmeier.com\/wp-content\/uploads\/SPRT-Reparatur-2.png 455w, https:\/\/www.klasmeier.com\/wp-content\/uploads\/SPRT-Reparatur-2-300x300.png 300w, https:\/\/www.klasmeier.com\/wp-content\/uploads\/SPRT-Reparatur-2-150x150.png 150w, https:\/\/www.klasmeier.com\/wp-content\/uploads\/SPRT-Reparatur-2-100x100.png 100w\" sizes=\"auto, (max-width: 455px) 100vw, 455px\" \/><\/figure>\n\n\n\n<h2 class=\"wp-block-heading has-text-align-center has-large-font-size\">SPRT<br>(Standard Platin Resistance Thermometer)<\/h2>\n\n\n\n<p><\/p>\n\n\n\n<p><mark style=\"background-color:rgba(0, 0, 0, 0);color:#dd3333\" class=\"has-inline-color\"><i class=\"fas fa-circle-check\"><\/i><\/mark> <strong>z nape\u0142nieniem gazem ochronnym&nbsp;<\/strong><br><mark style=\"background-color:rgba(0, 0, 0, 0);color:#dd3333\" class=\"has-inline-color\"><i class=\"fas fa-circle-check\"><\/i><\/mark> <strong>z gazoszczelnym uchwytem<\/strong><\/p>\n<\/div>\n<\/div>\n\n\n\n<div class=\"wp-block-column is-layout-flow wp-block-column-is-layout-flow\">\n<div class=\"wp-block-group hvr-grow is-vertical is-content-justification-stretch is-layout-flex wp-container-core-group-is-layout-4c964324 wp-block-group-is-layout-flex\" style=\"padding-top:var(--wp--preset--spacing--10);padding-right:var(--wp--preset--spacing--10);padding-bottom:var(--wp--preset--spacing--10);padding-left:var(--wp--preset--spacing--10)\">\n<figure class=\"wp-block-image size-full\"><img loading=\"lazy\" decoding=\"async\" width=\"455\" height=\"455\" src=\"https:\/\/www.klasmeier.com\/wp-content\/uploads\/Praezisionsthermometer-Reparatur-1.png\" alt=\"\" class=\"wp-image-2634\" srcset=\"https:\/\/www.klasmeier.com\/wp-content\/uploads\/Praezisionsthermometer-Reparatur-1.png 455w, https:\/\/www.klasmeier.com\/wp-content\/uploads\/Praezisionsthermometer-Reparatur-1-300x300.png 300w, https:\/\/www.klasmeier.com\/wp-content\/uploads\/Praezisionsthermometer-Reparatur-1-150x150.png 150w, https:\/\/www.klasmeier.com\/wp-content\/uploads\/Praezisionsthermometer-Reparatur-1-100x100.png 100w\" sizes=\"auto, (max-width: 455px) 100vw, 455px\" \/><\/figure>\n\n\n\n<h2 class=\"wp-block-heading has-text-align-center has-large-font-size\">Termometry precyzyjne<br>(Pt100, Pt25, itd.)<\/h2>\n\n\n\n<div class=\"wp-block-group has-global-padding is-layout-constrained wp-block-group-is-layout-constrained\">\n<p><mark style=\"background-color:rgba(0, 0, 0, 0);color:#dd3333\" class=\"has-inline-color\"><i class=\"fas fa-circle-check\"><\/i><\/mark> <strong>w zale\u017cno\u015bci od uszkodzenia wymiana:<\/strong><\/p>\n\n\n\n<div class=\"wp-block-group has-global-padding is-layout-constrained wp-container-core-group-is-layout-a119c273 wp-block-group-is-layout-constrained\" style=\"margin-top:0;margin-bottom:0;padding-top:var(--wp--preset--spacing--10);padding-right:var(--wp--preset--spacing--20);padding-bottom:var(--wp--preset--spacing--10);padding-left:var(--wp--preset--spacing--20)\">\n<p><mark style=\"background-color:rgba(0, 0, 0, 0);color:#dd3333\" class=\"has-inline-color\"><i class=\"fas fa-circle-check\"><\/i><\/mark> <strong>opornika pomiarowego<\/strong><br><mark style=\"background-color:rgba(0, 0, 0, 0);color:#dd3333\" class=\"has-inline-color\"><i class=\"fas fa-circle-check\"><\/i><\/mark> <strong>rurki ochronnej<\/strong><br><mark style=\"background-color:rgba(0, 0, 0, 0);color:#dd3333\" class=\"has-inline-color\"><i class=\"fas fa-circle-check\"><\/i><\/mark> <strong>techniki przy\u0142\u0105czeniowej<\/strong><\/p>\n<\/div>\n<\/div>\n<\/div>\n<\/div>\n\n\n\n<div class=\"wp-block-column is-layout-flow wp-block-column-is-layout-flow\">\n<div class=\"wp-block-group hvr-grow is-vertical is-content-justification-stretch is-layout-flex wp-container-core-group-is-layout-4c964324 wp-block-group-is-layout-flex\" style=\"padding-top:var(--wp--preset--spacing--10);padding-right:var(--wp--preset--spacing--10);padding-bottom:var(--wp--preset--spacing--10);padding-left:var(--wp--preset--spacing--10)\">\n<figure class=\"wp-block-image size-full\"><img loading=\"lazy\" decoding=\"async\" width=\"455\" height=\"455\" src=\"https:\/\/www.klasmeier.com\/wp-content\/uploads\/Thermoelement-Reparatur-1.png\" alt=\"\" class=\"wp-image-2636\" srcset=\"https:\/\/www.klasmeier.com\/wp-content\/uploads\/Thermoelement-Reparatur-1.png 455w, https:\/\/www.klasmeier.com\/wp-content\/uploads\/Thermoelement-Reparatur-1-300x300.png 300w, https:\/\/www.klasmeier.com\/wp-content\/uploads\/Thermoelement-Reparatur-1-150x150.png 150w, https:\/\/www.klasmeier.com\/wp-content\/uploads\/Thermoelement-Reparatur-1-100x100.png 100w\" sizes=\"auto, (max-width: 455px) 100vw, 455px\" \/><\/figure>\n\n\n\n<h2 class=\"wp-block-heading has-text-align-center has-large-font-size\">Termopary<br>(Typ R, S, B, Pt\/Pd, Au\/Pt)<\/h2>\n\n\n\n<div class=\"wp-block-group has-global-padding is-layout-constrained wp-container-core-group-is-layout-19e250f3 wp-block-group-is-layout-constrained\">\n<p><mark style=\"background-color:rgba(0, 0, 0, 0);color:#dd3333\" class=\"has-inline-color\"><i class=\"fas fa-circle-check\"><\/i><\/mark> <strong>konfekcjonowanie na nowo<\/strong><\/p>\n\n\n\n<div class=\"wp-block-group has-global-padding is-layout-constrained wp-container-core-group-is-layout-6ebb2501 wp-block-group-is-layout-constrained\" style=\"padding-top:var(--wp--preset--spacing--10);padding-right:var(--wp--preset--spacing--20);padding-bottom:var(--wp--preset--spacing--10);padding-left:var(--wp--preset--spacing--20)\">\n<p><mark style=\"background-color:rgba(0, 0, 0, 0);color:#dd3333\" class=\"has-inline-color\"><i class=\"fas fa-circle-check\"><\/i><\/mark> <strong>rurki ochronnej<\/strong><br><mark style=\"background-color:rgba(0, 0, 0, 0);color:#dd3333\" class=\"has-inline-color\"><i class=\"fas fa-circle-check\"><\/i><\/mark> <strong>techniki przy\u0142\u0105czeniowej<\/strong><br><mark style=\"background-color:rgba(0, 0, 0, 0);color:#dd3333\" class=\"has-inline-color\"><i class=\"fas fa-circle-check\"><\/i><\/mark> <strong>miejsca pomiarowego<\/strong><\/p>\n<\/div>\n<\/div>\n<\/div>\n<\/div>\n<\/div>\n<\/div>\n\n\n\n<div class=\"wp-block-group alignfull has-global-padding is-layout-constrained wp-container-core-group-is-layout-80fb368b wp-block-group-is-layout-constrained\" style=\"padding-top:var(--wp--preset--spacing--30);padding-right:var(--wp--preset--spacing--30);padding-bottom:var(--wp--preset--spacing--30);padding-left:var(--wp--preset--spacing--30)\">\n<p><\/p>\n\n\n\n<h3 class=\"wp-block-heading alignwide has-text-align-center\"><strong>Prze\u015blijcie nam Pa\u0144stwo sw\u00f3j termometr do naprawy<\/strong><\/h3>\n\n\n\n<div class=\"wp-block-columns alignwide is-layout-flex wp-container-core-columns-is-layout-8d88fe0f wp-block-columns-is-layout-flex\" style=\"padding-top:var(--wp--preset--spacing--20);padding-bottom:var(--wp--preset--spacing--20)\">\n<div class=\"wp-block-column is-vertically-aligned-center is-layout-flow wp-block-column-is-layout-flow\" style=\"padding-right:var(--wp--preset--spacing--30);flex-basis:66%\">\n<p><mark style=\"background-color:rgba(0, 0, 0, 0);color:#dd3333\" class=\"has-inline-color\"><i class=\"fas fa-circle-check\"><\/i><\/mark> Po <strong>otrzymaniu i ocenie Pa\u0144stwa termometru<\/strong> prze\u015blemy <strong>wiadomo\u015b\u0107 e-mail z dalszymi informacjami<\/strong> oraz <strong>kosztorysem<\/strong> naprawy do akceptacji.<\/p>\n\n\n\n<p><mark style=\"background-color:rgba(0, 0, 0, 0);color:#dd3333\" class=\"has-inline-color\"><i class=\"fas fa-circle-check\"><\/i><\/mark> <strong>Po zatwierdzeniu<\/strong> koszt\u00f3w naprawy otrzymaj\u0105 Pa\u0144stwo <strong>potwierdzenie zam\u00f3wienia z terminem dostawy<\/strong>.<\/p>\n\n\n\n<p>Uwaga:<\/p>\n\n\n\n<p>Po naprawie nie mo\u017cemy zagwarantowa\u0107, \u017ce SPRT zachowa swoje pierwotne w\u0142a\u015bciwo\u015bci. Nie mamy wp\u0142ywu na stan opornika pomiarowego i ewentualne zanieczyszczenie spowodowane uszkodzeniem.<\/p>\n\n\n\n<p>Je\u015bli po naprawie termometr nie b\u0119dzie ju\u017c spe\u0142nia\u0142 wymaga\u0144 ITS-90 ani kryteri\u00f3w stabilno\u015bci laboratorium kalibracyjnego, b\u0119dziemy musieli obci\u0105\u017cy\u0107 Pa\u0144stwa rycza\u0142tem za napraw\u0119, w postaci koszt\u00f3w w\u0142asnych.<\/p>\n<\/div>\n\n\n\n<div class=\"wp-block-column is-vertically-aligned-center is-layout-flow wp-block-column-is-layout-flow\" style=\"flex-basis:50%\">\n<figure class=\"wp-block-image aligncenter size-full is-resized has-custom-border hvr-grow\"><img loading=\"lazy\" decoding=\"async\" width=\"500\" height=\"333\" src=\"https:\/\/www.klasmeier.com\/wp-content\/uploads\/Thermometer-Reparatur-unterschiedlicher-Hersteller.jpg\" alt=\"\" class=\"wp-image-2648\" style=\"border-radius:50px;width:423px;height:auto\" srcset=\"https:\/\/www.klasmeier.com\/wp-content\/uploads\/Thermometer-Reparatur-unterschiedlicher-Hersteller.jpg 500w, https:\/\/www.klasmeier.com\/wp-content\/uploads\/Thermometer-Reparatur-unterschiedlicher-Hersteller-300x200.jpg 300w\" sizes=\"auto, (max-width: 500px) 100vw, 500px\" \/><\/figure>\n<\/div>\n<\/div>\n<\/div>\n\n\n\n<div class=\"wp-block-group alignfull has-global-padding is-layout-constrained wp-container-core-group-is-layout-0c8379ad wp-block-group-is-layout-constrained\" style=\"margin-top:var(--wp--preset--spacing--30);margin-bottom:var(--wp--preset--spacing--30);padding-top:var(--wp--preset--spacing--20);padding-right:var(--wp--preset--spacing--30);padding-bottom:var(--wp--preset--spacing--20);padding-left:var(--wp--preset--spacing--30)\">\n<h3 class=\"wp-block-heading alignwide has-text-align-center\"><strong>Razem znajdziemy w\u0142a\u015bciwe rozwi\u0105zanie<\/strong><\/h3>\n\n\n\n<div class=\"wp-block-columns alignwide hvr-grow has-accent-background-color has-background is-layout-flex wp-container-core-columns-is-layout-b6a795d6 wp-block-columns-is-layout-flex\" style=\"border-radius:50px;margin-top:var(--wp--preset--spacing--40);margin-bottom:var(--wp--preset--spacing--40);padding-top:var(--wp--preset--spacing--20);padding-right:var(--wp--preset--spacing--20);padding-bottom:var(--wp--preset--spacing--20);padding-left:var(--wp--preset--spacing--20)\">\n<div class=\"wp-block-column is-layout-flow wp-block-column-is-layout-flow\" style=\"flex-basis:40%\">\n<figure class=\"wp-block-image aligncenter size-full has-custom-border\"><img loading=\"lazy\" decoding=\"async\" width=\"500\" height=\"333\" src=\"https:\/\/www.klasmeier.com\/wp-content\/uploads\/ES.png\" alt=\"\" class=\"wp-image-2653\" style=\"border-radius:50px\" srcset=\"https:\/\/www.klasmeier.com\/wp-content\/uploads\/ES.png 500w, https:\/\/www.klasmeier.com\/wp-content\/uploads\/ES-300x200.png 300w\" sizes=\"auto, (max-width: 500px) 100vw, 500px\" \/><\/figure>\n<\/div>\n\n\n\n<div class=\"wp-block-column is-vertically-aligned-center is-layout-flow wp-block-column-is-layout-flow\" style=\"flex-basis:60%\">\n<h3 class=\"wp-block-heading has-text-align-center\">Skontaktuj si\u0119 bezpo\u015brednio z nasz\u0105 ekspertk\u0105!<\/h3>\n\n\n\n<p class=\"has-text-align-center\"><br><strong>Pa\u0144stwa osoba kontaktowa w zakresie <strong>termometr\u00f3w precyzyjnych<\/strong>:<\/strong><\/p>\n\n\n\n<p class=\"has-text-align-center\"><strong>Elke Seewald<\/strong><br><em>Kierowniczka manufaktury eXacal w Klasmeier<\/em><\/p>\n\n\n\n<p class=\"has-text-align-center\"><mark style=\"background-color:rgba(0, 0, 0, 0);color:#dd3333\" class=\"has-inline-color\"><i class=\"fas fa-envelope\"><\/i><\/mark> <a href=\"https:\/\/www.klasmeier.com\/pl\/firma\/skontaktuj-sie-z-nami\/\">Skontaktuj si\u0119 teraz<\/a><\/p>\n<\/div>\n<\/div>\n<\/div>\n","protected":false},"excerpt":{"rendered":"<p>Naprawiamy termometry precyzyjneDla wi\u0119kszej zr\u00f3wnowa\u017cono\u015bci: ratowanie termometr\u00f3w z cenn\u0105 histori\u0105 Nowo\u015b\u0107 w Klasmeier: Po pi\u0119ciu latach prac rozwojowych oferujemy od teraz napraw\u0119 termometr\u00f3w precyzyjnych \u2013 a tym samym wyj\u0105tkowo zr\u00f3wnowa\u017cone rozwi\u0105zanie dla bran\u017cy. Naprawa odbywa si\u0119 w naszej w\u0142asnej manufakturze termometr\u00f3w Termometry r\u00f3\u017cnych producent\u00f3w mog\u0105 zosta\u0107 ponownie uruchomione Sprawdzenie stabilno\u015bci i kalibracja w akredytowanym laboratorium [&hellip;]<\/p>\n","protected":false},"author":4,"featured_media":0,"parent":10251,"menu_order":0,"comment_status":"closed","ping_status":"closed","template":"","meta":{"footnotes":""},"class_list":["post-10287","page","type-page","status-publish","hentry"],"_links":{"self":[{"href":"https:\/\/www.klasmeier.com\/pl\/wp-json\/wp\/v2\/pages\/10287","targetHints":{"allow":["GET"]}}],"collection":[{"href":"https:\/\/www.klasmeier.com\/pl\/wp-json\/wp\/v2\/pages"}],"about":[{"href":"https:\/\/www.klasmeier.com\/pl\/wp-json\/wp\/v2\/types\/page"}],"author":[{"embeddable":true,"href":"https:\/\/www.klasmeier.com\/pl\/wp-json\/wp\/v2\/users\/4"}],"replies":[{"embeddable":true,"href":"https:\/\/www.klasmeier.com\/pl\/wp-json\/wp\/v2\/comments?post=10287"}],"version-history":[{"count":3,"href":"https:\/\/www.klasmeier.com\/pl\/wp-json\/wp\/v2\/pages\/10287\/revisions"}],"predecessor-version":[{"id":11656,"href":"https:\/\/www.klasmeier.com\/pl\/wp-json\/wp\/v2\/pages\/10287\/revisions\/11656"}],"up":[{"embeddable":true,"href":"https:\/\/www.klasmeier.com\/pl\/wp-json\/wp\/v2\/pages\/10251"}],"wp:attachment":[{"href":"https:\/\/www.klasmeier.com\/pl\/wp-json\/wp\/v2\/media?parent=10287"}],"curies":[{"name":"wp","href":"https:\/\/api.w.org\/{rel}","templated":true}]}}