{"id":10273,"date":"2024-04-20T16:23:42","date_gmt":"2024-04-20T14:23:42","guid":{"rendered":"https:\/\/www.klasmeier.com\/?page_id=10273"},"modified":"2025-04-02T11:43:48","modified_gmt":"2025-04-02T09:43:48","slug":"technologia-exacal","status":"publish","type":"page","link":"https:\/\/www.klasmeier.com\/pl\/manufaktura-termometrow\/technologia-exacal\/","title":{"rendered":"Technologia eXacal"},"content":{"rendered":"\n<div class=\"wp-block-cover alignfull has-base-2-color has-text-color has-link-color wp-elements-bba786848fe2ea4e80ddc133f0107977\"><span aria-hidden=\"true\" class=\"wp-block-cover__background has-contrast-background-color has-background-dim\"><\/span><img loading=\"lazy\" decoding=\"async\" width=\"1280\" height=\"491\" class=\"wp-block-cover__image-background wp-image-1931\" alt=\"\" src=\"https:\/\/www.klasmeier.com\/wp-content\/uploads\/2024\/03\/eXacal-Koffer-mit-Thermoelement.png\" data-object-fit=\"cover\" srcset=\"https:\/\/www.klasmeier.com\/wp-content\/uploads\/2024\/03\/eXacal-Koffer-mit-Thermoelement.png 1280w, https:\/\/www.klasmeier.com\/wp-content\/uploads\/2024\/03\/eXacal-Koffer-mit-Thermoelement-300x115.png 300w, https:\/\/www.klasmeier.com\/wp-content\/uploads\/2024\/03\/eXacal-Koffer-mit-Thermoelement-1024x393.png 1024w, https:\/\/www.klasmeier.com\/wp-content\/uploads\/2024\/03\/eXacal-Koffer-mit-Thermoelement-768x295.png 768w, https:\/\/www.klasmeier.com\/wp-content\/uploads\/2024\/03\/eXacal-Koffer-mit-Thermoelement-600x230.png 600w\" sizes=\"auto, (max-width: 1280px) 100vw, 1280px\" \/><div class=\"wp-block-cover__inner-container is-layout-flow wp-block-cover-is-layout-flow\">\n<h2 class=\"wp-block-heading has-text-align-center\" style=\"font-size:clamp(3.652rem, 3.652rem + ((1vw - 0.2rem) * 6.58), 7.6rem);\"><strong><strong>Technologia eXacal<\/strong><\/strong><\/h2>\n<\/div><\/div>\n\n\n\n<div class=\"wp-block-group alignfull has-global-padding is-layout-constrained wp-container-core-group-is-layout-7a94f013 wp-block-group-is-layout-constrained\" style=\"padding-top:var(--wp--preset--spacing--30);padding-right:var(--wp--preset--spacing--30);padding-bottom:var(--wp--preset--spacing--30);padding-left:var(--wp--preset--spacing--30)\">\n<p><strong>Termometry precyzyjne eXacal zosta\u0142y opracowane ca\u0142kowicie od podstaw.<\/strong> Ka\u017cdy komponent zosta\u0142 zaprojektowany z najwy\u017csz\u0105 staranno\u015bci\u0105 i doskonale dopasowany do pozosta\u0142ych. Centralnym elementem jest innowacyjny uchwyt, kt\u00f3ry pe\u0142ni rol\u0119 kluczowego no\u015bnika technologii. Dzi\u0119ki modu\u0142owej konstrukcji umo\u017cliwia on r\u00f3\u017cnorodne konfiguracje termometr\u00f3w eXacal.<\/p>\n\n\n\n<div class=\"wp-block-columns hvr-grow has-accent-background-color has-background is-layout-flex wp-container-core-columns-is-layout-cc9b1f73 wp-block-columns-is-layout-flex\" style=\"border-radius:50px;margin-top:var(--wp--preset--spacing--30);margin-bottom:var(--wp--preset--spacing--30);padding-top:var(--wp--preset--spacing--30);padding-right:var(--wp--preset--spacing--30);padding-bottom:var(--wp--preset--spacing--30);padding-left:var(--wp--preset--spacing--30)\">\n<div class=\"wp-block-column is-layout-flow wp-block-column-is-layout-flow\" style=\"flex-basis:30%\">\n<figure class=\"wp-block-image aligncenter size-full is-resized has-custom-border\"><img loading=\"lazy\" decoding=\"async\" width=\"900\" height=\"900\" src=\"https:\/\/www.klasmeier.com\/wp-content\/uploads\/eXacal_Handgriff.jpg\" alt=\"\" class=\"wp-image-2745\" style=\"border-radius:50px;width:388px;height:auto\" srcset=\"https:\/\/www.klasmeier.com\/wp-content\/uploads\/eXacal_Handgriff.jpg 900w, https:\/\/www.klasmeier.com\/wp-content\/uploads\/eXacal_Handgriff-300x300.jpg 300w, https:\/\/www.klasmeier.com\/wp-content\/uploads\/eXacal_Handgriff-150x150.jpg 150w, https:\/\/www.klasmeier.com\/wp-content\/uploads\/eXacal_Handgriff-768x768.jpg 768w, https:\/\/www.klasmeier.com\/wp-content\/uploads\/eXacal_Handgriff-600x600.jpg 600w, https:\/\/www.klasmeier.com\/wp-content\/uploads\/eXacal_Handgriff-100x100.jpg 100w\" sizes=\"auto, (max-width: 900px) 100vw, 900px\" \/><\/figure>\n<\/div>\n\n\n\n<div class=\"wp-block-column is-layout-flow wp-block-column-is-layout-flow\" style=\"padding-left:var(--wp--preset--spacing--10);flex-basis:70%\">\n<h3 class=\"wp-block-heading has-text-align-center\" id=\"uchwyt-jako-nosnik-technologii\">Uchwyt jako no\u015bnik technologii<\/h3>\n\n\n\n<p>Nasze termometry eXacal mog\u0105 by\u0107 konfigurowane w niemal dowolny spos\u00f3b dzi\u0119ki modu\u0142owej konstrukcji. Jest to mo\u017cliwe dzi\u0119ki aluminiowemu uchwytowi, kt\u00f3ry dla ka\u017cdego termometru jest wyposa\u017cony w indywidualnie drukowan\u0105 w 3D wk\u0142adk\u0119. Wa\u017cne komponenty, takie jak odci\u0105\u017cenia przewod\u00f3w, wype\u0142nienia gazem ochronnym czy r\u00f3\u017cne os\u0142ony, mog\u0105 by\u0107 dowolnie \u0142\u0105czone.<\/p>\n<\/div>\n<\/div>\n\n\n\n<div class=\"wp-block-columns hvr-grow has-accent-background-color has-background is-layout-flex wp-container-core-columns-is-layout-cc9b1f73 wp-block-columns-is-layout-flex\" style=\"border-radius:50px;margin-top:var(--wp--preset--spacing--30);margin-bottom:var(--wp--preset--spacing--30);padding-top:var(--wp--preset--spacing--30);padding-right:var(--wp--preset--spacing--30);padding-bottom:var(--wp--preset--spacing--30);padding-left:var(--wp--preset--spacing--30)\">\n<div class=\"wp-block-column is-vertically-aligned-top is-layout-flow wp-block-column-is-layout-flow\" style=\"padding-left:var(--wp--preset--spacing--10);flex-basis:70%\">\n<h3 class=\"wp-block-heading has-text-align-center\" id=\"czujniki-temperatury\">Czujniki temperatury<\/h3>\n\n\n\n<p class=\"has-text-align-center\"><strong>Precyzyjne oporniki pomiarowe z w\u0142asnej produkcji<\/strong><\/p>\n\n\n\n<p>W naszej manufakturze produkujemy precyzyjne oporniki pomiarowe do pomiaru temperatury. Do\u015bwiadczeni pracownicy nawijaj\u0105 drut platynowy na ceramiczne lub kwarcowe korpusy. Po nawini\u0119ciu formujemy z tych opornik\u00f3w termometry precyzyjne.<\/p>\n\n\n\n<div class=\"wp-block-buttons is-content-justification-center is-layout-flex wp-container-core-buttons-is-layout-a89b3969 wp-block-buttons-is-layout-flex\">\n<div class=\"wp-block-button is-style-outline hvr-shrink is-style-outline--1\"><a class=\"wp-block-button__link wp-element-button\" href=\"\/pl\/messwiderstaende-von-klasmeier\/\">Do opornik\u00f3w pomiarowych<\/a><\/div>\n<\/div>\n<\/div>\n\n\n\n<div class=\"wp-block-column is-layout-flow wp-block-column-is-layout-flow\" style=\"flex-basis:30%\">\n<figure class=\"wp-block-image aligncenter size-full is-resized has-custom-border\"><img loading=\"lazy\" decoding=\"async\" width=\"900\" height=\"900\" src=\"https:\/\/www.klasmeier.com\/wp-content\/uploads\/eXacal_Messwiderstand.jpg\" alt=\"\" class=\"wp-image-2749\" style=\"border-radius:50px;width:388px;height:auto\" srcset=\"https:\/\/www.klasmeier.com\/wp-content\/uploads\/eXacal_Messwiderstand.jpg 900w, https:\/\/www.klasmeier.com\/wp-content\/uploads\/eXacal_Messwiderstand-300x300.jpg 300w, https:\/\/www.klasmeier.com\/wp-content\/uploads\/eXacal_Messwiderstand-150x150.jpg 150w, https:\/\/www.klasmeier.com\/wp-content\/uploads\/eXacal_Messwiderstand-768x768.jpg 768w, https:\/\/www.klasmeier.com\/wp-content\/uploads\/eXacal_Messwiderstand-600x600.jpg 600w, https:\/\/www.klasmeier.com\/wp-content\/uploads\/eXacal_Messwiderstand-100x100.jpg 100w\" sizes=\"auto, (max-width: 900px) 100vw, 900px\" \/><\/figure>\n<\/div>\n<\/div>\n\n\n\n<div class=\"wp-block-columns hvr-grow has-accent-background-color has-background is-layout-flex wp-container-core-columns-is-layout-cc9b1f73 wp-block-columns-is-layout-flex\" style=\"border-radius:50px;margin-top:var(--wp--preset--spacing--30);margin-bottom:var(--wp--preset--spacing--30);padding-top:var(--wp--preset--spacing--30);padding-right:var(--wp--preset--spacing--30);padding-bottom:var(--wp--preset--spacing--30);padding-left:var(--wp--preset--spacing--30)\">\n<div class=\"wp-block-column is-layout-flow wp-block-column-is-layout-flow\" style=\"flex-basis:30%\">\n<figure class=\"wp-block-image aligncenter size-full is-resized has-custom-border\"><img loading=\"lazy\" decoding=\"async\" width=\"900\" height=\"900\" src=\"https:\/\/www.klasmeier.com\/wp-content\/uploads\/eXacal_Thermometerdraht.jpg\" alt=\"\" class=\"wp-image-2752\" style=\"border-radius:50px;width:388px;height:auto\" srcset=\"https:\/\/www.klasmeier.com\/wp-content\/uploads\/eXacal_Thermometerdraht.jpg 900w, https:\/\/www.klasmeier.com\/wp-content\/uploads\/eXacal_Thermometerdraht-300x300.jpg 300w, https:\/\/www.klasmeier.com\/wp-content\/uploads\/eXacal_Thermometerdraht-150x150.jpg 150w, https:\/\/www.klasmeier.com\/wp-content\/uploads\/eXacal_Thermometerdraht-768x768.jpg 768w, https:\/\/www.klasmeier.com\/wp-content\/uploads\/eXacal_Thermometerdraht-600x600.jpg 600w, https:\/\/www.klasmeier.com\/wp-content\/uploads\/eXacal_Thermometerdraht-100x100.jpg 100w\" sizes=\"auto, (max-width: 900px) 100vw, 900px\" \/><\/figure>\n<\/div>\n\n\n\n<div class=\"wp-block-column is-layout-flow wp-block-column-is-layout-flow\" style=\"padding-left:var(--wp--preset--spacing--10);flex-basis:70%\">\n<h3 class=\"wp-block-heading has-text-align-center\" id=\"thermometerdraht\">Drut termometru<\/h3>\n\n\n\n<p>Jako drut termometryczny w opornikach pomiarowych i kapilarach u\u017cywamy metali szlachetnych, a nie standardowych przewod\u00f3w os\u0142onowych. W zale\u017cno\u015bci od zakresu temperatury stosujemy czyste srebro lub platyn\u0119. Dzi\u0119ki temu minimalizujemy efekty termoelektryczne i redukujemy napi\u0119cia paso\u017cytnicze w termometrze.&nbsp;&nbsp;<\/p>\n<\/div>\n<\/div>\n\n\n\n<div class=\"wp-block-columns hvr-grow has-accent-background-color has-background is-layout-flex wp-container-core-columns-is-layout-cc9b1f73 wp-block-columns-is-layout-flex\" style=\"border-radius:50px;margin-top:var(--wp--preset--spacing--30);margin-bottom:var(--wp--preset--spacing--30);padding-top:var(--wp--preset--spacing--30);padding-right:var(--wp--preset--spacing--30);padding-bottom:var(--wp--preset--spacing--30);padding-left:var(--wp--preset--spacing--30)\">\n<div class=\"wp-block-column is-vertically-aligned-top is-layout-flow wp-block-column-is-layout-flow\" style=\"padding-left:var(--wp--preset--spacing--10);flex-basis:70%\">\n<h3 class=\"wp-block-heading has-text-align-center\" id=\"schutzrohre\">Rurki ochronne<\/h3>\n\n\n\n<p>Rurki ochronne s\u0105 dobierane pod k\u0105tem obci\u0105\u017cenia termicznego oraz charakterystyki atmosfery. Aby optymalnie chroni\u0107 czujnik temperatury przed wp\u0142ywami mechanicznymi i chemicznymi, w zale\u017cno\u015bci od zastosowania stosuje si\u0119 rurki ochronne wykonane z czystej ceramiki, metali szlachetnych, stop\u00f3w wysokotemperaturowych lub szafiru.<\/p>\n<\/div>\n\n\n\n<div class=\"wp-block-column is-layout-flow wp-block-column-is-layout-flow\" style=\"flex-basis:30%\">\n<figure class=\"wp-block-image aligncenter size-full is-resized has-custom-border\"><img loading=\"lazy\" decoding=\"async\" width=\"900\" height=\"900\" src=\"https:\/\/www.klasmeier.com\/wp-content\/uploads\/eXacal_Schutzrohre-1.jpg\" alt=\"\" class=\"wp-image-2759\" style=\"border-radius:50px;width:388px;height:auto\" srcset=\"https:\/\/www.klasmeier.com\/wp-content\/uploads\/eXacal_Schutzrohre-1.jpg 900w, https:\/\/www.klasmeier.com\/wp-content\/uploads\/eXacal_Schutzrohre-1-300x300.jpg 300w, https:\/\/www.klasmeier.com\/wp-content\/uploads\/eXacal_Schutzrohre-1-150x150.jpg 150w, https:\/\/www.klasmeier.com\/wp-content\/uploads\/eXacal_Schutzrohre-1-768x768.jpg 768w, https:\/\/www.klasmeier.com\/wp-content\/uploads\/eXacal_Schutzrohre-1-600x600.jpg 600w, https:\/\/www.klasmeier.com\/wp-content\/uploads\/eXacal_Schutzrohre-1-100x100.jpg 100w\" sizes=\"auto, (max-width: 900px) 100vw, 900px\" \/><\/figure>\n<\/div>\n<\/div>\n\n\n\n<div class=\"wp-block-columns hvr-grow has-accent-background-color has-background is-layout-flex wp-container-core-columns-is-layout-cc9b1f73 wp-block-columns-is-layout-flex\" style=\"border-radius:50px;margin-top:var(--wp--preset--spacing--30);margin-bottom:var(--wp--preset--spacing--30);padding-top:var(--wp--preset--spacing--30);padding-right:var(--wp--preset--spacing--30);padding-bottom:var(--wp--preset--spacing--30);padding-left:var(--wp--preset--spacing--30)\">\n<div class=\"wp-block-column is-layout-flow wp-block-column-is-layout-flow\" style=\"flex-basis:30%\">\n<figure class=\"wp-block-image aligncenter size-full is-resized has-custom-border\"><img loading=\"lazy\" decoding=\"async\" width=\"900\" height=\"900\" src=\"https:\/\/www.klasmeier.com\/wp-content\/uploads\/eXacal_Anschlussleitung-1.jpg\" alt=\"\" class=\"wp-image-2761\" style=\"border-radius:50px;width:388px;height:auto\" srcset=\"https:\/\/www.klasmeier.com\/wp-content\/uploads\/eXacal_Anschlussleitung-1.jpg 900w, https:\/\/www.klasmeier.com\/wp-content\/uploads\/eXacal_Anschlussleitung-1-300x300.jpg 300w, https:\/\/www.klasmeier.com\/wp-content\/uploads\/eXacal_Anschlussleitung-1-150x150.jpg 150w, https:\/\/www.klasmeier.com\/wp-content\/uploads\/eXacal_Anschlussleitung-1-768x768.jpg 768w, https:\/\/www.klasmeier.com\/wp-content\/uploads\/eXacal_Anschlussleitung-1-600x600.jpg 600w, https:\/\/www.klasmeier.com\/wp-content\/uploads\/eXacal_Anschlussleitung-1-100x100.jpg 100w\" sizes=\"auto, (max-width: 900px) 100vw, 900px\" \/><\/figure>\n<\/div>\n\n\n\n<div class=\"wp-block-column is-layout-flow wp-block-column-is-layout-flow\" style=\"padding-left:var(--wp--preset--spacing--10);flex-basis:70%\">\n<h3 class=\"wp-block-heading has-text-align-center\" id=\"anschlussleitungen\">Przewody przy\u0142\u0105czeniowe<\/h3>\n\n\n\n<p>Przewody przy\u0142\u0105czeniowe do termoelement\u00f3w i termometr\u00f3w rezystancyjnych s\u0105 konfekcjonowane r\u0119cznie. Wykorzystywane s\u0105 linki miedziane wykonane ze stopu miedzi o niskim napr\u0119\u017ceniu, kt\u00f3ry zosta\u0142 specjalnie odlany na potrzeby naszych termometr\u00f3w.&nbsp;Jako izolacja stosowany jest wzmocniony p\u0142aszcz tekstylny wykonany z poddanego obr\u00f3bce cieplnej w\u0142\u00f3kna szklanego, odpornego na wysokie temperatury. Dzi\u0119ki temu poszczeg\u00f3lne \u017cy\u0142y s\u0105 chronione przed obci\u0105\u017ceniami mechanicznymi, wysokimi temperaturami i rozpuszczalnikami organicznymi.<\/p>\n<\/div>\n<\/div>\n<\/div>\n\n\n\n<div class=\"wp-block-group alignfull has-global-padding is-layout-constrained wp-container-core-group-is-layout-0d683d8b wp-block-group-is-layout-constrained\" style=\"padding-top:var(--wp--preset--spacing--30);padding-bottom:var(--wp--preset--spacing--30)\">\n<h3 class=\"wp-block-heading alignwide has-text-align-center\" id=\"wysokiej-jakosci-walizka-eXacal\"><strong>Wysokiej jako\u015bci walizka eXacal<\/strong><\/h3>\n\n\n\n<p>Wszystkie termometry eXacal s\u0105 dostarczane w etui, ale opcjonalnie mo\u017cna je zam\u00f3wi\u0107 tak\u017ce w&nbsp;wysokiej jako\u015bci drewnianej walizce transportowej. Dzi\u0119ki solidnej drewnianej skrzynce z dopasowan\u0105 piankow\u0105 wk\u0142adk\u0105, delikatne termometry s\u0105 dobrze chronione podczas transportu i przechowywania.&nbsp;<\/p>\n\n\n\n<figure class=\"wp-block-image alignwide size-full has-custom-border\"><img loading=\"lazy\" decoding=\"async\" width=\"1280\" height=\"491\" src=\"https:\/\/www.klasmeier.com\/wp-content\/uploads\/eXacal-Koffer-mit-Thermoelement.png\" alt=\"\" class=\"wp-image-2765\" style=\"border-radius:50px\" srcset=\"https:\/\/www.klasmeier.com\/wp-content\/uploads\/eXacal-Koffer-mit-Thermoelement.png 1280w, https:\/\/www.klasmeier.com\/wp-content\/uploads\/eXacal-Koffer-mit-Thermoelement-300x115.png 300w, https:\/\/www.klasmeier.com\/wp-content\/uploads\/eXacal-Koffer-mit-Thermoelement-1024x393.png 1024w, https:\/\/www.klasmeier.com\/wp-content\/uploads\/eXacal-Koffer-mit-Thermoelement-768x295.png 768w, https:\/\/www.klasmeier.com\/wp-content\/uploads\/eXacal-Koffer-mit-Thermoelement-600x230.png 600w\" sizes=\"auto, (max-width: 1280px) 100vw, 1280px\" \/><\/figure>\n\n\n\n<div class=\"wp-block-columns is-layout-flex wp-container-core-columns-is-layout-514d0522 wp-block-columns-is-layout-flex\" style=\"padding-top:var(--wp--preset--spacing--20);padding-bottom:var(--wp--preset--spacing--20)\">\n<div class=\"wp-block-column is-layout-flow wp-block-column-is-layout-flow\">\n<figure class=\"wp-block-image size-full has-custom-border hvr-float\"><img loading=\"lazy\" decoding=\"async\" width=\"425\" height=\"283\" src=\"https:\/\/www.klasmeier.com\/wp-content\/uploads\/eXacal-Koffer-mit-Pt100.png\" alt=\"\" class=\"wp-image-2767\" style=\"border-radius:50px\" srcset=\"https:\/\/www.klasmeier.com\/wp-content\/uploads\/eXacal-Koffer-mit-Pt100.png 425w, https:\/\/www.klasmeier.com\/wp-content\/uploads\/eXacal-Koffer-mit-Pt100-300x200.png 300w\" sizes=\"auto, (max-width: 425px) 100vw, 425px\" \/><\/figure>\n<\/div>\n\n\n\n<div class=\"wp-block-column is-layout-flow wp-block-column-is-layout-flow\">\n<figure class=\"wp-block-image size-full has-custom-border hvr-float\"><img loading=\"lazy\" decoding=\"async\" width=\"425\" height=\"283\" src=\"https:\/\/www.klasmeier.com\/wp-content\/uploads\/eXacal-Koffer-Klasmeier.png\" alt=\"\" class=\"wp-image-2769\" style=\"border-radius:50px\" srcset=\"https:\/\/www.klasmeier.com\/wp-content\/uploads\/eXacal-Koffer-Klasmeier.png 425w, https:\/\/www.klasmeier.com\/wp-content\/uploads\/eXacal-Koffer-Klasmeier-300x200.png 300w\" sizes=\"auto, (max-width: 425px) 100vw, 425px\" \/><\/figure>\n<\/div>\n\n\n\n<div class=\"wp-block-column is-layout-flow wp-block-column-is-layout-flow\">\n<figure class=\"wp-block-image size-full has-custom-border hvr-float\"><img loading=\"lazy\" decoding=\"async\" width=\"425\" height=\"283\" src=\"https:\/\/www.klasmeier.com\/wp-content\/uploads\/eXacal-Holzkoffer-Detailansicht.png\" alt=\"\" class=\"wp-image-2771\" style=\"border-radius:50px\" srcset=\"https:\/\/www.klasmeier.com\/wp-content\/uploads\/eXacal-Holzkoffer-Detailansicht.png 425w, https:\/\/www.klasmeier.com\/wp-content\/uploads\/eXacal-Holzkoffer-Detailansicht-300x200.png 300w\" sizes=\"auto, (max-width: 425px) 100vw, 425px\" \/><\/figure>\n<\/div>\n<\/div>\n<\/div>\n\n\n\n<div class=\"wp-block-group alignfull has-global-padding is-layout-constrained wp-block-group-is-layout-constrained\" style=\"margin-top:var(--wp--preset--spacing--30);margin-bottom:var(--wp--preset--spacing--30);padding-top:var(--wp--preset--spacing--20);padding-bottom:var(--wp--preset--spacing--20)\">\n<h3 class=\"wp-block-heading alignwide has-text-align-center\" id=\"gemeinsam-die-richtige-losung-fur-sie-finden\"><strong>Razem znajdziemy dla Ciebie odpowiednie rozwi\u0105zanie<\/strong><\/h3>\n\n\n\n<div class=\"wp-block-columns alignwide hvr-grow has-accent-background-color has-background is-layout-flex wp-container-core-columns-is-layout-b6a795d6 wp-block-columns-is-layout-flex\" style=\"border-radius:50px;margin-top:var(--wp--preset--spacing--40);margin-bottom:var(--wp--preset--spacing--40);padding-top:var(--wp--preset--spacing--20);padding-right:var(--wp--preset--spacing--20);padding-bottom:var(--wp--preset--spacing--20);padding-left:var(--wp--preset--spacing--20)\">\n<div class=\"wp-block-column is-layout-flow wp-block-column-is-layout-flow\">\n<figure class=\"wp-block-image size-full has-custom-border\"><img loading=\"lazy\" decoding=\"async\" width=\"500\" height=\"333\" src=\"https:\/\/www.klasmeier.com\/wp-content\/uploads\/2024\/03\/TK.png\" alt=\"\" class=\"wp-image-1440\" style=\"border-radius:50px\" srcset=\"https:\/\/www.klasmeier.com\/wp-content\/uploads\/2024\/03\/TK.png 500w, https:\/\/www.klasmeier.com\/wp-content\/uploads\/2024\/03\/TK-300x200.png 300w\" sizes=\"auto, (max-width: 500px) 100vw, 500px\" \/><\/figure>\n<\/div>\n\n\n\n<div class=\"wp-block-column is-vertically-aligned-center is-layout-flow wp-block-column-is-layout-flow\">\n<h3 class=\"wp-block-heading has-text-align-center\" id=\"sprechen-sie-direkt-mit-unserem-experten\">Porozmawiaj bezpo\u015brednio z naszym ekspertem!<\/h3>\n\n\n\n<p class=\"has-text-align-center\"><br><strong>Tw\u00f3j osoba kontaktowa w Klasmeier:<\/strong><\/p>\n\n\n\n<p class=\"has-text-align-center\"><strong>Thomas Klasmeier<\/strong><\/p>\n\n\n\n<p class=\"has-text-align-center\"><mark style=\"background-color:rgba(0, 0, 0, 0);color:#dd3333\" class=\"has-inline-color\"><i class=\"fas fa-envelope\"><\/i><\/mark> <a href=\"https:\/\/www.klasmeier.com\/pl\/firma\/skontaktuj-sie-z-nami\/\">Skontaktuj si\u0119 teraz<\/a><\/p>\n<\/div>\n<\/div>\n<\/div>\n","protected":false},"excerpt":{"rendered":"<p>Termometry precyzyjne eXacal zosta\u0142y opracowane ca\u0142kowicie od podstaw. Ka\u017cdy komponent zosta\u0142 zaprojektowany z najwy\u017csz\u0105 staranno\u015bci\u0105 i doskonale dopasowany do pozosta\u0142ych. Centralnym elementem jest innowacyjny uchwyt, kt\u00f3ry pe\u0142ni rol\u0119 kluczowego no\u015bnika technologii. Dzi\u0119ki modu\u0142owej konstrukcji umo\u017cliwia on r\u00f3\u017cnorodne konfiguracje termometr\u00f3w eXacal. Uchwyt jako no\u015bnik technologii Nasze termometry eXacal mog\u0105 by\u0107 konfigurowane w niemal dowolny spos\u00f3b dzi\u0119ki [&hellip;]<\/p>\n","protected":false},"author":4,"featured_media":0,"parent":10251,"menu_order":0,"comment_status":"closed","ping_status":"closed","template":"","meta":{"footnotes":""},"class_list":["post-10273","page","type-page","status-publish","hentry"],"_links":{"self":[{"href":"https:\/\/www.klasmeier.com\/pl\/wp-json\/wp\/v2\/pages\/10273","targetHints":{"allow":["GET"]}}],"collection":[{"href":"https:\/\/www.klasmeier.com\/pl\/wp-json\/wp\/v2\/pages"}],"about":[{"href":"https:\/\/www.klasmeier.com\/pl\/wp-json\/wp\/v2\/types\/page"}],"author":[{"embeddable":true,"href":"https:\/\/www.klasmeier.com\/pl\/wp-json\/wp\/v2\/users\/4"}],"replies":[{"embeddable":true,"href":"https:\/\/www.klasmeier.com\/pl\/wp-json\/wp\/v2\/comments?post=10273"}],"version-history":[{"count":2,"href":"https:\/\/www.klasmeier.com\/pl\/wp-json\/wp\/v2\/pages\/10273\/revisions"}],"predecessor-version":[{"id":11654,"href":"https:\/\/www.klasmeier.com\/pl\/wp-json\/wp\/v2\/pages\/10273\/revisions\/11654"}],"up":[{"embeddable":true,"href":"https:\/\/www.klasmeier.com\/pl\/wp-json\/wp\/v2\/pages\/10251"}],"wp:attachment":[{"href":"https:\/\/www.klasmeier.com\/pl\/wp-json\/wp\/v2\/media?parent=10273"}],"curies":[{"name":"wp","href":"https:\/\/api.w.org\/{rel}","templated":true}]}}