{"id":10195,"date":"2024-03-21T09:52:00","date_gmt":"2024-03-21T08:52:00","guid":{"rendered":"https:\/\/www.klasmeier.com\/?page_id=10195"},"modified":"2025-04-02T11:48:43","modified_gmt":"2025-04-02T09:48:43","slug":"klasmeierconnect","status":"publish","type":"page","link":"https:\/\/www.klasmeier.com\/pl\/firma\/klasmeierconnect\/","title":{"rendered":"KlasmeierConnect"},"content":{"rendered":"\n<div class=\"wp-block-group alignfull has-global-padding is-layout-constrained wp-container-core-group-is-layout-667d36a5 wp-block-group-is-layout-constrained\" style=\"margin-top:0;margin-bottom:0;padding-top:var(--wp--preset--spacing--20);padding-right:var(--wp--preset--spacing--30);padding-bottom:var(--wp--preset--spacing--20);padding-left:var(--wp--preset--spacing--30)\">\n<div class=\"wp-block-group has-global-padding is-layout-constrained wp-block-group-is-layout-constrained\" style=\"margin-top:var(--wp--preset--spacing--30);margin-bottom:var(--wp--preset--spacing--30)\">\n<figure class=\"wp-block-image aligncenter size-full hvr-grow\"><img loading=\"lazy\" decoding=\"async\" width=\"750\" height=\"86\" src=\"https:\/\/www.klasmeier.com\/wp-content\/uploads\/2024\/03\/KK-connect-logo-final.png\" alt=\"\" class=\"wp-image-1716\" srcset=\"https:\/\/www.klasmeier.com\/wp-content\/uploads\/2024\/03\/KK-connect-logo-final.png 750w, https:\/\/www.klasmeier.com\/wp-content\/uploads\/2024\/03\/KK-connect-logo-final-300x34.png 300w, https:\/\/www.klasmeier.com\/wp-content\/uploads\/2024\/03\/KK-connect-logo-final-600x69.png 600w\" sizes=\"auto, (max-width: 750px) 100vw, 750px\" \/><\/figure>\n<\/div>\n\n\n\n<h2 class=\"wp-block-heading alignwide has-text-align-center\">Doskona\u0142a sie\u0107 dzi\u0119ki KlasmeierConnect<\/h2>\n\n\n\n<h3 class=\"wp-block-heading alignwide has-text-align-center\">Spo\u0142eczno\u015b\u0107 online: Platforma dla uczestnik\u00f3w seminari\u00f3w i wyk\u0142adowc\u00f3w z wieloma funkcjami<\/h3>\n\n\n\n<p>Ka\u017cdy, kto zapisuje si\u0119 na seminarium w Klasmeier, otrzymuje dodatkow\u0105 us\u0142ug\u0119 ca\u0142kowicie&nbsp;<strong>za darmo<\/strong>:&nbsp;<strong>KlasmeierConnect<\/strong>. W tej spo\u0142eczno\u015bci online uczestnicy seminari\u00f3w i wyk\u0142adowcy mog\u0105 komunikowa\u0107 si\u0119 ju\u017c&nbsp;<strong>podczas szkolenia<\/strong>. Dost\u0119p do platformy, obejmuj\u0105cy&nbsp;<strong>czat grupowy, wiadomo\u015bci prywatne i wiele innych funkcji<\/strong>, pozostaje aktywny&nbsp;<strong>r\u00f3wnie\u017c po zako\u0144czeniu szkolenia \u2013 bez dodatkowych op\u0142at<\/strong>.<\/p>\n\n\n\n<div class=\"wp-block-buttons is-content-justification-center is-layout-flex wp-container-core-buttons-is-layout-a89b3969 wp-block-buttons-is-layout-flex\">\n<div class=\"wp-block-button hvr-shrink\"><a class=\"wp-block-button__link wp-element-button\" href=\"https:\/\/connect.klasmeier.com\/\" style=\"padding-top:var(--wp--preset--spacing--10);padding-right:var(--wp--preset--spacing--20);padding-bottom:var(--wp--preset--spacing--10);padding-left:var(--wp--preset--spacing--20)\" target=\"_blank\" rel=\"noopener\"><strong>Zaloguj si\u0119<\/strong><\/a><\/div>\n<\/div>\n<\/div>\n\n\n\n<div class=\"wp-block-group alignfull has-global-padding is-layout-constrained wp-container-core-group-is-layout-570efc33 wp-block-group-is-layout-constrained\" style=\"padding-top:var(--wp--preset--spacing--30);padding-right:var(--wp--preset--spacing--30);padding-bottom:var(--wp--preset--spacing--30);padding-left:var(--wp--preset--spacing--30)\">\n<div class=\"wp-block-columns alignwide is-layout-flex wp-container-core-columns-is-layout-658170e2 wp-block-columns-is-layout-flex\">\n<div class=\"wp-block-column is-layout-flow wp-block-column-is-layout-flow\" style=\"flex-basis:100%\">\n<div class=\"wp-block-group hvr-grow has-accent-background-color has-background is-vertical is-content-justification-center is-layout-flex wp-container-core-group-is-layout-bc1c67bb wp-block-group-is-layout-flex\" style=\"border-radius:50px;padding-top:var(--wp--preset--spacing--20);padding-right:var(--wp--preset--spacing--20);padding-bottom:var(--wp--preset--spacing--20);padding-left:var(--wp--preset--spacing--20)\">\n<p class=\"has-text-align-center\"><strong>Strefa cz\u0142onkowska<\/strong><\/p>\n\n\n\n<figure class=\"wp-block-image size-full is-resized has-custom-border is-style-default\"><img loading=\"lazy\" decoding=\"async\" width=\"300\" height=\"206\" src=\"https:\/\/www.klasmeier.com\/wp-content\/uploads\/2024\/03\/Klasmeier.Connect-Profil-Uebersicht-300x206-1.png\" alt=\"\" class=\"wp-image-1718\" style=\"border-radius:12px;width:344px\"\/><\/figure>\n<\/div>\n<\/div>\n\n\n\n<div class=\"wp-block-column is-layout-flow wp-block-column-is-layout-flow\" style=\"flex-basis:100%\">\n<div class=\"wp-block-group hvr-grow has-accent-background-color has-background is-vertical is-content-justification-center is-layout-flex wp-container-core-group-is-layout-bc1c67bb wp-block-group-is-layout-flex\" style=\"border-radius:50px;padding-top:var(--wp--preset--spacing--20);padding-right:var(--wp--preset--spacing--20);padding-bottom:var(--wp--preset--spacing--20);padding-left:var(--wp--preset--spacing--20)\">\n<p class=\"has-text-align-center\"><strong>Grupy<\/strong><\/p>\n\n\n\n<figure class=\"wp-block-image size-full is-resized has-custom-border\"><img loading=\"lazy\" decoding=\"async\" width=\"300\" height=\"204\" src=\"https:\/\/www.klasmeier.com\/wp-content\/uploads\/2024\/03\/Klasmeier.Connect-Gruppen-300x204-1.png\" alt=\"\" class=\"wp-image-1720\" style=\"border-radius:12px;width:344px;height:auto\"\/><\/figure>\n<\/div>\n<\/div>\n\n\n\n<div class=\"wp-block-column is-layout-flow wp-block-column-is-layout-flow\" style=\"flex-basis:100%\">\n<div class=\"wp-block-group hvr-grow has-accent-background-color has-background is-vertical is-content-justification-center is-layout-flex wp-container-core-group-is-layout-bc1c67bb wp-block-group-is-layout-flex\" style=\"border-radius:50px;padding-top:var(--wp--preset--spacing--20);padding-right:var(--wp--preset--spacing--20);padding-bottom:var(--wp--preset--spacing--20);padding-left:var(--wp--preset--spacing--20)\">\n<p class=\"has-text-align-center\"><strong>Biblioteka multimedialna<\/strong><\/p>\n\n\n\n<figure class=\"wp-block-image size-full is-resized has-custom-border\"><img loading=\"lazy\" decoding=\"async\" width=\"300\" height=\"203\" src=\"https:\/\/www.klasmeier.com\/wp-content\/uploads\/2024\/03\/Klasmeier.Connect-Mediathek-300x203-1.png\" alt=\"\" class=\"wp-image-1722\" style=\"border-radius:12px;width:344px;height:auto\"\/><\/figure>\n<\/div>\n<\/div>\n<\/div>\n<\/div>\n\n\n\n<div class=\"wp-block-group alignfull has-global-padding is-layout-constrained wp-container-core-group-is-layout-bffc7401 wp-block-group-is-layout-constrained\" style=\"padding-top:var(--wp--preset--spacing--30);padding-right:var(--wp--preset--spacing--30);padding-bottom:var(--wp--preset--spacing--30);padding-left:var(--wp--preset--spacing--30)\">\n<div class=\"wp-block-group alignwide has-global-padding is-layout-constrained wp-container-core-group-is-layout-530ec779 wp-block-group-is-layout-constrained\">\n<h3 class=\"wp-block-heading alignwide\"><mark style=\"background-color:rgba(0, 0, 0, 0);color:#dd3333\" class=\"has-inline-color\"><i class=\"fas fa-circle-check\"><\/i><\/mark> Profesjonalne porady ekspert\u00f3w z bran\u017cy i nauki<\/h3>\n\n\n\n<p>Tutaj mo\u017cna zadawa\u0107 pytania i uzyskiwa\u0107 odpowiedzi, wymienia\u0107 dokumenty oraz ocenia\u0107 aktualne dane i wyniki bada\u0144. M\u0142odzi specjali\u015bci i do\u015bwiadczeni eksperci, pracownicy laboratori\u00f3w kalibracyjnych oraz ich kierownicy, a tak\u017ce specjali\u015bci z przemys\u0142u, korzystaj\u0105 z tej sieci w celu d\u0142ugoterminowej wymiany wiedzy.&nbsp;<strong>Prowadz\u0105cy seminaria r\u00f3wnie\u017c pozostaj\u0105 aktywni w spo\u0142eczno\u015bci, oferuj\u0105c swoje fachowe doradztwo.<\/strong><\/p>\n\n\n\n<p>Uczestnicy otrzymuj\u0105 pe\u0142n\u0105 dokumentacj\u0119 seminarium online oraz certyfikat uczestnictwa w formie cyfrowej. Na \u017cyczenie materia\u0142y mog\u0105 zosta\u0107 wys\u0142ane w formie papierowej poczt\u0105.<\/p>\n<\/div>\n\n\n\n<div class=\"wp-block-group alignwide has-global-padding is-layout-constrained wp-container-core-group-is-layout-530ec779 wp-block-group-is-layout-constrained\">\n<h3 class=\"wp-block-heading alignwide\"><mark style=\"background-color:rgba(0, 0, 0, 0);color:#dd3333\" class=\"has-inline-color\"><i class=\"fas fa-circle-check\"><\/i><\/mark> Wi\u0119cej ni\u017c tylko webinar: Wirtualne spotkanie z mo\u017cliwo\u015bci\u0105 wymiany wiedzy<\/h3>\n\n\n\n<p>W wirtualnym pokoju konferencyjnym uczestnicy mog\u0105 w ka\u017cdej chwili zadawa\u0107 pytania prowadz\u0105cym. Dzi\u0119ki temu mo\u017cliwa jest intensywna wymiana wiedzy, kt\u00f3ra zapewnia optymalne przyswajanie materia\u0142u. Oferta online sk\u0142ada si\u0119 z kilku 60-minutowych modu\u0142\u00f3w teoretycznych oraz nast\u0119puj\u0105cych po nich cz\u0119\u015bci praktycznych, podczas kt\u00f3rych uczestnicy maj\u0105 mo\u017cliwo\u015b\u0107 obserwowania laboratorium kalibracyjnego na \u017cywo. Zdobyta wiedza jest od razu stosowana w praktyce. Wszystkie modu\u0142y online s\u0105 dodatkowo nagrywane i udost\u0119pniane uczestnikom w formie wideo w spo\u0142eczno\u015bci KlasmeierConnect.<\/p>\n<\/div>\n<\/div>\n\n\n\n<div class=\"wp-block-group alignfull has-global-padding is-layout-constrained wp-container-core-group-is-layout-80fb368b wp-block-group-is-layout-constrained\" style=\"padding-top:var(--wp--preset--spacing--30);padding-right:var(--wp--preset--spacing--30);padding-bottom:var(--wp--preset--spacing--30);padding-left:var(--wp--preset--spacing--30)\">\n<div class=\"wp-block-columns alignwide hvr-grow has-accent-background-color has-background is-layout-flex wp-container-core-columns-is-layout-0d2466c3 wp-block-columns-is-layout-flex\" style=\"border-radius:50px;padding-top:var(--wp--preset--spacing--20);padding-right:var(--wp--preset--spacing--20);padding-bottom:var(--wp--preset--spacing--20);padding-left:var(--wp--preset--spacing--20)\">\n<div class=\"wp-block-column is-layout-flow wp-block-column-is-layout-flow\" style=\"flex-basis:40%\">\n<figure class=\"wp-block-image aligncenter size-full has-custom-border\"><img loading=\"lazy\" decoding=\"async\" width=\"500\" height=\"333\" src=\"https:\/\/www.klasmeier.com\/wp-content\/uploads\/2024\/03\/NW.png\" alt=\"\" class=\"wp-image-1619\" style=\"border-radius:30px\" srcset=\"https:\/\/www.klasmeier.com\/wp-content\/uploads\/2024\/03\/NW.png 500w, https:\/\/www.klasmeier.com\/wp-content\/uploads\/2024\/03\/NW-300x200.png 300w\" sizes=\"auto, (max-width: 500px) 100vw, 500px\" \/><\/figure>\n<\/div>\n\n\n\n<div class=\"wp-block-column is-vertically-aligned-center is-layout-flow wp-block-column-is-layout-flow\">\n<h3 class=\"wp-block-heading has-text-align-center\">Masz pytania dotycz\u0105ce KlasmeierConnect?<\/h3>\n\n\n\n<p class=\"has-text-align-center\"><strong>Tw\u00f3j kontakt w Klasmeier:<\/strong><\/p>\n\n\n\n<p class=\"has-text-align-center\">Nelli Wall &#8211; <a href=\"https:\/\/www.klasmeier.com\/pl\/firma\/skontaktuj-sie-z-nami\/\">Skontaktuj si\u0119 teraz<\/a><\/p>\n<\/div>\n<\/div>\n<\/div>\n","protected":false},"excerpt":{"rendered":"<p>Doskona\u0142a sie\u0107 dzi\u0119ki KlasmeierConnect Spo\u0142eczno\u015b\u0107 online: Platforma dla uczestnik\u00f3w seminari\u00f3w i wyk\u0142adowc\u00f3w z wieloma funkcjami Ka\u017cdy, kto zapisuje si\u0119 na seminarium w Klasmeier, otrzymuje dodatkow\u0105 us\u0142ug\u0119 ca\u0142kowicie&nbsp;za darmo:&nbsp;KlasmeierConnect. W tej spo\u0142eczno\u015bci online uczestnicy seminari\u00f3w i wyk\u0142adowcy mog\u0105 komunikowa\u0107 si\u0119 ju\u017c&nbsp;podczas szkolenia. Dost\u0119p do platformy, obejmuj\u0105cy&nbsp;czat grupowy, wiadomo\u015bci prywatne i wiele innych funkcji, pozostaje aktywny&nbsp;r\u00f3wnie\u017c po [&hellip;]<\/p>\n","protected":false},"author":4,"featured_media":0,"parent":10164,"menu_order":0,"comment_status":"closed","ping_status":"closed","template":"","meta":{"footnotes":""},"class_list":["post-10195","page","type-page","status-publish","hentry"],"_links":{"self":[{"href":"https:\/\/www.klasmeier.com\/pl\/wp-json\/wp\/v2\/pages\/10195","targetHints":{"allow":["GET"]}}],"collection":[{"href":"https:\/\/www.klasmeier.com\/pl\/wp-json\/wp\/v2\/pages"}],"about":[{"href":"https:\/\/www.klasmeier.com\/pl\/wp-json\/wp\/v2\/types\/page"}],"author":[{"embeddable":true,"href":"https:\/\/www.klasmeier.com\/pl\/wp-json\/wp\/v2\/users\/4"}],"replies":[{"embeddable":true,"href":"https:\/\/www.klasmeier.com\/pl\/wp-json\/wp\/v2\/comments?post=10195"}],"version-history":[{"count":2,"href":"https:\/\/www.klasmeier.com\/pl\/wp-json\/wp\/v2\/pages\/10195\/revisions"}],"predecessor-version":[{"id":11665,"href":"https:\/\/www.klasmeier.com\/pl\/wp-json\/wp\/v2\/pages\/10195\/revisions\/11665"}],"up":[{"embeddable":true,"href":"https:\/\/www.klasmeier.com\/pl\/wp-json\/wp\/v2\/pages\/10164"}],"wp:attachment":[{"href":"https:\/\/www.klasmeier.com\/pl\/wp-json\/wp\/v2\/media?parent=10195"}],"curies":[{"name":"wp","href":"https:\/\/api.w.org\/{rel}","templated":true}]}}