{"id":10187,"date":"2024-03-21T08:07:52","date_gmt":"2024-03-21T07:07:52","guid":{"rendered":"https:\/\/www.klasmeier.com\/?page_id=10187"},"modified":"2025-04-02T11:48:49","modified_gmt":"2025-04-02T09:48:49","slug":"klasmeiercloud","status":"publish","type":"page","link":"https:\/\/www.klasmeier.com\/pl\/firma\/klasmeiercloud\/","title":{"rendered":"KlasmeierCloud"},"content":{"rendered":"\n<div class=\"wp-block-group alignfull has-global-padding is-layout-constrained wp-container-core-group-is-layout-c66841cd wp-block-group-is-layout-constrained\" style=\"padding-top:var(--wp--preset--spacing--30);padding-right:var(--wp--preset--spacing--30);padding-bottom:var(--wp--preset--spacing--30);padding-left:var(--wp--preset--spacing--30)\">\n<figure class=\"wp-block-image size-full has-custom-border\"><img loading=\"lazy\" decoding=\"async\" width=\"671\" height=\"86\" src=\"https:\/\/www.klasmeier.com\/wp-content\/uploads\/KlasmeierCloud.png\" alt=\"\" class=\"wp-image-3223\" style=\"border-radius:25px\" srcset=\"https:\/\/www.klasmeier.com\/wp-content\/uploads\/KlasmeierCloud.png 671w, https:\/\/www.klasmeier.com\/wp-content\/uploads\/KlasmeierCloud-300x38.png 300w, https:\/\/www.klasmeier.com\/wp-content\/uploads\/KlasmeierCloud-600x77.png 600w\" sizes=\"auto, (max-width: 671px) 100vw, 671px\" \/><\/figure>\n\n\n\n<h2 class=\"wp-block-heading alignwide has-text-align-center has-x-large-font-size\"><strong><strong>Nasze Archiwum Cyfrowe<\/strong><\/strong><\/h2>\n\n\n\n<h3 class=\"wp-block-heading alignwide has-text-align-center\"><strong><strong>Dokumenty kalibracyjne, osoby kontaktowe, wa\u017cne informacje o naszych produktach<\/strong><\/strong><\/h3>\n\n\n\n<div class=\"wp-block-group alignwide has-global-padding is-layout-constrained wp-container-core-group-is-layout-530ec779 wp-block-group-is-layout-constrained\" style=\"font-size:clamp(0.875rem, 0.875rem + ((1vw - 0.2rem) * 0.708), 1.3rem);\">\n<p>Jednym klikni\u0119ciem do archiwum cyfrowego: Wszystkie dokumenty kalibracyjne oraz inne wa\u017cne informacje o produktach kalibrowanych przez Klasmeier s\u0105 dost\u0119pne w chmurze Klasmeier \u2013 bez ogranicze\u0144 czasowych i ca\u0142kowicie bezp\u0142atnie.<\/p>\n\n\n\n<p><mark style=\"background-color:rgba(0, 0, 0, 0);color:#dd3333\" class=\"has-inline-color\"><i class=\"fas fa-circle-check\"><\/i><\/mark><strong> Szybko i wygodnie<br><\/strong>Koniec z d\u0142ugim szukaniem w\u0142a\u015bciwej teczki informacyjnej i niepotrzebnym zu\u017cyciem papieru: Dzi\u0119ki kodowi QR, kt\u00f3ry znajduje si\u0119 na wszystkich urz\u0105dzeniach kalibrowanych przez Klasmeier, u\u017cytkownik mo\u017ce szybko i wygodnie uzyska\u0107 dost\u0119p do archiwum cyfrowego, w kt\u00f3rym wszystkie informacje o produktach s\u0105 przejrzy\u015bcie uporz\u0105dkowane.<\/p>\n\n\n\n<p><mark style=\"background-color:rgba(0, 0, 0, 0);color:#dd3333\" class=\"has-inline-color\"><i class=\"fas fa-circle-check\"><\/i><\/mark><strong> Osoby kontaktowe w Klasmeier<br><\/strong>Opr\u00f3cz \u015bwiadectw kalibracyjnych w chmurze Klasmeier znajduj\u0105 si\u0119 r\u00f3wnie\u017c dane kontaktowe odpowiednich os\u00f3b, kt\u00f3re ch\u0119tnie udziel\u0105 odpowiedzi na wszelkie pytania \u2013 nawet po d\u0142u\u017cszym czasie.<\/p>\n\n\n\n<p><mark style=\"background-color:rgba(0, 0, 0, 0);color:#dd3333\" class=\"has-inline-color\"><i class=\"fas fa-circle-check\"><\/i><\/mark><strong> Dost\u0119pne na wszystkich urz\u0105dzeniach<br><\/strong>Dokumenty w chmurze Klasmeier mo\u017cna przegl\u0105da\u0107 na wszystkich urz\u0105dzeniach mobilnych \u2013 zar\u00f3wno na komputerze w biurze, jak i w podr\u00f3\u017cy na telefonie kom\u00f3rkowym lub tablecie. Archiwum spe\u0142nia wymagania unijnego rozporz\u0105dzenia o ochronie danych osobowych (RODO), zapewniaj\u0105c u\u017cytkownikom pe\u0142ne bezpiecze\u0144stwo prawne.<\/p>\n\n\n\n<p>Osoby, kt\u00f3re nadal preferuj\u0105 dokumenty kalibracyjne w formie papierowej, mog\u0105 je zam\u00f3wi\u0107 bezp\u0142atnie.<\/p>\n<\/div>\n<\/div>\n\n\n\n<div class=\"wp-block-group alignfull has-global-padding is-layout-constrained wp-container-core-group-is-layout-dffbd562 wp-block-group-is-layout-constrained\" style=\"padding-top:var(--wp--preset--spacing--30);padding-right:var(--wp--preset--spacing--30);padding-bottom:var(--wp--preset--spacing--30);padding-left:var(--wp--preset--spacing--30)\">\n<h3 class=\"wp-block-heading alignwide has-text-align-center\"><strong><strong>Korzy\u015bci w skr\u00f3cie<\/strong><\/strong><\/h3>\n\n\n\n<div class=\"wp-block-columns alignwide are-vertically-aligned-top is-layout-flex wp-container-core-columns-is-layout-38638728 wp-block-columns-is-layout-flex\" style=\"margin-top:var(--wp--preset--spacing--40);margin-bottom:var(--wp--preset--spacing--40);padding-top:0;padding-right:0;padding-bottom:0;padding-left:0\">\n<div class=\"wp-block-column is-vertically-aligned-top hvr-grow is-layout-flow wp-block-column-is-layout-flow\" style=\"padding-top:0;padding-bottom:0\">\n<div class=\"wp-block-group has-accent-background-color has-background is-vertical is-content-justification-center is-layout-flex wp-container-core-group-is-layout-4fac4482 wp-block-group-is-layout-flex\" style=\"border-radius:50px;padding-top:var(--wp--preset--spacing--30);padding-right:var(--wp--preset--spacing--30);padding-bottom:var(--wp--preset--spacing--30);padding-left:var(--wp--preset--spacing--30)\">\n<p><mark style=\"background-color:rgba(0, 0, 0, 0);color:#dd3333\" class=\"has-inline-color\"><i class=\"fas fa-leaf fa-6x\"><\/i><\/mark><\/p>\n\n\n\n<p class=\"has-text-align-center has-large-font-size\"><strong>Przyjazne dla \u015brodowiska<\/strong><\/p>\n\n\n\n<p class=\"has-text-align-center\" style=\"font-size:clamp(0.875rem, 0.875rem + ((1vw - 0.2rem) * 0.708), 1.3rem);\">Dzi\u0119ki cyfrowemu archiwum oszcz\u0119dzamy zasoby papierowe, przyczyniaj\u0105c si\u0119 do ochrony \u015brodowiska.<\/p>\n<\/div>\n<\/div>\n\n\n\n<div class=\"wp-block-column is-vertically-aligned-top hvr-grow is-layout-flow wp-block-column-is-layout-flow\">\n<div class=\"wp-block-group has-accent-background-color has-background is-vertical is-content-justification-center is-layout-flex wp-container-core-group-is-layout-4fac4482 wp-block-group-is-layout-flex\" style=\"border-radius:50px;padding-top:var(--wp--preset--spacing--30);padding-right:var(--wp--preset--spacing--30);padding-bottom:var(--wp--preset--spacing--30);padding-left:var(--wp--preset--spacing--30)\">\n<p><mark style=\"background-color:rgba(0, 0, 0, 0);color:#dd3333\" class=\"has-inline-color\"><i class=\"fas fa-clock fa-6x\"><\/i><\/mark><\/p>\n\n\n\n<p class=\"has-text-align-center has-large-font-size\"><strong>Szybko i oszcz\u0119dnie<\/strong><\/p>\n\n\n\n<p class=\"has-text-align-center\" style=\"font-size:clamp(0.875rem, 0.875rem + ((1vw - 0.2rem) * 0.708), 1.3rem);\">Koniec z d\u0142ugim szukaniem \u015bwiadectw kalibracyjnych \u2013 dokumenty s\u0105 przejrzy\u015bcie uporz\u0105dkowane w chmurze.<\/p>\n<\/div>\n<\/div>\n<\/div>\n\n\n\n<div class=\"wp-block-columns alignwide are-vertically-aligned-top is-layout-flex wp-container-core-columns-is-layout-38638728 wp-block-columns-is-layout-flex\" style=\"margin-top:var(--wp--preset--spacing--40);margin-bottom:var(--wp--preset--spacing--40);padding-top:0;padding-right:0;padding-bottom:0;padding-left:0\">\n<div class=\"wp-block-column is-vertically-aligned-top hvr-grow is-layout-flow wp-block-column-is-layout-flow\" style=\"padding-top:0;padding-bottom:0\">\n<div class=\"wp-block-group has-accent-background-color has-background is-vertical is-content-justification-center is-layout-flex wp-container-core-group-is-layout-4fac4482 wp-block-group-is-layout-flex\" style=\"border-radius:50px;padding-top:var(--wp--preset--spacing--30);padding-right:var(--wp--preset--spacing--30);padding-bottom:var(--wp--preset--spacing--30);padding-left:var(--wp--preset--spacing--30)\">\n<p><mark style=\"background-color:rgba(0, 0, 0, 0);color:#dd3333\" class=\"has-inline-color\"><i class=\"fas fa-cloud-download fa-6x\"><\/i><\/mark><\/p>\n\n\n\n<p class=\"has-text-align-center has-large-font-size\"><strong>Obs\u0142uga wieloplatformowa<\/strong><\/p>\n\n\n\n<p class=\"has-text-align-center\" style=\"font-size:clamp(0.875rem, 0.875rem + ((1vw - 0.2rem) * 0.708), 1.3rem);\">Twoje dokumenty w chmurze s\u0105 dost\u0119pne na wszystkich urz\u0105dzeniach.<\/p>\n<\/div>\n<\/div>\n\n\n\n<div class=\"wp-block-column is-vertically-aligned-top hvr-grow is-layout-flow wp-block-column-is-layout-flow\">\n<div class=\"wp-block-group has-accent-background-color has-background is-vertical is-content-justification-center is-layout-flex wp-container-core-group-is-layout-2cdb2f0c wp-block-group-is-layout-flex\" style=\"border-radius:50px;margin-top:0;margin-bottom:0;padding-top:var(--wp--preset--spacing--30);padding-right:var(--wp--preset--spacing--30);padding-bottom:var(--wp--preset--spacing--30);padding-left:var(--wp--preset--spacing--30)\">\n<p><mark style=\"background-color:rgba(0, 0, 0, 0);color:#dd3333\" class=\"has-inline-color\"><i class=\"fas fa-folder fa-6x\"><\/i><\/mark><\/p>\n\n\n\n<p class=\"has-text-align-center has-large-font-size\"><strong>Zgodno\u015b\u0107 z RODO<\/strong><\/p>\n\n\n\n<p class=\"has-text-align-center\" style=\"font-size:clamp(0.875rem, 0.875rem + ((1vw - 0.2rem) * 0.708), 1.3rem);\">Archiwum zgodne z RODO dla wszystkich Twoich dokument\u00f3w kalibracyjnych.<\/p>\n<\/div>\n<\/div>\n<\/div>\n<\/div>\n\n\n\n<div class=\"wp-block-group alignfull has-accent-background-color has-background has-global-padding is-layout-constrained wp-container-core-group-is-layout-a87bbb62 wp-block-group-is-layout-constrained\" style=\"padding-top:var(--wp--preset--spacing--30);padding-right:var(--wp--preset--spacing--30);padding-bottom:var(--wp--preset--spacing--30);padding-left:var(--wp--preset--spacing--30)\">\n<h3 class=\"wp-block-heading alignwide has-text-align-center\"><strong><strong>Jak to dzia\u0142a?<\/strong><\/strong><\/h3>\n\n\n\n<div class=\"wp-block-columns alignwide is-layout-flex wp-container-core-columns-is-layout-eeddd1a4 wp-block-columns-is-layout-flex\">\n<div class=\"wp-block-column is-vertically-aligned-stretch is-layout-flow wp-container-core-column-is-layout-25092537 wp-block-column-is-layout-flow\" style=\"padding-right:var(--wp--preset--spacing--30);padding-left:0\">\n<div class=\"wp-block-group is-vertical is-content-justification-center is-layout-flex wp-container-core-group-is-layout-2cec4ef0 wp-block-group-is-layout-flex\" style=\"min-height:100%\">\n<figure class=\"wp-block-image size-full has-custom-border hvr-grow\"><img loading=\"lazy\" decoding=\"async\" width=\"392\" height=\"460\" src=\"https:\/\/www.klasmeier.com\/wp-content\/uploads\/2024\/03\/klasmeier.cloud-grey-background.png\" alt=\"\" class=\"wp-image-1691\" style=\"border-radius:50px\" srcset=\"https:\/\/www.klasmeier.com\/wp-content\/uploads\/2024\/03\/klasmeier.cloud-grey-background.png 392w, https:\/\/www.klasmeier.com\/wp-content\/uploads\/2024\/03\/klasmeier.cloud-grey-background-256x300.png 256w\" sizes=\"auto, (max-width: 392px) 100vw, 392px\" \/><\/figure>\n\n\n\n<h3 class=\"wp-block-heading\" style=\"writing-mode:horizontal-tb\">Zeskanuj kod QR na swoim urz\u0105dzeniu&#8230;<\/h3>\n<\/div>\n<\/div>\n\n\n\n<div class=\"wp-block-column is-vertically-aligned-center is-layout-flow wp-block-column-is-layout-flow\">\n<div class=\"wp-block-group is-vertical is-content-justification-center is-layout-flex wp-container-core-group-is-layout-e52c553a wp-block-group-is-layout-flex\" style=\"min-height:100%;padding-left:var(--wp--preset--spacing--30)\">\n<figure class=\"wp-block-image size-full has-custom-border hvr-grow wp-duotone-unset-2\"><img loading=\"lazy\" decoding=\"async\" width=\"364\" height=\"700\" src=\"https:\/\/www.klasmeier.com\/wp-content\/uploads\/2024\/03\/Klasmeier-Cloud-grey-background.jpg\" alt=\"\" class=\"wp-image-1693\" style=\"border-style:none;border-width:0px;border-radius:50px\" srcset=\"https:\/\/www.klasmeier.com\/wp-content\/uploads\/2024\/03\/Klasmeier-Cloud-grey-background.jpg 364w, https:\/\/www.klasmeier.com\/wp-content\/uploads\/2024\/03\/Klasmeier-Cloud-grey-background-156x300.jpg 156w\" sizes=\"auto, (max-width: 364px) 100vw, 364px\" \/><\/figure>\n\n\n\n<h3 class=\"wp-block-heading\">&#8230;i uzyskaj dost\u0119p do swoich cyfrowych dokument\u00f3w kalibracyjnych w Klasmeier Cloud!<\/h3>\n<\/div>\n<\/div>\n<\/div>\n<\/div>\n\n\n\n<div class=\"wp-block-group alignfull has-global-padding is-layout-constrained wp-container-core-group-is-layout-c035952e wp-block-group-is-layout-constrained\" style=\"padding-top:var(--wp--preset--spacing--30);padding-right:var(--wp--preset--spacing--30);padding-bottom:var(--wp--preset--spacing--30);padding-left:var(--wp--preset--spacing--30)\">\n<h3 class=\"wp-block-heading alignwide\">Chcesz otrzyma\u0107 swoje dokumenty kalibracyjne w formie papierowej?<\/h3>\n\n\n\n<p style=\"font-size:clamp(0.875rem, 0.875rem + ((1vw - 0.2rem) * 0.708), 1.3rem);line-height:2.5\"><strong>Mo\u017cesz je zam\u00f3wi\u0107 bezp\u0142atnie:<\/strong><\/p>\n\n\n\n<p style=\"line-height:0.9\"><mark style=\"background-color:rgba(0, 0, 0, 0);color:#dd3333\" class=\"has-inline-color\"><i class=\"fas fa-cloud-download\"><\/i><\/mark> <strong>Najpro\u015bciej<\/strong>&nbsp;\u2013 w Klasmeier Cloud, skanuj\u0105c kod QR na swoim urz\u0105dzeniu<\/p>\n\n\n\n<p style=\"line-height:0.9\"><mark style=\"background-color:rgba(0, 0, 0, 0);color:#dd3333\" class=\"has-inline-color\"><i class=\"fas fa-desktop\"><\/i><\/mark> Na naszej stronie internetowej:\u00a0<a href=\"https:\/\/www.klasmeier.com\/kalibrierdokumente\">www.klasmeier.com\/kalibrierdokumente<\/a><\/p>\n\n\n\n<p style=\"line-height:0.9\"><mark style=\"background-color:rgba(0, 0, 0, 0);color:#dd3333\" class=\"has-inline-color\"><i class=\"fas fa-phone\"><\/i><\/mark> Telefonicznie 0661 380940-0<\/p>\n\n\n\n<p style=\"line-height:2\"><strong><strong>Twoje dokumenty wy\u015blemy poczt\u0105 w ci\u0105gu kilku dni.<\/strong><\/strong><\/p>\n<\/div>\n","protected":false},"excerpt":{"rendered":"<p>Nasze Archiwum Cyfrowe Dokumenty kalibracyjne, osoby kontaktowe, wa\u017cne informacje o naszych produktach Jednym klikni\u0119ciem do archiwum cyfrowego: Wszystkie dokumenty kalibracyjne oraz inne wa\u017cne informacje o produktach kalibrowanych przez Klasmeier s\u0105 dost\u0119pne w chmurze Klasmeier \u2013 bez ogranicze\u0144 czasowych i ca\u0142kowicie bezp\u0142atnie. Szybko i wygodnieKoniec z d\u0142ugim szukaniem w\u0142a\u015bciwej teczki informacyjnej i niepotrzebnym zu\u017cyciem papieru: Dzi\u0119ki [&hellip;]<\/p>\n","protected":false},"author":4,"featured_media":0,"parent":10164,"menu_order":0,"comment_status":"closed","ping_status":"closed","template":"","meta":{"footnotes":""},"class_list":["post-10187","page","type-page","status-publish","hentry"],"_links":{"self":[{"href":"https:\/\/www.klasmeier.com\/pl\/wp-json\/wp\/v2\/pages\/10187","targetHints":{"allow":["GET"]}}],"collection":[{"href":"https:\/\/www.klasmeier.com\/pl\/wp-json\/wp\/v2\/pages"}],"about":[{"href":"https:\/\/www.klasmeier.com\/pl\/wp-json\/wp\/v2\/types\/page"}],"author":[{"embeddable":true,"href":"https:\/\/www.klasmeier.com\/pl\/wp-json\/wp\/v2\/users\/4"}],"replies":[{"embeddable":true,"href":"https:\/\/www.klasmeier.com\/pl\/wp-json\/wp\/v2\/comments?post=10187"}],"version-history":[{"count":3,"href":"https:\/\/www.klasmeier.com\/pl\/wp-json\/wp\/v2\/pages\/10187\/revisions"}],"predecessor-version":[{"id":11666,"href":"https:\/\/www.klasmeier.com\/pl\/wp-json\/wp\/v2\/pages\/10187\/revisions\/11666"}],"up":[{"embeddable":true,"href":"https:\/\/www.klasmeier.com\/pl\/wp-json\/wp\/v2\/pages\/10164"}],"wp:attachment":[{"href":"https:\/\/www.klasmeier.com\/pl\/wp-json\/wp\/v2\/media?parent=10187"}],"curies":[{"name":"wp","href":"https:\/\/api.w.org\/{rel}","templated":true}]}}