{"id":10180,"date":"2024-03-12T16:53:26","date_gmt":"2024-03-12T15:53:26","guid":{"rendered":"https:\/\/www.klasmeier.com\/?page_id=10180"},"modified":"2025-05-08T13:21:07","modified_gmt":"2025-05-08T11:21:07","slug":"praca-kariera","status":"publish","type":"page","link":"https:\/\/www.klasmeier.com\/pl\/firma\/praca-kariera\/","title":{"rendered":"Praca\/Kariera"},"content":{"rendered":"\n<div class=\"wp-block-group alignfull has-global-padding is-layout-constrained wp-container-core-group-is-layout-a87bbb62 wp-block-group-is-layout-constrained\" style=\"padding-top:var(--wp--preset--spacing--30);padding-right:var(--wp--preset--spacing--30);padding-bottom:var(--wp--preset--spacing--30);padding-left:var(--wp--preset--spacing--30)\">\n<h3 class=\"wp-block-heading alignwide\"><strong><strong>Praca\/Kariera<\/strong><\/strong><\/h3>\n\n\n\n<figure class=\"wp-block-image alignwide size-full has-custom-border\"><img loading=\"lazy\" decoding=\"async\" width=\"1387\" height=\"871\" src=\"https:\/\/www.klasmeier.com\/wp-content\/uploads\/2024\/04\/KK-team.png\" alt=\"\" class=\"wp-image-2137\" style=\"border-radius:50px\" srcset=\"https:\/\/www.klasmeier.com\/wp-content\/uploads\/2024\/04\/KK-team.png 1387w, https:\/\/www.klasmeier.com\/wp-content\/uploads\/2024\/04\/KK-team-300x188.png 300w, https:\/\/www.klasmeier.com\/wp-content\/uploads\/2024\/04\/KK-team-1024x643.png 1024w, https:\/\/www.klasmeier.com\/wp-content\/uploads\/2024\/04\/KK-team-768x482.png 768w, https:\/\/www.klasmeier.com\/wp-content\/uploads\/2024\/04\/KK-team-600x377.png 600w\" sizes=\"auto, (max-width: 1387px) 100vw, 1387px\" \/><\/figure>\n\n\n\n<h3 class=\"wp-block-heading alignwide has-text-align-center\"><strong><strong>Praca w firmie rodzinnej Klasmeier<\/strong><\/strong><\/h3>\n\n\n\n<p class=\"has-text-align-left\">W Klasmeier Kalibrier- und Messtechnik GmbH&nbsp;\u0142\u0105czymy tradycj\u0119 z innowacj\u0105, ducha zespo\u0142owego z kreatywno\u015bci\u0105, precyzj\u0119 pracy z elastyczno\u015bci\u0105: Jeste\u015bmy firm\u0105 rodzinn\u0105 \u2013 i to czu\u0107. Wspieramy si\u0119 wzajemnie w zespole i k\u0142adziemy du\u017cy nacisk na przyjazn\u0105 atmosfer\u0119 pracy. Firma zosta\u0142a za\u0142o\u017cona w 1986 roku przez Petera Klasmeiera, a teraz druga generacja, reprezentowana przez Thomasa Klasmeiera, wnosi do firmy know-how i nowe pomys\u0142y. Ci\u0105gle si\u0119 rozwijamy, jeste\u015bmy otwarci na nowo\u015bci i zwracamy szczeg\u00f3ln\u0105 uwag\u0119 na zr\u00f3wnowa\u017cony rozw\u00f3j.<\/p>\n\n\n\n<div class=\"wp-block-buttons is-content-justification-center is-layout-flex wp-container-core-buttons-is-layout-a89b3969 wp-block-buttons-is-layout-flex\">\n<div class=\"wp-block-button hvr-shrink\"><a class=\"wp-block-button__link wp-element-button\" href=\"https:\/\/www.klasmeier.com\/pl\/firma\/portret-firmy\/\" style=\"padding-top:var(--wp--preset--spacing--10);padding-right:var(--wp--preset--spacing--20);padding-bottom:var(--wp--preset--spacing--10);padding-left:var(--wp--preset--spacing--20)\">Do portretu firmy<\/a><\/div>\n<\/div>\n<\/div>\n\n\n\n<div class=\"wp-block-group alignwide has-accent-background-color has-background is-vertical is-content-justification-center is-layout-flex wp-container-core-group-is-layout-e14aaaa0 wp-block-group-is-layout-flex\" style=\"border-radius:50px;padding-top:var(--wp--preset--spacing--40);padding-right:var(--wp--preset--spacing--20);padding-bottom:var(--wp--preset--spacing--40);padding-left:var(--wp--preset--spacing--20)\">\n<h3 class=\"wp-block-heading alignwide has-text-align-center\"><strong><strong>Prosimy pami\u0119ta\u0107, \u017ce nasze aktualne oferty pracy s\u0105 dost\u0119pne wy\u0142\u0105cznie na\u00a0<a href=\"https:\/\/www.klasmeier.com\/pl\/firma\/praca-kariera\/\">niemieckiej stronie kariery<\/a>.<\/strong><\/strong><\/h3>\n\n\n\n<div style=\"height:2px\" aria-hidden=\"true\" class=\"wp-block-spacer wp-container-content-1abe4828\"><\/div>\n<\/div>\n\n\n\n<div class=\"wp-block-group alignfull has-global-padding is-layout-constrained wp-container-core-group-is-layout-f90d3be4 wp-block-group-is-layout-constrained\" style=\"padding-top:var(--wp--preset--spacing--40);padding-right:var(--wp--preset--spacing--30);padding-bottom:var(--wp--preset--spacing--40);padding-left:var(--wp--preset--spacing--30)\">\n<h3 class=\"wp-block-heading alignwide has-text-align-center\"><strong><strong>Aplikacje spontaniczne<\/strong><\/strong><\/h3>\n\n\n\n<div class=\"wp-block-columns alignwide is-layout-flex wp-container-core-columns-is-layout-28f84493 wp-block-columns-is-layout-flex\">\n<div class=\"wp-block-column is-vertically-aligned-center is-layout-flow wp-container-core-column-is-layout-f5bb311e wp-block-column-is-layout-flow\" style=\"flex-basis:70%\">\n<p style=\"font-size:clamp(0.875rem, 0.875rem + ((1vw - 0.2rem) * 0.708), 1.3rem);\">Nie znalaz\u0142e\u015b odpowiedniej oferty pracy w naszych aktualnych og\u0142oszeniach? Mo\u017ce pasujesz do nas w przysz\u0142o\u015bci\u2026 Je\u015bli pasjonujesz si\u0119 technologi\u0105 i chcesz pracowa\u0107 w m\u0142odym, kreatywnym zespole, z przyjemno\u015bci\u0105 przyjmiemy Twoj\u0105 aplikacj\u0119 spontaniczn\u0105.<\/p>\n\n\n\n<p style=\"font-size:clamp(0.875rem, 0.875rem + ((1vw - 0.2rem) * 0.708), 1.3rem);\">Prosimy o przes\u0142anie aplikacji na adres:<\/p>\n\n\n\n<div class=\"wp-block-group is-content-justification-center is-nowrap is-layout-flex wp-container-core-group-is-layout-23441af8 wp-block-group-is-layout-flex\">\n<p class=\"has-text-align-center hvr-grow\">Uwaga: Obecnie przyjmujemy aplikacje wy\u0142\u0105cznie za po\u015brednictwem naszej\u00a0<a href=\"https:\/\/www.klasmeier.com\/pl\/firma\/praca-kariera\/\">niemieckiej strony kariery<\/a><\/p>\n<\/div>\n<\/div>\n\n\n\n<div class=\"wp-block-column is-vertically-aligned-center is-layout-flow wp-block-column-is-layout-flow\" style=\"flex-basis:30%\">\n<figure class=\"wp-block-image aligncenter has-custom-border hvr-grow\"><img loading=\"lazy\" decoding=\"async\" width=\"300\" height=\"292\" src=\"https:\/\/www.klasmeier.com\/wp-content\/uploads\/2024\/03\/Klasmeier-Schulungen-300x292-1.jpg\" alt=\"\" class=\"wp-image-1645\" style=\"border-radius:50px\"\/><\/figure>\n<\/div>\n<\/div>\n<\/div>\n","protected":false},"excerpt":{"rendered":"<p>Praca\/Kariera Praca w firmie rodzinnej Klasmeier W Klasmeier Kalibrier- und Messtechnik GmbH&nbsp;\u0142\u0105czymy tradycj\u0119 z innowacj\u0105, ducha zespo\u0142owego z kreatywno\u015bci\u0105, precyzj\u0119 pracy z elastyczno\u015bci\u0105: Jeste\u015bmy firm\u0105 rodzinn\u0105 \u2013 i to czu\u0107. Wspieramy si\u0119 wzajemnie w zespole i k\u0142adziemy du\u017cy nacisk na przyjazn\u0105 atmosfer\u0119 pracy. Firma zosta\u0142a za\u0142o\u017cona w 1986 roku przez Petera Klasmeiera, a teraz druga [&hellip;]<\/p>\n","protected":false},"author":4,"featured_media":0,"parent":10164,"menu_order":0,"comment_status":"closed","ping_status":"closed","template":"","meta":{"footnotes":""},"class_list":["post-10180","page","type-page","status-publish","hentry"],"_links":{"self":[{"href":"https:\/\/www.klasmeier.com\/pl\/wp-json\/wp\/v2\/pages\/10180","targetHints":{"allow":["GET"]}}],"collection":[{"href":"https:\/\/www.klasmeier.com\/pl\/wp-json\/wp\/v2\/pages"}],"about":[{"href":"https:\/\/www.klasmeier.com\/pl\/wp-json\/wp\/v2\/types\/page"}],"author":[{"embeddable":true,"href":"https:\/\/www.klasmeier.com\/pl\/wp-json\/wp\/v2\/users\/4"}],"replies":[{"embeddable":true,"href":"https:\/\/www.klasmeier.com\/pl\/wp-json\/wp\/v2\/comments?post=10180"}],"version-history":[{"count":3,"href":"https:\/\/www.klasmeier.com\/pl\/wp-json\/wp\/v2\/pages\/10180\/revisions"}],"predecessor-version":[{"id":11971,"href":"https:\/\/www.klasmeier.com\/pl\/wp-json\/wp\/v2\/pages\/10180\/revisions\/11971"}],"up":[{"embeddable":true,"href":"https:\/\/www.klasmeier.com\/pl\/wp-json\/wp\/v2\/pages\/10164"}],"wp:attachment":[{"href":"https:\/\/www.klasmeier.com\/pl\/wp-json\/wp\/v2\/media?parent=10180"}],"curies":[{"name":"wp","href":"https:\/\/api.w.org\/{rel}","templated":true}]}}