{"id":10164,"date":"2024-03-12T16:50:42","date_gmt":"2024-03-12T15:50:42","guid":{"rendered":"https:\/\/www.klasmeier.com\/?page_id=10164"},"modified":"2025-02-24T14:23:27","modified_gmt":"2025-02-24T13:23:27","slug":"firma","status":"publish","type":"page","link":"https:\/\/www.klasmeier.com\/pl\/firma\/","title":{"rendered":"Firma"},"content":{"rendered":"\n<figure class=\"wp-block-image alignfull size-full\"><img decoding=\"async\" src=\"https:\/\/www.klasmeier.com\/wp-content\/uploads\/2024\/03\/Klasmeier-Header-1.jpg\" alt=\"\" class=\"wp-image-1581\"\/><\/figure>\n\n\n\n<div class=\"wp-block-group alignwide has-global-padding is-layout-constrained wp-container-core-group-is-layout-e1df7a91 wp-block-group-is-layout-constrained\" style=\"padding-top:var(--wp--preset--spacing--20);padding-bottom:var(--wp--preset--spacing--20)\">\n<h3 class=\"wp-block-heading alignwide has-text-align-center\"><strong><strong>Klasmeier &#8211; Precyzja w temperaturze<\/strong><\/strong><\/h3>\n\n\n\n<figure class=\"wp-block-image alignwide size-full has-custom-border hvr-grow\"><img loading=\"lazy\" decoding=\"async\" width=\"1600\" height=\"1067\" src=\"https:\/\/www.klasmeier.com\/wp-content\/uploads\/2024\/03\/PK-TK.jpg\" alt=\"\" class=\"wp-image-1514\" style=\"border-radius:50px\" srcset=\"https:\/\/www.klasmeier.com\/wp-content\/uploads\/2024\/03\/PK-TK.jpg 1600w, https:\/\/www.klasmeier.com\/wp-content\/uploads\/2024\/03\/PK-TK-300x200.jpg 300w, https:\/\/www.klasmeier.com\/wp-content\/uploads\/2024\/03\/PK-TK-1024x683.jpg 1024w, https:\/\/www.klasmeier.com\/wp-content\/uploads\/2024\/03\/PK-TK-768x512.jpg 768w, https:\/\/www.klasmeier.com\/wp-content\/uploads\/2024\/03\/PK-TK-1536x1024.jpg 1536w, https:\/\/www.klasmeier.com\/wp-content\/uploads\/2024\/03\/PK-TK-600x400.jpg 600w\" sizes=\"auto, (max-width: 1600px) 100vw, 1600px\" \/><figcaption class=\"wp-element-caption\">In\u017cynierowie dyplomowani Peter i Thomas Klasmeier<\/figcaption><\/figure>\n<\/div>\n\n\n\n<div class=\"wp-block-group alignfull has-accent-background-color has-background has-global-padding is-layout-constrained wp-container-core-group-is-layout-570efc33 wp-block-group-is-layout-constrained\" style=\"padding-top:var(--wp--preset--spacing--30);padding-right:var(--wp--preset--spacing--30);padding-bottom:var(--wp--preset--spacing--30);padding-left:var(--wp--preset--spacing--30)\">\n<p class=\"has-text-align-center\" style=\"font-size:clamp(0.875rem, 0.875rem + ((1vw - 0.2rem) * 0.708), 1.3rem);\">Klasmeier to \u015bredniej wielko\u015bci firma rodzinna z siedzib\u0105 w Fulda.&nbsp;Od ponad 35 lat pozostaje w r\u0119kach rodziny i jest zarz\u0105dzana w drugim pokoleniu przez in\u017cyniera dyplomowanego Thomasa Klasmeiera.<\/p>\n\n\n\n<p class=\"has-text-align-center\" style=\"font-size:clamp(0.875rem, 0.875rem + ((1vw - 0.2rem) * 0.708), 1.3rem);\">Firma specjalizuje si\u0119 w\u00a0<a href=\"\/pl\/produkte\/\">pomiarze temperatury i kalibracji temperatury<\/a>, prowadzi\u00a0<a href=\"http:\/\/www.kalibrierdienst-klasmeier.de\/\" target=\"_blank\" rel=\"noopener\">serwis kalibracyjny Klasmeier<\/a>, organizuje\u00a0<a href=\"\/seminare\/\">szkolenia<\/a>\u00a0oraz produkuje\u00a0<a href=\"http:\/\/www.exacal.de\/\" target=\"_blank\" rel=\"noopener\">precyzyjne termometry eXacal.<\/a><\/p>\n<\/div>\n\n\n\n<div class=\"wp-block-group alignfull has-global-padding is-layout-constrained wp-container-core-group-is-layout-a87bbb62 wp-block-group-is-layout-constrained\" style=\"padding-top:var(--wp--preset--spacing--30);padding-right:var(--wp--preset--spacing--30);padding-bottom:var(--wp--preset--spacing--30);padding-left:var(--wp--preset--spacing--30)\">\n<h3 class=\"wp-block-heading alignwide\"><strong><strong>Ponad 35 lat &#8211; Precyzja w temperaturze<\/strong><\/strong><\/h3>\n\n\n\n<p class=\"has-text-align-left\">W listopadzie 1986 roku firma Klasmeier zosta\u0142a za\u0142o\u017cona jako sp\u00f3\u0142ka dystrybucyjna urz\u0105dze\u0144 do kalibracji temperatury marki&nbsp;<a href=\"https:\/\/www.klasmeier.com\/unternehmen\/isotech\/\">ISOTECH<\/a>. Od tego czasu zakres dzia\u0142alno\u015bci stale si\u0119 rozszerza\u0142. Do projektowania i uruchamiania urz\u0105dze\u0144 kalibracyjnych do\u0142\u0105czy\u0142y tak\u017ce precyzyjne odwzorowywanie i pomiar parametru fizycznego, jakim jest temperatura.<\/p>\n\n\n\n<figure class=\"wp-block-image aligncenter size-full is-resized has-custom-border hvr-grow\"><img loading=\"lazy\" decoding=\"async\" width=\"350\" height=\"226\" src=\"https:\/\/www.klasmeier.com\/wp-content\/uploads\/2024\/03\/image-1.jpeg\" alt=\"\" class=\"wp-image-1543\" style=\"border-radius:50px;width:620px\" srcset=\"https:\/\/www.klasmeier.com\/wp-content\/uploads\/2024\/03\/image-1.jpeg 350w, https:\/\/www.klasmeier.com\/wp-content\/uploads\/2024\/03\/image-1-300x194.jpeg 300w\" sizes=\"auto, (max-width: 350px) 100vw, 350px\" \/><figcaption class=\"wp-element-caption\">Biuro sprzeda\u017cy w 1986 roku<\/figcaption><\/figure>\n\n\n\n<p class=\"has-text-align-left\">Od 1997 roku prowadzimy w\u0142asne&nbsp;<a href=\"http:\/\/www.kalibrierdienst-klasmeier.de\/\" target=\"_blank\" rel=\"noopener\">akredytowane laboratorium kalibracyjne temperatury<\/a>. Zazwyczaj w takich laboratoriach urz\u0105dzenia pomiarowe s\u0105 kalibrowane poprzez por\u00f3wnanie z czujnikami referencyjnymi w termostatach. Udokumentowana r\u00f3\u017cnica stanowi wynik kalibracji. My jednak stosujemy inn\u0105 metod\u0119, wykorzystuj\u0105c definicyjne punkty odniesienia Mi\u0119dzynarodowej Skali Temperatur ITS-90, aby przeprowadza\u0107 kalibracje o najwy\u017cszej precyzji. W zakresie temperatur od -189 \u00b0C (punkt potr\u00f3jny wysokiej czysto\u015bci argonu) do 962 \u00b0C (punkt krzepni\u0119cia wysokiej czysto\u015bci srebra) mo\u017cemy odwzorowywa\u0107 te punkty odniesienia z dok\u0142adno\u015bci\u0105 do 1\/1000 \u00b0C (1 mK).<\/p>\n\n\n\n<div class=\"wp-block-group alignfull has-global-padding is-layout-constrained wp-container-core-group-is-layout-635d5d07 wp-block-group-is-layout-constrained\" style=\"padding-right:var(--wp--preset--spacing--30);padding-left:var(--wp--preset--spacing--30)\">\n<figure class=\"wp-block-image aligncenter size-full is-resized has-custom-border hvr-grow\"><img loading=\"lazy\" decoding=\"async\" width=\"383\" height=\"247\" src=\"https:\/\/www.klasmeier.com\/wp-content\/uploads\/2024\/03\/image-1.png\" alt=\"\" class=\"wp-image-1589\" style=\"border-radius:50px;width:620px\" srcset=\"https:\/\/www.klasmeier.com\/wp-content\/uploads\/2024\/03\/image-1.png 383w, https:\/\/www.klasmeier.com\/wp-content\/uploads\/2024\/03\/image-1-300x193.png 300w\" sizes=\"auto, (max-width: 383px) 100vw, 383px\" \/><figcaption class=\"wp-element-caption\">Stoisko targowe firmy Klasmeier<\/figcaption><\/figure>\n<\/div>\n\n\n\n<p class=\"has-text-align-left\">Nasze punkty odniesienia i urz\u0105dzenia pomiarowe s\u0105 powi\u0105zane z niemieckimi standardami krajowymi PTB (Physikalisch-Technische Bundesanstalt) oraz brytyjsk\u0105 s\u0142u\u017cb\u0105 kalibracyjn\u0105 UKAS i DAkkS. Dzi\u0119ki temu wszystkie nasze pomiary i kalibracje s\u0105 powi\u0105zane z normami krajowymi oraz mi\u0119dzynarodowymi. Ponadto mo\u017cemy wykonywa\u0107 mo\u017cliwe do prze\u015bledzenia kalibracje zak\u0142adowe w zakresie temperatur od -200 \u00b0C do 1300 \u00b0C.<\/p>\n\n\n\n<p class=\"has-text-align-left\">Na pocz\u0105tku 2007 roku przenie\u015bli\u015bmy si\u0119 do nowych pomieszcze\u0144 przy ulicy Flemingstra\u00dfe w Fulda. Dzi\u0119ki temu trzykrotnie zwi\u0119kszyli\u015bmy powierzchni\u0119 naszego laboratorium kalibracyjnego.<\/p>\n<\/div>\n\n\n\n<div class=\"wp-block-group alignfull has-accent-background-color has-background has-global-padding is-layout-constrained wp-container-core-group-is-layout-bf4c8e8a wp-block-group-is-layout-constrained\" style=\"margin-top:0;margin-bottom:0;padding-top:var(--wp--preset--spacing--30);padding-right:var(--wp--preset--spacing--30);padding-bottom:var(--wp--preset--spacing--30);padding-left:var(--wp--preset--spacing--30)\">\n<h3 class=\"wp-block-heading alignwide has-text-align-center\"><strong><strong>Historia firmy<\/strong><\/strong><\/h3>\n\n\n\n<p class=\"has-text-align-left\"><strong>1986<\/strong><br>Za\u0142o\u017cenie firmy dystrybucyjnej zajmuj\u0105cej si\u0119 urz\u0105dzeniami do kalibracji temperatury pod mark\u0105&nbsp;<a href=\"https:\/\/www.klasmeier.com\/unternehmen\/isotech\/\">ISOTECH<\/a>&nbsp;przez in\u017c. dypl. Petera Klasmeiera.<\/p>\n\n\n\n<p class=\"has-text-align-left\"><strong>1987 \u2013 1996<\/strong><br>Ci\u0105g\u0142e rozszerzanie zakresu dzia\u0142alno\u015bci, w tym projektowanie i uruchamianie urz\u0105dze\u0144 kalibracyjnych, precyzyjne odwzorowywanie oraz pomiar parametru fizycznego, jakim jest temperatura.<\/p>\n\n\n\n<p class=\"has-text-align-left\"><strong>1996<\/strong><br>Uruchomienie&nbsp;<a href=\"http:\/\/www.kalibrierdienst-klasmeier.de\/\" target=\"_blank\" rel=\"noopener\">akredytowanego laboratorium kalibracyjnego DKD dla pomiaru temperatury<\/a>.<\/p>\n\n\n\n<p class=\"has-text-align-left\">Nasze punkty odniesienia i urz\u0105dzenia pomiarowe s\u0105 powi\u0105zane z niemieckimi standardami krajowymi PTB (Physikalisch-Technische Bundesanstalt) oraz brytyjsk\u0105 s\u0142u\u017cb\u0105 kalibracyjn\u0105 UKAS. Dzi\u0119ki temu wszystkie pomiary i kalibracje s\u0105 powi\u0105zane zar\u00f3wno z krajowymi, jak i mi\u0119dzynarodowymi normami. Kalibracje mog\u0105 by\u0107 przeprowadzane w zakresie temperatur od -200 \u00b0C do 1300 \u00b0C.<\/p>\n<\/div>\n\n\n\n<div class=\"wp-block-group alignfull has-global-padding is-layout-constrained wp-container-core-group-is-layout-bf4c8e8a wp-block-group-is-layout-constrained\" style=\"margin-top:0;margin-bottom:0;padding-top:var(--wp--preset--spacing--30);padding-right:var(--wp--preset--spacing--30);padding-bottom:var(--wp--preset--spacing--30);padding-left:var(--wp--preset--spacing--30)\">\n<p class=\"has-text-align-left\"><strong>2004<\/strong><br><a href=\"https:\/\/klasmeier.engineer\/ueber-mich-thomas-klasmeier\/\" target=\"_blank\" rel=\"noopener\">In\u017c. dypl. (FH) Thomas Klasmeier<\/a>&nbsp;zostaje, obok in\u017c. dypl. Petera Klasmeiera, powo\u0142any na jedynego upowa\u017cnionego dyrektora zarz\u0105dzaj\u0105cego.<\/p>\n\n\n\n<p class=\"has-text-align-left\">Rozszerzenie akredytacji DKD na kalibracj\u0119 w temperaturach sta\u0142ych punkt\u00f3w odniesienia: mo\u017cliwe s\u0105 kalibracje DKD w zakresie od -38,8344 \u00b0C do 419,527 \u00b0C.<\/p>\n\n\n\n<p class=\"has-text-align-left\"><strong>2005<\/strong><br>Rozszerzenie akredytacji DKD o punkt odniesienia dla aluminium: mo\u017cliwe s\u0105 kalibracje DKD w zakresie od -38,8344 \u00b0C do 660,323 \u00b0C.<\/p>\n<\/div>\n\n\n\n<div class=\"wp-block-group alignfull has-accent-background-color has-background has-global-padding is-layout-constrained wp-container-core-group-is-layout-bf4c8e8a wp-block-group-is-layout-constrained\" style=\"margin-top:0;margin-bottom:0;padding-top:var(--wp--preset--spacing--30);padding-right:var(--wp--preset--spacing--30);padding-bottom:var(--wp--preset--spacing--30);padding-left:var(--wp--preset--spacing--30)\">\n<p class=\"has-text-align-left\"><strong>2007<\/strong><br>Przeniesienie firmy do wi\u0119kszego budynku w parku przemys\u0142owym M\u00fcnsterfeld w Fulda. Dzi\u0119ki temu trzykrotnie zwi\u0119kszono przestrze\u0144 laboratorium kalibracyjnego.<\/p>\n\n\n\n<figure class=\"wp-block-image aligncenter size-full is-resized has-custom-border hvr-grow\"><img loading=\"lazy\" decoding=\"async\" width=\"1024\" height=\"480\" src=\"https:\/\/www.klasmeier.com\/wp-content\/uploads\/2024\/03\/1-Klasmeier-Kalibrier-und-Messtechnik-GmbH-1024x480-1.jpg\" alt=\"\" class=\"wp-image-1591\" style=\"border-radius:50px;width:620px\" srcset=\"https:\/\/www.klasmeier.com\/wp-content\/uploads\/2024\/03\/1-Klasmeier-Kalibrier-und-Messtechnik-GmbH-1024x480-1.jpg 1024w, https:\/\/www.klasmeier.com\/wp-content\/uploads\/2024\/03\/1-Klasmeier-Kalibrier-und-Messtechnik-GmbH-1024x480-1-300x141.jpg 300w, https:\/\/www.klasmeier.com\/wp-content\/uploads\/2024\/03\/1-Klasmeier-Kalibrier-und-Messtechnik-GmbH-1024x480-1-768x360.jpg 768w, https:\/\/www.klasmeier.com\/wp-content\/uploads\/2024\/03\/1-Klasmeier-Kalibrier-und-Messtechnik-GmbH-1024x480-1-600x281.jpg 600w\" sizes=\"auto, (max-width: 1024px) 100vw, 1024px\" \/><figcaption class=\"wp-element-caption\">Nowa siedziba firmy Klasmeier<\/figcaption><\/figure>\n\n\n\n<p class=\"has-text-align-left\"><strong>2009<\/strong><br>Rozszerzenie akredytacji DKD o punkt odniesienia dla srebra: Jako jedyne laboratorium w Niemczech mo\u017cemy przeprowadza\u0107 kalibracje DKD w zakresie od -38,8344 \u00b0C do 971,78 \u00b0C.<\/p>\n<\/div>\n\n\n\n<div class=\"wp-block-group alignfull has-global-padding is-layout-constrained wp-container-core-group-is-layout-bf4c8e8a wp-block-group-is-layout-constrained\" style=\"margin-top:0;margin-bottom:0;padding-top:var(--wp--preset--spacing--30);padding-right:var(--wp--preset--spacing--30);padding-bottom:var(--wp--preset--spacing--30);padding-left:var(--wp--preset--spacing--30)\">\n<figure class=\"wp-block-image aligncenter size-full is-resized hvr-grow\"><img loading=\"lazy\" decoding=\"async\" width=\"310\" height=\"89\" src=\"https:\/\/www.klasmeier.com\/wp-content\/uploads\/2024\/03\/exacal.png\" alt=\"\" class=\"wp-image-1593\" style=\"width:352px;height:auto\" srcset=\"https:\/\/www.klasmeier.com\/wp-content\/uploads\/2024\/03\/exacal.png 310w, https:\/\/www.klasmeier.com\/wp-content\/uploads\/2024\/03\/exacal-300x86.png 300w\" sizes=\"auto, (max-width: 310px) 100vw, 310px\" \/><\/figure>\n\n\n\n<p class=\"has-text-align-left\"><strong>2011<\/strong><br>Rejestracja marki&nbsp;<a href=\"http:\/\/www.exacal.de\/\" target=\"_blank\" rel=\"noopener\">eXacal<\/a>.<\/p>\n\n\n\n<p class=\"has-text-align-left\"><strong>2011<\/strong><br>Rozszerzenie akredytacji DKD o punkt potr\u00f3jny argonu: Mo\u017cliwe s\u0105 kalibracje DKD w zakresie od -189,3442 \u00b0C do 971,78 \u00b0C.<\/p>\n\n\n\n<p class=\"has-text-align-left\"><strong>2012<\/strong><br>Nasza us\u0142uga kalibracyjna otrzymuje now\u0105 akredytacj\u0119 DAkkS.<br>Po pomy\u015blnym audycie dotychczasowa akredytacja DKD zosta\u0142a przekszta\u0142cona w akredytacj\u0119 DAkkS.<br>Nowy numer akredytacji laboratorium kalibracyjnego to D-K-15224-01-00.<\/p>\n<\/div>\n\n\n\n<div class=\"wp-block-group alignfull has-accent-background-color has-background has-global-padding is-layout-constrained wp-container-core-group-is-layout-bf4c8e8a wp-block-group-is-layout-constrained\" style=\"margin-top:0;margin-bottom:0;padding-top:var(--wp--preset--spacing--30);padding-right:var(--wp--preset--spacing--30);padding-bottom:var(--wp--preset--spacing--30);padding-left:var(--wp--preset--spacing--30)\">\n<p class=\"has-text-align-left\"><strong>2015<\/strong><br>Rozszerzenie akredytacji DAkkS na kalibracj\u0119 mostk\u00f3w pomiarowych AC\/DC z najmniejszymi niepewno\u015bciami pomiarowymi w DAkkS.<\/p>\n\n\n\n<p class=\"has-text-align-left\"><strong>2016<\/strong><br>Nowe partnerstwo dystrybucyjne: Klasmeier przejmuje reprezentacj\u0119 lidera rynku\u00a0<a href=\"\/pl\/produkt-kategorie\/messwiderstaende\/\">r\u0119cznie wykonywanych platynowych rezystor\u00f3w pomiarowych \/ czujnik\u00f3w temperatury<\/a>\u00a0firmy\u00a0<a href=\"\/tdi-pt100-messwiderstaende\/\">TDI &#8211; Thermal Development International<\/a>.<\/p>\n\n\n\n<p class=\"has-text-align-left\"><strong>2020<\/strong><br>Rozpocz\u0119cie dzia\u0142alno\u015bci nowej\u00a0<a href=\"https:\/\/www.exacal.de\/\" target=\"_blank\" rel=\"noopener\">Manufaktury Termometr\u00f3w eXacal<\/a>. W tym miejscu\u00a0<a href=\"\/pl\/praezisionsthermometer-von-klasmeier\/\">precyzyjne termometry<\/a>\u00a0s\u0105 teraz produkowane r\u0119cznie w Fulda\/Niemcy. Opr\u00f3cz konstrukcji samych termometr\u00f3w, du\u017cy nacisk k\u0142adzie si\u0119 r\u00f3wnie\u017c na rozw\u00f3j w\u0142asnych narz\u0119dzi i proces\u00f3w produkcyjnych.<\/p>\n<\/div>\n\n\n\n<div class=\"wp-block-group alignfull has-global-padding is-layout-constrained wp-container-core-group-is-layout-530ec779 wp-block-group-is-layout-constrained\">\n<div class=\"wp-block-group alignfull has-global-padding is-layout-constrained wp-container-core-group-is-layout-a7646d0d wp-block-group-is-layout-constrained\" style=\"margin-top:0;margin-bottom:0;padding-top:var(--wp--preset--spacing--30);padding-right:var(--wp--preset--spacing--30);padding-bottom:var(--wp--preset--spacing--30);padding-left:var(--wp--preset--spacing--30)\">\n<figure class=\"wp-block-image aligncenter size-full is-resized has-custom-border hvr-grow\"><img loading=\"lazy\" decoding=\"async\" width=\"1600\" height=\"1003\" src=\"https:\/\/www.klasmeier.com\/wp-content\/uploads\/2024\/03\/eXacal_Fertigung.jpg\" alt=\"\" class=\"wp-image-1392\" style=\"border-radius:50px;width:620px\" srcset=\"https:\/\/www.klasmeier.com\/wp-content\/uploads\/2024\/03\/eXacal_Fertigung.jpg 1600w, https:\/\/www.klasmeier.com\/wp-content\/uploads\/2024\/03\/eXacal_Fertigung-300x188.jpg 300w, https:\/\/www.klasmeier.com\/wp-content\/uploads\/2024\/03\/eXacal_Fertigung-1024x642.jpg 1024w, https:\/\/www.klasmeier.com\/wp-content\/uploads\/2024\/03\/eXacal_Fertigung-768x481.jpg 768w, https:\/\/www.klasmeier.com\/wp-content\/uploads\/2024\/03\/eXacal_Fertigung-1536x963.jpg 1536w, https:\/\/www.klasmeier.com\/wp-content\/uploads\/2024\/03\/eXacal_Fertigung-600x376.jpg 600w\" sizes=\"auto, (max-width: 1600px) 100vw, 1600px\" \/><figcaption class=\"wp-element-caption\">Manufaktura Termometr\u00f3w eXacal<\/figcaption><\/figure>\n<\/div>\n\n\n\n<p><strong>2024<\/strong><br>Us\u0142uga kalibracyjna Klasmeier otrzymuje now\u0105 akredytacj\u0119 DAkkS.<br>Po pomy\u015blnym audycie mo\u017cemy teraz oferowa\u0107 <a href=\"https:\/\/www.klasmeier.com\/pl\/eignungspruefung-temperatur\/\">akredytowane testy bieg\u0142o\u015bci<\/a> zgodnie z DIN EN ISO\/IEC 17043. Numer akredytacji jako dostawca test\u00f3w bieg\u0142o\u015bci to D-EP-15224-01-00.<\/p>\n\n\n\n<div style=\"height:30px\" aria-hidden=\"true\" class=\"wp-block-spacer\"><\/div>\n<\/div>\n","protected":false},"excerpt":{"rendered":"<p>Klasmeier &#8211; Precyzja w temperaturze Klasmeier to \u015bredniej wielko\u015bci firma rodzinna z siedzib\u0105 w Fulda.&nbsp;Od ponad 35 lat pozostaje w r\u0119kach rodziny i jest zarz\u0105dzana w drugim pokoleniu przez in\u017cyniera dyplomowanego Thomasa Klasmeiera. Firma specjalizuje si\u0119 w\u00a0pomiarze temperatury i kalibracji temperatury, prowadzi\u00a0serwis kalibracyjny Klasmeier, organizuje\u00a0szkolenia\u00a0oraz produkuje\u00a0precyzyjne termometry eXacal. Ponad 35 lat &#8211; Precyzja w temperaturze [&hellip;]<\/p>\n","protected":false},"author":4,"featured_media":0,"parent":0,"menu_order":0,"comment_status":"closed","ping_status":"closed","template":"","meta":{"footnotes":""},"class_list":["post-10164","page","type-page","status-publish","hentry"],"_links":{"self":[{"href":"https:\/\/www.klasmeier.com\/pl\/wp-json\/wp\/v2\/pages\/10164","targetHints":{"allow":["GET"]}}],"collection":[{"href":"https:\/\/www.klasmeier.com\/pl\/wp-json\/wp\/v2\/pages"}],"about":[{"href":"https:\/\/www.klasmeier.com\/pl\/wp-json\/wp\/v2\/types\/page"}],"author":[{"embeddable":true,"href":"https:\/\/www.klasmeier.com\/pl\/wp-json\/wp\/v2\/users\/4"}],"replies":[{"embeddable":true,"href":"https:\/\/www.klasmeier.com\/pl\/wp-json\/wp\/v2\/comments?post=10164"}],"version-history":[{"count":3,"href":"https:\/\/www.klasmeier.com\/pl\/wp-json\/wp\/v2\/pages\/10164\/revisions"}],"predecessor-version":[{"id":10486,"href":"https:\/\/www.klasmeier.com\/pl\/wp-json\/wp\/v2\/pages\/10164\/revisions\/10486"}],"wp:attachment":[{"href":"https:\/\/www.klasmeier.com\/pl\/wp-json\/wp\/v2\/media?parent=10164"}],"curies":[{"name":"wp","href":"https:\/\/api.w.org\/{rel}","templated":true}]}}