{"id":10025,"date":"2024-04-21T18:05:05","date_gmt":"2024-04-21T16:05:05","guid":{"rendered":"https:\/\/www.klasmeier.com\/?page_id=10025"},"modified":"2025-04-02T11:43:40","modified_gmt":"2025-04-02T09:43:40","slug":"partnerzy-dystrybucyjni","status":"publish","type":"page","link":"https:\/\/www.klasmeier.com\/pl\/partnerzy-dystrybucyjni\/","title":{"rendered":"Partnerzy dystrybucyjni"},"content":{"rendered":"\n<div class=\"wp-block-group alignfull has-global-padding is-layout-constrained wp-container-core-group-is-layout-e6038ede wp-block-group-is-layout-constrained\" style=\"padding-top:var(--wp--preset--spacing--30);padding-bottom:var(--wp--preset--spacing--30)\">\n<h2 class=\"wp-block-heading alignwide\"><strong><strong>Partnerzy dystrybucyjni<\/strong><\/strong><\/h2>\n\n\n\n<div class=\"wp-block-group alignwide has-global-padding is-content-justification-center is-layout-constrained wp-container-core-group-is-layout-7cd3bfbb wp-block-group-is-layout-constrained\">\n<iframe src=\"https:\/\/www.google.com\/maps\/embed?pb=!1m14!1m8!1m3!1d5070.061945941722!2d9.644794!3d50.552194!3m2!1i1024!2i768!4f13.1!3m3!1m2!1s0x47a3344057492cb3%3A0x97f8a5df7758c8c1!2sKlasmeier%20Kalibrier-%20und%20Messtechnik%20GmbH!5e0!3m2!1sde!2sus!4v1710894420650!5m2!1sde!2sus\" width=\"1280\" height=\"500\" style=\"border:0;\" allowfullscreen=\"\" loading=\"lazy\" referrerpolicy=\"no-referrer-when-downgrade\"><\/iframe>\n<\/div>\n\n\n\n<div class=\"wp-block-group alignwide has-global-padding is-layout-constrained wp-block-group-is-layout-constrained\" style=\"padding-top:var(--wp--preset--spacing--20);padding-bottom:var(--wp--preset--spacing--20)\">\n<h3 class=\"wp-block-heading alignwide\">Siedziba g\u0142\u00f3wna \/ Dystrybucja w Niemczech i na ca\u0142ym \u015bwiecie<\/h3>\n\n\n\n<div class=\"wp-block-group alignwide is-vertical is-layout-flex wp-container-core-group-is-layout-fe9cc265 wp-block-group-is-layout-flex\">\n<figure class=\"wp-block-image alignleft size-full is-resized\"><img loading=\"lazy\" decoding=\"async\" width=\"2952\" height=\"738\" src=\"https:\/\/www.klasmeier.com\/wp-content\/uploads\/2024\/02\/KK-Slogan-300-dpi.png\" alt=\"\" class=\"wp-image-34\" style=\"width:267px;height:auto\" srcset=\"https:\/\/www.klasmeier.com\/wp-content\/uploads\/2024\/02\/KK-Slogan-300-dpi.png 2952w, https:\/\/www.klasmeier.com\/wp-content\/uploads\/2024\/02\/KK-Slogan-300-dpi-300x75.png 300w, https:\/\/www.klasmeier.com\/wp-content\/uploads\/2024\/02\/KK-Slogan-300-dpi-1024x256.png 1024w, https:\/\/www.klasmeier.com\/wp-content\/uploads\/2024\/02\/KK-Slogan-300-dpi-768x192.png 768w, https:\/\/www.klasmeier.com\/wp-content\/uploads\/2024\/02\/KK-Slogan-300-dpi-1536x384.png 1536w, https:\/\/www.klasmeier.com\/wp-content\/uploads\/2024\/02\/KK-Slogan-300-dpi-2048x512.png 2048w\" sizes=\"auto, (max-width: 2952px) 100vw, 2952px\" \/><\/figure>\n\n\n\n<h6 class=\"wp-block-heading alignwide has-text-align-left\" style=\"font-size:clamp(0.984rem, 0.984rem + ((1vw - 0.2rem) * 0.86), 1.5rem);\"><strong>Klasmeier<\/strong><br><strong>Kalibrier- und Messtechnik GmbH<\/strong><\/h6>\n<\/div>\n\n\n\n<div class=\"wp-block-group alignwide is-content-justification-space-between is-nowrap is-layout-flex wp-container-core-group-is-layout-cb46ffcb wp-block-group-is-layout-flex\">\n<p style=\"font-size:clamp(0.875rem, 0.875rem + ((1vw - 0.2rem) * 0.708), 1.3rem);\"><strong>Adres<\/strong><br>Flemingstrasse 12-14<br>36041 Fulda \u2013 Niemcy<\/p>\n\n\n\n<p style=\"font-size:clamp(0.875rem, 0.875rem + ((1vw - 0.2rem) * 0.708), 1.3rem);\"><br>Telefon\u00a0+49 661 380 940 0<br><\/p>\n\n\n\n<p style=\"font-size:clamp(0.875rem, 0.875rem + ((1vw - 0.2rem) * 0.708), 1.3rem);\"><br><strong>\u015aled\u017a nas na:<br><\/strong><a href=\"https:\/\/de.linkedin.com\/company\/klasmeier\" target=\"_blank\" rel=\"noopener\">LinkedIn<\/a> <i class=\"fab fa-linkedin-in\"><\/i><\/p>\n<\/div>\n<\/div>\n<\/div>\n\n\n\n<div class=\"wp-block-group alignfull has-global-padding is-layout-constrained wp-block-group-is-layout-constrained\">\n<h3 class=\"wp-block-heading alignwide\">Mi\u0119dzynarodowi partnerzy dystrybucyjni<\/h3>\n\n\n\n<div class=\"wp-block-columns alignwide is-layout-flex wp-container-core-columns-is-layout-a58e361c wp-block-columns-is-layout-flex\" style=\"padding-top:var(--wp--preset--spacing--30);padding-right:var(--wp--preset--spacing--30);padding-bottom:var(--wp--preset--spacing--30);padding-left:var(--wp--preset--spacing--30)\">\n<div class=\"wp-block-column is-vertically-aligned-stretch is-layout-flow wp-container-core-column-is-layout-5d8b474c wp-block-column-is-layout-flow\" style=\"padding-top:0;padding-right:0;padding-bottom:0;padding-left:0\">\n<h4 class=\"wp-block-heading has-text-align-center\"><strong>Polska<\/strong><\/h4>\n\n\n\n<div class=\"wp-block-group hvr-grow has-accent-background-color has-background is-vertical is-content-justification-stretch is-layout-flex wp-container-core-group-is-layout-e4cb8d06 wp-block-group-is-layout-flex\" style=\"border-radius:50px;padding-top:var(--wp--preset--spacing--30);padding-right:var(--wp--preset--spacing--30);padding-bottom:var(--wp--preset--spacing--30);padding-left:var(--wp--preset--spacing--30)\">\n<div class=\"wp-block-group has-global-padding is-layout-constrained wp-container-core-group-is-layout-b1d50903 wp-block-group-is-layout-constrained\" style=\"padding-top:var(--wp--preset--spacing--20);padding-bottom:var(--wp--preset--spacing--20)\">\n<figure class=\"wp-block-image aligncenter size-full is-resized\"><img loading=\"lazy\" decoding=\"async\" width=\"300\" height=\"40\" src=\"https:\/\/www.klasmeier.com\/wp-content\/uploads\/alitech_poland-300x40-1.png\" alt=\"\" class=\"wp-image-2871\" style=\"width:360px;height:auto\"\/><\/figure>\n<\/div>\n\n\n\n<p><strong>alitech sp. z o. o.<\/strong><br>ul.Stobrawska 30<br>54-211 Wroc\u0142aw<br>Polska<\/p>\n\n\n\n<p>Telefon: +48 71 3521992<\/p>\n\n\n\n<p>E-Mail: <a href=\"https:&#47;&#x2f;&#119;&#x77;&#119;&#x2e;k&#x6c;a&#x73;m&#101;&#x69;&#101;&#x72;&#46;&#x63;&#111;&#x6d;\/&#x76;e&#x72;t&#114;&#x69;&#101;&#x62;&#115;&#x70;&#97;&#x72;t&#x6e;e&#x72;\/&#98;&#x69;&#117;&#x72;&#111;&#x40;a&#x6c;i&#x74;e&#99;&#x68;&#46;&#x63;&#111;&#x6d;&#46;&#x70;l&quot;>&#98;i&#x75;r&#x6f;&#64;&#x61;l&#x69;t&#x65;c&#x68;&#46;&#x63;&#111;&#x6d;&#46;&#x70;&#108;<\/a>&#8222;><\/a><a href=\"&#109;&#x61;&#105;&#x6c;t&#x6f;:&#98;&#x69;&#117;&#x72;o&#x40;a&#108;&#x69;&#116;&#x65;c&#x68;&#46;&#99;&#x6f;&#109;&#x2e;p&#x6c;\">&#x62;&#105;u&#x72;&#x6f;&#64;a&#x6c;&#x69;&#116;e&#x63;&#x68;&#46;c&#x6f;&#x6d;&#46;p&#x6c;<\/a><br>Strona internetowa:&nbsp;<a href=\"http:\/\/www.alitech.com.pl\/\" target=\"_blank\" rel=\"noopener\">www.alitech.com.pl<\/a><\/p>\n\n\n\n<p>Osoba kontaktowa: Alina Solon-Lipi\u0144ska, CEO<\/p>\n<\/div>\n<\/div>\n\n\n\n<div class=\"wp-block-column is-layout-flow wp-container-core-column-is-layout-5d8b474c wp-block-column-is-layout-flow\" style=\"padding-top:0;padding-right:0;padding-bottom:0;padding-left:0\">\n<h4 class=\"wp-block-heading has-text-align-center\"><strong>Szwajcaria<\/strong><\/h4>\n\n\n\n<div class=\"wp-block-group hvr-grow has-accent-background-color has-background is-vertical is-content-justification-stretch is-layout-flex wp-container-core-group-is-layout-21c4ce27 wp-block-group-is-layout-flex\" style=\"border-radius:50px;padding-top:var(--wp--preset--spacing--30);padding-right:var(--wp--preset--spacing--30);padding-bottom:var(--wp--preset--spacing--30);padding-left:var(--wp--preset--spacing--30)\">\n<div class=\"wp-block-group has-global-padding is-layout-constrained wp-container-core-group-is-layout-b1d50903 wp-block-group-is-layout-constrained\" style=\"padding-top:var(--wp--preset--spacing--20);padding-bottom:var(--wp--preset--spacing--20)\">\n<figure class=\"wp-block-image aligncenter size-full is-resized\"><img loading=\"lazy\" decoding=\"async\" width=\"300\" height=\"68\" src=\"https:\/\/www.klasmeier.com\/wp-content\/uploads\/ALLMETRA-300x68-1.png\" alt=\"\" class=\"wp-image-2874\" style=\"width:353px;height:auto\"\/><\/figure>\n<\/div>\n\n\n\n<p><strong>ALLMETRA AG<\/strong><br>Flughofstrasse 57<br>8152 Glattbrugg-Z\u00fcrich<br>Szwajcaria<\/p>\n\n\n\n<p>Telefon: +41 44 302 4455<br>E-Mail: <a href=\"http:\/\/<a href=&quot;&#109;&#x61;&#x69;&#108;&#x74;&#x6f;:&#x69;&#x6e;f&#111;&#x40;a&#108;&#x6c;m&#101;&#x74;r&#97;&#x2e;c&#111;&#x6d;&quot;>&#105;&#x6e;&#102;&#x6f;&#64;&#x61;l&#108;&#x6d;&#101;&#x74;&#114;&#x61;&#46;&#x63;o&#109;<\/a>&#8222;><\/a><a href=\"&#109;&#97;&#x69;l&#116;&#x6f;&#x3a;i&#110;&#x66;&#x6f;&#64;&#97;&#x6c;l&#109;&#x65;&#x74;r&#97;&#x2e;&#x63;o&#109;\">&#x69;&#110;f&#x6f;&#64;a&#x6c;&#108;m&#x65;&#x74;&#114;&#x61;&#x2e;&#99;o&#x6d;<\/a><br>Strona internetowa: <a href=\"http:\/\/www.allmetra.com\/\" target=\"_blank\" rel=\"noopener\">www.allmetra.com<\/a><\/p>\n\n\n\n<p>Osoba kontaktowa: Ren\u00e9 Seiler<\/p>\n<\/div>\n<\/div>\n<\/div>\n\n\n\n<div class=\"wp-block-columns alignwide is-layout-flex wp-container-core-columns-is-layout-a58e361c wp-block-columns-is-layout-flex\" style=\"padding-top:var(--wp--preset--spacing--30);padding-right:var(--wp--preset--spacing--30);padding-bottom:var(--wp--preset--spacing--30);padding-left:var(--wp--preset--spacing--30)\">\n<div class=\"wp-block-column is-vertically-aligned-stretch is-layout-flow wp-container-core-column-is-layout-5d8b474c wp-block-column-is-layout-flow\" style=\"padding-top:0;padding-right:0;padding-bottom:0;padding-left:0\">\n<h4 class=\"wp-block-heading has-text-align-center\"><strong>Meksyk<\/strong><\/h4>\n\n\n\n<div class=\"wp-block-group hvr-grow has-accent-background-color has-background is-vertical is-content-justification-stretch is-layout-flex wp-container-core-group-is-layout-e4cb8d06 wp-block-group-is-layout-flex\" style=\"border-radius:50px;padding-top:var(--wp--preset--spacing--30);padding-right:var(--wp--preset--spacing--30);padding-bottom:var(--wp--preset--spacing--30);padding-left:var(--wp--preset--spacing--30)\">\n<div class=\"wp-block-group has-global-padding is-layout-constrained wp-container-core-group-is-layout-b1d50903 wp-block-group-is-layout-constrained\" style=\"padding-top:var(--wp--preset--spacing--20);padding-bottom:var(--wp--preset--spacing--20)\">\n<figure class=\"wp-block-image aligncenter size-full is-resized has-custom-border\"><img loading=\"lazy\" decoding=\"async\" width=\"300\" height=\"84\" src=\"https:\/\/www.klasmeier.com\/wp-content\/uploads\/Insco-300x84-1.png\" alt=\"\" class=\"wp-image-2882\" style=\"border-radius:15px;width:360px;height:auto\"\/><\/figure>\n<\/div>\n\n\n\n<p><strong><strong>INSCO de M\u00e9xico S. A. de C. V.<\/strong><\/strong><\/p>\n\n\n\n<p>Escape 3-A Local 2<br>Alce Blanco<br>Naucalpan de Ju\u00e1rez<br>Estado de M\u00e9xico<br>Meksyk. 53370<\/p>\n\n\n\n<p>Telefon: +52 55 5359 0088<br>E-mail: <a href=\"&#x6d;&#x61;&#105;lt&#x6f;&#x3a;&#118;&#101;n&#x74;&#x61;&#115;&#64;i&#x6e;&#x73;&#x63;&#111;me&#x78;&#x69;&#99;&#111;&#46;&#x63;&#x6f;&#109;\">&#118;&#101;&#x6e;t&#97;&#x73;&#x40;i&#110;&#x73;&#x63;o&#109;&#x65;x&#105;&#x63;&#x6f;&#46;&#99;&#x6f;&#x6d;<\/a> <br>Strona internetowa: <a href=\"http:\/\/www.inscomex.com\/\" target=\"_blank\" rel=\"noopener\">www.inscomex.com<\/a><\/p>\n<\/div>\n<\/div>\n\n\n\n<div class=\"wp-block-column is-layout-flow wp-container-core-column-is-layout-5d8b474c wp-block-column-is-layout-flow\" style=\"padding-top:0;padding-right:0;padding-bottom:0;padding-left:0\">\n<h4 class=\"wp-block-heading has-text-align-center\"><strong>Argentyna<\/strong><\/h4>\n\n\n\n<div class=\"wp-block-group hvr-grow has-accent-background-color has-background is-vertical is-content-justification-stretch is-layout-flex wp-container-core-group-is-layout-21c4ce27 wp-block-group-is-layout-flex\" style=\"border-radius:50px;padding-top:var(--wp--preset--spacing--30);padding-right:var(--wp--preset--spacing--30);padding-bottom:var(--wp--preset--spacing--30);padding-left:var(--wp--preset--spacing--30)\">\n<div class=\"wp-block-group has-global-padding is-layout-constrained wp-container-core-group-is-layout-b1d50903 wp-block-group-is-layout-constrained\" style=\"padding-top:var(--wp--preset--spacing--20);padding-bottom:var(--wp--preset--spacing--20)\">\n<figure class=\"wp-block-image aligncenter size-full is-resized\"><img loading=\"lazy\" decoding=\"async\" width=\"512\" height=\"128\" src=\"https:\/\/www.klasmeier.com\/wp-content\/uploads\/Sensotec.png\" alt=\"\" class=\"wp-image-2880\" style=\"width:353px;height:auto\" srcset=\"https:\/\/www.klasmeier.com\/wp-content\/uploads\/Sensotec.png 512w, https:\/\/www.klasmeier.com\/wp-content\/uploads\/Sensotec-300x75.png 300w\" sizes=\"auto, (max-width: 512px) 100vw, 512px\" \/><\/figure>\n<\/div>\n\n\n\n<p><strong><strong>Sensotec S. A.<\/strong><\/strong><\/p>\n\n\n\n<p><br>Estomba 831<br>(C1427COS)<br>Bs. As. \u2013 Argentyna<\/p>\n\n\n\n<p>Telefon: (+54 11) 4551 5995<\/p>\n\n\n\n<p>E-mail: <a href=\"https:\/\/w&#119;&#119;&#46;&#107;&#x6c;&#x61;&#x73;&#x6d;&#x65;&#x69;&#x65;r&#46;c&#111;&#109;&#47;&#118;&#101;&#x72;&#x74;&#x72;&#x69;&#x65;&#x62;spar&#116;&#110;&#101;&#114;&#x2f;&#x76;&#x65;&#x6e;&#x74;&#x61;s&#64;se&#110;&#115;&#111;&#116;&#x65;&#x63;&#x2e;&#x63;&#x6f;&#x6d;&#x2e;ar\"><\/a><a href=\"&#x6d;&#x61;&#x69;&#108;&#116;&#111;:v&#x65;&#x6e;&#x74;&#x61;&#115;&#64;se&#x6e;&#x73;&#x6f;&#x74;&#101;&#99;&#46;c&#x6f;&#x6d;&#x2e;&#x61;&#114;\">&#x76;&#x65;&#x6e;&#x74;&#x61;&#x73;&#x40;&#x73;&#x65;&#x6e;&#x73;&#x6f;&#x74;&#x65;&#x63;&#x2e;&#x63;&#x6f;&#x6d;&#x2e;&#x61;&#x72;<\/a><br>Strona internetowa: <a href=\"http:\/\/www.sensotec.com.ar\/\" target=\"_blank\" rel=\"noopener\">www.sensotec.com.ar<\/a><\/p>\n<\/div>\n<\/div>\n<\/div>\n\n\n\n<div class=\"wp-block-columns alignwide is-layout-flex wp-container-core-columns-is-layout-a58e361c wp-block-columns-is-layout-flex\" style=\"padding-top:var(--wp--preset--spacing--30);padding-right:var(--wp--preset--spacing--30);padding-bottom:var(--wp--preset--spacing--30);padding-left:var(--wp--preset--spacing--30)\">\n<div class=\"wp-block-column is-vertically-aligned-stretch is-layout-flow wp-container-core-column-is-layout-5d8b474c wp-block-column-is-layout-flow\" style=\"padding-top:0;padding-right:0;padding-bottom:0;padding-left:0\">\n<h4 class=\"wp-block-heading has-text-align-center\"><strong>W\u0142ochy<\/strong><\/h4>\n\n\n\n<div class=\"wp-block-group hvr-grow has-accent-background-color has-background is-vertical is-content-justification-stretch is-layout-flex wp-container-core-group-is-layout-e4cb8d06 wp-block-group-is-layout-flex\" style=\"border-radius:50px;padding-top:var(--wp--preset--spacing--30);padding-right:var(--wp--preset--spacing--30);padding-bottom:var(--wp--preset--spacing--30);padding-left:var(--wp--preset--spacing--30)\">\n<div class=\"wp-block-group has-global-padding is-layout-constrained wp-container-core-group-is-layout-b1d50903 wp-block-group-is-layout-constrained\" style=\"padding-top:var(--wp--preset--spacing--20);padding-bottom:var(--wp--preset--spacing--20)\">\n<figure class=\"wp-block-image aligncenter size-full is-resized has-custom-border\"><img loading=\"lazy\" decoding=\"async\" width=\"300\" height=\"218\" src=\"https:\/\/www.klasmeier.com\/wp-content\/uploads\/CalRef-Logo.png\" alt=\"\" class=\"wp-image-2886\" style=\"border-radius:15px;width:360px;height:auto\"\/><\/figure>\n<\/div>\n\n\n\n<p><strong><strong><strong>CalRef Srl<\/strong><\/strong><\/strong><br>Via Ambrosoli 8\/B<br>20090 \u2013 Rodano (Milano)<br>W\u0142ochy<\/p>\n\n\n\n<p>Telefon: +39 0270301324<\/p>\n\n\n\n<p>E-Mail: <a class=\"\" href=\"mailto:<a href=&quot;&#109;a&#105;l&#116;o&#x3a;i&#x6e;f&#x6f;&#64;&#x63;a&#x6c;r&#x65;f&#x2e;e&#x75;&quot;>&#105;&#x6e;&#x66;o&#64;&#x63;&#x61;l&#114;&#x65;f&#46;&#x65;&#x75;<\/a>&#8222;><\/a><a href=\"&#x6d;&#97;&#105;&#x6c;&#x74;&#111;&#58;&#x69;&#x6e;&#102;&#111;&#x40;&#x63;&#97;&#108;&#x72;&#x65;&#102;&#46;&#x65;&#x75;\">&#x69;&#110;&#102;o&#x40;&#x63;&#97;l&#x72;&#x65;&#102;&#46;e&#x75;<\/a><br>Strona internetowa: <a class=\"\" href=\"http:\/\/www.calref.eu\/\" target=\"_blank\" rel=\"noopener\">www.calref.eu<\/a><\/p>\n\n\n\n<p>Osoba kontaktowa: Marcello CARAVAGGIO<\/p>\n<\/div>\n<\/div>\n\n\n\n<div class=\"wp-block-column is-layout-flow wp-container-core-column-is-layout-5d8b474c wp-block-column-is-layout-flow\" style=\"padding-top:0;padding-right:0;padding-bottom:0;padding-left:0\">\n<div style=\"height:1px\" aria-hidden=\"true\" class=\"wp-block-spacer\"><\/div>\n<\/div>\n<\/div>\n<\/div>\n","protected":false},"excerpt":{"rendered":"<p>Partnerzy dystrybucyjni Siedziba g\u0142\u00f3wna \/ Dystrybucja w Niemczech i na ca\u0142ym \u015bwiecie KlasmeierKalibrier- und Messtechnik GmbH AdresFlemingstrasse 12-1436041 Fulda \u2013 Niemcy Telefon\u00a0+49 661 380 940 0 \u015aled\u017a nas na:LinkedIn Mi\u0119dzynarodowi partnerzy dystrybucyjni Polska alitech sp. z o. o.ul.Stobrawska 3054-211 Wroc\u0142awPolska Telefon: +48 71 3521992 E-Mail: &#x69;&#110;&#x66;&#x6f;&#64;&#x61;&#108;l&#x6d;&#101;t&#x72;&#97;&#46;&#x63;&#111;mStrona internetowa: www.allmetra.com Osoba kontaktowa: Ren\u00e9 Seiler Meksyk INSCO de [&hellip;]<\/p>\n","protected":false},"author":4,"featured_media":0,"parent":0,"menu_order":0,"comment_status":"closed","ping_status":"closed","template":"","meta":{"footnotes":""},"class_list":["post-10025","page","type-page","status-publish","hentry"],"_links":{"self":[{"href":"https:\/\/www.klasmeier.com\/pl\/wp-json\/wp\/v2\/pages\/10025","targetHints":{"allow":["GET"]}}],"collection":[{"href":"https:\/\/www.klasmeier.com\/pl\/wp-json\/wp\/v2\/pages"}],"about":[{"href":"https:\/\/www.klasmeier.com\/pl\/wp-json\/wp\/v2\/types\/page"}],"author":[{"embeddable":true,"href":"https:\/\/www.klasmeier.com\/pl\/wp-json\/wp\/v2\/users\/4"}],"replies":[{"embeddable":true,"href":"https:\/\/www.klasmeier.com\/pl\/wp-json\/wp\/v2\/comments?post=10025"}],"version-history":[{"count":2,"href":"https:\/\/www.klasmeier.com\/pl\/wp-json\/wp\/v2\/pages\/10025\/revisions"}],"predecessor-version":[{"id":11653,"href":"https:\/\/www.klasmeier.com\/pl\/wp-json\/wp\/v2\/pages\/10025\/revisions\/11653"}],"wp:attachment":[{"href":"https:\/\/www.klasmeier.com\/pl\/wp-json\/wp\/v2\/media?parent=10025"}],"curies":[{"name":"wp","href":"https:\/\/api.w.org\/{rel}","templated":true}]}}