{"id":10015,"date":"2024-04-21T17:33:34","date_gmt":"2024-04-21T15:33:34","guid":{"rendered":"https:\/\/www.klasmeier.com\/?page_id=10015"},"modified":"2025-02-24T14:24:58","modified_gmt":"2025-02-24T13:24:58","slug":"serwis-wsparcie","status":"publish","type":"page","link":"https:\/\/www.klasmeier.com\/pl\/serwis-wsparcie\/","title":{"rendered":"Serwis &amp; Wsparcie"},"content":{"rendered":"\n<div class=\"wp-block-group alignfull has-global-padding is-layout-constrained wp-block-group-is-layout-constrained\" style=\"padding-top:var(--wp--preset--spacing--30);padding-bottom:var(--wp--preset--spacing--30)\">\n<figure class=\"wp-block-image alignwide size-full has-custom-border\"><img loading=\"lazy\" decoding=\"async\" width=\"1280\" height=\"853\" src=\"https:\/\/www.klasmeier.com\/wp-content\/uploads\/Service-Support-Klasmeier.jpg\" alt=\"\" class=\"wp-image-2852\" style=\"border-radius:50px\" srcset=\"https:\/\/www.klasmeier.com\/wp-content\/uploads\/Service-Support-Klasmeier.jpg 1280w, https:\/\/www.klasmeier.com\/wp-content\/uploads\/Service-Support-Klasmeier-300x200.jpg 300w, https:\/\/www.klasmeier.com\/wp-content\/uploads\/Service-Support-Klasmeier-1024x682.jpg 1024w, https:\/\/www.klasmeier.com\/wp-content\/uploads\/Service-Support-Klasmeier-768x512.jpg 768w, https:\/\/www.klasmeier.com\/wp-content\/uploads\/Service-Support-Klasmeier-600x400.jpg 600w\" sizes=\"auto, (max-width: 1280px) 100vw, 1280px\" \/><\/figure>\n<\/div>\n\n\n\n<div class=\"wp-block-group alignfull has-global-padding is-layout-constrained wp-container-core-group-is-layout-0d683d8b wp-block-group-is-layout-constrained\" style=\"padding-top:var(--wp--preset--spacing--30);padding-bottom:var(--wp--preset--spacing--30)\">\n<h2 class=\"wp-block-heading alignwide has-text-align-center\">Serwis &amp; Wsparcie<\/h2>\n\n\n\n<h3 class=\"wp-block-heading alignwide\">Opieka r\u00f3wnie\u017c po zakupie<\/h3>\n\n\n\n<p>Je\u015bli urz\u0105dzenie ulegnie awarii, szybka pomoc jest kluczowa. Jako wieloletni partner w zakresie dystrybucji i serwisu urz\u0105dze\u0144 firmy ISOTECH oraz producent produkt\u00f3w eXacal, jeste\u015bmy w stanie szybko zareagowa\u0107 i pom\u00f3c.<\/p>\n\n\n\n<p><mark style=\"background-color:rgba(0, 0, 0, 0);color:#dd3333\" class=\"has-inline-color\"><i class=\"fas fa-circle-check\"><\/i><\/mark> Aby zminimalizowa\u0107 czas realizacji, wszystkie naprawy przeprowadzamy we w\u0142asnym zak\u0142adzie. Dzi\u0119ki temu Twoje urz\u0105dzenia nie musz\u0105 by\u0107 wysy\u0142ane do producenta.<br><mark style=\"background-color:rgba(0, 0, 0, 0);color:#dd3333\" class=\"has-inline-color\"><i class=\"fas fa-circle-check\"><\/i><\/mark> Do napraw u\u017cywamy wy\u0142\u0105cznie oryginalnych cz\u0119\u015bci, co gwarantuje najwy\u017csz\u0105 jako\u015b\u0107 i niezawodno\u015b\u0107.<br><mark style=\"background-color:rgba(0, 0, 0, 0);color:#dd3333\" class=\"has-inline-color\"><i class=\"fas fa-circle-check\"><\/i><\/mark> Je\u015bli po naprawie konieczna b\u0119dzie regulacja lub ponowna kalibracja, mo\u017ce ona zosta\u0107 przeprowadzona w naszym akredytowanym laboratorium kalibracyjnym DAkkS <strong>D\u2010K\u201015224\u201001\u201000<\/strong> zgodnie z <strong>DIN EN ISO\/IEC 17025:2005<\/strong>.<br><mark style=\"background-color:rgba(0, 0, 0, 0);color:#dd3333\" class=\"has-inline-color\"><i class=\"fas fa-circle-check\"><\/i><\/mark> Skuteczna obs\u0142uga serwisowa to nie tylko szybkie i ekonomiczne naprawy. Wa\u017cna jest r\u00f3wnie\u017c koordynacja proces\u00f3w i dotrzymywanie termin\u00f3w. Dzi\u0119ki naszemu systemowi zarz\u0105dzania serwisem klienci s\u0105 informowani o statusie zam\u00f3wienia od przyj\u0119cia do wysy\u0142ki.<br><mark style=\"background-color:rgba(0, 0, 0, 0);color:#dd3333\" class=\"has-inline-color\"><i class=\"fas fa-circle-check\"><\/i><\/mark> Aktualizacje oprogramowania dla <a href=\"\/produkty\/millik-praezisionsthermometer\/\">milliK<\/a> \/ <a href=\"\/produkty\/milliskanner-bis-zu-33-messstellen\/\">millisKanner<\/a> \/ <a href=\"https:\/\/www.klasmeier.com\/product-category\/messgeraete-messbruecken\/\">microK<\/a> \/ <a href=\"\/produkty\/microskanner\/\">microsKanner<\/a> s\u0105 automatycznie przeprowadzane podczas napraw i rekalibracji, co zapewnia, \u017ce Twoje urz\u0105dzenia zawsze maj\u0105 najnowsz\u0105 wersj\u0119 oprogramowania.<br><mark style=\"background-color:rgba(0, 0, 0, 0);color:#dd3333\" class=\"has-inline-color\"><i class=\"fas fa-circle-check\"><\/i><\/mark> Je\u015bli chcesz rozszerzy\u0107 zakres swoich kalibracji, mo\u017cemy zaoferowa\u0107 niestandardowe wk\u0142ady kalibracyjne, zaprojektowane i wykonane zgodnie z Twoimi wymaganiami.<\/p>\n<\/div>\n\n","protected":false},"excerpt":{"rendered":"<p>Serwis &amp; Wsparcie Opieka r\u00f3wnie\u017c po zakupie Je\u015bli urz\u0105dzenie ulegnie awarii, szybka pomoc jest kluczowa. Jako wieloletni partner w zakresie dystrybucji i serwisu urz\u0105dze\u0144 firmy ISOTECH oraz producent produkt\u00f3w eXacal, jeste\u015bmy w stanie szybko zareagowa\u0107 i pom\u00f3c. Aby zminimalizowa\u0107 czas realizacji, wszystkie naprawy przeprowadzamy we w\u0142asnym zak\u0142adzie. Dzi\u0119ki temu Twoje urz\u0105dzenia nie musz\u0105 by\u0107 wysy\u0142ane [&hellip;]<\/p>\n","protected":false},"author":4,"featured_media":0,"parent":0,"menu_order":0,"comment_status":"closed","ping_status":"closed","template":"","meta":{"footnotes":""},"class_list":["post-10015","page","type-page","status-publish","hentry"],"_links":{"self":[{"href":"https:\/\/www.klasmeier.com\/pl\/wp-json\/wp\/v2\/pages\/10015","targetHints":{"allow":["GET"]}}],"collection":[{"href":"https:\/\/www.klasmeier.com\/pl\/wp-json\/wp\/v2\/pages"}],"about":[{"href":"https:\/\/www.klasmeier.com\/pl\/wp-json\/wp\/v2\/types\/page"}],"author":[{"embeddable":true,"href":"https:\/\/www.klasmeier.com\/pl\/wp-json\/wp\/v2\/users\/4"}],"replies":[{"embeddable":true,"href":"https:\/\/www.klasmeier.com\/pl\/wp-json\/wp\/v2\/comments?post=10015"}],"version-history":[{"count":1,"href":"https:\/\/www.klasmeier.com\/pl\/wp-json\/wp\/v2\/pages\/10015\/revisions"}],"predecessor-version":[{"id":10016,"href":"https:\/\/www.klasmeier.com\/pl\/wp-json\/wp\/v2\/pages\/10015\/revisions\/10016"}],"wp:attachment":[{"href":"https:\/\/www.klasmeier.com\/pl\/wp-json\/wp\/v2\/media?parent=10015"}],"curies":[{"name":"wp","href":"https:\/\/api.w.org\/{rel}","templated":true}]}}