{"id":9932,"date":"2024-02-29T17:17:13","date_gmt":"2024-02-29T16:17:13","guid":{"rendered":"https:\/\/www.klasmeier.com\/?post_type=product&#038;p=9932"},"modified":"2025-12-04T10:46:06","modified_gmt":"2025-12-04T09:46:06","slug":"pt-pd-precisie-thermokoppel-0-c-tot-1500-c","status":"publish","type":"product","link":"https:\/\/www.klasmeier.com\/nl\/produkt\/pt-pd-precisie-thermokoppel-0-c-tot-1500-c\/","title":{"rendered":"Pt\/Pd Precisie-Thermokoppel (0 \u00b0C tot 1500 \u00b0C)"},"content":{"rendered":"\n<div class=\"wp-block-group has-global-padding is-layout-constrained wp-container-core-group-is-layout-530ec779 wp-block-group-is-layout-constrained\">\n<figure class=\"wp-block-image aligncenter size-full\"><img loading=\"lazy\" decoding=\"async\" width=\"310\" height=\"89\" src=\"https:\/\/www.klasmeier.com\/wp-content\/uploads\/exacal.png\" alt=\"\" class=\"wp-image-9828\" srcset=\"https:\/\/www.klasmeier.com\/wp-content\/uploads\/exacal.png 310w, https:\/\/www.klasmeier.com\/wp-content\/uploads\/exacal-300x86.png 300w\" sizes=\"auto, (max-width: 310px) 100vw, 310px\" \/><\/figure>\n\n\n\n<div class=\"wp-block-columns is-layout-flex wp-container-core-columns-is-layout-28f84493 wp-block-columns-is-layout-flex\">\n<div class=\"wp-block-column is-layout-flow wp-block-column-is-layout-flow\" style=\"flex-basis:66.66%\">\n<p>Platina \/ Palladium thermokoppels (Pt\/Pd) zijn de meest precieze thermokoppels die in de eXacal-manufactuur worden vervaardigd.<\/p>\n\n\n\n<div class=\"wp-block-group is-vertical is-layout-flex wp-container-core-group-is-layout-669f9327 wp-block-group-is-layout-flex\" style=\"padding-top:0;padding-bottom:0\">\n<p><mark style=\"background-color:rgba(0, 0, 0, 0)\" class=\"has-inline-color has-accent-3-color\"><i class=\"fas fa-circle-check\"><\/i><\/mark> Temperatuurbereik:<strong> 0 \u00b0C tot 1500 \u00b0C<\/strong><\/p>\n\n\n\n<p><mark style=\"background-color:rgba(0, 0, 0, 0)\" class=\"has-inline-color has-accent-3-color\"><i class=\"fas fa-circle-check\"><\/i><\/mark> <strong>spanningscompenserende constructie<\/strong><br>De constructie van het meetpunt maakt een spanningsvrije uitzetting van de thermodraden mogelijk.<\/p>\n\n\n\n<p><mark style=\"background-color:rgba(0, 0, 0, 0)\" class=\"has-inline-color has-accent-3-color\"><i class=\"fas fa-circle-check\"><\/i><\/mark> <strong>uitstekende homogeniteit<\/strong><br>De hoge zuiverheid van 99,99% en de thermische voorbehandeling van de thermodraden zorgen voor een uitstekende homogeniteit.<\/p>\n\n\n\n<p><mark style=\"background-color:rgba(0, 0, 0, 0)\" class=\"has-inline-color has-accent-3-color\"><i class=\"fas fa-circle-check\"><\/i><\/mark> <strong>lage meetonzekerheid en minimale drift<\/strong><br>De haalbare meetonzekerheden zijn ongeveer een factor 2 beter dan bij Type R\/S thermokoppels.<\/p>\n<\/div>\n<\/div>\n\n\n\n<div class=\"wp-block-column is-layout-flow wp-block-column-is-layout-flow\" style=\"flex-basis:33.33%\">\n<figure class=\"wp-block-image size-medium\"><img loading=\"lazy\" decoding=\"async\" width=\"300\" height=\"300\" src=\"https:\/\/www.klasmeier.com\/wp-content\/uploads\/klasmeier_EU_Precision_Thermometry_transparent-300x300.webp\" alt=\"\" class=\"wp-image-13159\" srcset=\"https:\/\/www.klasmeier.com\/wp-content\/uploads\/klasmeier_EU_Precision_Thermometry_transparent-300x300.webp 300w, https:\/\/www.klasmeier.com\/wp-content\/uploads\/klasmeier_EU_Precision_Thermometry_transparent-150x150.webp 150w, https:\/\/www.klasmeier.com\/wp-content\/uploads\/klasmeier_EU_Precision_Thermometry_transparent-768x768.webp 768w, https:\/\/www.klasmeier.com\/wp-content\/uploads\/klasmeier_EU_Precision_Thermometry_transparent-600x600.webp 600w, https:\/\/www.klasmeier.com\/wp-content\/uploads\/klasmeier_EU_Precision_Thermometry_transparent-100x100.webp 100w, https:\/\/www.klasmeier.com\/wp-content\/uploads\/klasmeier_EU_Precision_Thermometry_transparent.webp 1024w\" sizes=\"auto, (max-width: 300px) 100vw, 300px\" \/><\/figure>\n<\/div>\n<\/div>\n\n\n\n<p>Pt\/Pd thermokoppels kunnen worden gebruikt in het temperatuurbereik van 0 \u00b0C tot 1500 \u00b0C met zeer kleine meetonzekerheden. <strong>Een bijzonder kenmerk van dit thermokoppel is de spanningscompenserende verbindingspunt van de thermodraden.<\/strong> Deze speciale constructie zorgt ervoor dat de platina- en palladiumdraden spanningsvrij kunnen uitzetten. De verschillende thermische uitzettingsco\u00ebffici\u00ebnten van beide thermodraden worden zo gecompenseerd zonder dat mechanische spanningen de Seebeck-co\u00ebffici\u00ebnt be\u00efnvloeden.<\/p>\n\n\n\n<div class=\"wp-block-group has-global-padding is-layout-constrained wp-container-core-group-is-layout-b1d50903 wp-block-group-is-layout-constrained\" style=\"padding-top:var(--wp--preset--spacing--20);padding-bottom:var(--wp--preset--spacing--20)\">\n<h3 class=\"wp-block-heading\">Meetonzekerheid<\/h3>\n\n\n\n<figure class=\"wp-block-image alignwide size-full has-custom-border\"><img loading=\"lazy\" decoding=\"async\" width=\"992\" height=\"554\" src=\"https:\/\/www.klasmeier.com\/wp-content\/uploads\/PtPd-Praezesionsthermoelement.png\" alt=\"\" class=\"wp-image-4702\" style=\"border-radius:50px\" srcset=\"https:\/\/www.klasmeier.com\/wp-content\/uploads\/PtPd-Praezesionsthermoelement.png 992w, https:\/\/www.klasmeier.com\/wp-content\/uploads\/PtPd-Praezesionsthermoelement-300x168.png 300w, https:\/\/www.klasmeier.com\/wp-content\/uploads\/PtPd-Praezesionsthermoelement-768x429.png 768w, https:\/\/www.klasmeier.com\/wp-content\/uploads\/PtPd-Praezesionsthermoelement-600x335.png 600w\" sizes=\"auto, (max-width: 992px) 100vw, 992px\" \/><\/figure>\n<\/div>\n<\/div>\n","protected":false},"excerpt":{"rendered":"<p>Fabrikant: Klasmeier \/ eXacal Model: Pt\/Pd Thermoelement<\/p>\n","protected":false},"featured_media":11355,"template":"","meta":[],"product_brand":[],"product_cat":[],"product_tag":[],"class_list":{"0":"post-9932","1":"product","2":"type-product","3":"status-publish","4":"has-post-thumbnail","7":"first","8":"instock","9":"shipping-taxable","10":"purchasable","11":"product-type-variable"},"_links":{"self":[{"href":"https:\/\/www.klasmeier.com\/nl\/wp-json\/wp\/v2\/product\/9932","targetHints":{"allow":["GET"]}}],"collection":[{"href":"https:\/\/www.klasmeier.com\/nl\/wp-json\/wp\/v2\/product"}],"about":[{"href":"https:\/\/www.klasmeier.com\/nl\/wp-json\/wp\/v2\/types\/product"}],"wp:featuredmedia":[{"embeddable":true,"href":"https:\/\/www.klasmeier.com\/nl\/wp-json\/wp\/v2\/media\/11355"}],"wp:attachment":[{"href":"https:\/\/www.klasmeier.com\/nl\/wp-json\/wp\/v2\/media?parent=9932"}],"wp:term":[{"taxonomy":"product_brand","embeddable":true,"href":"https:\/\/www.klasmeier.com\/nl\/wp-json\/wp\/v2\/product_brand?post=9932"},{"taxonomy":"product_cat","embeddable":true,"href":"https:\/\/www.klasmeier.com\/nl\/wp-json\/wp\/v2\/product_cat?post=9932"},{"taxonomy":"product_tag","embeddable":true,"href":"https:\/\/www.klasmeier.com\/nl\/wp-json\/wp\/v2\/product_tag?post=9932"}],"curies":[{"name":"wp","href":"https:\/\/api.w.org\/{rel}","templated":true}]}}