{"id":9529,"date":"2024-04-21T17:33:34","date_gmt":"2024-04-21T15:33:34","guid":{"rendered":"https:\/\/www.klasmeier.com\/?page_id=9529"},"modified":"2025-02-17T13:14:01","modified_gmt":"2025-02-17T12:14:01","slug":"service-ondersteuning","status":"publish","type":"page","link":"https:\/\/www.klasmeier.com\/nl\/service-ondersteuning\/","title":{"rendered":"Service &amp; Ondersteuning"},"content":{"rendered":"\n<div class=\"wp-block-group alignfull has-global-padding is-layout-constrained wp-block-group-is-layout-constrained\" style=\"padding-top:var(--wp--preset--spacing--30);padding-bottom:var(--wp--preset--spacing--30)\">\n<figure class=\"wp-block-image alignwide size-full has-custom-border\"><img loading=\"lazy\" decoding=\"async\" width=\"1280\" height=\"853\" src=\"https:\/\/www.klasmeier.com\/wp-content\/uploads\/Service-Support-Klasmeier.jpg\" alt=\"\" class=\"wp-image-2852\" style=\"border-radius:50px\" srcset=\"https:\/\/www.klasmeier.com\/wp-content\/uploads\/Service-Support-Klasmeier.jpg 1280w, https:\/\/www.klasmeier.com\/wp-content\/uploads\/Service-Support-Klasmeier-300x200.jpg 300w, https:\/\/www.klasmeier.com\/wp-content\/uploads\/Service-Support-Klasmeier-1024x682.jpg 1024w, https:\/\/www.klasmeier.com\/wp-content\/uploads\/Service-Support-Klasmeier-768x512.jpg 768w, https:\/\/www.klasmeier.com\/wp-content\/uploads\/Service-Support-Klasmeier-600x400.jpg 600w\" sizes=\"auto, (max-width: 1280px) 100vw, 1280px\" \/><\/figure>\n<\/div>\n\n\n\n<div class=\"wp-block-group alignfull has-global-padding is-layout-constrained wp-container-core-group-is-layout-0d683d8b wp-block-group-is-layout-constrained\" style=\"padding-top:var(--wp--preset--spacing--30);padding-bottom:var(--wp--preset--spacing--30)\">\n<h2 class=\"wp-block-heading alignwide has-text-align-center\">Service &amp; Ondersteuning<\/h2>\n\n\n\n<h3 class=\"wp-block-heading alignwide\">Ondersteuning ook na aankoop<\/h3>\n\n\n\n<p>Als een apparaat uitvalt, is snelle hulp belangrijk. Als langdurige partner voor de verkoop en service van ISOTECH-apparatuur en als fabrikant van eXacal-producten kunnen wij snel reageren en u helpen.<\/p>\n\n\n\n<p><mark style=\"background-color:rgba(0, 0, 0, 0);color:#dd3333\" class=\"has-inline-color\"><i class=\"fas fa-circle-check\"><\/i><\/mark> Om doorlooptijden te minimaliseren, worden alle reparaties intern uitgevoerd. Hierdoor hoeven uw apparaten niet naar de fabrikant te worden gestuurd.<br><mark style=\"background-color:rgba(0, 0, 0, 0);color:#dd3333\" class=\"has-inline-color\"><i class=\"fas fa-circle-check\"><\/i><\/mark> Voor de reparatie van uw apparaten worden uitsluitend originele onderdelen gebruikt. Dit garandeert een maximale kwaliteit en betrouwbaarheid.<br><mark style=\"background-color:rgba(0, 0, 0, 0);color:#dd3333\" class=\"has-inline-color\"><i class=\"fas fa-circle-check\"><\/i><\/mark> Indien na een reparatie een afstelling of herkalibratie nodig is, kan deze worden uitgevoerd in ons eigen DAkkS-geaccrediteerde kalibratielaboratorium <strong>D\u2010K\u201015224\u201001\u201000<\/strong> volgens <strong>DIN EN ISO\/IEC 17025:2005<\/strong>.<br><mark style=\"background-color:rgba(0, 0, 0, 0);color:#dd3333\" class=\"has-inline-color\"><i class=\"fas fa-circle-check\"><\/i><\/mark> Voor een goed functionerende service is het niet alleen belangrijk dat reparaties snel en kosteneffici\u00ebnt worden uitgevoerd. Alle processen moeten ook goed geco\u00f6rdineerd zijn en deadlines moeten worden gehaald. Via ons servicemanagement worden onze klanten ge\u00efnformeerd over het gehele verloop van de opdracht \u2013 van ontvangst tot voltooiing.<br><mark style=\"background-color:rgba(0, 0, 0, 0);color:#dd3333\" class=\"has-inline-color\"><i class=\"fas fa-circle-check\"><\/i><\/mark> Firmware-updates voor <a href=\"\/nl\/produkte\/millik-praezisionsthermometer\/\">milliK<\/a> \/ <a href=\"\/nl\/produkte\/milliskanner-bis-zu-33-messstellen\/\">millisKanner<\/a> \/ <a href=\"\/nl\/product-category\/messgeraete-messbruecken\/\">microK<\/a> \/ <a href=\"\/nl\/produkte\/microskanner\/\">microsKanner<\/a> worden bij reparaties of herkalibraties automatisch door onze service uitgevoerd. Dit garandeert dat uw apparaten altijd over de nieuwste softwareversie beschikken.<br><mark style=\"background-color:rgba(0, 0, 0, 0);color:#dd3333\" class=\"has-inline-color\"><i class=\"fas fa-circle-check\"><\/i><\/mark> Ook bij de uitbreiding van uw kalibratietaken kunnen wij u helpen met op maat gemaakte kalibratie-inzetstukken. Deze worden met individuele boringen specifiek voor uw vereisten ontworpen en geproduceerd.<\/p>\n<\/div>\n\n","protected":false},"excerpt":{"rendered":"<p>Service &amp; Ondersteuning Ondersteuning ook na aankoop Als een apparaat uitvalt, is snelle hulp belangrijk. Als langdurige partner voor de verkoop en service van ISOTECH-apparatuur en als fabrikant van eXacal-producten kunnen wij snel reageren en u helpen. Om doorlooptijden te minimaliseren, worden alle reparaties intern uitgevoerd. Hierdoor hoeven uw apparaten niet naar de fabrikant te [&hellip;]<\/p>\n","protected":false},"author":4,"featured_media":0,"parent":0,"menu_order":0,"comment_status":"closed","ping_status":"closed","template":"","meta":{"footnotes":""},"class_list":["post-9529","page","type-page","status-publish","hentry"],"_links":{"self":[{"href":"https:\/\/www.klasmeier.com\/nl\/wp-json\/wp\/v2\/pages\/9529","targetHints":{"allow":["GET"]}}],"collection":[{"href":"https:\/\/www.klasmeier.com\/nl\/wp-json\/wp\/v2\/pages"}],"about":[{"href":"https:\/\/www.klasmeier.com\/nl\/wp-json\/wp\/v2\/types\/page"}],"author":[{"embeddable":true,"href":"https:\/\/www.klasmeier.com\/nl\/wp-json\/wp\/v2\/users\/4"}],"replies":[{"embeddable":true,"href":"https:\/\/www.klasmeier.com\/nl\/wp-json\/wp\/v2\/comments?post=9529"}],"version-history":[{"count":1,"href":"https:\/\/www.klasmeier.com\/nl\/wp-json\/wp\/v2\/pages\/9529\/revisions"}],"predecessor-version":[{"id":9530,"href":"https:\/\/www.klasmeier.com\/nl\/wp-json\/wp\/v2\/pages\/9529\/revisions\/9530"}],"wp:attachment":[{"href":"https:\/\/www.klasmeier.com\/nl\/wp-json\/wp\/v2\/media?parent=9529"}],"curies":[{"name":"wp","href":"https:\/\/api.w.org\/{rel}","templated":true}]}}