{"id":14469,"date":"2024-08-01T15:24:58","date_gmt":"2024-08-01T13:24:58","guid":{"rendered":"https:\/\/www.klasmeier.com\/aanvraag-kalibratiedocumenten\/"},"modified":"2026-05-12T15:23:59","modified_gmt":"2026-05-12T13:23:59","slug":"aanvraag-kalibratiedocumenten","status":"publish","type":"page","link":"https:\/\/www.klasmeier.com\/nl\/aanvraag-kalibratiedocumenten\/","title":{"rendered":"Aanvraag kalibratiedocumenten"},"content":{"rendered":"\n<h2 class=\"wp-block-heading alignwide\">Vraag uw kalibratiedocumenten eenvoudig online aan:<\/h2>\n\n<div class=\"wp-block-group alignwide has-accent-background-color has-background has-global-padding is-layout-constrained wp-container-core-group-is-layout-5932124f wp-block-group-is-layout-constrained\" style=\"border-radius:50px;margin-top:var(--wp--preset--spacing--30);margin-bottom:var(--wp--preset--spacing--30);padding-top:var(--wp--preset--spacing--30);padding-right:var(--wp--preset--spacing--30);padding-bottom:var(--wp--preset--spacing--30);padding-left:var(--wp--preset--spacing--30)\">\n<div class=\"wp-block-contact-form-7-contact-form-selector\">\n<div class=\"wpcf7 no-js\" id=\"wpcf7-f6287-o1\" lang=\"de-DE\" dir=\"ltr\" data-wpcf7-id=\"6287\">\n<div class=\"screen-reader-response\"><p role=\"status\" aria-live=\"polite\" aria-atomic=\"true\"><\/p> <ul><\/ul><\/div>\n<form action=\"\/nl\/wp-json\/wp\/v2\/pages\/14469#wpcf7-f6287-o1\" method=\"post\" class=\"wpcf7-form init\" aria-label=\"Kontaktformular\" novalidate=\"novalidate\" data-status=\"init\">\n<fieldset class=\"hidden-fields-container\"><input type=\"hidden\" name=\"_wpcf7\" value=\"6287\" \/><input type=\"hidden\" name=\"_wpcf7_version\" value=\"6.1.5\" \/><input type=\"hidden\" name=\"_wpcf7_locale\" value=\"de_DE\" \/><input type=\"hidden\" name=\"_wpcf7_unit_tag\" value=\"wpcf7-f6287-o1\" \/><input type=\"hidden\" name=\"_wpcf7_container_post\" value=\"0\" \/><input type=\"hidden\" name=\"_wpcf7_posted_data_hash\" value=\"\" \/>\n<\/fieldset>\n<style>\n \/* Allgemeine Stile f\u00fcr das Formular *\/\n .wpcf7-form {\n max-width: 1280px;\n margin: 0 auto;\n box-sizing: border-box;\n padding-top: 0px;\n }\n\n \/* Container f\u00fcr die Zeilen *\/\n .form-row {\n display: flex;\n width: 100%;\n margin-bottom: 0; \/* Entfernen des Abstands zwischen den Zeilen *\/\n }\n\n \/* Flexbox f\u00fcr die Form-Spalten *\/\n .form-column {\n box-sizing: border-box;\n padding: 0; \/* Entfernen von innerem Abstand *\/\n margin: 0; \/* Entfernen von \u00e4u\u00dferem Abstand *\/\n }\n\n \/* Stil f\u00fcr die Anrede *\/\n .anrede {\n flex: 0 0 7%; \/* 7% Breite f\u00fcr die Anrede *\/\n }\n\n \/* Stil f\u00fcr Vorname, Nachname und Kalibriernummer *\/\n .vorname,\n .nachname,\n .kalibriernummer {\n flex: 1;\n }\n\n .vorname {\n flex: 1;\n margin-left: 15px; \/* Abstand nach links vom Anrede-Feld *\/\n }\n\n .nachname {\n flex: 1;\n margin-left: 15px; \/* Abstand nach links vom Vorname-Feld *\/\n }\n\n .kalibriernummer {\n flex: 1;\n margin-left: 15px; \/* Abstand nach links vom Nachname-Feld *\/\n }\n\n \/* Stil f\u00fcr Email, Firma und Telefon *\/\n .email,\n .firma,\n .telefon {\n flex: 1;\n }\n\n .email {\n flex: 0 0 calc(33% - 5px); \/* 33% Breite minus Abstand *\/\n margin-right: 15px; \/* Abstand nach rechts *\/\n }\n\n .firma {\n flex: 0 0 calc(33% - 5px); \/* 33% Breite minus Abstand *\/\n margin-right: 15px; \/* Abstand nach rechts *\/\n }\n\n .telefon {\n flex: 0 0 calc(33% - 5px); \/* 33% Breite minus Abstand *\/\n }\n\n \/* Stil f\u00fcr Anschrift und Nachricht *\/\n .anschrift,\n .nachricht {\n flex: 1;\n }\n\n .anschrift {\n flex: 0 0 calc(50% - 15px); \/* 50% Breite minus Abstand *\/\n margin-right: 15px; \/* Abstand nach rechts vom Nachricht-Feld *\/\n }\n\n .nachricht {\n flex: 0 0 calc(50% - 15px); \/* 50% Breite minus Abstand *\/\n }\n\n \/* Stil f\u00fcr die Felder *\/\n input[type=\"text\"],\n input[type=\"email\"],\n input[type=\"tel\"],\n select,\n textarea {\n resize: none;\n vertical-align: top;\n font-size: 20px;\n height: 60px;\n padding: 10px;\n margin: 0; \/* Entfernen des Abstands nach unten *\/\n box-sizing: border-box;\n border-radius: 15px;\n border: 1px solid #ccc;\n transition: width 0.5s ease, height 0.5s ease, border-color 0.3s ease;\n width: 100%; \/* F\u00fcllt die gesamte Breite des Containers aus *\/\n }\n\n textarea {\n height: 100px !important;\n }\n\n textarea:hover,\n textarea:focus {\n height: 200px !important;\n }\n\n \/* Hover- und Fokus-Stile f\u00fcr die Felder *\/\n input[type=\"text\"]:hover,\n input[type=\"email\"]:hover,\n input[type=\"tel\"]:hover,\n select:hover,\n textarea:hover {\n border: 2px solid #DD3333; \/* Rot bei Hover und Fokus *\/\n\n }\n\n input[type=\"text\"]:focus,\n input[type=\"email\"]:focus,\n input[type=\"tel\"]:focus,\n select:focus,\n textarea:focus {\n outline: none;\n box-shadow: none;\n border: 3px solid #DD3333; \/* Rot bei Hover und Fokus *\/\n\n }\n\n \/* Entfernen von \n und \u00fcberfl\u00fcssigen Abst\u00e4nden *\/\n .wpcf7-form p {\n margin: 0; \/* Entfernen des Abstands nach unten *\/\n padding: 0; \/* Entfernen von zus\u00e4tzlichem Innenabstand *\/\n }\n\n \/* Stil f\u00fcr den Button *\/\n .wpcf7-submit {\n background-color: #DD3333;\n color: white;\n border: none;\n padding: 15px 30px;\n text-align: center;\n text-decoration: none;\n display: block;\n font-size: 20px;\n margin: 0 auto;\n cursor: pointer;\n border-radius: 15px;\n transition: background-color 0.3s ease, transform 0.3s ease;\n }\n\n .wpcf7-submit:hover {\n background-color: #DD3333;\n transform: scale(1.05);\n }\n\n .wpcf7-submit:active {\n background-color: #DD3333;\n transform: scale(1.02);\n }\n\n \/* Style f\u00fcr die Checkbox *\/\n .wpcf7 input[type=\"checkbox\"] {\n width: 15px;\n height: 15px;\n transform: scale(1.5);\n margin-right: 10px;\n -webkit-appearance: none;\n appearance: none;\n border: 1px solid #ccc;\n border-radius: 8px;\n background-color: #f0f0f0;\n position: relative;\n cursor: pointer;\n transition: background-color 0.3s, border-color 0.3s;\n vertical-align: middle;\n }\n\n .wpcf7 input[type=\"checkbox\"]:checked {\n background-color: #DD3333;\n border-color: #DD3333;\n }\n\n .wpcf7 input[type=\"checkbox\"]:checked::after {\n content: '';\n position: absolute;\n top: 40%;\n left: 48%;\n width: 4px;\n height: 7px;\n border: solid white;\n border-width: 0 2px 2px 0;\n transform: translate(-50%, -50%) rotate(45deg);\n }\n\n .wpcf7 input[type=\"checkbox\"]:focus {\n outline: none;\n box-shadow: 0 0 2px 2px rgba(0, 123, 255, 0.25);\n }\n\n \/* Placeholder-Stile *\/\n ::placeholder {\n color: #888;\n font-size: 20px;\n vertical-align: top;\n }\n\n \/* Stil f\u00fcr die Form-Abs\u00e4tze *\/\n .wpcf7-form p {\n margin: 0; \/* Entfernen des Abstands nach unten *\/\n padding: 0; \/* Entfernen von zus\u00e4tzlichem Innenabstand *\/\n }\n\n \/* Stil f\u00fcr die Form-Labels *\/\n .wpcf7-form p label {\n margin-left: 5px;\n margin-bottom: 0;\n display: flex;\n align-items: center;\n text-align: center;\n }\n\n .wpcf7 .wpcf7-submit {\n display: block;\n margin: 0 auto;\n }\n\n .wpcf7 .wpcf7-submit-container {\n text-align: center;\n margin-top: 20px;\n }\n\n .wpcf7 .wpcf7-spinner {\n display: block;\n position: absolute;\n top: 100%;\n left: 50%;\n transform: translateX(-50%);\n }\n\n \/* Medienabfrage f\u00fcr Mobilger\u00e4te *\/\n @media only screen and (max-width: 768px) {\n .form-row {\n display: grid;\n }\n .email,\n .firma,\n .anschrift {\n margin-right: 0px;\n }\n .vorname,\n .nachname,\n .kalibriernummer {\n margin-left: 0px;\n }\n }\n<\/style>\n<div class=\"wpcf7-form\">\n\t<div class=\"form-row\">\n\t\t<div class=\"anrede form-column\">\n\t\t\t<p><br \/>\n<span class=\"wpcf7-form-control-wrap\" data-name=\"anrede\"><select class=\"wpcf7-form-control wpcf7-select wpcf7-validates-as-required\" id=\"anrede\" aria-required=\"true\" aria-invalid=\"false\" name=\"anrede\"><option value=\"Herr\">Herr<\/option><option value=\"Frau\">Frau<\/option><\/select><\/span>\n\t\t\t<\/p>\n\t\t<\/div>\n\t\t<div class=\"vorname form-column\">\n\t\t\t<p><br \/>\n<span class=\"wpcf7-form-control-wrap\" data-name=\"vorname\"><input size=\"40\" maxlength=\"400\" class=\"wpcf7-form-control wpcf7-text wpcf7-validates-as-required\" id=\"vorname\" aria-required=\"true\" aria-invalid=\"false\" placeholder=\"Vorname\" value=\"\" type=\"text\" name=\"vorname\" \/><\/span>\n\t\t\t<\/p>\n\t\t<\/div>\n\t\t<div class=\"nachname form-column\">\n\t\t\t<p><br \/>\n<span class=\"wpcf7-form-control-wrap\" data-name=\"nachname\"><input size=\"40\" maxlength=\"400\" class=\"wpcf7-form-control wpcf7-text wpcf7-validates-as-required\" id=\"nachname\" aria-required=\"true\" aria-invalid=\"false\" placeholder=\"Nachname\" value=\"\" type=\"text\" name=\"nachname\" \/><\/span>\n\t\t\t<\/p>\n\t\t<\/div>\n\t\t<div class=\"kalibriernummer form-column\">\n\t\t\t<p><br \/>\n<span class=\"wpcf7-form-control-wrap\" data-name=\"kalibriernummer\"><input size=\"40\" maxlength=\"400\" class=\"wpcf7-form-control wpcf7-text wpcf7-validates-as-required\" id=\"kalibriernummer\" aria-required=\"true\" aria-invalid=\"false\" placeholder=\"Kalibriernummer\" value=\"\" type=\"text\" name=\"kalibriernummer\" \/><\/span>\n\t\t\t<\/p>\n\t\t<\/div>\n\t<\/div>\n\t<div class=\"form-row\">\n\t\t<div class=\"anschrift form-column\">\n\t\t\t<p><br \/>\n<span class=\"wpcf7-form-control-wrap\" data-name=\"adresse\"><textarea cols=\"40\" rows=\"10\" maxlength=\"2000\" class=\"wpcf7-form-control wpcf7-textarea\" id=\"adresse\" aria-invalid=\"false\" placeholder=\"Anschrift (Stra\u00dfe, Nr., PLZ, Ort, Land)\" name=\"adresse\"><\/textarea><\/span>\n\t\t\t<\/p>\n\t\t<\/div>\n\t\t<div class=\"nachricht form-column\">\n\t\t\t<p><br \/>\n<span class=\"wpcf7-form-control-wrap\" data-name=\"nachricht\"><textarea cols=\"40\" rows=\"10\" maxlength=\"2000\" class=\"wpcf7-form-control wpcf7-textarea\" id=\"nachricht\" aria-invalid=\"false\" placeholder=\"Nachricht\" name=\"nachricht\"><\/textarea><\/span>\n\t\t\t<\/p>\n\t\t<\/div>\n\t<\/div>\n\t<p><br \/>\n<span class=\"wpcf7-form-control-wrap\" data-name=\"Datenschutz\"><span class=\"wpcf7-form-control wpcf7-checkbox wpcf7-validates-as-required\"><span class=\"wpcf7-list-item first last\"><label><input type=\"checkbox\" name=\"Datenschutz[]\" value=\"Ich erkl\u00e4re mich mit der Speicherung meiner Daten gem\u00e4\u00df der Datenschutzerkl\u00e4rung einverstanden.\" \/><span class=\"wpcf7-list-item-label\">Ich erkl\u00e4re mich mit der Speicherung meiner Daten gem\u00e4\u00df der Datenschutzerkl\u00e4rung einverstanden.<\/span><\/label><\/span><\/span><\/span>\n\t<\/p>\n\t<p class=\"wpcf7-form-control-wrap\"><br \/>\n<input class=\"wpcf7-form-control wpcf7-submit has-spinner\" type=\"submit\" value=\"Absenden\" \/>\n\t<\/p>\n<\/div><div class=\"wpcf7-response-output\" aria-hidden=\"true\"><\/div>\n<\/form>\n<\/div>\n<\/div>\n<\/div>\n","protected":false},"excerpt":{"rendered":"<p>Vraag uw kalibratiedocumenten eenvoudig online aan:<\/p>\n","protected":false},"author":4,"featured_media":0,"parent":0,"menu_order":0,"comment_status":"closed","ping_status":"closed","template":"","meta":{"footnotes":""},"class_list":["post-14469","page","type-page","status-publish","hentry"],"_links":{"self":[{"href":"https:\/\/www.klasmeier.com\/nl\/wp-json\/wp\/v2\/pages\/14469","targetHints":{"allow":["GET"]}}],"collection":[{"href":"https:\/\/www.klasmeier.com\/nl\/wp-json\/wp\/v2\/pages"}],"about":[{"href":"https:\/\/www.klasmeier.com\/nl\/wp-json\/wp\/v2\/types\/page"}],"author":[{"embeddable":true,"href":"https:\/\/www.klasmeier.com\/nl\/wp-json\/wp\/v2\/users\/4"}],"replies":[{"embeddable":true,"href":"https:\/\/www.klasmeier.com\/nl\/wp-json\/wp\/v2\/comments?post=14469"}],"version-history":[{"count":1,"href":"https:\/\/www.klasmeier.com\/nl\/wp-json\/wp\/v2\/pages\/14469\/revisions"}],"predecessor-version":[{"id":14470,"href":"https:\/\/www.klasmeier.com\/nl\/wp-json\/wp\/v2\/pages\/14469\/revisions\/14470"}],"wp:attachment":[{"href":"https:\/\/www.klasmeier.com\/nl\/wp-json\/wp\/v2\/media?parent=14469"}],"curies":[{"name":"wp","href":"https:\/\/api.w.org\/{rel}","templated":true}]}}