{"id":9399,"date":"2024-02-29T17:17:13","date_gmt":"2024-02-29T16:17:13","guid":{"rendered":"https:\/\/www.klasmeier.com\/?post_type=product&#038;p=9399"},"modified":"2025-12-03T15:20:25","modified_gmt":"2025-12-03T14:20:25","slug":"termocoppia-di-riferimento-industriale-tipo-r-0-c-1200-c","status":"publish","type":"product","link":"https:\/\/www.klasmeier.com\/it\/produkt\/termocoppia-di-riferimento-industriale-tipo-r-0-c-1200-c\/","title":{"rendered":"Termocoppia di Riferimento Industriale Tipo R 0 \u00b0C \u2013 1200 \u00b0C"},"content":{"rendered":"\n<div class=\"wp-block-group has-global-padding is-layout-constrained wp-container-core-group-is-layout-530ec779 wp-block-group-is-layout-constrained\">\n<figure class=\"wp-block-image aligncenter size-full\"><img loading=\"lazy\" decoding=\"async\" width=\"310\" height=\"89\" src=\"https:\/\/www.klasmeier.com\/wp-content\/uploads\/exacal.png\" alt=\"\" class=\"wp-image-9001\" srcset=\"https:\/\/www.klasmeier.com\/wp-content\/uploads\/exacal.png 310w, https:\/\/www.klasmeier.com\/wp-content\/uploads\/exacal-300x86.png 300w\" sizes=\"auto, (max-width: 310px) 100vw, 310px\" \/><\/figure>\n\n\n\n<div class=\"wp-block-columns is-layout-flex wp-container-core-columns-is-layout-28f84493 wp-block-columns-is-layout-flex\">\n<div class=\"wp-block-column is-layout-flow wp-block-column-is-layout-flow\" style=\"flex-basis:66.66%\">\n<h3 class=\"wp-block-heading alignwide\">Termocoppia Tipo R<\/h3>\n\n\n\n<p>Termocoppie di precisione in metallo nobile (Tipo R). Ottimizzate per applicazioni con basse profondit\u00e0 di immersione, ad esempio nei calibratori a blocco di temperatura.<\/p>\n\n\n\n<div class=\"wp-block-group is-vertical is-layout-flex wp-container-core-group-is-layout-893838bc wp-block-group-is-layout-flex\" style=\"padding-top:var(--wp--preset--spacing--10);padding-bottom:var(--wp--preset--spacing--10)\">\n<p><mark style=\"background-color:rgba(0, 0, 0, 0)\" class=\"has-inline-color has-accent-3-color\"><i class=\"fas fa-circle-check\"><\/i><\/mark> Termocoppia industriale Tipo R<\/p>\n\n\n\n<p><mark style=\"background-color:rgba(0, 0, 0, 0)\" class=\"has-inline-color has-accent-3-color\"><i class=\"fas fa-circle-check\"><\/i><\/mark> <strong>Ottimizzata per applicazioni con basse profondit\u00e0 di immersione<\/strong><\/p>\n\n\n\n<p><mark style=\"background-color:rgba(0, 0, 0, 0)\" class=\"has-inline-color has-accent-3-color\"><i class=\"fas fa-circle-check\"><\/i><\/mark> Minima disomogeneit\u00e0 grazie a fili termoelettrici trattati termicamente<\/p>\n\n\n\n<p><mark style=\"background-color:rgba(0, 0, 0, 0)\" class=\"has-inline-color has-accent-3-color\"><i class=\"fas fa-circle-check\"><\/i><\/mark> Giunto di misura sottile per <strong>tempi di risposta rapidi<\/strong><\/p>\n\n\n\n<p><mark style=\"background-color:rgba(0, 0, 0, 0)\" class=\"has-inline-color has-accent-3-color\"><i class=\"fas fa-circle-check\"><\/i><\/mark> <strong>Ideale per applicazioni industriali, ad esempio nei calibratori a blocco<\/strong><\/p>\n<\/div>\n<\/div>\n\n\n\n<div class=\"wp-block-column is-layout-flow wp-block-column-is-layout-flow\" style=\"flex-basis:33.33%\">\n<figure class=\"wp-block-image size-medium\"><img loading=\"lazy\" decoding=\"async\" width=\"300\" height=\"300\" src=\"https:\/\/www.klasmeier.com\/wp-content\/uploads\/klasmeier_EU_Precision_Thermometry_transparent-300x300.webp\" alt=\"\" class=\"wp-image-13162\" srcset=\"https:\/\/www.klasmeier.com\/wp-content\/uploads\/klasmeier_EU_Precision_Thermometry_transparent-300x300.webp 300w, https:\/\/www.klasmeier.com\/wp-content\/uploads\/klasmeier_EU_Precision_Thermometry_transparent-150x150.webp 150w, https:\/\/www.klasmeier.com\/wp-content\/uploads\/klasmeier_EU_Precision_Thermometry_transparent-768x768.webp 768w, https:\/\/www.klasmeier.com\/wp-content\/uploads\/klasmeier_EU_Precision_Thermometry_transparent-600x600.webp 600w, https:\/\/www.klasmeier.com\/wp-content\/uploads\/klasmeier_EU_Precision_Thermometry_transparent-100x100.webp 100w, https:\/\/www.klasmeier.com\/wp-content\/uploads\/klasmeier_EU_Precision_Thermometry_transparent.webp 1024w\" sizes=\"auto, (max-width: 300px) 100vw, 300px\" \/><\/figure>\n<\/div>\n<\/div>\n\n\n\n<p>La termocoppia Tipo R \u00e8 stata sviluppata appositamente come standard di temperatura per calibrazioni industriali e misurazioni di temperatura. \u00c8 realizzata con lo stesso materiale termoelettrico di alta qualit\u00e0 della <a href=\"https:\/\/2020.exacal.de\/exacal-thermometer\/praezisionsthermometer\/typ-r-typ-s-thermoelement\/\" target=\"_blank\" rel=\"noopener\">Termocoppia di precisione Tipo R\/Tipo S<\/a>. Tuttavia, la sua costruzione \u00e8 stata specificamente adattata ai requisiti industriali. Ad esempio, il giunto di misura \u00e8 realizzato con un tubo di protezione pi\u00f9 piccolo. Grazie alle sue dimensioni ridotte, la termocoppia Tipo R pu\u00f2 essere utilizzata come <strong>standard di temperatura nella calibrazione con calibratori a blocco<\/strong>. Un&#8217;ulteriore modifica per adattarsi alle condizioni industriali \u00e8 l&#8217;opzione di eliminare un punto di riferimento esterno, sostituendolo con mini connettori per termocoppie Tipo R.<\/p>\n\n\n\n<p>Le termocoppie sono fornite di serie con un connettore miniatura realizzato in materiale termocoppia di classe 1 \u2013&nbsp;<strong>la giunzione di riferimento si trova direttamente nel connettore<\/strong>, dove avviene la transizione dal materiale termocoppia al rame. Non \u00e8 necessario un giunto di riferimento separato.<\/p>\n<\/div>\n","protected":false},"excerpt":{"rendered":"<p>Produttore: Klasmeier \/ eXacal Modello: KK-167<\/p>\n","protected":false},"featured_media":11778,"template":"","meta":[],"product_brand":[],"product_cat":[],"product_tag":[],"class_list":{"0":"post-9399","1":"product","2":"type-product","3":"status-publish","4":"has-post-thumbnail","7":"first","8":"instock","9":"shipping-taxable","10":"purchasable","11":"product-type-variable"},"_links":{"self":[{"href":"https:\/\/www.klasmeier.com\/it\/wp-json\/wp\/v2\/product\/9399","targetHints":{"allow":["GET"]}}],"collection":[{"href":"https:\/\/www.klasmeier.com\/it\/wp-json\/wp\/v2\/product"}],"about":[{"href":"https:\/\/www.klasmeier.com\/it\/wp-json\/wp\/v2\/types\/product"}],"wp:featuredmedia":[{"embeddable":true,"href":"https:\/\/www.klasmeier.com\/it\/wp-json\/wp\/v2\/media\/11778"}],"wp:attachment":[{"href":"https:\/\/www.klasmeier.com\/it\/wp-json\/wp\/v2\/media?parent=9399"}],"wp:term":[{"taxonomy":"product_brand","embeddable":true,"href":"https:\/\/www.klasmeier.com\/it\/wp-json\/wp\/v2\/product_brand?post=9399"},{"taxonomy":"product_cat","embeddable":true,"href":"https:\/\/www.klasmeier.com\/it\/wp-json\/wp\/v2\/product_cat?post=9399"},{"taxonomy":"product_tag","embeddable":true,"href":"https:\/\/www.klasmeier.com\/it\/wp-json\/wp\/v2\/product_tag?post=9399"}],"curies":[{"name":"wp","href":"https:\/\/api.w.org\/{rel}","templated":true}]}}