{"id":9347,"date":"2024-02-29T17:17:56","date_gmt":"2024-02-29T16:17:56","guid":{"rendered":"https:\/\/www.klasmeier.com\/?post_type=product&#038;p=9347"},"modified":"2025-12-03T15:26:13","modified_gmt":"2025-12-03T14:26:13","slug":"pt100-tipo-d-termometro-a-differenza-di-temperatura-100-c-250-c","status":"publish","type":"product","link":"https:\/\/www.klasmeier.com\/it\/produkt\/pt100-tipo-d-termometro-a-differenza-di-temperatura-100-c-250-c\/","title":{"rendered":"Pt100 Tipo D Termometro a Differenza di Temperatura (-100 \u00b0C \u2026 250 \u00b0C)"},"content":{"rendered":"\n<div class=\"wp-block-group has-global-padding is-layout-constrained wp-container-core-group-is-layout-b1d50903 wp-block-group-is-layout-constrained\" style=\"padding-top:var(--wp--preset--spacing--20);padding-bottom:var(--wp--preset--spacing--20)\">\n<figure class=\"wp-block-image aligncenter size-full\"><img loading=\"lazy\" decoding=\"async\" width=\"310\" height=\"89\" src=\"https:\/\/www.klasmeier.com\/wp-content\/uploads\/exacal.png\" alt=\"\" class=\"wp-image-9001\" srcset=\"https:\/\/www.klasmeier.com\/wp-content\/uploads\/exacal.png 310w, https:\/\/www.klasmeier.com\/wp-content\/uploads\/exacal-300x86.png 300w\" sizes=\"auto, (max-width: 310px) 100vw, 310px\" \/><\/figure>\n\n\n\n<h3 class=\"wp-block-heading\">Incertezza di misura<\/h3>\n\n\n\n<div class=\"wp-block-columns is-layout-flex wp-container-core-columns-is-layout-28f84493 wp-block-columns-is-layout-flex\">\n<div class=\"wp-block-column is-layout-flow wp-block-column-is-layout-flow\" style=\"flex-basis:66.66%\">\n<p>I termometri eXacal possono essere calibrati nel nostro laboratorio accreditato DAkkS. Grazie all&#8217;accreditamento DAkkS, tutte le calibrazioni sono tracciabili agli standard nazionali e internazionali.<\/p>\n\n\n\n<p>La calibrazione dei termometri a resistenza eXacal viene effettuata ai punti fissi ITS-90. \u00c8 inoltre possibile eseguire calibrazioni con metodo comparativo in bagni di calibrazione e forni di calibrazione. L&#8217;incertezza di misura \u00e8 determinata da numerosi fattori, tra cui la riproducibilit\u00e0, la funzione di deviazione ITS-90, l&#8217;autoriscaldamento e l&#8217;isteresi.<\/p>\n<\/div>\n\n\n\n<div class=\"wp-block-column is-layout-flow wp-block-column-is-layout-flow\" style=\"flex-basis:33.33%\">\n<figure class=\"wp-block-image size-medium\"><img loading=\"lazy\" decoding=\"async\" width=\"300\" height=\"300\" src=\"https:\/\/www.klasmeier.com\/wp-content\/uploads\/klasmeier_EU_Precision_Thermometry_transparent-300x300.webp\" alt=\"\" class=\"wp-image-13162\" srcset=\"https:\/\/www.klasmeier.com\/wp-content\/uploads\/klasmeier_EU_Precision_Thermometry_transparent-300x300.webp 300w, https:\/\/www.klasmeier.com\/wp-content\/uploads\/klasmeier_EU_Precision_Thermometry_transparent-150x150.webp 150w, https:\/\/www.klasmeier.com\/wp-content\/uploads\/klasmeier_EU_Precision_Thermometry_transparent-768x768.webp 768w, https:\/\/www.klasmeier.com\/wp-content\/uploads\/klasmeier_EU_Precision_Thermometry_transparent-600x600.webp 600w, https:\/\/www.klasmeier.com\/wp-content\/uploads\/klasmeier_EU_Precision_Thermometry_transparent-100x100.webp 100w, https:\/\/www.klasmeier.com\/wp-content\/uploads\/klasmeier_EU_Precision_Thermometry_transparent.webp 1024w\" sizes=\"auto, (max-width: 300px) 100vw, 300px\" \/><\/figure>\n<\/div>\n<\/div>\n\n\n\n<p><strong>Il punto di misura principale del termometro differenziale viene calibrato ai punti fissi di temperatura. Il secondo punto di misura viene analizzato tramite una misurazione differenziale alla massima profondit\u00e0 di immersione in una <a href=\"https:\/\/www.klasmeier.com\/it\/produkt\/waermerohr-kalibrierofen\/\">Heat Pipe (forno a tubo di calore)<\/a> con un profilo verticale estremamente uniforme.<\/strong><\/p>\n\n\n\n<div class=\"wp-block-buttons alignwide is-content-justification-center is-layout-flex wp-container-core-buttons-is-layout-a89b3969 wp-block-buttons-is-layout-flex\">\n<div class=\"wp-block-button hvr-shrink\"><a class=\"wp-block-button__link wp-element-button\" href=\"https:\/\/www.klasmeier.com\/it\/servizio-di-calibrazione-klasmeier\/taratura-dei-termometri-a-resistenza\/\">Calibrazione dei termometri a resistenza<\/a><\/div>\n<\/div>\n<\/div>\n\n\n\n<div class=\"wp-block-group has-global-padding is-layout-constrained wp-container-core-group-is-layout-530ec779 wp-block-group-is-layout-constrained\">\n<p>Termometro a differenza di temperatura per la determinazione dei gradienti di temperatura verticali e misurazioni di temperatura ad alta precisione.<\/p>\n\n\n\n<div class=\"wp-block-group is-vertical is-layout-flex wp-container-core-group-is-layout-893838bc wp-block-group-is-layout-flex\" style=\"padding-top:var(--wp--preset--spacing--10);padding-bottom:var(--wp--preset--spacing--10)\">\n<p><mark style=\"background-color:rgba(0, 0, 0, 0)\" class=\"has-inline-color has-accent-3-color\"><i class=\"fas fa-circle-check\"><\/i><\/mark> Intervallo di temperatura:&nbsp;<strong>-100 \u00b0C a 250 \u00b0C<\/strong><\/p>\n\n\n\n<p><mark style=\"background-color:rgba(0, 0, 0, 0)\" class=\"has-inline-color has-accent-3-color\"><i class=\"fas fa-circle-check\"><\/i><\/mark> Incertezze di misura ridotte:&nbsp;<strong>6 mK e 11 mK<\/strong><\/p>\n\n\n\n<p><mark style=\"background-color:rgba(0, 0, 0, 0)\" class=\"has-inline-color has-accent-3-color\"><i class=\"fas fa-circle-check\"><\/i><\/mark> Determinazione di <strong>gradienti di temperatura verticali<\/strong><\/p>\n\n\n\n<p><mark style=\"background-color:rgba(0, 0, 0, 0)\" class=\"has-inline-color has-accent-3-color\"><i class=\"fas fa-circle-check\"><\/i><\/mark> <strong>Termometro di riferimento e termometro a differenza di temperatura<\/strong><\/p>\n<\/div>\n\n\n\n<p>Il termometro per la misurazione delle differenze di temperatura \u00e8 un utile strumento per il lavoro quotidiano in laboratorio. Facilita le operazioni di:<\/p>\n\n\n\n<div class=\"wp-block-group is-vertical is-layout-flex wp-container-core-group-is-layout-893838bc wp-block-group-is-layout-flex\" style=\"padding-top:var(--wp--preset--spacing--10);padding-bottom:var(--wp--preset--spacing--10)\">\n<p><mark style=\"background-color:rgba(0, 0, 0, 0)\" class=\"has-inline-color has-accent-3-color\"><i class=\"fas fa-circle-check\"><\/i><\/mark> <strong>Determinazione dei gradienti di temperatura verticali<\/strong><br>I gradienti di temperatura verticali devono essere inclusi nel bilancio dell&#8217;incertezza di misura durante una calibrazione (ad es. secondo DKD-R 5-4 &#8220;Calibrazione dei calibratori a blocco&#8221;, DKD-R 5-3 &#8220;Calibrazione dei termoelementi&#8221; o DKD-R 5-1 &#8220;Calibrazione dei termometri a resistenza&#8221;).<\/p>\n\n\n\n<p><mark style=\"background-color:rgba(0, 0, 0, 0)\" class=\"has-inline-color has-accent-3-color\"><i class=\"fas fa-circle-check\"><\/i><\/mark><strong> Ottimizzazione dei forni di calibrazione<br><\/strong>Durante l&#8217;ottimizzazione delle zone di riscaldamento nei forni di calibrazione, come il <a href=\"https:\/\/www.klasmeier.com\/produkt\/3-zonen-hochtemperatur-kalibrierofen\/\">Forno di calibrazione ad alta temperatura a 3 zone<\/a> o il <a href=\"https:\/\/www.klasmeier.com\/produkt\/kalibrierofen-511\/\">Forno di calibrazione Medusa<\/a>, \u00e8 necessaria una determinazione precisa delle differenze di temperatura.<\/p>\n\n\n\n<p><mark style=\"background-color:rgba(0, 0, 0, 0)\" class=\"has-inline-color has-accent-3-color\"><i class=\"fas fa-circle-check\"><\/i><\/mark> <strong>Termometro di riferimento ad alta precisione<\/strong><br>Il punto di misura principale del termometro differenziale \u00e8 costruito secondo il modello <a href=\"https:\/\/www.klasmeier.com\/it\/produkt\/pt100-modello-m-termometro-di-precisione-a-temperatura-media-100-c-fino-a-250-c\/\">eXacal PT 100 M<\/a> e pu\u00f2 essere calibrato con le stesse incertezze di misura. Questo consente l\u2019utilizzo non solo per la misurazione delle differenze di temperatura, ma anche come termometro di riferimento.<\/p>\n<\/div>\n\n\n\n<p>Il termometro differenziale \u00e8 composto da due sensori di temperatura Pt100, posizionati alla base del termometro e distanziati di 4 cm.<\/p>\n\n\n\n<figure class=\"wp-block-image alignwide size-full has-custom-border\"><img loading=\"lazy\" decoding=\"async\" width=\"900\" height=\"200\" src=\"https:\/\/www.klasmeier.com\/wp-content\/uploads\/eXacal_Differenz-Thermometer.png\" alt=\"\" class=\"wp-image-5273\" style=\"border-radius:50px\" srcset=\"https:\/\/www.klasmeier.com\/wp-content\/uploads\/eXacal_Differenz-Thermometer.png 900w, https:\/\/www.klasmeier.com\/wp-content\/uploads\/eXacal_Differenz-Thermometer-300x67.png 300w, https:\/\/www.klasmeier.com\/wp-content\/uploads\/eXacal_Differenz-Thermometer-768x171.png 768w, https:\/\/www.klasmeier.com\/wp-content\/uploads\/eXacal_Differenz-Thermometer-600x133.png 600w\" sizes=\"auto, (max-width: 900px) 100vw, 900px\" \/><figcaption class=\"wp-element-caption\"><br>Rappresentazione schematica del termometro differenziale<\/figcaption><\/figure>\n\n\n\n<div class=\"wp-block-group has-global-padding is-layout-constrained wp-container-core-group-is-layout-b1d50903 wp-block-group-is-layout-constrained\" style=\"padding-top:var(--wp--preset--spacing--20);padding-bottom:var(--wp--preset--spacing--20)\">\n<h3 class=\"wp-block-heading\">Incertezza di Misura<\/h3>\n\n\n\n<p>I termometri eXacal possono essere calibrati nel nostro laboratorio accreditato DAkkS. L&#8217;accreditamento DAkkS garantisce che tutte le calibrazioni siano tracciabili agli standard nazionali e internazionali.<\/p>\n\n\n\n<p>La calibrazione dei termometri a resistenza eXacal viene eseguita ai punti fissi ITS-90. Inoltre, \u00e8 possibile effettuare calibrazioni utilizzando il metodo comparativo in bagni di calibrazione e forni di calibrazione. L&#8217;incertezza di misura \u00e8 determinata da molteplici fattori. I contributi pi\u00f9 significativi provengono dalla riproducibilit\u00e0, dalla funzione di deviazione ITS-90, dall&#8217;autoriscaldamento e dall&#8217;isteresi.<\/p>\n\n\n\n<p><strong>Per il termometro differenziale, il punto di misura principale viene calibrato ai punti fissi di temperatura. Il secondo punto di misura viene analizzato tramite una misurazione differenziale alla massima profondit\u00e0 di immersione in una&nbsp;<strong>Heat Pipe (forno a tubo di calore)<\/strong>&nbsp;con un profilo verticale estremamente uniforme.<\/strong><\/p>\n\n\n\n<div class=\"wp-block-group is-vertical is-layout-flex wp-container-core-group-is-layout-893838bc wp-block-group-is-layout-flex\" style=\"padding-top:var(--wp--preset--spacing--10);padding-bottom:var(--wp--preset--spacing--10)\">\n<p><mark style=\"background-color:rgba(0, 0, 0, 0)\" class=\"has-inline-color has-accent-3-color\"><i class=\"fas fa-circle-check\"><\/i><\/mark> <strong><strong><strong><strong>Incertezze di misura ridotte con certificato di calibrazione DAkkS<\/strong><\/strong><\/strong><\/strong><\/p>\n\n\n\n<p><mark style=\"background-color:rgba(0, 0, 0, 0)\" class=\"has-inline-color has-accent-3-color\"><i class=\"fas fa-circle-check\"><\/i><\/mark> <strong><strong><strong>Punti fissi di temperatura dal punto triplo del mercurio a -38,8344 \u00b0C al punto di solidificazione dello stagno a 231,928 \u00b0C<\/strong><\/strong><\/strong><\/p>\n\n\n\n<p><mark style=\"background-color:rgba(0, 0, 0, 0)\" class=\"has-inline-color has-accent-3-color\"><i class=\"fas fa-circle-check\"><\/i><\/mark> <strong><strong>Misurazione differenziale in una Heat Pipe \/ forno a tubo di calore<\/strong><\/strong><\/p>\n<\/div>\n\n\n\n<div class=\"wp-block-buttons alignwide is-content-justification-center is-layout-flex wp-container-core-buttons-is-layout-a89b3969 wp-block-buttons-is-layout-flex\">\n<div class=\"wp-block-button hvr-shrink\"><a class=\"wp-block-button__link wp-element-button\" href=\"https:\/\/www.klasmeier.com\/it\/servizio-di-calibrazione-klasmeier\/taratura-dei-termometri-a-resistenza\/\">Calibrazione dei termometri a resistenza<\/a><\/div>\n<\/div>\n\n\n\n<div style=\"height:33px\" aria-hidden=\"true\" class=\"wp-block-spacer\"><\/div>\n\n\n\n<figure class=\"wp-block-table alignwide pttb\" style=\"font-style:normal;font-weight:400\"><table class=\"has-fixed-layout\"><thead><tr><th class=\"has-text-align-center\" data-align=\"center\"><strong>Intervallo<\/strong><\/th><th><strong>Metodo<\/strong><\/th><th class=\"has-text-align-center\" data-align=\"center\"><strong>Incertezza di Misura<\/strong><\/th><\/tr><\/thead><tbody><tr><td class=\"has-text-align-center\" data-align=\"center\">-38,8344 \u00b0C \u2013 0,01 \u00b0C<\/td><td>Mercurio fino all&#8217;acqua<\/td><td class=\"has-text-align-center\" data-align=\"center\">6 mK<\/td><\/tr><tr><td class=\"has-text-align-center\" data-align=\"center\">0,01 \u00b0C \u2013 29,7646 \u00b0C<\/td><td>Acqua fino al gallio<\/td><td class=\"has-text-align-center\" data-align=\"center\">6 mK<\/td><\/tr><tr><td class=\"has-text-align-center\" data-align=\"center\">0,01 \u00b0C \u2013 156,5985 \u00b0C<\/td><td>Acqua fino all&#8217;indio<\/td><td class=\"has-text-align-center\" data-align=\"center\">10 mK<\/td><\/tr><tr><td class=\"has-text-align-center\" data-align=\"center\">0,01 \u00b0C \u2013 231,928 \u00b0C<\/td><td>Acqua fino allo stagno<\/td><td class=\"has-text-align-center\" data-align=\"center\">11 mK<\/td><\/tr><\/tbody><\/table><figcaption class=\"wp-element-caption\">\n        Le incertezze di misura indicate corrispondono a k=2, includono una funzione di deviazione ITS-90 e sono specificate per il rispettivo intervallo.\n    <\/figcaption><\/figure>\n<\/div>\n<\/div>\n","protected":false},"excerpt":{"rendered":"<p>Produttore: Klasmeier \/ eXacal Modello: Pt100D<\/p>\n","protected":false},"featured_media":11901,"template":"","meta":[],"product_brand":[],"product_cat":[],"product_tag":[],"class_list":{"0":"post-9347","1":"product","2":"type-product","3":"status-publish","4":"has-post-thumbnail","7":"first","8":"instock","9":"shipping-taxable","10":"purchasable","11":"product-type-variable"},"_links":{"self":[{"href":"https:\/\/www.klasmeier.com\/it\/wp-json\/wp\/v2\/product\/9347","targetHints":{"allow":["GET"]}}],"collection":[{"href":"https:\/\/www.klasmeier.com\/it\/wp-json\/wp\/v2\/product"}],"about":[{"href":"https:\/\/www.klasmeier.com\/it\/wp-json\/wp\/v2\/types\/product"}],"wp:featuredmedia":[{"embeddable":true,"href":"https:\/\/www.klasmeier.com\/it\/wp-json\/wp\/v2\/media\/11901"}],"wp:attachment":[{"href":"https:\/\/www.klasmeier.com\/it\/wp-json\/wp\/v2\/media?parent=9347"}],"wp:term":[{"taxonomy":"product_brand","embeddable":true,"href":"https:\/\/www.klasmeier.com\/it\/wp-json\/wp\/v2\/product_brand?post=9347"},{"taxonomy":"product_cat","embeddable":true,"href":"https:\/\/www.klasmeier.com\/it\/wp-json\/wp\/v2\/product_cat?post=9347"},{"taxonomy":"product_tag","embeddable":true,"href":"https:\/\/www.klasmeier.com\/it\/wp-json\/wp\/v2\/product_tag?post=9347"}],"curies":[{"name":"wp","href":"https:\/\/api.w.org\/{rel}","templated":true}]}}