{"id":9340,"date":"2024-02-29T17:18:34","date_gmt":"2024-02-29T16:18:34","guid":{"rendered":"https:\/\/www.klasmeier.com\/?post_type=product&#038;p=9340"},"modified":"2025-12-03T15:22:19","modified_gmt":"2025-12-03T14:22:19","slug":"termocoppia-di-riferimento-industriale-tipo-s-0-c-1200-c","status":"publish","type":"product","link":"https:\/\/www.klasmeier.com\/it\/produkt\/termocoppia-di-riferimento-industriale-tipo-s-0-c-1200-c\/","title":{"rendered":"Termocoppia di Riferimento Industriale Tipo S (0 \u00b0C &#8211; 1200 \u00b0C)"},"content":{"rendered":"\n<div class=\"wp-block-group has-global-padding is-layout-constrained wp-container-core-group-is-layout-530ec779 wp-block-group-is-layout-constrained\">\n<figure class=\"wp-block-image aligncenter size-full\"><img loading=\"lazy\" decoding=\"async\" width=\"310\" height=\"89\" src=\"https:\/\/www.klasmeier.com\/wp-content\/uploads\/exacal.png\" alt=\"\" class=\"wp-image-9001\" srcset=\"https:\/\/www.klasmeier.com\/wp-content\/uploads\/exacal.png 310w, https:\/\/www.klasmeier.com\/wp-content\/uploads\/exacal-300x86.png 300w\" sizes=\"auto, (max-width: 310px) 100vw, 310px\" \/><\/figure>\n\n\n\n<div class=\"wp-block-columns is-layout-flex wp-container-core-columns-is-layout-28f84493 wp-block-columns-is-layout-flex\">\n<div class=\"wp-block-column is-layout-flow wp-block-column-is-layout-flow\" style=\"flex-basis:66.66%\">\n<h3 class=\"wp-block-heading alignwide\">Termocoppia di Tipo S<\/h3>\n\n\n\n<p>Termocoppie di precisione in metallo nobile (termocoppia Tipo S). Ottimizzate per applicazioni con ridotte profondit\u00e0 di immersione, ad esempio in calibratori a blocco di temperatura.<\/p>\n\n\n\n<div class=\"wp-block-group is-vertical is-layout-flex wp-container-core-group-is-layout-893838bc wp-block-group-is-layout-flex\" style=\"padding-top:var(--wp--preset--spacing--10);padding-bottom:var(--wp--preset--spacing--10)\">\n<p><mark style=\"background-color:rgba(0, 0, 0, 0)\" class=\"has-inline-color has-accent-3-color\"><i class=\"fas fa-circle-check\"><\/i><\/mark> Termocoppia industriale Tipo S&nbsp;<\/p>\n\n\n\n<p><mark style=\"background-color:rgba(0, 0, 0, 0)\" class=\"has-inline-color has-accent-3-color\"><i class=\"fas fa-circle-check\"><\/i><\/mark> <strong><strong>Ottimizzata per applicazioni con ridotte profondit\u00e0 di immersione<\/strong><\/strong><\/p>\n\n\n\n<p><mark style=\"background-color:rgba(0, 0, 0, 0)\" class=\"has-inline-color has-accent-3-color\"><i class=\"fas fa-circle-check\"><\/i><\/mark> Bassa disomogeneit\u00e0 grazie ai fili termoelettrici trattati termicamente<\/p>\n\n\n\n<p><mark style=\"background-color:rgba(0, 0, 0, 0)\" class=\"has-inline-color has-accent-3-color\"><i class=\"fas fa-circle-check\"><\/i><\/mark> Punta sottile per <strong>tempi di risposta rapidi<\/strong><\/p>\n\n\n\n<p><mark style=\"background-color:rgba(0, 0, 0, 0)\" class=\"has-inline-color has-accent-3-color\"><i class=\"fas fa-circle-check\"><\/i><\/mark> <strong><strong>Ideale per l&#8217;uso industriale, ad esempio nei calibratori a blocco&nbsp;<\/strong><\/strong><\/p>\n<\/div>\n<\/div>\n\n\n\n<div class=\"wp-block-column is-layout-flow wp-block-column-is-layout-flow\" style=\"flex-basis:33.33%\">\n<figure class=\"wp-block-image size-medium\"><img loading=\"lazy\" decoding=\"async\" width=\"300\" height=\"300\" src=\"https:\/\/www.klasmeier.com\/wp-content\/uploads\/klasmeier_EU_Precision_Thermometry_transparent-300x300.webp\" alt=\"\" class=\"wp-image-13162\" srcset=\"https:\/\/www.klasmeier.com\/wp-content\/uploads\/klasmeier_EU_Precision_Thermometry_transparent-300x300.webp 300w, https:\/\/www.klasmeier.com\/wp-content\/uploads\/klasmeier_EU_Precision_Thermometry_transparent-150x150.webp 150w, https:\/\/www.klasmeier.com\/wp-content\/uploads\/klasmeier_EU_Precision_Thermometry_transparent-768x768.webp 768w, https:\/\/www.klasmeier.com\/wp-content\/uploads\/klasmeier_EU_Precision_Thermometry_transparent-600x600.webp 600w, https:\/\/www.klasmeier.com\/wp-content\/uploads\/klasmeier_EU_Precision_Thermometry_transparent-100x100.webp 100w, https:\/\/www.klasmeier.com\/wp-content\/uploads\/klasmeier_EU_Precision_Thermometry_transparent.webp 1024w\" sizes=\"auto, (max-width: 300px) 100vw, 300px\" \/><\/figure>\n<\/div>\n<\/div>\n\n\n\n<p>La termocoppia di Tipo S \u00e8 stata appositamente sviluppata come riferimento di temperatura per le calibrazioni industriali e le misurazioni di temperatura. \u00c8 realizzata con lo stesso materiale termoelettrico di alta qualit\u00e0 della <a href=\"https:\/\/www.klasmeier.com\/it\/produkt\/termocoppia-di-precisione-tipo-r-0-c-fino-a-1200-c\/\">Termocoppia di precisione Tipo R\/Tipo S<\/a>. Tuttavia, la costruzione della termocoppia di Tipo S \u00e8 specificamente adattata ai requisiti industriali. Ad esempio, il punto di misura \u00e8 realizzato con un tubo di protezione pi\u00f9 piccolo. Grazie a queste dimensioni ridotte, la termocoppia di Tipo S pu\u00f2 essere utilizzata come <strong>riferimento di temperatura per la calibrazione con calibratori a blocco<\/strong>. Inoltre, per adattarsi meglio alle condizioni industriali, \u00e8 possibile optare per l&#8217;uso di connettori miniaturizzati di Tipo S anzich\u00e9 un punto di riferimento esterno.<\/p>\n\n\n\n<p>Le termocoppie sono fornite di serie con un connettore miniatura realizzato in materiale termocoppia di classe 1 \u2013&nbsp;<strong>la giunzione di riferimento si trova direttamente nel connettore<\/strong>, dove avviene la transizione dal materiale termocoppia al rame. Non \u00e8 necessario un giunto di riferimento separato.<\/p>\n\n\n\n<div class=\"wp-block-group is-vertical is-layout-flex wp-container-core-group-is-layout-fe9cc265 wp-block-group-is-layout-flex\">\n<h3 class=\"wp-block-heading\"><strong>Custodia in legno abbinata<\/strong><\/h3>\n\n\n\n<p><span style=\"font-size: 14pt;\">Ogni termometro eXacal viene fornito in un apposito astuccio. \u00c8 inoltre possibile ordinare una custodia in legno di alta qualit\u00e0.<\/span><\/p>\n\n\n\n<div class=\"wp-block-columns are-vertically-aligned-top is-layout-flex wp-container-core-columns-is-layout-28f84493 wp-block-columns-is-layout-flex\">\n<div class=\"wp-block-column is-vertically-aligned-top is-layout-flow wp-block-column-is-layout-flow\">\n<div data-block-name=\"woocommerce\/single-product\" data-product-id=\"785\" data-wp-context=\"{&quot;productId&quot;:785,&quot;variationId&quot;:null}\" data-wp-interactive=\"woocommerce\/single-product\" class=\"wp-block-woocommerce-single-product woocommerce hvr-grow\"><div data-block-name=\"woocommerce\/product-image\" data-is-descendent-of-single-product-block=\"true\" data-show-sale-badge=\"false\" data-style=\"{&quot;border&quot;:{&quot;radius&quot;:&quot;50px&quot;}}\" style=\"border-radius:50px;\" class=\"wc-block-components-product-image wc-block-grid__product-image wc-block-components-product-image--aspect-ratio-auto wp-block-woocommerce-product-image\"><a href=\"https:\/\/www.klasmeier.com\/produkt\/holz-tragekoffer-fuer-exacal-thermometer-klein\/\" style=\"\" data-wp-on--click=\"woocommerce\/product-collection::actions.viewProduct\"><img decoding=\"async\" width=\"600\" height=\"600\" src=\"https:\/\/www.klasmeier.com\/wp-content\/uploads\/2024\/02\/eXacal-Praezisionsthermometer-im-Koffer-1-1.jpg\" class=\"attachment-woocommerce_single size-woocommerce_single\" alt=\"Holz-Tragekoffer f\u00fcr eXacal Thermometer - Klein\" data-testid=\"product-image\" data-image-id=\"880\" style=\"object-fit:cover;\" loading=\"lazy\" srcset=\"https:\/\/www.klasmeier.com\/wp-content\/uploads\/2024\/02\/eXacal-Praezisionsthermometer-im-Koffer-1-1.jpg 600w, https:\/\/www.klasmeier.com\/wp-content\/uploads\/2024\/02\/eXacal-Praezisionsthermometer-im-Koffer-1-1-300x300.jpg 300w, https:\/\/www.klasmeier.com\/wp-content\/uploads\/2024\/02\/eXacal-Praezisionsthermometer-im-Koffer-1-1-150x150.jpg 150w, https:\/\/www.klasmeier.com\/wp-content\/uploads\/2024\/02\/eXacal-Praezisionsthermometer-im-Koffer-1-1-100x100.jpg 100w\" sizes=\"auto, (max-width: 600px) 100vw, 600px\" \/><div class=\"wc-block-components-product-image__inner-container\"><\/div><\/a><\/div>\n\n\n<div class=\"wp-block-columns is-layout-flex wp-container-core-columns-is-layout-28f84493 wp-block-columns-is-layout-flex\">\n<div class=\"wp-block-column is-vertically-aligned-top is-layout-flow wp-block-column-is-layout-flow\"><h2 style=\"font-size:clamp(0.929rem, 0.929rem + ((1vw - 0.2rem) * 0.785), 1.4rem);font-style:normal;font-weight:600;\" class=\"wp-block-post-title\"><a href=\"https:\/\/www.klasmeier.com\/produkt\/holz-tragekoffer-fuer-exacal-thermometer-klein\/\" target=\"_self\" >Holz-Tragekoffer f\u00fcr eXacal Thermometer &#8211; Klein<\/a><\/h2>\n\n<div data-block-name=\"woocommerce\/product-price\" data-is-descendent-of-single-product-block=\"true\" class=\"wp-block-woocommerce-product-price\" ><div class=\"wc-block-components-product-price wc-block-grid__product-price\" >\n\t\t\t\t\t<span class=\"woocommerce-Price-amount amount\"><bdi>100,00&nbsp;<span class=\"woocommerce-Price-currencySymbol\">&euro;<\/span><\/bdi><\/span>\n\t\t\t\t<\/div><\/div>\n\n<div class=\"wp-block-post-excerpt\"><p class=\"wp-block-post-excerpt__excerpt\">Hersteller: eXacal \/ KlasmeierModell: Holz-Tragekoffer klein <\/p><\/div><\/div>\n<\/div>\n<\/div>\n<\/div>\n\n\n\n<div class=\"wp-block-column is-vertically-aligned-top is-layout-flow wp-block-column-is-layout-flow\">\n<div style=\"height:100px\" aria-hidden=\"true\" class=\"wp-block-spacer\"><\/div>\n<\/div>\n\n\n\n<div class=\"wp-block-column is-vertically-aligned-top is-layout-flow wp-block-column-is-layout-flow\">\n<div style=\"height:100px\" aria-hidden=\"true\" class=\"wp-block-spacer\"><\/div>\n<\/div>\n<\/div>\n<\/div>\n<\/div>\n","protected":false},"excerpt":{"rendered":"<p>Produttore: Klasmeier \/ eXacal Modello: KK-168<\/p>\n","protected":false},"featured_media":11811,"template":"","meta":[],"product_brand":[],"product_cat":[],"product_tag":[],"class_list":{"0":"post-9340","1":"product","2":"type-product","3":"status-publish","4":"has-post-thumbnail","7":"first","8":"instock","9":"shipping-taxable","10":"purchasable","11":"product-type-variable"},"_links":{"self":[{"href":"https:\/\/www.klasmeier.com\/it\/wp-json\/wp\/v2\/product\/9340","targetHints":{"allow":["GET"]}}],"collection":[{"href":"https:\/\/www.klasmeier.com\/it\/wp-json\/wp\/v2\/product"}],"about":[{"href":"https:\/\/www.klasmeier.com\/it\/wp-json\/wp\/v2\/types\/product"}],"wp:featuredmedia":[{"embeddable":true,"href":"https:\/\/www.klasmeier.com\/it\/wp-json\/wp\/v2\/media\/11811"}],"wp:attachment":[{"href":"https:\/\/www.klasmeier.com\/it\/wp-json\/wp\/v2\/media?parent=9340"}],"wp:term":[{"taxonomy":"product_brand","embeddable":true,"href":"https:\/\/www.klasmeier.com\/it\/wp-json\/wp\/v2\/product_brand?post=9340"},{"taxonomy":"product_cat","embeddable":true,"href":"https:\/\/www.klasmeier.com\/it\/wp-json\/wp\/v2\/product_cat?post=9340"},{"taxonomy":"product_tag","embeddable":true,"href":"https:\/\/www.klasmeier.com\/it\/wp-json\/wp\/v2\/product_tag?post=9340"}],"curies":[{"name":"wp","href":"https:\/\/api.w.org\/{rel}","templated":true}]}}