{"id":9318,"date":"2024-02-29T17:20:51","date_gmt":"2024-02-29T16:20:51","guid":{"rendered":"https:\/\/www.klasmeier.com\/?post_type=product&#038;p=9318"},"modified":"2025-12-03T14:40:03","modified_gmt":"2025-12-03T13:40:03","slug":"termometro-di-riferimento-sprt-secondario-200-c-fino-a-250-c","status":"publish","type":"product","link":"https:\/\/www.klasmeier.com\/it\/produkt\/termometro-di-riferimento-sprt-secondario-200-c-fino-a-250-c\/","title":{"rendered":"Termometro di riferimento SPRT secondario -200 \u00b0C fino a 250 \u00b0C"},"content":{"rendered":"\n<div class=\"wp-block-group has-global-padding is-layout-constrained wp-container-core-group-is-layout-530ec779 wp-block-group-is-layout-constrained\">\n<div class=\"wp-block-columns alignwide are-vertically-aligned-top is-layout-flex wp-container-core-columns-is-layout-28f84493 wp-block-columns-is-layout-flex\">\n<div class=\"wp-block-column is-layout-flow wp-block-column-is-layout-flow\" style=\"flex-basis:30%\">\n<figure class=\"wp-block-image alignleft is-resized has-custom-border\"><img loading=\"lazy\" decoding=\"async\" width=\"1024\" height=\"1024\" src=\"https:\/\/www.klasmeier.com\/wp-content\/uploads\/eXacal_SPRT_Klasmeier_216-1024x1024.jpg\" alt=\"Termometro a bassa temperatura: il robusto termometro di riferimento SPRT secondario per misurazioni di temperatura precise\" class=\"wp-image-5410\" style=\"border-radius:50px;width:304px;height:auto\" srcset=\"https:\/\/www.klasmeier.com\/wp-content\/uploads\/eXacal_SPRT_Klasmeier_216-1024x1024.jpg 1024w, https:\/\/www.klasmeier.com\/wp-content\/uploads\/eXacal_SPRT_Klasmeier_216-300x300.jpg 300w, https:\/\/www.klasmeier.com\/wp-content\/uploads\/eXacal_SPRT_Klasmeier_216-150x150.jpg 150w, https:\/\/www.klasmeier.com\/wp-content\/uploads\/eXacal_SPRT_Klasmeier_216-768x768.jpg 768w, https:\/\/www.klasmeier.com\/wp-content\/uploads\/eXacal_SPRT_Klasmeier_216-600x600.jpg 600w, https:\/\/www.klasmeier.com\/wp-content\/uploads\/eXacal_SPRT_Klasmeier_216-100x100.jpg 100w, https:\/\/www.klasmeier.com\/wp-content\/uploads\/eXacal_SPRT_Klasmeier_216.jpg 1200w\" sizes=\"auto, (max-width: 1024px) 100vw, 1024px\" \/><\/figure>\n<\/div>\n\n\n\n<div class=\"wp-block-column is-layout-flow wp-block-column-is-layout-flow\" style=\"flex-basis:75%\">\n<p><strong>Termometro a bassa temperatura: il robusto termometro di riferimento SPRT secondario per misurazioni di temperatura precise<\/strong><\/p>\n\n\n\n<p><span style=\"font-size: 14pt;\">Il nostro SPRT a bassa temperatura (Standard Platinum Resistance Thermometer) \u00e8 utilizzato nelle misurazioni di temperatura di precisione come normale di calibrazione robusto per le applicazioni pi\u00f9 impegnative. Progettati per soddisfare le esigenze di ricerca, industria e controllo qualit\u00e0, questi termometri offrono un\u2019eccellente accuratezza e affidabilit\u00e0. Grazie alla loro robustezza, risultano un\u2019ottima alternativa nell\u2019uso quotidiano ai termometri spesso molto sensibili con guaina in quarzo.<\/span><\/p>\n<\/div>\n<\/div>\n\n\n\n<div class=\"wp-block-group alignwide is-vertical is-content-justification-stretch is-layout-flex wp-container-core-group-is-layout-88863016 wp-block-group-is-layout-flex\" style=\"padding-top:var(--wp--preset--spacing--30);padding-bottom:var(--wp--preset--spacing--30)\">\n<figure class=\"wp-block-image size-full\"><img loading=\"lazy\" decoding=\"async\" width=\"310\" height=\"89\" src=\"https:\/\/www.klasmeier.com\/wp-content\/uploads\/exacal.png\" alt=\"\" class=\"wp-image-9001\" srcset=\"https:\/\/www.klasmeier.com\/wp-content\/uploads\/exacal.png 310w, https:\/\/www.klasmeier.com\/wp-content\/uploads\/exacal-300x86.png 300w\" sizes=\"auto, (max-width: 310px) 100vw, 310px\" \/><\/figure>\n\n\n\n<h3 class=\"wp-block-heading\"><strong>Caratteristiche del modello SPRT secondario 216:<\/strong><\/h3>\n\n\n\n<div class=\"wp-block-columns is-layout-flex wp-container-core-columns-is-layout-28f84493 wp-block-columns-is-layout-flex\">\n<div class=\"wp-block-column is-layout-flow wp-block-column-is-layout-flow\" style=\"flex-basis:66.66%\">\n<p><mark style=\"background-color:rgba(0, 0, 0, 0)\" class=\"has-inline-color has-accent-3-color\"><i class=\"fas fa-circle-check\"><\/i><\/mark> <span><strong>Riempimento con gas protettivo:<\/strong> L\u2019impugnatura dello SPRT \u00e8 a tenuta di gas, consentendo di riempire il termometro con un gas protettivo. Questa costruzione protegge il termometro dagli agenti esterni e ne migliora le prestazioni, soprattutto alle temperature estremamente basse. <span>Il riempimento con gas protettivo rende possibile l\u2019utilizzo del termometro fino a -200 \u00b0C, permettendo la calibrazione fino al punto triplo dell\u2019argon a circa -189 \u00b0C.<\/span><\/span><\/p>\n\n\n\n<p><mark style=\"background-color:rgba(0, 0, 0, 0)\" class=\"has-inline-color has-accent-3-color\"><i class=\"fas fa-circle-check\"><\/i> <\/mark><span><strong>Campo di temperatura:<\/strong> Con un intervallo operativo da -200 \u00b0C a 250 \u00b0C, il nostro termometro di riferimento SPRT secondario modello 216 copre ampiamente il settore delle basse temperature. Ci\u00f2 lo rende una soluzione versatile per numerose esigenze di misura.<\/span><\/p>\n<\/div>\n\n\n\n<div class=\"wp-block-column is-layout-flow wp-block-column-is-layout-flow\" style=\"flex-basis:33.33%\">\n<figure class=\"wp-block-image size-medium\"><img loading=\"lazy\" decoding=\"async\" width=\"300\" height=\"300\" src=\"https:\/\/www.klasmeier.com\/wp-content\/uploads\/klasmeier_EU_Precision_Thermometry_transparent-300x300.webp\" alt=\"\" class=\"wp-image-13162\" srcset=\"https:\/\/www.klasmeier.com\/wp-content\/uploads\/klasmeier_EU_Precision_Thermometry_transparent-300x300.webp 300w, https:\/\/www.klasmeier.com\/wp-content\/uploads\/klasmeier_EU_Precision_Thermometry_transparent-150x150.webp 150w, https:\/\/www.klasmeier.com\/wp-content\/uploads\/klasmeier_EU_Precision_Thermometry_transparent-768x768.webp 768w, https:\/\/www.klasmeier.com\/wp-content\/uploads\/klasmeier_EU_Precision_Thermometry_transparent-600x600.webp 600w, https:\/\/www.klasmeier.com\/wp-content\/uploads\/klasmeier_EU_Precision_Thermometry_transparent-100x100.webp 100w, https:\/\/www.klasmeier.com\/wp-content\/uploads\/klasmeier_EU_Precision_Thermometry_transparent.webp 1024w\" sizes=\"auto, (max-width: 300px) 100vw, 300px\" \/><\/figure>\n<\/div>\n<\/div>\n\n\n\n<p><mark style=\"background-color:rgba(0, 0, 0, 0)\" class=\"has-inline-color has-accent-3-color\"><i class=\"fas fa-circle-check\"><\/i><\/mark> <span><strong>Basse incertezze di misura:<\/strong> La precisione del termometro \u00e8 evidenziata dalle sue ridotte incertezze di misura, comprese tra 4,5 mK e 7 mK, nell\u2019ambito di una calibrazione accreditata DAkkS secondo DIN EN ISO\/IEC 17025. Questa elevata accuratezza garantisce risultati affidabili in tutti i campi di applicazione.<\/span><\/p>\n\n\n\n<p><mark style=\"background-color:rgba(0, 0, 0, 0)\" class=\"has-inline-color has-accent-3-color\"><i class=\"fas fa-circle-check\"><\/i><\/mark> <span><strong>Robustezza:<\/strong> In qualit\u00e0 di alternativa resistente ai termometri SPRT estremamente sensibili con guaina in quarzo, il nostro termometro di riferimento SPRT secondario si distingue per il mantello metallico e i resistori di misura stabili, risultando ottimale per un uso prolungato.<\/span><\/p>\n\n\n\n<p><mark style=\"background-color:rgba(0, 0, 0, 0)\" class=\"has-inline-color has-accent-3-color\"><i class=\"fas fa-circle-check\"><\/i><\/mark> <span><strong>Nuovo sensore SPRT:<\/strong> Il nuovo sensore SPRT sviluppato da Klasmeier \u00e8 stato migliorato nei seguenti aspetti:<\/span><\/p>\n\n\n\n<div class=\"wp-block-columns is-layout-flex wp-container-core-columns-is-layout-28f84493 wp-block-columns-is-layout-flex\">\n<div class=\"wp-block-column is-layout-flow wp-block-column-is-layout-flow\" style=\"flex-basis:100%\">\n<ul class=\"wp-block-list is-style-checkmark-list\">\n<li> risposta rapida <\/li>\n\n\n\n<li> isteresi ridotta <\/li>\n\n\n\n<li> bassa auto-riscaldamento <\/li>\n\n\n\n<li> eccellente ripetibilit\u00e0 e stabilit\u00e0 <\/li>\n<\/ul>\n<\/div>\n<\/div>\n<\/div>\n\n\n\n<div class=\"wp-block-group alignwide is-vertical is-layout-flex wp-container-core-group-is-layout-ab79abe2 wp-block-group-is-layout-flex\" style=\"padding-top:var(--wp--preset--spacing--30);padding-bottom:var(--wp--preset--spacing--30)\">\n<h3 class=\"wp-block-heading\"><strong>Calibrazione accreditata DAkkS di SPRT a bassa temperatura<\/strong><\/h3>\n\n\n\n<p><span>Nel nostro <strong><a href=\"https:\/\/www.klasmeier.com\/it\/azienda\/profilo-aziendale\/kalibrierdienst-klasmeier\/\" data-type=\"link\" data-id=\"https:\/\/www.klasmeier.com\/kalibrierdienst-klasmeier\/\">laboratorio di taratura accreditato DAkkS<\/a><\/strong>, offriamo servizi di calibrazione ad alta precisione per SPRT a bassa temperatura. L\u2019accreditamento garantisce che ogni calibrazione venga eseguita secondo gli standard internazionali riconosciuti dalla <strong>DIN EN ISO\/IEC 17025<\/strong>, assicurando la completa riferibilit\u00e0 a standard nazionali e internazionali.<\/span><\/p>\n\n\n\n<p><span>Il nostro termometro di riferimento SPRT secondario per basse temperature \u00e8 progettato specificamente per essere calibrato a temperature fino al punto triplo dell\u2019argon. Ci\u00f2 consente applicazioni in un intervallo di temperatura estremamente basso che richiedono una misurazione affidabile.<\/span><\/p>\n\n\n\n<figure class=\"wp-block-image size-large has-custom-border\"><img loading=\"lazy\" decoding=\"async\" width=\"1024\" height=\"567\" src=\"https:\/\/www.klasmeier.com\/wp-content\/uploads\/SPRT-216-eXacal-Klasmeier-1024x567.png\" alt=\"Incertezza di misura: Termometro di riferimento SPRT secondario modello 216\" class=\"wp-image-6205\" style=\"border-radius:50px\" srcset=\"https:\/\/www.klasmeier.com\/wp-content\/uploads\/SPRT-216-eXacal-Klasmeier-1024x567.png 1024w, https:\/\/www.klasmeier.com\/wp-content\/uploads\/SPRT-216-eXacal-Klasmeier-300x166.png 300w, https:\/\/www.klasmeier.com\/wp-content\/uploads\/SPRT-216-eXacal-Klasmeier-768x425.png 768w, https:\/\/www.klasmeier.com\/wp-content\/uploads\/SPRT-216-eXacal-Klasmeier-1536x850.png 1536w, https:\/\/www.klasmeier.com\/wp-content\/uploads\/SPRT-216-eXacal-Klasmeier-2048x1134.png 2048w, https:\/\/www.klasmeier.com\/wp-content\/uploads\/SPRT-216-eXacal-Klasmeier-600x332.png 600w\" sizes=\"auto, (max-width: 1024px) 100vw, 1024px\" \/><\/figure>\n\n\n\n<div style=\"height:45px\" aria-hidden=\"true\" class=\"wp-block-spacer wp-container-content-95fa6ccb\"><\/div>\n\n\n\n<figure class=\"wp-block-table pttb\"><table class=\"has-fixed-layout\"><tbody><tr><td class=\"has-text-align-center\" data-align=\"center\"><strong>Intervallo<\/strong><\/td><td><strong>Punti fissi di temperatura<\/strong><\/td><td><strong>Incertezza di misura<\/strong><\/td><\/tr><tr><td class=\"has-text-align-center\" data-align=\"center\">-189,3442 \u00b0C &#8211; 0,01 \u00b0C<\/td><td>Argon fino all\u2019acqua<\/td><td>6 mK<\/td><\/tr><tr><td class=\"has-text-align-center\" data-align=\"center\">-38,8344 \u00b0C &#8211; 0,01 \u00b0C<\/td><td>Mercurio fino all\u2019acqua<\/td><td>6 mK<\/td><\/tr><tr><td class=\"has-text-align-center\" data-align=\"center\">0,01 \u00b0C &#8211; 29,7646 \u00b0C<\/td><td>Acqua fino al gallio<\/td><td>6 mK<\/td><\/tr><tr><td class=\"has-text-align-center\" data-align=\"center\">0,01 \u00b0C &#8211; 156,5985 \u00b0C<\/td><td>Acqua fino all\u2019indio<\/td><td>6 mK<\/td><\/tr><tr><td class=\"has-text-align-center\" data-align=\"center\">0,01 \u00b0C &#8211; 231,928 \u00b0C<\/td><td>Acqua fino allo stagno<\/td><td>7 mK<\/td><\/tr><\/tbody><\/table><figcaption class=\"wp-element-caption\">Le incertezze di misura indicate corrispondono a k=2, includono una funzione di scostamento ITS-90, auto-riscaldamento e isteresi, e sono specificate per l\u2019intervallo indicato.<\/figcaption><\/figure>\n<\/div>\n\n\n\n<div class=\"wp-block-group is-vertical is-content-justification-center is-layout-flex wp-container-core-group-is-layout-7add347e wp-block-group-is-layout-flex\" style=\"padding-top:var(--wp--preset--spacing--30);padding-bottom:var(--wp--preset--spacing--30)\">\n<h3 class=\"wp-block-heading\">Cosa rende la nostra taratura cos\u00ec speciale?<\/h3>\n\n\n\n<p><mark style=\"background-color:rgba(0, 0, 0, 0)\" class=\"has-inline-color has-accent-3-color\"><i class=\"fas fa-circle-check\"><\/i><\/mark> <span><strong>Riferibilit\u00e0:<\/strong> Grazie alla nostra accreditazione DAkkS, ogni calibrazione \u00e8 direttamente collegata a standard nazionali e internazionali. Ci\u00f2 vi garantisce che i vostri risultati di misura siano riconosciuti a livello mondiale.<\/span><\/p>\n\n\n\n<p><mark style=\"background-color:rgba(0, 0, 0, 0)\" class=\"has-inline-color has-accent-3-color\"><i class=\"fas fa-circle-check\"><\/i><\/mark> <span><strong>Incertezza di misura:<\/strong> L\u2019accuratezza della nostra calibrazione si basa su una valutazione scrupolosa di tutte le componenti di incertezza, inclusa la ripetibilit\u00e0 del termometro, la funzione di scostamento ITS-90, l\u2019auto-riscaldamento e l\u2019isteresi del sensore.<\/span><\/p>\n\n\n\n<p><mark style=\"background-color:rgba(0, 0, 0, 0)\" class=\"has-inline-color has-accent-3-color\"><i class=\"fas fa-circle-check\"><\/i><\/mark> <span><strong>Campo di impiego:<\/strong> Con le informazioni dettagliate riportate sul certificato di taratura, potete utilizzare il vostro SPRT a bassa temperatura con la massima fiducia in un <strong>intervallo di temperatura da -189 \u00b0C a 232 \u00b0C<\/strong>.<\/span><\/p>\n<\/div>\n<\/div>\n\n\n\n<p><\/p>\n","protected":false},"excerpt":{"rendered":"<p>Modello: eXacal 216<br \/>\nProduttore: Klasmeier<\/p>\n","protected":false},"featured_media":9319,"template":"","meta":[],"product_brand":[],"product_cat":[],"product_tag":[],"class_list":{"0":"post-9318","1":"product","2":"type-product","3":"status-publish","4":"has-post-thumbnail","7":"first","8":"instock","9":"shipping-taxable","10":"product-type-simple"},"_links":{"self":[{"href":"https:\/\/www.klasmeier.com\/it\/wp-json\/wp\/v2\/product\/9318","targetHints":{"allow":["GET"]}}],"collection":[{"href":"https:\/\/www.klasmeier.com\/it\/wp-json\/wp\/v2\/product"}],"about":[{"href":"https:\/\/www.klasmeier.com\/it\/wp-json\/wp\/v2\/types\/product"}],"wp:featuredmedia":[{"embeddable":true,"href":"https:\/\/www.klasmeier.com\/it\/wp-json\/wp\/v2\/media\/9319"}],"wp:attachment":[{"href":"https:\/\/www.klasmeier.com\/it\/wp-json\/wp\/v2\/media?parent=9318"}],"wp:term":[{"taxonomy":"product_brand","embeddable":true,"href":"https:\/\/www.klasmeier.com\/it\/wp-json\/wp\/v2\/product_brand?post=9318"},{"taxonomy":"product_cat","embeddable":true,"href":"https:\/\/www.klasmeier.com\/it\/wp-json\/wp\/v2\/product_cat?post=9318"},{"taxonomy":"product_tag","embeddable":true,"href":"https:\/\/www.klasmeier.com\/it\/wp-json\/wp\/v2\/product_tag?post=9318"}],"curies":[{"name":"wp","href":"https:\/\/api.w.org\/{rel}","templated":true}]}}