{"id":9192,"date":"2024-03-21T08:07:52","date_gmt":"2024-03-21T07:07:52","guid":{"rendered":"https:\/\/www.klasmeier.com\/?page_id=9192"},"modified":"2025-04-02T11:34:48","modified_gmt":"2025-04-02T09:34:48","slug":"klasmeiercloud","status":"publish","type":"page","link":"https:\/\/www.klasmeier.com\/it\/azienda\/klasmeiercloud\/","title":{"rendered":"KlasmeierCloud"},"content":{"rendered":"\n<div class=\"wp-block-group alignfull has-global-padding is-layout-constrained wp-container-core-group-is-layout-c66841cd wp-block-group-is-layout-constrained\" style=\"padding-top:var(--wp--preset--spacing--30);padding-right:var(--wp--preset--spacing--30);padding-bottom:var(--wp--preset--spacing--30);padding-left:var(--wp--preset--spacing--30)\">\n<figure class=\"wp-block-image size-full has-custom-border\"><img loading=\"lazy\" decoding=\"async\" width=\"671\" height=\"86\" src=\"https:\/\/www.klasmeier.com\/wp-content\/uploads\/KlasmeierCloud.png\" alt=\"\" class=\"wp-image-3223\" style=\"border-radius:25px\" srcset=\"https:\/\/www.klasmeier.com\/wp-content\/uploads\/KlasmeierCloud.png 671w, https:\/\/www.klasmeier.com\/wp-content\/uploads\/KlasmeierCloud-300x38.png 300w, https:\/\/www.klasmeier.com\/wp-content\/uploads\/KlasmeierCloud-600x77.png 600w\" sizes=\"auto, (max-width: 671px) 100vw, 671px\" \/><\/figure>\n\n\n\n<h2 class=\"wp-block-heading alignwide has-text-align-center has-x-large-font-size\"><strong><strong><strong>Il nostro archivio digitale<\/strong><\/strong><\/strong><\/h2>\n\n\n\n<h3 class=\"wp-block-heading alignwide has-text-align-center\"><strong><strong><strong>Documenti di calibrazione, referenti, informazioni importanti sui nostri prodotti<\/strong><\/strong><\/strong><\/h3>\n\n\n\n<div class=\"wp-block-group alignwide has-global-padding is-layout-constrained wp-container-core-group-is-layout-530ec779 wp-block-group-is-layout-constrained\" style=\"font-size:clamp(0.875rem, 0.875rem + ((1vw - 0.2rem) * 0.708), 1.3rem);\">\n<p>Con un solo clic nell&#8217;archivio digitale: tutti i documenti di calibrazione e le informazioni essenziali sui prodotti calibrati da Klasmeier sono disponibili nella&nbsp;<strong>Klasmeier Cloud<\/strong>, senza limiti di tempo e completamente gratuiti.<\/p>\n\n\n\n<p><mark style=\"background-color:rgba(0, 0, 0, 0);color:#dd3333\" class=\"has-inline-color\"><i class=\"fas fa-circle-check\"><\/i><\/mark><strong> <strong>Veloce e semplice<\/strong><br><\/strong>Non \u00e8 pi\u00f9 necessario cercare a lungo la cartella giusta n\u00e9 sprecare carta inutilmente: grazie al codice QR presente su tutti i dispositivi calibrati da Klasmeier, l&#8217;accesso all&#8217;archivio digitale \u00e8 immediato e consente di consultare facilmente tutte le informazioni relative ai prodotti.<\/p>\n\n\n\n<p><mark style=\"background-color:rgba(0, 0, 0, 0);color:#dd3333\" class=\"has-inline-color\"><i class=\"fas fa-circle-check\"><\/i><\/mark><strong> <strong>Referenti presso Klasmeier<\/strong><br><\/strong>Oltre ai certificati di calibrazione, nella Klasmeier Cloud sono disponibili anche i contatti dei referenti Klasmeier, pronti a fornire assistenza in caso di domande \u2013 anche a distanza di anni.<\/p>\n\n\n\n<p><mark style=\"background-color:rgba(0, 0, 0, 0);color:#dd3333\" class=\"has-inline-color\"><i class=\"fas fa-circle-check\"><\/i><\/mark><strong> <strong>Accessibile da tutti i dispositivi<\/strong><br><\/strong>I documenti della Klasmeier Cloud possono essere consultati da qualsiasi dispositivo, sia dal PC in ufficio che in mobilit\u00e0 tramite smartphone o tablet. L&#8217;archivio \u00e8 conforme al&nbsp;<strong>Regolamento generale sulla protezione dei dati dell&#8217;UE (GDPR)<\/strong>, garantendo cos\u00ec agli utenti tutti i vantaggi legali previsti.<\/p>\n\n\n\n<p>Chi preferisce ricevere i documenti di calibrazione in formato cartaceo, pu\u00f2 richiederli gratuitamente.<\/p>\n<\/div>\n<\/div>\n\n\n\n<div class=\"wp-block-group alignfull has-global-padding is-layout-constrained wp-container-core-group-is-layout-dffbd562 wp-block-group-is-layout-constrained\" style=\"padding-top:var(--wp--preset--spacing--30);padding-right:var(--wp--preset--spacing--30);padding-bottom:var(--wp--preset--spacing--30);padding-left:var(--wp--preset--spacing--30)\">\n<h3 class=\"wp-block-heading alignwide has-text-align-center\"><strong><strong>I vantaggi in sintesi<\/strong><\/strong><\/h3>\n\n\n\n<div class=\"wp-block-columns alignwide are-vertically-aligned-top is-layout-flex wp-container-core-columns-is-layout-38638728 wp-block-columns-is-layout-flex\" style=\"margin-top:var(--wp--preset--spacing--40);margin-bottom:var(--wp--preset--spacing--40);padding-top:0;padding-right:0;padding-bottom:0;padding-left:0\">\n<div class=\"wp-block-column is-vertically-aligned-top hvr-grow is-layout-flow wp-block-column-is-layout-flow\" style=\"padding-top:0;padding-bottom:0\">\n<div class=\"wp-block-group has-accent-background-color has-background is-vertical is-content-justification-center is-layout-flex wp-container-core-group-is-layout-4fac4482 wp-block-group-is-layout-flex\" style=\"border-radius:50px;padding-top:var(--wp--preset--spacing--30);padding-right:var(--wp--preset--spacing--30);padding-bottom:var(--wp--preset--spacing--30);padding-left:var(--wp--preset--spacing--30)\">\n<p><mark style=\"background-color:rgba(0, 0, 0, 0);color:#dd3333\" class=\"has-inline-color\"><i class=\"fas fa-leaf fa-6x\"><\/i><\/mark><\/p>\n\n\n\n<p class=\"has-text-align-center has-large-font-size\"><strong>Ecologico<\/strong><\/p>\n\n\n\n<p class=\"has-text-align-center\" style=\"font-size:clamp(0.875rem, 0.875rem + ((1vw - 0.2rem) * 0.708), 1.3rem);\">L&#8217;archiviazione digitale consente di ridurre il consumo di carta, contribuendo alla tutela dell\u2019ambiente.<\/p>\n<\/div>\n<\/div>\n\n\n\n<div class=\"wp-block-column is-vertically-aligned-top hvr-grow is-layout-flow wp-block-column-is-layout-flow\">\n<div class=\"wp-block-group has-accent-background-color has-background is-vertical is-content-justification-center is-layout-flex wp-container-core-group-is-layout-4fac4482 wp-block-group-is-layout-flex\" style=\"border-radius:50px;padding-top:var(--wp--preset--spacing--30);padding-right:var(--wp--preset--spacing--30);padding-bottom:var(--wp--preset--spacing--30);padding-left:var(--wp--preset--spacing--30)\">\n<p><mark style=\"background-color:rgba(0, 0, 0, 0);color:#dd3333\" class=\"has-inline-color\"><i class=\"fas fa-clock fa-6x\"><\/i><\/mark><\/p>\n\n\n\n<p class=\"has-text-align-center has-large-font-size\"><strong><strong>Veloce e pratico<\/strong><\/strong><\/p>\n\n\n\n<p class=\"has-text-align-center\" style=\"font-size:clamp(0.875rem, 0.875rem + ((1vw - 0.2rem) * 0.708), 1.3rem);\">Nessuna ricerca prolungata dei certificati di calibrazione grazie alla struttura chiara dei documenti nell\u2019archivio cloud.<\/p>\n<\/div>\n<\/div>\n<\/div>\n\n\n\n<div class=\"wp-block-columns alignwide are-vertically-aligned-top is-layout-flex wp-container-core-columns-is-layout-38638728 wp-block-columns-is-layout-flex\" style=\"margin-top:var(--wp--preset--spacing--40);margin-bottom:var(--wp--preset--spacing--40);padding-top:0;padding-right:0;padding-bottom:0;padding-left:0\">\n<div class=\"wp-block-column is-vertically-aligned-top hvr-grow is-layout-flow wp-block-column-is-layout-flow\" style=\"padding-top:0;padding-bottom:0\">\n<div class=\"wp-block-group has-accent-background-color has-background is-vertical is-content-justification-center is-layout-flex wp-container-core-group-is-layout-4fac4482 wp-block-group-is-layout-flex\" style=\"border-radius:50px;padding-top:var(--wp--preset--spacing--30);padding-right:var(--wp--preset--spacing--30);padding-bottom:var(--wp--preset--spacing--30);padding-left:var(--wp--preset--spacing--30)\">\n<p><mark style=\"background-color:rgba(0, 0, 0, 0);color:#dd3333\" class=\"has-inline-color\"><i class=\"fas fa-cloud-download fa-6x\"><\/i><\/mark><\/p>\n\n\n\n<p class=\"has-text-align-center has-large-font-size\"><strong><strong>Accesso da qualsiasi dispositivo<\/strong><\/strong><\/p>\n\n\n\n<p class=\"has-text-align-center\" style=\"font-size:clamp(0.875rem, 0.875rem + ((1vw - 0.2rem) * 0.708), 1.3rem);\">I documenti archiviati nel cloud sono consultabili da qualsiasi dispositivo.<\/p>\n<\/div>\n<\/div>\n\n\n\n<div class=\"wp-block-column is-vertically-aligned-top hvr-grow is-layout-flow wp-block-column-is-layout-flow\">\n<div class=\"wp-block-group has-accent-background-color has-background is-vertical is-content-justification-center is-layout-flex wp-container-core-group-is-layout-2cdb2f0c wp-block-group-is-layout-flex\" style=\"border-radius:50px;margin-top:0;margin-bottom:0;padding-top:var(--wp--preset--spacing--30);padding-right:var(--wp--preset--spacing--30);padding-bottom:var(--wp--preset--spacing--30);padding-left:var(--wp--preset--spacing--30)\">\n<p><mark style=\"background-color:rgba(0, 0, 0, 0);color:#dd3333\" class=\"has-inline-color\"><i class=\"fas fa-folder fa-6x\"><\/i><\/mark><\/p>\n\n\n\n<p class=\"has-text-align-center has-large-font-size\"><strong><strong>Conforme al GDPR<\/strong><\/strong><\/p>\n\n\n\n<p class=\"has-text-align-center\" style=\"font-size:clamp(0.875rem, 0.875rem + ((1vw - 0.2rem) * 0.708), 1.3rem);\">Archivio conforme alle normative GDPR per garantire la protezione e la sicurezza dei dati.<\/p>\n<\/div>\n<\/div>\n<\/div>\n<\/div>\n\n\n\n<div class=\"wp-block-group alignfull has-accent-background-color has-background has-global-padding is-layout-constrained wp-container-core-group-is-layout-a87bbb62 wp-block-group-is-layout-constrained\" style=\"padding-top:var(--wp--preset--spacing--30);padding-right:var(--wp--preset--spacing--30);padding-bottom:var(--wp--preset--spacing--30);padding-left:var(--wp--preset--spacing--30)\">\n<h3 class=\"wp-block-heading alignwide has-text-align-center\"><strong><strong>Come funziona?<\/strong><\/strong><\/h3>\n\n\n\n<div class=\"wp-block-columns alignwide is-layout-flex wp-container-core-columns-is-layout-eeddd1a4 wp-block-columns-is-layout-flex\">\n<div class=\"wp-block-column is-vertically-aligned-stretch is-layout-flow wp-container-core-column-is-layout-25092537 wp-block-column-is-layout-flow\" style=\"padding-right:var(--wp--preset--spacing--30);padding-left:0\">\n<div class=\"wp-block-group is-vertical is-content-justification-center is-layout-flex wp-container-core-group-is-layout-2cec4ef0 wp-block-group-is-layout-flex\" style=\"min-height:100%\">\n<figure class=\"wp-block-image size-full has-custom-border hvr-grow\"><img loading=\"lazy\" decoding=\"async\" width=\"392\" height=\"460\" src=\"https:\/\/www.klasmeier.com\/wp-content\/uploads\/2024\/03\/klasmeier.cloud-grey-background.png\" alt=\"\" class=\"wp-image-1691\" style=\"border-radius:50px\" srcset=\"https:\/\/www.klasmeier.com\/wp-content\/uploads\/2024\/03\/klasmeier.cloud-grey-background.png 392w, https:\/\/www.klasmeier.com\/wp-content\/uploads\/2024\/03\/klasmeier.cloud-grey-background-256x300.png 256w\" sizes=\"auto, (max-width: 392px) 100vw, 392px\" \/><\/figure>\n\n\n\n<h3 class=\"wp-block-heading\" style=\"writing-mode:horizontal-tb\">Scansiona il codice QR presente sul tuo dispositivo&#8230;<\/h3>\n<\/div>\n<\/div>\n\n\n\n<div class=\"wp-block-column is-vertically-aligned-center is-layout-flow wp-block-column-is-layout-flow\">\n<div class=\"wp-block-group is-vertical is-content-justification-center is-layout-flex wp-container-core-group-is-layout-e52c553a wp-block-group-is-layout-flex\" style=\"min-height:100%;padding-left:var(--wp--preset--spacing--30)\">\n<figure class=\"wp-block-image size-full has-custom-border hvr-grow wp-duotone-unset-2\"><img loading=\"lazy\" decoding=\"async\" width=\"364\" height=\"700\" src=\"https:\/\/www.klasmeier.com\/wp-content\/uploads\/2024\/03\/Klasmeier-Cloud-grey-background.jpg\" alt=\"\" class=\"wp-image-1693\" style=\"border-style:none;border-width:0px;border-radius:50px\" srcset=\"https:\/\/www.klasmeier.com\/wp-content\/uploads\/2024\/03\/Klasmeier-Cloud-grey-background.jpg 364w, https:\/\/www.klasmeier.com\/wp-content\/uploads\/2024\/03\/Klasmeier-Cloud-grey-background-156x300.jpg 156w\" sizes=\"auto, (max-width: 364px) 100vw, 364px\" \/><\/figure>\n\n\n\n<h3 class=\"wp-block-heading\">&#8230;e ottieni immediatamente l&#8217;accesso ai tuoi documenti di calibrazione digitali nella Klasmeier Cloud!<\/h3>\n<\/div>\n<\/div>\n<\/div>\n<\/div>\n\n\n\n<div class=\"wp-block-group alignfull has-global-padding is-layout-constrained wp-container-core-group-is-layout-c035952e wp-block-group-is-layout-constrained\" style=\"padding-top:var(--wp--preset--spacing--30);padding-right:var(--wp--preset--spacing--30);padding-bottom:var(--wp--preset--spacing--30);padding-left:var(--wp--preset--spacing--30)\">\n<h3 class=\"wp-block-heading alignwide\">Preferisci ricevere i documenti di calibrazione in formato cartaceo?<\/h3>\n\n\n\n<p style=\"font-size:clamp(0.875rem, 0.875rem + ((1vw - 0.2rem) * 0.708), 1.3rem);line-height:2.5\"><strong>Puoi richiederli gratuitamente:<\/strong><\/p>\n\n\n\n<p style=\"line-height:0.9\"><mark style=\"background-color:rgba(0, 0, 0, 0);color:#dd3333\" class=\"has-inline-color\"><i class=\"fas fa-cloud-download\"><\/i><\/mark> <strong>Nella Klasmeier Cloud<\/strong>&nbsp;tramite il codice QR sul tuo dispositivo<\/p>\n\n\n\n<p style=\"line-height:0.9\"><mark style=\"background-color:rgba(0, 0, 0, 0);color:#dd3333\" class=\"has-inline-color\"><i class=\"fas fa-desktop\"><\/i><\/mark> Sul nostro sito web:\u00a0<a href=\"https:\/\/www.klasmeier.com\/it\/kalibrierdokumente\">www.klasmeier.com\/it\/kalibrierdokumente<\/a><\/p>\n\n\n\n<p style=\"line-height:0.9\"><mark style=\"background-color:rgba(0, 0, 0, 0);color:#dd3333\" class=\"has-inline-color\"><i class=\"fas fa-phone\"><\/i><\/mark> Telefonicamente: 0661 380940-0<\/p>\n\n\n\n<p style=\"line-height:2\"><strong>Ti invieremo i tuoi documenti per posta entro pochi giorni.<\/strong><\/p>\n<\/div>\n","protected":false},"excerpt":{"rendered":"<p>Il nostro archivio digitale Documenti di calibrazione, referenti, informazioni importanti sui nostri prodotti Con un solo clic nell&#8217;archivio digitale: tutti i documenti di calibrazione e le informazioni essenziali sui prodotti calibrati da Klasmeier sono disponibili nella&nbsp;Klasmeier Cloud, senza limiti di tempo e completamente gratuiti. Veloce e sempliceNon \u00e8 pi\u00f9 necessario cercare a lungo la cartella [&hellip;]<\/p>\n","protected":false},"author":4,"featured_media":0,"parent":9169,"menu_order":0,"comment_status":"closed","ping_status":"closed","template":"","meta":{"footnotes":""},"class_list":["post-9192","page","type-page","status-publish","hentry"],"_links":{"self":[{"href":"https:\/\/www.klasmeier.com\/it\/wp-json\/wp\/v2\/pages\/9192","targetHints":{"allow":["GET"]}}],"collection":[{"href":"https:\/\/www.klasmeier.com\/it\/wp-json\/wp\/v2\/pages"}],"about":[{"href":"https:\/\/www.klasmeier.com\/it\/wp-json\/wp\/v2\/types\/page"}],"author":[{"embeddable":true,"href":"https:\/\/www.klasmeier.com\/it\/wp-json\/wp\/v2\/users\/4"}],"replies":[{"embeddable":true,"href":"https:\/\/www.klasmeier.com\/it\/wp-json\/wp\/v2\/comments?post=9192"}],"version-history":[{"count":2,"href":"https:\/\/www.klasmeier.com\/it\/wp-json\/wp\/v2\/pages\/9192\/revisions"}],"predecessor-version":[{"id":11630,"href":"https:\/\/www.klasmeier.com\/it\/wp-json\/wp\/v2\/pages\/9192\/revisions\/11630"}],"up":[{"embeddable":true,"href":"https:\/\/www.klasmeier.com\/it\/wp-json\/wp\/v2\/pages\/9169"}],"wp:attachment":[{"href":"https:\/\/www.klasmeier.com\/it\/wp-json\/wp\/v2\/media?parent=9192"}],"curies":[{"name":"wp","href":"https:\/\/api.w.org\/{rel}","templated":true}]}}