{"id":9185,"date":"2024-03-12T16:53:26","date_gmt":"2024-03-12T15:53:26","guid":{"rendered":"https:\/\/www.klasmeier.com\/?page_id=9185"},"modified":"2025-05-08T13:18:55","modified_gmt":"2025-05-08T11:18:55","slug":"jobs-carriera","status":"publish","type":"page","link":"https:\/\/www.klasmeier.com\/it\/azienda\/jobs-carriera\/","title":{"rendered":"Jobs\/Carriera"},"content":{"rendered":"\n<div class=\"wp-block-group alignfull has-global-padding is-layout-constrained wp-container-core-group-is-layout-a87bbb62 wp-block-group-is-layout-constrained\" style=\"padding-top:var(--wp--preset--spacing--30);padding-right:var(--wp--preset--spacing--30);padding-bottom:var(--wp--preset--spacing--30);padding-left:var(--wp--preset--spacing--30)\">\n<h3 class=\"wp-block-heading alignwide\"><strong><strong><strong>Jobs\/Carriera<\/strong><\/strong><\/strong><\/h3>\n\n\n\n<figure class=\"wp-block-image alignwide size-full has-custom-border\"><img loading=\"lazy\" decoding=\"async\" width=\"1387\" height=\"871\" src=\"https:\/\/www.klasmeier.com\/wp-content\/uploads\/2024\/04\/KK-team.png\" alt=\"\" class=\"wp-image-2137\" style=\"border-radius:50px\" srcset=\"https:\/\/www.klasmeier.com\/wp-content\/uploads\/2024\/04\/KK-team.png 1387w, https:\/\/www.klasmeier.com\/wp-content\/uploads\/2024\/04\/KK-team-300x188.png 300w, https:\/\/www.klasmeier.com\/wp-content\/uploads\/2024\/04\/KK-team-1024x643.png 1024w, https:\/\/www.klasmeier.com\/wp-content\/uploads\/2024\/04\/KK-team-768x482.png 768w, https:\/\/www.klasmeier.com\/wp-content\/uploads\/2024\/04\/KK-team-600x377.png 600w\" sizes=\"auto, (max-width: 1387px) 100vw, 1387px\" \/><\/figure>\n\n\n\n<h3 class=\"wp-block-heading alignwide has-text-align-center\"><strong><strong><strong>Lavorare nell\u2019azienda familiare Klasmeier<\/strong><\/strong><\/strong><\/h3>\n\n\n\n<p class=\"has-text-align-left\">Alla Klasmeier Kalibrier- und Messtechnik GmbH tradizione e innovazione, spirito di squadra e creativit\u00e0, lavoro di precisione e flessibilit\u00e0 si uniscono in un&#8217;unica realt\u00e0. Siamo un&#8217;azienda familiare e questo si sente. Ci supportiamo reciprocamente all&#8217;interno del team e attribuiamo grande importanza a un ambiente di lavoro piacevole. Fondata nel 1986 da Peter Klasmeier, oggi la seconda generazione, rappresentata da Thomas Klasmeier, apporta competenze e nuove idee all&#8217;azienda. Ci sviluppiamo costantemente, siamo aperti alle novit\u00e0 e abbiamo sempre a cuore la sostenibilit\u00e0.<\/p>\n\n\n\n<div class=\"wp-block-buttons is-content-justification-center is-layout-flex wp-container-core-buttons-is-layout-a89b3969 wp-block-buttons-is-layout-flex\">\n<div class=\"wp-block-button hvr-shrink\"><a class=\"wp-block-button__link wp-element-button\" href=\"https:\/\/www.klasmeier.com\/it\/azienda\/profilo-aziendale\/\" style=\"padding-top:var(--wp--preset--spacing--10);padding-right:var(--wp--preset--spacing--20);padding-bottom:var(--wp--preset--spacing--10);padding-left:var(--wp--preset--spacing--20)\">Vai&nbsp;al&nbsp;profilo&nbsp;aziendale<\/a><\/div>\n<\/div>\n<\/div>\n\n\n\n<div class=\"wp-block-group alignwide has-accent-background-color has-background is-vertical is-content-justification-center is-layout-flex wp-container-core-group-is-layout-e14aaaa0 wp-block-group-is-layout-flex\" style=\"border-radius:50px;padding-top:var(--wp--preset--spacing--40);padding-right:var(--wp--preset--spacing--20);padding-bottom:var(--wp--preset--spacing--40);padding-left:var(--wp--preset--spacing--20)\">\n<h3 class=\"wp-block-heading alignwide has-text-align-center\"><strong><strong><strong>Si prega di notare che le nostre offerte di lavoro attuali sono disponibili esclusivamente sulla\u00a0<a href=\"https:\/\/www.klasmeier.com\/it\/azienda\/jobs-carriera\/\">pagina delle carriere in tedesco<\/a>.<\/strong><\/strong><\/strong><\/h3>\n<\/div>\n\n\n\n<div class=\"wp-block-group alignfull has-global-padding is-layout-constrained wp-container-core-group-is-layout-f90d3be4 wp-block-group-is-layout-constrained\" style=\"padding-top:var(--wp--preset--spacing--40);padding-right:var(--wp--preset--spacing--30);padding-bottom:var(--wp--preset--spacing--40);padding-left:var(--wp--preset--spacing--30)\">\n<h3 class=\"wp-block-heading alignwide has-text-align-center\"><strong><strong><strong>Candidature spontanee<\/strong><\/strong><\/strong><\/h3>\n\n\n\n<div class=\"wp-block-columns alignwide is-layout-flex wp-container-core-columns-is-layout-28f84493 wp-block-columns-is-layout-flex\">\n<div class=\"wp-block-column is-vertically-aligned-center is-layout-flow wp-container-core-column-is-layout-f5bb311e wp-block-column-is-layout-flow\" style=\"flex-basis:70%\">\n<p style=\"font-size:clamp(0.875rem, 0.875rem + ((1vw - 0.2rem) * 0.708), 1.3rem);\">Non hai trovato l\u2019offerta giusta tra le nostre attuali posizioni aperte? Forse in futuro s\u00ec&#8230; Se sei appassionato di tecnologia e desideri lavorare in un team giovane e creativo, saremo lieti di ricevere la tua candidatura spontanea.<\/p>\n\n\n\n<p style=\"font-size:clamp(0.875rem, 0.875rem + ((1vw - 0.2rem) * 0.708), 1.3rem);\">Si prega di inviare la propria candidatura completa a:<\/p>\n\n\n\n<div class=\"wp-block-group is-content-justification-center is-nowrap is-layout-flex wp-container-core-group-is-layout-23441af8 wp-block-group-is-layout-flex\">\n<p class=\"has-text-align-center hvr-grow\">Avviso: Al momento accettiamo candidature solo tramite la nostra\u00a0<a href=\"https:\/\/www.klasmeier.com\/it\/azienda\/jobs-carriera\/\">pagina delle carriere in tedesco<\/a><\/p>\n<\/div>\n<\/div>\n\n\n\n<div class=\"wp-block-column is-vertically-aligned-center is-layout-flow wp-block-column-is-layout-flow\" style=\"flex-basis:30%\">\n<figure class=\"wp-block-image aligncenter has-custom-border hvr-grow\"><img loading=\"lazy\" decoding=\"async\" width=\"300\" height=\"292\" src=\"https:\/\/www.klasmeier.com\/wp-content\/uploads\/2024\/03\/Klasmeier-Schulungen-300x292-1.jpg\" alt=\"\" class=\"wp-image-1645\" style=\"border-radius:50px\"\/><\/figure>\n<\/div>\n<\/div>\n<\/div>\n","protected":false},"excerpt":{"rendered":"<p>Jobs\/Carriera Lavorare nell\u2019azienda familiare Klasmeier Alla Klasmeier Kalibrier- und Messtechnik GmbH tradizione e innovazione, spirito di squadra e creativit\u00e0, lavoro di precisione e flessibilit\u00e0 si uniscono in un&#8217;unica realt\u00e0. Siamo un&#8217;azienda familiare e questo si sente. Ci supportiamo reciprocamente all&#8217;interno del team e attribuiamo grande importanza a un ambiente di lavoro piacevole. Fondata nel 1986 [&hellip;]<\/p>\n","protected":false},"author":4,"featured_media":0,"parent":9169,"menu_order":0,"comment_status":"closed","ping_status":"closed","template":"","meta":{"footnotes":""},"class_list":["post-9185","page","type-page","status-publish","hentry"],"_links":{"self":[{"href":"https:\/\/www.klasmeier.com\/it\/wp-json\/wp\/v2\/pages\/9185","targetHints":{"allow":["GET"]}}],"collection":[{"href":"https:\/\/www.klasmeier.com\/it\/wp-json\/wp\/v2\/pages"}],"about":[{"href":"https:\/\/www.klasmeier.com\/it\/wp-json\/wp\/v2\/types\/page"}],"author":[{"embeddable":true,"href":"https:\/\/www.klasmeier.com\/it\/wp-json\/wp\/v2\/users\/4"}],"replies":[{"embeddable":true,"href":"https:\/\/www.klasmeier.com\/it\/wp-json\/wp\/v2\/comments?post=9185"}],"version-history":[{"count":3,"href":"https:\/\/www.klasmeier.com\/it\/wp-json\/wp\/v2\/pages\/9185\/revisions"}],"predecessor-version":[{"id":11967,"href":"https:\/\/www.klasmeier.com\/it\/wp-json\/wp\/v2\/pages\/9185\/revisions\/11967"}],"up":[{"embeddable":true,"href":"https:\/\/www.klasmeier.com\/it\/wp-json\/wp\/v2\/pages\/9169"}],"wp:attachment":[{"href":"https:\/\/www.klasmeier.com\/it\/wp-json\/wp\/v2\/media?parent=9185"}],"curies":[{"name":"wp","href":"https:\/\/api.w.org\/{rel}","templated":true}]}}