{"id":9180,"date":"2024-03-12T16:55:17","date_gmt":"2024-03-12T15:55:17","guid":{"rendered":"https:\/\/www.klasmeier.com\/?page_id=9180"},"modified":"2025-02-07T14:18:35","modified_gmt":"2025-02-07T13:18:35","slug":"chi-siamo","status":"publish","type":"page","link":"https:\/\/www.klasmeier.com\/it\/azienda\/chi-siamo\/","title":{"rendered":"Chi Siamo"},"content":{"rendered":"\n<div class=\"wp-block-group alignwide has-global-padding is-layout-constrained wp-container-core-group-is-layout-2ce15999 wp-block-group-is-layout-constrained\" style=\"padding-top:var(--wp--preset--spacing--30);padding-bottom:var(--wp--preset--spacing--30)\">\n<figure class=\"wp-block-image alignwide size-full has-custom-border\"><img loading=\"lazy\" decoding=\"async\" width=\"1500\" height=\"1000\" src=\"https:\/\/www.klasmeier.com\/wp-content\/uploads\/2024\/03\/Ueber-Uns-Klasmeier-Team-1-1.jpg\" alt=\"\" class=\"wp-image-1435\" style=\"border-radius:50px\" srcset=\"https:\/\/www.klasmeier.com\/wp-content\/uploads\/2024\/03\/Ueber-Uns-Klasmeier-Team-1-1.jpg 1500w, https:\/\/www.klasmeier.com\/wp-content\/uploads\/2024\/03\/Ueber-Uns-Klasmeier-Team-1-1-300x200.jpg 300w, https:\/\/www.klasmeier.com\/wp-content\/uploads\/2024\/03\/Ueber-Uns-Klasmeier-Team-1-1-1024x683.jpg 1024w, https:\/\/www.klasmeier.com\/wp-content\/uploads\/2024\/03\/Ueber-Uns-Klasmeier-Team-1-1-768x512.jpg 768w, https:\/\/www.klasmeier.com\/wp-content\/uploads\/2024\/03\/Ueber-Uns-Klasmeier-Team-1-1-600x400.jpg 600w\" sizes=\"auto, (max-width: 1500px) 100vw, 1500px\" \/><\/figure>\n\n\n\n<h2 class=\"wp-block-heading alignwide has-text-align-center has-x-large-font-size\"><strong>Misurate in modo sicuro e preciso \u2013 con noi al vostro fianco<\/strong><\/h2>\n<\/div>\n\n\n\n<div class=\"wp-block-group alignfull has-accent-background-color has-background has-global-padding is-layout-constrained wp-container-core-group-is-layout-c66841cd wp-block-group-is-layout-constrained\" style=\"padding-top:var(--wp--preset--spacing--30);padding-right:var(--wp--preset--spacing--30);padding-bottom:var(--wp--preset--spacing--30);padding-left:var(--wp--preset--spacing--30)\">\n<div class=\"wp-block-group alignwide has-global-padding is-layout-constrained wp-block-group-is-layout-constrained\">\n<div class=\"wp-block-group alignwide is-nowrap is-layout-flex wp-container-core-group-is-layout-fc054d2d wp-block-group-is-layout-flex\">\n<blockquote class=\"wp-block-quote is-style-plain wp-container-content-9cfa9a5a is-layout-flow wp-block-quote-is-layout-flow is-style-plain--1\" style=\"font-size:clamp(14px, 0.875rem + ((1vw - 3.2px) * 0.521), 19px);\">\n<div class=\"wp-block-columns is-layout-flex wp-container-core-columns-is-layout-28f84493 wp-block-columns-is-layout-flex\">\n<div class=\"wp-block-column is-layout-flow wp-block-column-is-layout-flow\" style=\"flex-basis:66.66%\">\n<p id=\"block-f8609b11-d672-4073-bfc2-8a74bfaee9d1\"><br>\u201cNel <strong>mondo della metrologia e dell\u2019ingegneria<\/strong> ho trovato la mia vocazione. Da oltre due decenni mi dedico con passione alla <strong>misurazione precisa della temperatura e alla taratura dei termometri<\/strong>.<br>\nLa nostra azienda \u00e8 specializzata in vari aspetti della <strong>misurazione e taratura della temperatura<\/strong>. Dall\u2019<strong>allestimento di modernissimi laboratori di taratura<\/strong> alla <strong>gestione di un servizio di taratura accreditato DAkkS<\/strong>, fino alla <strong>produzione di termometri di precisione<\/strong> nel nostro stabilimento artigianale, ci mettiamo tutto il nostro impegno.<\/p>\n<\/div>\n\n\n\n<div class=\"wp-block-column is-layout-flow wp-block-column-is-layout-flow\" style=\"flex-basis:33.33%\">\n<figure class=\"wp-block-image size-full has-custom-border\"><img loading=\"lazy\" decoding=\"async\" width=\"500\" height=\"333\" src=\"https:\/\/www.klasmeier.com\/wp-content\/uploads\/2024\/03\/TK.png\" alt=\"\" class=\"wp-image-1440\" style=\"border-radius:30px\" srcset=\"https:\/\/www.klasmeier.com\/wp-content\/uploads\/2024\/03\/TK.png 500w, https:\/\/www.klasmeier.com\/wp-content\/uploads\/2024\/03\/TK-300x200.png 300w\" sizes=\"auto, (max-width: 500px) 100vw, 500px\" \/><\/figure>\n<\/div>\n<\/div>\n\n\n\n<p><br>Con grande entusiasmo <strong>trasmetto le mie conoscenze nei seminari dedicati ai collaboratori dei laboratori di taratura, ai responsabili di laboratorio, agli ingegneri di progetto e agli sviluppatori<\/strong>. Tengo molto a non presentare solo dati teorici, ma a illustrare esempi pratici della nostra routine di laboratorio, per condividere la mia passione con i partecipanti. Credo infatti che l\u2019apprendimento sia pi\u00f9 efficace e divertente se ci si aiuta a vicenda.\u201d<\/p>\n<cite><strong>Thomas Klasmeier<br><\/strong>Amministratore delegato di Klasmeier Kalibrier- und Messtechnik GmbH<\/cite><\/blockquote>\n<\/div>\n<\/div>\n<\/div>\n\n\n\n<div class=\"wp-block-group alignfull has-global-padding is-layout-constrained wp-block-group-is-layout-constrained\" style=\"padding-top:var(--wp--preset--spacing--30);padding-bottom:var(--wp--preset--spacing--30)\">\n<h2 class=\"wp-block-heading alignwide has-text-align-center\"><strong>Vi supportiamo nelle vostre attivit\u00e0 di misurazione \u2013 e lo facciamo cos\u00ec:<\/strong><\/h2>\n\n\n\n<div class=\"wp-block-columns alignwide are-vertically-aligned-top is-layout-flex wp-container-core-columns-is-layout-53e754d2 wp-block-columns-is-layout-flex\" style=\"margin-top:var(--wp--preset--spacing--40);margin-bottom:var(--wp--preset--spacing--40);padding-top:var(--wp--preset--spacing--30);padding-right:var(--wp--preset--spacing--30);padding-bottom:var(--wp--preset--spacing--30);padding-left:var(--wp--preset--spacing--30)\">\n<div class=\"wp-block-column is-vertically-aligned-top hvr-grow is-layout-flow wp-block-column-is-layout-flow\" style=\"padding-top:0;padding-bottom:0\">\n<div class=\"wp-block-group has-accent-background-color has-background is-vertical is-content-justification-center is-layout-flex wp-container-core-group-is-layout-4fac4482 wp-block-group-is-layout-flex\" style=\"border-radius:50px;padding-top:var(--wp--preset--spacing--30);padding-right:var(--wp--preset--spacing--30);padding-bottom:var(--wp--preset--spacing--30);padding-left:var(--wp--preset--spacing--30)\">\n<p><mark style=\"background-color:rgba(0, 0, 0, 0);color:#dd3333\" class=\"has-inline-color\"><i class=\"fas fa-temperature-half fa-solid temperature-half fa-6x\"><\/i><\/mark><\/p>\n\n\n\n<p class=\"has-text-align-center has-large-font-size\"><strong>Strumentazione di taratura<\/strong><\/p>\n\n\n\n<p><mark style=\"background-color:rgba(0, 0, 0, 0);color:#dd3333\" class=\"has-inline-color\"><i class=\"fas fa-circle-check\"><\/i><\/mark> <strong>Conoscenza completa dei prodotti<\/strong><br>Distribuiamo <strong>prodotti di taratura di un unico costruttore<\/strong>. Questo ci permette di offrirvi <strong>consulenze mirate<\/strong> e supporto qualificato, perch\u00e9 conosciamo in modo approfondito le caratteristiche degli strumenti, i vantaggi e i limiti. In questo modo potete valutare meglio i prodotti e scegliere esattamente ci\u00f2 che risponde alle vostre esigenze.<\/p>\n\n\n\n<p><mark style=\"background-color:rgba(0, 0, 0, 0);color:#dd3333\" class=\"has-inline-color\"><i class=\"fas fa-circle-check\"><\/i><\/mark> <strong>Esperienza pratica di utilizzo<\/strong><br>Utilizziamo i prodotti ISOTECH nel nostro laboratorio, quindi abbiamo <strong>un\u2019esperienza pratica sul campo<\/strong> e possiamo fornirvi suggerimenti e indicazioni preziose su come <strong>impiegarli al meglio<\/strong>.<\/p>\n\n\n\n<p><mark style=\"background-color:rgba(0, 0, 0, 0);color:#dd3333\" class=\"has-inline-color\"><i class=\"fas fa-circle-check\"><\/i><\/mark> <strong>Riparazioni rapide e convenienti<\/strong><br>Grazie alle nostre competenze, possiamo eseguire <strong>molte riparazioni internamente<\/strong>. Ci\u00f2 significa per voi <strong>un servizio veloce ed economico<\/strong>, senza dovervi affidare a fornitori esterni.<\/p>\n\n\n\n<div class=\"wp-block-buttons is-content-justification-center is-layout-flex wp-container-core-buttons-is-layout-a89b3969 wp-block-buttons-is-layout-flex\">\n<div class=\"wp-block-button has-custom-font-size is-style-outline hvr-shrink has-medium-font-size is-style-outline--2\"><a class=\"wp-block-button__link wp-element-button\" href=\"\/it\/shop\/\" style=\"padding-top:var(--wp--preset--spacing--10);padding-right:var(--wp--preset--spacing--20);padding-bottom:var(--wp--preset--spacing--10);padding-left:var(--wp--preset--spacing--20)\">Vai ai prodotti<\/a><\/div>\n<\/div>\n<\/div>\n<\/div>\n\n\n\n<div class=\"wp-block-column is-vertically-aligned-top hvr-grow is-layout-flow wp-block-column-is-layout-flow\">\n<div class=\"wp-block-group has-accent-background-color has-background is-vertical is-content-justification-center is-layout-flex wp-container-core-group-is-layout-4fac4482 wp-block-group-is-layout-flex\" style=\"border-radius:50px;padding-top:var(--wp--preset--spacing--30);padding-right:var(--wp--preset--spacing--30);padding-bottom:var(--wp--preset--spacing--30);padding-left:var(--wp--preset--spacing--30)\">\n<p><mark style=\"background-color:rgba(0, 0, 0, 0);color:#dd3333\" class=\"has-inline-color\"><i class=\"fas fa-fa-area-chart fa-solid fa-area-chart fa-6x\"><\/i><\/mark><\/p>\n\n\n\n<p class=\"has-text-align-center has-large-font-size\"><strong>Laboratorio di taratura<\/strong><\/p>\n\n\n\n<p><mark style=\"background-color:rgba(0, 0, 0, 0);color:#dd3333\" class=\"has-inline-color\"><i class=\"fas fa-circle-check\"><\/i><\/mark> <strong>Laboratorio di taratura indipendente<\/strong><br>Come <strong>laboratorio indipendente<\/strong>, possiamo modellare i nostri servizi sulle esigenze dei clienti. Non siamo vincolati a direttive o limitazioni esterne, e questo ci consente di offrire <strong>soluzioni su misura<\/strong>.<\/p>\n\n\n\n<p><mark style=\"background-color:rgba(0, 0, 0, 0);color:#dd3333\" class=\"has-inline-color\"><i class=\"fas fa-circle-check\"><\/i><\/mark> <strong>Azienda a conduzione familiare<\/strong><br>Essendo un\u2019azienda familiare, possiamo instaurare <strong>relazioni di lungo periodo con i nostri clienti<\/strong>, comprendere <strong>le loro esigenze specifiche<\/strong> e prendere decisioni in modo autonomo, senza l\u2019influenza di investitori esterni o associazioni.<\/p>\n\n\n\n<p><mark style=\"background-color:rgba(0, 0, 0, 0);color:#dd3333\" class=\"has-inline-color\"><i class=\"fas fa-circle-check\"><\/i><\/mark> <strong>Accreditamento DAkkS<\/strong><br>La nostra <strong>accreditamento volontaria<\/strong> \u00e8 una prova dei nostri <strong>elevati standard di qualit\u00e0<\/strong> e della nostra ambizione di fornire risultati di misurazione precisi. Potete essere certi che i nostri servizi vengono erogati in conformit\u00e0 a rigorose e riconosciute normative.<\/p>\n\n\n\n<div class=\"wp-block-buttons is-content-justification-center is-layout-flex wp-container-core-buttons-is-layout-a89b3969 wp-block-buttons-is-layout-flex\">\n<div class=\"wp-block-button has-custom-font-size is-style-outline hvr-shrink has-medium-font-size is-style-outline--3\"><a class=\"wp-block-button__link wp-element-button\" href=\"\/it\/kalibrierdienst-klasmeier\/\" style=\"padding-top:var(--wp--preset--spacing--10);padding-right:var(--wp--preset--spacing--20);padding-bottom:var(--wp--preset--spacing--10);padding-left:var(--wp--preset--spacing--20)\">Vai al servizio di taratura<\/a><\/div>\n<\/div>\n<\/div>\n<\/div>\n<\/div>\n\n\n\n<div class=\"wp-block-columns alignwide are-vertically-aligned-top is-layout-flex wp-container-core-columns-is-layout-53e754d2 wp-block-columns-is-layout-flex\" style=\"margin-top:var(--wp--preset--spacing--40);margin-bottom:var(--wp--preset--spacing--40);padding-top:var(--wp--preset--spacing--30);padding-right:var(--wp--preset--spacing--30);padding-bottom:var(--wp--preset--spacing--30);padding-left:var(--wp--preset--spacing--30)\">\n<div class=\"wp-block-column is-vertically-aligned-top hvr-grow is-layout-flow wp-block-column-is-layout-flow\" style=\"padding-top:0;padding-bottom:0\">\n<div class=\"wp-block-group has-accent-background-color has-background is-vertical is-content-justification-center is-layout-flex wp-container-core-group-is-layout-4fac4482 wp-block-group-is-layout-flex\" style=\"border-radius:50px;padding-top:var(--wp--preset--spacing--30);padding-right:var(--wp--preset--spacing--30);padding-bottom:var(--wp--preset--spacing--30);padding-left:var(--wp--preset--spacing--30)\">\n<p><mark style=\"background-color:rgba(0, 0, 0, 0);color:#dd3333\" class=\"has-inline-color\"><i class=\"fas fa-fa-thermometer-three-quarters fa-solid fa-thermometer-three-quarters fa-6x\"><\/i><\/mark><\/p>\n\n\n\n<p class=\"has-text-align-center has-large-font-size\"><strong>Termometri di precisione<\/strong><\/p>\n\n\n\n<p><mark style=\"background-color:rgba(0, 0, 0, 0);color:#dd3333\" class=\"has-inline-color\"><i class=\"fas fa-circle-check\"><\/i><\/mark> <strong>Termometri di precisione realizzati a mano<\/strong><br>I nostri termometri di precisione sono <strong>realizzati a mano<\/strong> nel nostro stabilimento artigianale <strong>a Fulda, in Germania<\/strong>. Ci\u00f2 ci consente di garantire la massima qualit\u00e0 e precisione, oltre a personalizzare i termometri <strong>secondo le vostre specifiche esigenze<\/strong>. Vi servono modifiche a impugnatura, connettore, lunghezza dello stelo o cavo di collegamento? Mettiamo in pratica le vostre richieste.<\/p>\n\n\n\n<p><mark style=\"background-color:rgba(0, 0, 0, 0);color:#dd3333\" class=\"has-inline-color\"><i class=\"fas fa-circle-check\"><\/i><\/mark> <strong>Ampio campo di temperatura<\/strong><br>I nostri termometri sono progettati per <strong>misurare con accuratezza<\/strong>. A seconda del modello, possono misurare temperature <strong>da -200 \u00b0C a 1200 \u00b0C<\/strong>. Ci\u00f2 offre numerose possibilit\u00e0 di utilizzo e grande flessibilit\u00e0 nella misurazione della temperatura.<\/p>\n\n\n\n<p><mark style=\"background-color:rgba(0, 0, 0, 0);color:#dd3333\" class=\"has-inline-color\"><i class=\"fas fa-circle-check\"><\/i><\/mark> <strong>Design ottimizzato per misurazioni accurate<\/strong><br>Attribuiamo grande importanza allo <strong>sviluppo di utensili e processi produttivi propri<\/strong>. In questo modo garantiamo che i <strong>termometri lavorino in modo accurato e affidabile<\/strong>. Poich\u00e9 non dipendiamo da fornitori esterni per progettazione, produzione e taratura, possiamo controllare con precisione la qualit\u00e0 dei nostri termometri.<\/p>\n\n\n\n<div class=\"wp-block-buttons is-content-justification-center is-layout-flex wp-container-core-buttons-is-layout-a89b3969 wp-block-buttons-is-layout-flex\">\n<div class=\"wp-block-button has-custom-font-size is-style-outline hvr-shrink has-medium-font-size is-style-outline--4\"><a class=\"wp-block-button__link wp-element-button\" href=\"\/it\/thermometer-manufaktur\/thermometer\/\" style=\"padding-top:var(--wp--preset--spacing--10);padding-right:var(--wp--preset--spacing--20);padding-bottom:var(--wp--preset--spacing--10);padding-left:var(--wp--preset--spacing--20)\">Vai ai termometri<\/a><\/div>\n<\/div>\n<\/div>\n<\/div>\n\n\n\n<div class=\"wp-block-column is-vertically-aligned-top hvr-grow is-layout-flow wp-block-column-is-layout-flow\">\n<div class=\"wp-block-group has-accent-background-color has-background is-vertical is-content-justification-center is-layout-flex wp-container-core-group-is-layout-4fac4482 wp-block-group-is-layout-flex\" style=\"border-radius:50px;padding-top:var(--wp--preset--spacing--30);padding-right:var(--wp--preset--spacing--30);padding-bottom:var(--wp--preset--spacing--30);padding-left:var(--wp--preset--spacing--30)\">\n<p><mark style=\"background-color:rgba(0, 0, 0, 0);color:#dd3333\" class=\"has-inline-color\"><i class=\"fas fa-fa-graduation-cap fa-solid fa-graduation-cap fa-6x\"><\/i><\/mark><\/p>\n\n\n\n<p class=\"has-text-align-center has-large-font-size\"><strong>Seminari sulla temperatura<\/strong><\/p>\n\n\n\n<p><mark style=\"background-color:rgba(0, 0, 0, 0);color:#dd3333\" class=\"has-inline-color\"><i class=\"fas fa-circle-check\"><\/i><\/mark> <strong>Esperienza e competenza consolidate<\/strong><br>Con <strong>oltre 1600 partecipanti formati<\/strong>, vantiamo <strong>un\u2019ampia esperienza nella formazione<\/strong>. Le nostre solide conoscenze ci consentono di proporre contenuti chiari ed efficaci.<\/p>\n\n\n\n<p><mark style=\"background-color:rgba(0, 0, 0, 0);color:#dd3333\" class=\"has-inline-color\"><i class=\"fas fa-circle-check\"><\/i><\/mark> <strong>Conoscenze sempre aggiornate<\/strong><br>Il nostro <strong>personale segue regolarmente corsi di formazione<\/strong> per soddisfare gli standard dell\u2019Ente di accreditamento tedesco (DAkkS) e <strong>rimanere sempre al passo con gli sviluppi<\/strong>. Questo garantisce <strong>seminari all\u2019avanguardia<\/strong> e istruttori con solide competenze.<\/p>\n\n\n\n<p><mark style=\"background-color:rgba(0, 0, 0, 0);color:#dd3333\" class=\"has-inline-color\"><i class=\"fas fa-circle-check\"><\/i><\/mark> <strong>Community online per networking e scambio di conoscenze<\/strong><br>Attraverso la nostra piattaforma Klasmeier.Connect, offriamo <strong>uno spazio dove i nostri clienti possono interagire<\/strong>. Qui possono <strong>condividere il loro know-how<\/strong> e <strong>porre domande<\/strong> direttamente ai nostri relatori. Favoriamo cos\u00ec lo scambio di informazioni, supportiamo l\u2019apprendimento e rafforziamo il network tra i nostri clienti.<\/p>\n\n\n\n<div class=\"wp-block-buttons is-content-justification-center is-layout-flex wp-container-core-buttons-is-layout-a89b3969 wp-block-buttons-is-layout-flex\">\n<div class=\"wp-block-button has-custom-font-size is-style-outline hvr-shrink has-medium-font-size is-style-outline--5\"><a class=\"wp-block-button__link wp-element-button\" href=\"\/it\/seminare\/\" style=\"padding-top:var(--wp--preset--spacing--10);padding-right:var(--wp--preset--spacing--20);padding-bottom:var(--wp--preset--spacing--10);padding-left:var(--wp--preset--spacing--20)\">Vai ai seminari<\/a><\/div>\n<\/div>\n<\/div>\n<\/div>\n<\/div>\n\n\n\n<h3 class=\"wp-block-heading alignwide has-text-align-center\"><strong>Cosa ci distingue dagli altri:<\/strong><\/h3>\n\n\n\n<div class=\"wp-block-columns alignwide are-vertically-aligned-top is-layout-flex wp-container-core-columns-is-layout-c84009e0 wp-block-columns-is-layout-flex\" style=\"margin-top:0;margin-bottom:0;padding-top:var(--wp--preset--spacing--20);padding-right:var(--wp--preset--spacing--30);padding-bottom:var(--wp--preset--spacing--20);padding-left:var(--wp--preset--spacing--30)\">\n<div class=\"wp-block-column is-vertically-aligned-top hvr-grow is-layout-flow wp-block-column-is-layout-flow\">\n<div class=\"wp-block-group has-accent-background-color has-background is-vertical is-content-justification-center is-layout-flex wp-container-core-group-is-layout-4fac4482 wp-block-group-is-layout-flex\" style=\"border-radius:50px;padding-top:var(--wp--preset--spacing--30);padding-right:var(--wp--preset--spacing--30);padding-bottom:var(--wp--preset--spacing--30);padding-left:var(--wp--preset--spacing--30)\">\n<p><mark style=\"background-color:rgba(0, 0, 0, 0);color:#dd3333\" class=\"has-inline-color\"><i class=\"fas fa-fa-cubes fa-solid fa-cubes fa-6x\"><\/i><\/mark><\/p>\n\n\n\n<p class=\"has-text-align-center has-large-font-size\"><strong>Pacchetto \u201ctutto compreso\u201d<\/strong><\/p>\n\n\n\n<p><mark style=\"background-color:rgba(0, 0, 0, 0);color:#dd3333\" class=\"has-inline-color\"><i class=\"fas fa-circle-check\"><\/i><\/mark> Da noi trovate tutto in un\u2019unica soluzione.<br> Dalla <strong>consulenza specializzata<\/strong> per l\u2019<strong>acquisto<\/strong> dei vostri strumenti, al nostro servizio di <strong>taratura<\/strong>, fino a <strong>manutenzione<\/strong> e <strong>riparazioni<\/strong> necessarie.<\/p>\n\n\n\n<p><mark style=\"background-color:rgba(0, 0, 0, 0);color:#dd3333\" class=\"has-inline-color\"><i class=\"fas fa-circle-check\"><\/i><\/mark> Ci occupiamo di tutto, cos\u00ec potete concentrarvi sul vostro core business.<\/p>\n<\/div>\n<\/div>\n\n\n\n<div class=\"wp-block-column is-vertically-aligned-top hvr-grow is-layout-flow wp-block-column-is-layout-flow\">\n<div class=\"wp-block-group has-accent-background-color has-background is-vertical is-content-justification-stretch is-layout-flex wp-container-core-group-is-layout-2a2118f6 wp-block-group-is-layout-flex\" style=\"border-radius:50px;padding-top:var(--wp--preset--spacing--30);padding-right:var(--wp--preset--spacing--30);padding-bottom:var(--wp--preset--spacing--30);padding-left:var(--wp--preset--spacing--30)\">\n<p class=\"has-text-align-center\"><mark style=\"background-color:rgba(0, 0, 0, 0);color:#dd3333\" class=\"has-inline-color\"><i class=\"fas fa-fa-phone fa-solid fa-phone fa-6x\"><\/i><\/mark><\/p>\n\n\n\n<p class=\"has-text-align-center has-large-font-size\"><strong>Referenti dedicati<\/strong><\/p>\n\n\n\n<p><mark style=\"background-color:rgba(0, 0, 0, 0);color:#dd3333\" class=\"has-inline-color\"><i class=\"fas fa-circle-check\"><\/i><\/mark> Presso di noi avete <strong>referenti stabili<\/strong> che vi affiancano personalmente.<\/p>\n\n\n\n<p><mark style=\"background-color:rgba(0, 0, 0, 0);color:#dd3333\" class=\"has-inline-color\"><i class=\"fas fa-circle-check\"><\/i><\/mark> Non dovete passare attraverso <strong>un call center<\/strong>, ma ricevete <strong>assistenza diretta e personalizzata<\/strong>.<\/p>\n\n\n\n<p><mark style=\"background-color:rgba(0, 0, 0, 0);color:#dd3333\" class=\"has-inline-color\"><i class=\"fas fa-circle-check\"><\/i><\/mark> E se necessario, veniamo da voi per capire sul posto come aiutarvi al meglio.<\/p>\n<\/div>\n<\/div>\n<\/div>\n\n\n\n<div class=\"wp-block-columns alignwide are-vertically-aligned-top is-layout-flex wp-container-core-columns-is-layout-4c119151 wp-block-columns-is-layout-flex\" style=\"padding-top:var(--wp--preset--spacing--10);padding-right:var(--wp--preset--spacing--30);padding-bottom:var(--wp--preset--spacing--10);padding-left:var(--wp--preset--spacing--30)\">\n<div class=\"wp-block-column is-vertically-aligned-top hvr-grow is-layout-flow wp-block-column-is-layout-flow\" style=\"padding-top:0;padding-bottom:0\">\n<div class=\"wp-block-group has-accent-background-color has-background is-vertical is-content-justification-center is-layout-flex wp-container-core-group-is-layout-4fac4482 wp-block-group-is-layout-flex\" style=\"border-radius:50px;padding-top:var(--wp--preset--spacing--30);padding-right:var(--wp--preset--spacing--30);padding-bottom:var(--wp--preset--spacing--30);padding-left:var(--wp--preset--spacing--30)\">\n<p><mark style=\"background-color:rgba(0, 0, 0, 0);color:#dd3333\" class=\"has-inline-color\"><i class=\"fas fa-fa-phone fa-solid fa-phone fa-6x\"><\/i><\/mark><\/p>\n\n\n\n<p class=\"has-text-align-center has-large-font-size\"><strong>Reperibilit\u00e0 immediata<\/strong><\/p>\n\n\n\n<p><mark style=\"background-color:rgba(0, 0, 0, 0);color:#dd3333\" class=\"has-inline-color\"><i class=\"fas fa-circle-check\"><\/i><\/mark> Avete <strong>bisogno dell\u2019equipaggiamento giusto<\/strong> per la vostra misurazione, <strong>domande<\/strong> sulla taratura di un termometro o <strong>un problema<\/strong> con un dispositivo? Siamo a vostra disposizione.<\/p>\n\n\n\n<p><mark style=\"background-color:rgba(0, 0, 0, 0);color:#dd3333\" class=\"has-inline-color\"><i class=\"fas fa-circle-check\"><\/i><\/mark> Spesso riusciamo a darvi una mano <strong>telefonicamente o via e-mail<\/strong> in modo rapido ed efficace, cos\u00ec che possiate tornare subito alla vostra attivit\u00e0.<\/p>\n<\/div>\n<\/div>\n\n\n\n<div class=\"wp-block-column is-vertically-aligned-top hvr-grow is-layout-flow wp-block-column-is-layout-flow\">\n<div class=\"wp-block-group has-accent-background-color has-background is-vertical is-content-justification-center is-layout-flex wp-container-core-group-is-layout-4fac4482 wp-block-group-is-layout-flex\" style=\"border-radius:50px;padding-top:var(--wp--preset--spacing--30);padding-right:var(--wp--preset--spacing--30);padding-bottom:var(--wp--preset--spacing--30);padding-left:var(--wp--preset--spacing--30)\">\n<p><mark style=\"background-color:rgba(0, 0, 0, 0);color:#dd3333\" class=\"has-inline-color\"><i class=\"fas fa-fa-unlock fa-solid fa-unlock fa-6x\"><\/i><\/mark><\/p>\n\n\n\n<p class=\"has-text-align-center has-large-font-size\"><strong>Uno sguardo dietro le quinte<\/strong><\/p>\n\n\n\n<p><mark style=\"background-color:rgba(0, 0, 0, 0);color:#dd3333\" class=\"has-inline-color\"><i class=\"fas fa-circle-check\"><\/i><\/mark> Vi offriamo <strong>uno sguardo esclusivo<\/strong> nel nostro laboratorio di taratura, ad esempio con video in diretta <strong>nei nostri seminari online<\/strong>. Potete fare domande e approfittare della nostra esperienza.<\/p>\n\n\n\n<p><mark style=\"background-color:rgba(0, 0, 0, 0);color:#dd3333\" class=\"has-inline-color\"><i class=\"fas fa-circle-check\"><\/i><\/mark> Se preferite, organizziamo anche <strong>visite guidate in laboratorio<\/strong>. Tornerete a casa con consigli e suggerimenti pratici per ottimizzare i vostri processi.<\/p>\n<\/div>\n<\/div>\n<\/div>\n<\/div>\n","protected":false},"excerpt":{"rendered":"<p>Misurate in modo sicuro e preciso \u2013 con noi al vostro fianco \u201cNel mondo della metrologia e dell\u2019ingegneria ho trovato la mia vocazione. Da oltre due decenni mi dedico con passione alla misurazione precisa della temperatura e alla taratura dei termometri. La nostra azienda \u00e8 specializzata in vari aspetti della misurazione e taratura della temperatura. [&hellip;]<\/p>\n","protected":false},"author":4,"featured_media":0,"parent":9169,"menu_order":0,"comment_status":"closed","ping_status":"closed","template":"","meta":{"footnotes":""},"class_list":["post-9180","page","type-page","status-publish","hentry"],"_links":{"self":[{"href":"https:\/\/www.klasmeier.com\/it\/wp-json\/wp\/v2\/pages\/9180","targetHints":{"allow":["GET"]}}],"collection":[{"href":"https:\/\/www.klasmeier.com\/it\/wp-json\/wp\/v2\/pages"}],"about":[{"href":"https:\/\/www.klasmeier.com\/it\/wp-json\/wp\/v2\/types\/page"}],"author":[{"embeddable":true,"href":"https:\/\/www.klasmeier.com\/it\/wp-json\/wp\/v2\/users\/4"}],"replies":[{"embeddable":true,"href":"https:\/\/www.klasmeier.com\/it\/wp-json\/wp\/v2\/comments?post=9180"}],"version-history":[{"count":1,"href":"https:\/\/www.klasmeier.com\/it\/wp-json\/wp\/v2\/pages\/9180\/revisions"}],"predecessor-version":[{"id":9181,"href":"https:\/\/www.klasmeier.com\/it\/wp-json\/wp\/v2\/pages\/9180\/revisions\/9181"}],"up":[{"embeddable":true,"href":"https:\/\/www.klasmeier.com\/it\/wp-json\/wp\/v2\/pages\/9169"}],"wp:attachment":[{"href":"https:\/\/www.klasmeier.com\/it\/wp-json\/wp\/v2\/media?parent=9180"}],"curies":[{"name":"wp","href":"https:\/\/api.w.org\/{rel}","templated":true}]}}