{"id":8998,"date":"2024-04-20T16:02:06","date_gmt":"2024-04-20T14:02:06","guid":{"rendered":"https:\/\/www.klasmeier.com\/?page_id=8998"},"modified":"2025-04-02T11:29:22","modified_gmt":"2025-04-02T09:29:22","slug":"resistenze-di-misura-di-klasmeier","status":"publish","type":"page","link":"https:\/\/www.klasmeier.com\/it\/resistenze-di-misura-di-klasmeier\/","title":{"rendered":"Resistenze di Misura di Klasmeier"},"content":{"rendered":"\n<div class=\"wp-block-cover alignfull has-base-2-color has-text-color has-link-color wp-elements-8a8a31d0522947b0e04aa9767d86eb66\"><span aria-hidden=\"true\" class=\"wp-block-cover__background has-contrast-background-color has-background-dim\"><\/span><img loading=\"lazy\" decoding=\"async\" width=\"1600\" height=\"762\" class=\"wp-block-cover__image-background wp-image-2712\" alt=\"\" src=\"https:\/\/www.klasmeier.com\/wp-content\/uploads\/Messwiderstaende-von-Klasmeier.png\" data-object-fit=\"cover\" srcset=\"https:\/\/www.klasmeier.com\/wp-content\/uploads\/Messwiderstaende-von-Klasmeier.png 1600w, https:\/\/www.klasmeier.com\/wp-content\/uploads\/Messwiderstaende-von-Klasmeier-300x143.png 300w, https:\/\/www.klasmeier.com\/wp-content\/uploads\/Messwiderstaende-von-Klasmeier-1024x488.png 1024w, https:\/\/www.klasmeier.com\/wp-content\/uploads\/Messwiderstaende-von-Klasmeier-768x366.png 768w, https:\/\/www.klasmeier.com\/wp-content\/uploads\/Messwiderstaende-von-Klasmeier-1536x732.png 1536w, https:\/\/www.klasmeier.com\/wp-content\/uploads\/Messwiderstaende-von-Klasmeier-600x286.png 600w\" sizes=\"auto, (max-width: 1600px) 100vw, 1600px\" \/><div class=\"wp-block-cover__inner-container is-layout-flow wp-block-cover-is-layout-flow\">\n<h2 class=\"wp-block-heading has-text-align-center hm2\"><strong>Resistenze di Misura<\/strong><\/h2>\n<\/div><\/div>\n\n\n\n<div class=\"wp-block-group alignfull has-global-padding is-layout-constrained wp-container-core-group-is-layout-7a94f013 wp-block-group-is-layout-constrained\" style=\"padding-top:var(--wp--preset--spacing--30);padding-right:var(--wp--preset--spacing--30);padding-bottom:var(--wp--preset--spacing--30);padding-left:var(--wp--preset--spacing--30)\">\n<figure class=\"wp-block-image aligncenter size-full hvr-grow\"><img loading=\"lazy\" decoding=\"async\" width=\"310\" height=\"89\" src=\"https:\/\/www.klasmeier.com\/wp-content\/uploads\/exacal.png\" alt=\"\" class=\"wp-image-2716\" srcset=\"https:\/\/www.klasmeier.com\/wp-content\/uploads\/exacal.png 310w, https:\/\/www.klasmeier.com\/wp-content\/uploads\/exacal-300x86.png 300w\" sizes=\"auto, (max-width: 310px) 100vw, 310px\" \/><\/figure>\n\n\n\n<h3 class=\"wp-block-heading alignwide has-text-align-center\" style=\"line-height:1.7\"><strong>Resistenze di Misura di Klasmeier<\/strong><br>Precisione fino al minimo dettaglio<\/h3>\n\n\n\n<p>Nel mondo della termometria, la precisione della resistenza di misura \u00e8 un fattore cruciale per l&#8217;accuratezza e l&#8217;affidabilit\u00e0 di un termometro. In qualit\u00e0 di specialisti nella misurazione della temperatura con elevata precisione, la nostra manifattura di termometri \u00e8 tra i pochi produttori a livello globale che sviluppano e producono internamente le proprie resistenze di misura per la temperatura. Questo tratto distintivo evidenzia il nostro impegno verso la massima qualit\u00e0 e la produzione su misura.<\/p>\n\n\n\n<p>Le resistenze di misura&nbsp;<strong>eXacal<\/strong>&nbsp;rappresentano la nostra esperienza e la nostra dedizione alla misurazione della temperatura con la massima precisione. Esse sono conformi alla&nbsp;<strong>Scala Internazionale della Temperatura del 1990 (ITS-90)<\/strong>&nbsp;e si discostano dagli standard convenzionali della norma&nbsp;<strong>DIN EN 60751<\/strong>. Con un intervallo di temperatura che va da&nbsp;<strong>-200 \u00b0C a 670 \u00b0C<\/strong>, copriamo i principali intervalli di calibrazione dell&#8217;ITS-90, dai punti fissi di temperatura&nbsp;<strong>Argon<\/strong>&nbsp;fino all&#8217;<strong>Alluminio<\/strong>.<\/p>\n\n\n\n<div class=\"wp-block-columns alignwide are-vertically-aligned-top is-layout-flex wp-container-core-columns-is-layout-10a0583f wp-block-columns-is-layout-flex\" style=\"margin-top:var(--wp--preset--spacing--40);margin-bottom:var(--wp--preset--spacing--40);padding-top:0;padding-right:0;padding-bottom:var(--wp--preset--spacing--20);padding-left:0\">\n<div class=\"wp-block-column is-vertically-aligned-top hvr-grow is-layout-flow wp-block-column-is-layout-flow\" style=\"padding-top:0;padding-bottom:0\">\n<div class=\"wp-block-group has-accent-background-color has-background is-vertical is-content-justification-center is-layout-flex wp-container-core-group-is-layout-348d87aa wp-block-group-is-layout-flex\" style=\"border-radius:50px;padding-top:var(--wp--preset--spacing--30);padding-right:var(--wp--preset--spacing--30);padding-bottom:var(--wp--preset--spacing--30);padding-left:var(--wp--preset--spacing--30)\">\n<p><mark style=\"background-color:rgba(0, 0, 0, 0);color:#dd3333\" class=\"has-inline-color\"><i class=\"fas fa-check fa-6x\"><\/i><\/mark><\/p>\n\n\n\n<h2 class=\"wp-block-heading has-text-align-center\" style=\"font-size:clamp(0.984rem, 0.984rem + ((1vw - 0.2rem) * 0.86), 1.5rem);\"><strong>Le nostre resistenze di misura eXacal garantiscono:<\/strong><\/h2>\n\n\n\n<p class=\"has-text-align-left\"><strong><mark style=\"background-color:rgba(0, 0, 0, 0);color:#dd3333\" class=\"has-inline-color\"><i class=\"fas fa-circle-check\"><\/i><\/mark> <strong>Massima stabilit\u00e0<\/strong><br><mark style=\"background-color:rgba(0, 0, 0, 0);color:#dd3333\" class=\"has-inline-color\"><i class=\"fas fa-circle-check\"><\/i><\/mark><strong> Eccellente riproducibilit\u00e0<\/strong><br><mark style=\"background-color:rgba(0, 0, 0, 0);color:#dd3333\" class=\"has-inline-color\"><i class=\"fas fa-circle-check\"><\/i><\/mark> <strong>Basso auto-riscaldamento<\/strong><br><mark style=\"background-color:rgba(0, 0, 0, 0);color:#dd3333\" class=\"has-inline-color\"><i class=\"fas fa-circle-check\"><\/i><\/mark> <strong>Minima isteresi<\/strong><br><mark style=\"background-color:rgba(0, 0, 0, 0);color:#dd3333\" class=\"has-inline-color\"><i class=\"fas fa-circle-check\"><\/i><\/mark> <strong>Conformit\u00e0 ai requisiti della ITS-90<\/strong><\/strong><\/p>\n<\/div>\n<\/div>\n\n\n\n<div class=\"wp-block-column is-vertically-aligned-top hvr-grow is-layout-flow wp-block-column-is-layout-flow\" style=\"padding-top:0;padding-bottom:0\">\n<div class=\"wp-block-group has-accent-background-color has-background is-vertical is-content-justification-center is-layout-flex wp-container-core-group-is-layout-348d87aa wp-block-group-is-layout-flex\" style=\"border-radius:50px;padding-top:var(--wp--preset--spacing--30);padding-right:var(--wp--preset--spacing--30);padding-bottom:var(--wp--preset--spacing--30);padding-left:var(--wp--preset--spacing--30)\">\n<p><mark style=\"background-color:rgba(0, 0, 0, 0);color:#dd3333\" class=\"has-inline-color\"><mark style=\"background-color:rgba(0, 0, 0, 0);color:#dd3333\" class=\"has-inline-color\"><mark style=\"background-color:rgba(0, 0, 0, 0);color:#dd3333\" class=\"has-inline-color\"><i class=\"fas fa-temperature-half fa-6x\"><\/i><\/mark><\/mark><\/mark><\/p>\n\n\n\n<h2 class=\"wp-block-heading has-text-align-center\" style=\"font-size:clamp(0.984rem, 0.984rem + ((1vw - 0.2rem) * 0.86), 1.5rem);\"><strong>Resistenze di Misura e Manifattura di Termometri: una Sinergia per la Precisione<\/strong><\/h2>\n\n\n\n<div class=\"wp-block-group is-vertical is-layout-flex wp-container-core-group-is-layout-67710c2e wp-block-group-is-layout-flex\" style=\"margin-top:0;margin-bottom:0;padding-top:0;padding-bottom:0\">\n<p>L\u2019integrazione tra la produzione di resistenze di misura e termometri ci consente di offrire un&#8217;ampia gamma di termometri di precisione:<br><\/p>\n\n\n\n<p class=\"has-text-align-left\"><strong><mark style=\"background-color:rgba(0, 0, 0, 0);color:#dd3333\" class=\"has-inline-color\"><i class=\"fas fa-circle-check\"><\/i><\/mark> <strong>Termometri a resistenza di platino standard (SPRT)<\/strong><br><mark style=\"background-color:rgba(0, 0, 0, 0);color:#dd3333\" class=\"has-inline-color\"><i class=\"fas fa-circle-check\"><\/i><\/mark> <strong>PRT secondari<\/strong><br><mark style=\"background-color:rgba(0, 0, 0, 0);color:#dd3333\" class=\"has-inline-color\"><i class=\"fas fa-circle-check\"><\/i><\/mark> <strong>PRT di riferimento industriali e RTD<\/strong><\/strong><\/p>\n<\/div>\n<\/div>\n<\/div>\n<\/div>\n\n\n\n<div class=\"wp-block-group alignwide hvr-grow has-accent-background-color has-background is-vertical is-content-justification-center is-layout-flex wp-container-core-group-is-layout-386451ff wp-block-group-is-layout-flex\" style=\"border-radius:50px;padding-top:var(--wp--preset--spacing--30);padding-right:var(--wp--preset--spacing--30);padding-bottom:var(--wp--preset--spacing--30);padding-left:var(--wp--preset--spacing--30)\">\n<p><\/p>\n\n\n\n<h3 class=\"wp-block-heading alignwide has-text-align-left\">La produzione di resistenze di misura per la temperatura \u00e8 un&#8217;arte a s\u00e9 stante\u2026<\/h3>\n\n\n\n<div class=\"wp-block-columns alignwide is-layout-flex wp-container-core-columns-is-layout-63d3099b wp-block-columns-is-layout-flex\" style=\"padding-top:var(--wp--preset--spacing--20);padding-bottom:0\">\n<div class=\"wp-block-column is-layout-flow wp-block-column-is-layout-flow\">\n<p>&#8230;un processo altamente complesso e delicato, in cui un filo sottilissimo di platino ultrapuro viene infilato manualmente, sotto microscopio, su un supporto, ad esempio in ceramica o quarzo. Prima di questo passaggio, il filo di platino deve essere avvolto in una bobina mediante una macchina avvolgitrice appositamente progettata.<\/p>\n\n\n\n<p>Queste resistenze di misura estremamente sensibili, che devono essere protette dagli agenti ambientali, vengono assemblate nella nostra manifattura di termometri e trasformate in termometri di precisione.<\/p>\n\n\n\n<p>Le nostre resistenze di misura si distinguono in particolare per la conformit\u00e0 ai criteri della&nbsp;<strong>Scala Internazionale della Temperatura del 1990 (ITS-90)<\/strong>. Questi sono i requisiti che un termometro deve soddisfare per essere classificato come&nbsp;<strong>&#8220;Termometro a resistenza di platino standard (SPRT)&#8221;<\/strong>&nbsp;secondo la ITS-90.<\/p>\n<\/div>\n\n\n\n<div class=\"wp-block-column is-vertically-aligned-center is-layout-flow wp-block-column-is-layout-flow\">\n<figure class=\"wp-block-image size-full has-custom-border\"><img loading=\"lazy\" decoding=\"async\" width=\"600\" height=\"421\" src=\"https:\/\/www.klasmeier.com\/wp-content\/uploads\/eXacal-Messwiderstaende-von-Klasmeier.png\" alt=\"\" class=\"wp-image-2725\" style=\"border-radius:50px\" srcset=\"https:\/\/www.klasmeier.com\/wp-content\/uploads\/eXacal-Messwiderstaende-von-Klasmeier.png 600w, https:\/\/www.klasmeier.com\/wp-content\/uploads\/eXacal-Messwiderstaende-von-Klasmeier-300x211.png 300w\" sizes=\"auto, (max-width: 600px) 100vw, 600px\" \/><\/figure>\n<\/div>\n<\/div>\n\n\n\n<p>Il coefficiente di temperatura (TK), o valore Alpha, non viene considerato secondo la norma&nbsp;<strong>DIN EN 60751<\/strong>, ma viene invece rappresentato come il&nbsp;<strong>valore W<\/strong>. Le resistenze di misura&nbsp;<strong>eXacal<\/strong>&nbsp;soddisfano il requisito&nbsp;<strong>W-Gallium \u2265 1,11807<\/strong>.<\/p>\n\n\n\n<p><\/p>\n<\/div>\n\n\n\n<div class=\"wp-block-group has-global-padding is-layout-constrained wp-block-group-is-layout-constrained\" style=\"padding-top:var(--wp--preset--spacing--30);padding-bottom:0\">\n<h3 class=\"wp-block-heading alignwide has-text-align-center\">Vantaggi delle resistenze di misura eXacal<\/h3>\n\n\n\n<div class=\"wp-block-group alignwide hvr-grow has-accent-background-color has-background is-vertical is-content-justification-stretch is-layout-flex wp-container-core-group-is-layout-b0767e3e wp-block-group-is-layout-flex\" style=\"border-radius:50px;margin-top:var(--wp--preset--spacing--30);margin-bottom:var(--wp--preset--spacing--30);padding-top:var(--wp--preset--spacing--30);padding-right:var(--wp--preset--spacing--30);padding-bottom:var(--wp--preset--spacing--30);padding-left:var(--wp--preset--spacing--30)\">\n<p><\/p>\n\n\n\n<p class=\"has-text-align-center\"><mark style=\"background-color:rgba(0, 0, 0, 0);color:#dd3333\" class=\"has-inline-color\"><i class=\"fas fa-gears fa-6x\"><\/i><\/mark><\/p>\n\n\n\n<h4 class=\"wp-block-heading has-text-align-center\"><strong><strong>Qualit\u00e0 e controllo da un&#8217;unica fonte<\/strong><\/strong><\/h4>\n\n\n\n<p class=\"has-text-align-left\"><mark style=\"background-color:rgba(0, 0, 0, 0);color:#dd3333\" class=\"has-inline-color\"><i class=\"fas fa-circle-check\"><\/i><\/mark> I nostri clienti traggono vantaggio dalla combinazione tra la produzione di termometri e la realizzazione interna delle resistenze di misura. Controllando ogni fase del processo, dalla progettazione alla produzione fino alla calibrazione finale accreditata DAkkS (<strong>secondo DIN EN ISO\/IEC 17025<\/strong>), siamo in grado di offrire soluzioni su misura e di rispondere rapidamente alle esigenze specifiche dei clienti.<br><br><mark style=\"background-color:rgba(0, 0, 0, 0);color:#dd3333\" class=\"has-inline-color\"><i class=\"fas fa-circle-check\"><\/i><\/mark> In quanto azienda a conduzione familiare, operiamo in modo indipendente da influenze esterne. Questo ci consente di concentrarci esclusivamente sulle esigenze dei nostri clienti e di offrire soluzioni ottimali e personalizzate.<\/p>\n\n\n\n<p><\/p>\n<\/div>\n<\/div>\n<\/div>\n\n\n\n<div class=\"wp-block-group alignfull has-global-padding is-layout-constrained wp-container-core-group-is-layout-0c8379ad wp-block-group-is-layout-constrained\" style=\"margin-top:var(--wp--preset--spacing--30);margin-bottom:var(--wp--preset--spacing--30);padding-top:var(--wp--preset--spacing--20);padding-right:var(--wp--preset--spacing--30);padding-bottom:var(--wp--preset--spacing--20);padding-left:var(--wp--preset--spacing--30)\">\n<h3 class=\"wp-block-heading alignwide has-text-align-center\"><strong>Troviamo insieme la soluzione giusta per te!<\/strong><\/h3>\n\n\n\n<div class=\"wp-block-columns alignwide hvr-grow has-accent-background-color has-background is-layout-flex wp-container-core-columns-is-layout-b6a795d6 wp-block-columns-is-layout-flex\" style=\"border-radius:50px;margin-top:var(--wp--preset--spacing--40);margin-bottom:var(--wp--preset--spacing--40);padding-top:var(--wp--preset--spacing--20);padding-right:var(--wp--preset--spacing--20);padding-bottom:var(--wp--preset--spacing--20);padding-left:var(--wp--preset--spacing--20)\">\n<div class=\"wp-block-column is-layout-flow wp-block-column-is-layout-flow\" style=\"flex-basis:40%\">\n<figure class=\"wp-block-image aligncenter size-full has-custom-border\"><img loading=\"lazy\" decoding=\"async\" width=\"500\" height=\"333\" src=\"https:\/\/www.klasmeier.com\/wp-content\/uploads\/ES.png\" alt=\"\" class=\"wp-image-2653\" style=\"border-radius:50px\" srcset=\"https:\/\/www.klasmeier.com\/wp-content\/uploads\/ES.png 500w, https:\/\/www.klasmeier.com\/wp-content\/uploads\/ES-300x200.png 300w\" sizes=\"auto, (max-width: 500px) 100vw, 500px\" \/><\/figure>\n<\/div>\n\n\n\n<div class=\"wp-block-column is-vertically-aligned-center is-layout-flow wp-block-column-is-layout-flow\" style=\"flex-basis:60%\">\n<h3 class=\"wp-block-heading has-text-align-center\">Parla direttamente con la nostra esperta!<\/h3>\n\n\n\n<p class=\"has-text-align-center\"><br><strong>La tua referente per le resistenze di misura:<\/strong><\/p>\n\n\n\n<p class=\"has-text-align-center\"><strong>Elke Seewald<\/strong><br><em>Direttrice della Manifattura&nbsp;<strong><a href=\"\/it\/exacal\/\">eXacal<\/a><\/strong>&nbsp;di Klasmeier<\/em><\/p>\n\n\n\n<p class=\"has-text-align-center\"><mark style=\"background-color:rgba(0, 0, 0, 0);color:#dd3333\" class=\"has-inline-color\"><i class=\"fas fa-envelope\"><\/i><\/mark> <a href=\"https:\/\/www.klasmeier.com\/it\/azienda\/referenti\/\">Contattaci ora<\/a><\/p>\n<\/div>\n<\/div>\n<\/div>\n","protected":false},"excerpt":{"rendered":"<p>Resistenze di Misura di KlasmeierPrecisione fino al minimo dettaglio Nel mondo della termometria, la precisione della resistenza di misura \u00e8 un fattore cruciale per l&#8217;accuratezza e l&#8217;affidabilit\u00e0 di un termometro. In qualit\u00e0 di specialisti nella misurazione della temperatura con elevata precisione, la nostra manifattura di termometri \u00e8 tra i pochi produttori a livello globale che [&hellip;]<\/p>\n","protected":false},"author":4,"featured_media":0,"parent":0,"menu_order":0,"comment_status":"closed","ping_status":"closed","template":"","meta":{"footnotes":""},"class_list":["post-8998","page","type-page","status-publish","hentry"],"_links":{"self":[{"href":"https:\/\/www.klasmeier.com\/it\/wp-json\/wp\/v2\/pages\/8998","targetHints":{"allow":["GET"]}}],"collection":[{"href":"https:\/\/www.klasmeier.com\/it\/wp-json\/wp\/v2\/pages"}],"about":[{"href":"https:\/\/www.klasmeier.com\/it\/wp-json\/wp\/v2\/types\/page"}],"author":[{"embeddable":true,"href":"https:\/\/www.klasmeier.com\/it\/wp-json\/wp\/v2\/users\/4"}],"replies":[{"embeddable":true,"href":"https:\/\/www.klasmeier.com\/it\/wp-json\/wp\/v2\/comments?post=8998"}],"version-history":[{"count":2,"href":"https:\/\/www.klasmeier.com\/it\/wp-json\/wp\/v2\/pages\/8998\/revisions"}],"predecessor-version":[{"id":11618,"href":"https:\/\/www.klasmeier.com\/it\/wp-json\/wp\/v2\/pages\/8998\/revisions\/11618"}],"wp:attachment":[{"href":"https:\/\/www.klasmeier.com\/it\/wp-json\/wp\/v2\/media?parent=8998"}],"curies":[{"name":"wp","href":"https:\/\/api.w.org\/{rel}","templated":true}]}}