{"id":8984,"date":"2024-04-21T17:33:34","date_gmt":"2024-04-21T15:33:34","guid":{"rendered":"https:\/\/www.klasmeier.com\/?page_id=8984"},"modified":"2025-02-07T14:53:39","modified_gmt":"2025-02-07T13:53:39","slug":"servizio-supporto","status":"publish","type":"page","link":"https:\/\/www.klasmeier.com\/it\/servizio-supporto\/","title":{"rendered":"Servizio &amp; Supporto"},"content":{"rendered":" <div class=\"wp-block-group alignfull has-global-padding is-layout-constrained wp-block-group-is-layout-constrained\" style=\"padding-top:var(--wp--preset--spacing--30);padding-bottom:var(--wp--preset--spacing--30)\"> <figure class=\"wp-block-image alignwide size-full has-custom-border\"><img loading=\"lazy\" decoding=\"async\" width=\"1280\" height=\"853\" src=\"https:\/\/www.klasmeier.com\/wp-content\/uploads\/Service-Support-Klasmeier.jpg\" alt=\"\" class=\"wp-image-2852\" style=\"border-radius:50px\" srcset=\"https:\/\/www.klasmeier.com\/wp-content\/uploads\/Service-Support-Klasmeier.jpg 1280w, https:\/\/www.klasmeier.com\/wp-content\/uploads\/Service-Support-Klasmeier-300x200.jpg 300w, https:\/\/www.klasmeier.com\/wp-content\/uploads\/Service-Support-Klasmeier-1024x682.jpg 1024w, https:\/\/www.klasmeier.com\/wp-content\/uploads\/Service-Support-Klasmeier-768x512.jpg 768w, https:\/\/www.klasmeier.com\/wp-content\/uploads\/Service-Support-Klasmeier-600x400.jpg 600w\" sizes=\"auto, (max-width: 1280px) 100vw, 1280px\" \/><\/figure> <\/div>   <div class=\"wp-block-group alignfull has-global-padding is-layout-constrained wp-container-core-group-is-layout-0d683d8b wp-block-group-is-layout-constrained\" style=\"padding-top:var(--wp--preset--spacing--30);padding-bottom:var(--wp--preset--spacing--30)\"> <h2 class=\"wp-block-heading alignwide has-text-align-center\">Servizio &amp; Supporto<\/h2>   <h3 class=\"wp-block-heading alignwide\">Assistenza anche dopo l&#8217;acquisto<\/h3>   <p>Nel caso in cui un dispositivo si guasti, \u00e8 fondamentale un\u2019assistenza rapida. In qualit\u00e0 di partner di lunga data per la vendita e il servizio di dispositivi ISOTECH e come produttore di prodotti eXacal, siamo in grado di reagire tempestivamente e offrirvi supporto.<\/p>   <p><mark style=\"background-color:rgba(0, 0, 0, 0);color:#dd3333\" class=\"has-inline-color\"><i class=\"fas fa-circle-check\"><\/i><\/mark> Per ridurre al minimo i tempi di lavorazione, tutte le riparazioni vengono effettuate internamente. I vostri dispositivi non devono essere inviati al produttore.<br><mark style=\"background-color:rgba(0, 0, 0, 0);color:#dd3333\" class=\"has-inline-color\"><i class=\"fas fa-circle-check\"><\/i><\/mark> Per la riparazione dei vostri dispositivi vengono utilizzati esclusivamente ricambi originali, garantendo cos\u00ec il massimo livello di qualit\u00e0 e affidabilit\u00e0.<br><mark style=\"background-color:rgba(0, 0, 0, 0);color:#dd3333\" class=\"has-inline-color\"><i class=\"fas fa-circle-check\"><\/i><\/mark> Se, dopo una riparazione, \u00e8 necessaria una regolazione o una ricalibrazione, questa pu\u00f2 essere eseguita nel nostro laboratorio di taratura accreditato DAkkS <strong>D\u2010K\u201015224\u201001\u201000<\/strong> secondo la norma <strong>DIN EN ISO\/IEC 17025:2005<\/strong>.<br><mark style=\"background-color:rgba(0, 0, 0, 0);color:#dd3333\" class=\"has-inline-color\"><i class=\"fas fa-circle-check\"><\/i><\/mark> Un servizio efficiente non si limita a riparazioni rapide ed economiche. \u00c8 essenziale anche garantire un processo ben coordinato e il rispetto delle tempistiche. Grazie alla nostra gestione del servizio, i nostri clienti vengono informati in ogni fase del processo, dalla ricezione della merce all&#8217;ordine fino alla spedizione.<br><mark style=\"background-color:rgba(0, 0, 0, 0);color:#dd3333\" class=\"has-inline-color\"><i class=\"fas fa-circle-check\"><\/i><\/mark> Gli aggiornamenti firmware per <a href=\"\/prodotti\/millik-termometri-di-precisione\/\">milliK<\/a> \/ <a href=\"\/prodotti\/milliskanner-fino-a-33-canali\/\">millisKanner<\/a> \/ <a href=\"https:\/\/www.klasmeier.com\/product-category\/messgeraete-messbruecken\/\">m<\/a><a href=\"\/product-category\/messgeraete-messbruecken\/\">i<\/a><a href=\"https:\/\/www.klasmeier.com\/product-category\/messgeraete-messbruecken\/\">croK<\/a> \/ <a href=\"\/prodotti\/microskanner\/\">microsKanner<\/a> vengono automaticamente eseguiti dal nostro servizio in caso di riparazione o ricalibrazione, garantendo che i vostri dispositivi siano sempre aggiornati con l&#8217;ultima versione del software.<br><mark style=\"background-color:rgba(0, 0, 0, 0);color:#dd3333\" class=\"has-inline-color\"><i class=\"fas fa-circle-check\"><\/i><\/mark> Se avete bisogno di un&#8217;espansione successiva per le vostre esigenze di calibrazione, possiamo supportarvi con i nostri inserti di calibrazione personalizzati. Questi vengono progettati e realizzati con forature su misura per soddisfare le vostre specifiche esigenze.<\/p> <\/div> ","protected":false},"excerpt":{"rendered":"<p>Servizio &amp; Supporto Assistenza anche dopo l&#8217;acquisto Nel caso in cui un dispositivo si guasti, \u00e8 fondamentale un\u2019assistenza rapida. In qualit\u00e0 di partner di lunga data per la vendita e il servizio di dispositivi ISOTECH e come produttore di prodotti eXacal, siamo in grado di reagire tempestivamente e offrirvi supporto. Per ridurre al minimo i [&hellip;]<\/p>\n","protected":false},"author":4,"featured_media":0,"parent":0,"menu_order":0,"comment_status":"closed","ping_status":"closed","template":"","meta":{"footnotes":""},"class_list":["post-8984","page","type-page","status-publish","hentry"],"_links":{"self":[{"href":"https:\/\/www.klasmeier.com\/it\/wp-json\/wp\/v2\/pages\/8984","targetHints":{"allow":["GET"]}}],"collection":[{"href":"https:\/\/www.klasmeier.com\/it\/wp-json\/wp\/v2\/pages"}],"about":[{"href":"https:\/\/www.klasmeier.com\/it\/wp-json\/wp\/v2\/types\/page"}],"author":[{"embeddable":true,"href":"https:\/\/www.klasmeier.com\/it\/wp-json\/wp\/v2\/users\/4"}],"replies":[{"embeddable":true,"href":"https:\/\/www.klasmeier.com\/it\/wp-json\/wp\/v2\/comments?post=8984"}],"version-history":[{"count":2,"href":"https:\/\/www.klasmeier.com\/it\/wp-json\/wp\/v2\/pages\/8984\/revisions"}],"predecessor-version":[{"id":8988,"href":"https:\/\/www.klasmeier.com\/it\/wp-json\/wp\/v2\/pages\/8984\/revisions\/8988"}],"wp:attachment":[{"href":"https:\/\/www.klasmeier.com\/it\/wp-json\/wp\/v2\/media?parent=8984"}],"curies":[{"name":"wp","href":"https:\/\/api.w.org\/{rel}","templated":true}]}}