{"id":2708,"date":"2024-04-20T16:02:06","date_gmt":"2024-04-20T14:02:06","guid":{"rendered":"https:\/\/www.klasmeier.com\/?page_id=2708"},"modified":"2025-03-28T11:47:19","modified_gmt":"2025-03-28T10:47:19","slug":"messwiderstaende-von-klasmeier","status":"publish","type":"page","link":"https:\/\/www.klasmeier.com\/messwiderstaende-von-klasmeier\/","title":{"rendered":"Messwiderst\u00e4nde von Klasmeier"},"content":{"rendered":"\n<div class=\"wp-block-cover alignfull has-base-2-color has-text-color has-link-color wp-elements-26bcab1187a6fbeedeed01f9ed016b76\"><span aria-hidden=\"true\" class=\"wp-block-cover__background has-contrast-background-color has-background-dim\"><\/span><img loading=\"lazy\" decoding=\"async\" width=\"1600\" height=\"762\" class=\"wp-block-cover__image-background wp-image-2712\" alt=\"\" src=\"https:\/\/www.klasmeier.com\/wp-content\/uploads\/Messwiderstaende-von-Klasmeier.png\" data-object-fit=\"cover\" srcset=\"https:\/\/www.klasmeier.com\/wp-content\/uploads\/Messwiderstaende-von-Klasmeier.png 1600w, https:\/\/www.klasmeier.com\/wp-content\/uploads\/Messwiderstaende-von-Klasmeier-300x143.png 300w, https:\/\/www.klasmeier.com\/wp-content\/uploads\/Messwiderstaende-von-Klasmeier-1024x488.png 1024w, https:\/\/www.klasmeier.com\/wp-content\/uploads\/Messwiderstaende-von-Klasmeier-768x366.png 768w, https:\/\/www.klasmeier.com\/wp-content\/uploads\/Messwiderstaende-von-Klasmeier-1536x732.png 1536w, https:\/\/www.klasmeier.com\/wp-content\/uploads\/Messwiderstaende-von-Klasmeier-600x286.png 600w\" sizes=\"auto, (max-width: 1600px) 100vw, 1600px\" \/><div class=\"wp-block-cover__inner-container is-layout-flow wp-block-cover-is-layout-flow\">\n<h2 class=\"wp-block-heading has-text-align-center hm2\"><strong>Messwiderst\u00e4nde<\/strong><\/h2>\n<\/div><\/div>\n\n\n\n<div class=\"wp-block-group alignfull has-global-padding is-layout-constrained wp-container-core-group-is-layout-7a94f013 wp-block-group-is-layout-constrained\" style=\"padding-top:var(--wp--preset--spacing--30);padding-right:var(--wp--preset--spacing--30);padding-bottom:var(--wp--preset--spacing--30);padding-left:var(--wp--preset--spacing--30)\">\n<figure class=\"wp-block-image aligncenter size-full hvr-grow\"><img loading=\"lazy\" decoding=\"async\" width=\"310\" height=\"89\" src=\"https:\/\/www.klasmeier.com\/wp-content\/uploads\/exacal.png\" alt=\"\" class=\"wp-image-2716\" srcset=\"https:\/\/www.klasmeier.com\/wp-content\/uploads\/exacal.png 310w, https:\/\/www.klasmeier.com\/wp-content\/uploads\/exacal-300x86.png 300w\" sizes=\"auto, (max-width: 310px) 100vw, 310px\" \/><\/figure>\n\n\n\n<h3 class=\"wp-block-heading alignwide has-text-align-center\" style=\"line-height:1.7\"><strong>Messwiderst\u00e4nde von Klasmeier<\/strong><br>Pr\u00e4zision bis ins kleinste Detail<\/h3>\n\n\n\n<p>In der Welt der Thermometrie ist die <strong>Pr\u00e4zision des Messwiderstandes<\/strong> ein <strong>entscheidender Faktor f\u00fcr die Genauigkeit und Zuverl\u00e4ssigkeit<\/strong> eines Thermometers. Als Spezialisten f\u00fcr Pr\u00e4zisionstemperaturmessung geh\u00f6rt unsere Thermometer-Manufaktur zu den wenigen globalen Herstellern, die <strong>Temperatur-Messwiderst\u00e4nde selbst entwickeln und produzieren<\/strong> \u2013 ein Markenzeichen, das uns auszeichnet und unser Streben nach h\u00f6chster Qualit\u00e4t und Ma\u00dfanfertigung unterstreicht.<\/p>\n\n\n\n<p>Die eXacal Messwiderst\u00e4nde repr\u00e4sentieren unsere Expertise und unseren Fokus auf hochpr\u00e4zise Temperaturmessungen, <strong>abgestimmt<\/strong><br><strong>auf die Internationale Temperaturskala von 1990<\/strong> (ITS-90), und losgel\u00f6st von der konventionellen DIN EN 60751 Norm. Mit einem<br><strong>Temperaturbereich von -200 \u00b0C bis 670 \u00b0C<\/strong> decken wir die relevanten Kalibrierbereiche der ITS-90, von den Temperatur-Fixpunkten<br>Argon bis Aluminium, ab.<\/p>\n\n\n\n<div class=\"wp-block-columns alignwide are-vertically-aligned-top is-layout-flex wp-container-core-columns-is-layout-10a0583f wp-block-columns-is-layout-flex\" style=\"margin-top:var(--wp--preset--spacing--40);margin-bottom:var(--wp--preset--spacing--40);padding-top:0;padding-right:0;padding-bottom:var(--wp--preset--spacing--20);padding-left:0\">\n<div class=\"wp-block-column is-vertically-aligned-top hvr-grow is-layout-flow wp-block-column-is-layout-flow\" style=\"padding-top:0;padding-bottom:0\">\n<div class=\"wp-block-group has-accent-background-color has-background is-vertical is-content-justification-center is-layout-flex wp-container-core-group-is-layout-348d87aa wp-block-group-is-layout-flex\" style=\"border-radius:50px;padding-top:var(--wp--preset--spacing--30);padding-right:var(--wp--preset--spacing--30);padding-bottom:var(--wp--preset--spacing--30);padding-left:var(--wp--preset--spacing--30)\">\n<p><mark style=\"background-color:rgba(0, 0, 0, 0);color:#dd3333\" class=\"has-inline-color\"><i class=\"fas fa-check fa-6x\"><\/i><\/mark><\/p>\n\n\n\n<h2 class=\"wp-block-heading has-text-align-center\" style=\"font-size:clamp(0.984rem, 0.984rem + ((1vw - 0.2rem) * 0.86), 1.5rem);\"><strong>Unsere eXacal Messwiderst\u00e4nde<br>stehen f\u00fcr:<\/strong><\/h2>\n\n\n\n<p class=\"has-text-align-left\"><strong><mark style=\"background-color:rgba(0, 0, 0, 0);color:#dd3333\" class=\"has-inline-color\"><i class=\"fas fa-circle-check\"><\/i><\/mark> H\u00f6chste Stabilit\u00e4t<br><mark style=\"background-color:rgba(0, 0, 0, 0);color:#dd3333\" class=\"has-inline-color\"><i class=\"fas fa-circle-check\"><\/i><\/mark> Hervorragende Reproduzierbarkeit<br><mark style=\"background-color:rgba(0, 0, 0, 0);color:#dd3333\" class=\"has-inline-color\"><i class=\"fas fa-circle-check\"><\/i><\/mark> Geringe Eigenerw\u00e4rmung<br><mark style=\"background-color:rgba(0, 0, 0, 0);color:#dd3333\" class=\"has-inline-color\"><i class=\"fas fa-circle-check\"><\/i><\/mark> Kleine Hysterese<br><mark style=\"background-color:rgba(0, 0, 0, 0);color:#dd3333\" class=\"has-inline-color\"><i class=\"fas fa-circle-check\"><\/i><\/mark> Konformit\u00e4t mit den Anforderungen der ITS-90<\/strong><\/p>\n<\/div>\n<\/div>\n\n\n\n<div class=\"wp-block-column is-vertically-aligned-top hvr-grow is-layout-flow wp-block-column-is-layout-flow\" style=\"padding-top:0;padding-bottom:0\">\n<div class=\"wp-block-group has-accent-background-color has-background is-vertical is-content-justification-center is-layout-flex wp-container-core-group-is-layout-348d87aa wp-block-group-is-layout-flex\" style=\"border-radius:50px;padding-top:var(--wp--preset--spacing--30);padding-right:var(--wp--preset--spacing--30);padding-bottom:var(--wp--preset--spacing--30);padding-left:var(--wp--preset--spacing--30)\">\n<p><mark style=\"background-color:rgba(0, 0, 0, 0);color:#dd3333\" class=\"has-inline-color\"><mark style=\"background-color:rgba(0, 0, 0, 0);color:#dd3333\" class=\"has-inline-color\"><mark style=\"background-color:rgba(0, 0, 0, 0);color:#dd3333\" class=\"has-inline-color\"><i class=\"fas fa-temperature-half fa-6x\"><\/i><\/mark><\/mark><\/mark><\/p>\n\n\n\n<h2 class=\"wp-block-heading has-text-align-center\" style=\"font-size:clamp(0.984rem, 0.984rem + ((1vw - 0.2rem) * 0.86), 1.5rem);\"><strong>Messwiderst\u00e4nde und Thermometer-Manufaktur: Eine Symbiose f\u00fcr Pr\u00e4zision<\/strong><\/h2>\n\n\n\n<div class=\"wp-block-group is-vertical is-layout-flex wp-container-core-group-is-layout-67710c2e wp-block-group-is-layout-flex\" style=\"margin-top:0;margin-bottom:0;padding-top:0;padding-bottom:0\">\n<p>Die Verbindung zwischen der Herstellung von Messwiderst\u00e4nden und Thermometern erm\u00f6glicht es uns, ein breites Spektrum an Pr\u00e4zisionsthermometern anzubieten:<br><\/p>\n\n\n\n<p class=\"has-text-align-left\"><strong><mark style=\"background-color:rgba(0, 0, 0, 0);color:#dd3333\" class=\"has-inline-color\"><i class=\"fas fa-circle-check\"><\/i><\/mark> Standard Platin Widerstandsthermometer (SPRT)<br><mark style=\"background-color:rgba(0, 0, 0, 0);color:#dd3333\" class=\"has-inline-color\"><i class=\"fas fa-circle-check\"><\/i><\/mark> Sekund\u00e4r PRT<br><mark style=\"background-color:rgba(0, 0, 0, 0);color:#dd3333\" class=\"has-inline-color\"><i class=\"fas fa-circle-check\"><\/i><\/mark> Industrielle Referenz PRT und RTD<\/strong><\/p>\n<\/div>\n<\/div>\n<\/div>\n<\/div>\n\n\n\n<div class=\"wp-block-group alignwide hvr-grow has-accent-background-color has-background is-vertical is-content-justification-center is-layout-flex wp-container-core-group-is-layout-386451ff wp-block-group-is-layout-flex\" style=\"border-radius:50px;padding-top:var(--wp--preset--spacing--30);padding-right:var(--wp--preset--spacing--30);padding-bottom:var(--wp--preset--spacing--30);padding-left:var(--wp--preset--spacing--30)\">\n<p><\/p>\n\n\n\n<h3 class=\"wp-block-heading alignwide has-text-align-left\">Die Herstellung von Temperatur-Messwiderst\u00e4nden ist ein Kunstwerk f\u00fcr sich\u2026<\/h3>\n\n\n\n<div class=\"wp-block-columns alignwide is-layout-flex wp-container-core-columns-is-layout-63d3099b wp-block-columns-is-layout-flex\" style=\"padding-top:var(--wp--preset--spacing--20);padding-bottom:0\">\n<div class=\"wp-block-column is-layout-flow wp-block-column-is-layout-flow\">\n<p>\u2026ein hochkomplexer, filigraner Vorgang, bei dem hochreiner Platindraht hauchd\u00fcnn unter dem Mikroskop in Handarbeit auf einen Tr\u00e4gerk\u00f6rper, beispielsweise aus Keramik oder Quarz, eingef\u00e4delt wird. Vor dem Einf\u00e4deln muss der Platindraht mithilfe einer speziell konstruierten Wickelmaschine zu einer Spule gewickelt werden.<\/p>\n\n\n\n<p>Diese hochempfindlichen Messwiderst\u00e4nde, die vor Umwelteinfl\u00fcssen gesch\u00fctzt werden m\u00fcssen, werden in unserer Thermometer-Manufaktur konfektioniert und zu Pr\u00e4zisionsthermometern weiterverarbeitet.<\/p>\n\n\n\n<p>Unsere Messwiderst\u00e4nde zeichnen sich besonders durch das Einhalten der Kriterien nach der ITS-90 aus. Das sind die Anforderungen welche ein Thermometer einhalten muss, um nach der ITS-90 als \u201eStandard Platin Widerstandsthermometer (SPRT)\u201c bezeichnet werden zu d\u00fcrfen.<\/p>\n<\/div>\n\n\n\n<div class=\"wp-block-column is-vertically-aligned-center is-layout-flow wp-block-column-is-layout-flow\">\n<figure class=\"wp-block-image size-full has-custom-border\"><img loading=\"lazy\" decoding=\"async\" width=\"600\" height=\"421\" src=\"https:\/\/www.klasmeier.com\/wp-content\/uploads\/eXacal-Messwiderstaende-von-Klasmeier.png\" alt=\"\" class=\"wp-image-2725\" style=\"border-radius:50px\" srcset=\"https:\/\/www.klasmeier.com\/wp-content\/uploads\/eXacal-Messwiderstaende-von-Klasmeier.png 600w, https:\/\/www.klasmeier.com\/wp-content\/uploads\/eXacal-Messwiderstaende-von-Klasmeier-300x211.png 300w\" sizes=\"auto, (max-width: 600px) 100vw, 600px\" \/><\/figure>\n<\/div>\n<\/div>\n\n\n\n<p>Der Temperaturkoeffizient (TK), oder der Alpha-Wert, wird nicht nach DIN EN 60751 betrachtet, sondern als sogenannter W-Wert dargestellt, wobei eXacal Messwiderst\u00e4nde die Anforderung von W-Gallium \u2265 1,11807 erf\u00fcllen.<\/p>\n\n\n\n<p><\/p>\n<\/div>\n\n\n\n<div class=\"wp-block-group has-global-padding is-layout-constrained wp-block-group-is-layout-constrained\" style=\"padding-top:var(--wp--preset--spacing--30);padding-bottom:0\">\n<h3 class=\"wp-block-heading alignwide has-text-align-center\">Vorteile der eXacal Messwiderst\u00e4nde<\/h3>\n\n\n\n<div class=\"wp-block-group alignwide hvr-grow has-accent-background-color has-background is-vertical is-content-justification-stretch is-layout-flex wp-container-core-group-is-layout-b0767e3e wp-block-group-is-layout-flex\" style=\"border-radius:50px;margin-top:var(--wp--preset--spacing--30);margin-bottom:var(--wp--preset--spacing--30);padding-top:var(--wp--preset--spacing--30);padding-right:var(--wp--preset--spacing--30);padding-bottom:var(--wp--preset--spacing--30);padding-left:var(--wp--preset--spacing--30)\">\n<p><\/p>\n\n\n\n<p class=\"has-text-align-center\"><mark style=\"background-color:rgba(0, 0, 0, 0);color:#dd3333\" class=\"has-inline-color\"><i class=\"fas fa-gears fa-6x\"><\/i><\/mark><\/p>\n\n\n\n<h4 class=\"wp-block-heading has-text-align-center\"><strong>Qualit\u00e4t und Kontrolle aus einer Hand<\/strong><\/h4>\n\n\n\n<p class=\"has-text-align-left\"><mark style=\"background-color:rgba(0, 0, 0, 0);color:#dd3333\" class=\"has-inline-color\"><i class=\"fas fa-circle-check\"><\/i><\/mark> Unsere Kunden profitieren von der Kombination aus Thermometer-Manufaktur und dem Herstellen eigener Messwiderst\u00e4nde. Durch die <strong>Kontrolle \u00fcber jeden Aspekt<\/strong> \u2013 vom <strong>Konstruieren <\/strong>bis zum <strong>Fertigen <\/strong>und der abschlie\u00dfenden <strong>DAkkS Kalibrierung<\/strong> (gem\u00e4\u00df DIN EN ISO\/IEC 17025) \u2013 <strong>k\u00f6nnen wir ma\u00dfgeschneiderte L\u00f6sungen bieten und schnell auf Kundenanfragen<br>reagieren.&nbsp;<\/strong><br><mark style=\"background-color:rgba(0, 0, 0, 0);color:#dd3333\" class=\"has-inline-color\"><i class=\"fas fa-circle-check\"><\/i><\/mark> Als Familienunternehmen sind wir <strong>nicht abh\u00e4ngig von \u00e4u\u00dferen Einfl\u00fcssen<\/strong>. Das erm\u00f6glicht uns, <strong>unabh\u00e4ngig zu agieren<\/strong> und uns <strong>voll und ganz auf die Anforderungen und Bed\u00fcrfnisse unserer Kunden zu konzentrieren<\/strong>.<\/p>\n\n\n\n<p><\/p>\n<\/div>\n<\/div>\n<\/div>\n\n\n\n<div class=\"wp-block-group alignfull has-global-padding is-layout-constrained wp-container-core-group-is-layout-0c8379ad wp-block-group-is-layout-constrained\" style=\"margin-top:var(--wp--preset--spacing--30);margin-bottom:var(--wp--preset--spacing--30);padding-top:var(--wp--preset--spacing--20);padding-right:var(--wp--preset--spacing--30);padding-bottom:var(--wp--preset--spacing--20);padding-left:var(--wp--preset--spacing--30)\">\n<h3 class=\"wp-block-heading alignwide has-text-align-center\"><strong>Gemeinsam die richtige L\u00f6sung f\u00fcr Sie finden<\/strong><\/h3>\n\n\n\n<div class=\"wp-block-columns alignwide hvr-grow has-accent-background-color has-background is-layout-flex wp-container-core-columns-is-layout-b6a795d6 wp-block-columns-is-layout-flex\" style=\"border-radius:50px;margin-top:var(--wp--preset--spacing--40);margin-bottom:var(--wp--preset--spacing--40);padding-top:var(--wp--preset--spacing--20);padding-right:var(--wp--preset--spacing--20);padding-bottom:var(--wp--preset--spacing--20);padding-left:var(--wp--preset--spacing--20)\">\n<div class=\"wp-block-column is-layout-flow wp-block-column-is-layout-flow\" style=\"flex-basis:40%\">\n<figure class=\"wp-block-image aligncenter size-full has-custom-border\"><img loading=\"lazy\" decoding=\"async\" width=\"500\" height=\"333\" src=\"https:\/\/www.klasmeier.com\/wp-content\/uploads\/ES.png\" alt=\"\" class=\"wp-image-2653\" style=\"border-radius:50px\" srcset=\"https:\/\/www.klasmeier.com\/wp-content\/uploads\/ES.png 500w, https:\/\/www.klasmeier.com\/wp-content\/uploads\/ES-300x200.png 300w\" sizes=\"auto, (max-width: 500px) 100vw, 500px\" \/><\/figure>\n<\/div>\n\n\n\n<div class=\"wp-block-column is-vertically-aligned-center is-layout-flow wp-block-column-is-layout-flow\" style=\"flex-basis:60%\">\n<h3 class=\"wp-block-heading has-text-align-center\">Sprechen Sie direkt mit unserer Expertin!<\/h3>\n\n\n\n<p class=\"has-text-align-center\"><br><strong>Ihre Ansprechpartnerin f\u00fcr <strong>Messwiderst\u00e4nde<\/strong>: <\/strong><\/p>\n\n\n\n<p class=\"has-text-align-center\"><strong>Elke Seewald<\/strong> <a href=\"https:\/\/www.linkedin.com\/in\/elke-seewald-a436071aa\/\" target=\"_blank\" rel=\"noopener\"><span class=\"wp-rich-text-font-awesome-icon wp-font-awesome-icon\"><svg aria-hidden=\"true\" focusable=\"false\" data-prefix=\"fab\" data-icon=\"linkedin\" class=\"svg-inline--fa fa-linkedin \" role=\"img\" xmlns=\"http:\/\/www.w3.org\/2000\/svg\" viewBox=\"0 0 448 512\"><path fill=\"currentColor\" d=\"M416 32H31.9C14.3 32 0 46.5 0 64.3v383.4C0 465.5 14.3 480 31.9 480H416c17.6 0 32-14.5 32-32.3V64.3c0-17.8-14.4-32.3-32-32.3zM135.4 416H69V202.2h66.5V416zm-33.2-243c-21.3 0-38.5-17.3-38.5-38.5S80.9 96 102.2 96c21.2 0 38.5 17.3 38.5 38.5 0 21.3-17.2 38.5-38.5 38.5zm282.1 243h-66.4V312c0-24.8-.5-56.7-34.5-56.7-34.6 0-39.9 27-39.9 54.9V416h-66.4V202.2h63.7v29.2h.9c8.9-16.8 30.6-34.5 62.9-34.5 67.2 0 79.7 44.3 79.7 101.9V416z\"><\/path><\/svg><\/span><\/a><br><em>Leitung der eXacal Manufaktur von Klasmeier<\/em><\/p>\n\n\n\n<p class=\"has-text-align-center\"><mark style=\"background-color:rgba(0, 0, 0, 0);color:#dd3333\" class=\"has-inline-color\"><i class=\"fas fa-envelope\"><\/i><\/mark> <a href=\"https:\/\/www.klasmeier.com\/unternehmen\/nehmen-sie-kontakt-mit-uns-auf\/\">Jetzt kontaktieren<\/a><\/p>\n<\/div>\n<\/div>\n<\/div>\n","protected":false},"excerpt":{"rendered":"<p>Messwiderst\u00e4nde von KlasmeierPr\u00e4zision bis ins kleinste Detail In der Welt der Thermometrie ist die Pr\u00e4zision des Messwiderstandes ein entscheidender Faktor f\u00fcr die Genauigkeit und Zuverl\u00e4ssigkeit eines Thermometers. Als Spezialisten f\u00fcr Pr\u00e4zisionstemperaturmessung geh\u00f6rt unsere Thermometer-Manufaktur zu den wenigen globalen Herstellern, die Temperatur-Messwiderst\u00e4nde selbst entwickeln und produzieren \u2013 ein Markenzeichen, das uns auszeichnet und unser Streben nach [&hellip;]<\/p>\n","protected":false},"author":4,"featured_media":0,"parent":0,"menu_order":0,"comment_status":"closed","ping_status":"closed","template":"","meta":{"footnotes":""},"class_list":["post-2708","page","type-page","status-publish","hentry"],"_links":{"self":[{"href":"https:\/\/www.klasmeier.com\/it\/wp-json\/wp\/v2\/pages\/2708","targetHints":{"allow":["GET"]}}],"collection":[{"href":"https:\/\/www.klasmeier.com\/it\/wp-json\/wp\/v2\/pages"}],"about":[{"href":"https:\/\/www.klasmeier.com\/it\/wp-json\/wp\/v2\/types\/page"}],"author":[{"embeddable":true,"href":"https:\/\/www.klasmeier.com\/it\/wp-json\/wp\/v2\/users\/4"}],"replies":[{"embeddable":true,"href":"https:\/\/www.klasmeier.com\/it\/wp-json\/wp\/v2\/comments?post=2708"}],"version-history":[{"count":26,"href":"https:\/\/www.klasmeier.com\/it\/wp-json\/wp\/v2\/pages\/2708\/revisions"}],"predecessor-version":[{"id":11486,"href":"https:\/\/www.klasmeier.com\/it\/wp-json\/wp\/v2\/pages\/2708\/revisions\/11486"}],"wp:attachment":[{"href":"https:\/\/www.klasmeier.com\/it\/wp-json\/wp\/v2\/media?parent=2708"}],"curies":[{"name":"wp","href":"https:\/\/api.w.org\/{rel}","templated":true}]}}