{"id":14595,"date":"2024-05-21T16:41:12","date_gmt":"2024-05-21T14:41:12","guid":{"rendered":"https:\/\/www.klasmeier.com\/informativa-sulla-privacy\/"},"modified":"2026-05-12T15:25:19","modified_gmt":"2026-05-12T13:25:19","slug":"informativa-sulla-privacy","status":"publish","type":"page","link":"https:\/\/www.klasmeier.com\/it\/informativa-sulla-privacy\/","title":{"rendered":"Informativa sulla privacy"},"content":{"rendered":"\n<div class=\"wp-block-group alignwide is-vertical is-layout-flex wp-container-core-group-is-layout-ab79abe2 wp-block-group-is-layout-flex\" style=\"padding-top:var(--wp--preset--spacing--30);padding-bottom:var(--wp--preset--spacing--30)\">\n<h2 class=\"wp-block-heading\"><strong>Informativa sulla privacy<\/strong><\/h2>\n\n\n\n<p>I dati personali (di seguito denominati per lo pi\u00f9 solo \u201cdati\u201d) vengono da noi trattati solo nell&#8217;ambito della necessit\u00e0 e al fine di fornire un sito web funzionale e di facile utilizzo, compresi i suoi contenuti e i servizi ivi offerti.<\/p>\n\n\n\n<p>Ai sensi dell&#8217;art. 4 n. 1 del Regolamento (UE) 2016\/679, ovvero il Regolamento Generale sulla Protezione dei Dati (di seguito denominato solo \u201cGDPR\u201d), per \u201ctrattamento\u201d si intende qualsiasi operazione o insieme di operazioni, compiute con o senza l&#8217;ausilio di processi automatizzati e applicate a dati personali, come la raccolta, la registrazione, l&#8217;organizzazione, la strutturazione, la conservazione, l&#8217;adattamento o la modifica, l&#8217;estrazione, la consultazione, l&#8217;uso, la comunicazione mediante trasmissione, diffusione o qualsiasi altra forma di messa a disposizione, il raffronto o l&#8217;interconnessione, la limitazione, la cancellazione o la distruzione.<\/p>\n\n\n\n<p>Con la seguente informativa sulla privacy ti informiamo in particolare sul tipo, l&#8217;ambito, la finalit\u00e0, la durata e la base giuridica del trattamento dei dati personali, nella misura in cui decidiamo le finalit\u00e0 e i mezzi del trattamento da soli o insieme ad altri. Inoltre, ti informiamo di seguito sui componenti di terze parti che utilizziamo a fini di ottimizzazione e per aumentare la qualit\u00e0 dell&#8217;utilizzo, nella misura in cui terzi trattano i dati sotto la propria responsabilit\u00e0. <\/p>\n\n\n\n<p>La nostra informativa sulla privacy \u00e8 strutturata come segue:<\/p>\n\n\n\n<p>I. Informazioni su di noi come titolari del trattamento<br\/>II. Diritti degli utenti e degli interessati<br\/>III. Informazioni sul trattamento dei dati<\/p>\n<\/div>\n\n<div class=\"wp-block-group alignwide is-vertical is-layout-flex wp-container-core-group-is-layout-421549ea wp-block-group-is-layout-flex\" style=\"padding-top:var(--wp--preset--spacing--20);padding-bottom:var(--wp--preset--spacing--20)\">\n<h3 class=\"wp-block-heading\">I. Informazioni su di noi come titolari del trattamento<\/h3>\n\n\n\n<p>Il fornitore responsabile di questo sito web ai sensi della legge sulla protezione dei dati \u00e8:<\/p>\n\n\n\n<p><strong>Klasmeier<\/strong><br\/>Kalibrier- und Messtechnik GmbH<\/p>\n\n\n\n<p><br\/>Flemingstra\u00dfe 12-14 D-36041 Fulda<\/p>\n\n\n\n<p>Amministratore delegato autorizzato a rappresentare la societ\u00e0: Dipl.-Ing. (FH) Thomas Klasmeier<\/p>\n\n\n\n<p>Tribunale del registro: Amtsgericht Fulda<br\/>Numero di registro: 5 HRB 727<br\/>Partita IVA ai sensi del \u00a7 27 a della legge sull&#8217;imposta sul valore aggiunto: DE 112403195<\/p>\n\n\n\n<p>Puoi contattare il responsabile della protezione dei dati presso il fornitore tramite il nostro modulo di contatto: https:\/\/www.klasmeier.com\/unternehmen\/nehmen-sie-kontakt-mit-uns-auf\/<\/p>\n<\/div>\n\n<div class=\"wp-block-group alignwide is-vertical is-layout-flex wp-container-core-group-is-layout-421549ea wp-block-group-is-layout-flex\" style=\"padding-top:var(--wp--preset--spacing--20);padding-bottom:var(--wp--preset--spacing--20)\">\n<h3 class=\"wp-block-heading\">II. Diritti degli utenti e degli interessati<\/h3>\n\n\n\n<p>In considerazione del trattamento dei dati descritto pi\u00f9 dettagliatamente di seguito, gli utenti e gli interessati hanno il diritto<\/p>\n\n\n\n<ul class=\"wp-block-list\">\n<li>di confermare se i dati che li riguardano sono oggetto di trattamento, di accedere ai dati trattati, di ricevere ulteriori informazioni sul trattamento dei dati e di ottenere copie dei dati (cfr. anche art. 15 GDPR);<\/li>\n\n\n\n<li>di rettifica o integrazione di dati inesatti o incompleti (cfr. anche art. 16 GDPR);<\/li>\n\n\n\n<li>alla cancellazione immediata dei dati che li riguardano (cfr. anche art. 17 GDPR) o, in alternativa, qualora sia necessario un ulteriore trattamento ai sensi dell&#8217;art. 17 par. 3 GDPR, alla limitazione del trattamento ai sensi dell&#8217;art. 18 GDPR; <\/li>\n\n\n\n<li>di ricevere i dati che li riguardano e che hanno fornito e di trasmettere tali dati ad altri fornitori\/titolari del trattamento (cfr. anche art. 20 GDPR);<\/li>\n\n\n\n<li>di proporre reclamo all&#8217;autorit\u00e0 di controllo se ritengono che i dati che li riguardano siano trattati dal fornitore in violazione delle disposizioni sulla protezione dei dati (cfr. anche art. 77 GDPR).<\/li>\n<\/ul>\n\n\n\n<p>Inoltre, il fornitore \u00e8 obbligato a informare tutti i destinatari a cui sono stati comunicati i dati dal fornitore stesso di qualsiasi rettifica o cancellazione dei dati o della limitazione del trattamento effettuata ai sensi degli articoli 16, 17 par. 1, 18 GDPR. Tale obbligo non sussiste tuttavia se tale comunicazione risulta impossibile o comporta uno sforzo sproporzionato. Ciononostante, l&#8217;utente ha il diritto di ricevere informazioni su tali destinatari.   <\/p>\n\n\n\n<p><strong>Allo stesso modo, ai sensi dell&#8217;art. 21 GDPR, gli utenti e gli interessati hanno il diritto di opporsi al futuro trattamento dei dati che li riguardano, a condizione che i dati siano trattati dal fornitore ai sensi dell&#8217;art. 6 par. 1 lett. f) GDPR. In particolare, \u00e8 ammissibile l&#8217;opposizione al trattamento dei dati per finalit\u00e0 di marketing diretto.   <\/strong><\/p>\n<\/div>\n\n<div class=\"wp-block-group alignwide is-vertical is-layout-flex wp-container-core-group-is-layout-421549ea wp-block-group-is-layout-flex\" style=\"padding-top:var(--wp--preset--spacing--20);padding-bottom:var(--wp--preset--spacing--20)\">\n<h3 class=\"wp-block-heading\">III. Informazioni sul trattamento dei dati<\/h3>\n\n\n\n<p>I tuoi dati trattati durante l&#8217;utilizzo del nostro sito web saranno cancellati o bloccati non appena verr\u00e0 meno la finalit\u00e0 della conservazione, non vi siano obblighi legali di conservazione che ne impediscano la cancellazione e non vengano fornite di seguito indicazioni diverse sui singoli processi di trattamento.<\/p>\n\n\n\n<div class=\"wp-block-group is-vertical is-layout-flex wp-container-core-group-is-layout-fb00d1fc wp-block-group-is-layout-flex\" style=\"padding-top:var(--wp--preset--spacing--10);padding-bottom:var(--wp--preset--spacing--10)\">\n<h4 class=\"wp-block-heading\"><strong>Dati del server<\/strong><\/h4>\n\n\n\n<p>Per motivi tecnici, in particolare per garantire un sito web sicuro e stabile, i dati vengono trasmessi dal tuo browser internet a noi o al nostro fornitore di spazio web. Con questi cosiddetti file di log del server vengono raccolti, tra l&#8217;altro, il tipo e la versione del tuo browser internet, il sistema operativo, il sito web da cui sei passato al nostro sito (URL referrer), le pagine del nostro sito web che visiti, la data e l&#8217;ora del rispettivo accesso e l&#8217;indirizzo IP della connessione internet da cui avviene l&#8217;utilizzo del nostro sito web. <\/p>\n\n\n\n<p>Questi dati cos\u00ec raccolti vengono memorizzati temporaneamente, ma non insieme ad altri tuoi dati.<\/p>\n\n\n\n<p>Questa conservazione avviene sulla base giuridica dell&#8217;art. 6 par. 1 lett. f) GDPR. Il nostro legittimo interesse risiede nel miglioramento, nella stabilit\u00e0, nella funzionalit\u00e0 e nella sicurezza del nostro sito web.   <\/p>\n\n\n\n<p>I dati vengono cancellati al pi\u00f9 tardi dopo sette giorni, a meno che non sia necessaria un&#8217;ulteriore conservazione a fini probatori. In caso contrario, i dati sono esclusi in tutto o in parte dalla cancellazione fino al chiarimento definitivo di un incidente. <\/p>\n<\/div>\n\n\n\n<div class=\"wp-block-group is-vertical is-layout-flex wp-container-core-group-is-layout-fb00d1fc wp-block-group-is-layout-flex\" style=\"padding-top:var(--wp--preset--spacing--10);padding-bottom:var(--wp--preset--spacing--10)\">\n<h4 class=\"wp-block-heading\"><strong>Cookie<\/strong><\/h4>\n\n\n\n<p><strong>a) Cookie di sessione<\/strong><\/p>\n\n\n\n<p>Sul nostro sito web utilizziamo i cosiddetti cookie. I cookie sono piccoli file di testo o altre tecnologie di archiviazione che vengono depositati e memorizzati sul tuo dispositivo dal browser internet che utilizzi. Attraverso questi cookie vengono elaborate determinate informazioni su di te in misura individuale, come ad esempio i dati del browser o della posizione o il tuo indirizzo IP.  <\/p>\n\n\n\n<p>Grazie a questo trattamento, il nostro sito web diventa pi\u00f9 facile da usare, efficace e sicuro, poich\u00e9 il trattamento consente, ad esempio, la riproduzione del nostro sito web in diverse lingue o l&#8217;offerta di una funzione di carrello. <\/p>\n\n\n\n<p>La base giuridica di questo trattamento \u00e8 l&#8217;art. 6 par. 1 lett. b) GDPR, a condizione che questi cookie trattino dati per l&#8217;avvio o l&#8217;esecuzione del contratto.<\/p>\n\n\n\n<p>Qualora il trattamento non serva all&#8217;avvio o all&#8217;esecuzione del contratto, il nostro legittimo interesse risiede nel miglioramento della funzionalit\u00e0 del nostro sito web. La base giuridica \u00e8 quindi l&#8217;art. 6 par. 1 lett. f) GDPR.   <\/p>\n\n\n\n<p>Questi cookie di sessione vengono cancellati alla chiusura del browser internet.<\/p>\n\n\n\n<p><strong>b) Cookie di terze parti<\/strong><\/p>\n\n\n\n<p>Eventualmente, sul nostro sito web vengono utilizzati anche cookie di aziende partner con cui collaboriamo a fini pubblicitari, di analisi o per le funzionalit\u00e0 del nostro sito web.<\/p>\n\n\n\n<p>Per i dettagli in merito, in particolare per quanto riguarda le finalit\u00e0 e le basi giuridiche del trattamento di tali cookie di terze parti, si prega di fare riferimento alle informazioni seguenti.<\/p>\n\n\n\n<p><strong>c) Possibilit\u00e0 di rimozione<\/strong><\/p>\n\n\n\n<p>Puoi impedire o limitare l&#8217;installazione dei cookie tramite un&#8217;impostazione del tuo browser internet. Puoi anche cancellare in qualsiasi momento i cookie gi\u00e0 memorizzati. I passaggi e le misure necessari a tal fine dipendono tuttavia dal browser internet specifico che utilizzi. In caso di domande, utilizza la funzione di aiuto o la documentazione del tuo browser internet o contatta il produttore o l&#8217;assistenza. Per i cosiddetti Flash cookie, tuttavia, il trattamento non pu\u00f2 essere impedito tramite le impostazioni del browser. Invece, devi modificare l&#8217;impostazione del tuo Flash player. Anche i passaggi e le misure necessari a tal fine dipendono dal Flash player specifico che utilizzi. In caso di domande, utilizza allo stesso modo la funzione di aiuto o la documentazione del tuo Flash player o contatta il produttore o l&#8217;assistenza utenti.       <\/p>\n\n\n\n<p>Se dovessi impedire o limitare l&#8217;installazione dei cookie, ci\u00f2 potrebbe tuttavia comportare l&#8217;impossibilit\u00e0 di utilizzare appieno tutte le funzioni del nostro sito web.<\/p>\n<\/div>\n\n\n\n<div class=\"wp-block-group is-vertical is-layout-flex wp-container-core-group-is-layout-fb00d1fc wp-block-group-is-layout-flex\" style=\"padding-top:var(--wp--preset--spacing--10);padding-bottom:var(--wp--preset--spacing--10)\">\n<h4 class=\"wp-block-heading\"><strong>Esecuzione del contratto<\/strong><\/h4>\n\n\n\n<p>I dati da te trasmessi per usufruire della nostra offerta di beni e\/o servizi vengono da noi trattati ai fini dell&#8217;esecuzione del contratto e sono necessari in tal senso. La conclusione e l&#8217;esecuzione del contratto non sono possibili senza la fornitura dei tuoi dati. <\/p>\n\n\n\n<p>La base giuridica per il trattamento \u00e8 l&#8217;art. 6 par. 1 lett. b) GDPR.  <\/p>\n\n\n\n<p>Cancelliamo i dati al termine dell&#8217;esecuzione del contratto, ma dobbiamo rispettare i periodi di conservazione previsti dalla legge fiscale e commerciale.<\/p>\n\n\n\n<p>Nell&#8217;ambito dell&#8217;esecuzione del contratto, trasmettiamo i tuoi dati alla societ\u00e0 di trasporti incaricata della consegna della merce o al fornitore di servizi finanziari, nella misura in cui la trasmissione sia necessaria per la consegna della merce o per scopi di pagamento.<\/p>\n\n\n\n<p>La base giuridica per la trasmissione dei dati \u00e8 quindi l&#8217;art. 6 par. 1 lett. b) GDPR.  <\/p>\n<\/div>\n\n\n\n<div class=\"wp-block-group is-vertical is-layout-flex wp-container-core-group-is-layout-fb00d1fc wp-block-group-is-layout-flex\" style=\"padding-top:var(--wp--preset--spacing--10);padding-bottom:var(--wp--preset--spacing--10)\">\n<h4 class=\"wp-block-heading\"><strong>Account cliente \/ Funzione di registrazione<\/strong><\/h4>\n\n\n\n<p>Se crei un account cliente con noi tramite il nostro sito web, raccoglieremo e memorizzeremo i dati inseriti durante la registrazione (quindi, ad esempio, il tuo nome, il tuo indirizzo o il tuo indirizzo e-mail) esclusivamente per servizi precontrattuali, per l&#8217;adempimento del contratto o ai fini dell&#8217;assistenza clienti (ad esempio per fornirti una panoramica dei tuoi ordini precedenti con noi o per poterti offrire la cosiddetta funzione lista desideri). Allo stesso tempo, memorizziamo l&#8217;indirizzo IP e la data della tua registrazione insieme all&#8217;ora. Naturalmente non avviene alcuna trasmissione di questi dati a terzi.  <\/p>\n\n\n\n<p>Nell&#8217;ambito dell&#8217;ulteriore processo di registrazione, viene richiesto il tuo consenso a questo trattamento e si rimanda a questa informativa sulla privacy. I dati da noi raccolti in questo contesto vengono utilizzati esclusivamente per la messa a disposizione dell&#8217;account cliente. <\/p>\n\n\n\n<p>Nella misura in cui acconsenti a questo trattamento, l&#8217;art. 6 par. 1 lett. a) GDPR \u00e8 la base giuridica per il trattamento.  <\/p>\n\n\n\n<p>Qualora l&#8217;apertura dell&#8217;account cliente serva anche a misure precontrattuali o all&#8217;adempimento del contratto, la base giuridica per questo trattamento \u00e8 anche l&#8217;art. 6 par. 1 lett. b) GDPR.  <\/p>\n\n\n\n<p>Puoi revocare il consenso fornitoci per l&#8217;apertura e il mantenimento dell&#8217;account cliente in qualsiasi momento con effetto per il futuro ai sensi dell&#8217;art. 7 par. 3 GDPR. A tal fine, devi solo informarci della tua revoca.  <\/p>\n\n\n\n<p>I dati raccolti in questo senso vengono cancellati non appena il trattamento non \u00e8 pi\u00f9 necessario. In questo caso, dobbiamo tuttavia rispettare i periodi di conservazione previsti dalla legge fiscale e commerciale. <\/p>\n<\/div>\n\n\n\n<div class=\"wp-block-group is-vertical is-layout-flex wp-container-core-group-is-layout-fb00d1fc wp-block-group-is-layout-flex\" style=\"padding-top:var(--wp--preset--spacing--10);padding-bottom:var(--wp--preset--spacing--10)\">\n<h4 class=\"wp-block-heading\"><strong>Newsletter<\/strong><\/h4>\n\n\n\n<p>Se ti iscrivi alla nostra newsletter gratuita, i dati richiesti a tal fine, ovvero il tuo indirizzo e-mail e \u2013 facoltativamente \u2013 il tuo nome e il tuo indirizzo, ci verranno trasmessi. Allo stesso tempo, memorizziamo l&#8217;indirizzo IP della connessione internet da cui accedi al nostro sito web, nonch\u00e9 la data e l&#8217;ora della tua registrazione. Nell&#8217;ambito dell&#8217;ulteriore processo di registrazione, richiederemo il tuo consenso all&#8217;invio della newsletter, ne descriveremo specificamente il contenuto e rimanderemo a questa informativa sulla privacy. Utilizziamo i dati raccolti esclusivamente per l&#8217;invio della newsletter \u2013 pertanto non vengono trasmessi a terzi.   <\/p>\n\n\n\n<p>La base giuridica in questo caso \u00e8 l&#8217;art. 6 par. 1 lett. a) GDPR.  <\/p>\n\n\n\n<p>Puoi revocare il consenso all&#8217;invio della newsletter in qualsiasi momento con effetto per il futuro ai sensi dell&#8217;art. 7 par. 3 GDPR. A tal fine, devi solo informarci della tua revoca o cliccare sul link di disiscrizione contenuto in ogni newsletter.  <\/p>\n<\/div>\n\n\n\n<div class=\"wp-block-group is-vertical is-layout-flex wp-container-core-group-is-layout-fb00d1fc wp-block-group-is-layout-flex\" style=\"padding-top:var(--wp--preset--spacing--10);padding-bottom:var(--wp--preset--spacing--10)\">\n<h4 class=\"wp-block-heading\"><strong>Richieste di contatto \/ Possibilit\u00e0 di contatto<\/strong><\/h4>\n\n\n\n<p>Se ci contatti tramite il modulo di contatto o via e-mail, i dati da te forniti verranno utilizzati per elaborare la tua richiesta. La fornitura dei dati \u00e8 necessaria per elaborare e rispondere alla tua richiesta \u2013 senza la loro fornitura non possiamo rispondere alla tua richiesta o possiamo farlo solo in misura limitata. <\/p>\n\n\n\n<p>La base giuridica per questo trattamento \u00e8 l&#8217;art. 6 par. 1 lett. b) GDPR.  <\/p>\n\n\n\n<p>I tuoi dati verranno cancellati se \u00e8 stata data una risposta definitiva alla tua richiesta e non vi sono obblighi legali di conservazione che ne impediscano la cancellazione, come ad esempio in caso di un&#8217;eventuale successiva esecuzione del contratto. <\/p>\n<\/div>\n\n\n\n<div class=\"wp-block-group is-vertical is-layout-flex wp-container-core-group-is-layout-fb00d1fc wp-block-group-is-layout-flex\" style=\"padding-top:var(--wp--preset--spacing--10);padding-bottom:var(--wp--preset--spacing--10)\">\n<h4 class=\"wp-block-heading\"><strong>YouTube<\/strong><\/h4>\n\n\n\n<p>Manteniamo una presenza online su YouTube per presentare la nostra azienda e i nostri servizi e per comunicare con clienti\/interessati. YouTube \u00e8 un servizio di Google Ireland Limited, Gordon House, Barrow Street, Dublino 4, Irlanda, una filiale di Google LLC, 1600 Amphitheatre Parkway, Mountain View, CA 94043 USA. <\/p>\n\n\n\n<p>A tal proposito, facciamo presente che esiste la possibilit\u00e0 che i dati degli utenti vengano trattati al di fuori dell&#8217;Unione Europea, in particolare negli USA. Ci\u00f2 pu\u00f2 comportare maggiori rischi per gli utenti, in quanto, ad esempio, l&#8217;accesso successivo ai dati degli utenti pu\u00f2 essere reso pi\u00f9 difficile. Inoltre, non abbiamo accesso a questi dati degli utenti. La possibilit\u00e0 di accesso spetta esclusivamente a YouTube. Google LLC \u00e8 certificata ai sensi del Privacy Shield e si \u00e8 quindi impegnata a rispettare gli standard europei sulla protezione dei dati:    <\/p>\n\n\n\n<p><a href=\"https:\/\/www.privacyshield.gov\/participant?id=a2zt000000001L5AAI&amp;status=Active\" target=\"_blank\" rel=\"noopener\">https:\/\/www.privacyshield.gov\/participant?id=a2zt000000001L5AAI&amp;status=Active<\/a><\/p>\n\n\n\n<p>Puoi trovare l&#8217;informativa sulla privacy di YouTube all&#8217;indirizzo:<\/p>\n\n\n\n<p><a href=\"https:\/\/policies.google.com\/privacy\" target=\"_blank\" rel=\"noopener\">https:\/\/policies.google.com\/privacy<\/a><\/p>\n<\/div>\n\n\n\n<div class=\"wp-block-group is-vertical is-layout-flex wp-container-core-group-is-layout-fb00d1fc wp-block-group-is-layout-flex\" style=\"padding-top:var(--wp--preset--spacing--10);padding-bottom:var(--wp--preset--spacing--10)\">\n<h4 class=\"wp-block-heading\"><strong>Google Maps<\/strong><\/h4>\n\n\n\n<p>Nel nostro sito web utilizziamo Google Maps per visualizzare la nostra posizione e per creare indicazioni stradali. Si tratta di un servizio di Google LLC, 1600 Amphitheatre Parkway, Mountain View, CA 94043 USA, di seguito denominato solo \u201cGoogle\u201d. <\/p>\n\n\n\n<p>Attraverso la certificazione secondo lo scudo UE-USA per la privacy (\u201cEU-US Privacy Shield\u201d)<\/p>\n\n\n\n<p><a href=\"https:\/\/www.privacyshield.gov\/participant?id=a2zt000000001L5AAI&amp;status=Active\" target=\"_blank\" rel=\"noopener\">https:\/\/www.privacyshield.gov\/participant?id=a2zt000000001L5AAI&amp;status=Active<\/a><\/p>\n\n\n\n<p>Google garantisce che le prescrizioni dell&#8217;UE sulla protezione dei dati vengano rispettate anche nel trattamento dei dati negli USA.<\/p>\n\n\n\n<p>Per consentire la visualizzazione di determinati caratteri nel nostro sito web, all&#8217;apertura del nostro sito viene stabilita una connessione al server di Google negli USA.<\/p>\n\n\n\n<p>Se richiami il componente Google Maps integrato nel nostro sito web, Google memorizza un cookie sul tuo dispositivo tramite il tuo browser internet. Per visualizzare la nostra posizione e creare indicazioni stradali, vengono elaborati i tuoi dati e le tue impostazioni utente. In questo contesto, non possiamo escludere che Google utilizzi server negli USA.  <\/p>\n\n\n\n<p>La base giuridica \u00e8 l&#8217;art. 6 par. 1 lett. f) GDPR. Il nostro legittimo interesse risiede nell&#8217;ottimizzazione della funzionalit\u00e0 del nostro sito web.   <\/p>\n\n\n\n<p>Attraverso la connessione cos\u00ec stabilita con Google, Google pu\u00f2 determinare da quale sito web \u00e8 stata inviata la tua richiesta e a quale indirizzo IP devono essere trasmesse le indicazioni stradali.<\/p>\n\n\n\n<p>Se non sei d&#8217;accordo con questo trattamento, hai la possibilit\u00e0 di impedire l&#8217;installazione dei cookie tramite le corrispondenti impostazioni nel tuo browser internet. I dettagli in merito si trovano sopra al punto \u201cCookie\u201d. <\/p>\n\n\n\n<p>Inoltre, l&#8217;utilizzo di Google Maps e delle informazioni ottenute tramite Google Maps avviene secondo i <a href=\"http:\/\/www.google.de\/accounts\/TOS\" target=\"_blank\" rel=\"noreferrer noopener\">Termini di servizio di Google<\/a> <a href=\"https:\/\/policies.google.com\/terms?gl=DE&amp;hl=de\" target=\"_blank\" rel=\"noreferrer noopener\">https:\/\/policies.google.com\/terms?gl=DE&amp;hl=it<\/a> e i <a href=\"http:\/\/www.google.com\/intl\/de_de\/help\/terms_maps.html\" target=\"_blank\" rel=\"noreferrer noopener\">Termini e condizioni aggiuntivi di Google Maps<\/a> <a href=\"https:\/\/www.google.com\/intl\/de_de\/help\/terms_maps.html\" target=\"_blank\" rel=\"noopener\">https:\/\/www.google.com\/intl\/it_it\/help\/terms_maps.html<\/a>.<\/p>\n\n\n\n<p>Inoltre, Google offre all&#8217;indirizzo:<\/p>\n\n\n\n<p><a href=\"https:\/\/adssettings.google.com\/authenticated\" target=\"_blank\" rel=\"noopener\">https:\/\/adssettings.google.com\/authenticated<\/a><\/p>\n\n\n\n<p><a href=\"https:\/\/policies.google.com\/privacy\" target=\"_blank\" rel=\"noopener\">https:\/\/policies.google.com\/privacy<\/a><\/p>\n\n\n\n<p>ulteriori informazioni.<\/p>\n<\/div>\n\n\n\n<p><a href=\"https:\/\/www.ratgeberrecht.eu\/leistungen\/muster-datenschutzerklaerung.html\" target=\"_blank\" rel=\"noreferrer noopener\">Modello di informativa sulla privacy<\/a> dello <a href=\"https:\/\/www.ratgeberrecht.eu\/\" target=\"_blank\" rel=\"noreferrer noopener\">Studio Legale Wei\u00df &amp; Partner<\/a><\/p>\n<\/div>\n","protected":false},"excerpt":{"rendered":"<p>Informativa sulla privacy I dati personali (di seguito denominati per lo pi\u00f9 solo \u201cdati\u201d) vengono da noi trattati solo nell&#8217;ambito della necessit\u00e0 e al fine di fornire un sito web funzionale e di facile utilizzo, compresi i suoi contenuti e i servizi ivi offerti. Ai sensi dell&#8217;art. 4 n. 1 del Regolamento (UE) 2016\/679, ovvero [&hellip;]<\/p>\n","protected":false},"author":4,"featured_media":0,"parent":0,"menu_order":0,"comment_status":"closed","ping_status":"closed","template":"","meta":{"footnotes":""},"class_list":["post-14595","page","type-page","status-publish","hentry"],"_links":{"self":[{"href":"https:\/\/www.klasmeier.com\/it\/wp-json\/wp\/v2\/pages\/14595","targetHints":{"allow":["GET"]}}],"collection":[{"href":"https:\/\/www.klasmeier.com\/it\/wp-json\/wp\/v2\/pages"}],"about":[{"href":"https:\/\/www.klasmeier.com\/it\/wp-json\/wp\/v2\/types\/page"}],"author":[{"embeddable":true,"href":"https:\/\/www.klasmeier.com\/it\/wp-json\/wp\/v2\/users\/4"}],"replies":[{"embeddable":true,"href":"https:\/\/www.klasmeier.com\/it\/wp-json\/wp\/v2\/comments?post=14595"}],"version-history":[{"count":1,"href":"https:\/\/www.klasmeier.com\/it\/wp-json\/wp\/v2\/pages\/14595\/revisions"}],"predecessor-version":[{"id":14597,"href":"https:\/\/www.klasmeier.com\/it\/wp-json\/wp\/v2\/pages\/14595\/revisions\/14597"}],"wp:attachment":[{"href":"https:\/\/www.klasmeier.com\/it\/wp-json\/wp\/v2\/media?parent=14595"}],"curies":[{"name":"wp","href":"https:\/\/api.w.org\/{rel}","templated":true}]}}