{"id":8405,"date":"2024-02-29T17:17:11","date_gmt":"2024-02-29T16:17:11","guid":{"rendered":"https:\/\/www.klasmeier.com\/?post_type=product&#038;p=8405"},"modified":"2025-12-03T11:42:12","modified_gmt":"2025-12-03T10:42:12","slug":"thermometre-de-precision-pour-basse-temperature-pt100-modele-l-200-c-a-250-c","status":"publish","type":"product","link":"https:\/\/www.klasmeier.com\/fr\/produkt\/thermometre-de-precision-pour-basse-temperature-pt100-modele-l-200-c-a-250-c\/","title":{"rendered":"Thermom\u00e8tre de pr\u00e9cision pour basse temp\u00e9rature Pt100 Mod\u00e8le L (-200 \u00b0C \u00e0 250 \u00b0C)"},"content":{"rendered":"\n<div class=\"wp-block-group has-global-padding is-layout-constrained wp-container-core-group-is-layout-530ec779 wp-block-group-is-layout-constrained\">\n<figure class=\"wp-block-image aligncenter size-full\"><img loading=\"lazy\" decoding=\"async\" width=\"310\" height=\"89\" src=\"https:\/\/www.klasmeier.com\/wp-content\/uploads\/exacal.png\" alt=\"\" class=\"wp-image-8297\" srcset=\"https:\/\/www.klasmeier.com\/wp-content\/uploads\/exacal.png 310w, https:\/\/www.klasmeier.com\/wp-content\/uploads\/exacal-300x86.png 300w\" sizes=\"auto, (max-width: 310px) 100vw, 310px\" \/><\/figure>\n\n\n\n<div class=\"wp-block-columns is-layout-flex wp-container-core-columns-is-layout-28f84493 wp-block-columns-is-layout-flex\">\n<div class=\"wp-block-column is-layout-flow wp-block-column-is-layout-flow\" style=\"flex-basis:66.66%\">\n<p>Les thermom\u00e8tres de pr\u00e9cision eXacal sont utilis\u00e9s pour des <strong>mesures de temp\u00e9rature pr\u00e9cises<\/strong> ou comme <strong>\u00e9talons d\u2019\u00e9talonnage<\/strong>.<\/p>\n\n\n\n<div class=\"wp-block-group is-vertical is-layout-flex wp-container-core-group-is-layout-893838bc wp-block-group-is-layout-flex\" style=\"padding-top:var(--wp--preset--spacing--10);padding-bottom:var(--wp--preset--spacing--10)\">\n<p><mark style=\"background-color:rgba(0, 0, 0, 0)\" class=\"has-inline-color has-accent-3-color\"><i class=\"fas fa-circle-check\"><\/i><\/mark> <strong>NOUVEAU design : poign\u00e9e \u00e9tanche au gaz avec remplissage de gaz inerte<\/strong><\/p>\n\n\n\n<p><mark style=\"background-color:rgba(0, 0, 0, 0)\" class=\"has-inline-color has-accent-3-color\"><i class=\"fas fa-circle-check\"><\/i><\/mark> Plage de temp\u00e9rature : <strong>-200 \u00b0C \u00e0 250 \u00b0C<\/strong><\/p>\n\n\n\n<p><mark style=\"background-color:rgba(0, 0, 0, 0)\" class=\"has-inline-color has-accent-3-color\"><i class=\"fas fa-circle-check\"><\/i><\/mark> Faibles incertitudes de mesure : <strong>11 mK \u00e0 13 mK<\/strong><\/p>\n\n\n\n<p><mark style=\"background-color:rgba(0, 0, 0, 0)\" class=\"has-inline-color has-accent-3-color\"><i class=\"fas fa-circle-check\"><\/i><\/mark> Alternative robuste aux thermom\u00e8tres standard ITS-90<\/p>\n\n\n\n<p><mark style=\"background-color:rgba(0, 0, 0, 0)\" class=\"has-inline-color has-accent-3-color\"><i class=\"fas fa-circle-check\"><\/i><\/mark> Grande stabilit\u00e9 et excellente capacit\u00e9 d\u2019\u00e9talonnage<\/p>\n\n\n\n<p><mark style=\"background-color:rgba(0, 0, 0, 0)\" class=\"has-inline-color has-accent-3-color\"><i class=\"fas fa-circle-check\"><\/i><\/mark> <strong>Faible hyst\u00e9r\u00e9sis et d\u00e9rive gr\u00e2ce au gaz inerte<\/strong><\/p>\n<\/div>\n<\/div>\n\n\n\n<div class=\"wp-block-column is-layout-flow wp-block-column-is-layout-flow\" style=\"flex-basis:33.33%\">\n<figure class=\"wp-block-image size-medium\"><img loading=\"lazy\" decoding=\"async\" width=\"300\" height=\"300\" src=\"https:\/\/www.klasmeier.com\/wp-content\/uploads\/klasmeier_EU_Precision_Thermometry_transparent-300x300.webp\" alt=\"\" class=\"wp-image-13161\" srcset=\"https:\/\/www.klasmeier.com\/wp-content\/uploads\/klasmeier_EU_Precision_Thermometry_transparent-300x300.webp 300w, https:\/\/www.klasmeier.com\/wp-content\/uploads\/klasmeier_EU_Precision_Thermometry_transparent-150x150.webp 150w, https:\/\/www.klasmeier.com\/wp-content\/uploads\/klasmeier_EU_Precision_Thermometry_transparent-768x768.webp 768w, https:\/\/www.klasmeier.com\/wp-content\/uploads\/klasmeier_EU_Precision_Thermometry_transparent-600x600.webp 600w, https:\/\/www.klasmeier.com\/wp-content\/uploads\/klasmeier_EU_Precision_Thermometry_transparent-100x100.webp 100w, https:\/\/www.klasmeier.com\/wp-content\/uploads\/klasmeier_EU_Precision_Thermometry_transparent.webp 1024w\" sizes=\"auto, (max-width: 300px) 100vw, 300px\" \/><\/figure>\n<\/div>\n<\/div>\n\n\n\n<div class=\"wp-block-group has-global-padding is-layout-constrained wp-container-core-group-is-layout-530ec779 wp-block-group-is-layout-constrained\">\n<h3 class=\"wp-block-heading\">\u00c9talonnage<\/h3>\n\n\n\n<p>Les thermom\u00e8tres eXacal sont \u00e9talonn\u00e9s dans notre propre <a href=\"https:\/\/www.klasmeier.com\/fr\/entreprise\/portrait-de-lentreprise\/kalibrierdienst-klasmeier\/\">laboratoire d\u2019\u00e9talonnage DAkkS<\/a>. L\u2019accr\u00e9ditation DAkkS garantit que tous les \u00e9talonnages sont tra\u00e7ables aux normes nationales et internationales.<\/p>\n\n\n\n<p>Les thermom\u00e8tres de pr\u00e9cision sont con\u00e7us pour \u00eatre \u00e9talonn\u00e9s \u00e0 des points fixes de temp\u00e9rature jusqu\u2019au point triple de l\u2019argon. L\u2019\u00e9talonnage peut \u00e9galement \u00eatre r\u00e9alis\u00e9 par la m\u00e9thode de comparaison. De faibles incertitudes de mesure sont obtenues avec les points fixes de temp\u00e9rature utilis\u00e9s. Un \u00e9talonnage par comparaison est effectu\u00e9 avec des thermom\u00e8tres standard ITS-90 en tant qu\u2019\u00e9talons de r\u00e9f\u00e9rence dans des bains et fours d\u2019\u00e9talonnage. L\u2019incertitude de mesure est calcul\u00e9e \u00e0 partir de plusieurs composantes, les plus influentes \u00e9tant <strong>la reproductibilit\u00e9, la caract\u00e9ristique ITS-90, l\u2019auto-\u00e9chauffement et l\u2019hyst\u00e9r\u00e9sis<\/strong>.<\/p>\n\n\n\n<div class=\"wp-block-buttons is-content-justification-center is-layout-flex wp-container-core-buttons-is-layout-e511ce0b wp-block-buttons-is-layout-flex\" style=\"margin-top:var(--wp--preset--spacing--30);margin-bottom:var(--wp--preset--spacing--30)\">\n<div class=\"wp-block-button hvr-shrink\"><a class=\"wp-block-button__link wp-element-button\" href=\"\/fr\/kalibrierdienst-klasmeier\/kalibrierung-von-widerstandsthermometern\/\">\u00c9talonnage des thermom\u00e8tres \u00e0 r\u00e9sistance<\/a><\/div>\n<\/div>\n<\/div>\n\n\n\n<div class=\"wp-block-group has-global-padding is-layout-constrained wp-container-core-group-is-layout-530ec779 wp-block-group-is-layout-constrained\">\n<h3 class=\"wp-block-heading\">Incertitudes de mesure<\/h3>\n\n\n\n<div class=\"wp-block-group is-vertical is-layout-flex wp-container-core-group-is-layout-893838bc wp-block-group-is-layout-flex\" style=\"padding-top:var(--wp--preset--spacing--10);padding-bottom:var(--wp--preset--spacing--10)\">\n<p><mark style=\"background-color:rgba(0, 0, 0, 0)\" class=\"has-inline-color has-accent-3-color\"><i class=\"fas fa-circle-check\"><\/i><\/mark> <strong>Faibles incertitudes de mesure avec certificat d\u2019\u00e9talonnage DAkkS<\/strong><\/p>\n\n\n\n<p><mark style=\"background-color:rgba(0, 0, 0, 0)\" class=\"has-inline-color has-accent-3-color\"><i class=\"fas fa-circle-check\"><\/i><\/mark> <strong>Points fixes de temp\u00e9rature du point triple de l\u2019argon -189,3442 \u00b0C au point de fusion de l\u2019\u00e9tain 231,928 \u00b0C<\/strong><\/p>\n\n\n\n<p><mark style=\"background-color:rgba(0, 0, 0, 0)\" class=\"has-inline-color has-accent-3-color\"><i class=\"fas fa-circle-check\"><\/i><\/mark> <strong>Thermom\u00e8tre standard ITS-90 lors de l\u2019\u00e9talonnage par comparaison<\/strong><\/p>\n<\/div>\n\n\n\n<figure class=\"wp-block-image alignwide size-full has-custom-border\"><img loading=\"lazy\" decoding=\"async\" width=\"1009\" height=\"563\" src=\"https:\/\/www.klasmeier.com\/wp-content\/uploads\/pt100-model-L.png\" alt=\"\" class=\"wp-image-6021\" style=\"border-radius:50px\" srcset=\"https:\/\/www.klasmeier.com\/wp-content\/uploads\/pt100-model-L.png 1009w, https:\/\/www.klasmeier.com\/wp-content\/uploads\/pt100-model-L-300x167.png 300w, https:\/\/www.klasmeier.com\/wp-content\/uploads\/pt100-model-L-768x429.png 768w, https:\/\/www.klasmeier.com\/wp-content\/uploads\/pt100-model-L-600x335.png 600w\" sizes=\"auto, (max-width: 1009px) 100vw, 1009px\" \/><\/figure>\n<\/div>\n<\/div>\n","protected":false},"excerpt":{"rendered":"<p>Fabricant : Klasmeier \/ eXacal mod\u00e8le : Pt100L<\/p>\n","protected":false},"featured_media":11066,"template":"","meta":[],"product_brand":[],"product_cat":[],"product_tag":[],"class_list":{"0":"post-8405","1":"product","2":"type-product","3":"status-publish","4":"has-post-thumbnail","7":"first","8":"instock","9":"shipping-taxable","10":"purchasable","11":"product-type-variable"},"_links":{"self":[{"href":"https:\/\/www.klasmeier.com\/fr\/wp-json\/wp\/v2\/product\/8405","targetHints":{"allow":["GET"]}}],"collection":[{"href":"https:\/\/www.klasmeier.com\/fr\/wp-json\/wp\/v2\/product"}],"about":[{"href":"https:\/\/www.klasmeier.com\/fr\/wp-json\/wp\/v2\/types\/product"}],"wp:featuredmedia":[{"embeddable":true,"href":"https:\/\/www.klasmeier.com\/fr\/wp-json\/wp\/v2\/media\/11066"}],"wp:attachment":[{"href":"https:\/\/www.klasmeier.com\/fr\/wp-json\/wp\/v2\/media?parent=8405"}],"wp:term":[{"taxonomy":"product_brand","embeddable":true,"href":"https:\/\/www.klasmeier.com\/fr\/wp-json\/wp\/v2\/product_brand?post=8405"},{"taxonomy":"product_cat","embeddable":true,"href":"https:\/\/www.klasmeier.com\/fr\/wp-json\/wp\/v2\/product_cat?post=8405"},{"taxonomy":"product_tag","embeddable":true,"href":"https:\/\/www.klasmeier.com\/fr\/wp-json\/wp\/v2\/product_tag?post=8405"}],"curies":[{"name":"wp","href":"https:\/\/api.w.org\/{rel}","templated":true}]}}